{"id":91074,"date":"2025-12-08T22:54:36","date_gmt":"2025-12-08T14:54:36","guid":{"rendered":"https:\/\/aiviouvapes.com\/?post_type=product&#038;p=91074"},"modified":"2026-03-17T10:09:31","modified_gmt":"2026-03-17T02:09:31","slug":"bang-legend-110k","status":"publish","type":"product","link":"https:\/\/aiviouvapes.com\/cs\/product\/bang-legend-110k\/","title":{"rendered":"Bang Legend 110K | 110000 \u0161luk\u016f, 56ml, 3 v 1, ultra dlouh\u00e1 s\u00ed\u0165ov\u00e1 c\u00edvka, jednor\u00e1zov\u00fd vape"},"content":{"rendered":"<p><!-- \ud83d\ude80 Product Title --><\/p>\n<p><!-- \u2b50 Short Description --><\/p>\n<p><!-- \ud83d\udcd8 Long Description --><\/p>\n<h2>Bang Legend 110000 pot\u00e1hnut\u00ed 3 v 1 Vape \u2013 Nov\u00e1 definice v\u00fdkonu, chuti a v\u00fddr\u017ee \u26a1<\/h2>\n<p>Vstupte do nov\u00e9 generace vysokokapacitn\u00edho vapov\u00e1n\u00ed s <strong>Bang Legend 110000 pot\u00e1hnut\u00ed 3 v 1 Vape<\/strong> \u2014 za\u0159\u00edzen\u00ed vytvo\u0159en\u00e9 pro u\u017eivatele, kte\u0159\u00ed necht\u011bj\u00ed d\u011blat kompromisy. S masivn\u00edm <strong>\u017divotnost 110 000 pot\u00e1hnut\u00ed<\/strong>, D\u00edky syst\u00e9mu t\u0159\u00ed p\u0159\u00edchut\u00ed a hladk\u00e9mu v\u00fdkonu s\u00ed\u0165ov\u00e9 c\u00edvky v\u00e1m tato p\u0159edprodejn\u00ed edice nab\u00edz\u00ed v\u00fdkon, chu\u0165 a pohodl\u00ed v jednom elegantn\u00edm za\u0159\u00edzen\u00ed.<\/p>\n<p>Jeho \u00fa\u010dinnost <strong>Dob\u00edjec\u00ed baterie s kapacitou 600 mAh<\/strong>, <strong>Rychl\u00e9 nab\u00edjen\u00ed typu C<\/strong>a <strong>C\u00edvka s oky 1,0\u03a9<\/strong> zaji\u0161\u0165uj\u00ed v\u00fdraznou chu\u0165, konzistentn\u00ed p\u00e1ru a dlouhou \u017eivotnost \u2013 ide\u00e1ln\u00ed jak pro maloobchodn\u00ed z\u00e1kazn\u00edky, tak pro velkoobchodn\u00ed distributory.<\/p>\n<p><!-- \u2b50 Why Choose Section --><\/p>\n<h2>Pro\u010d si vybrat Bang Legend 110000 Puffs? \ud83d\udca1<\/h2>\n<ul>\n<li>\ud83d\udd25 <strong>\u0160\u00edlen\u00e1 \u017eivotnost 110 000 pot\u00e1hnut\u00ed<\/strong> \u2014 vydr\u017e\u00ed t\u00fddny nebo dokonce m\u011bs\u00edce v z\u00e1vislosti na pou\u017eit\u00ed<\/li>\n<li>\ud83c\udfaf <strong>Re\u017eim trojit\u00e9 chuti 3 v 1<\/strong> \u2014 okam\u017eit\u011b p\u0159ep\u00ednejte mezi t\u0159emi lahodn\u00fdmi p\u0159\u00edchut\u011bmi<\/li>\n<li>\ud83d\udca8 <strong>1,0\u03a9 s\u00ed\u0165ov\u00e1 c\u00edvka<\/strong> \u2014 jemn\u011bj\u0161\u00ed p\u00e1ra, bohat\u0161\u00ed chu\u0165 a lep\u0161\u00ed proud\u011bn\u00ed vzduchu<\/li>\n<li>\ud83d\udd0b <strong>600mAh dob\u00edjec\u00ed baterie<\/strong> \u2014 optimalizovan\u00e1 energetick\u00e1 \u00fa\u010dinnost<\/li>\n<li>\u26a1 <strong>Rychl\u00e9 nab\u00edjen\u00ed typu C<\/strong> \u2014 rychle dobijte a vra\u0165te se k vapov\u00e1n\u00ed<\/li>\n<li>\ud83c\udf08 <strong>12 pe\u010dliv\u011b vybran\u00fdch trojic p\u0159\u00edchut\u00ed<\/strong> pro za\u010d\u00e1te\u010dn\u00edky i znalce chut\u00ed<\/li>\n<li>\ud83e\uddea <strong>V\u00edce mo\u017enost\u00ed nikotinu<\/strong>: 0%, 2%, 3%, 5%<\/li>\n<li>\ud83d\udce6 <strong>Ide\u00e1ln\u00ed pro velkoobchod<\/strong> \u2014 vysok\u00e1 popt\u00e1vka, za\u0159\u00edzen\u00ed s dlouhou \u017eivotnost\u00ed, ide\u00e1ln\u00ed pro obchody s elektronick\u00fdmi cigaretami<\/li>\n<\/ul>\n<p><!-- \ud83d\udd27 Specifications --><\/p>\n<h2>Bang Legend 110K Specifikace \ud83d\udcca<\/h2>\n<table>\n<tbody>\n<tr>\n<td>Po\u010det puf\u016f<\/td>\n<td>110 000 pot\u00e1hnut\u00ed<\/td>\n<\/tr>\n<tr>\n<td>Syst\u00e9m p\u0159\u00edchut\u00ed<\/td>\n<td>3 v 1 trojit\u00fd p\u0159ep\u00edna\u010d chut\u00ed<\/td>\n<\/tr>\n<tr>\n<td>Kapacita e-liquidu<\/td>\n<td>20 ml<\/td>\n<\/tr>\n<tr>\n<td>Baterie<\/td>\n<td>600mAh dob\u00edjec\u00ed<\/td>\n<\/tr>\n<tr>\n<td>Nab\u00edjec\u00ed port<\/td>\n<td>Typ C<\/td>\n<\/tr>\n<tr>\n<td>Typ c\u00edvky<\/td>\n<td>1,0\u03a9 s\u00ed\u0165ov\u00e1 c\u00edvka<\/td>\n<\/tr>\n<tr>\n<td>Hladiny nikotinu<\/td>\n<td>0%, 2%, 3%, 5%<\/td>\n<\/tr>\n<tr>\n<td>Vyd\u00e1n\u00ed<\/td>\n<td>P\u0159edprodejn\u00ed vyd\u00e1n\u00ed<\/td>\n<\/tr>\n<\/tbody>\n<\/table>\n<p><!-- \ud83c\udf53 Flavor Section --><\/p>\n<h2>Bang Legend 110K V\u00fdb\u011br p\u0159\u00edchut\u00ed \u2013 12 kombinac\u00ed t\u0159\u00ed p\u0159\u00edchut\u00ed \ud83c\udf6d<\/h2>\n<p>Ka\u017ed\u00e1 kombinace obsahuje t\u0159i dokonale slad\u011bn\u00e9 p\u0159\u00edchut\u011b, kter\u00e9 d\u00edky designu 3 v 1 nab\u00edzej\u00ed nekone\u010dn\u00e9 mo\u017enosti kombinac\u00ed.<\/p>\n<ul>\n<li>\ud83c\udf49 Melounov\u00e1 zmrzlina \u2022 \ud83c\udf50 Jablko a hru\u0161ka \u2022 \ud83d\udc8b V\u00e1\u0161niv\u00fd polibek<\/li>\n<li>\ud83e\uded0 Bor\u016fvkov\u00fd led \u2022 \ud83c\udf48 Meloun a jablko \u2022 \ud83c\udf4b Limetkov\u00e1 romance<\/li>\n<li>\u26a1 Energetick\u00fd n\u00e1poj \u2022 \ud83c\udf4f Jablko a hroznov\u00e9 v\u00edno \u2022 \ud83e\udd6d Mango, broskev a meru\u0148ka<\/li>\n<li>\ud83c\udf53 Jahoda a mango \u2022 \ud83e\uded0 Bor\u016fvka a broskev \u2022 \ud83c\udf49 Meloun a lesn\u00ed plody<\/li>\n<li>\ud83e\uded0 Bor\u016fvka a malina \u2022 \ud83d\udc3b Gumov\u00e9 medv\u00eddky \u2022 \ud83c\udf49 Meloun a pitaya<\/li>\n<li>\ud83c\udf53 Jahoda a kiwi \u2022 \ud83d\udc09 \u010cern\u00fd drak \u2022 \ud83c\udf4b Citron a limetka<\/li>\n<li>\ud83e\uded0 Bor\u016fvka a meloun \u2022 \ud83c\udf47 Hroznov\u00e9 v\u00edno \u2022 \u2744 Fuji Ice<\/li>\n<li>\ud83c\udf53 Jahoda a meloun \u2022 \ud83c\udf47 Hrozny a ostru\u017einy \u2022 \ud83c\udf4b Limetka a romantika<\/li>\n<li>\ud83c\udf4c Jahoda-ban\u00e1n \u2022 \ud83c\udf51 Broskvov\u00e1 zmrzlina \u2022 \ud83c\udf51 Melounov\u00e1 kysel\u00e1 broskev<\/li>\n<li>\ud83e\udd6d Broskvov\u00e1, mangov\u00e1 a melounov\u00e1 \u2022 \ud83e\udd64 T\u0159e\u0161\u0148ov\u00e1 a kolov\u00e1 \u2022 \ud83e\udd5d Maracujov\u00e1, kiwi a limetkov\u00e1<\/li>\n<li>\ud83c\udf6c Melounov\u00e1 \u017ev\u00fdka\u010dka \u2022 \ud83e\udd5d Kiwi, maracuja a guava \u2022 \ud83d\udc0d Mamba<\/li>\n<li>\ud83c\udf53 Sm\u011bs lesn\u00edch plod\u016f \u2022 \ud83e\udd6d Maracuja a mango \u2022 \u2764\ufe0f Love 66<\/li>\n<\/ul>\n<p><!-- \u2753 FAQ --><\/p>\n<h2>NEJ\u010cAST\u011aJ\u0160\u00cd DOTAZY \u2753<\/h2>\n<p><strong>Ot\u00e1zka: Jak mohu p\u0159ep\u00ednat mezi 3 p\u0159\u00edchut\u011bmi?<\/strong><br \/>\nSta\u010d\u00ed posunout nebo oto\u010dit vestav\u011bn\u00fd voli\u010d a okam\u017eit\u011b zm\u011bn\u00edte p\u0159\u00edchu\u0165. Je to velmi snadn\u00e9! \ud83d\udd04<\/p>\n<p><strong>Ot\u00e1zka: Lze za\u0159\u00edzen\u00ed dob\u00edjet?<\/strong><br \/>\nAno! Obsahuje nab\u00edjec\u00ed port typu C pro rychl\u00e9 a efektivn\u00ed dob\u00edjen\u00ed. \u26a1<\/p>\n<p><strong>Ot\u00e1zka: Jak dlouho vydr\u017e\u00ed 110 000 pot\u00e1hnut\u00ed?<\/strong><br \/>\nV\u011bt\u0161in\u011b u\u017eivatel\u016f vydr\u017e\u00ed n\u011bkolik t\u00fddn\u016f a\u017e m\u011bs\u00edc\u016f v z\u00e1vislosti na denn\u00edm pou\u017e\u00edv\u00e1n\u00ed. Velmi ekonomick\u00e9! \u23f3<\/p>\n<p><strong>Ot\u00e1zka: Je vhodn\u00fd pro velkoobchod?<\/strong><br \/>\nRozhodn\u011b \u2014 extr\u00e9mn\u011b vysok\u00e1 popt\u00e1vka, dlouh\u00e1 trvanlivost a vynikaj\u00edc\u00ed ziskov\u00e9 mar\u017ee. \ud83d\udce6<\/p>\n<p><strong>Ot\u00e1zka: Unik\u00e1?<\/strong><br \/>\nNe. Pou\u017e\u00edv\u00e1 uzav\u0159enou strukturu s\u00ed\u0165ov\u00e9 c\u00edvky pro stabiln\u00ed v\u00fdkon a odolnost proti \u00faniku. \ud83d\udca7\u274c<\/p>\n<p><!-- \ud83c\udfaf Conclusion --><\/p>\n<h2>Ide\u00e1ln\u00ed pro n\u00e1ru\u017eiv\u00e9 u\u017eivatele, milovn\u00edky chut\u00ed a velkoobchodn\u00ed odb\u011bratele \ud83d\udcbc<\/h2>\n<p>The <strong>Bang Legend 110K 3 v 1 jednor\u00e1zov\u00fd vaporiz\u00e9r<\/strong> je navr\u017een pro dlouh\u00e9 sezen\u00ed, v\u00fdrazn\u00e9 chut\u011b a maxim\u00e1ln\u00ed pohodl\u00ed. A\u0165 u\u017e jste n\u00e1ru\u017eiv\u00fd vap\u00e9r, milovn\u00edk chut\u00ed nebo provozovatel vapov\u00e9ho obchodu, kter\u00fd hled\u00e1 nejprod\u00e1van\u011bj\u0161\u00ed model s vysokou kapacitou, toto za\u0159\u00edzen\u00ed nab\u00edz\u00ed vynikaj\u00edc\u00ed v\u00fdkon a hodnotu. U\u017eijte si nekone\u010dn\u00e9 objevov\u00e1n\u00ed chut\u00ed a mimo\u0159\u00e1dn\u011b dlouhou \u017eivotnost \u2013 to v\u0161e v jednom v\u00fdkonn\u00e9m za\u0159\u00edzen\u00ed. \ud83d\udd25\ud83d\udca8<\/p>","protected":false},"excerpt":{"rendered":"<p>Za\u017eijte extr\u00e9mn\u00ed v\u00fddr\u017e a trojn\u00e1sobnou chu\u0165ovou z\u00e1bavu s Bang Legend 110K \u2013 vytvo\u0159en\u00fdm pro n\u00e1ru\u017eiv\u00e9 u\u017eivatele, milovn\u00edky chut\u00ed a velkoobchodn\u00ed odb\u011bratele. Ultra dlouh\u00e1 v\u00fddr\u017e 110 000 pot\u00e1hnut\u00ed + s\u00ed\u0165ov\u00e1 c\u00edvka + rychl\u00e9 nab\u00edjen\u00ed typu C. \ud83d\udca8\u2728<\/p>","protected":false},"featured_media":91087,"comment_status":"open","ping_status":"closed","template":"","meta":[],"product_brand":[239],"product_cat":[336,37],"product_tag":[440,439,441,438,396],"class_list":{"0":"post-91074","1":"product","2":"type-product","3":"status-publish","4":"has-post-thumbnail","6":"product_brand-bang","7":"product_cat-100k-puffs-disposable-vape","8":"product_cat-bang","9":"product_tag-110k-puffs-vape","10":"product_tag-3-in-1-disposable-vape","11":"product_tag-bang-legend","12":"product_tag-bang-legend-110000-puffs","13":"product_tag-wholesale-disposable-vape","15":"first","16":"instock","17":"shipping-taxable","18":"purchasable","19":"product-type-variable","20":"has-default-attributes"},"jetpack_sharing_enabled":true,"tiered_pricing_type":"fixed","tiered_pricing_fixed_rules":{"30":9.199999999999999289457264239899814128875732421875,"50":7.38999999999999968025576890795491635799407958984375,"100":6.87000000000000010658141036401502788066864013671875,"200":6.480000000000000426325641456060111522674560546875,"400":5.95999999999999996447286321199499070644378662109375},"tiered_pricing_product_settings":{"layout":"default","base_unit_name":{"singular":null,"plural":null},"default_variation":null},"tiered_pricing_minimum_quantity":10,"tiered_pricing_roles_data":[],"tiered_pricing_percentage_rules":[],"tiered_pricing_maximum_quantity":null,"tiered_pricing_quantity_step":"10","_links":{"self":[{"href":"https:\/\/aiviouvapes.com\/cs\/wp-json\/wp\/v2\/product\/91074","targetHints":{"allow":["GET"]}}],"collection":[{"href":"https:\/\/aiviouvapes.com\/cs\/wp-json\/wp\/v2\/product"}],"about":[{"href":"https:\/\/aiviouvapes.com\/cs\/wp-json\/wp\/v2\/types\/product"}],"replies":[{"embeddable":true,"href":"https:\/\/aiviouvapes.com\/cs\/wp-json\/wp\/v2\/comments?post=91074"}],"wp:featuredmedia":[{"embeddable":true,"href":"https:\/\/aiviouvapes.com\/cs\/wp-json\/wp\/v2\/media\/91087"}],"wp:attachment":[{"href":"https:\/\/aiviouvapes.com\/cs\/wp-json\/wp\/v2\/media?parent=91074"}],"wp:term":[{"taxonomy":"product_brand","embeddable":true,"href":"https:\/\/aiviouvapes.com\/cs\/wp-json\/wp\/v2\/product_brand?post=91074"},{"taxonomy":"product_cat","embeddable":true,"href":"https:\/\/aiviouvapes.com\/cs\/wp-json\/wp\/v2\/product_cat?post=91074"},{"taxonomy":"product_tag","embeddable":true,"href":"https:\/\/aiviouvapes.com\/cs\/wp-json\/wp\/v2\/product_tag?post=91074"}],"curies":[{"name":"wp","href":"https:\/\/api.w.org\/{rel}","templated":true}]}}