{"id":88041,"date":"2025-11-27T14:52:26","date_gmt":"2025-11-27T06:52:26","guid":{"rendered":"https:\/\/aiviouvapes.com\/?post_type=product&#038;p=88041"},"modified":"2026-04-15T08:41:08","modified_gmt":"2026-04-15T00:41:08","slug":"stag-bar-4-in-1-80k","status":"publish","type":"product","link":"https:\/\/aiviouvapes.com\/cs\/product\/stag-bar-4-in-1-80k\/","title":{"rendered":"Stag Bar 4 v 1 80K | quad flavor 48ml mega LCD obrazovka velkoobchodn\u00ed jednor\u00e1zov\u00e9 vape"},"content":{"rendered":"<p>Jednor\u00e1zov\u00fd vape Stag Bar 4 v 1 se \u010dty\u0159mi p\u0159\u00edchut\u011bmi je ur\u010den pro vapery, kte\u0159\u00ed cht\u011bj\u00ed obrovsk\u00fd po\u010det \u0161luk\u016f, prvot\u0159\u00eddn\u00ed rozmanitost p\u0159\u00edchut\u00ed a maxim\u00e1ln\u00ed pohodl\u00ed v jednom za\u0159\u00edzen\u00ed. S v\u00fddr\u017e\u00ed a\u017e 80 000 potah\u016f, 4 tanky a indik\u00e1tory LCD v re\u00e1ln\u00e9m \u010dase je ide\u00e1ln\u00ed volbou pro b\u011b\u017en\u00e9 u\u017eivatele i velkoobchodn\u00ed odb\u011bratele.<\/p>\n<h2>Pro\u010d si vybrat Stag Bar 4 v 1 80000 Puffs?<\/h2>\n<ul>\n<li>\ud83d\udca8 Obrovsk\u00e1 kapacita 80 000 v\u00fddech\u016f pro extr\u00e9mn\u011b dlouh\u00e9 pou\u017e\u00edv\u00e1n\u00ed.<\/li>\n<li>\ud83c\udfa8 Chu\u0165ov\u00fd syst\u00e9m 4 v 1 se \u010dty\u0159mi samostatn\u00fdmi n\u00e1dr\u017ekami o objemu 12 ml (celkem 48 ml).<\/li>\n<li>\ud83d\udd0b 1000mAh dob\u00edjec\u00ed baterie s rychl\u00fdm nab\u00edjen\u00edm typu C.<\/li>\n<li>\ud83d\udcfa Chytr\u00fd LCD displej zobrazuj\u00edc\u00ed stav baterie a e-liquidu.<\/li>\n<li>\ud83c\udf2c\ufe0f Nastaviteln\u00fd airflow pro styly vapingu MTL nebo DTL.<\/li>\n<li>\ud83d\udd25 1,1\u03a9 mesh spir\u00e1lka pro v\u00fdraznou chu\u0165 a hlad\u0161\u00ed p\u00e1ru.<\/li>\n<li>\ud83d\udce6 Rychl\u00e9 odesl\u00e1n\u00ed ze skladu v EU - ide\u00e1ln\u00ed pro distributory.<\/li>\n<li>\ud83c\udf6d K dost\u00e1n\u00ed v 10 pr\u00e9miov\u00fdch variant\u00e1ch se sm\u00ed\u0161enou p\u0159\u00edchut\u00ed.<\/li>\n<li>\ud83d\udc4c \u017d\u00e1dn\u00e1 \u00fadr\u017eba - \u017e\u00e1dn\u00e9 dopl\u0148ov\u00e1n\u00ed, \u017e\u00e1dn\u00e1 v\u00fdm\u011bna spir\u00e1lek, jen vapov\u00e1n\u00ed.<\/li>\n<\/ul>\n<h3>Stag Bar 4 v 1 80000 Puffs Specifikace<\/h3>\n<table>\n<tbody>\n<tr>\n<td>Po\u010det puf\u016f<\/td>\n<td>80000 Puffs<\/td>\n<\/tr>\n<tr>\n<td>S\u00edla nikotinu<\/td>\n<td>2%<\/td>\n<\/tr>\n<tr>\n<td>Kapacita e-liquidu<\/td>\n<td>4 \u00d7 12 ml (celkem 48 ml)<\/td>\n<\/tr>\n<tr>\n<td>Kapacita baterie<\/td>\n<td>1000mAh dob\u00edjec\u00ed<\/td>\n<\/tr>\n<tr>\n<td>Typ c\u00edvky<\/td>\n<td>S\u00ed\u0165ov\u00e1 c\u00edvka<\/td>\n<\/tr>\n<tr>\n<td>Odolnost c\u00edvky<\/td>\n<td>1.1\u03a9<\/td>\n<\/tr>\n<tr>\n<td>Nab\u00edjec\u00ed port<\/td>\n<td>Typ C<\/td>\n<\/tr>\n<tr>\n<td>Displej<\/td>\n<td>LCD obrazovka baterie a e-liquid<\/td>\n<\/tr>\n<tr>\n<td>Proud\u011bn\u00ed vzduchu<\/td>\n<td>Nastaviteln\u00e9<\/td>\n<\/tr>\n<tr>\n<td>P\u0159\u00edchut\u011b<\/td>\n<td>K dispozici je 10 sad p\u0159\u00edchut\u00ed<\/td>\n<\/tr>\n<\/tbody>\n<\/table>\n<h3>Stag Bar \u010cty\u0159i p\u0159\u00edchut\u011b 80000 Puffs Dostupn\u00e9 sady p\u0159\u00edchut\u00ed<\/h3>\n<p><strong>1. Bor\u016fvkov\u00e1 ledov\u00e1 souprava<\/strong> - Bor\u016fvkov\u00fd led \/ Sm\u00ed\u0161en\u00e9 bobule \/ Blue Razz Ice \/ Bor\u016fvkov\u00fd malinov\u00fd led<\/p>\n<p><strong>2. Sada melounov\u00fdch sm\u011bs\u00ed<\/strong> - Melounov\u00fd led \/ Jahodov\u00fd meloun \/ Melounov\u00e1 \u017ev\u00fdka\u010dka \/ Melounov\u00fd malinov\u00fd led<\/p>\n<p><strong>3. Sada Fusion Strawberry<\/strong> - Jahodov\u00fd led \/ Jahodov\u00e9 kiwi \/ Jahodov\u00fd hrozen \/ Jahodov\u00fd malinov\u00fd t\u0159e\u0161\u0148ov\u00fd led<\/p>\n<p><strong>4. Sada Cherry Lovers<\/strong> - Cherry Ice \/ Blue Razz Cherry \/ Cherry Peach Lemonade \/ Cherry Cola<\/p>\n<p><strong>5. Klasick\u00e1 ledov\u00e1 sm\u011bs<\/strong> - Bor\u016fvkov\u00fd led \/ jahodov\u00fd led \/ melounov\u00fd led \/ t\u0159e\u0161\u0148ov\u00fd led<\/p>\n<p><strong>6. Sada Fruit Paradise<\/strong> - Jahoda Malina T\u0159e\u0161e\u0148 Led \/ Trojit\u00fd meloun \/ Ananas Ban\u00e1n Jahoda \/ Kiwi Mu\u010denka Guava<\/p>\n<p><strong>7. Sada Tropical Fusion<\/strong> - Blue Razz Fusion \/ Ananasov\u00fd kokosov\u00fd led \/ R\u016f\u017eov\u00e1 limon\u00e1da \/ Jahodov\u00e1 melounov\u00e1 f\u00faze<\/p>\n<p><strong>8. Sada Exotic Mango<\/strong> - Peach Mango Pineapple \/ Juicy Peach \/ Lemon Lime \/ Triple Mango<\/p>\n<p><strong>9. Pan Blue Combo<\/strong> - Pan Modr\u00fd \/ Bor\u016fvka Malina Led \/ Jahoda Kiwi \/ Bor\u016fvka T\u0159e\u0161e\u0148 Brusinka<\/p>\n<p><strong>10. Sada energie a ovoce<\/strong> - Ban\u00e1nov\u00fd jahodov\u00fd \/ Jahodov\u00fd hroznov\u00fd \/ Red Bull \/ Double Apple<\/p>\n<p><strong>Bonusov\u00e9 sm\u00ed\u0161en\u00e9 sady:<\/strong><\/p>\n<p>Citronov\u00e1 limetka \/ Jahodov\u00e9 kiwi \/ M\u00e1tov\u00fd led \/ Dra\u010d\u00ed ovoce Ban\u00e1nov\u00e1 t\u0159e\u0161e\u0148<\/p>\n<p>Coco Loco \/ Ananasov\u00fd ban\u00e1nov\u00fd meloun \/ Cherry Chupachups \/ Cherry Banana<\/p>\n<p>Sex on the Beach \/ Coco Loco \/ Dragon Fruit Banana Cherry \/ Lemon Lime<\/p>\n<p>Love 66 \/ Cherry Chupachups \/ Watermelon Raspberry Ice \/ Strawberry Kiwi<\/p>\n<p>Cola Ice \/ Red Bull \/ Sex on the Beach \/ Ananasov\u00fd ban\u00e1nov\u00fd meloun<\/p>\n<h4>Stag Bar 4v1 80000 potah\u016f je ide\u00e1ln\u00ed volbou pro n\u00e1ro\u010dn\u00e9 u\u017eivatele, milovn\u00edky chut\u00ed a prodejce, kte\u0159\u00ed hledaj\u00ed vysoce v\u00fdkonn\u00fd a dlouhotrvaj\u00edc\u00ed vape. Se 4 p\u0159\u00edchut\u011bmi v jednom za\u0159\u00edzen\u00ed, v\u00fdkonnou bateri\u00ed a inteligentn\u00edm monitorovac\u00edm LCD displejem nab\u00edz\u00ed bezkonkuren\u010dn\u00ed pohodl\u00ed a hodnotu pro osobn\u00ed i velkoobchodn\u00ed pou\u017eit\u00ed. \ud83d\udca5<\/h4>\n<p>&nbsp;<\/p>\n<h3>Stag Bar quad-flavor 80K FAQ<\/h3>\n<p><strong>Ot\u00e1zka: Jak dlouho vydr\u017e\u00ed Stag Bar 4v1 80000 puf\u016f?<\/strong><br \/>\nOdpov\u011b\u010f: D\u00edky obrovsk\u00e9 kapacit\u011b 80 000 v\u00fddech\u016f vydr\u017e\u00ed v z\u00e1vislosti na va\u0161em pou\u017e\u00edv\u00e1n\u00ed t\u00fddny nebo dokonce m\u011bs\u00edce.<\/p>\n<p><strong>Ot\u00e1zka: Mohu za\u0159\u00edzen\u00ed dob\u00edjet?<\/strong><br \/>\nOdpov\u011b\u010f: Ano. Obsahuje 1000mAh dob\u00edjec\u00ed baterii s rychl\u00fdm nab\u00edjen\u00edm typu C.<\/p>\n<p><strong>Ot\u00e1zka: Zobrazuje LCD displej baterii i e-liquid?<\/strong><br \/>\nOdpov\u011b\u010f: Ano, chytr\u00fd displej zobrazuje v re\u00e1ln\u00e9m \u010dase \u00farove\u0148 nabit\u00ed baterie a stav e-liquidu v ka\u017ed\u00e9m tanku.<\/p>\n<p><strong>Ot\u00e1zka: Je tento v\u00fdrobek vhodn\u00fd pro velkoobchod?<\/strong><br \/>\nOdpov\u011b\u010f: Rozhodn\u011b - dod\u00e1v\u00e1 se ze skladu EU, tak\u017ee je ide\u00e1ln\u00ed pro vape obchody, prodejce a distribuci.<\/p>\n<p><strong>Ot\u00e1zka: Mohu kdykoli zm\u011bnit p\u0159\u00edchu\u0165?<\/strong><br \/>\nOdpov\u011b\u010f: Ano, syst\u00e9m 4 n\u00e1dr\u017e\u00ed umo\u017e\u0148uje okam\u017eit\u00e9 p\u0159ep\u00edn\u00e1n\u00ed p\u0159\u00edchut\u00ed.<\/p>","protected":false},"excerpt":{"rendered":"<p>Vyzkou\u0161ejte 4 \u00fa\u017easn\u00e9 p\u0159\u00edchut\u011b v jednom za\u0159\u00edzen\u00ed s Stag Bar 4v1 80000 Puffs - jednor\u00e1zov\u00fdm vapem s mimo\u0159\u00e1dn\u011b dlouhou v\u00fddr\u017e\u00ed, LCD displejem, dob\u00edjec\u00ed bateri\u00ed 1000 mAh a rychl\u00fdm dod\u00e1n\u00edm do skladu EU. \ud83d\ude80<\/p>","protected":false},"featured_media":88053,"comment_status":"open","ping_status":"closed","template":"","meta":[],"product_brand":[252],"product_cat":[251,336,242,137,146,138,141,143],"product_tag":[408,409,410,411,407],"class_list":{"0":"post-88041","1":"product","2":"type-product","3":"status-publish","4":"has-post-thumbnail","6":"product_brand-stag-bar","7":"product_cat-stag-bar","8":"product_cat-100k-puffs-disposable-vape","9":"product_cat-60000-puffs-disposable-vape","10":"product_cat-disposable-vapes-in-germany","11":"product_cat-disposable-vapes-in-hungary","12":"product_cat-disposable-vapes-in-ltaly","13":"product_cat-disposable-vapes-in-poland","14":"product_cat-disposable-vapes-in-spain","15":"product_tag-4-in-1-disposable-vape","16":"product_tag-lcd-display-vape-wholesale","17":"product_tag-long-lasting-80k-puff-vape","18":"product_tag-multi-flavor-rechargeable-disposable-vape","19":"product_tag-stag-bar-80000-puffs","21":"first","22":"instock","23":"shipping-taxable","24":"purchasable","25":"product-type-variable","26":"has-default-attributes"},"jetpack_sharing_enabled":true,"tiered_pricing_type":"fixed","tiered_pricing_fixed_rules":{"100":8.300000000000000710542735760100185871124267578125,"200":7.70000000000000017763568394002504646778106689453125,"500":7.4000000000000003552713678800500929355621337890625},"tiered_pricing_product_settings":{"layout":"default","base_unit_name":{"singular":null,"plural":null},"default_variation":null},"tiered_pricing_minimum_quantity":50,"tiered_pricing_roles_data":[],"tiered_pricing_percentage_rules":[],"tiered_pricing_maximum_quantity":null,"tiered_pricing_quantity_step":"10","_links":{"self":[{"href":"https:\/\/aiviouvapes.com\/cs\/wp-json\/wp\/v2\/product\/88041","targetHints":{"allow":["GET"]}}],"collection":[{"href":"https:\/\/aiviouvapes.com\/cs\/wp-json\/wp\/v2\/product"}],"about":[{"href":"https:\/\/aiviouvapes.com\/cs\/wp-json\/wp\/v2\/types\/product"}],"replies":[{"embeddable":true,"href":"https:\/\/aiviouvapes.com\/cs\/wp-json\/wp\/v2\/comments?post=88041"}],"wp:featuredmedia":[{"embeddable":true,"href":"https:\/\/aiviouvapes.com\/cs\/wp-json\/wp\/v2\/media\/88053"}],"wp:attachment":[{"href":"https:\/\/aiviouvapes.com\/cs\/wp-json\/wp\/v2\/media?parent=88041"}],"wp:term":[{"taxonomy":"product_brand","embeddable":true,"href":"https:\/\/aiviouvapes.com\/cs\/wp-json\/wp\/v2\/product_brand?post=88041"},{"taxonomy":"product_cat","embeddable":true,"href":"https:\/\/aiviouvapes.com\/cs\/wp-json\/wp\/v2\/product_cat?post=88041"},{"taxonomy":"product_tag","embeddable":true,"href":"https:\/\/aiviouvapes.com\/cs\/wp-json\/wp\/v2\/product_tag?post=88041"}],"curies":[{"name":"wp","href":"https:\/\/api.w.org\/{rel}","templated":true}]}}