{"id":87881,"date":"2025-11-27T14:59:22","date_gmt":"2025-11-27T06:59:22","guid":{"rendered":"https:\/\/aiviouvapes.com\/?post_type=product&#038;p=87881"},"modified":"2026-04-10T19:09:42","modified_gmt":"2026-04-10T11:09:42","slug":"uzy-tornado-20k","status":"publish","type":"product","link":"https:\/\/aiviouvapes.com\/cs\/product\/uzy-tornado-20k\/","title":{"rendered":"UZY Tornado 20K | 28ml, 20000 puff\u016f, LED displej, dlouh\u00e1 \u017eivotnost, mega tank, jednor\u00e1zov\u00fd vape velkoobchod"},"content":{"rendered":"<p><strong>UZY Torn\u00e1do 20000 obl\u00e1\u010dk\u016f<\/strong> p\u0159in\u00e1\u0161\u00ed dlouhou \u017eivotnost, v\u00fdraznou chu\u0165 a prvot\u0159\u00eddn\u00ed vapingov\u00fd z\u00e1\u017eitek v elegantn\u00edm, snadno pou\u017eiteln\u00e9m designu. D\u00edky obrovsk\u00e9 kapacit\u011b 28 ml e-liquidu, dob\u00edjec\u00ed baterii s kapacitou 850 mAh a inteligentn\u00edmu LED displeji zobrazuj\u00edc\u00edmu stav baterie a e-juice je stvo\u0159en jak pro ka\u017edodenn\u00ed u\u017eivatele, tak pro n\u00e1ro\u010dn\u00e9 vapery, kte\u0159\u00ed cht\u011bj\u00ed spolehlivost bez pot\u00ed\u017e\u00ed. \ud83d\udcaf<\/p>\n<h2>Pro\u010d si vybrat UZY Tornado 20K? \ud83c\udf2a\ufe0f<\/h2>\n<ul>\n<li>\ud83d\udd25 <strong>A\u017e 20 000 puf\u016f<\/strong> - dlouhotrvaj\u00edc\u00ed v\u00fdkon pro dlouhodob\u00e9 pou\u017e\u00edv\u00e1n\u00ed.<\/li>\n<li>\ud83d\udca7 <strong>Velk\u00e1 kapacita 28 ml e-liquidu<\/strong> pro m\u00e9n\u011b v\u00fdm\u011bn a vy\u0161\u0161\u00ed hodnotu.<\/li>\n<li>\u26a1 <strong>Dob\u00edjec\u00ed baterie 850 mAh<\/strong> s rychl\u00fdm nab\u00edjen\u00edm typu C.<\/li>\n<li>\ud83d\udcfa <strong>Chytr\u00fd LED displej<\/strong> ukazuj\u00edc\u00ed stav baterie a zb\u00fdvaj\u00edc\u00ed mno\u017estv\u00ed e-\u0161ampa\u0148sk\u00e9ho.<\/li>\n<li>\ud83c\udf6d <strong>12 pr\u00e9miov\u00fdch p\u0159\u00edchut\u00ed<\/strong> vytvo\u0159en\u00e9 pro \u010distou a uspokojivou chu\u0165.<\/li>\n<li>\ud83d\udc4c Vhodn\u00e9 pro za\u010d\u00e1te\u010dn\u00edky a ide\u00e1ln\u00ed pro ka\u017edodenn\u00ed vaping bez starost\u00ed.<\/li>\n<li>\ud83d\udce6 Skv\u011bl\u00e9 pro <strong>velkoobchody, distributo\u0159i a vape obchody.<\/strong> kv\u016fli vysok\u00e9 popt\u00e1vce.<\/li>\n<\/ul>\n<h3>UZY Tornado 20K Specifikace<\/h3>\n<table>\n<tbody>\n<tr>\n<td>Po\u010det puf\u016f<\/td>\n<td>A\u017e 20 000 vdech\u016f<\/td>\n<\/tr>\n<tr>\n<td>Kapacita e-liquidu<\/td>\n<td>28 ml p\u0159edpln\u011bn\u00e9 n\u00e1pln\u011b<\/td>\n<\/tr>\n<tr>\n<td>Hladiny nikotinu<\/td>\n<td>0% \/ 2% \/ 3% \/ 5%<\/td>\n<\/tr>\n<tr>\n<td>Kapacita baterie<\/td>\n<td>850mAh dob\u00edjec\u00ed<\/td>\n<\/tr>\n<tr>\n<td>Nab\u00edjen\u00ed<\/td>\n<td>Rychl\u00e9 nab\u00edjen\u00ed typu C<\/td>\n<\/tr>\n<tr>\n<td>Typ c\u00edvky<\/td>\n<td>Pokro\u010dil\u00e1 s\u00ed\u0165ov\u00e1 c\u00edvka<\/td>\n<\/tr>\n<tr>\n<td>Typ za\u0159\u00edzen\u00ed<\/td>\n<td>Vape na jedno pou\u017eit\u00ed<\/td>\n<\/tr>\n<tr>\n<td>Dostupn\u00e9 p\u0159\u00edchut\u011b<\/td>\n<td>12 p\u0159\u00edchut\u00ed<\/td>\n<\/tr>\n<\/tbody>\n<\/table>\n<h3>Dostupn\u00e9 p\u0159\u00edchut\u011b \ud83c\udf52\ud83e\uddca<\/h3>\n<ul>\n<li><strong>Jahodov\u00fd meloun<\/strong> - sladk\u00e9, \u0161\u0165avnat\u00e9, dokonale vyv\u00e1\u017een\u00e9.<\/li>\n<li><strong>Bor\u016fvka na ledu<\/strong> - chlazen\u00e1 sv\u011b\u017eest bobul\u00ed.<\/li>\n<li><strong>Broskev Mango Ananas<\/strong> - exploze tropick\u00e9ho tria.<\/li>\n<li><strong>Hroznov\u00fd led<\/strong> - ledov\u00e1, v\u00fdrazn\u00e1 chu\u0165 hrozn\u016f.<\/li>\n<li><strong>Melounov\u00fd led<\/strong> - osv\u011b\u017euj\u00edc\u00ed letn\u00ed atmosf\u00e9ru.<\/li>\n<li><strong>Broskvov\u00fd led<\/strong> - jemn\u00e1 broskev s mraziv\u00fdm n\u00e1dechem.<\/li>\n<li><strong>Jahodov\u00e9 kiwi<\/strong> - ovocn\u00e1 sladkokysel\u00e1 kombinace.<\/li>\n<li><strong>Bor\u016fvka malina<\/strong> - berry mix classic.<\/li>\n<li><strong>Kiwi a mu\u010denka<\/strong> - exotick\u00e9 a \u017eiv\u00e9.<\/li>\n<li><strong>MR Blue<\/strong> - tajemn\u00e1 p\u0159\u00edchu\u0165 sm\u00ed\u0161en\u00fdch bobul\u00ed.<\/li>\n<li><strong>Trojit\u00fd mangov\u00fd led<\/strong> - vrstven\u00e9 mango s ledem.<\/li>\n<li><strong>\u010cerven\u00fd led Energy<\/strong> - energick\u00e1 chu\u0165 ve stylu n\u00e1poje.<\/li>\n<\/ul>\n<h3>Ide\u00e1ln\u00ed pro \ud83d\udca8<\/h3>\n<p>Toto za\u0159\u00edzen\u00ed je ide\u00e1ln\u00ed pro <strong>t\u011b\u017ec\u00ed vape\u0159i, lovci p\u0159\u00edchut\u00ed, vape obchody, online prodejci a velkoobchodn\u00ed distributo\u0159i.<\/strong> se sna\u017e\u00ed nab\u00eddnout dlouhotrvaj\u00edc\u00ed a funkcemi nabit\u00fd vape, kter\u00fd si z\u00e1kazn\u00edci obl\u00edb\u00ed.<\/p>\n<p>Celkov\u011b,<strong> UZY Tornado 20000 Puffs LED Display Edition<\/strong> je v\u00fdkonn\u00fd produkt na jedno pou\u017eit\u00ed navr\u017een\u00fd pro maxim\u00e1ln\u00ed hodnotu, bohatou chu\u0165 a pohodl\u00ed. A\u0165 u\u017e jste n\u00e1ro\u010dn\u00fd u\u017eivatel, objevitel chut\u00ed nebo majitel obchodu, kter\u00fd chce m\u00edt na sklad\u011b pr\u00e9miov\u00fd produkt s vysokou popt\u00e1vkou, Tornado 20K je perfektn\u00ed volbou. \ud83c\udf2a\ufe0f\ud83d\udd25<\/p>\n<p><strong>Za\u017eijte dlouhotrvaj\u00edc\u00ed v\u00fdkon - vyberte si UZY Tornado je\u0161t\u011b dnes.<\/strong><\/p>\n<h3>NEJ\u010cAST\u011aJ\u0160\u00cd DOTAZY \u2753<\/h3>\n<p><strong>Ot\u00e1zka: Jak dlouho vydr\u017e\u00ed UZY Tornado 20K?<\/strong><br \/>\nV z\u00e1vislosti na zp\u016fsobu pou\u017e\u00edv\u00e1n\u00ed vydr\u017e\u00ed d\u00edky kapacit\u011b 20 000 \u0161luk\u016f mnoho dn\u00ed.<\/p>\n<p><strong>Ot\u00e1zka: Lze za\u0159\u00edzen\u00ed dob\u00edjet?<\/strong><br \/>\nAno! Pou\u017e\u00edv\u00e1 rychl\u00e9 nab\u00edjen\u00ed typu C.<\/p>\n<p><strong>Ot\u00e1zka: Ukazuje stav baterie a e-liquidu?<\/strong><br \/>\nAno, obrazovka LED zobrazuje oboj\u00ed v re\u00e1ln\u00e9m \u010dase.<\/p>\n<p><strong>Ot\u00e1zka: Je vhodn\u00fd pro za\u010d\u00e1te\u010dn\u00edky?<\/strong><br \/>\nRozhodn\u011b - k aktivaci sta\u010d\u00ed vdechnout, nen\u00ed t\u0159eba \u017e\u00e1dn\u00e9 nastaven\u00ed.<\/p>\n<p><strong>Ot\u00e1zka: Je vhodn\u00fd pro velkoobchodn\u00ed objedn\u00e1vky?<\/strong><br \/>\nAno, Tornado 20K je d\u00edky sv\u00e9 dlouh\u00e9 \u017eivotnosti a pr\u00e9miov\u00fdm vlastnostem velmi obl\u00edben\u00fd mezi vape obchody a velkoodb\u011brateli.<\/p>","protected":false},"excerpt":{"rendered":"<p>Vychutnejte si UZY Tornado 20K s obrovskou kapacitou 28 ml e-liquidu, dob\u00edjec\u00ed bateri\u00ed 850 mAh a inteligentn\u00edm LED displejem, kter\u00fd v re\u00e1ln\u00e9m \u010dase zobrazuje stav baterie a e-\u0161\u0165\u00e1vy pro naprost\u00e9 pohodl\u00ed. \u26a1\ud83d\udca8<\/p>","protected":false},"featured_media":87942,"comment_status":"open","ping_status":"closed","template":"","meta":[],"product_brand":[254],"product_cat":[253,129,137,146,138,141,143],"product_tag":[399,400,401,398,396],"class_list":{"0":"post-87881","1":"product","2":"type-product","3":"status-publish","4":"has-post-thumbnail","6":"product_brand-uzy","7":"product_cat-uzy","8":"product_cat-20000-puffs-disposable-vape","9":"product_cat-disposable-vapes-in-germany","10":"product_cat-disposable-vapes-in-hungary","11":"product_cat-disposable-vapes-in-ltaly","12":"product_cat-disposable-vapes-in-poland","13":"product_cat-disposable-vapes-in-spain","14":"product_tag-20k-disposable-vape","15":"product_tag-led-display-vape-pen","16":"product_tag-long-lasting-vape-28ml","17":"product_tag-uzy-tornado-20000-puffs","18":"product_tag-wholesale-disposable-vape","20":"first","21":"instock","22":"shipping-taxable","23":"purchasable","24":"product-type-variable","25":"has-default-attributes"},"jetpack_sharing_enabled":true,"tiered_pricing_type":"fixed","tiered_pricing_fixed_rules":{"30":7.28000000000000024868995751603506505489349365234375,"50":5.92999999999999971578290569595992565155029296875,"100":5.45999999999999996447286321199499070644378662109375,"200":5.160000000000000142108547152020037174224853515625,"400":4.13999999999999968025576890795491635799407958984375},"tiered_pricing_product_settings":{"layout":"default","base_unit_name":{"singular":null,"plural":null},"default_variation":null},"tiered_pricing_minimum_quantity":10,"tiered_pricing_roles_data":[],"tiered_pricing_percentage_rules":[],"tiered_pricing_maximum_quantity":null,"tiered_pricing_quantity_step":"10","_links":{"self":[{"href":"https:\/\/aiviouvapes.com\/cs\/wp-json\/wp\/v2\/product\/87881","targetHints":{"allow":["GET"]}}],"collection":[{"href":"https:\/\/aiviouvapes.com\/cs\/wp-json\/wp\/v2\/product"}],"about":[{"href":"https:\/\/aiviouvapes.com\/cs\/wp-json\/wp\/v2\/types\/product"}],"replies":[{"embeddable":true,"href":"https:\/\/aiviouvapes.com\/cs\/wp-json\/wp\/v2\/comments?post=87881"}],"wp:featuredmedia":[{"embeddable":true,"href":"https:\/\/aiviouvapes.com\/cs\/wp-json\/wp\/v2\/media\/87942"}],"wp:attachment":[{"href":"https:\/\/aiviouvapes.com\/cs\/wp-json\/wp\/v2\/media?parent=87881"}],"wp:term":[{"taxonomy":"product_brand","embeddable":true,"href":"https:\/\/aiviouvapes.com\/cs\/wp-json\/wp\/v2\/product_brand?post=87881"},{"taxonomy":"product_cat","embeddable":true,"href":"https:\/\/aiviouvapes.com\/cs\/wp-json\/wp\/v2\/product_cat?post=87881"},{"taxonomy":"product_tag","embeddable":true,"href":"https:\/\/aiviouvapes.com\/cs\/wp-json\/wp\/v2\/product_tag?post=87881"}],"curies":[{"name":"wp","href":"https:\/\/api.w.org\/{rel}","templated":true}]}}