{"id":87549,"date":"2025-11-26T18:54:33","date_gmt":"2025-11-26T10:54:33","guid":{"rendered":"https:\/\/aiviouvapes.com\/?post_type=product&#038;p=87549"},"modified":"2026-03-17T23:53:00","modified_gmt":"2026-03-17T15:53:00","slug":"uzy-crystal-twin-50k","status":"publish","type":"product","link":"https:\/\/aiviouvapes.com\/cs\/product\/uzy-crystal-twin-50k\/","title":{"rendered":"UZY Crystal Twin 50K | 2 v 1 s dvojitou p\u0159\u00edchut\u00ed 50000 \u0161luk\u016f chytr\u00fd LED displej 40ml mega kapacita velkoobchodn\u00ed prodej"},"content":{"rendered":"<p><strong>UZY Crystal Twin 50000 puffs jednor\u00e1zov\u00fd vape<\/strong> je ur\u010den pro vapery, kte\u0159\u00ed cht\u011bj\u00ed v\u00edce chuti, v\u00fdkonu a pohodl\u00ed. S <strong>dv\u011b 20ml n\u00e1dr\u017eky<\/strong>, <strong>dv\u011b c\u00edvky s oky 0,9\u03a9<\/strong>a <strong>chytr\u00e1 obrazovka LED<\/strong>, toto za\u0159\u00edzen\u00ed v\u00e1m p\u0159in\u00e1\u0161\u00ed prvot\u0159\u00eddn\u00ed z\u00e1\u017eitek p\u0159i ka\u017ed\u00e9m \u0161luknut\u00ed. Kdykoli m\u016f\u017eete p\u0159ep\u00ednat mezi dv\u011bma p\u0159\u00edchut\u011bmi a u\u017e\u00edvat si ultra jemnou chu\u0165 po cel\u00e9 t\u00fddny. \ud83d\ude80<\/p>\n<h2>Pro\u010d si vybrat UZY Crystal Twin 50K?<\/h2>\n<ul>\n<li>\ud83d\udca8 <strong>Obrovsk\u00fd po\u010det 50 000 vdech\u016f<\/strong> pro mimo\u0159\u00e1dn\u011b dlouh\u00e9 pou\u017eit\u00ed<\/li>\n<li>\ud83c\udf53 <strong>Syst\u00e9m 2 v 1 s dvojitou p\u0159\u00edchut\u00ed<\/strong> - okam\u017eit\u00e9 p\u0159ep\u00edn\u00e1n\u00ed mezi dv\u011bma chut\u011bmi<\/li>\n<li>\ud83d\udd25 <strong>Du\u00e1ln\u00ed c\u00edvky s oky 0,9\u03a9<\/strong> pro siln\u011bj\u0161\u00ed chu\u0165 a jemn\u011bj\u0161\u00ed p\u00e1ru<\/li>\n<li>\ud83d\udcfa <strong>Chytr\u00fd displej LED<\/strong> p\u0159ehledn\u011b zobrazuje stav baterie a e-liquidu<\/li>\n<li>\ud83d\udd0b <strong>Dob\u00edjec\u00ed baterie 850 mAh<\/strong> s rychl\u00fdm nab\u00edjen\u00edm typu C<\/li>\n<li>\ud83e\uddca <strong>Velk\u00e1 kapacita 40 ml e-d\u017eus\u016f<\/strong> (20 ml + 20 ml)<\/li>\n<li>\ud83c\udf2c K dispozici v <strong>2%, 3% a 5% nikotinu<\/strong> mo\u017enosti<\/li>\n<li>\ud83d\udc8e K\u0159i\u0161\u0165\u00e1lov\u00fd design, kter\u00fd vypad\u00e1 pr\u00e9miov\u011b a pohodln\u011b padne do ruky<\/li>\n<li>\ud83d\uded2 Ide\u00e1ln\u00ed pro <strong>maloobchodn\u00ed, velkoobchodn\u00ed a hromadn\u00e9 objedn\u00e1vky<\/strong><\/li>\n<\/ul>\n<h3>UZY Crystal Twin 50K Specifikace<\/h3>\n<table>\n<tbody>\n<tr>\n<td><strong>Po\u010det puf\u016f<\/strong><\/td>\n<td>A\u017e 50 000 puf\u016f<\/td>\n<\/tr>\n<tr>\n<td><strong>P\u0159\u00edchut\u011b<\/strong><\/td>\n<td>P\u0159ep\u00edna\u010d dvou p\u0159\u00edchut\u00ed (2 p\u0159\u00edchut\u011b v jednom za\u0159\u00edzen\u00ed)<\/td>\n<\/tr>\n<tr>\n<td><strong>Kapacita e-kapaliny<\/strong><\/td>\n<td>40 ml (20 ml + 20 ml)<\/td>\n<\/tr>\n<tr>\n<td><strong>C\u00edvka<\/strong><\/td>\n<td>0,9\u03a9 Mesh Coil \u00d7 2<\/td>\n<\/tr>\n<tr>\n<td><strong>S\u00edla nikotinu<\/strong><\/td>\n<td>2% \/ 3% \/ 5%<\/td>\n<\/tr>\n<tr>\n<td><strong>Baterie<\/strong><\/td>\n<td>850mAh dob\u00edjec\u00ed<\/td>\n<\/tr>\n<tr>\n<td><strong>Nab\u00edjen\u00ed<\/strong><\/td>\n<td>Rychl\u00e9 nab\u00edjen\u00ed typu C<\/td>\n<\/tr>\n<tr>\n<td><strong>Displej<\/strong><\/td>\n<td>Chytr\u00e1 obrazovka LED<\/td>\n<\/tr>\n<tr>\n<td><strong>Typ pou\u017eit\u00ed<\/strong><\/td>\n<td>Jednor\u00e1zov\u00e9<\/td>\n<\/tr>\n<\/tbody>\n<\/table>\n<h3>UZY Crystal Twin 50K Dostupn\u00e9 p\u0159\u00edchut\u011b<\/h3>\n<ul>\n<li><strong>Bor\u016fvky na ledu a letn\u00ed broskvov\u00fd led<\/strong> - Osv\u011b\u017euj\u00edc\u00ed kombinace ledov\u00fdch bor\u016fvek a sladk\u00fdch broskv\u00ed.<\/li>\n<li><strong>Kiwi Mu\u010denka Guava a bor\u016fvka Malina<\/strong> - Tropick\u00e1 exploze v kombinaci s bobulovou sladkost\u00ed.<\/li>\n<li><strong>Jahodov\u00e1 zmrzlina s kiwi a hroznov\u00fdm v\u00ednem<\/strong> - Ovocn\u00e1 sv\u011b\u017eest s chladiv\u00fdm hroznov\u00fdm n\u00e1dechem.<\/li>\n<li><strong>Kiwi Passion Fruit Guava a dv\u011b jablka<\/strong> - Exotick\u00e9 tropick\u00e9 sm\u011bsi s k\u0159upav\u00fdm dvojit\u00fdm jablkem.<\/li>\n<li><strong>Jahodov\u00fd meloun a citronov\u00e1 limetka<\/strong> - Sladk\u00e1, \u0161\u0165avnat\u00e1 sm\u011bs vyv\u00e1\u017een\u00e1 pikantn\u00edmi citrusy.<\/li>\n<li><strong>Bor\u016fvkov\u00fd malinov\u00fd a t\u0159e\u0161\u0148ov\u00fd led<\/strong> - Hladk\u00e9 bobule s chladn\u00fdm t\u0159e\u0161\u0148ov\u00fdm z\u00e1v\u011brem.<\/li>\n<li><strong>Jahoda malina t\u0159e\u0161e\u0148 a pan Blue<\/strong> - Trojit\u00fd bobulov\u00fd twist se setk\u00e1v\u00e1 s chladnou, tajemnou sm\u011bs\u00ed.<\/li>\n<li><strong>Broskev Mango Ananas a Red Bull<\/strong> - Tropick\u00fd koktejl a povzbuzuj\u00edc\u00ed p\u0159\u00edchu\u0165 limon\u00e1dy.<\/li>\n<li><strong>Melounov\u00fd led a sm\u011bs bobul\u00ed<\/strong> - Chladiv\u00fd meloun v kombinaci se sv\u011b\u017eest\u00ed lesn\u00edch plod\u016f.<\/li>\n<li><strong>Jahodov\u00fd ban\u00e1n a l\u00e1ska 66<\/strong> - Hladk\u00e1 kr\u00e9mov\u00e1 ban\u00e1nov\u00e1 + exotick\u00e1 chu\u0165 ve stylu shishy.<\/li>\n<\/ul>\n<h3>Ide\u00e1ln\u00ed pro<\/h3>\n<p>Toto za\u0159\u00edzen\u00ed je ide\u00e1ln\u00ed pro <strong>t\u011b\u017ec\u00ed vape\u0159i, milovn\u00edci p\u0159\u00edchut\u00ed, majitel\u00e9 vape obchod\u016f a velkoobchodn\u00ed distributo\u0159i.<\/strong> kte\u0159\u00ed cht\u011bj\u00ed prvot\u0159\u00eddn\u00ed jednor\u00e1zovou vapku s dlouhou \u017eivotnost\u00ed. D\u00edky velk\u00e9 chuti, velk\u00e9 kapacit\u011b a velk\u00e9mu v\u00fdkonu p\u0159in\u00e1\u0161\u00ed UZY Crystal Twin 50K uspokojen\u00ed od prvn\u00edho potahu a\u017e po ten posledn\u00ed. \ud83d\udca8\ud83d\udd25<\/p>\n<h3>\u010casto kladen\u00e9 dotazy t\u00fdkaj\u00edc\u00ed se UZY Crystal Twin 50K<\/h3>\n<p><strong>Ot\u00e1zka: Jak dlouho vydr\u017e\u00ed UZY Crystal Twin 50K?<\/strong><br \/>\nOdpov\u011b\u010f: S kapacitou a\u017e 50 000 potah\u016f m\u016f\u017ee vydr\u017eet t\u00fddny a\u017e m\u011bs\u00edce v z\u00e1vislosti na va\u0161ich vapovac\u00edch n\u00e1vyc\u00edch.<\/p>\n<p><strong>Ot\u00e1zka: Mohu toto za\u0159\u00edzen\u00ed dob\u00edjet?<\/strong><br \/>\nOdpov\u011b\u010f: Ano! Obsahuje 850mAh dob\u00edjec\u00ed baterii s nab\u00edjen\u00edm typu C.<\/p>\n<p><strong>Ot\u00e1zka: Opravdu m\u00e1 dv\u011b p\u0159\u00edchut\u011b?<\/strong><br \/>\nOdpov\u011b\u010f: Ano. Za\u0159\u00edzen\u00ed m\u00e1 dva odd\u011blen\u00e9 20ml tanky a dv\u011b s\u00ed\u0165ov\u00e9 spir\u00e1lky, tak\u017ee m\u016f\u017eete kdykoli p\u0159ep\u00ednat p\u0159\u00edchut\u011b.<\/p>\n<p><strong>Ot\u00e1zka: Je vhodn\u00fd pro velkoobchod?<\/strong><br \/>\nOdpov\u011b\u010f: Ur\u010dit\u011b. Je velmi \u017e\u00e1dan\u00e1, dlouho vydr\u017e\u00ed a je ide\u00e1ln\u00ed pro vape obchody, distribuci a hromadn\u00e9 objedn\u00e1vky.<\/p>\n<p><strong>Ot\u00e1zka: Jak\u00e1 je s\u00edla nikotinu?<\/strong><br \/>\nOdpov\u011b\u010f: Podle pot\u0159eb trhu si m\u016f\u017eete vybrat 2%, 3% nebo 5%.<\/p>","protected":false},"excerpt":{"rendered":"<p>Vychutnejte si dv\u011b \u00fa\u017easn\u00e9 chut\u011b v jednom za\u0159\u00edzen\u00ed UZY Crystal Twin 50K! \ud83d\udca8 Jednor\u00e1zov\u00e9 za\u0159\u00edzen\u00ed s dlouhou v\u00fddr\u017e\u00ed 50 000 \u0161luk\u016f, chytr\u00fdm LED displejem, dv\u011bma s\u00ed\u0165ov\u00fdmi spir\u00e1lkami a obrovskou kapacitou 40 ml e-liquidu - ide\u00e1ln\u00ed pro ka\u017edodenn\u00ed vapery i velkoobchodn\u00ed odb\u011bratele.<\/p>","protected":false},"featured_media":87550,"comment_status":"open","ping_status":"closed","template":"","meta":[],"product_brand":[254],"product_cat":[253,219,242,137,146,138,141,143],"product_tag":[389,391,392,388,390],"class_list":{"0":"post-87549","1":"product","2":"type-product","3":"status-publish","4":"has-post-thumbnail","6":"product_brand-uzy","7":"product_cat-uzy","8":"product_cat-40000-puffs-disposable-vape","9":"product_cat-60000-puffs-disposable-vape","10":"product_cat-disposable-vapes-in-germany","11":"product_cat-disposable-vapes-in-hungary","12":"product_cat-disposable-vapes-in-ltaly","13":"product_cat-disposable-vapes-in-poland","14":"product_cat-disposable-vapes-in-spain","15":"product_tag-dual-flavor-50k-puffs-vape","16":"product_tag-led-display-high-puff-vape","17":"product_tag-long-lasting-2-in-1-vape-device","18":"product_tag-uzy-crystal-twin-50000-disposable-vape","19":"product_tag-wholesale-disposable-vape-bulk","21":"first","22":"instock","23":"shipping-taxable","24":"purchasable","25":"product-type-variable","26":"has-default-attributes"},"jetpack_sharing_enabled":true,"tiered_pricing_type":"fixed","tiered_pricing_fixed_rules":{"30":7.589999999999999857891452847979962825775146484375,"50":6.20999999999999996447286321199499070644378662109375,"100":5.95999999999999996447286321199499070644378662109375,"200":5.589999999999999857891452847979962825775146484375,"400":5.04000000000000003552713678800500929355621337890625},"tiered_pricing_product_settings":{"layout":"default","base_unit_name":{"singular":null,"plural":null},"default_variation":null},"tiered_pricing_minimum_quantity":10,"tiered_pricing_roles_data":[],"tiered_pricing_percentage_rules":[],"tiered_pricing_maximum_quantity":null,"tiered_pricing_quantity_step":"10","_links":{"self":[{"href":"https:\/\/aiviouvapes.com\/cs\/wp-json\/wp\/v2\/product\/87549","targetHints":{"allow":["GET"]}}],"collection":[{"href":"https:\/\/aiviouvapes.com\/cs\/wp-json\/wp\/v2\/product"}],"about":[{"href":"https:\/\/aiviouvapes.com\/cs\/wp-json\/wp\/v2\/types\/product"}],"replies":[{"embeddable":true,"href":"https:\/\/aiviouvapes.com\/cs\/wp-json\/wp\/v2\/comments?post=87549"}],"wp:featuredmedia":[{"embeddable":true,"href":"https:\/\/aiviouvapes.com\/cs\/wp-json\/wp\/v2\/media\/87550"}],"wp:attachment":[{"href":"https:\/\/aiviouvapes.com\/cs\/wp-json\/wp\/v2\/media?parent=87549"}],"wp:term":[{"taxonomy":"product_brand","embeddable":true,"href":"https:\/\/aiviouvapes.com\/cs\/wp-json\/wp\/v2\/product_brand?post=87549"},{"taxonomy":"product_cat","embeddable":true,"href":"https:\/\/aiviouvapes.com\/cs\/wp-json\/wp\/v2\/product_cat?post=87549"},{"taxonomy":"product_tag","embeddable":true,"href":"https:\/\/aiviouvapes.com\/cs\/wp-json\/wp\/v2\/product_tag?post=87549"}],"curies":[{"name":"wp","href":"https:\/\/api.w.org\/{rel}","templated":true}]}}