{"id":75192,"date":"2025-10-20T15:11:38","date_gmt":"2025-10-20T07:11:38","guid":{"rendered":"https:\/\/aiviouvapes.com\/?post_type=product&#038;p=75192"},"modified":"2026-04-17T13:00:36","modified_gmt":"2026-04-17T05:00:36","slug":"vopk-four-flavors-80k-puffs-4-in-1-adjustable-flavor-bulk-disposable-vape","status":"publish","type":"product","link":"https:\/\/aiviouvapes.com\/cs\/product\/vopk-four-flavors-80k-puffs-4-in-1-adjustable-flavor-bulk-disposable-vape\/","title":{"rendered":"Vopk Four Flavors 80K Puffs | 4 v 1 s nastavitelnou p\u0159\u00edchut\u00ed pro jednor\u00e1zov\u00e9 jednor\u00e1zov\u00e9 vapov\u00e1n\u00ed"},"content":{"rendered":"<h2>Vopk Four Flavors 80K Puffs | 4 v 1 s nastavitelnou p\u0159\u00edchut\u00ed pro jednor\u00e1zov\u00e9 jednor\u00e1zov\u00e9 vapov\u00e1n\u00ed<\/h2>\n<p><!-- Long-Form Product Description --><\/p>\n<p><strong>Vopk \u010cty\u0159i p\u0159\u00edchut\u011b 80K Puffs<\/strong> jednor\u00e1zov\u00fd vape je ur\u010den pro milovn\u00edky chuti a n\u00e1ro\u010dn\u00e9 u\u017eivatele. D\u00edky \u010dty\u0159em nastaviteln\u00fdm p\u0159\u00edchut\u00edm v jedin\u00e9m za\u0159\u00edzen\u00ed, dob\u00edjec\u00ed baterii s kapacitou 650 mAh a p\u016fsobiv\u00e9 kapacit\u011b 80 000 \u0161luk\u016f je ide\u00e1ln\u00ed pro vape obchody, velkoobchody a nad\u0161ence, kte\u0159\u00ed hledaj\u00ed kvalitn\u00ed vapingov\u00e9 z\u00e1\u017eitky.<\/p>\n<p><!-- Why Choose Section --><\/p>\n<h3>Pro\u010d si vybrat Vopk Four Flavors 80K Puffs? \ud83e\udd29<\/h3>\n<ul>\n<li>\ud83d\udca8 A\u017e 80 000 v\u00fddech\u016f - dlouh\u00e1 v\u00fddr\u017e a ide\u00e1ln\u00ed pro n\u00e1ro\u010dn\u00e9 u\u017eivatele<\/li>\n<li>\ud83c\udfa8 4 nastaviteln\u00e9 p\u0159\u00edchut\u011b - p\u0159ep\u00ednejte mezi p\u0159\u00edchut\u011bmi kdykoli pro maxim\u00e1ln\u00ed rozmanitost<\/li>\n<li>\ud83d\udd0b 650mAh dob\u00edjec\u00ed baterie s pohodln\u00fdm nab\u00edjen\u00edm p\u0159es USB typu C<\/li>\n<li>\ud83c\udf00 0,9\u03a9 mesh c\u00edvka - poskytuje hladk\u00e9 mraky a bohatou chu\u0165<\/li>\n<li>\ud83d\udcf1 LED displej - snadn\u00e9 sledov\u00e1n\u00ed stavu baterie a po\u010dtu v\u00fddech\u016f<\/li>\n<li>\ud83d\udce6 Hromadn\u00e9 balen\u00ed - 10 kus\u016f v balen\u00ed, ide\u00e1ln\u00ed pro velkoobchod nebo maloobchod<\/li>\n<li>\ud83c\udf08 10 jedine\u010dn\u00fdch kombinac\u00ed chut\u00ed, kter\u00e9 uspokoj\u00ed ka\u017edou chu\u0165ovou preferenci<\/li>\n<\/ul>\n<p><!-- Specifications Table --><\/p>\n<h3>Specifikace \u2699\ufe0f<\/h3>\n<table>\n<tbody>\n<tr>\n<th>Funkce<\/th>\n<th>Podrobnosti<\/th>\n<\/tr>\n<tr>\n<td>Po\u010det puf\u016f<\/td>\n<td>A\u017e 80 000 vdech\u016f<\/td>\n<\/tr>\n<tr>\n<td>S\u00edla nikotinu<\/td>\n<td>2% \/ 5%<\/td>\n<\/tr>\n<tr>\n<td>Re\u017eimy p\u0159\u00edchut\u00ed<\/td>\n<td>4 nastaviteln\u00e9 p\u0159\u00edchut\u011b<\/td>\n<\/tr>\n<tr>\n<td>Baterie<\/td>\n<td>650mAh dob\u00edjec\u00ed<\/td>\n<\/tr>\n<tr>\n<td>C\u00edvka<\/td>\n<td>C\u00edvka s oky 0,9\u03a9<\/td>\n<\/tr>\n<tr>\n<td>LED displej<\/td>\n<td>Ano<\/td>\n<\/tr>\n<tr>\n<td>Nab\u00edjec\u00ed port<\/td>\n<td>USB Type-C<\/td>\n<\/tr>\n<tr>\n<td>Balen\u00ed<\/td>\n<td>10 ks\/balen\u00ed<\/td>\n<\/tr>\n<\/tbody>\n<\/table>\n<p><!-- Flavors Section --><\/p>\n<h3>P\u0159\u00edchut\u011b \ud83c\udf53\ud83c\udf79<\/h3>\n<p>Prozkoumejte 10 lahodn\u00fdch chu\u0165ov\u00fdch kombinac\u00ed, z nich\u017e ka\u017ed\u00e1 nab\u00edz\u00ed 4 p\u0159\u00edchut\u011b v jednom za\u0159\u00edzen\u00ed:<\/p>\n<ul>\n<li>Melounov\u00e1 zmrzlina \/ Trojit\u00e1 melounov\u00e1 zmrzlina \/ Blue Razz Ice \/ Jahodov\u00e1 zmrzlina<\/li>\n<li>Bor\u016fvka malina \/ Fuji Ice \/ Sm\u00ed\u0161en\u00e9 bobule \/ Bor\u016fvka kokosov\u00e9 bonb\u00f3ny<\/li>\n<li>Jahodov\u00fd meloun \/ Brusinkov\u00fd hrozen \/ Mango Ice \/ Jahodov\u00fd malinov\u00fd bonb\u00f3n<\/li>\n<li>Red Bull Ice \/ Passion Fruit Kiwi Lime \/ Sour Apple Raspberry \/ Strawberry Watermelon Bubblegum<\/li>\n<li>Bor\u016fvkov\u00fd led \/ Broskev Mango Meloun \/ Meloun Jablko \/ Fizzy T\u0159e\u0161\u0148ov\u00fd led<\/li>\n<li>Jahodov\u00e9 mango \/ Jahodov\u00e9 kiwi \/ Melounov\u00e9 dra\u010d\u00ed ovoce \/ Gumov\u00fd medv\u00eddek<\/li>\n<li>L\u00e1ska 66 \/ Malinov\u00fd meloun \/ Jahoda Malina T\u0159e\u0161e\u0148 \/ T\u0159e\u0161e\u0148 Candy Ice<\/li>\n<li>Jahoda Ban\u00e1n \/ Ananas Kokosov\u00fd led \/ Mango Broskev Meru\u0148ka \/ Aloe Mango Meloun<\/li>\n<li>Rainbow Candy \/ Peach Ice \/ Lemon Sour Orange \/ Cranberry Lemon<\/li>\n<li>Kiwi Passion Fruit Guava \/ Strawberry Cherry \/ Grape Ice \/ Strawberry Candy<\/li>\n<\/ul>\n<p><!-- Conclusion --><\/p>\n<p>Ide\u00e1ln\u00ed pro n\u00e1ro\u010dn\u00e9 u\u017eivatele, milovn\u00edky chut\u00ed, vape shopy a velkoobchodn\u00ed distribuci. <strong>Vopk \u010cty\u0159i p\u0159\u00edchut\u011b 80K Puffs<\/strong> nab\u00edz\u00ed bezkonkuren\u010dn\u00ed pohodl\u00ed, rozmanitost a vysok\u00fd v\u00fdkon vapingu. \ud83d\udca5\ud83c\udf79<\/p>\n<p><!-- FAQ Section --><\/p>\n<h3>NEJ\u010cAST\u011aJ\u0160\u00cd DOTAZY \u2753<\/h3>\n<ul>\n<li><strong>Q:<\/strong> Mohu b\u011bhem pou\u017e\u00edv\u00e1n\u00ed m\u011bnit p\u0159\u00edchut\u011b?<br \/>\n<strong>A:<\/strong> Ano! Syst\u00e9m nastaviteln\u00fdch p\u0159\u00edchut\u00ed 4 v 1 v\u00e1m umo\u017en\u00ed kdykoli si vychutnat r\u016fzn\u00e9 p\u0159\u00edchut\u011b. \ud83c\udfa8<\/li>\n<li><strong>Q:<\/strong> Kolik v\u00fddech\u016f baterie zvl\u00e1dne?<br \/>\n<strong>A:<\/strong> S dob\u00edjec\u00ed bateri\u00ed o kapacit\u011b 650 mAh si m\u016f\u017eete u\u017e\u00edvat del\u0161\u00ed vaping a snadn\u00e9 dob\u00edjen\u00ed p\u0159es USB typu C. \ud83d\udd0b<\/li>\n<li><strong>Q:<\/strong> Lze tento p\u0159\u00edstroj znovu naplnit?<br \/>\n<strong>A:<\/strong> Ne, je na jedno pou\u017eit\u00ed, ale lze ji dob\u00edjet pro dlouhodob\u00e9 pou\u017eit\u00ed. \u267b\ufe0f<\/li>\n<li><strong>Q:<\/strong> Kolik kus\u016f je v balen\u00ed?<br \/>\n<strong>A:<\/strong> Ka\u017ed\u00e9 balen\u00ed obsahuje 10 kus\u016f, ide\u00e1ln\u00ed pro velkoobchod a maloobchod. \ud83d\udce6<\/li>\n<li><strong>Q:<\/strong> Pro koho je tato vape ur\u010dena?<br \/>\n<strong>A:<\/strong> Ide\u00e1ln\u00ed pro n\u00e1ro\u010dn\u00e9 u\u017eivatele, milovn\u00edky chut\u00ed, vape shopy a distributory. \ud83c\udf08<\/li>\n<\/ul>","protected":false},"excerpt":{"rendered":"<p>\ud83d\udca8 U\u017eijte si a\u017e 80 000 potah\u016f s jednor\u00e1zovou vapkou Vopk Four Flavors! 4 nastaviteln\u00e9 p\u0159\u00edchut\u011b, dob\u00edjec\u00ed a ide\u00e1ln\u00ed pro n\u00e1ro\u010dn\u00e9 u\u017eivatele nebo velkoobchodn\u00ed distributory vape. \ud83c\udf49\ud83c\udf53<\/p>","protected":false},"featured_media":75260,"comment_status":"open","ping_status":"closed","template":"","meta":[],"product_brand":[245],"product_cat":[39,137,146,138,141,143],"product_tag":[351,349,352,331,350],"class_list":{"0":"post-75192","1":"product","2":"type-product","3":"status-publish","4":"has-post-thumbnail","6":"product_brand-vopk","7":"product_cat-vopk","8":"product_cat-disposable-vapes-in-germany","9":"product_cat-disposable-vapes-in-hungary","10":"product_cat-disposable-vapes-in-ltaly","11":"product_cat-disposable-vapes-in-poland","12":"product_cat-disposable-vapes-in-spain","13":"product_tag-4-in-1-flavor-vape","14":"product_tag-bulk-disposable-vape","15":"product_tag-heavy-user-vape-device","16":"product_tag-rechargeable-disposable-vape","17":"product_tag-vopk-80k-puffs","19":"first","20":"instock","21":"shipping-taxable","22":"purchasable","23":"product-type-variable","24":"has-default-attributes"},"jetpack_sharing_enabled":true,"tiered_pricing_type":"fixed","tiered_pricing_fixed_rules":[],"tiered_pricing_product_settings":{"layout":"default","base_unit_name":{"singular":null,"plural":null},"default_variation":null},"tiered_pricing_minimum_quantity":1000,"tiered_pricing_roles_data":[],"tiered_pricing_percentage_rules":[],"tiered_pricing_maximum_quantity":null,"tiered_pricing_quantity_step":"10","_links":{"self":[{"href":"https:\/\/aiviouvapes.com\/cs\/wp-json\/wp\/v2\/product\/75192","targetHints":{"allow":["GET"]}}],"collection":[{"href":"https:\/\/aiviouvapes.com\/cs\/wp-json\/wp\/v2\/product"}],"about":[{"href":"https:\/\/aiviouvapes.com\/cs\/wp-json\/wp\/v2\/types\/product"}],"replies":[{"embeddable":true,"href":"https:\/\/aiviouvapes.com\/cs\/wp-json\/wp\/v2\/comments?post=75192"}],"wp:featuredmedia":[{"embeddable":true,"href":"https:\/\/aiviouvapes.com\/cs\/wp-json\/wp\/v2\/media\/75260"}],"wp:attachment":[{"href":"https:\/\/aiviouvapes.com\/cs\/wp-json\/wp\/v2\/media?parent=75192"}],"wp:term":[{"taxonomy":"product_brand","embeddable":true,"href":"https:\/\/aiviouvapes.com\/cs\/wp-json\/wp\/v2\/product_brand?post=75192"},{"taxonomy":"product_cat","embeddable":true,"href":"https:\/\/aiviouvapes.com\/cs\/wp-json\/wp\/v2\/product_cat?post=75192"},{"taxonomy":"product_tag","embeddable":true,"href":"https:\/\/aiviouvapes.com\/cs\/wp-json\/wp\/v2\/product_tag?post=75192"}],"curies":[{"name":"wp","href":"https:\/\/api.w.org\/{rel}","templated":true}]}}