{"id":75135,"date":"2025-10-20T15:04:33","date_gmt":"2025-10-20T07:04:33","guid":{"rendered":"https:\/\/aiviouvapes.com\/?post_type=product&#038;p=75135"},"modified":"2026-03-17T13:57:23","modified_gmt":"2026-03-17T05:57:23","slug":"uwin-tornado-triple-60k-puffs-3-in-1-adjustable-flavor-disposable-vape-for-wholesalers","status":"publish","type":"product","link":"https:\/\/aiviouvapes.com\/cs\/product\/uwin-tornado-triple-60k-puffs-3-in-1-adjustable-flavor-disposable-vape-for-wholesalers\/","title":{"rendered":"Uwin Tornado Triple 60K Puffs | 3 v 1 nastaviteln\u00e1 chu\u0165 jednor\u00e1zov\u00e9 vape pro velkoobchody"},"content":{"rendered":"<h2>Uwin Tornado Triple 60K Puffs | 3 v 1 nastaviteln\u00e1 chu\u0165 jednor\u00e1zov\u00e9 vape pro velkoobchody<\/h2>\n<p><!-- Long-Form Product Description --><\/p>\n<p><strong>Uwin Tornado Triple 60K Puffs<\/strong> je dokonal\u00fd jednor\u00e1zov\u00fd vape ur\u010den\u00fd pro milovn\u00edky chuti a n\u00e1ro\u010dn\u00e9 u\u017eivatele. D\u00edky t\u0159em nastaviteln\u00fdm p\u0159\u00edchut\u00edm v jednom za\u0159\u00edzen\u00ed, dob\u00edjec\u00ed baterii a obrovsk\u00e9 kapacit\u011b pro \u0161lukov\u00e1n\u00ed je ide\u00e1ln\u00ed pro vape obchody, velkoobchody a nad\u0161ence, kte\u0159\u00ed hledaj\u00ed vysoce v\u00fdkonn\u00fd vaping.<\/p>\n<p><!-- Why Choose Section --><\/p>\n<h3>Pro\u010d si vybrat Uwin Tornado Triple 60K Puffs? \ud83e\udd29<\/h3>\n<ul>\n<li>\ud83d\udca8 V\u00fddr\u017e a\u017e 60 000 v\u00fddech\u016f - stvo\u0159eno pro n\u00e1ro\u010dn\u00e9 u\u017eivatele a dlouhotrvaj\u00edc\u00ed po\u017eitek z pou\u017e\u00edv\u00e1n\u00ed<\/li>\n<li>\ud83c\udfa8 Nastaviteln\u00e1 trojit\u00e1 p\u0159\u00edchu\u0165 - kdykoli m\u016f\u017eete p\u0159ep\u00ednat mezi 3 vzru\u0161uj\u00edc\u00edmi p\u0159\u00edchut\u011bmi<\/li>\n<li>\ud83d\udd0b 650mAh dob\u00edjec\u00ed baterie s nab\u00edjen\u00edm Type-C pro nep\u0159etr\u017eit\u00fd vaping<\/li>\n<li>\ud83c\udf00 Trojit\u00e1 s\u00ed\u0165ov\u00e1 c\u00edvka - poskytuje bohatou chu\u0165 a hust\u00e9 mraky p\u0159i ka\u017ed\u00e9m \u0161luknut\u00ed<\/li>\n<li>\ud83d\udcf1 LED displej - snadn\u00e9 sledov\u00e1n\u00ed stavu baterie a po\u010dtu vypou\u0161t\u011bn\u00fdch vzduchu<\/li>\n<li>\ud83d\udce6 Hromadn\u00e9 balen\u00ed - 10 ks\/balen\u00ed, ide\u00e1ln\u00ed pro velkoobchod a maloobchod<\/li>\n<li>\ud83c\udf08 12 jedine\u010dn\u00fdch kombinac\u00ed chut\u00ed, kter\u00e9 uspokoj\u00ed ka\u017edou chu\u0165ovou preferenci<\/li>\n<\/ul>\n<p><!-- Specifications Table --><\/p>\n<h3>Specifikace \u2699\ufe0f<\/h3>\n<table>\n<tbody>\n<tr>\n<th>Funkce<\/th>\n<th>Podrobnosti<\/th>\n<\/tr>\n<tr>\n<td>S\u00edla nikotinu<\/td>\n<td>2% \/ 3% \/ 5%<\/td>\n<\/tr>\n<tr>\n<td>Po\u010det puf\u016f<\/td>\n<td>A\u017e 60 000 vdech\u016f<\/td>\n<\/tr>\n<tr>\n<td>Re\u017eimy p\u0159\u00edchut\u00ed<\/td>\n<td>3 nastaviteln\u00e9 p\u0159\u00edchut\u011b<\/td>\n<\/tr>\n<tr>\n<td>N\u00e1dr\u017e na olej<\/td>\n<td>3 n\u00e1dr\u017ee<\/td>\n<\/tr>\n<tr>\n<td>Baterie<\/td>\n<td>650mAh dob\u00edjec\u00ed<\/td>\n<\/tr>\n<tr>\n<td>C\u00edvka<\/td>\n<td>Trojit\u00e1 s\u00ed\u0165ov\u00e1 c\u00edvka<\/td>\n<\/tr>\n<tr>\n<td>LED obrazovka<\/td>\n<td>Ano<\/td>\n<\/tr>\n<tr>\n<td>Nab\u00edjec\u00ed port<\/td>\n<td>Typ C<\/td>\n<\/tr>\n<tr>\n<td>Balen\u00ed<\/td>\n<td>10 ks\/balen\u00ed<\/td>\n<\/tr>\n<\/tbody>\n<\/table>\n<p><!-- Flavors Section --><\/p>\n<h3>P\u0159\u00edchut\u011b \ud83c\udf53\ud83c\udf79<\/h3>\n<p>Vyberte si z 12 lahodn\u00fdch kombinac\u00ed t\u0159\u00ed chut\u00ed:<\/p>\n<ul>\n<li>T\u0159e\u0161\u0148ov\u00fd led a jahoda Red Bull a bor\u016fvkov\u00e1 malina<\/li>\n<li>Bor\u016fvkov\u00fd led a jahodov\u00fd meloun &amp; jahodov\u00fd malinov\u00fd t\u0159e\u0161\u0148ov\u00fd led<\/li>\n<li>R\u016f\u017eov\u00e1 limon\u00e1da a vanilkov\u00fd led &amp; jahodovo-malinov\u00e9 bonbony<\/li>\n<li>Jahodov\u00e9 kiwi a l\u00e1ska 66 (mu\u010denkov\u00fd meloun) a modr\u00fd led Razz<\/li>\n<li>Citronov\u00e1 limetka a jahoda Ban\u00e1n a sm\u011bs ovoce<\/li>\n<li>Melounov\u00fd led &amp; Cola Ice &amp; Pan Blue<\/li>\n<li>Letn\u00ed broskvov\u00fd led a bor\u016fvkov\u00fd malinov\u00fd a jahodov\u00fd Red Bull<\/li>\n<li>Kiwi Mu\u010denka Guava a broskev Mango a malina Meloun<\/li>\n<li>Red Bull &amp; Cherry Ice &amp; Lemon Lime<\/li>\n<li>Jahodov\u00fd led &amp; letn\u00ed broskvov\u00fd led &amp; hroznov\u00fd led<\/li>\n<li>Sm\u00ed\u0161en\u00e9 bobule a dra\u010d\u00ed ovoce Led a jahodov\u00e1 melounov\u00e1 \u017ev\u00fdka\u010dka<\/li>\n<li>T\u0159e\u0161\u0148ov\u00e1 cola a jahoda Vanilkov\u00e1 cola a hroznov\u00e9 bobule<\/li>\n<\/ul>\n<p><!-- Conclusion --><\/p>\n<p>Ide\u00e1ln\u00ed pro n\u00e1ro\u010dn\u00e9 u\u017eivatele, milovn\u00edky chut\u00ed, vape shopy a velkoobchodn\u00ed distribuci. <strong>Uwin Tornado Triple 60K Puffs<\/strong> zaru\u010duje nezapomenuteln\u00fd z\u00e1\u017eitek z vapingu d\u00edky pohodl\u00ed, rozmanitosti a spolehlivosti. \ud83d\udca5\ud83c\udf79<\/p>\n<p><!-- FAQ Section --><\/p>\n<h3>NEJ\u010cAST\u011aJ\u0160\u00cd DOTAZY \u2753<\/h3>\n<ul>\n<li><strong>Q:<\/strong> Jak dlouho vydr\u017e\u00ed baterie?<br \/>\n<strong>A:<\/strong> S dob\u00edjec\u00ed bateri\u00ed o kapacit\u011b 650 mAh si u\u017eijete nep\u0159etr\u017eit\u00fd vaping a snadn\u00e9 dob\u00edjen\u00ed pomoc\u00ed Type-C. \ud83d\udd0b<\/li>\n<li><strong>Q:<\/strong> Mohu b\u011bhem pou\u017e\u00edv\u00e1n\u00ed m\u011bnit p\u0159\u00edchut\u011b?<br \/>\n<strong>A:<\/strong> Ano! Nastaviteln\u00fd syst\u00e9m 3 v 1 umo\u017e\u0148uje okam\u017eitou zm\u011bnu p\u0159\u00edchut\u00ed. \ud83c\udfa8<\/li>\n<li><strong>Q:<\/strong> Lze tento p\u0159\u00edstroj znovu naplnit?<br \/>\n<strong>A:<\/strong> Ne, je to za\u0159\u00edzen\u00ed na jedno pou\u017eit\u00ed, ale lze jej dob\u00edjet pro del\u0161\u00ed pou\u017eit\u00ed. \u267b\ufe0f<\/li>\n<li><strong>Q:<\/strong> Kolik kus\u016f je v jednom balen\u00ed?<br \/>\n<strong>A:<\/strong> Ka\u017ed\u00e9 balen\u00ed obsahuje 10 kus\u016f, ide\u00e1ln\u00ed pro velkoobchod nebo maloobchod. \ud83d\udce6<\/li>\n<li><strong>Q:<\/strong> Pro koho je tento produkt ur\u010den?<br \/>\n<strong>A:<\/strong> Intenzivn\u00ed u\u017eivatel\u00e9, milovn\u00edci chut\u00ed, vape shopy a distributo\u0159i, kte\u0159\u00ed hledaj\u00ed vysoce kvalitn\u00ed jednor\u00e1zov\u00e9 vapes. \ud83c\udf08<\/li>\n<\/ul>","protected":false},"excerpt":{"rendered":"<p>\ud83d\udd25 Za\u017eijte a\u017e 60 000 puf\u016f s Uwin Tornado Triple! Nastaviteln\u00fd syst\u00e9m 3 p\u0159\u00edchut\u00ed, dob\u00edjec\u00ed a ide\u00e1ln\u00ed pro n\u00e1ro\u010dn\u00e9 u\u017eivatele nebo distributory vapingu. \ud83c\udf53\ud83c\udf52<\/p>","protected":false},"featured_media":75144,"comment_status":"open","ping_status":"closed","template":"","meta":[],"product_brand":[247],"product_cat":[224,137,146,138,141,143],"product_tag":[354,353,356,357,355],"class_list":{"0":"post-75135","1":"product","2":"type-product","3":"status-publish","4":"has-post-thumbnail","6":"product_brand-uwin","7":"product_cat-uwin","8":"product_cat-disposable-vapes-in-germany","9":"product_cat-disposable-vapes-in-hungary","10":"product_cat-disposable-vapes-in-ltaly","11":"product_cat-disposable-vapes-in-poland","12":"product_cat-disposable-vapes-in-spain","13":"product_tag-3-in-1-flavor-vaping-device","14":"product_tag-60-k-puff-disposable-vape","15":"product_tag-rechargeable-650mah-disposable-vape","16":"product_tag-triple-mesh-coil-60k-puffs","17":"product_tag-uwin-tornado-triple-vape-wholesale","19":"first","20":"instock","21":"shipping-taxable","22":"purchasable","23":"product-type-variable","24":"has-default-attributes"},"jetpack_sharing_enabled":true,"tiered_pricing_type":"fixed","tiered_pricing_fixed_rules":{"30":9.589999999999999857891452847979962825775146484375,"50":7.78000000000000024868995751603506505489349365234375,"100":7.12999999999999989341858963598497211933135986328125,"200":6.61000000000000031974423109204508364200592041015625,"400":6.160000000000000142108547152020037174224853515625},"tiered_pricing_product_settings":{"layout":"default","base_unit_name":{"singular":null,"plural":null},"default_variation":null},"tiered_pricing_minimum_quantity":10,"tiered_pricing_roles_data":[],"tiered_pricing_percentage_rules":[],"tiered_pricing_maximum_quantity":null,"tiered_pricing_quantity_step":"10","_links":{"self":[{"href":"https:\/\/aiviouvapes.com\/cs\/wp-json\/wp\/v2\/product\/75135","targetHints":{"allow":["GET"]}}],"collection":[{"href":"https:\/\/aiviouvapes.com\/cs\/wp-json\/wp\/v2\/product"}],"about":[{"href":"https:\/\/aiviouvapes.com\/cs\/wp-json\/wp\/v2\/types\/product"}],"replies":[{"embeddable":true,"href":"https:\/\/aiviouvapes.com\/cs\/wp-json\/wp\/v2\/comments?post=75135"}],"wp:featuredmedia":[{"embeddable":true,"href":"https:\/\/aiviouvapes.com\/cs\/wp-json\/wp\/v2\/media\/75144"}],"wp:attachment":[{"href":"https:\/\/aiviouvapes.com\/cs\/wp-json\/wp\/v2\/media?parent=75135"}],"wp:term":[{"taxonomy":"product_brand","embeddable":true,"href":"https:\/\/aiviouvapes.com\/cs\/wp-json\/wp\/v2\/product_brand?post=75135"},{"taxonomy":"product_cat","embeddable":true,"href":"https:\/\/aiviouvapes.com\/cs\/wp-json\/wp\/v2\/product_cat?post=75135"},{"taxonomy":"product_tag","embeddable":true,"href":"https:\/\/aiviouvapes.com\/cs\/wp-json\/wp\/v2\/product_tag?post=75135"}],"curies":[{"name":"wp","href":"https:\/\/api.w.org\/{rel}","templated":true}]}}