{"id":75037,"date":"2025-10-20T14:52:27","date_gmt":"2025-10-20T06:52:27","guid":{"rendered":"https:\/\/aiviouvapes.com\/?post_type=product&#038;p=75037"},"modified":"2026-03-17T13:59:28","modified_gmt":"2026-03-17T05:59:28","slug":"uzy-crystal-four-flavors-100000-puffs-%f0%9f%92%8e-4-in-1-quad-mesh-coil-rechargeable-disposable-vape","status":"publish","type":"product","link":"https:\/\/aiviouvapes.com\/cs\/product\/uzy-crystal-four-flavors-100000-puffs-%f0%9f%92%8e-4-in-1-quad-mesh-coil-rechargeable-disposable-vape\/","title":{"rendered":"UZY Crystal 100 000 pot\u00e1hnut\u00ed | 100k 4 v 1 quad mesh coil dob\u00edjec\u00ed jednor\u00e1zov\u00fd vape \u010dty\u0159i p\u0159\u00edchut\u011b"},"content":{"rendered":"<h2>UZY Crystal Four Flavors 100000 Puffs \ud83d\udc8e | Nab\u00edjec\u00ed jednor\u00e1zov\u00e1 vapka 4 v 1 se \u010dty\u0159mi s\u00ed\u0165ov\u00fdmi c\u00edvkami<\/h2>\n<p><strong>UZY Crystal Four Flavors 100000 Puffs<\/strong> posouv\u00e1 inovace vapingu na dal\u0161\u00ed \u00farove\u0148. Toto za\u0159\u00edzen\u00ed je ur\u010deno pro u\u017eivatele, kte\u0159\u00ed tou\u017e\u00ed po rozmanitosti a v\u00fdkonu, a umo\u017e\u0148uje p\u0159ep\u00ednat mezi <strong>\u010dty\u0159i lahodn\u00e9 vestav\u011bn\u00e9 p\u0159\u00edchut\u011b<\/strong> jednoduch\u00fdm oto\u010den\u00edm nebo zm\u011bnou tla\u010d\u00edtka.<br \/>\nProvozov\u00e1no na a <strong>dob\u00edjec\u00ed baterie s kapacitou 650 mAh<\/strong> a p\u0159edstavuj\u00edc\u00ed <strong>c\u00edvky se \u010dty\u0159mi oky<\/strong> pro lep\u0161\u00ed p\u00e1ru a chu\u0165, poskytuje hladk\u00fd a uspokojiv\u00fd vape p\u0159i ka\u017ed\u00e9m potahu.<br \/>\nThe <strong>Chytr\u00e1 obrazovka LED<\/strong> zobrazuje v\u00fddr\u017e baterie i hladinu e-liquidu, tak\u017ee m\u00e1te v\u017edy v\u0161e pod kontrolou. Jeho <strong>design k\u0159i\u0161\u0165\u00e1lov\u00e9 sko\u0159epiny<\/strong> dod\u00e1v\u00e1 styl, kter\u00fd upout\u00e1 ka\u017ed\u00fd pohled.<\/p>\n<h3>Pro\u010d si vybrat UZY Crystal 100000 Puffs?<\/h3>\n<ul>\n<li>\ud83d\udca8 <strong>Masivn\u00ed 100 000 vdech\u016f<\/strong> - ide\u00e1ln\u00ed pro dlouhotrvaj\u00edc\u00ed po\u017eitek bez p\u0159eru\u0161en\u00ed.<\/li>\n<li>\ud83c\udf08 <strong>Syst\u00e9m p\u0159\u00edchut\u00ed 4 v 1<\/strong> - vychutnejte si \u010dty\u0159i r\u016fzn\u00e9 chut\u011b v jednom elegantn\u00edm za\u0159\u00edzen\u00ed.<\/li>\n<li>\ud83d\udd25 <strong>C\u00edvka se \u010dty\u0159mi oky (1,0\u03a9)<\/strong> - p\u0159in\u00e1\u0161\u00ed bohatou chu\u0165 a hladk\u00fd oblak p\u00e1ry.<\/li>\n<li>\ud83d\udd0b <strong>Dob\u00edjec\u00ed baterie 650 mAh<\/strong> - spolehliv\u00e9 a ekologick\u00e9 d\u00edky rychl\u00e9mu nab\u00edjen\u00ed typu C.<\/li>\n<li>\ud83d\udca1 <strong>LED displej<\/strong> - p\u0159ehledn\u011b zobrazuje stav e-liquidu a baterie.<\/li>\n<li>\ud83d\udc8e <strong>K\u0159i\u0161\u0165\u00e1lov\u00e1 sko\u0159epina<\/strong> - prvot\u0159\u00eddn\u00ed pr\u016fhledn\u00fd design, kter\u00fd z\u00e1\u0159\u00ed p\u0159i ka\u017ed\u00e9m pot\u00e1hnut\u00ed.<\/li>\n<li>\ud83e\uddc3 <strong>Kapacita e-liquidu 56 ml<\/strong> - v\u00edce \u0161\u0165\u00e1vy, m\u00e9n\u011b obav, \u017ee dojde.<\/li>\n<li>\u2699\ufe0f <strong>V\u00edce mo\u017enost\u00ed nikotinu<\/strong> - k dispozici v proveden\u00edch 0%, 2%, 3% a 5% pro r\u016fzn\u00e9 preference.<\/li>\n<li>\ud83d\udce6 <strong>Velkoobchodn\u00ed balen\u00ed<\/strong> - 10 ks v krabici, 120 ks v kartonu.<\/li>\n<\/ul>\n<h3>Specifikace<\/h3>\n<table>\n<tbody>\n<tr>\n<th>Funkce<\/th>\n<th>Specifikace<\/th>\n<\/tr>\n<tr>\n<td>Po\u010det puf\u016f<\/td>\n<td>100 000 vdech\u016f na za\u0159\u00edzen\u00ed<\/td>\n<\/tr>\n<tr>\n<td>P\u0159\u00edchut\u011b<\/td>\n<td>4 r\u016fzn\u00e9 vestav\u011bn\u00e9 p\u0159\u00edchut\u011b<\/td>\n<\/tr>\n<tr>\n<td>C\u00edvka<\/td>\n<td>\u010cty\u0159n\u00e1sobn\u00e1 s\u00ed\u0165ov\u00e1 c\u00edvka, 1,0 ohm<\/td>\n<\/tr>\n<tr>\n<td>Kapacita e-liquidu<\/td>\n<td>56 ml<\/td>\n<\/tr>\n<tr>\n<td>S\u00edla nikotinu<\/td>\n<td>0%, 2%, 3%, 5%<\/td>\n<\/tr>\n<tr>\n<td>Baterie<\/td>\n<td>650 mAh, dob\u00edjec\u00ed typ C<\/td>\n<\/tr>\n<tr>\n<td>Displej<\/td>\n<td>Chytr\u00e1 obrazovka LED (indik\u00e1tory baterie a e-liquidu)<\/td>\n<\/tr>\n<tr>\n<td>Design<\/td>\n<td>Pr\u016fhledn\u00e1 sko\u0159epina ve stylu k\u0159i\u0161\u0165\u00e1lu<\/td>\n<\/tr>\n<tr>\n<td>Hmotnost<\/td>\n<td>P\u0159ibli\u017en\u011b 140 g na za\u0159\u00edzen\u00ed<\/td>\n<\/tr>\n<tr>\n<td>Balen\u00ed<\/td>\n<td>10 ks\/krabice, 120 ks\/karton (hrub\u00e1 hmotnost ~18 kg)<\/td>\n<\/tr>\n<\/tbody>\n<\/table>\n<h3>\u0158ada p\u0159\u00edchut\u00ed \ud83c\udf53\ud83c\udf49\ud83c\udf47\ud83c\udf52<\/h3>\n<ol>\n<li>Jahodov\u00fd meloun &amp; Blue Razz Ice &amp; Blueberry Raspberry Cherry &amp; Fizzy Cherry Ice<\/li>\n<li>Broskvov\u00fd led &amp; bor\u016fvka t\u0159e\u0161e\u0148 &amp; energetick\u00fd n\u00e1poj &amp; meloun li\u010di<\/li>\n<li>Bor\u016fvkov\u00fd led &amp; jahodov\u00fd ban\u00e1n &amp; dv\u011b jablka &amp; ku\u017eelky<\/li>\n<li>T\u0159e\u0161\u0148ov\u00fd led a hroznov\u00fd led a mu\u010denka Mango a l\u00e1ska 66<\/li>\n<li>Bor\u016fvkov\u00fd led a mango Broskev Meru\u0148ka a kiwi Mu\u010denka Guava a b\u00edl\u00e1 broskev Razz<\/li>\n<li>Broskev Mango Ananas a bor\u016fvka Malina a citron Limetka a meloun \u017dv\u00fdka\u010dka<\/li>\n<li>Sm\u00ed\u0161en\u00e9 bobule a mu\u010denka Kiwi Limetka a brusinka Hroznov\u00e9 v\u00edno a jahoda Kiwi<\/li>\n<li>Jahodov\u00e1 zmrzlina &amp; gumov\u00fd medv\u00eddek &amp; meloun Dra\u010d\u00ed ovoce &amp; bor\u016fvkov\u00e9 kiwi<\/li>\n<li>Melounov\u00fd led &amp; Blue Razz T\u0159e\u0161e\u0148 &amp; meloun Kysel\u00e1 broskev &amp; mu\u010denka Kiwi<\/li>\n<li>Jahodov\u00e9 mango &amp; MR Blue &amp; Summer Peach Ice &amp; Black Ice<\/li>\n<\/ol>\n<h3>Pro koho je ur\u010dena?<\/h3>\n<p>\u2714\ufe0f <strong>T\u011b\u017ec\u00ed u\u017eivatel\u00e9<\/strong> kte\u0159\u00ed pot\u0159ebuj\u00ed v\u00fdkonn\u00e9 za\u0159\u00edzen\u00ed s dlouhou \u017eivotnost\u00ed.<br \/>\n\u2714\ufe0f <strong>Lovci chut\u00ed<\/strong> kte\u0159\u00ed miluj\u00ed rozmanitost a intenzivn\u00ed chu\u0165.<br \/>\n\u2714\ufe0f <strong>Vape obchody<\/strong> hled\u00e1 maloobchodn\u00ed produkty s vysokou popt\u00e1vkou.<br \/>\n\u2714\ufe0f <strong>Velkoobchodn\u00ed distributo\u0159i<\/strong> obsluhuj\u00edc\u00ed trh EU (N\u011bmecko, Francie, \u0160pan\u011blsko, It\u00e1lie, Nizozemsko atd.).<\/p>\n<p><img data-recalc-dims=\"1\" decoding=\"async\" style=\"max-width: 100%; height: auto; display: block; margin: 0 auto;\" src=\"https:\/\/i0.wp.com\/aiviouvapes.com\/wp-content\/uploads\/2025\/10\/UZY-Crystal-Four-Flavors-100000-Puffs-Authentic-Disposable-Vape-Low-Nicotine-Bulk-Buy-Wholesale-5-scaled-1.webp?w=1020&#038;ssl=1\" alt=\"UZY Crystal Four Flavors 100000 Puffs\" title=\"\"><\/p>\n<h3>\u010cASTO KLADEN\u00c9 DOTAZY<\/h3>\n<ul>\n<li><strong>Q:<\/strong> Kolik p\u0159\u00edchut\u00ed je v ka\u017ed\u00e9m za\u0159\u00edzen\u00ed?<br \/>\n<strong>A:<\/strong> Ka\u017ed\u00e1 jednotka obsahuje \u010dty\u0159i p\u0159edpln\u011bn\u00e9 p\u0159\u00edchut\u011b - nen\u00ed nutn\u00e9 je dopl\u0148ovat.<\/li>\n<li><strong>Q:<\/strong> Mohu ji dob\u00edt?<br \/>\n<strong>A:<\/strong> Ano! Je vybaven portem Type-C pro rychl\u00e9 dob\u00edjen\u00ed.<\/li>\n<li><strong>Q:<\/strong> Jak\u00e9 hladiny nikotinu jsou k dispozici?<br \/>\n<strong>A:<\/strong> Podle preferenc\u00ed si m\u016f\u017eete vybrat mezi nikotinem 0%, 2%, 3% nebo 5%.<\/li>\n<li><strong>Q:<\/strong> Jak pozn\u00e1m, kdy je t\u0159eba ji dob\u00edt nebo vym\u011bnit?<br \/>\n<strong>A:<\/strong> LED displej zobrazuje v re\u00e1ln\u00e9m \u010dase stav e-liquidu i baterie.<\/li>\n<li><strong>Q:<\/strong> Je vhodn\u00fd pro maloobchod nebo velkoobchod?<br \/>\n<strong>A:<\/strong> Ano - hod\u00ed se jak pro individu\u00e1ln\u00ed maloobchodn\u00ed prodej, tak pro velkoplo\u0161nou distribuci.<\/li>\n<\/ul>\n<p>&nbsp;<\/p>\n<p><strong>UZY Crystal Four Flavors 100000 Puffs<\/strong> nov\u011b definuje jednor\u00e1zov\u00fd vaping - \u00fa\u017easn\u00fd k\u0159i\u0161\u0165\u00e1lov\u00fd design, chytr\u00fd LED displej a \u010dty\u0159i chu\u0165ov\u00e9 z\u00e1\u017eitky v jednom za\u0159\u00edzen\u00ed.<br \/>\nA\u0165 u\u017e jste <strong>t\u011b\u017ek\u00fd vaper<\/strong> nebo <strong>majitel obchodu<\/strong> roz\u0161i\u0159uje va\u0161i sestavu a p\u0159in\u00e1\u0161\u00ed v\u00fdjime\u010dn\u00fd v\u00fdkon a styl. \ud83d\udca8\u2728<\/p>\n<p>&nbsp;<\/p>","protected":false},"excerpt":{"rendered":"<p>U\u017eijte si <strong>\u010dty\u0159i neuv\u011b\u0159iteln\u00e9 p\u0159\u00edchut\u011b<\/strong> v jedn\u00e9 elegantn\u00ed k\u0159i\u0161\u0165\u00e1lov\u00e9 vape! Na <strong>UZY Crystal 100000 Puffs<\/strong> kombinuje <strong>c\u00edvka se \u010dty\u0159mi oky<\/strong>, <strong>Chytr\u00e1 obrazovka LED<\/strong>a <strong>Dob\u00edjen\u00ed typu C<\/strong> pro prvot\u0159\u00eddn\u00ed dlouhotrvaj\u00edc\u00ed z\u00e1\u017eitek - ide\u00e1ln\u00ed pro maloobchodn\u00ed i velkoobchodn\u00ed z\u00e1kazn\u00edky v cel\u00e9 Evrop\u011b. \u26a1<\/p>","protected":false},"featured_media":75038,"comment_status":"open","ping_status":"closed","template":"","meta":[],"product_brand":[254],"product_cat":[253,137,146,138,141,143],"product_tag":[359,361,358,362,360],"class_list":{"0":"post-75037","1":"product","2":"type-product","3":"status-publish","4":"has-post-thumbnail","6":"product_brand-uzy","7":"product_cat-uzy","8":"product_cat-disposable-vapes-in-germany","9":"product_cat-disposable-vapes-in-hungary","10":"product_cat-disposable-vapes-in-ltaly","11":"product_cat-disposable-vapes-in-poland","12":"product_cat-disposable-vapes-in-spain","13":"product_tag-4-in-1-quad-mesh-coil-vape-device","14":"product_tag-high-capacity-disposable-vape-56ml","15":"product_tag-rechargeable-100000-puff-disposable-vape","16":"product_tag-switchable-multi-flavour-disposable-vape","17":"product_tag-uzy-crystal-four-flavours-vape","19":"first","20":"instock","21":"shipping-taxable","22":"purchasable","23":"product-type-variable","24":"has-default-attributes"},"jetpack_sharing_enabled":true,"tiered_pricing_type":"fixed","tiered_pricing_fixed_rules":{"30":9.980000000000000426325641456060111522674560546875,"50":8.1699999999999999289457264239899814128875732421875,"100":7.910000000000000142108547152020037174224853515625,"200":7.2599999999999997868371792719699442386627197265625,"400":6.7400000000000002131628207280300557613372802734375},"tiered_pricing_product_settings":{"layout":"default","base_unit_name":{"singular":null,"plural":null},"default_variation":null},"tiered_pricing_minimum_quantity":10,"tiered_pricing_roles_data":[],"tiered_pricing_percentage_rules":[],"tiered_pricing_maximum_quantity":null,"tiered_pricing_quantity_step":"10","_links":{"self":[{"href":"https:\/\/aiviouvapes.com\/cs\/wp-json\/wp\/v2\/product\/75037","targetHints":{"allow":["GET"]}}],"collection":[{"href":"https:\/\/aiviouvapes.com\/cs\/wp-json\/wp\/v2\/product"}],"about":[{"href":"https:\/\/aiviouvapes.com\/cs\/wp-json\/wp\/v2\/types\/product"}],"replies":[{"embeddable":true,"href":"https:\/\/aiviouvapes.com\/cs\/wp-json\/wp\/v2\/comments?post=75037"}],"wp:featuredmedia":[{"embeddable":true,"href":"https:\/\/aiviouvapes.com\/cs\/wp-json\/wp\/v2\/media\/75038"}],"wp:attachment":[{"href":"https:\/\/aiviouvapes.com\/cs\/wp-json\/wp\/v2\/media?parent=75037"}],"wp:term":[{"taxonomy":"product_brand","embeddable":true,"href":"https:\/\/aiviouvapes.com\/cs\/wp-json\/wp\/v2\/product_brand?post=75037"},{"taxonomy":"product_cat","embeddable":true,"href":"https:\/\/aiviouvapes.com\/cs\/wp-json\/wp\/v2\/product_cat?post=75037"},{"taxonomy":"product_tag","embeddable":true,"href":"https:\/\/aiviouvapes.com\/cs\/wp-json\/wp\/v2\/product_tag?post=75037"}],"curies":[{"name":"wp","href":"https:\/\/api.w.org\/{rel}","templated":true}]}}