{"id":74990,"date":"2025-10-18T14:41:39","date_gmt":"2025-10-18T06:41:39","guid":{"rendered":"https:\/\/aiviouvapes.com\/?post_type=product&#038;p=74990"},"modified":"2026-04-17T13:00:36","modified_gmt":"2026-04-17T05:00:36","slug":"waspe-40k-double-flavor-twins-40000-puffs-dual-flavor-disposable-vape-%f0%9f%92%a8-1-piece-trial-pack","status":"publish","type":"product","link":"https:\/\/aiviouvapes.com\/cs\/product\/waspe-40k-double-flavor-twins-40000-puffs-dual-flavor-disposable-vape-%f0%9f%92%a8-1-piece-trial-pack\/","title":{"rendered":"WASPE 40K Double Flavor Twins 40000 Puffs | dual flavor jednor\u00e1zov\u00e9 vape \ud83d\udca8 (1 ks zku\u0161ebn\u00ed balen\u00ed)"},"content":{"rendered":"<p><img data-recalc-dims=\"1\" decoding=\"async\" style=\"max-width: 100%; height: auto; display: block; margin: 0 auto;\" src=\"https:\/\/i0.wp.com\/aiviouvapes.com\/wp-content\/uploads\/2025\/10\/%E5%9C%BA%E6%99%AF030150.jpg?w=1020&#038;ssl=1\" alt=\"WASPE 40K Double Flavor\" title=\"\"><\/p>\n<h1>WASPE 40K Double Flavor Twins 40000 Puffs | dual flavor jednor\u00e1zov\u00e9 vape \ud83d\udca8 (1 ks zku\u0161ebn\u00ed balen\u00ed)<\/h1>\n<h2>P\u0159ehled produkt\u016f<\/h2>\n<p>The <strong>WASPE 40K Double Flavour Twins<\/strong> je ur\u010den pro vapery, kte\u0159\u00ed miluj\u00ed rozmanitost, hladk\u00e9 mraky a prvot\u0159\u00eddn\u00ed kvalitu chuti. Ka\u017ed\u00e9 za\u0159\u00edzen\u00ed obsahuje <strong>dv\u011b odli\u0161n\u00e9 p\u0159\u00edchut\u011b<\/strong> mezi kter\u00fdmi m\u016f\u017eete snadno p\u0159ep\u00ednat - zdvojn\u00e1sob\u00edte tak sv\u016fj po\u017eitek, ani\u017e byste museli nosit v\u00edce vapes.<br \/>\nS velkorys\u00fdm <strong>Kapacita e-liquidu 36 ml<\/strong> a dlouhotrvaj\u00edc\u00ed <strong>Baterie s kapacitou 850 mAh<\/strong>, budete m\u00edt konzistentn\u00ed chu\u0165 po cel\u00fd den. Jeho <strong>konstrukce c\u00edvky se dv\u011bma oky<\/strong> zvy\u0161uje hladkost p\u00e1ry a bohatost chuti, zat\u00edmco <strong>Dob\u00edjen\u00ed typu C<\/strong> zaji\u0161\u0165uje rychl\u00e9 a efektivn\u00ed nab\u00edjen\u00ed pro nep\u0159etr\u017eit\u00fd po\u017eitek z vapov\u00e1n\u00ed.<\/p>\n<h3>Kl\u00ed\u010dov\u00e9 vlastnosti<\/h3>\n<ul>\n<li>\ud83d\udca8 <strong>A\u017e 40 000 vdech\u016f<\/strong> - u\u017e\u00edvat si dlouhodob\u00e9 spokojenosti.<\/li>\n<li>\ud83c\udf53 <strong>Dvojit\u00fd syst\u00e9m p\u0159\u00edchut\u00ed<\/strong> - kdykoli p\u0159ep\u00ednat mezi dv\u011bma vzru\u0161uj\u00edc\u00edmi chut\u011bmi.<\/li>\n<li>\ud83d\udd25 <strong>Dvojit\u00e9 s\u00ed\u0165ovan\u00e9 c\u00edvky<\/strong> - siln\u011bj\u0161\u00ed chu\u0165, hlad\u0161\u00ed p\u00e1ra.<\/li>\n<li>\ud83e\uddc3 <strong>36 ml e-liquidu<\/strong> - del\u0161\u00ed pou\u017e\u00edv\u00e1n\u00ed bez nutnosti dopl\u0148ov\u00e1n\u00ed.<\/li>\n<li>\ud83d\udd0b <strong>Dob\u00edjec\u00ed baterie 850 mAh<\/strong> - konzistentn\u00ed a spolehliv\u00fd v\u00fdkon.<\/li>\n<li>\u26a1 <strong>Rychl\u00e9 nab\u00edjen\u00ed typu C<\/strong> - efektivn\u011b dob\u00edjet s minim\u00e1ln\u00edmi prostoji.<\/li>\n<li>\ud83d\udc4c <strong>Kompaktn\u00ed a p\u0159enosn\u00fd design<\/strong> - ide\u00e1ln\u00ed pro ka\u017edodenn\u00ed no\u0161en\u00ed.<\/li>\n<li>\ud83d\udecd\ufe0f <strong>Maloobchodn\u00ed varianta 1 kus<\/strong> - ide\u00e1ln\u00ed pro testov\u00e1n\u00ed nebo osobn\u00ed pou\u017eit\u00ed.<\/li>\n<\/ul>\n<h3>Specifikace<\/h3>\n<table>\n<tbody>\n<tr>\n<th>Funkce<\/th>\n<th>Specifikace<\/th>\n<\/tr>\n<tr>\n<td>Kapacita puff\u016f<\/td>\n<td>A\u017e 40 000 vdech\u016f<\/td>\n<\/tr>\n<tr>\n<td>Kapacita e-liquidu<\/td>\n<td>36 ml<\/td>\n<\/tr>\n<tr>\n<td>Baterie<\/td>\n<td>850 mAh (dob\u00edjec\u00ed)<\/td>\n<\/tr>\n<tr>\n<td>Mo\u017enosti nikotinu<\/td>\n<td>0%, 2% nebo 5%<\/td>\n<\/tr>\n<tr>\n<td>Typ c\u00edvky<\/td>\n<td>Dvojit\u00e9 s\u00ed\u0165ovan\u00e9 c\u00edvky<\/td>\n<\/tr>\n<tr>\n<td>Syst\u00e9m p\u0159\u00edchut\u00ed<\/td>\n<td>2 p\u0159\u00edchut\u011b na za\u0159\u00edzen\u00ed (p\u0159ep\u00edna\u010d dvou p\u0159\u00edchut\u00ed)<\/td>\n<\/tr>\n<tr>\n<td>Nab\u00edjen\u00ed<\/td>\n<td>Rychl\u00e9 nab\u00edjen\u00ed typu C<\/td>\n<\/tr>\n<tr>\n<td>Design<\/td>\n<td>P\u0159enosn\u00e9, p\u0159ipraven\u00e9 k pou\u017eit\u00ed, bez\u00fadr\u017ebov\u00e9<\/td>\n<\/tr>\n<\/tbody>\n<\/table>\n<h3>Kombinace chut\u00ed \ud83c\udf47\ud83c\udf49\ud83c\udf4b<\/h3>\n<ol>\n<li>Melounov\u00fd led a citronov\u00e1 limetka<\/li>\n<li>\u0160umiv\u00fd t\u0159e\u0161\u0148ov\u00fd led a bor\u016fvkov\u00e1 cukrov\u00e1 vata<\/li>\n<li>Jahoda Meloun &amp; bor\u016fvka Malina<\/li>\n<li>Red Bull Ice &amp; Strawberry Mango<\/li>\n<li>Broskvov\u00fd led a ananas Mango Peach<\/li>\n<li>Hroznov\u00fd led a jahodov\u00e9 kiwi<\/li>\n<li>Sm\u00ed\u0161en\u00e9 bobule a dvojit\u00e9 jablko<\/li>\n<li>Blue Razz Lemonade &amp; Watermelon Bubblegum<\/li>\n<li>Jahoda malina t\u0159e\u0161e\u0148 a l\u00e1ska 666<\/li>\n<li>Jahodov\u00fd ban\u00e1n a ananasov\u00fd kokosov\u00fd led<\/li>\n<li>Jahoda Meloun \u017dv\u00fdka\u010dka a sm\u00ed\u0161en\u00e9 ovoce<\/li>\n<li>T\u0159e\u0161\u0148ov\u00fd led a jahodovo-malinov\u00e9 bonbony<\/li>\n<li>Kysel\u00e9 jablko malina a jahoda velk\u00e9 Bang<\/li>\n<li>Broskvov\u00e9 bobule a meloun Mango Peach<\/li>\n<li>Bor\u016fvkov\u00fd led a led z \u010dern\u00e9ho draka<\/li>\n<li>Jahoda t\u0159e\u0161e\u0148 a kiwi mu\u010denka<\/li>\n<li>Gumov\u00fd medv\u00eddek a jahodov\u00e1 cola<\/li>\n<li>Ban\u00e1nov\u00fd ananasov\u00fd led a Red Bull Led<\/li>\n<li>Red Bull Jahoda a \u010dern\u00fd ryb\u00edz Ice<\/li>\n<li>Trojit\u00fd melounov\u00fd led a malinov\u00fd meloun<\/li>\n<\/ol>\n<h3>Ide\u00e1ln\u00ed pro<\/h3>\n<p>\u2714\ufe0f Maloobchodn\u00ed z\u00e1kazn\u00edci, kte\u0159\u00ed hledaj\u00ed pr\u00e9miovou, snadno pou\u017eitelnou vape.<br \/>\n\u2714\ufe0f Z\u00e1kazn\u00edci, kte\u0159\u00ed r\u00e1di p\u0159ep\u00ednaj\u00ed mezi dv\u011bma p\u0159\u00edchut\u011bmi.<br \/>\n\u2714\ufe0f Distributo\u0159i obsluhuj\u00edc\u00ed trhy EU, jako je N\u011bmecko, Francie, \u0160pan\u011blsko a Nizozemsko.<br \/>\n\u2714\ufe0f Za\u010d\u00ednaj\u00edc\u00ed vape\u0159i hledaj\u00ed dob\u00edjec\u00ed za\u0159\u00edzen\u00ed s vysokou kapacitou.<\/p>\n<h3>\u010cASTO KLADEN\u00c9 DOTAZY<\/h3>\n<ul>\n<li><strong>Q:<\/strong> Kolik p\u0159\u00edchut\u00ed obsahuje?<br \/>\n<strong>A:<\/strong> Dv\u011b - ka\u017ed\u00e9 za\u0159\u00edzen\u00ed obsahuje dv\u011b p\u0159edpln\u011bn\u00e9 p\u0159\u00edchut\u011b pro dvoj\u00ed z\u00e1\u017eitek.<\/li>\n<li><strong>Q:<\/strong> Jak dlouho vydr\u017e\u00ed?<br \/>\n<strong>A:<\/strong> A\u017e 40 000 vdech\u016f na jedno za\u0159\u00edzen\u00ed.<\/li>\n<li><strong>Q:<\/strong> Jak\u00e9 hladiny nikotinu jsou k dispozici?<br \/>\n<strong>A:<\/strong> 0%, 2% nebo 5% - vyberte si preferovanou s\u00edlu.<\/li>\n<li><strong>Q:<\/strong> D\u00e1 se dob\u00edjet?<br \/>\n<strong>A:<\/strong> Ano, s nab\u00edjec\u00edm portem typu C.<\/li>\n<li><strong>Q:<\/strong> Mus\u00edm ji dopl\u0148ovat nebo udr\u017eovat?<br \/>\n<strong>A:<\/strong> Ne - je zcela jednor\u00e1zov\u00fd a bez\u00fadr\u017ebov\u00fd.<\/li>\n<\/ul>\n<p><strong>Z\u00e1v\u011br:<\/strong> The <strong>WASPE 40K Double Flavour Twins<\/strong> poskytuje bezkonkuren\u010dn\u00ed pohodl\u00ed a chu\u0165ovou flexibilitu v kompaktn\u00edm proveden\u00ed.<br \/>\nVychutnejte si svobodu p\u0159ep\u00edn\u00e1n\u00ed mezi dv\u011bma charakteristick\u00fdmi p\u0159\u00edchut\u011bmi, podpo\u0159enou dv\u011bma s\u00ed\u0165ov\u00fdmi spir\u00e1lkami a dlouhotrvaj\u00edc\u00edm v\u00fdkonem - nyn\u00ed k dispozici jako <strong>1 kus zku\u0161ebn\u00edho balen\u00ed<\/strong> pro maloobchodn\u00ed z\u00e1kazn\u00edky v cel\u00e9 Evrop\u011b. \ud83d\udca8\u2728<\/p>\n<p>&nbsp;<\/p>","protected":false},"excerpt":{"rendered":"<p><em>Minim\u00e1ln\u00ed objednac\u00ed mno\u017estv\u00ed tohoto produktu je jeden kus.<\/em><br \/>\nObjevte <strong>WASPE 40K Double Flavour Twins<\/strong> - v\u00fdkonn\u00fd jednor\u00e1zov\u00fd vape, kter\u00fd kombinuje <strong>dv\u011b jedine\u010dn\u00e9 p\u0159\u00edchut\u011b<\/strong> a a\u017e <strong>40 000 \u0161luk\u016f<\/strong> spokojenosti. S <strong>36 ml e-liquidu<\/strong>, <strong>dvojit\u00e9 mesh c\u00edvky<\/strong>a <strong>Nab\u00edjen\u00ed typu C<\/strong>, je to dokonal\u00e1 rovnov\u00e1ha mezi chut\u00ed a pohodl\u00edm. K dost\u00e1n\u00ed nyn\u00ed pro <strong>Zku\u0161ebn\u00ed n\u00e1kup 1 kusu<\/strong> v Evrop\u011b. \ud83c\udf08<\/p>\n<style>\n#moqsection1 {display:none}<br \/>\n<\/style>\n<script>window.addEventListener(\"load\", function () {\r\n    setTimeout(function () {\r\n        var restricted = document.querySelector(\"p.restricted_country\");\r\n        if (!restricted) return;\r\n\r\n        var url = new URL(window.location.href);\r\n\r\n        \/\/ If \"new\" param is already present, do nothing\r\n        if (url.searchParams.has(\"new\")) return;\r\n\r\n        \/\/ Add ?new (or &new) once\r\n        url.searchParams.append(\"new\", \"\");\r\n\r\n        window.location.href = url.toString();\r\n    }, 5000); \/\/ 5 seconds\r\n});<\/script>","protected":false},"featured_media":74919,"comment_status":"open","ping_status":"closed","template":"","meta":[],"product_brand":[227],"product_cat":[19,137,146,138,141,143,573],"product_tag":[338],"class_list":{"0":"post-74990","1":"product","2":"type-product","3":"status-publish","4":"has-post-thumbnail","6":"product_brand-waspe","7":"product_cat-waspe","8":"product_cat-disposable-vapes-in-germany","9":"product_cat-disposable-vapes-in-hungary","10":"product_cat-disposable-vapes-in-ltaly","11":"product_cat-disposable-vapes-in-poland","12":"product_cat-disposable-vapes-in-spain","13":"product_cat-new-3","14":"product_tag-samples","16":"first","17":"instock","18":"shipping-taxable","19":"product-type-variable","20":"has-default-attributes"},"jetpack_sharing_enabled":true,"tiered_pricing_type":"fixed","tiered_pricing_fixed_rules":{"3":19.89999999999999857891452847979962825775146484375,"5":15.9000000000000003552713678800500929355621337890625},"tiered_pricing_product_settings":{"layout":"default","base_unit_name":{"singular":null,"plural":null},"default_variation":null},"tiered_pricing_minimum_quantity":null,"tiered_pricing_roles_data":[],"tiered_pricing_percentage_rules":[],"tiered_pricing_maximum_quantity":null,"tiered_pricing_quantity_step":null,"_links":{"self":[{"href":"https:\/\/aiviouvapes.com\/cs\/wp-json\/wp\/v2\/product\/74990","targetHints":{"allow":["GET"]}}],"collection":[{"href":"https:\/\/aiviouvapes.com\/cs\/wp-json\/wp\/v2\/product"}],"about":[{"href":"https:\/\/aiviouvapes.com\/cs\/wp-json\/wp\/v2\/types\/product"}],"replies":[{"embeddable":true,"href":"https:\/\/aiviouvapes.com\/cs\/wp-json\/wp\/v2\/comments?post=74990"}],"wp:featuredmedia":[{"embeddable":true,"href":"https:\/\/aiviouvapes.com\/cs\/wp-json\/wp\/v2\/media\/74919"}],"wp:attachment":[{"href":"https:\/\/aiviouvapes.com\/cs\/wp-json\/wp\/v2\/media?parent=74990"}],"wp:term":[{"taxonomy":"product_brand","embeddable":true,"href":"https:\/\/aiviouvapes.com\/cs\/wp-json\/wp\/v2\/product_brand?post=74990"},{"taxonomy":"product_cat","embeddable":true,"href":"https:\/\/aiviouvapes.com\/cs\/wp-json\/wp\/v2\/product_cat?post=74990"},{"taxonomy":"product_tag","embeddable":true,"href":"https:\/\/aiviouvapes.com\/cs\/wp-json\/wp\/v2\/product_tag?post=74990"}],"curies":[{"name":"wp","href":"https:\/\/api.w.org\/{rel}","templated":true}]}}