{"id":74961,"date":"2025-10-18T14:40:26","date_gmt":"2025-10-18T06:40:26","guid":{"rendered":"https:\/\/aiviouvapes.com\/?post_type=product&#038;p=74961"},"modified":"2026-03-30T07:12:47","modified_gmt":"2026-03-29T23:12:47","slug":"waspe-60k-3-in-1-60000-puffs-triple-flavor-disposable-vape-%f0%9f%92%a8-1-piece-trial-pack-available","status":"publish","type":"product","link":"https:\/\/aiviouvapes.com\/cs\/product\/waspe-60k-3-in-1-60000-puffs-triple-flavor-disposable-vape-%f0%9f%92%a8-1-piece-trial-pack-available\/","title":{"rendered":"WASPE 60K 3 v 1 60000 Puffs | jednor\u00e1zov\u00e1 vape s trojitou p\u0159\u00edchut\u00ed \ud83d\udca8 (k dispozici 1 kus zku\u0161ebn\u00edho balen\u00ed)"},"content":{"rendered":"<p><img data-recalc-dims=\"1\" decoding=\"async\" style=\"max-width: 100%; height: auto; display: block; margin: 0 auto;\" src=\"https:\/\/i0.wp.com\/aiviouvapes.com\/wp-content\/uploads\/2025\/10\/%E5%9C%BA%E6%99%AF050000.jpg?w=1020&#038;ssl=1\" alt=\"WASPE 60K 3 v 1\" title=\"\"><\/p>\n<h1>WASPE 60K 3 v 1 60000 Puffs | jednor\u00e1zov\u00e1 vape s trojitou p\u0159\u00edchut\u00ed \ud83d\udca8 (k dispozici 1 kus zku\u0161ebn\u00edho balen\u00ed)<\/h1>\n<h2>P\u0159ehled produkt\u016f<\/h2>\n<p>The <strong>WASPE 60K 3 v 1 jednor\u00e1zov\u00fd Vape<\/strong> je ur\u010den pro ka\u017edodenn\u00ed u\u017eivatele, kte\u0159\u00ed maj\u00ed r\u00e1di jemnou chu\u0165, siln\u00fd v\u00fdkon a pohodl\u00ed. S <strong>t\u0159i p\u0159\u00edchut\u011b<\/strong> v jednom elegantn\u00edm za\u0159\u00edzen\u00ed, je ide\u00e1ln\u00ed pro ty, kte\u0159\u00ed cht\u011bj\u00ed rozmanitost, ani\u017e by museli nosit v\u00edce vapes.<br \/>\nVelk\u00fd <strong>54 ml<\/strong> kapacita e-liquidu poskytuje a\u017e <strong>60 000 vdech\u016f<\/strong>, poh\u00e1n\u011bn\u00e9 <strong>Dob\u00edjec\u00ed baterie typu C<\/strong>. Jeho <strong>LED displej<\/strong> v\u00e1s informuje o stavu baterie a e-liquidu, zat\u00edmco <strong>c\u00edvky s trojit\u00fdmi oky<\/strong> zaji\u0161\u0165uj\u00ed hlubokou a uspokojivou chu\u0165 v ka\u017ed\u00e9m \u0161luku. Je kompaktn\u00ed a snadno p\u0159enosn\u00fd, tak\u017ee je ide\u00e1ln\u00ed pro osobn\u00ed pou\u017eit\u00ed nebo maloobchodn\u00ed prodej po cel\u00e9 Evrop\u011b. \ud83c\udf0d<\/p>\n<h3>Pro\u010d si vybrat WASPE 60K 3 v 1 60000 puf\u016f?<\/h3>\n<ul>\n<li>\ud83d\udd0b <strong>Nab\u00edjec\u00ed baterie<\/strong> - rychl\u00e9 nab\u00edjen\u00ed typu C pro ka\u017edodenn\u00ed pohodl\u00ed.<\/li>\n<li>\ud83d\udcfa <strong>LED obrazovka<\/strong> - p\u0159ehledn\u011b zobrazuje stav baterie a e-liquidu.<\/li>\n<li>\ud83d\udd25 <strong>C\u00edvky s trojit\u00fdmi oky<\/strong> - hlad\u0161\u00ed p\u00e1ra, siln\u011bj\u0161\u00ed chu\u0165.<\/li>\n<li>\ud83e\uddc3 <strong>Kapacita e-liquidu 54 ml<\/strong> - dostate\u010dn\u011b dlouh\u00e9 sezen\u00ed.<\/li>\n<li>\ud83d\udc4c <strong>Kompaktn\u00ed a p\u0159enosn\u00fd:<\/strong> 47 mm \u00d7 47 mm \u00d7 116 mm - snadno se vejde do kapsy nebo ta\u0161ky.<\/li>\n<li>\ud83d\udca8 <strong>A\u017e 60 000 vdech\u016f<\/strong> - ide\u00e1ln\u00ed pro dlouhodob\u00e9 pou\u017e\u00edv\u00e1n\u00ed.<\/li>\n<li>\ud83c\udf6d <strong>Syst\u00e9m p\u0159\u00edchut\u00ed 3 v 1<\/strong> - kdykoli p\u0159ep\u00ednat mezi t\u0159emi lahodn\u00fdmi p\u0159\u00edchut\u011bmi.<\/li>\n<li>\ud83d\udecd\ufe0f <strong>Vhodn\u00e9 pro maloobchodn\u00ed prodej:<\/strong> K dispozici je ji\u017e od 1 kusu - ide\u00e1ln\u00ed pro testov\u00e1n\u00ed nebo darov\u00e1n\u00ed.<\/li>\n<\/ul>\n<h3>Specifikace<\/h3>\n<table>\n<tbody>\n<tr>\n<th>Funkce<\/th>\n<th>Specifikace<\/th>\n<\/tr>\n<tr>\n<td>Celkov\u00fd po\u010det obl\u00e1\u010dk\u016f<\/td>\n<td>A\u017e 60 000 vdech\u016f<\/td>\n<\/tr>\n<tr>\n<td>Mo\u017enosti p\u0159\u00edchut\u00ed<\/td>\n<td>3 v 1 - p\u0159ep\u00edn\u00e1n\u00ed mezi t\u0159emi vestav\u011bn\u00fdmi p\u0159\u00edchut\u011bmi<\/td>\n<\/tr>\n<tr>\n<td>S\u00edla nikotinu<\/td>\n<td>0%, 2% nebo 5% nikotinu<\/td>\n<\/tr>\n<tr>\n<td>Kapacita e-liquidu<\/td>\n<td>54 ml<\/td>\n<\/tr>\n<tr>\n<td>Displej<\/td>\n<td>LED displej zobrazuje stav baterie a e-liquidu<\/td>\n<\/tr>\n<tr>\n<td>C\u00edvky<\/td>\n<td>C\u00edvky s trojit\u00fdmi oky<\/td>\n<\/tr>\n<tr>\n<td>Nab\u00edjen\u00ed<\/td>\n<td>Dob\u00edjec\u00ed typ C<\/td>\n<\/tr>\n<tr>\n<td>P\u0159enositelnost<\/td>\n<td>47 mm \u00d7 47 mm \u00d7 116 mm<\/td>\n<\/tr>\n<tr>\n<td>Ide\u00e1ln\u00ed pro<\/td>\n<td>Maloobchodn\u00edci a z\u00e1kazn\u00edci v Nizozemsku, N\u011bmecku, Belgii a \u0160pan\u011blsku.<\/td>\n<\/tr>\n<\/tbody>\n<\/table>\n<h3>Kombinace chut\u00ed \ud83c\udf53\ud83c\udf47\ud83e\udd6d<\/h3>\n<ol>\n<li><strong>Kombinace 1:<\/strong> Melounov\u00fd led, jahodov\u00e9 kiwi, citronov\u00e1 limetka<\/li>\n<li><strong>Kombinace 2:<\/strong> Jahodov\u00fd meloun, jahodovo-malinov\u00e9 bonbony, hroznov\u00e1 zmrzlina<\/li>\n<li><strong>Kombinace 3:<\/strong> Blueberry Ice, Black Dragon Ice, Fizzy Cherry Ice<\/li>\n<li><strong>Kombinace 4:<\/strong> Jahoda Malina T\u0159e\u0161e\u0148, L\u00e1ska 666, T\u0159e\u0161\u0148ov\u00fd cukrov\u00fd led<\/li>\n<li><strong>Kombinace 5:<\/strong> Broskvov\u00fd led, ananasov\u00fd mangov\u00fd broskvov\u00fd, brusinkov\u00fd citronov\u00fd<\/li>\n<li><strong>Kombinace 6:<\/strong> Red Bull Ice, Jahoda Mango, Jahoda Meloun Bubblegum<\/li>\n<li><strong>Kombinace 7:<\/strong> Sm\u00ed\u0161en\u00e9 bobule, Gumov\u00fd medv\u00eddek, Sm\u00ed\u0161en\u00e9 ovoce<\/li>\n<li><strong>Kombinace 8:<\/strong> Trojit\u00fd melounov\u00fd led, duhov\u00e9 bonbony, bor\u016fvkov\u00e9 bonbony<\/li>\n<li><strong>Kombinace 9:<\/strong> Hroznov\u00fd led, jahodov\u00fd bonb\u00f3n, jahodov\u00e1 malinov\u00e1 t\u0159e\u0161e\u0148<\/li>\n<li><strong>Kombinace 10:<\/strong> Jahodov\u00fd ban\u00e1n, ananasov\u00fd kokosov\u00fd led, mangov\u00fd led<\/li>\n<li><strong>Kombinace 11:<\/strong> Cherry Cola Ice, Strawberry Cola, Cola Ice<\/li>\n<li><strong>Kombinace 12:<\/strong> Bor\u016fvkov\u00e1 malina, bor\u016fvkov\u00e1 cukrov\u00e1 vata, dvojit\u00e1 jable\u010dn\u00e1 zmrzlina<\/li>\n<\/ol>\n<h3>Ide\u00e1ln\u00ed pro<\/h3>\n<p>\u2714\ufe0f Maloobchodn\u00ed z\u00e1kazn\u00edci, kte\u0159\u00ed hledaj\u00ed pr\u00e9miov\u00fd, kompaktn\u00ed vape.<br \/>\n\u2714\ufe0f Milovn\u00edci chut\u00ed, kte\u0159\u00ed r\u00e1di st\u0159\u00eddaj\u00ed chut\u011b.<br \/>\n\u2714\ufe0f Vape za\u010d\u00e1te\u010dn\u00edci a nad\u0161enci, kte\u0159\u00ed cht\u011bj\u00ed LED ovl\u00e1d\u00e1n\u00ed a spolehliv\u00fd v\u00fdkon.<br \/>\n\u2714\ufe0f Ide\u00e1ln\u00ed pro evropsk\u00e9 vape obchody a distributory, kte\u0159\u00ed hledaj\u00ed modely p\u0159ipraven\u00e9 pro maloobchodn\u00ed prodej.<\/p>\n<h3>\u010cASTO KLADEN\u00c9 DOTAZY<\/h3>\n<ul>\n<li><strong>Q:<\/strong> Kolik p\u0159\u00edchut\u00ed je uvnit\u0159?<br \/>\n<strong>A:<\/strong> T\u0159i - m\u016f\u017eete mezi nimi snadno p\u0159ep\u00ednat pomoc\u00ed voli\u010de.<\/li>\n<li><strong>Q:<\/strong> Jak dlouho vydr\u017e\u00ed?<br \/>\n<strong>A:<\/strong> A\u017e 60 000 potah\u016f na pln\u00e9 nabit\u00ed a 54 ml e-liquidu.<\/li>\n<li><strong>Q:<\/strong> Jak\u00e9 hladiny nikotinu jsou k dispozici?<br \/>\n<strong>A:<\/strong> Vyberte si z nikotinu 0%, 2% nebo 5%.<\/li>\n<li><strong>Q:<\/strong> D\u00e1 se dob\u00edjet?<br \/>\n<strong>A:<\/strong> Ano, p\u0159es USB typu C.<\/li>\n<li><strong>Q:<\/strong> Ukazuje stav baterie a e-liquidu?<br \/>\n<strong>A:<\/strong> Ano - na displeji LED jsou z\u0159eteln\u011b zobrazeny oba \u00fadaje.<\/li>\n<\/ul>\n<p><strong>Z\u00e1v\u011br:<\/strong> The <strong>WASPE 60K 3 v 1 60000 puf\u016f<\/strong> spojuje pohodl\u00ed, chu\u0165ovou rozmanitost a v\u00fdkon. A\u0165 u\u017e jste p\u0159\u00edle\u017eitostn\u00fd u\u017eivatel, nebo ka\u017edodenn\u00ed vaper, tato dob\u00edjec\u00ed vapka s LED displejem je va\u0161\u00ed volbou - nyn\u00ed je k dost\u00e1n\u00ed za <strong>Zku\u0161ebn\u00ed n\u00e1kup 1 kusu<\/strong>. \ud83d\udd0b\ud83c\udf08<\/p>\n<p>&nbsp;<\/p>","protected":false},"excerpt":{"rendered":"<p><em>Minim\u00e1ln\u00ed objednac\u00ed mno\u017estv\u00ed tohoto produktu je jeden kus.<\/em><br \/>\nObjevte <strong>WASPE 60K 3 v 1<\/strong> - kompaktn\u00ed nab\u00eddka vape <strong>60 000 vdech\u016f<\/strong> a <strong>3 vestav\u011bn\u00e9 p\u0159\u00edchut\u011b<\/strong> v jednom dob\u00edjec\u00edm za\u0159\u00edzen\u00ed! LED displej, trojit\u00e9 s\u00ed\u0165ov\u00e9 c\u00edvky a nab\u00edjen\u00ed Type-C - nyn\u00ed k dispozici pro <strong>maloobchodn\u00ed n\u00e1kup jednoho kusu<\/strong>. \u26a1\ud83c\udf47<\/p>\n<style>\n#moqsection1 {display:none}<br \/><\/style>\n<script>window.addEventListener(\"load\", function () {\r\n    setTimeout(function () {\r\n        var restricted = document.querySelector(\"p.restricted_country\");\r\n        if (!restricted) return;\r\n\r\n        var url = new URL(window.location.href);\r\n\r\n        \/\/ If \"new\" param is already present, do nothing\r\n        if (url.searchParams.has(\"new\")) return;\r\n\r\n        \/\/ Add ?new (or &new) once\r\n        url.searchParams.append(\"new\", \"\");\r\n\r\n        window.location.href = url.toString();\r\n    }, 5000); \/\/ 5 seconds\r\n});<\/script>","protected":false},"featured_media":74920,"comment_status":"open","ping_status":"closed","template":"","meta":[],"product_brand":[227],"product_cat":[19,137,146,138,141,143],"product_tag":[338],"class_list":{"0":"post-74961","1":"product","2":"type-product","3":"status-publish","4":"has-post-thumbnail","6":"product_brand-waspe","7":"product_cat-waspe","8":"product_cat-disposable-vapes-in-germany","9":"product_cat-disposable-vapes-in-hungary","10":"product_cat-disposable-vapes-in-ltaly","11":"product_cat-disposable-vapes-in-poland","12":"product_cat-disposable-vapes-in-spain","13":"product_tag-samples","15":"first","16":"instock","17":"shipping-taxable","18":"product-type-variable","19":"has-default-attributes"},"jetpack_sharing_enabled":true,"tiered_pricing_type":"fixed","tiered_pricing_fixed_rules":{"3":21.89999999999999857891452847979962825775146484375,"5":17.89999999999999857891452847979962825775146484375},"tiered_pricing_product_settings":{"layout":"default","base_unit_name":{"singular":null,"plural":null},"default_variation":null},"tiered_pricing_minimum_quantity":null,"tiered_pricing_roles_data":[],"tiered_pricing_percentage_rules":[],"tiered_pricing_maximum_quantity":null,"tiered_pricing_quantity_step":null,"_links":{"self":[{"href":"https:\/\/aiviouvapes.com\/cs\/wp-json\/wp\/v2\/product\/74961","targetHints":{"allow":["GET"]}}],"collection":[{"href":"https:\/\/aiviouvapes.com\/cs\/wp-json\/wp\/v2\/product"}],"about":[{"href":"https:\/\/aiviouvapes.com\/cs\/wp-json\/wp\/v2\/types\/product"}],"replies":[{"embeddable":true,"href":"https:\/\/aiviouvapes.com\/cs\/wp-json\/wp\/v2\/comments?post=74961"}],"wp:featuredmedia":[{"embeddable":true,"href":"https:\/\/aiviouvapes.com\/cs\/wp-json\/wp\/v2\/media\/74920"}],"wp:attachment":[{"href":"https:\/\/aiviouvapes.com\/cs\/wp-json\/wp\/v2\/media?parent=74961"}],"wp:term":[{"taxonomy":"product_brand","embeddable":true,"href":"https:\/\/aiviouvapes.com\/cs\/wp-json\/wp\/v2\/product_brand?post=74961"},{"taxonomy":"product_cat","embeddable":true,"href":"https:\/\/aiviouvapes.com\/cs\/wp-json\/wp\/v2\/product_cat?post=74961"},{"taxonomy":"product_tag","embeddable":true,"href":"https:\/\/aiviouvapes.com\/cs\/wp-json\/wp\/v2\/product_tag?post=74961"}],"curies":[{"name":"wp","href":"https:\/\/api.w.org\/{rel}","templated":true}]}}