{"id":73816,"date":"2025-10-15T18:01:55","date_gmt":"2025-10-15T10:01:55","guid":{"rendered":"https:\/\/aiviouvapes.com\/?post_type=product&#038;p=73816"},"modified":"2026-05-09T15:04:57","modified_gmt":"2026-05-09T07:04:57","slug":"fihp-120k-6-in-1-disposable-vape","status":"publish","type":"product","link":"https:\/\/aiviouvapes.com\/cs\/product\/fihp-120k-6-in-1-disposable-vape\/","title":{"rendered":"FIHP 120K | 120000 \u0161luk\u016f, 64ml, 6 v 1, multi-flavor, LED displej, vysok\u00fd po\u010det \u0161luk\u016f, jednor\u00e1zov\u00e1 vape pro hromadn\u00e9 pou\u017eit\u00ed"},"content":{"rendered":"<h2>FIHP 120K 6 v 1 120000 puff\u016f | led obrazovka 6 p\u0159\u00edchut\u00ed v 1 multi-flavor 64ml vysok\u00fd po\u010det puff\u016f dlouhotrvaj\u00edc\u00ed odoln\u00fd dob\u00edjec\u00ed jednor\u00e1zov\u00fd vape<\/h2>\n<h3>Pro\u010d si vybrat FIHP 120K Multi-Flavor Vape?<\/h3>\n<ul>\n<li>\ud83d\udca8 <b>Ultra-dlouh\u00fd po\u010det \u0161luk\u016f 120 000:<\/b> Nab\u00edz\u00ed a\u017e 120 000 potah\u016f pro del\u0161\u00ed vapov\u00e1n\u00ed - stvo\u0159eno pro n\u00e1ro\u010dn\u00e9 u\u017eivatele a trvalou spokojenost.<\/li>\n<li>\ud83d\udd04 <b>Syst\u00e9m p\u0159\u00edchut\u00ed 6 v 1:<\/b> Na po\u017e\u00e1d\u00e1n\u00ed m\u016f\u017eete p\u0159ep\u00ednat mezi \u0161esti nastaviteln\u00fdmi ovocn\u00fdmi a chladiv\u00fdmi p\u0159\u00edchut\u011bmi a kdykoli si tak p\u0159izp\u016fsobit svou chu\u0165.<\/li>\n<li>\ud83d\udcf1 <b>Chytr\u00fd LED displej:<\/b> Vestav\u011bn\u00fd displej zobrazuje v\u00fddr\u017e baterie a hladinu e-liquidu v re\u00e1ln\u00e9m \u010dase, tak\u017ee v\u017edy v\u00edte, kolik \u0161\u0165\u00e1vy a energie v\u00e1m zb\u00fdv\u00e1.<\/li>\n<li>\ud83d\udd25 <b>Dvojit\u00e1 s\u00ed\u0165ov\u00e1 c\u00edvka:<\/b> Inovativn\u00ed spir\u00e1lky s dvojitou s\u00ed\u0165kou se zah\u0159\u00edvaj\u00ed rovnom\u011brn\u011bji, tak\u017ee maj\u00ed bohat\u0161\u00ed chu\u0165 a hust\u0161\u00ed mraky ne\u017e spir\u00e1lky s jednou s\u00ed\u0165kou.<\/li>\n<li>\ud83d\udd0b <b>Nab\u00edjec\u00ed baterie s kapacitou 650 mAh:<\/b> D\u00edky rychl\u00e9mu nab\u00edjen\u00ed p\u0159es USB-C se rychle nap\u00e1j\u00edte, tak\u017ee m\u016f\u017eete vapovat cel\u00fd den bez \u010dek\u00e1n\u00ed.<\/li>\n<li>\ud83d\udca7 <b>Masivn\u00ed n\u00e1dr\u017e na 64 ml e-liquidu:<\/b> Vysokokapacitn\u00ed n\u00e1dr\u017eka pojme dostatek \u0161\u0165\u00e1vy pro nep\u0159eru\u0161ovanou chu\u0165, co\u017e znamen\u00e1 m\u00e9n\u011b dopl\u0148ov\u00e1n\u00ed b\u011bhem maratonsk\u00fdch sezen\u00ed.<\/li>\n<li>\ud83d\udce6 <b>Velkoobchodn\u00ed balen\u00ed:<\/b> Dod\u00e1v\u00e1 se po 10 kusech v krabi\u010dce - ide\u00e1ln\u00ed pro distributory a vape shopy, kter\u00e9 hledaj\u00ed nejprod\u00e1van\u011bj\u0161\u00ed hromadn\u00e9 zbo\u017e\u00ed.<\/li>\n<\/ul>\n<h3>Specifikace<\/h3>\n<table>\n<tbody>\n<tr>\n<th>Funkce<\/th>\n<th>Specifikace<\/th>\n<\/tr>\n<tr>\n<td>Po\u010det puf\u016f<\/td>\n<td>A\u017e 120 000<\/td>\n<\/tr>\n<tr>\n<td>Kapacita e-kapaliny<\/td>\n<td>64 ml<\/td>\n<\/tr>\n<tr>\n<td>P\u0159\u00edchut\u011b<\/td>\n<td>6 nastaviteln\u00fdch (sm\u011bsi v\u00edce druh\u016f ovoce a ledu)<\/td>\n<\/tr>\n<tr>\n<td>Baterie<\/td>\n<td>650 mAh (dob\u00edjec\u00ed)<\/td>\n<\/tr>\n<tr>\n<td>Typ c\u00edvky<\/td>\n<td>Dvojit\u00e1 s\u00ed\u0165ovina<\/td>\n<\/tr>\n<tr>\n<td>Displej<\/td>\n<td>LED obrazovka (baterie + po\u010d\u00edtadlo v\u00fdtok\u016f)<\/td>\n<\/tr>\n<tr>\n<td>Nab\u00edjen\u00ed<\/td>\n<td>Rychl\u00e9 nab\u00edjen\u00ed USB typu C<\/td>\n<\/tr>\n<tr>\n<td>S\u00edla nikotinu<\/td>\n<td>2% \/ 5% (20 mg \/ 50 mg)<\/td>\n<\/tr>\n<tr>\n<td>Balen\u00ed<\/td>\n<td>10 kus\u016f v krabici<\/td>\n<\/tr>\n<\/tbody>\n<\/table>\n<p><img data-recalc-dims=\"1\" decoding=\"async\" src=\"https:\/\/i0.wp.com\/aiviouvapes.com\/wp-content\/uploads\/2025\/10\/Y76-10012.jpg?w=1020&#038;ssl=1\" alt=\"FIHP 120K Multi-Flavor Vape\" title=\"\"><\/p>\n<h3>Chu\u0165ov\u00e9 profily<\/h3>\n<ul>\n<li><strong>Skupina 01:<\/strong> Watermelon Ice, Blueberry Ice, Red Bull, Strawberry Kiwi, Lemon Lime, Strawberry Watermelon - osv\u011b\u017euj\u00edc\u00ed sm\u011bs bobul\u00ed, citrus\u016f a t\u00f3n\u016f energetick\u00fdch n\u00e1poj\u016f s chladiv\u00fdm ledov\u00fdm n\u00e1dechem. \ud83c\udf49\ud83c\udf47\ud83e\udd64\ud83c\udf53\ud83c\udf4b<\/li>\n<li><strong>Skupina 02:<\/strong> Jahoda ban\u00e1n, dvojit\u00e9 jablko, malina meloun, kysel\u00e9 mango ananas, tropick\u00e9 ovoce, citron broskev - ovocn\u00e1 sm\u011bs se sladk\u00fdmi bobulemi, tropick\u00fdm mangem, ananasem a broskv\u00ed, to v\u0161e s pikantn\u00edm n\u00e1dechem. \ud83c\udf53\ud83c\udf4f\ud83e\udd6d\ud83c\udf4d\ud83c\udf4b<\/li>\n<li><strong>Skupina 03:<\/strong> Jahodovo-vanilkov\u00e1 kola, ananasovo-kokosov\u00e1, Blue Razz, Mixed Berries, Mango Peach, Blueberry Raspberry - dekadentn\u00ed dezerty a tropick\u00e9 sm\u011bsi, od kr\u00e9mov\u00e9 jahodov\u00e9 koly po exotick\u00fd ananasovo-kokosov\u00fd pun\u010d a mix bobul\u00ed. \ud83c\udf53\ud83e\udd65\ud83c\udf47\ud83c\udf51<\/li>\n<li><strong>Skupina 04:<\/strong> Grape Ice, Black Dragon Ice, Fizzy Cherry Ice, Peach Berry, Triple Melon, Gummy Bear - spojen\u00ed cukrovinek a ovoce: chladiv\u00fd hroznov\u00fd a dra\u010d\u00ed led, \u0161umiv\u00e1 t\u0159e\u0161\u0148ov\u00e1 cola, broskvov\u00e9 bobule, \u0161\u0165avnat\u00e9 melouny a sladk\u00fd gumov\u00fd medv\u00eddek. \ud83c\udf47\u2744\ufe0f\ud83c\udf52\ud83c\udf51\ud83c\udf49\ud83c\udf6c<\/li>\n<li><strong>Skupina 05:<\/strong> Cherry Cola Ice, Mango Ice, Peach Ice, Rainbow Candy, Love 666, Blueberry Cotton Candy - Chladiv\u00e9 limon\u00e1dy a cukrovinky: ledov\u00e1 cherry cola, mraziv\u00e9 mango\/broskev, sladk\u00e9 duhov\u00e9 bonbony a cukrov\u00e1 vata. \ud83c\udf52\ud83e\udd64\u2744\ufe0f\ud83c\udf51\ud83c\udf08<\/li>\n<li><strong>Skupina 06:<\/strong> Aloe Lychee Ice, Glacier Ice, Black Currant Ice, Pink Lemon, Pine Needle Mint, Watermelon Lemon - Osv\u011b\u017euj\u00edc\u00ed sm\u011bsi bylin a ledov\u00e9ho ovoce: aloe lychee, ledovcov\u00e1 m\u00e1ta, \u010dern\u00fd ryb\u00edz, pikantn\u00ed r\u016f\u017eov\u00fd citron, borovice m\u00e1ta a vodn\u00ed meloun citron. \ud83c\udf3f\ud83c\udf49\ud83c\udf4b\u2744\ufe0f<\/li>\n<\/ul>\n<p>A\u0165 u\u017e jste <em>t\u011b\u017ek\u00fd u\u017eivatel<\/em> nebo <em>pron\u00e1sledovatel chut\u00ed<\/em>, jednor\u00e1zov\u00e1 vape FIHP 120K 6 v 1 poskytuje nep\u0159etr\u017eit\u00fd po\u017eitek. \ud83c\udfaf 120 000 potah\u016f znamen\u00e1 del\u0161\u00ed uspokojen\u00ed bez neust\u00e1l\u00e9ho dopl\u0148ov\u00e1n\u00ed a rozmanitost 6 v 1 udr\u017euje chu\u0165ov\u00e9 poh\u00e1rky v nad\u0161en\u00ed. \ud83c\udfea Vape obchody a distributo\u0159i si zamiluj\u00ed velkoobjemov\u00e9 balen\u00ed po 10 kusech, kter\u00e9 usnad\u0148uje skladov\u00e1n\u00ed a prodej. Toto za\u0159\u00edzen\u00ed je nejlep\u0161\u00ed volbou pro ka\u017ed\u00e9ho, kdo hled\u00e1 v\u00fdkon, rozmanitost a pohodl\u00ed v jednom elegantn\u00edm balen\u00ed. \ud83d\ude80<\/p>\n<h3>\u010casto kladen\u00e9 ot\u00e1zky (FAQ)<\/h3>\n<ul>\n<li><strong>Q:<\/strong> <em>Kolik vydr\u017e\u00ed \u0161lukov\u00e1n\u00ed?<\/em><br \/>\n<strong>A:<\/strong> A\u017e 120 000 potah\u016f (co\u017e je pro v\u011bt\u0161inu u\u017eivatel\u016f n\u011bkolik m\u011bs\u00edc\u016f vapov\u00e1n\u00ed).<\/li>\n<li><strong>Q:<\/strong> <em>Jak mohu p\u0159ep\u00ednat mezi p\u0159\u00edchut\u011bmi?<\/em><br \/>\n<strong>A:<\/strong> Tento model 6 v 1 umo\u017e\u0148uje p\u0159ep\u00ednat p\u0159\u00edchut\u011b (obvykle pomoc\u00ed tla\u010d\u00edtka nap\u00e1jen\u00ed nebo p\u0159ep\u00edna\u010de). Ka\u017ed\u00e1 p\u0159\u00edchu\u0165 je p\u0159edem nahran\u00e1, tak\u017ee ji m\u016f\u017eete snadno m\u011bnit a vychutn\u00e1vat si nov\u00e9 chut\u011b podle pot\u0159eby.<\/li>\n<li><strong>Q:<\/strong> <em>Je baterie dob\u00edjec\u00ed?<\/em><br \/>\n<strong>A:<\/strong> Ano - m\u00e1 vestav\u011bnou 650mAh baterii s nab\u00edjen\u00edm p\u0159es USB typu C: pro rychl\u00e9 a pohodln\u00e9 dob\u00edjen\u00ed.<\/li>\n<li><strong>Q:<\/strong> <em>Co zobrazuje displej LED?<\/em><br \/>\n<strong>A:<\/strong> Chytr\u00fd LED displej zobrazuje v re\u00e1ln\u00e9m \u010dase \u00farove\u0148 nabit\u00ed baterie a stav e-liquidu:contentReference, tak\u017ee v\u017edy v\u00edte, kdy dob\u00edt nebo p\u0159epnout za\u0159\u00edzen\u00ed.<\/li>\n<li><strong>Q:<\/strong> <em>Pro koho je tento produkt ur\u010den?<\/em><br \/>\n<strong>A:<\/strong> Ide\u00e1ln\u00ed pro n\u00e1ro\u010dn\u00e9 vapery, kte\u0159\u00ed pot\u0159ebuj\u00ed za\u0159\u00edzen\u00ed s dlouhou v\u00fddr\u017e\u00ed (120 tis\u00edc potah\u016f), a pro milovn\u00edky rozmanit\u00fdch chut\u00ed. Ide\u00e1ln\u00ed tak\u00e9 pro vape shopy a velkoobchody d\u00edky praktick\u00e9mu hromadn\u00e9mu balen\u00ed 10 ks \ud83d\udc4d.<\/li>\n<\/ul>","protected":false},"excerpt":{"rendered":"<p>P\u0159ipravte se na FiHP 120K 6 v 1 jednor\u00e1zov\u00fd Vape! 120 000 \u0161luk\u016f vapingov\u00e9ho blaha s 6 p\u0159ep\u00ednateln\u00fdmi p\u0159\u00edchut\u011bmi a chytr\u00fdm LED displejem. \ud83d\udca8 Dob\u00edjec\u00ed a velkoobchodn\u011b p\u0159ipraven\u00e1 je ide\u00e1ln\u00ed pro lovce p\u0159\u00edchut\u00ed a velkoodb\u011bratele! \ud83d\udd25<\/p>","protected":false},"featured_media":74989,"comment_status":"open","ping_status":"closed","template":"","meta":[],"product_brand":[236],"product_cat":[18,336,242,137,146,138,141,143],"product_tag":[328,334,333,330,326,337,329,332,327,331,335],"class_list":{"0":"post-73816","1":"product","2":"type-product","3":"status-publish","4":"has-post-thumbnail","6":"product_brand-fihp","7":"product_cat-fihp","8":"product_cat-100k-puffs-disposable-vape","9":"product_cat-60000-puffs-disposable-vape","10":"product_cat-disposable-vapes-in-germany","11":"product_cat-disposable-vapes-in-hungary","12":"product_cat-disposable-vapes-in-ltaly","13":"product_cat-disposable-vapes-in-poland","14":"product_cat-disposable-vapes-in-spain","15":"product_tag-120000-puffs-vape","16":"product_tag-6-in-1-flavor-vape","17":"product_tag-bulk-vape-wholesale-eu","18":"product_tag-dual-mesh-coil-vape","19":"product_tag-fihp-120k","20":"product_tag-high-puff-count-disposable-vape","21":"product_tag-led-screen-vape","22":"product_tag-long-lasting-vape-europe","23":"product_tag-multi-flavor-disposable-vape","24":"product_tag-rechargeable-disposable-vape","25":"product_tag-smart-display-vape","27":"first","28":"instock","29":"shipping-taxable","30":"purchasable","31":"product-type-variable","32":"has-default-attributes"},"jetpack_sharing_enabled":true,"tiered_pricing_type":"fixed","tiered_pricing_fixed_rules":{"2000":11.9000000000000003552713678800500929355621337890625},"tiered_pricing_product_settings":{"layout":"default","base_unit_name":{"singular":null,"plural":null},"default_variation":null},"tiered_pricing_minimum_quantity":1000,"tiered_pricing_roles_data":[],"tiered_pricing_percentage_rules":[],"tiered_pricing_maximum_quantity":null,"tiered_pricing_quantity_step":"10","_links":{"self":[{"href":"https:\/\/aiviouvapes.com\/cs\/wp-json\/wp\/v2\/product\/73816","targetHints":{"allow":["GET"]}}],"collection":[{"href":"https:\/\/aiviouvapes.com\/cs\/wp-json\/wp\/v2\/product"}],"about":[{"href":"https:\/\/aiviouvapes.com\/cs\/wp-json\/wp\/v2\/types\/product"}],"replies":[{"embeddable":true,"href":"https:\/\/aiviouvapes.com\/cs\/wp-json\/wp\/v2\/comments?post=73816"}],"wp:featuredmedia":[{"embeddable":true,"href":"https:\/\/aiviouvapes.com\/cs\/wp-json\/wp\/v2\/media\/74989"}],"wp:attachment":[{"href":"https:\/\/aiviouvapes.com\/cs\/wp-json\/wp\/v2\/media?parent=73816"}],"wp:term":[{"taxonomy":"product_brand","embeddable":true,"href":"https:\/\/aiviouvapes.com\/cs\/wp-json\/wp\/v2\/product_brand?post=73816"},{"taxonomy":"product_cat","embeddable":true,"href":"https:\/\/aiviouvapes.com\/cs\/wp-json\/wp\/v2\/product_cat?post=73816"},{"taxonomy":"product_tag","embeddable":true,"href":"https:\/\/aiviouvapes.com\/cs\/wp-json\/wp\/v2\/product_tag?post=73816"}],"curies":[{"name":"wp","href":"https:\/\/api.w.org\/{rel}","templated":true}]}}