{"id":65916,"date":"2025-09-10T17:53:37","date_gmt":"2025-09-10T09:53:37","guid":{"rendered":"https:\/\/aiviouvapes.com\/?post_type=product&#038;p=65916"},"modified":"2026-03-17T14:02:37","modified_gmt":"2026-03-17T06:02:37","slug":"bangbox-80k-triple-flavor-80000-puffs","status":"publish","type":"product","link":"https:\/\/aiviouvapes.com\/cs\/product\/bangbox-80k-triple-flavor-80000-puffs\/","title":{"rendered":"BANGBOX 80K Triple Flavor 80000 Puffs | hromadn\u00e9 jednor\u00e1zov\u00e9 vape s 60ml e-liquidu"},"content":{"rendered":"<h2>Pro\u010d si vybrat BANGBOX 80000?<\/h2>\n<ul>\n<li>\u26a1 <strong>80 000 puff\u016f<\/strong> - jeden z nejd\u00e9le funguj\u00edc\u00edch jednor\u00e1zov\u00fdch vap\u016f na trhu.<\/li>\n<li>\ud83d\udd0b <strong>17350-850mAh \u010dist\u011b kobaltov\u00e1 baterie<\/strong> s 5A vyb\u00edjen\u00edm - stabiln\u00ed v\u00fdkon, \u017e\u00e1dn\u00e9 slab\u00e9 z\u00e1sahy<\/li>\n<li>\ud83d\udca7 <strong>60ml p\u0159edpln\u011bn\u00e9ho e-liquidu<\/strong> - u\u017eijte si t\u00fddny nebo m\u011bs\u00edce pou\u017e\u00edv\u00e1n\u00ed bez nutnosti dopl\u0148ov\u00e1n\u00ed n\u00e1pln\u00ed<\/li>\n<li>\ud83c\udf00 <strong>C\u00edvka s trojit\u00fdmi oky 0,8\u03a9<\/strong> - rychl\u00e9 zah\u0159\u00edv\u00e1n\u00ed, siln\u00e1 p\u00e1ra, bohat\u00e1 chu\u0165<\/li>\n<li>\ud83d\udd04 <strong>Lusky s trojitou p\u0159\u00edchut\u00ed<\/strong> - p\u0159ep\u00edn\u00e1n\u00ed mezi 3 p\u0159\u00edchut\u011bmi v jednom za\u0159\u00edzen\u00ed<\/li>\n<li>\ud83d\udcca Indik\u00e1tory baterie a e-liquidu v re\u00e1ln\u00e9m \u010dase - v\u017edy zn\u00e1te sv\u016fj stav<\/li>\n<li>\u26a1 <strong>Rychl\u00e9 nab\u00edjen\u00ed typu C<\/strong> - rychl\u00e9 a pohodln\u00e9 dob\u00edjen\u00ed<\/li>\n<li>\ud83c\udf1f V\u00edce nikotinov\u00fdch variant (0%, 2%, 3%, 5%) - ide\u00e1ln\u00ed pro za\u010d\u00e1te\u010dn\u00edky nebo b\u00fdval\u00e9 ku\u0159\u00e1ky.<\/li>\n<li>\ud83d\udce6 <strong>Velkoobchodn\u00ed balen\u00ed<\/strong> - ur\u010deno pro vape obchody a distributory<\/li>\n<\/ul>\n<h3>Specifikace<\/h3>\n<table cellpadding=\"6\">\n<tbody>\n<tr>\n<td><strong>Po\u010det puf\u016f<\/strong><\/td>\n<td>A\u017e 80 000 vdech\u016f<\/td>\n<\/tr>\n<tr>\n<td><strong>Baterie<\/strong><\/td>\n<td>17350-850mAh \u010dist\u00fd kobalt, vyb\u00edjen\u00ed 5A<\/td>\n<\/tr>\n<tr>\n<td><strong>Kapacita e-kapaliny<\/strong><\/td>\n<td>60 ml<\/td>\n<\/tr>\n<tr>\n<td><strong>C\u00edvka<\/strong><\/td>\n<td>0,8\u03a9 trojit\u00e1 s\u00ed\u0165<\/td>\n<\/tr>\n<tr>\n<td><strong>Nab\u00edjec\u00ed port<\/strong><\/td>\n<td>Typ C<\/td>\n<\/tr>\n<tr>\n<td><strong>Indik\u00e1tory<\/strong><\/td>\n<td>Zobrazen\u00ed e-liquidu a baterie<\/td>\n<\/tr>\n<tr>\n<td><strong>Syst\u00e9m p\u0159\u00edchut\u00ed<\/strong><\/td>\n<td>Lusky s trojitou p\u0159\u00edchut\u00ed<\/td>\n<\/tr>\n<tr>\n<td><strong>S\u00edla nikotinu<\/strong><\/td>\n<td>0% \/ 2% \/ 3% \/ 5%<\/td>\n<\/tr>\n<\/tbody>\n<\/table>\n<h3>Vzru\u0161uj\u00edc\u00ed kombinace chut\u00ed \ud83c\udf6d<\/h3>\n<ul>\n<li><strong>Jahoda Ban\u00e1n - Malina Meloun - L\u00e1ska 666<\/strong> - sladk\u00fd, \u0161\u0165avnat\u00fd a odv\u00e1\u017en\u00fd<\/li>\n<li><strong>Tropick\u00e9 ovoce - jahoda meloun - citron broskev<\/strong> - exotick\u00e9 a osv\u011b\u017euj\u00edc\u00ed trio<\/li>\n<li><strong>Jahodov\u00e1 vanilkov\u00e1 cola - Kysel\u00e1 jable\u010dn\u00e1 malina - Citronov\u00e1 limetka<\/strong> - perliv\u00fd, ovocn\u00fd, pikantn\u00ed<\/li>\n<li><strong>Double Grape - Jahoda Mango - Bor\u016fvka Kysel\u00e1 Malina Ice<\/strong> - bohat\u00fd, sladk\u00fd, ledov\u00fd<\/li>\n<li><strong>Melounov\u00e1 zmrzlina - Jahodov\u00e1 zmrzlina - Trojit\u00fd meloun<\/strong> - kr\u00e9mov\u00e1 a chladiv\u00e1 sm\u011bs<\/li>\n<li><strong>Limon\u00e1da s citronovou colou - \u017ev\u00fdka\u010dka Watermelon - Black Dragon Ice<\/strong> - \u0161umiv\u00e9, \u017ev\u00fdkac\u00ed, tajemn\u00e9<\/li>\n<li><strong>Triple Berry Ice - Mango Peach - Strawberry Kiwi<\/strong> - ovocn\u00fd a mraziv\u00fd v\u00fdbuch<\/li>\n<li><strong>Jahodov\u00e1 zmrzlina - jahoda meloun - ananas mango broskev<\/strong> - \u0161\u0165avnat\u00e1, vrstevnat\u00e1 sladkost<\/li>\n<li><strong>Ananasov\u00fd kokos - Jahodov\u00fd led - Blue Razz Ice<\/strong> - tropick\u00fd a pikantn\u00ed chlad<\/li>\n<li><strong>Citronov\u00e1 limetka - Mango Broskev Meloun - Bor\u016fvkov\u00fd led<\/strong> - pikantn\u00ed a jemn\u00fd<\/li>\n<li><strong>Melounov\u00fd led - Red Bull - Jahodov\u00e9 kiwi<\/strong> - energizuj\u00edc\u00ed ovocn\u00fd twist<\/li>\n<li><strong>Jahodov\u00e9 kiwi - Kysel\u00e9 mango ananas - Jahodov\u00fd Red Bull<\/strong> - kysel\u00fd, sladk\u00fd a siln\u00fd<\/li>\n<\/ul>\n<h3>NEJ\u010cAST\u011aJ\u0160\u00cd DOTAZY \ud83e\udd14<\/h3>\n<p><strong>Ot\u00e1zka: Jak dlouho vydr\u017e\u00ed BANGBOX 80000?<\/strong><br \/>\nOdpov\u011b\u010f: S 80 000 potahy a 60 ml e-liquidu se jedn\u00e1 o jedno z nejd\u00e9le trvaj\u00edc\u00edch jednor\u00e1zov\u00fdch \u0161lukadel - skv\u011bl\u00e9 pro dlouhodob\u00e9 pou\u017e\u00edv\u00e1n\u00ed.<\/p>\n<p><strong>Ot\u00e1zka: Mohu p\u0159ep\u00ednat p\u0159\u00edchut\u011b v jednom za\u0159\u00edzen\u00ed?<\/strong><br \/>\nOdpov\u011b\u010f: Ano! Syst\u00e9m trojit\u00e9 p\u0159\u00edchut\u011b v\u00e1m umo\u017en\u00ed vychutnat si 3 r\u016fzn\u00e9 p\u0159\u00edchut\u011b v jedn\u00e9 vape.<\/p>\n<p><strong>Ot\u00e1zka: Podporuje vaping bez nikotinu?<\/strong><br \/>\nOdpov\u011b\u010f: Rozhodn\u011b! Pokud chcete jen chu\u0165 a mraky, zvolte nikotin 0%.<\/p>\n<p><strong>Ot\u00e1zka: Je toto za\u0159\u00edzen\u00ed vhodn\u00e9 pro velkoobchod?<\/strong><br \/>\nOdpov\u011b\u010f: Ano, dod\u00e1v\u00e1 se v balen\u00ed pro distributory, kter\u00e9 je p\u0159ipraveno pro prodejn\u00ed reg\u00e1ly.<\/p>\n<h3>Ide\u00e1ln\u00ed pro v\u00e1s \u2705<\/h3>\n<p><strong>BANGBOX 80K<\/strong> je ur\u010den pro <em>n\u00e1ro\u010dn\u00ed u\u017eivatel\u00e9, milovn\u00edci p\u0159\u00edchut\u00ed, vape obchody a velkoobchodn\u00ed distributo\u0159i.<\/em>. D\u00edky troj\u00edmu p\u0159ep\u00edn\u00e1n\u00ed p\u0159\u00edchut\u00ed, obrovsk\u00e9mu po\u010dtu \u0161luk\u016f a v\u00fdkonn\u00e9 baterii to nen\u00ed jen vape - je to obchodn\u00ed v\u00edt\u011bz a obl\u00edbenec z\u00e1kazn\u00edk\u016f \ud83c\udf1f.<\/p>","protected":false},"excerpt":{"rendered":"<p><strong>Obrovsk\u00fd po\u010det 80 000 vdech\u016f<\/strong>, <strong>lusky s trojitou p\u0159\u00edchut\u00ed<\/strong>a obrovsk\u00fd <strong>60ml e-liquid tank<\/strong> - dokonal\u00fd jednor\u00e1zov\u00fd vape s dlouhou v\u00fddr\u017e\u00ed pro obchody, distributory a n\u00e1ro\u010dn\u00e9 u\u017eivatele \ud83d\ude80.<\/p>","protected":false},"featured_media":65929,"comment_status":"open","ping_status":"closed","template":"","meta":[],"product_brand":[239],"product_cat":[37,280,137,146,138,141,143],"product_tag":[365,363,364,366,367],"class_list":{"0":"post-65916","1":"product","2":"type-product","3":"status-publish","4":"has-post-thumbnail","6":"product_brand-bang","7":"product_cat-bang","8":"product_cat-cheap-rechargeable-disposable-vapes","9":"product_cat-disposable-vapes-in-germany","10":"product_cat-disposable-vapes-in-hungary","11":"product_cat-disposable-vapes-in-ltaly","12":"product_cat-disposable-vapes-in-poland","13":"product_cat-disposable-vapes-in-spain","14":"product_tag-60-ml-e-liquid-bulk","15":"product_tag-80000-puff-disposable-vape","16":"product_tag-bangbox-80k-triple-flavor","17":"product_tag-long-lasting-disposable-vape","18":"product_tag-wholesale-disposable-vape-europe","20":"first","21":"instock","22":"shipping-taxable","23":"purchasable","24":"product-type-variable","25":"has-default-attributes"},"jetpack_sharing_enabled":true,"tiered_pricing_type":"fixed","tiered_pricing_fixed_rules":{"30":8.6400000000000005684341886080801486968994140625,"50":6.910000000000000142108547152020037174224853515625,"100":6.6699999999999999289457264239899814128875732421875,"200":6.04999999999999982236431605997495353221893310546875,"400":5.7400000000000002131628207280300557613372802734375},"tiered_pricing_product_settings":{"layout":"default","base_unit_name":{"singular":null,"plural":null},"default_variation":null},"tiered_pricing_minimum_quantity":10,"tiered_pricing_roles_data":[],"tiered_pricing_percentage_rules":[],"tiered_pricing_maximum_quantity":null,"tiered_pricing_quantity_step":"10","_links":{"self":[{"href":"https:\/\/aiviouvapes.com\/cs\/wp-json\/wp\/v2\/product\/65916","targetHints":{"allow":["GET"]}}],"collection":[{"href":"https:\/\/aiviouvapes.com\/cs\/wp-json\/wp\/v2\/product"}],"about":[{"href":"https:\/\/aiviouvapes.com\/cs\/wp-json\/wp\/v2\/types\/product"}],"replies":[{"embeddable":true,"href":"https:\/\/aiviouvapes.com\/cs\/wp-json\/wp\/v2\/comments?post=65916"}],"wp:featuredmedia":[{"embeddable":true,"href":"https:\/\/aiviouvapes.com\/cs\/wp-json\/wp\/v2\/media\/65929"}],"wp:attachment":[{"href":"https:\/\/aiviouvapes.com\/cs\/wp-json\/wp\/v2\/media?parent=65916"}],"wp:term":[{"taxonomy":"product_brand","embeddable":true,"href":"https:\/\/aiviouvapes.com\/cs\/wp-json\/wp\/v2\/product_brand?post=65916"},{"taxonomy":"product_cat","embeddable":true,"href":"https:\/\/aiviouvapes.com\/cs\/wp-json\/wp\/v2\/product_cat?post=65916"},{"taxonomy":"product_tag","embeddable":true,"href":"https:\/\/aiviouvapes.com\/cs\/wp-json\/wp\/v2\/product_tag?post=65916"}],"curies":[{"name":"wp","href":"https:\/\/api.w.org\/{rel}","templated":true}]}}