{"id":65860,"date":"2025-09-10T17:39:14","date_gmt":"2025-09-10T09:39:14","guid":{"rendered":"https:\/\/aiviouvapes.com\/?post_type=product&#038;p=65860"},"modified":"2026-03-24T11:26:08","modified_gmt":"2026-03-24T03:26:08","slug":"bang-king-ice-cool-60k-60000-puffs","status":"publish","type":"product","link":"https:\/\/aiviouvapes.com\/cs\/product\/bang-king-ice-cool-60k-60000-puffs\/","title":{"rendered":"Bang King Ice Cool 60K | 60 000 \u0161luk\u016f jednor\u00e1zov\u00e9 vape s nastavitelnou chladivost\u00ed"},"content":{"rendered":"<h2>Pro\u010d si vybrat Bang King Ice Cool 60K?<\/h2>\n<ul>\n<li>\ud83d\udd25 Obrovsk\u00e1 kapacita 60 000 v\u00fddech\u016f - vydr\u017e\u00ed mnohem d\u00e9le ne\u017e b\u011b\u017en\u00e9 jednor\u00e1zovky<\/li>\n<li>\u2744\ufe0f Nastaviteln\u00e1 p\u011btistup\u0148ov\u00e1 chladivost - p\u0159izp\u016fsobte si sv\u016fj chladiv\u00fd faktor<\/li>\n<li>\ud83d\udd0b 850mAh dob\u00edjec\u00ed baterie s rychl\u00fdm nab\u00edjen\u00edm Type-C<\/li>\n<li>\ud83d\udca7 Obrovsk\u00e1 n\u00e1dr\u017e na 25 ml e-liquidu pro non-stop vaping<\/li>\n<li>\ud83c\udf00 Mesh Coil 1.0\u03a9 - hladk\u00e1 p\u00e1ra, v\u00fdrazn\u00e1 chu\u0165 p\u0159i ka\u017ed\u00e9m \u0161luku<\/li>\n<li>\ud83d\udcfa LED displej - sledujte stav baterie a e-liquidu v re\u00e1ln\u00e9m \u010dase<\/li>\n<li>\ud83d\udce6 Velkoobchodn\u011b v\u00fdhodn\u00e9 balen\u00ed 10 ks - ide\u00e1ln\u00ed pro distributory a obchody s vapem<\/li>\n<li>\ud83c\udf1f V\u00fdb\u011br s\u00edly nikotinu 2%, 3% nebo 5% - od hladk\u00e9 po tu\u010dnou.<\/li>\n<\/ul>\n<h3>Specifikace<\/h3>\n<table>\n<tbody>\n<tr>\n<td><strong>Po\u010det puf\u016f<\/strong><\/td>\n<td>A\u017e 60 000 vdech\u016f<\/td>\n<\/tr>\n<tr>\n<td><strong>S\u00edla nikotinu<\/strong><\/td>\n<td>2% \/ 3% \/ 5%<\/td>\n<\/tr>\n<tr>\n<td><strong>Kapacita e-liquidu<\/strong><\/td>\n<td>25 ml<\/td>\n<\/tr>\n<tr>\n<td><strong>C\u00edvka<\/strong><\/td>\n<td>S\u00ed\u0165 1.0\u03a9<\/td>\n<\/tr>\n<tr>\n<td><strong>Baterie<\/strong><\/td>\n<td>850mAh dob\u00edjec\u00ed<\/td>\n<\/tr>\n<tr>\n<td><strong>Nastaviteln\u00e1 chladivost<\/strong><\/td>\n<td>5 \u00farovn\u00ed<\/td>\n<\/tr>\n<tr>\n<td><strong>LED obrazovka<\/strong><\/td>\n<td>Ano<\/td>\n<\/tr>\n<tr>\n<td><strong>Nab\u00edjec\u00ed port<\/strong><\/td>\n<td>Typ C<\/td>\n<\/tr>\n<tr>\n<td><strong>Balen\u00ed<\/strong><\/td>\n<td>10 ks\/balen\u00ed<\/td>\n<\/tr>\n<tr>\n<td><strong>P\u0159\u00edchut\u011b<\/strong><\/td>\n<td>12 pr\u00e9miov\u00fdch mo\u017enost\u00ed<\/td>\n<\/tr>\n<\/tbody>\n<\/table>\n<h3>Dostupn\u00e9 p\u0159\u00edchut\u011b \ud83c\udf6d<\/h3>\n<ul>\n<li><strong>Blue Razz Led<\/strong> - sladk\u00fd a pikantn\u00ed s ledov\u00fdm z\u00e1v\u011brem<\/li>\n<li><strong>Jahodov\u00fd meloun<\/strong> - ovocn\u00fd mix pro letn\u00ed vibrace<\/li>\n<li><strong>Melounov\u00fd led<\/strong> - \u0161\u0165avnat\u00fd meloun s chladiv\u00fdm n\u00e1dechem<\/li>\n<li><strong>Broskvov\u00fd led<\/strong> - sladk\u00e1 broskev a osv\u011b\u017euj\u00edc\u00ed led<\/li>\n<li><strong>Hroznov\u00fd led<\/strong> - v\u00fdrazn\u00e1 hroznov\u00e1 p\u0159\u00edchu\u0165 s mraziv\u00fdm n\u00e1dechem<\/li>\n<li><strong>D\u011bsiv\u00e9 bobule<\/strong> - tajemn\u00e1 sm\u011bs bobul\u00ed<\/li>\n<li><strong>Cherry Strazz<\/strong> - t\u0159e\u0161\u0148ov\u00e1 a jahodov\u00e1 f\u00faze<\/li>\n<li><strong>Mango Magic<\/strong> - tropick\u00e9 mango burst<\/li>\n<li><strong>Jahodov\u00fd dra\u010d\u00ed plod<\/strong> - exotick\u00e1 ovocn\u00e1 kombinace<\/li>\n<li><strong>Tyg\u0159\u00ed krev<\/strong> - odv\u00e1\u017en\u00e1 a energizuj\u00edc\u00ed sm\u011bs chut\u00ed<\/li>\n<li><strong>Summer Splash<\/strong> - osv\u011b\u017euj\u00edc\u00ed ovocn\u00e1 sm\u011bs<\/li>\n<li><strong>Sour Lush Gummy<\/strong> - sladkokysel\u00e9 pot\u011b\u0161en\u00ed inspirovan\u00e9 cukrovinkami<\/li>\n<\/ul>\n<h3>NEJ\u010cAST\u011aJ\u0160\u00cd DOTAZY \ud83e\udd14<\/h3>\n<p><strong>Ot\u00e1zka: Jak dlouho vydr\u017e\u00ed Bang King Ice Cool 60K?<\/strong><br \/>\nOdpov\u011b\u010f: S v\u00fddr\u017e\u00ed a\u017e 60 000 potah\u016f a dob\u00edjec\u00ed bateri\u00ed vydr\u017e\u00ed v z\u00e1vislosti na pou\u017e\u00edv\u00e1n\u00ed n\u011bkolik t\u00fddn\u016f a\u017e m\u011bs\u00edc\u016f.<\/p>\n<p><strong>Ot\u00e1zka: Lze tento p\u0159\u00edstroj znovu naplnit?<\/strong><br \/>\nOdpov\u011b\u010f: Ne, jedn\u00e1 se o jednor\u00e1zov\u00fd vape ur\u010den\u00fd pro pohodl\u00ed - nen\u00ed t\u0159eba dopl\u0148ovat ani m\u011bnit spir\u00e1lky.<\/p>\n<p><strong>Ot\u00e1zka: Kdo by si m\u011bl toto za\u0159\u00edzen\u00ed koupit?<\/strong><br \/>\nOdpov\u011b\u010f: Ide\u00e1ln\u00ed pro n\u00e1ro\u010dn\u00e9 u\u017eivatele, milovn\u00edky p\u0159\u00edchut\u00ed, vape shopy a velkoobchodn\u00ed distributory, kte\u0159\u00ed hledaj\u00ed produkty s vysokou popt\u00e1vkou.<\/p>\n<p><strong>Ot\u00e1zka: Dod\u00e1v\u00e1 se v hromadn\u00e9m balen\u00ed?<\/strong><br \/>\nOdpov\u011b\u010f: Ano! Ka\u017ed\u00e1 krabice obsahuje 10 kus\u016f p\u0159ipraven\u00fdch k dal\u0161\u00edmu prodeji.<\/p>\n<h2>Ide\u00e1ln\u00ed pro v\u00e1s \u2705<\/h2>\n<p><strong>Bang King Ice Cool 60K<\/strong> je ur\u010den pro ty, kte\u0159\u00ed cht\u011bj\u00ed <em>dlouhotrvaj\u00edc\u00ed v\u00fdkon, v\u00fdrazn\u00e9 chut\u011b a snadn\u00e9 velkoobchodn\u00ed mo\u017enosti<\/em>. A\u0165 u\u017e jste milovn\u00edk chut\u00ed, n\u00e1ro\u010dn\u00fd vaper nebo majitel vape shopu, toto za\u0159\u00edzen\u00ed v\u00e1m poskytne bezkonkuren\u010dn\u00ed hodnotu a spokojenost. \ud83c\udf1f<\/p>","protected":false},"excerpt":{"rendered":"<p><strong>Hromadn\u00e9 jednor\u00e1zov\u00e9 vape<\/strong> s a\u017e <strong>60 000 vdech\u016f<\/strong>, 12 \u00fa\u017easn\u00fdch p\u0159\u00edchut\u00ed, nastaviteln\u00e9 chlazen\u00ed a p\u0159ehledn\u00fd LED displej - ide\u00e1ln\u00ed pro vape shopy, distributory a n\u00e1ro\u010dn\u00e9 u\u017eivatele \ud83d\ude80.<\/p>","protected":false},"featured_media":65910,"comment_status":"open","ping_status":"closed","template":"","meta":[],"product_brand":[239],"product_cat":[37,280,137,146,138,141,143],"product_tag":[306,303,305,304,302],"class_list":{"0":"post-65860","1":"product","2":"type-product","3":"status-publish","4":"has-post-thumbnail","6":"product_brand-bang","7":"product_cat-bang","8":"product_cat-cheap-rechargeable-disposable-vapes","9":"product_cat-disposable-vapes-in-germany","10":"product_cat-disposable-vapes-in-hungary","11":"product_cat-disposable-vapes-in-ltaly","12":"product_cat-disposable-vapes-in-poland","13":"product_cat-disposable-vapes-in-spain","14":"product_tag-best-disposable-vapes","15":"product_tag-screen-vape","16":"product_tag-vape-suppliers","17":"product_tag-wholesale-vapes","18":"product_tag-wholesale-vapor","20":"first","21":"instock","22":"shipping-taxable","23":"purchasable","24":"product-type-variable","25":"has-default-attributes"},"jetpack_sharing_enabled":true,"tiered_pricing_type":"fixed","tiered_pricing_fixed_rules":{"30":8.4000000000000003552713678800500929355621337890625,"50":6.6699999999999999289457264239899814128875732421875,"100":6.4199999999999999289457264239899814128875732421875,"200":5.79999999999999982236431605997495353221893310546875,"400":5.4900000000000002131628207280300557613372802734375},"tiered_pricing_product_settings":{"layout":"default","base_unit_name":{"singular":null,"plural":null},"default_variation":null},"tiered_pricing_minimum_quantity":10,"tiered_pricing_roles_data":[],"tiered_pricing_percentage_rules":[],"tiered_pricing_maximum_quantity":null,"tiered_pricing_quantity_step":"10","_links":{"self":[{"href":"https:\/\/aiviouvapes.com\/cs\/wp-json\/wp\/v2\/product\/65860","targetHints":{"allow":["GET"]}}],"collection":[{"href":"https:\/\/aiviouvapes.com\/cs\/wp-json\/wp\/v2\/product"}],"about":[{"href":"https:\/\/aiviouvapes.com\/cs\/wp-json\/wp\/v2\/types\/product"}],"replies":[{"embeddable":true,"href":"https:\/\/aiviouvapes.com\/cs\/wp-json\/wp\/v2\/comments?post=65860"}],"wp:featuredmedia":[{"embeddable":true,"href":"https:\/\/aiviouvapes.com\/cs\/wp-json\/wp\/v2\/media\/65910"}],"wp:attachment":[{"href":"https:\/\/aiviouvapes.com\/cs\/wp-json\/wp\/v2\/media?parent=65860"}],"wp:term":[{"taxonomy":"product_brand","embeddable":true,"href":"https:\/\/aiviouvapes.com\/cs\/wp-json\/wp\/v2\/product_brand?post=65860"},{"taxonomy":"product_cat","embeddable":true,"href":"https:\/\/aiviouvapes.com\/cs\/wp-json\/wp\/v2\/product_cat?post=65860"},{"taxonomy":"product_tag","embeddable":true,"href":"https:\/\/aiviouvapes.com\/cs\/wp-json\/wp\/v2\/product_tag?post=65860"}],"curies":[{"name":"wp","href":"https:\/\/api.w.org\/{rel}","templated":true}]}}