{"id":65805,"date":"2025-09-10T17:21:41","date_gmt":"2025-09-10T09:21:41","guid":{"rendered":"https:\/\/aiviouvapes.com\/?post_type=product&#038;p=65805"},"modified":"2026-03-17T14:05:39","modified_gmt":"2026-03-17T06:05:39","slug":"bang-legend-120k-5-in-1-120000-puffs","status":"publish","type":"product","link":"https:\/\/aiviouvapes.com\/cs\/product\/bang-legend-120k-5-in-1-120000-puffs\/","title":{"rendered":"Bang Legend 120K | 120000 \u0161luk\u016f, 5 v 1, v\u00edce p\u0159\u00edchut\u00ed, nastaviteln\u00fd, jednor\u00e1zov\u00fd vape pro hromadn\u00e9 pou\u017eit\u00ed"},"content":{"rendered":"<h2>Pro\u010d si vybrat Bang Legend 120K?<\/h2>\n<ul>\n<li>\ud83d\udca8 <strong>Masivn\u00ed po\u010det puf\u016f:<\/strong> A\u017e 120 000 potah\u016f pro dlouhotrvaj\u00edc\u00ed spokojenost.<\/li>\n<li>\ud83c\udfa8 <strong>Re\u017eimy chuti 5 v 1:<\/strong> Snadno p\u0159ep\u00ednejte mezi 5 p\u0159\u00edchut\u011bmi pro nekone\u010dnou rozmanitost chut\u00ed.<\/li>\n<li>\ud83d\udd0b <strong>Dob\u00edjec\u00ed baterie 850 mAh:<\/strong> Spolehliv\u00fd a konzistentn\u00ed v\u00fdkon.<\/li>\n<li>\u26a1 <strong>Syst\u00e9m Mesh Coil:<\/strong> 5*m\u011bs\u00ed\u010dkov\u00e9 spir\u00e1lky poskytuj\u00ed v\u00fdraznou chu\u0165 a bohat\u00e9 mraky p\u00e1ry.<\/li>\n<li>\ud83d\udcfa <strong>Chytr\u00fd LED displej:<\/strong> Kdykoli si m\u016f\u017eete zkontrolovat v\u00fddr\u017e baterie, po\u010det \u0161luk\u016f a chu\u0165ov\u00fd re\u017eim.<\/li>\n<li>\ud83d\udd0c <strong>Nab\u00edjen\u00ed typu C:<\/strong> Rychl\u00e9 a efektivn\u00ed nab\u00edjen\u00ed pro u\u017eivatele na cest\u00e1ch.<\/li>\n<li>\ud83d\udce6 <strong>Velkoobchodn\u00ed balen\u00ed:<\/strong> 10 ks\/balen\u00ed, ide\u00e1ln\u00ed pro vape obchody a distributory.<\/li>\n<li>\ud83c\udf0d <strong>\u0160irok\u00fd rozsah chut\u00ed:<\/strong> 12 sad s r\u016fzn\u00fdmi p\u0159\u00edchut\u011bmi (v\u00edce ne\u017e 60 jedine\u010dn\u00fdch n\u00e1zv\u016f p\u0159\u00edchut\u00ed), kter\u00e9 uspokoj\u00ed r\u016fzn\u00e9 z\u00e1kazn\u00edky.<\/li>\n<\/ul>\n<h3>Specifikace<\/h3>\n<table>\n<tbody>\n<tr>\n<td><strong>S\u00edla nikotinu<\/strong><\/td>\n<td>2% \/ 3% \/ 5%<\/td>\n<\/tr>\n<tr>\n<td><strong>Po\u010det puf\u016f<\/strong><\/td>\n<td>A\u017e 120 000<\/td>\n<\/tr>\n<tr>\n<td><strong>Re\u017eimy p\u0159\u00edchut\u00ed<\/strong><\/td>\n<td>5 nastaviteln\u00fdch p\u0159\u00edchut\u00ed<\/td>\n<\/tr>\n<tr>\n<td><strong>N\u00e1dr\u017e na olej<\/strong><\/td>\n<td>5 n\u00e1dr\u017e\u00ed<\/td>\n<\/tr>\n<tr>\n<td><strong>Kapacita kapaliny<\/strong><\/td>\n<td>50 ml<\/td>\n<\/tr>\n<tr>\n<td><strong>Baterie<\/strong><\/td>\n<td>850mAh dob\u00edjec\u00ed<\/td>\n<\/tr>\n<tr>\n<td><strong>C\u00edvka<\/strong><\/td>\n<td>5*m\u0159\u00ed\u017ekov\u00e1 c\u00edvka<\/td>\n<\/tr>\n<tr>\n<td><strong>LED obrazovka<\/strong><\/td>\n<td>Ano (baterie, po\u010det \u0161luk\u016f, re\u017eim p\u0159\u00edchut\u011b)<\/td>\n<\/tr>\n<tr>\n<td><strong>Nab\u00edjec\u00ed port<\/strong><\/td>\n<td>Typ C<\/td>\n<\/tr>\n<tr>\n<td><strong>Balen\u00ed<\/strong><\/td>\n<td>10 ks\/balen\u00ed<\/td>\n<\/tr>\n<tr>\n<td><strong>P\u0159\u00edchut\u011b<\/strong><\/td>\n<td>12 sad s r\u016fzn\u00fdmi p\u0159\u00edchut\u011bmi (viz \u00fapln\u00fd seznam n\u00ed\u017ee)<\/td>\n<\/tr>\n<\/tbody>\n<\/table>\n<h3>P\u0159\u00edchut\u011b<\/h3>\n<p>\ud83c\udf53 N\u00ed\u017ee je uvedeno v\u0161ech 12 sad s v\u00edce p\u0159\u00edchut\u011bmi, kter\u00e9 jsou sou\u010d\u00e1st\u00ed sady Bang Legend 120K. Ka\u017ed\u00e1 sada obsahuje 5 p\u0159\u00edchut\u00ed (5 tank\u016f \/ 5 re\u017eim\u016f), tak\u017ee z\u00e1kazn\u00edci mohou p\u0159ep\u00ednat za chodu.<\/p>\n<ol>\n<li><strong>Sada 1:<\/strong> Energetick\u00fd n\u00e1poj a bor\u016fvka T\u0159e\u0161e\u0148 a jablko Hroznov\u00e9 v\u00edno a meloun Dra\u010d\u00ed ovoce a mamba<\/li>\n<li><strong>Sada 2:<\/strong> Energetick\u00fd n\u00e1poj &amp; broskvov\u00fd led &amp; mangov\u00fd led &amp; brusinkov\u00fd hrozen &amp; \u010dern\u00fd ryb\u00edz<\/li>\n<li><strong>Sada 3:<\/strong> Bor\u016fvka Malina a broskev Mango Meloun a t\u0159e\u0161e\u0148 Cola a hroznov\u00e9 v\u00edno Ostru\u017eina Led a mango Broskev Meru\u0148ka<\/li>\n<li><strong>Sada 4:<\/strong> Bor\u016fvka malina &amp; Black Dragon Ice &amp; Rainbow Candy &amp; Fuji Ice &amp; Watermelon Sour Peach<\/li>\n<li><strong>Sada 5:<\/strong> Bor\u016fvkov\u00fd led a kiwi Mu\u010denka Guava a trojit\u00fd meloun a broskev Ananas a v\u00e1\u0161niv\u00fd polibek<\/li>\n<li><strong>Sada 6:<\/strong> Bor\u016fvkov\u00fd led a meloun \u017dv\u00fdka\u010dka a kysel\u00e9 jablko Malina a lotosov\u00e9 ovoce Mango Meloun a mu\u010denka Kiwi Limetka<\/li>\n<li><strong>Sada 7:<\/strong> Melounov\u00fd led &amp; Sm\u00ed\u0161en\u00e9 bobule &amp; Jablko Hru\u0161ka &amp; Bor\u016fvka M\u00e1ta &amp; Letn\u00ed \u010das<\/li>\n<li><strong>Sada 8:<\/strong> Melounov\u00fd led &amp; jahoda Mango &amp; Kalifornie T\u0159e\u0161e\u0148 &amp; bor\u016fvka Broskvov\u00fd led &amp; bobule Cool<\/li>\n<li><strong>Sada 9:<\/strong> Jahodov\u00fd meloun &amp; hroznov\u00fd led &amp; \u010derven\u00e9 mojito &amp; ban\u00e1nov\u00fd led &amp; citronov\u00e1 limetka<\/li>\n<li><strong>Sada 10:<\/strong> Jahoda Meloun a meloun Jablko a kola Led a mango Broskev a l\u00e1ska 66<\/li>\n<li><strong>Sada 11:<\/strong> Jahoda Kiwi &amp; jahoda Ban\u00e1n &amp; li\u010di Led &amp; meloun Bobule &amp; mu\u010denka Mango<\/li>\n<li><strong>Sada 12:<\/strong> Jahoda Kiwi &amp; bor\u016fvka Meloun &amp; medv\u011bd Fudge &amp; bor\u016fvka \u017dv\u00fdka\u010dka &amp; kysel\u00e9 mango Ananas<\/li>\n<\/ol>\n<h3>\u010cASTO KLADEN\u00c9 DOTAZY<\/h3>\n<p><strong>Ot\u00e1zka: Jak dlouho vydr\u017e\u00ed Bang Legend 120K?<\/strong><br \/>\nOdpov\u011b\u010f: S v\u00fddr\u017e\u00ed a\u017e 120 000 potah\u016f a dob\u00edjec\u00ed 850mAh bateri\u00ed vydr\u017e\u00ed v z\u00e1vislosti na pou\u017e\u00edv\u00e1n\u00ed a p\u0159ep\u00edn\u00e1n\u00ed re\u017eim\u016f n\u011bkolik t\u00fddn\u016f a\u017e m\u011bs\u00edc\u016f. LED displej pom\u00e1h\u00e1 sledovat zb\u00fdvaj\u00edc\u00ed \u017eivotnost.<\/p>\n<p><strong>Ot\u00e1zka: Jak funguje 5 chu\u0165ov\u00fdch re\u017eim\u016f?<\/strong><br \/>\nOdpov\u011b\u010f: Za\u0159\u00edzen\u00ed m\u00e1 5 samostatn\u00fdch n\u00e1dr\u017e\u00ed\/re\u017eim\u016f. Pomoc\u00ed p\u0159ep\u00edna\u010de re\u017eim\u016f (jak je pops\u00e1no v u\u017eivatelsk\u00e9 p\u0159\u00edru\u010dce) m\u016f\u017eete okam\u017eit\u011b p\u0159ep\u00ednat mezi na\u010dten\u00fdmi p\u0159\u00edchut\u011bmi.<\/p>\n<p><strong>Ot\u00e1zka: Lze toto za\u0159\u00edzen\u00ed dob\u00edjet?<\/strong><br \/>\nOdpov\u011b\u010f: Ano - pou\u017e\u00edv\u00e1 nab\u00edjec\u00ed port typu C pro rychl\u00e9 a spolehliv\u00e9 nab\u00edjen\u00ed.<\/p>\n<p><strong>Ot\u00e1zka: Lze s\u00edlu nikotinu p\u0159izp\u016fsobit?<\/strong><br \/>\nOdpov\u011b\u010f: Objedn\u00e1vky jsou k dispozici v nikotinov\u00e9 s\u00edle 2%, 3% nebo 5%. Vyberte si podle preferenc\u00ed trhu\/regionu a z\u00e1konn\u00fdch omezen\u00ed.<\/p>\n<p><strong>Ot\u00e1zka: Mohu nakupovat velkoobchodn\u011b?<\/strong><br \/>\nOdpov\u011b\u010f: Ano. Balen\u00ed je 10 ks\/balen\u00ed, tak\u017ee je ide\u00e1ln\u00ed pro vystaven\u00ed v maloobchod\u011b nebo velkoobchodn\u00ed distribuci do vape shop\u016f a internetov\u00fdch obchod\u016f.<\/p>\n<p><strong>Ot\u00e1zka: Pro koho je tento produkt nejvhodn\u011bj\u0161\u00ed?<\/strong><br \/>\nOdpov\u011b\u010f: Intenzivn\u00ed u\u017eivatel\u00e9, milovn\u00edci p\u0159\u00edchut\u00ed, majitel\u00e9 vape shop\u016f a distributo\u0159i, kte\u0159\u00ed pot\u0159ebuj\u00ed velkokapacitn\u00ed jednor\u00e1zov\u00e9 \u0161luk\u00e1tko s \u0161irokou \u0161k\u00e1lou p\u0159\u00edchut\u00ed.<\/p>\n<p>&nbsp;<\/p>\n<p><strong>Bang Legend 120K<\/strong> je stvo\u0159en pro trhy s velkou popt\u00e1vkou - obrovsk\u00fd po\u010det \u0161luk\u016f, p\u011bt nastaviteln\u00fdch re\u017eim\u016f chuti a rozs\u00e1hl\u00fd katalog p\u0159\u00edchut\u00ed z n\u011bj d\u011blaj\u00ed \u0161pi\u010dku pro n\u00e1ro\u010dn\u00e9 u\u017eivatele a hleda\u010de chut\u00ed. \ud83c\udfaf Vape obchody a velkoobchody ocen\u00ed balen\u00ed po 10 kusech p\u0159ipraven\u00e9 pro maloobchodn\u00ed prodej a silnou atraktivitu na reg\u00e1lech. Ud\u011blejte si z\u00e1soby a nab\u00eddn\u011bte z\u00e1kazn\u00edk\u016fm dlouhotrvaj\u00edc\u00ed a v\u0161estrann\u00fd jednor\u00e1zov\u00fd vape, ke kter\u00e9mu se budou r\u00e1di vracet. \ud83d\ude80<\/p>","protected":false},"excerpt":{"rendered":"<p>\ud83d\udd25Bang Legend 120K jednor\u00e1zov\u00e1 vape v\u00e1m p\u0159in\u00e1\u0161\u00ed <strong>120 000 obl\u00e1\u010dk\u016f<\/strong>, <strong>5 nastaviteln\u00fdch p\u0159\u00edchut\u00ed<\/strong>a <strong>v\u00fdkonn\u00e1 dob\u00edjec\u00ed baterie<\/strong> - ide\u00e1ln\u00ed pro milovn\u00edky chut\u00ed, n\u00e1ro\u010dn\u00e9 u\u017eivatele a velkoobchodn\u00ed odb\u011bratele.<\/p>","protected":false},"featured_media":65813,"comment_status":"open","ping_status":"closed","template":"","meta":[],"product_brand":[239],"product_cat":[37,336,280,137,146,138,141,143],"product_tag":[306,303,305,304,302],"class_list":{"0":"post-65805","1":"product","2":"type-product","3":"status-publish","4":"has-post-thumbnail","6":"product_brand-bang","7":"product_cat-bang","8":"product_cat-100k-puffs-disposable-vape","9":"product_cat-cheap-rechargeable-disposable-vapes","10":"product_cat-disposable-vapes-in-germany","11":"product_cat-disposable-vapes-in-hungary","12":"product_cat-disposable-vapes-in-ltaly","13":"product_cat-disposable-vapes-in-poland","14":"product_cat-disposable-vapes-in-spain","15":"product_tag-best-disposable-vapes","16":"product_tag-screen-vape","17":"product_tag-vape-suppliers","18":"product_tag-wholesale-vapes","19":"product_tag-wholesale-vapor","21":"first","22":"instock","23":"shipping-taxable","24":"purchasable","25":"product-type-variable","26":"has-default-attributes"},"jetpack_sharing_enabled":true,"tiered_pricing_type":"fixed","tiered_pricing_fixed_rules":{"30":11.300000000000000710542735760100185871124267578125,"50":8.269999999999999573674358543939888477325439453125,"100":8.019999999999999573674358543939888477325439453125,"200":7.410000000000000142108547152020037174224853515625,"400":7.04000000000000003552713678800500929355621337890625},"tiered_pricing_product_settings":{"layout":"default","base_unit_name":{"singular":null,"plural":null},"default_variation":null},"tiered_pricing_minimum_quantity":10,"tiered_pricing_roles_data":[],"tiered_pricing_percentage_rules":[],"tiered_pricing_maximum_quantity":null,"tiered_pricing_quantity_step":"10","_links":{"self":[{"href":"https:\/\/aiviouvapes.com\/cs\/wp-json\/wp\/v2\/product\/65805","targetHints":{"allow":["GET"]}}],"collection":[{"href":"https:\/\/aiviouvapes.com\/cs\/wp-json\/wp\/v2\/product"}],"about":[{"href":"https:\/\/aiviouvapes.com\/cs\/wp-json\/wp\/v2\/types\/product"}],"replies":[{"embeddable":true,"href":"https:\/\/aiviouvapes.com\/cs\/wp-json\/wp\/v2\/comments?post=65805"}],"wp:featuredmedia":[{"embeddable":true,"href":"https:\/\/aiviouvapes.com\/cs\/wp-json\/wp\/v2\/media\/65813"}],"wp:attachment":[{"href":"https:\/\/aiviouvapes.com\/cs\/wp-json\/wp\/v2\/media?parent=65805"}],"wp:term":[{"taxonomy":"product_brand","embeddable":true,"href":"https:\/\/aiviouvapes.com\/cs\/wp-json\/wp\/v2\/product_brand?post=65805"},{"taxonomy":"product_cat","embeddable":true,"href":"https:\/\/aiviouvapes.com\/cs\/wp-json\/wp\/v2\/product_cat?post=65805"},{"taxonomy":"product_tag","embeddable":true,"href":"https:\/\/aiviouvapes.com\/cs\/wp-json\/wp\/v2\/product_tag?post=65805"}],"curies":[{"name":"wp","href":"https:\/\/api.w.org\/{rel}","templated":true}]}}