{"id":65755,"date":"2025-09-10T16:40:42","date_gmt":"2025-09-10T08:40:42","guid":{"rendered":"https:\/\/aiviouvapes.com\/?post_type=product&#038;p=65755"},"modified":"2026-03-24T11:25:53","modified_gmt":"2026-03-24T03:25:53","slug":"bang-blaze-100k-6-in-1-100000-puffs","status":"publish","type":"product","link":"https:\/\/aiviouvapes.com\/cs\/product\/bang-blaze-100k-6-in-1-100000-puffs\/","title":{"rendered":"Bang Blaze 100K 6 v 1 100000 Puffs | trojit\u00e1 n\u00e1dr\u017e na jednor\u00e1zov\u00e9 vapov\u00e1n\u00ed s LED displejem"},"content":{"rendered":"<h2>Pro\u010d si vybrat Bang Blaze 100K Puffs?<\/h2>\n<ul>\n<li>\ud83d\ude80 Massive <strong>Kapacita 100 000 obl\u00e1\u010dk\u016f<\/strong> pro bezkonkuren\u010dn\u00ed \u017eivotnost.<\/li>\n<li>\ud83c\udf08 <strong>Syst\u00e9m p\u0159\u00edchut\u00ed 6 v 1<\/strong> (A, B, C, A+B, A+C, B+C) - p\u0159\u00edchut\u011b m\u016f\u017eete kdykoli kombinovat.<\/li>\n<li>\ud83d\udca8 <strong>Trojit\u00e1 s\u00ed\u0165ov\u00e1 c\u00edvka<\/strong> zaji\u0161\u0165uje plynulou p\u00e1ru, rychl\u00e9 zah\u0159\u00edv\u00e1n\u00ed a bohatou chu\u0165.<\/li>\n<li>\ud83d\udd0b <strong>Dob\u00edjec\u00ed baterie 850 mAh<\/strong> s rychl\u00fdm nab\u00edjen\u00edm typu C.<\/li>\n<li>\ud83d\udcfa Smart <strong>LED obrazovka<\/strong> p\u0159ehledn\u011b zobrazuje v\u00fddr\u017e baterie a po\u010det nabit\u00ed.<\/li>\n<li>\ud83d\udee0 <strong>Trojit\u00e1 konstrukce n\u00e1dr\u017ee<\/strong> v jednom p\u0159\u00edstroji je ulo\u017eeno v\u00edce p\u0159\u00edchut\u00ed.<\/li>\n<li>\ud83d\udce6 Velkoobchodn\u00ed balen\u00ed: <strong>10 ks\/balen\u00ed<\/strong> pro distributory a vape obchody.<\/li>\n<li>\ud83d\udc4c Je vhodn\u00fd pro za\u010d\u00e1te\u010dn\u00edky, ale z\u00e1rove\u0148 dostate\u010dn\u011b v\u00fdkonn\u00fd pro pokro\u010dil\u00e9 u\u017eivatele.<\/li>\n<\/ul>\n<h3>Specifikace<\/h3>\n<table>\n<tbody>\n<tr>\n<td><strong>S\u00edla nikotinu<\/strong><\/td>\n<td>2% \/ 3% \/ 5%<\/td>\n<\/tr>\n<tr>\n<td><strong>Po\u010det puf\u016f<\/strong><\/td>\n<td>A\u017e 100 000<\/td>\n<\/tr>\n<tr>\n<td><strong>Re\u017eimy p\u0159\u00edchut\u00ed<\/strong><\/td>\n<td>A, B, C, A+B, A+C, B+C<\/td>\n<\/tr>\n<tr>\n<td><strong>N\u00e1dr\u017e na olej<\/strong><\/td>\n<td>3 n\u00e1dr\u017ee<\/td>\n<\/tr>\n<tr>\n<td><strong>C\u00edvka<\/strong><\/td>\n<td>Trojit\u00e1 s\u00ed\u0165ov\u00e1 c\u00edvka<\/td>\n<\/tr>\n<tr>\n<td><strong>Baterie<\/strong><\/td>\n<td>850mAh dob\u00edjec\u00ed<\/td>\n<\/tr>\n<tr>\n<td><strong>LED obrazovka<\/strong><\/td>\n<td>Ano (baterie + displej)<\/td>\n<\/tr>\n<tr>\n<td><strong>Nab\u00edjec\u00ed port<\/strong><\/td>\n<td>Typ C<\/td>\n<\/tr>\n<tr>\n<td><strong>Balen\u00ed<\/strong><\/td>\n<td>10 ks\/balen\u00ed<\/td>\n<\/tr>\n<tr>\n<td><strong>P\u0159\u00edchut\u011b<\/strong><\/td>\n<td>10 pr\u00e9miov\u00fdch mo\u017enost\u00ed<\/td>\n<\/tr>\n<\/tbody>\n<\/table>\n<h3>P\u0159\u00edchut\u011b \ud83c\udf53\ud83c\udf4d\ud83c\udf47<\/h3>\n<ol>\n<li><strong>Melounov\u00fd led + jahodov\u00e1 mamba + jahodov\u00fd meloun<\/strong> - Sladk\u00e9 a ledov\u00e9 osv\u011b\u017een\u00ed.<\/li>\n<li><strong>Fuji Ice + jablko Hroznov\u00e9 v\u00edno + t\u0159e\u0161e\u0148 Gran\u00e1tov\u00e9 jablko<\/strong> - K\u0159upav\u00e1, pikantn\u00ed a \u0161\u0165avnat\u00e1 sm\u011bs.<\/li>\n<li><strong>Bor\u016fvkov\u00fd led + malinov\u00fd citron + melounov\u00e1 \u017ev\u00fdka\u010dka<\/strong> - Z\u00e1bava podobn\u00e1 bonb\u00f3n\u016fm s ovocn\u00fdm puncem.<\/li>\n<li><strong>Bor\u016fvky Maliny + kysel\u00e9 ananasy Pomeran\u010de + melouny<\/strong> - Tropick\u00e1 exploze s pikantn\u00edm n\u00e1dechem.<\/li>\n<li><strong>Hroznov\u00fd led + broskev mango + meloun bor\u016fvka<\/strong> - Exotick\u00e1, sladk\u00e1 a chlazen\u00e1 sm\u011bs.<\/li>\n<li><strong>Jahodov\u00fd led + broskev citron + kiwi mu\u010denka Guava<\/strong> - Osv\u011b\u017euj\u00edc\u00ed ovocn\u00fd koktejl.<\/li>\n<li><strong>Ananasov\u00fd kokos + bor\u016fvkov\u00fd Red Bull + melounov\u00fd led<\/strong> - Tropick\u00e9 vibrace s n\u00e1dechem energetick\u00e9ho n\u00e1poje.<\/li>\n<li><strong>Jahoda kiwi + bor\u016fvka kokos + m\u00edchan\u00e9 bobule<\/strong> - Hladk\u00e1 bobulov\u00e1 sm\u011bs s kr\u00e9mov\u00fdm n\u00e1dechem.<\/li>\n<li><strong>Lemon Romance + Blueberry Raspberry + Peach Menthol<\/strong> - Sladk\u00e1, kysel\u00e1 a chladiv\u00e1 rovnov\u00e1ha.<\/li>\n<li><strong>Broskvov\u00fd led + \u010dern\u00fd ryb\u00edz Ananasov\u00fd led + zelen\u00e9 jablko Kiwi<\/strong> - K\u0159upav\u00e1 a mraziv\u00e1 kombinace ovoce.<\/li>\n<\/ol>\n<h3>NEJ\u010cAST\u011aJ\u0160\u00cd DOTAZY \u2753<\/h3>\n<p><strong>Ot\u00e1zka: Jak dlouho vydr\u017e\u00ed Bang Blaze 100K?<\/strong><br \/>\nOdpov\u011b\u010f: S a\u017e <strong>100 000 vdech\u016f<\/strong>, m\u016f\u017ee vydr\u017eet t\u00fddny nebo dokonce m\u011bs\u00edce v z\u00e1vislosti na va\u0161em pou\u017e\u00edv\u00e1n\u00ed.<\/p>\n<p><strong>Ot\u00e1zka: Mohu ji dob\u00edjet?<\/strong><br \/>\nOdpov\u011b\u010f: Ano! Vybaveno <strong>Dob\u00edjec\u00ed baterie 850 mAh<\/strong> a rychle <strong>Nab\u00edjen\u00ed typu C<\/strong>.<\/p>\n<p><strong>Ot\u00e1zka: Je vhodn\u00fd pro za\u010d\u00e1te\u010dn\u00edky?<\/strong><br \/>\nOdpov\u011b\u010f: Ur\u010dit\u011b. Je snadno ovladateln\u00fd d\u00edky aktivaci potahu a LED displeji a z\u00e1rove\u0148 v\u00fdkonn\u00fd pro pokro\u010dil\u00e9 vapery.<\/p>\n<p><strong>Ot\u00e1zka: Co je uvnit\u0159 balen\u00ed?<\/strong><br \/>\nOdpov\u011b\u010f: Ka\u017ed\u00e9 velkoobchodn\u00ed balen\u00ed obsahuje <strong>10 za\u0159\u00edzen\u00ed Bang Blaze 100K<\/strong>, tak\u017ee je ide\u00e1ln\u00ed pro <em>vape obchody a distributo\u0159i<\/em>.<\/p>\n<p><strong>Ot\u00e1zka: Jak funguje syst\u00e9m p\u0159\u00edchut\u00ed?<\/strong><br \/>\nOdpov\u011b\u010f: A: The <strong>Syst\u00e9m 6 v 1<\/strong> umo\u017e\u0148uje zvolit si jednotliv\u00e9 nebo sm\u00ed\u0161en\u00e9 p\u0159\u00edchut\u011b pro individu\u00e1ln\u00ed z\u00e1\u017eitek z vapov\u00e1n\u00ed.<\/p>\n<p><img data-recalc-dims=\"1\" decoding=\"async\" style=\"max-width: 100%; height: auto; display: block; margin: 0 auto;\" src=\"https:\/\/i0.wp.com\/aiviouvapes.com\/wp-content\/uploads\/2025\/09\/main-picture.png.webp?w=1020&#038;ssl=1\" alt=\"Bang Blaze 6 v 1 Vape\" title=\"\"><\/p>\n<p><strong>Bang Blaze 100K Puffs Jednor\u00e1zov\u00e9 vape<\/strong> je ur\u010den pro <em>n\u00e1ro\u010dn\u00ed u\u017eivatel\u00e9, milovn\u00edci p\u0159\u00edchut\u00ed, majitel\u00e9 vape shop\u016f a velkoobchodn\u00ed distributo\u0159i.<\/em>. Se sv\u00fdm <strong>syst\u00e9m t\u0159\u00ed n\u00e1dr\u017e\u00ed, LED displej a kapacita 100 000 v\u00fddech\u016f.<\/strong>, nen\u00ed to jen vape - je to dokonal\u00e9 \u0159e\u0161en\u00ed pro dlouhotrvaj\u00edc\u00ed vaping. \ud83d\ude80<\/p>","protected":false},"excerpt":{"rendered":"<p>\ud83d\udd25<strong>Bang Blaze 100K Vape na jedno pou\u017eit\u00ed<\/strong> dod\u00e1v\u00e1 a\u017e <strong>100 000 vdech\u016f<\/strong>, p\u0159ep\u00edn\u00e1n\u00ed p\u0159\u00edchut\u00ed 6 v 1 a v\u00fdkonn\u00fd syst\u00e9m trojit\u00e9 s\u00ed\u0165ov\u00e9 spir\u00e1lky - ide\u00e1ln\u00ed pro n\u00e1ro\u010dn\u00e9 vapery, vape shopy a velkoobchodn\u00ed odb\u011bratele.<\/p>","protected":false},"featured_media":65757,"comment_status":"open","ping_status":"closed","template":"","meta":[],"product_brand":[239],"product_cat":[37,336,320,280,137,146,138,141,143],"product_tag":[306,308,303,305,304,302],"class_list":{"0":"post-65755","1":"product","2":"type-product","3":"status-publish","4":"has-post-thumbnail","6":"product_brand-bang","7":"product_cat-bang","8":"product_cat-100k-puffs-disposable-vape","9":"product_cat-best-disposable-vapes","10":"product_cat-cheap-rechargeable-disposable-vapes","11":"product_cat-disposable-vapes-in-germany","12":"product_cat-disposable-vapes-in-hungary","13":"product_cat-disposable-vapes-in-ltaly","14":"product_cat-disposable-vapes-in-poland","15":"product_cat-disposable-vapes-in-spain","16":"product_tag-best-disposable-vapes","17":"product_tag-disposable-vape-in-europe","18":"product_tag-screen-vape","19":"product_tag-vape-suppliers","20":"product_tag-wholesale-vapes","21":"product_tag-wholesale-vapor","23":"first","24":"instock","25":"shipping-taxable","26":"purchasable","27":"product-type-variable","28":"has-default-attributes"},"jetpack_sharing_enabled":true,"tiered_pricing_type":"fixed","tiered_pricing_fixed_rules":{"30":9.8499999999999996447286321199499070644378662109375,"50":7.9900000000000002131628207280300557613372802734375,"100":7.78000000000000024868995751603506505489349365234375,"200":7.12999999999999989341858963598497211933135986328125,"400":6.61000000000000031974423109204508364200592041015625},"tiered_pricing_product_settings":{"layout":"default","base_unit_name":{"singular":null,"plural":null},"default_variation":null},"tiered_pricing_minimum_quantity":10,"tiered_pricing_roles_data":[],"tiered_pricing_percentage_rules":[],"tiered_pricing_maximum_quantity":null,"tiered_pricing_quantity_step":"10","_links":{"self":[{"href":"https:\/\/aiviouvapes.com\/cs\/wp-json\/wp\/v2\/product\/65755","targetHints":{"allow":["GET"]}}],"collection":[{"href":"https:\/\/aiviouvapes.com\/cs\/wp-json\/wp\/v2\/product"}],"about":[{"href":"https:\/\/aiviouvapes.com\/cs\/wp-json\/wp\/v2\/types\/product"}],"replies":[{"embeddable":true,"href":"https:\/\/aiviouvapes.com\/cs\/wp-json\/wp\/v2\/comments?post=65755"}],"wp:featuredmedia":[{"embeddable":true,"href":"https:\/\/aiviouvapes.com\/cs\/wp-json\/wp\/v2\/media\/65757"}],"wp:attachment":[{"href":"https:\/\/aiviouvapes.com\/cs\/wp-json\/wp\/v2\/media?parent=65755"}],"wp:term":[{"taxonomy":"product_brand","embeddable":true,"href":"https:\/\/aiviouvapes.com\/cs\/wp-json\/wp\/v2\/product_brand?post=65755"},{"taxonomy":"product_cat","embeddable":true,"href":"https:\/\/aiviouvapes.com\/cs\/wp-json\/wp\/v2\/product_cat?post=65755"},{"taxonomy":"product_tag","embeddable":true,"href":"https:\/\/aiviouvapes.com\/cs\/wp-json\/wp\/v2\/product_tag?post=65755"}],"curies":[{"name":"wp","href":"https:\/\/api.w.org\/{rel}","templated":true}]}}