{"id":5353,"date":"2024-08-19T03:51:49","date_gmt":"2024-08-18T19:51:49","guid":{"rendered":"https:\/\/aiviouvapes.com\/?post_type=product&#038;p=5353"},"modified":"2025-07-24T09:10:22","modified_gmt":"2025-07-24T01:10:22","slug":"aivono-winner-6000-puffs-disposable-wholesale","status":"publish","type":"product","link":"https:\/\/aiviouvapes.com\/cs\/product\/aivono-winner-6000-puffs-disposable-wholesale\/","title":{"rendered":"AIVONO Winner 6000 Puffs | 0%-5% nikotin, 26 ml, dvojit\u00e1 s\u00ed\u0165ka, LCD displej, hromadn\u00e9 vapov\u00e1n\u00ed"},"content":{"rendered":"<h2>AIVONO Winner 6000 potah\u016f | 0% 2% 3% 5% nikotin, 26ml e-liquid, du\u00e1ln\u00ed mesh spir\u00e1lky, LCD displej, dob\u00edjec\u00ed typ C, velkoobchodn\u00ed n\u00e1kup jednor\u00e1zov\u00fdch vap\u016f<\/h2>\n<h3>P\u0159ehled a funkce AIVONO WINNER 6000 potah\u016f<\/h3>\n<p>AIVONO WINNER 6000 Puffs je navr\u017eeno tak, aby poskytovalo v\u011bt\u0161\u00ed uspokojen\u00ed a nab\u00edz\u00ed a\u017e 6000 \u0161luk\u016f s velkorysou kapacitou 15 ml e-d\u017eusu, co\u017e sni\u017euje pot\u0159ebu \u010dast\u00e9ho dopl\u0148ov\u00e1n\u00ed. Toto za\u0159\u00edzen\u00ed je nap\u00e1jeno 600mAh dob\u00edjec\u00ed bateri\u00ed, podporuje prodlou\u017een\u00e9 vapov\u00e1n\u00ed a nab\u00edjec\u00ed port Type-C zaji\u0161\u0165uje rychl\u00e9 a efektivn\u00ed dob\u00edjen\u00ed. K dispozici v \u00farovn\u00edch nikotinu 0%, 2% a 5%, vyhovuje r\u016fzn\u00fdm preferenc\u00edm. C\u00edvka 1,2\u03a9 mesh zlep\u0161uje chu\u0165 a konzistenci p\u00e1ry, tak\u017ee ka\u017ed\u00fd \u0161luk je hladk\u00fd a p\u0159\u00edjemn\u00fd.<\/p>\n<ul>\n<li><strong>A\u017e 6000 \u0161luk\u016f<\/strong>: Poskytuje \u0161irok\u00e9 vyu\u017eit\u00ed, maximalizuje hodnotu a pohodl\u00ed.<\/li>\n<li><strong>Kapacita 15ml E-liquidu<\/strong>: Sni\u017euje frekvenci dopl\u0148ov\u00e1n\u00ed pro nep\u0159eru\u0161ovan\u00fd po\u017eitek.<\/li>\n<li><strong>Baterie s kapacitou 600 mAh<\/strong>: Zaji\u0161\u0165uje spolehliv\u00fd v\u00fdkon s rychl\u00fdm dob\u00edjen\u00edm typu C.<\/li>\n<li><strong>Mo\u017enosti nikotinu<\/strong>: K dispozici v 0%, 2% a 5% pro p\u0159izp\u016fsoben\u00fd z\u00e1\u017eitek.<\/li>\n<li><strong>1,2\u03a9 s\u00ed\u0165ov\u00e1 c\u00edvka<\/strong>: Poskytuje bohatou, hladkou chu\u0165 a konzistentn\u00ed produkci p\u00e1ry.<\/li>\n<\/ul>\n<h3>AIVONO WINNER 6000 p\u0159\u00edchut\u00ed Puffs skladem:<\/h3>\n<p>Melounov\u00fd led, chladiv\u00e1 m\u00e1ta, ban\u00e1nov\u00fd led, bor\u016fvka na ledu, broskvov\u00fd led, hroznov\u00fd led, grapefruitov\u00fd pomeran\u010d, mango guava, jahodov\u00e1 mu\u010denka, pomeran\u010dov\u00e1 soda.<\/p>\n<h3>Pro\u010d si vybrat AIVONO WINNER 6000 Puffs?<\/h3>\n<p>AIVONO WINNER 6000 Puffs kombinuje vysokou kapacitu potahu, rozmanitou \u0161k\u00e1lu p\u0159\u00edchut\u00ed a pokro\u010dilou technologii mesh coil, d\u00edky \u010demu\u017e je nejlep\u0161\u00ed volbou pro ty, kte\u0159\u00ed hledaj\u00ed kvalitu a pohodl\u00ed. D\u00edky lehk\u00e9mu, p\u0159enosn\u00e9mu designu a dob\u00edjec\u00ed baterii je ide\u00e1ln\u00ed pro pou\u017eit\u00ed na cest\u00e1ch, zat\u00edmco jednor\u00e1zov\u00fd form\u00e1t znamen\u00e1, \u017ee nen\u00ed nutn\u00e9 \u017e\u00e1dn\u00e9 dopl\u0148ov\u00e1n\u00ed ani \u00fadr\u017eba. Ide\u00e1ln\u00ed pro velkoobchod, toto za\u0159\u00edzen\u00ed je vynikaj\u00edc\u00ed volbou pro maloobchodn\u00edky, kte\u0159\u00ed cht\u011bj\u00ed nab\u00edzet vysoce kvalitn\u00ed jednor\u00e1zov\u00e9 vapy. AIVONO WINNER 6000 Puffs poskytuje prvot\u0159\u00eddn\u00ed, uspokojuj\u00edc\u00ed z\u00e1\u017eitek z vapov\u00e1n\u00ed s ka\u017ed\u00fdm \u0161lukem.<img data-recalc-dims=\"1\" loading=\"lazy\" decoding=\"async\" class=\"alignnone wp-image-8224 size-full\" title=\"AIVONO WINNER 6000 Puffs 0% 2% 5% Nikotinov\u00fd dob\u00edjec\u00ed velkoobchodn\u00ed n\u00e1kup jednor\u00e1zov\u00fdch vape\u016f\" src=\"https:\/\/i0.wp.com\/aiviouvapes.com\/wp-content\/uploads\/2024\/08\/%E9%9B%86%E5%90%88%E5%9B%BE3.jpg?resize=1020%2C599&#038;ssl=1\" alt=\"AIVONO WINNER 6000 Puffs 0% 2% 5% Nikotinov\u00fd dob\u00edjec\u00ed velkoobchodn\u00ed n\u00e1kup jednor\u00e1zov\u00fdch vape\u016f\" width=\"1020\" height=\"599\" srcset=\"https:\/\/i0.wp.com\/aiviouvapes.com\/wp-content\/uploads\/2024\/08\/%E9%9B%86%E5%90%88%E5%9B%BE3.jpg?w=1920&amp;ssl=1 1920w, https:\/\/i0.wp.com\/aiviouvapes.com\/wp-content\/uploads\/2024\/08\/%E9%9B%86%E5%90%88%E5%9B%BE3.jpg?resize=300%2C176&amp;ssl=1 300w, https:\/\/i0.wp.com\/aiviouvapes.com\/wp-content\/uploads\/2024\/08\/%E9%9B%86%E5%90%88%E5%9B%BE3.jpg?resize=1024%2C602&amp;ssl=1 1024w, https:\/\/i0.wp.com\/aiviouvapes.com\/wp-content\/uploads\/2024\/08\/%E9%9B%86%E5%90%88%E5%9B%BE3.jpg?resize=768%2C451&amp;ssl=1 768w, https:\/\/i0.wp.com\/aiviouvapes.com\/wp-content\/uploads\/2024\/08\/%E9%9B%86%E5%90%88%E5%9B%BE3.jpg?resize=1536%2C902&amp;ssl=1 1536w, https:\/\/i0.wp.com\/aiviouvapes.com\/wp-content\/uploads\/2024\/08\/%E9%9B%86%E5%90%88%E5%9B%BE3.jpg?resize=18%2C12&amp;ssl=1 18w, https:\/\/i0.wp.com\/aiviouvapes.com\/wp-content\/uploads\/2024\/08\/%E9%9B%86%E5%90%88%E5%9B%BE3.jpg?resize=800%2C470&amp;ssl=1 800w\" sizes=\"auto, (max-width: 1020px) 100vw, 1020px\" \/><\/p>","protected":false},"excerpt":{"rendered":"<p>AIVONO WINNER 6000 Puffs nab\u00edz\u00ed a\u017e 6000 \u0161luk\u016f s kapacitou 15 ml e-liquidu, hladkou 1,2\u03a9 mesh c\u00edvkou a dob\u00edjec\u00ed 600mAh bateri\u00ed. K dispozici v 0%, 2% a 5% nikotinu, poskytuje konzistentn\u00ed chu\u0165 a spokojenost v p\u0159enosn\u00e9m, bez\u00fadr\u017ebov\u00e9m designu.<\/p>","protected":false},"featured_media":5354,"comment_status":"open","ping_status":"closed","template":"","meta":[],"product_brand":[],"product_cat":[41,119,117,76,134,135,133,136,137,146,138,139,140,141,142,143,144,145,116,132],"product_tag":[],"class_list":{"0":"post-5353","1":"product","2":"type-product","3":"status-publish","4":"has-post-thumbnail","6":"product_cat-aivono-vapes","7":"product_cat-5000-puffs-disposable-vape","8":"product_cat-different-puffs-of-diposable-vapes","9":"product_cat-disposable-vape-types","10":"product_cat-disposable-vapes-in-austria","11":"product_cat-disposable-vapes-in-belgium","12":"product_cat-disposable-vapes-in-europe","13":"product_cat-disposable-vapes-in-france","14":"product_cat-disposable-vapes-in-germany","15":"product_cat-disposable-vapes-in-hungary","16":"product_cat-disposable-vapes-in-ltaly","17":"product_cat-disposable-vapes-in-netherlands","18":"product_cat-disposable-vapes-in-norway","19":"product_cat-disposable-vapes-in-poland","20":"product_cat-disposable-vapes-in-portugal","21":"product_cat-disposable-vapes-in-spain","22":"product_cat-disposable-vapes-in-sweden","23":"product_cat-disposable-vapes-in-switzerland","24":"product_cat-mini-puffs-vapes","25":"product_cat-rechargeable-vapes","27":"first","28":"instock","29":"shipping-taxable","30":"purchasable","31":"product-type-variable","32":"has-default-attributes"},"jetpack_sharing_enabled":true,"tiered_pricing_type":"fixed","tiered_pricing_fixed_rules":{"2000":5.12999999999999989341858963598497211933135986328125},"tiered_pricing_product_settings":{"layout":"default","base_unit_name":{"singular":null,"plural":null},"default_variation":null},"tiered_pricing_minimum_quantity":1000,"tiered_pricing_roles_data":[],"tiered_pricing_percentage_rules":[],"tiered_pricing_maximum_quantity":null,"tiered_pricing_quantity_step":"10","_links":{"self":[{"href":"https:\/\/aiviouvapes.com\/cs\/wp-json\/wp\/v2\/product\/5353","targetHints":{"allow":["GET"]}}],"collection":[{"href":"https:\/\/aiviouvapes.com\/cs\/wp-json\/wp\/v2\/product"}],"about":[{"href":"https:\/\/aiviouvapes.com\/cs\/wp-json\/wp\/v2\/types\/product"}],"replies":[{"embeddable":true,"href":"https:\/\/aiviouvapes.com\/cs\/wp-json\/wp\/v2\/comments?post=5353"}],"wp:featuredmedia":[{"embeddable":true,"href":"https:\/\/aiviouvapes.com\/cs\/wp-json\/wp\/v2\/media\/5354"}],"wp:attachment":[{"href":"https:\/\/aiviouvapes.com\/cs\/wp-json\/wp\/v2\/media?parent=5353"}],"wp:term":[{"taxonomy":"product_brand","embeddable":true,"href":"https:\/\/aiviouvapes.com\/cs\/wp-json\/wp\/v2\/product_brand?post=5353"},{"taxonomy":"product_cat","embeddable":true,"href":"https:\/\/aiviouvapes.com\/cs\/wp-json\/wp\/v2\/product_cat?post=5353"},{"taxonomy":"product_tag","embeddable":true,"href":"https:\/\/aiviouvapes.com\/cs\/wp-json\/wp\/v2\/product_tag?post=5353"}],"curies":[{"name":"wp","href":"https:\/\/api.w.org\/{rel}","templated":true}]}}