{"id":53032,"date":"2025-08-09T15:36:13","date_gmt":"2025-08-09T07:36:13","guid":{"rendered":"https:\/\/aiviouvapes.com\/?post_type=product&#038;p=53032"},"modified":"2026-04-17T13:00:40","modified_gmt":"2026-04-17T05:00:40","slug":"bang-king-tornado-fire-40000","status":"publish","type":"product","link":"https:\/\/aiviouvapes.com\/cs\/product\/bang-king-tornado-fire-40000\/","title":{"rendered":"Bang King Tornado Fire 40000 Puffs | nastaviteln\u00fd pr\u016ftok vzduchu a 35ml e-liquidu pro jednor\u00e1zov\u00e9 vapov\u00e1n\u00ed"},"content":{"rendered":"<h2><strong>\ud83d\udd25Pro\u010d si vybrat Bang King Tornado Fire 40000?\ud83d\udd25<\/strong><\/h2>\n<ul>\n<li><strong>Dlouhodob\u00e1 \u017eivotnost:<\/strong> Z\u00edskejte a\u017e 40 000 potah\u016f pro del\u0161\u00ed uspokojen\u00ed z vapingu.<\/li>\n<li><strong>V\u0161estrann\u00e9 nikotinov\u00e9 s\u00edly:<\/strong> Nab\u00edz\u00ed nikotin 2%, 3% nebo 5% pro individu\u00e1ln\u00ed \u0161lukov\u00e1n\u00ed.<\/li>\n<li><strong>Nastaviteln\u00e9 proud\u011bn\u00ed vzduchu:<\/strong> Zdokonalte sv\u00e9 potahov\u00e1n\u00ed d\u00edky nastaviteln\u00e9mu proud\u011bn\u00ed vzduchu pro z\u00e1\u017eitek na m\u00edru.<\/li>\n<li><strong>Vysoce kvalitn\u00ed konstrukce:<\/strong> 1,0\u03a9 mesh coil pro optim\u00e1ln\u00ed chu\u0165 a produkci p\u00e1ry.<\/li>\n<li><strong>Stylov\u00e9 a praktick\u00e9:<\/strong> Elegantn\u00ed, k\u0159i\u0161\u0165\u00e1lov\u011b \u010dist\u00e9 t\u011blo s chytr\u00fdm displejem a nab\u00edjen\u00edm p\u0159es USB-C.<\/li>\n<li><strong>Ide\u00e1ln\u00ed pro maloobchod a velkoobchod:<\/strong> Ide\u00e1ln\u00ed pro vape obchody a distributory, kte\u0159\u00ed hledaj\u00ed pr\u00e9miov\u00e9 jednor\u00e1zov\u00e9 vapes.<\/li>\n<\/ul>\n<p>The <strong>Bang King Tornado Fire 40000<\/strong> je ide\u00e1ln\u00ed volbou pro n\u00e1ro\u010dn\u00e9 u\u017eivatele, milovn\u00edky chut\u00ed a vape shopy, kter\u00e9 cht\u011bj\u00ed sv\u00fdm z\u00e1kazn\u00edk\u016fm nab\u00eddnout jednor\u00e1zov\u00e9 vapov\u00e1n\u00ed \u0161pi\u010dkov\u00e9 kvality. D\u00edky obrovsk\u00e9 kapacit\u011b \u0161lukov\u00e1n\u00ed, elegantn\u00edmu designu a rozmanit\u00fdm mo\u017enostem p\u0159\u00edchut\u00ed slibuje toto za\u0159\u00edzen\u00ed nezapomenuteln\u00fd z\u00e1\u017eitek z vapov\u00e1n\u00ed. A\u0165 u\u017e jste prodejce nebo distributor, Tornado Fire se ve va\u0161em obchod\u011b jist\u011b stane hitem!<\/p>\n<h2>\ud83d\udd25 <strong>Bang King Tornado Fire 40000 Puffs: Uvoln\u011bte s\u00edlu chuti!<\/strong> \ud83d\udd25<\/h2>\n<p>P\u0159iv\u00edtejte dokonal\u00fd z\u00e1\u017eitek z vapingu s modelem <strong>Bang King Tornado Fire 40000<\/strong>. Tento jednor\u00e1zov\u00fd vape, pln\u00fd chuti a ur\u010den\u00fd pro osobn\u00ed po\u017eitek i velkoobchodn\u00ed distribuci, nab\u00edz\u00ed a\u017e 40 000 potah\u016f \u010dist\u00e9ho uspokojen\u00ed. A\u0165 u\u017e jste v\u00e1\u0161niv\u00fd vaper, kter\u00fd se hon\u00ed za odv\u00e1\u017en\u00fdmi, nezapomenuteln\u00fdmi p\u0159\u00edchut\u011bmi, nebo distributor, kter\u00fd hled\u00e1 pr\u00e9miov\u00e9 produkty pro sv\u016fj obchod, toto je za\u0159\u00edzen\u00ed, na kter\u00e9 jste \u010dekali. D\u00edky nastaviteln\u00e9mu pr\u016ftoku vzduchu, dob\u00edjen\u00ed Type-C a k\u0159i\u0161\u0165\u00e1lov\u011b \u010dist\u00e9mu designu t\u011bla. <strong>Torn\u00e1do Po\u017e\u00e1r 40000<\/strong> m\u011bn\u00ed pravidla hry ve sv\u011bt\u011b jednor\u00e1zov\u00fdch vap\u016f.<\/p>\n<p><strong>Kl\u00ed\u010dov\u00e9 vlastnosti:<\/strong><\/p>\n<ul>\n<li><strong>Obrovsk\u00e1 objemov\u00e1 kapacita:<\/strong> A\u017e 40 000 potah\u016f, ide\u00e1ln\u00ed pro celodenn\u00ed po\u017eitek.<\/li>\n<li><strong>P\u0159izp\u016fsobiteln\u00e9 s\u00edly nikotinu:<\/strong> Vyberte si z nikotinov\u00fdch variant 2%, 3% nebo 5%.<\/li>\n<li><strong>Kapacita e-liquidu:<\/strong> 35 ml e-liquidu, co\u017e v\u00e1m zajist\u00ed maxim\u00e1ln\u00ed po\u017eitek z ka\u017ed\u00e9ho \u0161luknut\u00ed.<\/li>\n<li><strong>Nastaviteln\u00e9 proud\u011bn\u00ed vzduchu:<\/strong> P\u0159izp\u016fsobte si vapov\u00e1n\u00ed podle sv\u00fdch preferenc\u00ed pro jemn\u00e9 nebo intenzivn\u00ed \u0161luky.<\/li>\n<li><strong>Nab\u00edjen\u00ed typu C:<\/strong> Rychl\u00e9 a pohodln\u00e9 dob\u00edjen\u00ed pomoc\u00ed modern\u00ed technologie USB-C.<\/li>\n<li><strong>Odoln\u00fd a stylov\u00fd design:<\/strong> K\u0159i\u0161\u0165\u00e1lov\u011b pr\u016fhledn\u00e9 t\u011blo pro prezentaci elegantn\u00edho designu a pr\u00e9miov\u00e9ho e-liquidu.<\/li>\n<\/ul>\n<h3><strong>Bang King Tornado Fire 40000 Specifikace:<\/strong><\/h3>\n<table>\n<thead>\n<tr>\n<th>Funkce<\/th>\n<th>Podrobnosti<\/th>\n<\/tr>\n<\/thead>\n<tbody>\n<tr>\n<td><strong>Kapacita puff\u016f<\/strong><\/td>\n<td>A\u017e 40 000 vdech\u016f<\/td>\n<\/tr>\n<tr>\n<td><strong>Kapacita e-liquidu<\/strong><\/td>\n<td>35 ml<\/td>\n<\/tr>\n<tr>\n<td><strong>Baterie<\/strong><\/td>\n<td>1000 mAh, dob\u00edjen\u00ed typu C<\/td>\n<\/tr>\n<tr>\n<td><strong>Typ c\u00edvky<\/strong><\/td>\n<td>1,0\u03a9 s\u00ed\u0165ov\u00e1 c\u00edvka<\/td>\n<\/tr>\n<tr>\n<td><strong>Mo\u017enosti nikotinu<\/strong><\/td>\n<td>2%, 3%, 5%<\/td>\n<\/tr>\n<tr>\n<td><strong>Displej<\/strong><\/td>\n<td>Chytr\u00e1 obrazovka<\/td>\n<\/tr>\n<tr>\n<td><strong>Design<\/strong><\/td>\n<td>K\u0159i\u0161\u0165\u00e1lov\u011b \u010dist\u00e9 t\u011blo<\/td>\n<\/tr>\n<tr>\n<td><strong>Proud\u011bn\u00ed vzduchu<\/strong><\/td>\n<td>Nastaviteln\u00e9<\/td>\n<\/tr>\n<\/tbody>\n<\/table>\n<p>A\u0165 u\u017e jste <strong>vape shop<\/strong> chcete si po\u0159\u00eddit nejnov\u011bj\u0161\u00ed a nejmodern\u011bj\u0161\u00ed za\u0159\u00edzen\u00ed nebo <strong>velkoobchodn\u00ed distributor<\/strong> hled\u00e1 produkt s vysokou popt\u00e1vkou. <strong>Torn\u00e1do Po\u017e\u00e1r 40000<\/strong> je nezbytnou sou\u010d\u00e1st\u00ed v\u00fdbavy. Obsahuje <strong>12 neuv\u011b\u0159iteln\u00fdch p\u0159\u00edchut\u00ed<\/strong>, nastaviteln\u00fdm proud\u011bn\u00edm vzduchu a rychl\u00fdm nab\u00edjen\u00edm typu C je toto za\u0159\u00edzen\u00ed vyrobeno tak, aby uspokojilo va\u0161e z\u00e1kazn\u00edky a ti se k n\u011bmu vraceli.<\/p>\n<h4><strong>Bang King Tornado Fire 40000 Seznam p\u0159\u00edchut\u00ed:<\/strong><\/h4>\n<ol>\n<li><strong>Meloun<\/strong> - Osv\u011b\u017euj\u00edc\u00ed a \u0161\u0165avnat\u00e1 chu\u0165 melounu v ka\u017ed\u00e9m \u0161luku.<\/li>\n<li><strong>Jahodov\u00fd meloun<\/strong> - Sladk\u00e1 a pikantn\u00ed sm\u011bs zral\u00fdch jahod a vodn\u00edho melounu.<\/li>\n<li><strong>Bor\u016fvkov\u00fd led<\/strong> - K\u0159upav\u00e9 bor\u016fvky s chladn\u00fdm, ledov\u00fdm z\u00e1v\u011brem.<\/li>\n<li><strong>Bor\u016fvka malina<\/strong> - Ovocn\u00e1 kombinace sladk\u00fdch bor\u016fvek a trpk\u00fdch malin.<\/li>\n<li><strong>Jahodov\u00e1 zmrzlina<\/strong> - Dokonal\u00e1 rovnov\u00e1ha sladk\u00fdch jahod s chladiv\u00fdm ledov\u00fdm n\u00e1dechem.<\/li>\n<li><strong>Jahodov\u00e9 kiwi<\/strong> - Tropick\u00e1 kombinace sladk\u00fdch jahod a pikantn\u00edho kiwi.<\/li>\n<li><strong>Mango broskev meloun<\/strong> - Lahodn\u00e1 tropick\u00e1 sm\u011bs manga, broskv\u00ed a osv\u011b\u017euj\u00edc\u00edho melounu.<\/li>\n<li><strong>Kiwi Mu\u010denka Gran\u00e1tov\u00e9 jablko<\/strong> - Exotick\u00e9 kiwi a mu\u010denka s n\u00e1dechem pikantn\u00edho gran\u00e1tov\u00e9ho jablka.<\/li>\n<li><strong>Broskvov\u00fd led<\/strong> - Hladk\u00e9, sladk\u00e9 broskve s chladiv\u00fdm mentolov\u00fdm n\u00e1dechem.<\/li>\n<li><strong>Sm\u00ed\u0161en\u00e9 bobule<\/strong> - \u0160\u0165avnat\u00e1 sm\u011bs nejr\u016fzn\u011bj\u0161\u00edch bobul\u00ed pro v\u0161estrann\u00fd ovocn\u00fd z\u00e1\u017eitek.<\/li>\n<li><strong>Bor\u016fvka Hroznov\u00e9 v\u00edno<\/strong> - Sladk\u00e9 bor\u016fvky v kombinaci se zral\u00fdmi, \u0161\u0165avnat\u00fdmi hrozny.<\/li>\n<li><strong>Melounov\u00e1 \u017ev\u00fdka\u010dka<\/strong> - Nostalgick\u00e1, sladk\u00e1 p\u0159\u00edchu\u0165 vodn\u00edho melounu s podt\u00f3ny \u017ev\u00fdka\u010dky.<\/li>\n<\/ol>","protected":false},"excerpt":{"rendered":"<p>Bang King Tornado Fire 40000 potah\u016f | 12 p\u0159\u00edchut\u00ed, nastaviteln\u00fd airflow, 35 ml e-liquidu a dlouhotrvaj\u00edc\u00ed v\u00fdkon - ide\u00e1ln\u00ed pro vapery a velkoobchody!<\/p>","protected":false},"featured_media":52919,"comment_status":"open","ping_status":"closed","template":"","meta":[],"product_brand":[239],"product_cat":[37,280,137,146,138,141,143],"product_tag":[306,308,303,305,304,302],"class_list":{"0":"post-53032","1":"product","2":"type-product","3":"status-publish","4":"has-post-thumbnail","6":"product_brand-bang","7":"product_cat-bang","8":"product_cat-cheap-rechargeable-disposable-vapes","9":"product_cat-disposable-vapes-in-germany","10":"product_cat-disposable-vapes-in-hungary","11":"product_cat-disposable-vapes-in-ltaly","12":"product_cat-disposable-vapes-in-poland","13":"product_cat-disposable-vapes-in-spain","14":"product_tag-best-disposable-vapes","15":"product_tag-disposable-vape-in-europe","16":"product_tag-screen-vape","17":"product_tag-vape-suppliers","18":"product_tag-wholesale-vapes","19":"product_tag-wholesale-vapor","21":"first","22":"instock","23":"shipping-taxable","24":"purchasable","25":"product-type-variable","26":"has-default-attributes"},"jetpack_sharing_enabled":true,"tiered_pricing_type":"fixed","tiered_pricing_fixed_rules":{"30":7.78000000000000024868995751603506505489349365234375,"50":6.480000000000000426325641456060111522674560546875,"100":5.70000000000000017763568394002504646778106689453125,"200":5.30999999999999960920149533194489777088165283203125,"400":4.730000000000000426325641456060111522674560546875},"tiered_pricing_product_settings":{"layout":"default","base_unit_name":{"singular":null,"plural":null},"default_variation":null},"tiered_pricing_minimum_quantity":10,"tiered_pricing_roles_data":[],"tiered_pricing_percentage_rules":[],"tiered_pricing_maximum_quantity":null,"tiered_pricing_quantity_step":"10","_links":{"self":[{"href":"https:\/\/aiviouvapes.com\/cs\/wp-json\/wp\/v2\/product\/53032","targetHints":{"allow":["GET"]}}],"collection":[{"href":"https:\/\/aiviouvapes.com\/cs\/wp-json\/wp\/v2\/product"}],"about":[{"href":"https:\/\/aiviouvapes.com\/cs\/wp-json\/wp\/v2\/types\/product"}],"replies":[{"embeddable":true,"href":"https:\/\/aiviouvapes.com\/cs\/wp-json\/wp\/v2\/comments?post=53032"}],"wp:featuredmedia":[{"embeddable":true,"href":"https:\/\/aiviouvapes.com\/cs\/wp-json\/wp\/v2\/media\/52919"}],"wp:attachment":[{"href":"https:\/\/aiviouvapes.com\/cs\/wp-json\/wp\/v2\/media?parent=53032"}],"wp:term":[{"taxonomy":"product_brand","embeddable":true,"href":"https:\/\/aiviouvapes.com\/cs\/wp-json\/wp\/v2\/product_brand?post=53032"},{"taxonomy":"product_cat","embeddable":true,"href":"https:\/\/aiviouvapes.com\/cs\/wp-json\/wp\/v2\/product_cat?post=53032"},{"taxonomy":"product_tag","embeddable":true,"href":"https:\/\/aiviouvapes.com\/cs\/wp-json\/wp\/v2\/product_tag?post=53032"}],"curies":[{"name":"wp","href":"https:\/\/api.w.org\/{rel}","templated":true}]}}