{"id":5272,"date":"2024-08-19T03:33:10","date_gmt":"2024-08-18T19:33:10","guid":{"rendered":"https:\/\/aiviouvapes.com\/?post_type=product&#038;p=5272"},"modified":"2025-07-24T11:59:37","modified_gmt":"2025-07-24T03:59:37","slug":"aivono-aim-puff-star-6500-puffs-disposable-wholesale","status":"publish","type":"product","link":"https:\/\/aiviouvapes.com\/cs\/product\/aivono-aim-puff-star-6500-puffs-disposable-wholesale\/","title":{"rendered":"AIVONO Aim Puff Star 6500 Puff\u016f | 0%-5% nikotin, 13 ml, jednor\u00e1zov\u00fd vape ve velk\u00e9m balen\u00ed"},"content":{"rendered":"<h2>AIVONO Aim Puff Star 6500 \u0161luk\u016f | 0% 2% 5% nikotin, 13ml e-liquid, 1,2\u03a9 mesh c\u00edvka, dob\u00edjec\u00ed typ C, velkoobchodn\u00ed prodej jednor\u00e1zov\u00fdch vap\u016f<\/h2>\n<h3>P\u0159ehled a funkce AIVONO AIM PUFF STAR 6500<\/h3>\n<p>AIVONO AIM PUFF STAR 6500 Puffs je vytvo\u0159en pro del\u0161\u00ed po\u017eitek a nab\u00edz\u00ed a\u017e 6500 \u0161luk\u016f s 13ml n\u00e1dr\u017ekou na e-d\u017eus, aby se sn\u00ed\u017eila pot\u0159eba \u010dast\u00e9ho dopl\u0148ov\u00e1n\u00ed. Toto za\u0159\u00edzen\u00ed je nap\u00e1jeno 400mAh dob\u00edjec\u00ed bateri\u00ed a podporuje prodlou\u017een\u00e9 vapov\u00e1n\u00ed, zat\u00edmco nab\u00edjec\u00ed port typu C zaji\u0161\u0165uje rychl\u00e9 a efektivn\u00ed dob\u00edjen\u00ed. K dispozici v s\u00edle nikotinu 0%, 2% a 5%, vyhovuje r\u016fzn\u00fdm preferenc\u00edm. C\u00edvka 1,2\u03a9 mesh zlep\u0161uje chu\u0165 a konzistenci p\u00e1ry a poskytuje hladk\u00fd a p\u0159\u00edjemn\u00fd v\u00fddech s ka\u017ed\u00fdm \u0161lukem.<\/p>\n<ul>\n<li><strong>A\u017e 6500 \u0161luk\u016f<\/strong>: Poskytuje dlouhodob\u00e9 pou\u017e\u00edv\u00e1n\u00ed, maximalizuje pohodl\u00ed a spokojenost.<\/li>\n<li><strong>Kapacita E-liquidu 13ml<\/strong>: Sni\u017euje pot\u0159ebu dopl\u0148ov\u00e1n\u00ed, ide\u00e1ln\u00ed pro nep\u0159eru\u0161ovan\u00fd po\u017eitek.<\/li>\n<li><strong>Baterie 400mAh<\/strong>: Zaji\u0161\u0165uje spolehliv\u00fd v\u00fdkon s rychl\u00fdm dob\u00edjen\u00edm typu C.<\/li>\n<li><strong>Mo\u017enosti nikotinu<\/strong>: K dispozici v 0%, 2% a 5% pro p\u0159izp\u016fsoben\u00fd z\u00e1\u017eitek.<\/li>\n<li><strong>1,2\u03a9 s\u00ed\u0165ov\u00e1 c\u00edvka<\/strong>: Poskytuje bohatou, hladkou chu\u0165 a konzistentn\u00ed produkci p\u00e1ry.<\/li>\n<\/ul>\n<h3>P\u0159\u00edchut\u011b AIVONO AIM PUFF STAR 6500 Puffs skladem:<\/h3>\n<p>Sm\u011bs bobul\u00ed, mentolov\u00e9 bonb\u00f3ny, jahodov\u00e9 kiwi, m\u00edchan\u00e9 mango, vodn\u00ed meloun, jahodov\u00fd led, energetick\u00fd n\u00e1poj, blue Razz Berry, kokosov\u00fd meloun, broskvov\u00fd d\u017eus.<\/p>\n<h3>Pro\u010d si vybrat AIVONO AIM PUFF STAR 6500 Puffs?<\/h3>\n<p>AIVONO AIM PUFF STAR 6500 Puffs kombinuje vysokou kapacitu potah\u016f, r\u016fzn\u00e9 p\u0159\u00edchut\u011b a pokro\u010dilou technologii mesh coil, tak\u017ee je ide\u00e1ln\u00ed pro vapery, kte\u0159\u00ed hledaj\u00ed kvalitu a pohodl\u00ed. Jeho kompaktn\u00ed, p\u0159enosn\u00fd design a dob\u00edjec\u00ed baterie jsou ide\u00e1ln\u00ed pro pou\u017eit\u00ed na cest\u00e1ch, zat\u00edmco jednor\u00e1zov\u00fd form\u00e1t eliminuje \u00fadr\u017ebu. Ide\u00e1ln\u00ed pro velkoobchod, toto za\u0159\u00edzen\u00ed je vynikaj\u00edc\u00ed volbou pro maloobchodn\u00edky, kte\u0159\u00ed cht\u011bj\u00ed nab\u00edzet pr\u00e9miov\u00e9 jednor\u00e1zov\u00e9 vapy. A\u0165 u\u017e jste ost\u0159\u00edlen\u00fd vaper nebo nov\u00e1\u010dek na sc\u00e9n\u011b, AIVONO AIM PUFF STAR 6500 Puffs slibuje uspokojiv\u00fd a chutn\u00fd z\u00e1\u017eitek s ka\u017ed\u00fdm pot\u00e1hnut\u00edm.<\/p>\n<p><img data-recalc-dims=\"1\" loading=\"lazy\" decoding=\"async\" class=\"alignnone wp-image-8222 size-full\" title=\"AIVONO AIM PUFF STAR 6500 Puffs 0% 2% 5% Nikotinov\u00fd dob\u00edjec\u00ed velkoobchodn\u00ed n\u00e1kup jednor\u00e1zov\u00fdch vape\u016f\" src=\"https:\/\/i0.wp.com\/aiviouvapes.com\/wp-content\/uploads\/2024\/08\/1-21.jpg?resize=1020%2C816&#038;ssl=1\" alt=\"AIVONO AIM PUFF STAR 6500 Puffs 0% 2% 5% Nikotinov\u00fd dob\u00edjec\u00ed velkoobchodn\u00ed n\u00e1kup jednor\u00e1zov\u00fdch vape\u016f\" width=\"1020\" height=\"816\" srcset=\"https:\/\/i0.wp.com\/aiviouvapes.com\/wp-content\/uploads\/2024\/08\/1-21.jpg?w=1876&amp;ssl=1 1876w, https:\/\/i0.wp.com\/aiviouvapes.com\/wp-content\/uploads\/2024\/08\/1-21.jpg?resize=300%2C240&amp;ssl=1 300w, https:\/\/i0.wp.com\/aiviouvapes.com\/wp-content\/uploads\/2024\/08\/1-21.jpg?resize=1024%2C819&amp;ssl=1 1024w, https:\/\/i0.wp.com\/aiviouvapes.com\/wp-content\/uploads\/2024\/08\/1-21.jpg?resize=768%2C614&amp;ssl=1 768w, https:\/\/i0.wp.com\/aiviouvapes.com\/wp-content\/uploads\/2024\/08\/1-21.jpg?resize=1536%2C1228&amp;ssl=1 1536w, https:\/\/i0.wp.com\/aiviouvapes.com\/wp-content\/uploads\/2024\/08\/1-21.jpg?resize=15%2C12&amp;ssl=1 15w, https:\/\/i0.wp.com\/aiviouvapes.com\/wp-content\/uploads\/2024\/08\/1-21.jpg?resize=800%2C640&amp;ssl=1 800w\" sizes=\"auto, (max-width: 1020px) 100vw, 1020px\" \/><\/p>","protected":false},"excerpt":{"rendered":"<p>\u2764\ufe0f\ud83d\udca8AIVONO AIM PUFF STAR 6500 Puffs nab\u00edz\u00ed a\u017e 6500 \u0161luk\u016f, kapacitu 13 ml e-liquidu a 400mAh dob\u00edjec\u00ed baterii pro prodlou\u017een\u00e9 a bezprobl\u00e9mov\u00e9 vapov\u00e1n\u00ed. Je k dispozici v n\u011bkolika sil\u00e1ch nikotinu a je vybaven 1,2\u03a9 s\u00ed\u0165ovinou pro hladkou, aromatickou p\u00e1ru. Ide\u00e1ln\u00ed pro osobn\u00ed pou\u017eit\u00ed i velkoobchod.<\/p>","protected":false},"featured_media":5290,"comment_status":"open","ping_status":"closed","template":"","meta":[],"product_brand":[],"product_cat":[41,119,120,90,117,76,134,135,133,136,137,146,138,139,140,141,142,143,144,145,132],"product_tag":[],"class_list":{"0":"post-5272","1":"product","2":"type-product","3":"status-publish","4":"has-post-thumbnail","6":"product_cat-aivono-vapes","7":"product_cat-5000-puffs-disposable-vape","8":"product_cat-8000-puffs-disposable-vape","9":"product_cat-big-puffs-vapes","10":"product_cat-different-puffs-of-diposable-vapes","11":"product_cat-disposable-vape-types","12":"product_cat-disposable-vapes-in-austria","13":"product_cat-disposable-vapes-in-belgium","14":"product_cat-disposable-vapes-in-europe","15":"product_cat-disposable-vapes-in-france","16":"product_cat-disposable-vapes-in-germany","17":"product_cat-disposable-vapes-in-hungary","18":"product_cat-disposable-vapes-in-ltaly","19":"product_cat-disposable-vapes-in-netherlands","20":"product_cat-disposable-vapes-in-norway","21":"product_cat-disposable-vapes-in-poland","22":"product_cat-disposable-vapes-in-portugal","23":"product_cat-disposable-vapes-in-spain","24":"product_cat-disposable-vapes-in-sweden","25":"product_cat-disposable-vapes-in-switzerland","26":"product_cat-rechargeable-vapes","28":"first","29":"instock","30":"shipping-taxable","31":"purchasable","32":"product-type-variable","33":"has-default-attributes"},"jetpack_sharing_enabled":true,"tiered_pricing_type":"fixed","tiered_pricing_fixed_rules":{"2000":5.589999999999999857891452847979962825775146484375},"tiered_pricing_product_settings":{"layout":"default","base_unit_name":{"singular":null,"plural":null},"default_variation":null},"tiered_pricing_minimum_quantity":1000,"tiered_pricing_roles_data":[],"tiered_pricing_percentage_rules":[],"tiered_pricing_maximum_quantity":null,"tiered_pricing_quantity_step":"10","_links":{"self":[{"href":"https:\/\/aiviouvapes.com\/cs\/wp-json\/wp\/v2\/product\/5272","targetHints":{"allow":["GET"]}}],"collection":[{"href":"https:\/\/aiviouvapes.com\/cs\/wp-json\/wp\/v2\/product"}],"about":[{"href":"https:\/\/aiviouvapes.com\/cs\/wp-json\/wp\/v2\/types\/product"}],"replies":[{"embeddable":true,"href":"https:\/\/aiviouvapes.com\/cs\/wp-json\/wp\/v2\/comments?post=5272"}],"wp:featuredmedia":[{"embeddable":true,"href":"https:\/\/aiviouvapes.com\/cs\/wp-json\/wp\/v2\/media\/5290"}],"wp:attachment":[{"href":"https:\/\/aiviouvapes.com\/cs\/wp-json\/wp\/v2\/media?parent=5272"}],"wp:term":[{"taxonomy":"product_brand","embeddable":true,"href":"https:\/\/aiviouvapes.com\/cs\/wp-json\/wp\/v2\/product_brand?post=5272"},{"taxonomy":"product_cat","embeddable":true,"href":"https:\/\/aiviouvapes.com\/cs\/wp-json\/wp\/v2\/product_cat?post=5272"},{"taxonomy":"product_tag","embeddable":true,"href":"https:\/\/aiviouvapes.com\/cs\/wp-json\/wp\/v2\/product_tag?post=5272"}],"curies":[{"name":"wp","href":"https:\/\/api.w.org\/{rel}","templated":true}]}}