{"id":47688,"date":"2025-07-30T01:37:08","date_gmt":"2025-07-29T17:37:08","guid":{"rendered":"https:\/\/aiviouvapes.com\/?post_type=product&#038;p=47688"},"modified":"2026-04-12T00:14:29","modified_gmt":"2026-04-11T16:14:29","slug":"waspe-4-in-1-100000-puffs","status":"publish","type":"product","link":"https:\/\/aiviouvapes.com\/cs\/product\/waspe-4-in-1-100000-puffs\/","title":{"rendered":"WASPE 100K | 4 v 1 \u010dty\u0159i p\u0159\u00edchut\u011b, 100000 puff\u016f, jednor\u00e1zov\u00fd vape pro hromadn\u00e9 pou\u017eit\u00ed"},"content":{"rendered":"<h3>WASPE 100K 4-v-1 100 000 potah\u016f \u2013 p\u0159ehled a vlastnosti \ud83c\udf1f<\/h3>\n<p>Za\u017eijte maxim\u00e1ln\u00ed pohodl\u00ed a rozmanitost vapingu s revolu\u010dn\u00edm modelem <strong>WASPE 100K 4 v 1 jednor\u00e1zov\u00fd Vape<\/strong>! Toto p\u0159evratn\u00e9 za\u0159\u00edzen\u00ed nov\u011b definuje jednor\u00e1zov\u00fd vape z\u00e1\u017eitek t\u00edm, \u017ee nab\u00edz\u00ed \u00fa\u017easn\u00fd v\u00fdkon. <strong>100 000 vdech\u016f<\/strong> a <strong>\u010dty\u0159i r\u016fzn\u00e9 p\u0159\u00edchut\u011b<\/strong> v jedin\u00e9 elegantn\u00ed jednotce. Nap\u00e1jen\u00ed pomoc\u00ed robustn\u00edho <strong>Nab\u00edjec\u00ed baterie typu C s kapacitou 650 mAh<\/strong> a p\u0159edstavuj\u00edc\u00ed <strong>\u010dty\u0159i 1,0ohmov\u00e9 s\u00ed\u0165ov\u00e9 c\u00edvky<\/strong>, WASPE 100K zaji\u0161\u0165uje konzistentn\u00ed a bohat\u00e9 pod\u00e1n\u00ed chuti p\u0159i ka\u017ed\u00e9m potahu. Jeho masivn\u00ed <strong>Kapacita e-liquidu 56 ml<\/strong> a <strong>LED displej<\/strong> poskytuj\u00ed bezkonkuren\u010dn\u00ed, dlouhotrvaj\u00edc\u00ed vaping, ide\u00e1ln\u00ed pro n\u00e1ro\u010dn\u00e9 u\u017eivatele a ty, kte\u0159\u00ed tou\u017e\u00ed po rozmanit\u00fdch chut\u00edch. P\u0159ipravte se na skute\u010dn\u011b pozoruhodn\u00e9 vapovac\u00ed dobrodru\u017estv\u00ed! \ud83c\udf2c\ufe0f\ud83d\udca8<\/p>\n<h3>WASPE 100K 4 v 1 100000 puf\u016f specifikace \ud83d\udccb<\/h3>\n<table>\n<thead>\n<tr>\n<th>Funkce<\/th>\n<th>Detail<\/th>\n<\/tr>\n<\/thead>\n<tbody>\n<tr>\n<td>Kapacita puff\u016f<\/td>\n<td>100 000 puff\u016f<\/td>\n<\/tr>\n<tr>\n<td>Kapacita e-liquidu<\/td>\n<td>56 ml<\/td>\n<\/tr>\n<tr>\n<td>Baterie<\/td>\n<td>650mAh, dob\u00edjec\u00ed typ C<\/td>\n<\/tr>\n<tr>\n<td>Typ c\u00edvky<\/td>\n<td>1,0ohm Mesh Coil x 4<\/td>\n<\/tr>\n<tr>\n<td>Mo\u017enosti nikotinu<\/td>\n<td>2%, 5%<\/td>\n<\/tr>\n<tr>\n<td>Displej<\/td>\n<td>LED displej<\/td>\n<\/tr>\n<tr>\n<td>Design<\/td>\n<td>Elegantn\u00ed syst\u00e9m s v\u00edce p\u0159\u00edchut\u011bmi<\/td>\n<\/tr>\n<\/tbody>\n<\/table>\n<h3>Kombinace chut\u00ed \ud83c\udf53\ud83c\udf49\ud83c\udf4a\ud83c\udf47<\/h3>\n<table>\n<thead>\n<tr>\n<th>P\u0159\u00edchu\u0165 1<\/th>\n<th>P\u0159\u00edchu\u0165 2<\/th>\n<th>P\u0159\u00edchu\u0165 3<\/th>\n<th>P\u0159\u00edchu\u0165 4<\/th>\n<\/tr>\n<\/thead>\n<tbody>\n<tr>\n<td>Melounov\u00fd led<\/td>\n<td>Jahodov\u00e9 kiwi<\/td>\n<td>Malinov\u00fd meloun<\/td>\n<td>Citron Limetka<\/td>\n<\/tr>\n<tr>\n<td>Jahodov\u00fd meloun<\/td>\n<td>MR.Blue<\/td>\n<td>Hroznov\u00fd led<\/td>\n<td>Duhov\u00e9 bonbony<\/td>\n<\/tr>\n<tr>\n<td>Red Bull Led<\/td>\n<td>Ban\u00e1nov\u00fd led<\/td>\n<td>Ananasov\u00fd kokosov\u00fd led<\/td>\n<td>Trojit\u00fd mangov\u00fd led<\/td>\n<\/tr>\n<tr>\n<td>Jahoda malina t\u0159e\u0161e\u0148<\/td>\n<td>\u0160\u00edlen\u00e1 t\u0159e\u0161e\u0148 led<\/td>\n<td>Modr\u00e1 t\u0159e\u0161e\u0148 Ice<\/td>\n<td>Cola Led<\/td>\n<\/tr>\n<tr>\n<td>Jahodov\u00fd ban\u00e1n<\/td>\n<td>Jahodov\u00fd Red Bull<\/td>\n<td>Jahodov\u00e9 mango<\/td>\n<td>R\u016f\u017eov\u00e1 limon\u00e1da<\/td>\n<\/tr>\n<tr>\n<td>Bor\u016fvkov\u00fd led<\/td>\n<td>\u010cern\u00fd ryt\u00ed\u0159<\/td>\n<td>Jahodov\u00e1 zmrzlina<\/td>\n<td>Jahodov\u00fd meloun<\/td>\n<\/tr>\n<tr>\n<td>T\u0159e\u0161e\u0148 cola led<\/td>\n<td>Jahodov\u00e1 t\u0159e\u0161\u0148ov\u00e1 zmrzlina<\/td>\n<td>Jahodov\u00e1 cola Ice<\/td>\n<td>Jahodov\u00fd meloun \u017dv\u00fdka\u010dka<\/td>\n<\/tr>\n<tr>\n<td>\u0160\u0165avnat\u00fd broskvov\u00fd led<\/td>\n<td>Tropick\u00e9 ovoce<\/td>\n<td>Ovocn\u00fd v\u00fdbuch<\/td>\n<td>Peach Berry<\/td>\n<\/tr>\n<tr>\n<td>Hroznov\u00fd led<\/td>\n<td>Jahodov\u00e9 kiwi<\/td>\n<td>Jahoda malina t\u0159e\u0161e\u0148<\/td>\n<td>\u010cern\u00fd ryt\u00ed\u0159<\/td>\n<\/tr>\n<tr>\n<td>Sm\u00ed\u0161en\u00e9 bobule<\/td>\n<td>Dvojit\u00fd jable\u010dn\u00fd led<\/td>\n<td>Bor\u016fvka malina<\/td>\n<td>Bor\u016fvkov\u00fd med<\/td>\n<\/tr>\n<tr>\n<td>Jahodov\u00fd Red Bull<\/td>\n<td>Jahodov\u00fd meloun \u017dv\u00fdka\u010dka<\/td>\n<td>Red Bull Led<\/td>\n<td>T\u0159e\u0161e\u0148 cola led<\/td>\n<\/tr>\n<tr>\n<td>Bor\u016fvka malina<\/td>\n<td>Bor\u016fvkov\u00e1 limon\u00e1da<\/td>\n<td>Sm\u00ed\u0161en\u00e9 bobule<\/td>\n<td>Hroznov\u00fd medov\u00fd led<\/td>\n<\/tr>\n<\/tbody>\n<\/table>\n<h3>Pro\u010d si vybrat WASPE 100K 4 v 1? \ud83e\udd14<\/h3>\n<ul>\n<li><em>Bezkonkuren\u010dn\u00ed po\u010det \u0161luk\u016f<\/em>: Z\u00edskejte ohromuj\u00edc\u00edch 100 000 potah\u016f z jedin\u00e9ho za\u0159\u00edzen\u00ed, kter\u00e9 poskytuje v\u00fdjime\u010dnou hodnotu a pohodl\u00ed. Rozlu\u010dte se s \u010dast\u00fdmi v\u00fdm\u011bnami! \ud83e\udd73<\/li>\n<li><em>Syst\u00e9m Quad Flavor<\/em>: Plynule p\u0159ep\u00ednejte mezi \u010dty\u0159mi odli\u0161n\u00fdmi a lahodn\u00fdmi p\u0159\u00edchut\u011bmi, abyste mohli uspokojit sv\u00e9 chu\u0165ov\u00e9 poh\u00e1rky. U\u017e nikdy se nebudete se svou vapkou nudit! \ud83c\udf08<\/li>\n<li><em>Optimalizovan\u00e9 pod\u00e1v\u00e1n\u00ed chuti<\/em>: Je vybaven \u010dty\u0159mi 1,0ohmov\u00fdmi mesh spir\u00e1lkami, kter\u00e9 zaji\u0161\u0165uj\u00ed konzistentn\u00ed, bohatou a intenzivn\u00ed chu\u0165 p\u0159i ka\u017ed\u00e9m potahu. \u010cist\u00e1 chu\u0165, poka\u017ed\u00e9! \ud83d\ude80<\/li>\n<li><em>Dlouh\u00e1 \u017eivotnost a dob\u00edjen\u00ed<\/em>: Robustn\u00ed dob\u00edjec\u00ed baterie typu C s kapacitou 650 mAh znamen\u00e1 m\u00e9n\u011b prostoj\u016f a v\u00edce pot\u011b\u0161en\u00ed z vapov\u00e1n\u00ed. Nab\u00edjejte rychle a pokra\u010dujte! \ud83d\udd0b<\/li>\n<li><em>Masivn\u00ed kapacita e-liquidu<\/em>: Velkorys\u00fd z\u00e1sobn\u00edk na 56 ml e-liquidu v\u00fdrazn\u011b prodlu\u017euje \u017eivotnost va\u0161eho za\u0159\u00edzen\u00ed. U\u017eijte si del\u0161\u00ed vapingov\u00e9 seance bez obav! \ud83d\udca7<\/li>\n<li><em>U\u017eivatelsky p\u0159\u00edv\u011btiv\u00fd LED displej<\/em>: Na intuitivn\u00edm LED displeji m\u016f\u017eete snadno sledovat po\u010det \u0161luk\u016f, v\u00fddr\u017e baterie a aktu\u00e1ln\u00ed chu\u0165. Bu\u010fte informov\u00e1ni na prvn\u00ed pohled! \ud83d\udca1<\/li>\n<li><em>Ide\u00e1ln\u00ed pro v\u0161echny vapery<\/em>: Ide\u00e1ln\u00ed pro p\u0159\u00edle\u017eitostn\u00e9 u\u017eivatele i n\u00e1ro\u010dn\u00e9 vapery, kter\u00fdm nab\u00edz\u00ed roz\u0161\u00ed\u0159en\u00fd a rozmanit\u00fd z\u00e1\u017eitek. Skute\u010dn\u011b v\u0161estrann\u00e9 za\u0159\u00edzen\u00ed! \u2728<\/li>\n<\/ul>\n<p><!-- Concluding Paragraph --><\/p>\n<p>WASPE 100K 4 v 1 nen\u00ed jen jednor\u00e1zov\u00e1 vapka; je to dlouhodob\u00e9 \u0159e\u0161en\u00ed pro vaping navr\u017een\u00e9 pro maxim\u00e1ln\u00ed spokojenost. Jeho bezkonkuren\u010dn\u00ed po\u010det \u0161luk\u016f, syst\u00e9m \u010dty\u0159 p\u0159\u00edchut\u00ed a robustn\u00ed funkce z n\u011bj d\u011blaj\u00ed nezbytn\u00fd dopln\u011bk pro n\u00e1ro\u010dn\u00e9 u\u017eivatele i milovn\u00edky p\u0159\u00edchut\u00ed. Pro vape shopy a velkoobchodn\u00ed distributory p\u0159edstavuje toto za\u0159\u00edzen\u00ed vysoce atraktivn\u00ed produkt se zna\u010dnou tr\u017en\u00ed p\u0159ita\u017elivost\u00ed d\u00edky sv\u00e9 inovativnosti, dlouh\u00e9 \u017eivotnosti a rozmanit\u00e9 nab\u00eddce p\u0159\u00edchut\u00ed. Ud\u011blejte si z\u00e1soby a uspokojte po\u017eadavky sv\u00fdch z\u00e1kazn\u00edk\u016f na to nejlep\u0161\u00ed v oblasti jednor\u00e1zov\u00e9ho vapingu! \ud83d\uded2<\/p>\n<h3>\u010casto kladen\u00e9 ot\u00e1zky (FAQ) \u2753<\/h3>\n<p><strong>Ot\u00e1zka: Jak\u00e1 je kapacita pufrov\u00e1n\u00ed za\u0159\u00edzen\u00ed WASPE 100K 4 v 1?<\/strong><\/p>\n<p>Odpov\u011b\u010f: WASPE 100K 4 v 1 nab\u00edz\u00ed \u00factyhodn\u00fdch 100 000 potah\u016f, co\u017e z n\u011bj \u010din\u00ed jeden z nejd\u00e9le vydr\u017e\u00edc\u00edch jednor\u00e1zov\u00fdch vap\u016f na trhu.<\/p>\n<p><strong>Ot\u00e1zka: Kolik p\u0159\u00edchut\u00ed tento p\u0159\u00edstroj nab\u00edz\u00ed?<\/strong><\/p>\n<p>Odpov\u011b\u010f: Toto inovativn\u00ed za\u0159\u00edzen\u00ed obsahuje \u010dty\u0159i r\u016fzn\u00e9 p\u0159\u00edchut\u011b v jedn\u00e9 jednotce, mezi kter\u00fdmi m\u016f\u017eete p\u0159ep\u00ednat a z\u00edskat tak rozmanit\u00e9 z\u00e1\u017eitky z vapingu.<\/p>\n<p><strong>Ot\u00e1zka: Je WASPE 100K 4 v 1 dob\u00edjec\u00ed?<\/strong><\/p>\n<p>Odpov\u011b\u010f: Ano, je vybaven 650mAh bateri\u00ed, kterou lze dob\u00edjet p\u0159es port typu C.<\/p>\n<p><strong>Ot\u00e1zka: Jak\u00e1 je s\u00edla nikotinu?<\/strong><\/p>\n<p>Odpov\u011b\u010f: WASPE 100K 4 v 1 je k dispozici v sil\u00e1ch nikotinu 2% a 5%.<\/p>\n<p><strong>Ot\u00e1zka: M\u00e1 displej?<\/strong><\/p>\n<p>Odpov\u011b\u010f: Ano, je vybaven displejem LED, kter\u00fd zobrazuje d\u016fle\u017eit\u00e9 informace, jako je po\u010det vypou\u0161t\u011bn\u00fdch vzduchu a v\u00fddr\u017e baterie.<\/p>\n<p><strong>Ot\u00e1zka: Jak\u00fd druh c\u00edvek pou\u017e\u00edv\u00e1?<\/strong><\/p>\n<p>Odpov\u011b\u010f: Vyu\u017e\u00edv\u00e1 \u010dty\u0159i 1,0ohmov\u00e9 mesh spir\u00e1lky pro optim\u00e1ln\u00ed chu\u0165 a produkci p\u00e1ry.<\/p>\n<p><strong>Ot\u00e1zka: Je tento v\u00fdrobek vhodn\u00fd pro velkoobchod?<\/strong><\/p>\n<p>Odpov\u011b\u010f: Rozhodn\u011b! D\u00edky vysok\u00e9mu po\u010dtu \u0161luk\u016f, v\u00edce p\u0159\u00edchut\u00edm a dob\u00edjec\u00edmu proveden\u00ed je WASPE 100K 4 v 1 vynikaj\u00edc\u00edm produktem pro vape obchody a velkoobchodn\u00ed distributory, kte\u0159\u00ed cht\u011bj\u00ed sv\u00fdm z\u00e1kazn\u00edk\u016fm nab\u00eddnout pr\u00e9miov\u00e9 mo\u017enosti s dlouhou \u017eivotnost\u00ed.<\/p>\n<p><img data-recalc-dims=\"1\" loading=\"lazy\" decoding=\"async\" class=\"alignnone wp-image-48615 size-full\" src=\"https:\/\/i0.wp.com\/aiviouvapes.com\/wp-content\/uploads\/2025\/07\/%E5%9C%BA%E6%99%AF030000.jpg?resize=1020%2C1224&#038;ssl=1\" alt=\",\" width=\"1020\" height=\"1224\" title=\"\" srcset=\"https:\/\/i0.wp.com\/aiviouvapes.com\/wp-content\/uploads\/2025\/07\/%E5%9C%BA%E6%99%AF030000.jpg?w=1250&amp;ssl=1 1250w, https:\/\/i0.wp.com\/aiviouvapes.com\/wp-content\/uploads\/2025\/07\/%E5%9C%BA%E6%99%AF030000.jpg?resize=250%2C300&amp;ssl=1 250w, https:\/\/i0.wp.com\/aiviouvapes.com\/wp-content\/uploads\/2025\/07\/%E5%9C%BA%E6%99%AF030000.jpg?resize=853%2C1024&amp;ssl=1 853w, https:\/\/i0.wp.com\/aiviouvapes.com\/wp-content\/uploads\/2025\/07\/%E5%9C%BA%E6%99%AF030000.jpg?resize=768%2C922&amp;ssl=1 768w, https:\/\/i0.wp.com\/aiviouvapes.com\/wp-content\/uploads\/2025\/07\/%E5%9C%BA%E6%99%AF030000.jpg?resize=10%2C12&amp;ssl=1 10w, https:\/\/i0.wp.com\/aiviouvapes.com\/wp-content\/uploads\/2025\/07\/%E5%9C%BA%E6%99%AF030000.jpg?resize=800%2C960&amp;ssl=1 800w\" sizes=\"auto, (max-width: 1020px) 100vw, 1020px\" \/><\/p>","protected":false},"excerpt":{"rendered":"<p>\ud83d\ude80 Za\u017eijte 100\u00a0000 potah\u016f s jednor\u00e1zov\u00fdm vape WASPE 100K 4\u2011v\u20111. U\u017eijte si \u010dty\u0159i r\u016fzn\u00e9 p\u0159\u00edchut\u011b, 650\u00a0mAh dob\u00edjec\u00ed baterii a 56\u00a0mL e\u2011liquidu. Ide\u00e1ln\u00ed pro dlouhodob\u00e9 pou\u017e\u00edv\u00e1n\u00ed a velk\u00e9 objedn\u00e1vky, nab\u00edz\u00ed bezkonkuren\u010dn\u00ed rozmanitost a \u017eivotnost. \u2728<\/p>\n<h3>\ud83d\udc49Tento produkt je skladem v na\u0161em skladu v EU!<\/h3>\n<h4>\ud83c\udf89Zkr\u00e1\u0165te \u010dek\u00e1n\u00ed:\u00a0<strong>5-7denn\u00ed dod\u00e1n\u00ed z na\u0161\u00ed evropsk\u00e9 pobo\u010dky<\/strong> sklad (pro v\u00fdchoz\u00ed <strong>S\u00edla nikotinu 2%<\/strong> pouze verze).<\/h4>\n<p><span style=\"font-size: 75%;\"><em>\ud83d\udd39 V\u011bt\u0161ina objedn\u00e1vek se odes\u00edl\u00e1 z na\u0161eho evropsk\u00e9ho skladu, pokud je k dispozici. P\u0159\u00edle\u017eitostn\u011b, pokud nen\u00ed skladem, zas\u00edl\u00e1me m\u00edsto toho z \u010c\u00edny.<\/em><\/span><\/p>","protected":false},"featured_media":53844,"comment_status":"open","ping_status":"closed","template":"","meta":[],"product_brand":[227],"product_cat":[19,336,320,280,505],"product_tag":[306,308,303,305,304,302],"class_list":{"0":"post-47688","1":"product","2":"type-product","3":"status-publish","4":"has-post-thumbnail","6":"product_brand-waspe","7":"product_cat-waspe","8":"product_cat-100k-puffs-disposable-vape","9":"product_cat-best-disposable-vapes","10":"product_cat-cheap-rechargeable-disposable-vapes","11":"product_cat-in-stock-at-eu-warehouse","12":"product_tag-best-disposable-vapes","13":"product_tag-disposable-vape-in-europe","14":"product_tag-screen-vape","15":"product_tag-vape-suppliers","16":"product_tag-wholesale-vapes","17":"product_tag-wholesale-vapor","19":"first","20":"instock","21":"shipping-taxable","22":"purchasable","23":"product-type-variable","24":"has-default-attributes"},"jetpack_sharing_enabled":true,"tiered_pricing_type":"fixed","tiered_pricing_fixed_rules":{"30":10.1099999999999994315658113919198513031005859375,"50":8.300000000000000710542735760100185871124267578125,"100":8.03999999999999914734871708787977695465087890625,"200":7.38999999999999968025576890795491635799407958984375,"400":6.87000000000000010658141036401502788066864013671875},"tiered_pricing_product_settings":{"layout":"default","base_unit_name":{"singular":null,"plural":null},"default_variation":null},"tiered_pricing_minimum_quantity":10,"tiered_pricing_roles_data":[],"tiered_pricing_percentage_rules":[],"tiered_pricing_maximum_quantity":null,"tiered_pricing_quantity_step":"10","_links":{"self":[{"href":"https:\/\/aiviouvapes.com\/cs\/wp-json\/wp\/v2\/product\/47688","targetHints":{"allow":["GET"]}}],"collection":[{"href":"https:\/\/aiviouvapes.com\/cs\/wp-json\/wp\/v2\/product"}],"about":[{"href":"https:\/\/aiviouvapes.com\/cs\/wp-json\/wp\/v2\/types\/product"}],"replies":[{"embeddable":true,"href":"https:\/\/aiviouvapes.com\/cs\/wp-json\/wp\/v2\/comments?post=47688"}],"wp:featuredmedia":[{"embeddable":true,"href":"https:\/\/aiviouvapes.com\/cs\/wp-json\/wp\/v2\/media\/53844"}],"wp:attachment":[{"href":"https:\/\/aiviouvapes.com\/cs\/wp-json\/wp\/v2\/media?parent=47688"}],"wp:term":[{"taxonomy":"product_brand","embeddable":true,"href":"https:\/\/aiviouvapes.com\/cs\/wp-json\/wp\/v2\/product_brand?post=47688"},{"taxonomy":"product_cat","embeddable":true,"href":"https:\/\/aiviouvapes.com\/cs\/wp-json\/wp\/v2\/product_cat?post=47688"},{"taxonomy":"product_tag","embeddable":true,"href":"https:\/\/aiviouvapes.com\/cs\/wp-json\/wp\/v2\/product_tag?post=47688"}],"curies":[{"name":"wp","href":"https:\/\/api.w.org\/{rel}","templated":true}]}}