{"id":46957,"date":"2025-07-29T21:47:25","date_gmt":"2025-07-29T13:47:25","guid":{"rendered":"https:\/\/aiviouvapes.com\/?post_type=product&#038;p=46957"},"modified":"2026-03-27T09:19:18","modified_gmt":"2026-03-27T01:19:18","slug":"bang-de-80000","status":"publish","type":"product","link":"https:\/\/aiviouvapes.com\/cs\/product\/bang-de-80000\/","title":{"rendered":"Bang DE 80000 | 3 v 1 80K puffs triple flavor velkoobchodn\u00ed jednor\u00e1zov\u00e9 vape"},"content":{"rendered":"<h2>\u2b50 Pro\u010d si vybrat Bang DE 80000? \u2b50<\/h2>\n<ul>\n<li><strong>\ud83e\udd2f Nev\u00eddan\u00fd po\u010det puf\u016f:<\/strong> Tento p\u0159\u00edstroj s obrovskou kapacitou 80 000 v\u00fddech\u016f je konstruov\u00e1n pro v\u00fddr\u017e a nab\u00edz\u00ed v\u00fdjime\u010dnou hodnotu a dlouhou \u017eivotnost.<\/li>\n<li><strong>\ud83d\udd04 Revolu\u010dn\u00ed syst\u00e9m p\u0159\u00edchut\u00ed 3 v 1:<\/strong> Nikdy se nenud\u00edte! Okam\u017eit\u011b p\u0159ep\u00ednejte mezi t\u0159emi r\u016fzn\u00fdmi p\u0159\u00edchut\u011bmi v jednom elegantn\u00edm za\u0159\u00edzen\u00ed, abyste si mohli z\u00e1\u017eitek skute\u010dn\u011b p\u0159izp\u016fsobit.<\/li>\n<li><strong>\ud83d\udd0b Pokro\u010dil\u00fd LCD displej:<\/strong> Z\u016fsta\u0148te informov\u00e1ni d\u00edky p\u0159ehledn\u00e9mu a intuitivn\u00edmu displeji, kter\u00fd na prvn\u00ed pohled zobrazuje zb\u00fdvaj\u00edc\u00ed mno\u017estv\u00ed e-liquidu pro v\u0161echny t\u0159i pody a v\u00fddr\u017e baterie.<\/li>\n<li><strong>\ud83d\udca8 \u0160pi\u010dkov\u00e9 trojit\u00e9 s\u00ed\u0165ov\u00e9 c\u00edvky:<\/strong> Ka\u017ed\u00fd aromatick\u00fd pod je spojen s vlastn\u00ed 1,0\u03a9 mesh spir\u00e1lkou, co\u017e zaji\u0161\u0165uje \u010distou, intenzivn\u00ed a konzistentn\u00ed chu\u0165 od prvn\u00edho potahu a\u017e po ten posledn\u00ed.<\/li>\n<li><strong>\ud83d\udcc8 Ide\u00e1ln\u00ed pro podnik\u00e1n\u00ed:<\/strong> Model Bang DE 80000 je balen v praktick\u00fdch krabi\u010dk\u00e1ch po 10 kusech a nab\u00edz\u00ed bezkonkuren\u010dn\u00ed funkce.Jedn\u00e1 se o vysoce mar\u017eov\u00fd a rychle se prod\u00e1vaj\u00edc\u00ed produkt pro vape obchody a distributory.<\/li>\n<li><strong>\u26a1 Rychl\u00e9 a pohodln\u00e9 nab\u00edjen\u00ed:<\/strong> Baterie s kapacitou 650 mAh je vybavena modern\u00edm nab\u00edjec\u00edm portem typu C pro rychl\u00e9 a spolehliv\u00e9 dob\u00edjen\u00ed.<\/li>\n<\/ul>\n<h3>\ud83d\ude80 Trojn\u00e1sobn\u00e1 chu\u0165, trojn\u00e1sobn\u00e1 z\u00e1bava! \ud83d\ude80<\/h3>\n<p>P\u0159ipravte se na revoluci ve sv\u00e9m vapingu s Bang DE 80000! Nen\u00ed to jen dal\u0161\u00ed jednor\u00e1zov\u00fd vape; je to s\u00edla chuti a technologie navr\u017een\u00e1 pro dokonal\u00e9 nad\u0161ence. D\u00edky neuv\u011b\u0159iteln\u00e9 kapacit\u011b 80 000 potah\u016f a p\u0159evratn\u00e9mu syst\u00e9mu nastaviteln\u00e9 chuti 3 v 1 v\u00e1m Bang DE 80000 d\u00e1v\u00e1 naprostou kontrolu. Plynule p\u0159ep\u00ednejte mezi t\u0159emi p\u0159edpln\u011bn\u00fdmi p\u0159\u00edchut\u011bmi a sledujte sv\u016fj e-liquid a v\u00fddr\u017e baterie na k\u0159i\u0161\u0165\u00e1lov\u011b \u010dist\u00e9m LCD displeji. P\u0159ipravte se na epickou cestu chut\u00ed, kter\u00e1 trv\u00e1 a trv\u00e1! \ud83d\udca8\u2728<\/p>\n<h3>\u2699\ufe0f Specifikace \u2699\ufe0f<\/h3>\n<table>\n<tbody>\n<tr>\n<td><strong>Puffy<\/strong><\/td>\n<td>A\u017e 80 000<\/td>\n<\/tr>\n<tr>\n<td><strong>Celkem E-Liquid<\/strong><\/td>\n<td>60 ml (20 ml \u00d7 3)<\/td>\n<\/tr>\n<tr>\n<td><strong>S\u00edla nikotinu<\/strong><\/td>\n<td>2% \/ 3% \/ 5%<\/td>\n<\/tr>\n<tr>\n<td><strong>Syst\u00e9m p\u0159\u00edchut\u00ed<\/strong><\/td>\n<td>3 nastaviteln\u00e9 p\u0159\u00edchut\u011b<\/td>\n<\/tr>\n<tr>\n<td><strong>Syst\u00e9m c\u00edvek<\/strong><\/td>\n<td>Trojit\u00e1 s\u00ed\u0165ov\u00e1 c\u00edvka (1,0\u03a9 \u00d7 3)<\/td>\n<\/tr>\n<tr>\n<td><strong>Baterie<\/strong><\/td>\n<td>Dob\u00edjec\u00ed baterie 650 mAh<\/td>\n<\/tr>\n<tr>\n<td><strong>Nab\u00edjec\u00ed port<\/strong><\/td>\n<td>Typ C<\/td>\n<\/tr>\n<tr>\n<td><strong>Displej<\/strong><\/td>\n<td>LCD displej (indik\u00e1tor baterie a e-liquidu)<\/td>\n<\/tr>\n<tr>\n<td><strong>Balen\u00ed<\/strong><\/td>\n<td>10 za\u0159\u00edzen\u00ed na jeden displej<\/td>\n<\/tr>\n<\/tbody>\n<\/table>\n<h3>\ud83c\udf53 Prozkoumejte trojkombinace chut\u00ed \ud83e\udd5d<\/h3>\n<p>V ka\u017ed\u00e9m za\u0159\u00edzen\u00ed Bang DE 80000 jsou p\u0159edinstalov\u00e1ny t\u0159i \u00fa\u017easn\u00e9 p\u0159\u00edchut\u011b, mezi kter\u00fdmi m\u016f\u017eete kdykoli p\u0159ep\u00ednat. Najd\u011bte si sv\u016fj dokonal\u00fd trifecta z na\u0161ich 12 mistrovsky vytvo\u0159en\u00fdch kombinac\u00ed!<\/p>\n<table>\n<thead>\n<tr>\n<th>P\u0159\u00edchu\u0165 1<\/th>\n<th>P\u0159\u00edchu\u0165 2<\/th>\n<th>P\u0159\u00edchu\u0165 3<\/th>\n<\/tr>\n<\/thead>\n<tbody>\n<tr>\n<td>Melounov\u00fd led<\/td>\n<td>Red Bull<\/td>\n<td>Jahodov\u00e9 kiwi<\/td>\n<\/tr>\n<tr>\n<td>Bor\u016fvkov\u00fd led<\/td>\n<td>Jahodov\u00fd meloun<\/td>\n<td>Citron Limetka<\/td>\n<\/tr>\n<tr>\n<td>Bor\u016fvkov\u00fd meloun<\/td>\n<td>Kiwi Mu\u010denka Ovoce Guava<\/td>\n<td>Melounov\u00e1 \u017ev\u00fdka\u010dka<\/td>\n<\/tr>\n<tr>\n<td>Ledov\u00fd \u010cern\u00fd Drak<\/td>\n<td>Kysel\u00e9 mango ananas<\/td>\n<td>Red Bull<\/td>\n<\/tr>\n<tr>\n<td>Jahodov\u00fd meloun<\/td>\n<td>Sm\u00ed\u0161en\u00e9 bobule<\/td>\n<td>Citronov\u00e1 broskev<\/td>\n<\/tr>\n<tr>\n<td>Blueberry Razz<\/td>\n<td>Jahodov\u00fd ban\u00e1n<\/td>\n<td>Ananasov\u00fd kokos<\/td>\n<\/tr>\n<tr>\n<td>Bor\u016fvkov\u00fd led<\/td>\n<td>Trojit\u00fd meloun<\/td>\n<td>Jablko Hroznov\u00e9 v\u00edno<\/td>\n<\/tr>\n<tr>\n<td>Melounov\u00e9 dra\u010d\u00ed ovoce<\/td>\n<td>Mango Broskev<\/td>\n<td>Jahodov\u00e9 kiwi<\/td>\n<\/tr>\n<tr>\n<td>Bor\u016fvka malina<\/td>\n<td>Jahodov\u00e1 vanilkov\u00e1 kola<\/td>\n<td>Sm\u00ed\u0161en\u00e9 bobule<\/td>\n<\/tr>\n<tr>\n<td>Melounov\u00fd led<\/td>\n<td>Jahodov\u00e1 zmrzlina<\/td>\n<td>Kiwi Mu\u010denka Ovoce Guava<\/td>\n<\/tr>\n<tr>\n<td>Blueberry Razz<\/td>\n<td>Ledov\u00fd \u010cern\u00fd Drak<\/td>\n<td>\u0160umiv\u00e9 t\u0159e\u0161\u0148ov\u00e9 ledy<\/td>\n<\/tr>\n<tr>\n<td>T\u0159e\u0161e\u0148 cola led<\/td>\n<td>Bor\u016fvkov\u00fd meloun<\/td>\n<td>Jahodov\u00e9 mango<\/td>\n<\/tr>\n<\/tbody>\n<\/table>\n<h3>\ud83d\udcbc Ide\u00e1ln\u00ed pro n\u00e1ro\u010dn\u00e9 u\u017eivatele a velkoobchodn\u00ed distribuci \ud83d\udcbc<\/h3>\n<p>Bang DE 80000 je navr\u017een tak, aby spl\u0148oval po\u017eadavky nejn\u00e1ro\u010dn\u011bj\u0161\u00edch vaper\u016f a nejproz\u00edrav\u011bj\u0161\u00edch majitel\u016f firem. Pro jednotlivce je to dokonal\u00e9 za\u0159\u00edzen\u00ed \"v\u0161e v jednom\", kter\u00e9 eliminuje pot\u0159ebu nosit s sebou v\u00edce vap\u016f. Pro maloobchodn\u00edky a velkoobchodn\u00edky je to pr\u00e9miov\u00fd, vysoce \u017e\u00e1dan\u00fd produkt, kter\u00fd slibuje vynikaj\u00edc\u00ed spokojenost z\u00e1kazn\u00edk\u016f a opakovan\u00e9 obchody. Z\u00e1sobte sv\u00e9 reg\u00e1ly budoucnost\u00ed jednor\u00e1zov\u00fdch vap\u016f a poskytn\u011bte sv\u00fdm z\u00e1kazn\u00edk\u016fm mo\u017enost volby a v\u00fdkonu. Objednejte si hromadn\u00e9 z\u00e1soby Bang DE 80000 je\u0161t\u011b dnes!<\/p>\n<h3>\u2753 \u010casto kladen\u00e9 ot\u00e1zky\u2753<\/h3>\n<p><strong>Ot\u00e1zka: Jak funguje syst\u00e9m nastaviteln\u00e9 chuti 3 v 1?<\/strong><\/p>\n<p>Odpov\u011b\u010f: Bang DE 80000 je vybaven jednoduch\u00fdm sp\u00ednac\u00edm mechanismem, kter\u00fd umo\u017e\u0148uje p\u0159ep\u00ednat mezi t\u0159emi p\u0159edpln\u011bn\u00fdmi 20ml e-liquid pody. Ka\u017ed\u00fd pod m\u00e1 vlastn\u00ed vyhrazenou s\u00ed\u0165ovou spir\u00e1lku, tak\u017ee p\u0159i p\u0159ep\u00edn\u00e1n\u00ed z\u00edsk\u00e1te poka\u017ed\u00e9 \u010derstvou, nezka\u017eenou chu\u0165.<\/p>\n<p><strong>Ot\u00e1zka: Co zobrazuje displej LCD?<\/strong><\/p>\n<p>Odpov\u011b\u010f: Chytr\u00fd LCD displej poskytuje informace o procentu\u00e1ln\u00edm stavu baterie a o jednotliv\u00fdch \u00farovn\u00edch e-liquidu pro ka\u017edou ze t\u0159\u00ed \u0161luk\u00e1tek, tak\u017ee v\u017edy v\u00edte, jak\u00fd je v\u00e1\u0161 stav.<\/p>\n<p><strong>Ot\u00e1zka: Je Bang DE 80000 vhodn\u00fd pro za\u010d\u00e1te\u010dn\u00edky?<\/strong><\/p>\n<p>Odpov\u011b\u010f: Pokro\u010dil\u00e9 funkce a vysok\u00fd po\u010det \u0161luk\u016f jsou ide\u00e1ln\u00ed pro zku\u0161en\u00e9 vapery, ale d\u00edky u\u017eivatelsky p\u0159\u00edv\u011btiv\u00e9mu designu (potahov\u00e1n\u00ed s jednoduch\u00fdm p\u0159ep\u00edn\u00e1n\u00edm p\u0159\u00edchut\u00ed) je p\u0159\u00edstupn\u00fd i za\u010d\u00e1te\u010dn\u00edk\u016fm, kte\u0159\u00ed hledaj\u00ed dlouhotrvaj\u00edc\u00ed a kvalitn\u00ed z\u00e1\u017eitek.<\/p>\n<p><strong>Ot\u00e1zka: Jak dlouho se baterie nab\u00edj\u00ed?<\/strong><\/p>\n<p>Odpov\u011b\u010f: D\u00edky nab\u00edjec\u00edmu portu typu C se baterie s kapacitou 650 mAh rychle dob\u00edj\u00ed, obvykle za 45-60 minut, co\u017e minimalizuje prostoje.<\/p>","protected":false},"excerpt":{"rendered":"<p>Za\u017eijte budoucnost vapingu s Bang DE 80000, revolu\u010dn\u00edm jednor\u00e1zov\u00fdm vapem 3 v 1, kter\u00fd nab\u00edz\u00ed 80 000 potah\u016f a nastaviteln\u00e9 trojit\u00e9 p\u0159\u00edchut\u011b. Ide\u00e1ln\u00ed pro velkoobchodn\u00ed a velkoodb\u011bratele, kte\u0159\u00ed hledaj\u00ed inovace a dlouhou \u017eivotnost.<\/p>","protected":false},"featured_media":46967,"comment_status":"open","ping_status":"closed","template":"","meta":[],"product_brand":[239],"product_cat":[37,280,137,146,138,141,143],"product_tag":[306,308,303,305,304,302],"class_list":{"0":"post-46957","1":"product","2":"type-product","3":"status-publish","4":"has-post-thumbnail","6":"product_brand-bang","7":"product_cat-bang","8":"product_cat-cheap-rechargeable-disposable-vapes","9":"product_cat-disposable-vapes-in-germany","10":"product_cat-disposable-vapes-in-hungary","11":"product_cat-disposable-vapes-in-ltaly","12":"product_cat-disposable-vapes-in-poland","13":"product_cat-disposable-vapes-in-spain","14":"product_tag-best-disposable-vapes","15":"product_tag-disposable-vape-in-europe","16":"product_tag-screen-vape","17":"product_tag-vape-suppliers","18":"product_tag-wholesale-vapes","19":"product_tag-wholesale-vapor","21":"first","22":"instock","23":"shipping-taxable","24":"purchasable","25":"product-type-variable","26":"has-default-attributes"},"jetpack_sharing_enabled":true,"tiered_pricing_type":"fixed","tiered_pricing_fixed_rules":{"2000":5.4900000000000002131628207280300557613372802734375},"tiered_pricing_product_settings":{"layout":"default","base_unit_name":{"singular":null,"plural":null},"default_variation":null},"tiered_pricing_minimum_quantity":1000,"tiered_pricing_roles_data":[],"tiered_pricing_percentage_rules":[],"tiered_pricing_maximum_quantity":null,"tiered_pricing_quantity_step":"10","_links":{"self":[{"href":"https:\/\/aiviouvapes.com\/cs\/wp-json\/wp\/v2\/product\/46957","targetHints":{"allow":["GET"]}}],"collection":[{"href":"https:\/\/aiviouvapes.com\/cs\/wp-json\/wp\/v2\/product"}],"about":[{"href":"https:\/\/aiviouvapes.com\/cs\/wp-json\/wp\/v2\/types\/product"}],"replies":[{"embeddable":true,"href":"https:\/\/aiviouvapes.com\/cs\/wp-json\/wp\/v2\/comments?post=46957"}],"wp:featuredmedia":[{"embeddable":true,"href":"https:\/\/aiviouvapes.com\/cs\/wp-json\/wp\/v2\/media\/46967"}],"wp:attachment":[{"href":"https:\/\/aiviouvapes.com\/cs\/wp-json\/wp\/v2\/media?parent=46957"}],"wp:term":[{"taxonomy":"product_brand","embeddable":true,"href":"https:\/\/aiviouvapes.com\/cs\/wp-json\/wp\/v2\/product_brand?post=46957"},{"taxonomy":"product_cat","embeddable":true,"href":"https:\/\/aiviouvapes.com\/cs\/wp-json\/wp\/v2\/product_cat?post=46957"},{"taxonomy":"product_tag","embeddable":true,"href":"https:\/\/aiviouvapes.com\/cs\/wp-json\/wp\/v2\/product_tag?post=46957"}],"curies":[{"name":"wp","href":"https:\/\/api.w.org\/{rel}","templated":true}]}}