{"id":46917,"date":"2025-07-29T21:23:27","date_gmt":"2025-07-29T13:23:27","guid":{"rendered":"https:\/\/aiviouvapes.com\/?post_type=product&#038;p=46917"},"modified":"2026-03-24T11:26:13","modified_gmt":"2026-03-24T03:26:13","slug":"mr-goodie-adjust-flavor-king-60000","status":"publish","type":"product","link":"https:\/\/aiviouvapes.com\/cs\/product\/mr-goodie-adjust-flavor-king-60000\/","title":{"rendered":"Mr.Goodie Adjust Flavor King 60000 Puffs | trojit\u00e1 p\u0159\u00edchu\u0165 hromadn\u00e9 jednor\u00e1zov\u00e9 vape"},"content":{"rendered":"<p>\ud83d\ude80 P\u0159ipravte se na revoluci ve vapov\u00e1n\u00ed s NOV\u00ddM <b>Mr.Goodie Upravit Flavor King 60000 Puffs<\/b>! \ud83d\udc51 Nen\u00ed to jen vape, je to chu\u0165ov\u00e1 \u0159\u00ed\u0161e do kapsy. Flavor King je navr\u017een pro maxim\u00e1ln\u00ed uspokojen\u00ed a bezkonkuren\u010dn\u00ed v\u00fddr\u017e, m\u016f\u017ee se pochlubit neuv\u011b\u0159iteln\u00fdmi 60 000 potahy a p\u0159evratn\u00fdm syst\u00e9mem t\u0159\u00ed p\u0159\u00edchut\u00ed. Dejte sbohem v\u0161edn\u00edmu vapov\u00e1n\u00ed a p\u0159iv\u00edtejte symfonii chut\u00ed! \u2728 A\u0165 u\u017e jste zku\u0161en\u00fd vaper, nebo obchod, kter\u00fd chce m\u00edt na sklad\u011b dal\u0161\u00ed velkou novinku, Mr.Goodie Adjust Flavor King je va\u0161\u00ed korunou sl\u00e1vy. \ud83d\udca8<\/p>\n<h2>Mr.Goodie Adjust Flavor King 60000 puffs p\u0159ehled produkt\u016f a vlastnost\u00ed<\/h2>\n<p>The <b>Mr.Goodie Upravit Flavor King 60000<\/b> p\u0159edstavuje monument\u00e1ln\u00ed skok v technologii jednor\u00e1zov\u00fdch \u0161lukadel, proto\u017ee nab\u00edz\u00ed ohromuj\u00edc\u00ed po\u010det \u0161luk\u016f a inovativn\u00ed mechanismus p\u0159ep\u00edn\u00e1n\u00ed p\u0159\u00edchut\u00ed. Toto za\u0159\u00edzen\u00ed, kter\u00e9 je ur\u010deno jak pro individu\u00e1ln\u00ed nad\u0161ence, tak pro B2B z\u00e1kazn\u00edky, nov\u011b definuje pohodl\u00ed a v\u0161estrannost. \ud83d\ude80<\/p>\n<ul>\n<li><b>Bezprecedentn\u00ed po\u010det puf\u016f:<\/b> U\u017eijte si a\u017e <b>60 000 vdech\u016f<\/b> v re\u017eimu jedn\u00e9 p\u0159\u00edchut\u011b nebo 30 000 \u0161luk\u016f v re\u017eimu sm\u00ed\u0161en\u00e9 p\u0159\u00edchut\u011b, co\u017e zaru\u010duje del\u0161\u00ed pou\u017e\u00edv\u00e1n\u00ed. \ud83e\udd2f\ud83d\udca8<\/li>\n<li><b>Du\u00e1ln\u00ed kapacita e-liquidu:<\/b> S obrovsk\u00fdm <b>20ML + 20ML (celkem 40ML)<\/b> kapacita e-juice, kter\u00e1 poskytuje dlouhotrvaj\u00edc\u00ed po\u017eitek bez nutnosti \u010dast\u00e9 v\u00fdm\u011bny. \ud83c\udf0a\ud83d\udd0b<\/li>\n<li><b>Nastaviteln\u00e1 s\u00edla nikotinu:<\/b> Dostupn\u00e9 v <b>Mo\u017enosti nikotinu 2% a 5%<\/b> vyhov\u011bt r\u016fzn\u00fdm preferenc\u00edm. \u2705 nikotin<\/li>\n<li><b>V\u00fdkonn\u00fd a dob\u00edjec\u00ed:<\/b> Je vybaven robustn\u00edm <b>950mAh dob\u00edjec\u00ed baterie<\/b> a pohodln\u00fd <b>Nab\u00edjec\u00ed port typu C<\/b> pro nep\u0159etr\u017eit\u00fd vaping. \ud83d\udcaa\ud83d\udd0c<\/li>\n<li><b>Pokro\u010dil\u00e1 technologie c\u00edvek:<\/b> <b>Du\u00e1ln\u00ed s\u00ed\u0165ov\u00e9 c\u00edvky<\/b> v kombinaci s nejmodern\u011bj\u0161\u00edmi <b>Technologie iDuomesh<\/b> poskytuj\u00ed konzistentn\u00ed, bohatou chu\u0165 a masivn\u00ed produkci p\u00e1ry. \ud83d\ude80\ud83c\udf2c\ufe0f<\/li>\n<li><b>Intuitivn\u00ed 3 LCD displej:<\/b> Snadno sledujte v\u00fddr\u017e baterie, hladinu e-liquidu a aktu\u00e1ln\u00ed re\u017eim pro bezprobl\u00e9mov\u00fd vaping. \ud83d\udcca\ud83d\udc40<\/li>\n<li><b>Trojit\u00fd syst\u00e9m p\u0159\u00edchut\u00ed:<\/b> Prozkoumejte str\u00e1nky <b>10 jedine\u010dn\u00fdch trojkombinac\u00ed chut\u00ed<\/b>, co\u017e v\u00e1m umo\u017en\u00ed p\u0159ep\u00ednat mezi dv\u011bma r\u016fzn\u00fdmi p\u0159\u00edchut\u011bmi nebo je kombinovat a z\u00edskat tak jedine\u010dn\u00fd t\u0159et\u00ed z\u00e1\u017eitek. \ud83c\udf53\ud83c\udf49\ud83c\udf4d\ud83c\udf4a<\/li>\n<\/ul>\n<h3>Specifikace<\/h3>\n<table>\n<thead>\n<tr>\n<th>Funkce<\/th>\n<th>Detail<\/th>\n<\/tr>\n<\/thead>\n<tbody>\n<tr>\n<td>Mo\u017enosti nikotinu<\/td>\n<td>2%, 5%<\/td>\n<\/tr>\n<tr>\n<td>Puffs (jedna p\u0159\u00edchu\u0165)<\/td>\n<td>60 000 puff\u016f<\/td>\n<\/tr>\n<tr>\n<td>Puffy (mix p\u0159\u00edchut\u00ed)<\/td>\n<td>30 000 puf\u016f (sm\u011bs A + B)<\/td>\n<\/tr>\n<tr>\n<td>Kapacita e-liquidu<\/td>\n<td>20ML + 20ML (celkem 40ML)<\/td>\n<\/tr>\n<tr>\n<td>Kapacita baterie<\/td>\n<td>950 mAh (dob\u00edjec\u00ed)<\/td>\n<\/tr>\n<tr>\n<td>Nab\u00edjec\u00ed port<\/td>\n<td>Typ C<\/td>\n<\/tr>\n<tr>\n<td>Typ c\u00edvky<\/td>\n<td>Du\u00e1ln\u00ed s\u00ed\u0165ov\u00e9 c\u00edvky, technologie iDuomesh<\/td>\n<\/tr>\n<tr>\n<td>Displej<\/td>\n<td>3 LCD displej<\/td>\n<\/tr>\n<tr>\n<td>Re\u017eimy p\u0159\u00edchut\u00ed<\/td>\n<td>Jednotliv\u00e9 p\u0159\u00edchut\u011b, sm\u011bs p\u0159\u00edchut\u00ed<\/td>\n<\/tr>\n<tr>\n<td>Celkem trojit\u00e9 p\u0159\u00edchut\u011b<\/td>\n<td>10 jedine\u010dn\u00fdch kombinac\u00ed<\/td>\n<\/tr>\n<\/tbody>\n<\/table>\n<p><span style=\"font-size: 20.16px;\">Kombinace chut\u00ed<\/span><\/p>\n<p>Vyzkou\u0161ejte vzru\u0161uj\u00edc\u00ed \u0159adu chu\u0165ov\u00fdch mo\u017enost\u00ed s Mr.Goodie Adjust Flavor King 60000. Ka\u017ed\u00e9 za\u0159\u00edzen\u00ed nab\u00edz\u00ed t\u0159i r\u016fzn\u00e9 vapingov\u00e9 z\u00e1\u017eitky:<\/p>\n<table>\n<thead>\n<tr>\n<th>P\u0159\u00edchu\u0165<\/th>\n<th>P\u0159\u00edchu\u0165 B<\/th>\n<th>Kombinovan\u00e1 p\u0159\u00edchu\u0165 (A+B)<\/th>\n<\/tr>\n<\/thead>\n<tbody>\n<tr>\n<td>Melounov\u00fd led<\/td>\n<td>\u017dv\u00fdka\u010dka<\/td>\n<td>Melounov\u00e1 \u017ev\u00fdka\u010dka<\/td>\n<\/tr>\n<tr>\n<td>\u0160\u0165avnat\u00fd broskvov\u00fd led<\/td>\n<td>Cola Led<\/td>\n<td>Broskvov\u00e1 cola Ice<\/td>\n<\/tr>\n<tr>\n<td>Modr\u00e1 malina<\/td>\n<td>T\u0159e\u0161\u0148ov\u00fd citron<\/td>\n<td>Modr\u00e1 malina T\u0159e\u0161e\u0148 Citron<\/td>\n<\/tr>\n<tr>\n<td>Jahody<\/td>\n<td>Meloun<\/td>\n<td>Jahodov\u00fd meloun<\/td>\n<\/tr>\n<tr>\n<td>Zelen\u00e9 jablko<\/td>\n<td>Hrozny<\/td>\n<td>Zelen\u00e9 jablko Grape<\/td>\n<\/tr>\n<tr>\n<td>Lemon<\/td>\n<td>Duhov\u00e9 bonbony<\/td>\n<td>Citronov\u00e9 duhov\u00e9 bonbony<\/td>\n<\/tr>\n<tr>\n<td>Miami Mint<\/td>\n<td>Lemon<\/td>\n<td>Citronov\u00e1 m\u00e1ta<\/td>\n<\/tr>\n<tr>\n<td>Ananasov\u00fd kokos<\/td>\n<td>Energy Ice<\/td>\n<td>Kokosov\u00fd energetick\u00fd n\u00e1poj<\/td>\n<\/tr>\n<tr>\n<td>Hrozny<\/td>\n<td>Raspberry<\/td>\n<td>Hroznov\u00e1 malina<\/td>\n<\/tr>\n<tr>\n<td>Pomeran\u010d Mango Guava<\/td>\n<td>Gumov\u00fd medv\u00eddek<\/td>\n<td>OMG Blow-Pop<\/td>\n<\/tr>\n<\/tbody>\n<\/table>\n<p>Pro\u010d si vybrat Mr.Goodie Adjust Flavor King 60000 Puffs?<\/p>\n<ul>\n<li>\ud83d\udc51 <b>King of Puffs:<\/b> Tento p\u0159\u00edstroj s v\u00fddr\u017e\u00ed a\u017e 60 000 potah\u016f p\u0159edstavuje vlastn\u00ed ligu a nab\u00edz\u00ed dlouhou \u017eivotnost, o kter\u00e9 se tradi\u010dn\u00edm jednor\u00e1zov\u00fdm p\u0159\u00edstroj\u016fm m\u016f\u017ee jen zd\u00e1t.<\/li>\n<li>\ud83c\udf08 <b>Inovace troj\u00ed chuti:<\/b> Pono\u0159te se do 10 jedine\u010dn\u00fdch trojkombinac\u00ed chut\u00ed, kter\u00e9 poskytuj\u00ed jedine\u010dnou rozmanitost a zabra\u0148uj\u00ed vapersk\u00e9mu jazyku. P\u0159ep\u00ednejte na po\u017e\u00e1d\u00e1n\u00ed!<\/li>\n<li>\ud83d\udd0b <b>Bezkonkuren\u010dn\u00ed spolehlivost:<\/b> Dob\u00edjec\u00ed baterie s kapacitou 950 mAh a nab\u00edjen\u00ed Type-C zaji\u0161\u0165uj\u00ed, \u017ee jste v\u017edy p\u0159ipraveni na dal\u0161\u00ed \u0161lukov\u00e1n\u00ed, a minimalizuj\u00ed tak prostoje.<\/li>\n<li>\ud83c\udf2c\ufe0f <b>Vynikaj\u00edc\u00ed p\u00e1ra a chu\u0165:<\/b> Du\u00e1ln\u00ed mesh spir\u00e1lky a technologie iDuomesh zaru\u010duj\u00ed trvale hladk\u00fd, bohat\u00fd a uspokojiv\u00fd vapingov\u00fd z\u00e1\u017eitek p\u0159i ka\u017ed\u00e9m potahu.<\/li>\n<li>\ud83d\udcca <b>Chytr\u00e9 a u\u017eivatelsky p\u0159\u00edv\u011btiv\u00e9:<\/b> Displej LCD se t\u0159emi displeji v\u00e1s informuje a usnad\u0148uje spr\u00e1vu vapov\u00e1n\u00ed.<\/li>\n<li>\ud83d\udcb0 <b>V\u00fdjime\u010dn\u00e1 hodnota:<\/b> Pro n\u00e1ro\u010dn\u00e9 u\u017eivatele nab\u00edz\u00ed tento p\u0159\u00edstroj neuv\u011b\u0159itelnou efektivitu n\u00e1klad\u016f na jedno pota\u017een\u00ed. Pro B2B kupuj\u00edc\u00ed je to velmi \u017e\u00e1dan\u00fd produkt, kter\u00fd se bude prod\u00e1vat z reg\u00e1l\u016f.<\/li>\n<li>\ud83c\udf3f <b>Zaru\u010den\u00e1 kvalita:<\/b> Vyrobeno z prvot\u0159\u00eddn\u00edch ingredienc\u00ed a pokro\u010dil\u00fdch v\u00fdrobn\u00edch proces\u016f, kter\u00e9 zaji\u0161\u0165uj\u00ed bezpe\u010dnost a spokojenost.<\/li>\n<\/ul>\n<p>The <b>Mr.Goodie Upravit Flavor King 60000 Puffs<\/b> je nejlep\u0161\u00ed volbou pro n\u00e1ro\u010dn\u00e9 u\u017eivatele a milovn\u00edky chut\u00ed, kte\u0159\u00ed hledaj\u00ed del\u0161\u00ed po\u017eitek a rozmanit\u00e9 chu\u0165ov\u00e9 mo\u017enosti. Jeho robustn\u00ed konstrukce a inovativn\u00ed funkce z n\u011bj d\u011blaj\u00ed neodolatelnou nab\u00eddku tak\u00e9 pro <b>vape obchody<\/b> cht\u011bj\u00ed roz\u0161\u00ed\u0159it sv\u016fj pr\u00e9miov\u00fd v\u00fdb\u011br jednor\u00e1zov\u00fdch vape a pro <b>velkoobchodn\u00ed distribuce<\/b> hled\u00e1 produkt s velk\u00fdm objemem a vysokou mar\u017e\u00ed. Z\u00e1sobte se budoucnost\u00ed vapingu je\u0161t\u011b dnes! \ud83d\udcaa<\/p>\n<h3>\u010cASTO KLADEN\u00c9 DOTAZY<\/h3>\n<p>Ot\u00e1zka: Kolik \u0161luk\u016f nab\u00edz\u00ed Mr.Goodie Adjust Flavor King 60000?<br \/>\nA: Nab\u00edz\u00ed a\u017e 60 000 potah\u016f v re\u017eimu jedn\u00e9 p\u0159\u00edchut\u011b a 30 000 potah\u016f p\u0159i m\u00edch\u00e1n\u00ed p\u0159\u00edchut\u00ed (komora A + komora B).<\/p>\n<p>Ot\u00e1zka: Jak\u00e1 je kapacita e-liquidu?<br \/>\nOdpov\u011b\u010f: Celkov\u00e1 kapacita e-liquidu je 40ML, rozd\u011blen\u00e1 do dvou komor po 20ML (20ML + 20ML).<\/p>\n<p>Ot\u00e1zka: Lze p\u0159\u00edstroj Mr.Goodie Adjust Flavor King dob\u00edjet?<br \/>\nOdpov\u011b\u010f: Ano, je vybaven 950mAh dob\u00edjec\u00ed bateri\u00ed s nab\u00edjec\u00edm portem typu C.<\/p>\n<p>Ot\u00e1zka: Jak funguje syst\u00e9m troj\u00ed p\u0159\u00edchuti?<br \/>\nA: Za\u0159\u00edzen\u00ed m\u00e1 dv\u011b r\u016fzn\u00e9 komory na e-liquid (A a B). M\u016f\u017eete vapovat bu\u010f p\u0159\u00edchu\u0165 A, p\u0159\u00edchu\u0165 B, nebo je kombinovat a vytvo\u0159it tak jedine\u010dnou t\u0159et\u00ed sm\u00ed\u0161enou p\u0159\u00edchu\u0165.<\/p>\n<p>Ot\u00e1zka: Jak\u00e1 je s\u00edla nikotinu?<br \/>\nOdpov\u011b\u010f: Mr.Goodie Adjust Flavor King 60000 je k dispozici v sil\u00e1ch nikotinu 2% a 5%.<\/p>\n<p>Ot\u00e1zka: Jak zjist\u00edm v\u00fddr\u017e baterie nebo hladinu e-liquidu?<br \/>\nOdpov\u011b\u010f: Za\u0159\u00edzen\u00ed je vybaveno 3 LCD displeji, kter\u00e9 zobrazuj\u00ed \u017eivotnost baterie, \u00farove\u0148 e-liquidu a aktu\u00e1ln\u00ed re\u017eim.<\/p>\n<p>Ot\u00e1zka: Je tento v\u00fdrobek vhodn\u00fd pro velkoobchod?<br \/>\nOdpov\u011b\u010f: Rozhodn\u011b! Mr.Goodie Adjust Flavor King 60000 Puffs je vynikaj\u00edc\u00edm produktem pro velkoobchodn\u00ed distribuci a pro vape shopy d\u00edky vysok\u00e9 popt\u00e1vce, jedine\u010dn\u00fdm vlastnostem a v\u00fdjime\u010dn\u00e9 hodnot\u011b.<\/p>","protected":false},"excerpt":{"rendered":"<p>Za\u017eijte dokonal\u00fd vape s Mr.Goodie Adjust Flavor King 60000 Puffs. Du\u00e1ln\u00ed kapacita 20ML e-liquidu, 60 000 potah\u016f, 10 trojit\u00fdch p\u0159\u00edchut\u00ed. Ide\u00e1ln\u00ed pro vape obchody a velkoodb\u011bratele!<\/p>","protected":false},"featured_media":46924,"comment_status":"open","ping_status":"closed","template":"","meta":[],"product_brand":[258],"product_cat":[257,137,146,138,141,143],"product_tag":[],"class_list":{"0":"post-46917","1":"product","2":"type-product","3":"status-publish","4":"has-post-thumbnail","6":"product_brand-mr-goodie","7":"product_cat-mr-goodie","8":"product_cat-disposable-vapes-in-germany","9":"product_cat-disposable-vapes-in-hungary","10":"product_cat-disposable-vapes-in-ltaly","11":"product_cat-disposable-vapes-in-poland","12":"product_cat-disposable-vapes-in-spain","14":"first","15":"instock","16":"shipping-taxable","17":"purchasable","18":"product-type-variable","19":"has-default-attributes"},"jetpack_sharing_enabled":true,"tiered_pricing_type":"fixed","tiered_pricing_fixed_rules":[],"tiered_pricing_product_settings":{"layout":"default","base_unit_name":{"singular":null,"plural":null},"default_variation":null},"tiered_pricing_minimum_quantity":1000,"tiered_pricing_roles_data":[],"tiered_pricing_percentage_rules":[],"tiered_pricing_maximum_quantity":null,"tiered_pricing_quantity_step":"10","_links":{"self":[{"href":"https:\/\/aiviouvapes.com\/cs\/wp-json\/wp\/v2\/product\/46917","targetHints":{"allow":["GET"]}}],"collection":[{"href":"https:\/\/aiviouvapes.com\/cs\/wp-json\/wp\/v2\/product"}],"about":[{"href":"https:\/\/aiviouvapes.com\/cs\/wp-json\/wp\/v2\/types\/product"}],"replies":[{"embeddable":true,"href":"https:\/\/aiviouvapes.com\/cs\/wp-json\/wp\/v2\/comments?post=46917"}],"wp:featuredmedia":[{"embeddable":true,"href":"https:\/\/aiviouvapes.com\/cs\/wp-json\/wp\/v2\/media\/46924"}],"wp:attachment":[{"href":"https:\/\/aiviouvapes.com\/cs\/wp-json\/wp\/v2\/media?parent=46917"}],"wp:term":[{"taxonomy":"product_brand","embeddable":true,"href":"https:\/\/aiviouvapes.com\/cs\/wp-json\/wp\/v2\/product_brand?post=46917"},{"taxonomy":"product_cat","embeddable":true,"href":"https:\/\/aiviouvapes.com\/cs\/wp-json\/wp\/v2\/product_cat?post=46917"},{"taxonomy":"product_tag","embeddable":true,"href":"https:\/\/aiviouvapes.com\/cs\/wp-json\/wp\/v2\/product_tag?post=46917"}],"curies":[{"name":"wp","href":"https:\/\/api.w.org\/{rel}","templated":true}]}}