{"id":46861,"date":"2025-07-29T21:34:04","date_gmt":"2025-07-29T13:34:04","guid":{"rendered":"https:\/\/aiviouvapes.com\/?post_type=product&#038;p=46861"},"modified":"2026-04-17T13:00:41","modified_gmt":"2026-04-17T05:00:41","slug":"bang-blaze-starry-50000","status":"publish","type":"product","link":"https:\/\/aiviouvapes.com\/cs\/product\/bang-blaze-starry-50000\/","title":{"rendered":"Bang Blaze Starry 50000 Puffs | velkoobchodn\u00ed velkoobchodn\u00ed prodej jednor\u00e1zov\u00fdch vape s du\u00e1ln\u00edm re\u017eimem"},"content":{"rendered":"<h2>Pro\u010d si vybrat Bang Blaze Starry 50000?<\/h2>\n<ul>\n<li><strong>\ud83d\udca5 Dominance du\u00e1ln\u00edho re\u017eimu:<\/strong> Plynul\u00e9 p\u0159ep\u00edn\u00e1n\u00ed mezi dlouhotrvaj\u00edc\u00edm <strong>B\u011b\u017en\u00fd re\u017eim (50 000 vdech\u016f)<\/strong> pro trval\u00fd po\u017eitek a v\u00fdkonn\u00e9 <strong>Pulzn\u00ed re\u017eim (25k puf\u016f)<\/strong> pro intenzivn\u011bj\u0161\u00ed chu\u0165 a zv\u00fd\u0161en\u00ed v\u00fdparu.<\/li>\n<li><strong>\ud83d\udd0b Extr\u00e9mn\u00ed \u017eivotnost:<\/strong> D\u00edky neuv\u011b\u0159iteln\u00e9 kapacit\u011b 50 000 potah\u016f a dob\u00edjec\u00ed baterii s kapacitou 550 mAh je toto za\u0159\u00edzen\u00ed vyrobeno tak, aby vydr\u017eelo, poskytovalo jedine\u010dnou hodnotu a sni\u017eovalo pot\u0159ebu \u010dast\u00fdch v\u00fdm\u011bn.<\/li>\n<li><strong>\u2699\ufe0f Pokro\u010dil\u00e1 technologie VPU:<\/strong> Poznejte budoucnost vapingu. Integrovan\u00e1 jednotka Vape Processing Unit zaji\u0161\u0165uje vynikaj\u00edc\u00ed konzistenci chuti, bohat\u0161\u00ed produkci p\u00e1ry a optimalizovanou spr\u00e1vu nap\u00e1jen\u00ed pro v\u017edy bezchybn\u00e9 sezen\u00ed.<\/li>\n<li><strong>\ud83d\udca1 Chytr\u00fd a bezpe\u010dn\u00fd provoz:<\/strong> K\u0159i\u0161\u0165\u00e1lov\u011b \u010dist\u00fd LED displej v\u00e1s na prvn\u00ed pohled informuje o stavu baterie a e-liquidu, zat\u00edmco re\u017eim \"Zav\u0159\u00edt\" chr\u00e1n\u011bn\u00fd p\u0159ed d\u011btmi nab\u00edz\u00ed nezbytn\u00fd klid.<\/li>\n<li><strong>\ud83d\udce6 P\u0159ipraveno na podnik\u00e1n\u00ed:<\/strong> Balen\u00ed Bang Blaze Starry 50000, kter\u00e9 je baleno v praktick\u00fdch krabi\u010dk\u00e1ch po 10 kusech, je dokonale optimalizov\u00e1no pro vape shopy, distributory a velkoobchodn\u00ed odb\u011bratele, kte\u0159\u00ed cht\u011bj\u00ed m\u00edt na sklad\u011b vysoce \u017e\u00e1dan\u00fd a v\u00fdkonn\u00fd produkt.<\/li>\n<\/ul>\n<p>Bang Blaze Starry 50000 je dokonal\u00e9 za\u0159\u00edzen\u00ed pro n\u00e1ro\u010dn\u00e9 u\u017eivatele, kte\u0159\u00ed vy\u017eaduj\u00ed dlouhou \u017eivotnost, a pro milovn\u00edky intenzivn\u00ed chuti. D\u00edky vysok\u00e9mu po\u010dtu \u0161luk\u016f a spolehliv\u00e9mu v\u00fdkonu je nezbytnou sou\u010d\u00e1st\u00ed invent\u00e1\u0159e ka\u017ed\u00e9ho vape shopu. Je k dispozici ve velkoobjemov\u00e9m balen\u00ed po 10 kusech a je dokonale optimalizov\u00e1n pro velkoobchodn\u00ed distribuci. Vylep\u0161ete sv\u00e9 z\u00e1soby a poskytn\u011bte sv\u00fdm z\u00e1kazn\u00edk\u016fm dal\u0161\u00ed velkou v\u011bc v oblasti vapingu!<\/p>\n<h3>Odpalte s nep\u0159ekonateln\u00fdm v\u00fdkonem a chut\u00ed \ud83d\ude80<\/h3>\n<p>P\u0159ipravte se na start! Bang Blaze Starry 50000 je tu, aby zp\u016fsobil revoluci ve va\u0161em vapingu. S astronomickou v\u00fddr\u017e\u00ed 50 000 potah\u016f v b\u011b\u017en\u00e9m re\u017eimu a intenzivn\u00edm pulzn\u00edm re\u017eimem pro milovn\u00edky chuti je toto za\u0159\u00edzen\u00ed navr\u017eeno pro \u010dist\u00e9 uspokojen\u00ed. D\u00edky brilantn\u00edmu LED displeji a \u0161pi\u010dkov\u00e9 technologii VPU je ka\u017ed\u00e9 potahov\u00e1n\u00ed hv\u011bzdn\u00fdm z\u00e1\u017eitkem. \u2728 Je nov\u00fdm m\u011b\u0159\u00edtkem v\u00fdkonu, v\u00fddr\u017ee a chuti.<\/p>\n<h3>Specifikace produktu<\/h3>\n<p>\u0160luk\u00e1tko Bang Blaze Starry 50000 je navr\u017eeno pro dlouhou \u017eivotnost a v\u00fdkon a je vybaveno inovativn\u00ed technologi\u00ed VPU pro konzistentn\u00ed chu\u0165 a p\u00e1ru. Inteligentn\u00ed LED displej v\u00e1s informuje, zat\u00edmco funkce dvou re\u017eim\u016f v\u00e1m umo\u017en\u00ed p\u0159izp\u016fsobit si vapov\u00e1n\u00ed. S dob\u00edjec\u00ed bateri\u00ed a d\u011btsk\u00fdm z\u00e1mkem p\u0159edstavuje dokonalou kombinaci v\u00fdkonu, bezpe\u010dnosti a pohodl\u00ed.<\/p>\n<table>\n<tbody>\n<tr>\n<th>Funkce<\/th>\n<th>Specifikace<\/th>\n<\/tr>\n<tr>\n<td><strong>Po\u010det puf\u016f<\/strong><\/td>\n<td>B\u011b\u017en\u00fd re\u017eim: 50 000 vdech\u016f | Pulzn\u00ed re\u017eim: 25 000 vdech\u016f<\/td>\n<\/tr>\n<tr>\n<td><strong>Mo\u017enosti re\u017eimu<\/strong><\/td>\n<td>1. Zav\u0159en\u00ed (ochrana p\u0159ed d\u011btmi) | 2. B\u011b\u017en\u00fd re\u017eim | 3. Pulzn\u00ed re\u017eim<\/td>\n<\/tr>\n<tr>\n<td><strong>S\u00edla nikotinu<\/strong><\/td>\n<td>2% \/ 3% \/ 5%<\/td>\n<\/tr>\n<tr>\n<td><strong>Baterie<\/strong><\/td>\n<td>550mAh dob\u00edjec\u00ed<\/td>\n<\/tr>\n<tr>\n<td><strong>Technologie c\u00edvek<\/strong><\/td>\n<td>Dual Mesh C\u00edvka<\/td>\n<\/tr>\n<tr>\n<td><strong>Z\u00e1kladn\u00ed technologie<\/strong><\/td>\n<td>VPU (Vape Processing Unit) uvnit\u0159<\/td>\n<\/tr>\n<tr>\n<td><strong>Displej<\/strong><\/td>\n<td>Inteligentn\u00ed LED displej (pro kontrolu stavu baterie a e-liquidu)<\/td>\n<\/tr>\n<tr>\n<td><strong>Nab\u00edjec\u00ed port<\/strong><\/td>\n<td>Typ C<\/td>\n<\/tr>\n<tr>\n<td><strong>Velkoobchodn\u00ed balen\u00ed<\/strong><\/td>\n<td>10 kus\u016f \/ vitr\u00edna<\/td>\n<\/tr>\n<\/tbody>\n<\/table>\n<h3>Vesm\u00edr chut\u00ed \ud83c\udf0c<\/h3>\n<p>Prozkoumejte 12 hv\u011bzdn\u00fdch chut\u00ed, kter\u00e9 jsou dokonale propracovan\u00e9 a p\u0159in\u00e1\u0161ej\u00ed nezapomenuteln\u00fd chu\u0165ov\u00fd z\u00e1\u017eitek. Ka\u017ed\u00e1 z nich je navr\u017eena tak, aby byla \u017eiv\u00e1 a konzistentn\u00ed od prvn\u00edho potahu a\u017e po ten posledn\u00ed.<br \/>\nVodn\u00ed meloun, jahodov\u00fd meloun, bor\u016fvkov\u00fd led, bor\u016fvkov\u00fd malinov\u00fd, Love 66, brusinkov\u00fd hroznov\u00fd led, broskvov\u00fd led, jahodov\u00fd mangov\u00fd, trojit\u00fd bobulov\u00fd, mangov\u00fd broskvov\u00fd, Summer Time, ananasov\u00fd kokosov\u00fd.<\/p>\n<h3>\u010casto kladen\u00e9 ot\u00e1zky<\/h3>\n<p><strong>Ot\u00e1zka: Jak se p\u0159ep\u00edn\u00e1 mezi b\u011b\u017en\u00fdm a pulzn\u00edm re\u017eimem?<\/strong><br \/>\nOdpov\u011b\u010f: Za\u0159\u00edzen\u00ed je obvykle vybaveno jednoduch\u00fdm tla\u010d\u00edtkov\u00fdm ovl\u00e1d\u00e1n\u00edm. Konkr\u00e9tn\u00ed postup naleznete v u\u017eivatelsk\u00e9 p\u0159\u00edru\u010dce, ale obvykle se jedn\u00e1 o n\u011bkolik rychl\u00fdch kliknut\u00ed pro p\u0159ep\u00edn\u00e1n\u00ed mezi re\u017eimy zav\u0159en\u00ed, b\u011b\u017en\u00fd a pulzn\u00ed re\u017eim.<\/p>\n<p><strong>Ot\u00e1zka: Co je technologie VPU?<\/strong><br \/>\nOdpov\u011b\u010f: VPU je zkratka pro Vape Processing Unit. Jedn\u00e1 se o pokro\u010dil\u00fd mikroprocesor, kter\u00fd \u0159\u00edd\u00ed v\u00fdkon a konzistenci zah\u0159\u00edv\u00e1n\u00ed, co\u017e vede k v\u00fdrazn\u011b lep\u0161\u00ed v\u011brnosti chuti a produkci p\u00e1ry po celou dobu \u017eivotnosti za\u0159\u00edzen\u00ed.<\/p>\n<p><strong>Ot\u00e1zka: Co d\u011bl\u00e1 re\u017eim \"Zav\u0159\u00edt\"?<\/strong><br \/>\nOdpov\u011b\u010f: Re\u017eim \"Zav\u0159\u00edt\" je bezpe\u010dnostn\u00ed funkce chr\u00e1n\u00edc\u00ed p\u0159ed d\u011btmi. Po jeho aktivaci se za\u0159\u00edzen\u00ed deaktivuje, aby se zabr\u00e1nilo n\u00e1hodn\u00e9mu pou\u017eit\u00ed, a je tak bezpe\u010dn\u011bj\u0161\u00ed p\u0159i p\u0159en\u00e1\u0161en\u00ed a skladov\u00e1n\u00ed.<\/p>\n<p><strong>Ot\u00e1zka: Kolik za\u0159\u00edzen\u00ed je ve velkoobchodn\u00edm balen\u00ed?<\/strong><br \/>\nOdpov\u011b\u010f: Za\u0159\u00edzen\u00ed Bang Blaze Starry 50000 se dod\u00e1v\u00e1 v krabic\u00edch s 10 jednotliv\u00fdmi za\u0159\u00edzen\u00edmi, co\u017e usnad\u0148uje spr\u00e1vu z\u00e1sob a vystavov\u00e1n\u00ed v maloobchod\u011b.<\/p>","protected":false},"excerpt":{"rendered":"<p>Objevte Bang Blaze Starry 50000, dob\u00edjec\u00ed jednor\u00e1zovou vapku s vysok\u00fdm po\u010dtem \u0161luk\u016f a re\u017eimy Regular (50k) a Pulse (25k). Disponuje inteligentn\u00ed LED obrazovkou, technologi\u00ed VPU a je k dispozici pro velkoobchodn\u00ed prodej.<\/p>","protected":false},"featured_media":46870,"comment_status":"open","ping_status":"closed","template":"","meta":[],"product_brand":[239],"product_cat":[37,137,146,138,141,143],"product_tag":[],"class_list":{"0":"post-46861","1":"product","2":"type-product","3":"status-publish","4":"has-post-thumbnail","6":"product_brand-bang","7":"product_cat-bang","8":"product_cat-disposable-vapes-in-germany","9":"product_cat-disposable-vapes-in-hungary","10":"product_cat-disposable-vapes-in-ltaly","11":"product_cat-disposable-vapes-in-poland","12":"product_cat-disposable-vapes-in-spain","14":"first","15":"instock","16":"shipping-taxable","17":"purchasable","18":"product-type-variable","19":"has-default-attributes"},"jetpack_sharing_enabled":true,"tiered_pricing_type":"fixed","tiered_pricing_fixed_rules":{"30":8.5600000000000004973799150320701301097869873046875,"50":6.7400000000000002131628207280300557613372802734375,"100":6.089999999999999857891452847979962825775146484375,"200":5.70000000000000017763568394002504646778106689453125,"400":5.25},"tiered_pricing_product_settings":{"layout":"default","base_unit_name":{"singular":null,"plural":null},"default_variation":null},"tiered_pricing_minimum_quantity":10,"tiered_pricing_roles_data":[],"tiered_pricing_percentage_rules":[],"tiered_pricing_maximum_quantity":null,"tiered_pricing_quantity_step":"10","_links":{"self":[{"href":"https:\/\/aiviouvapes.com\/cs\/wp-json\/wp\/v2\/product\/46861","targetHints":{"allow":["GET"]}}],"collection":[{"href":"https:\/\/aiviouvapes.com\/cs\/wp-json\/wp\/v2\/product"}],"about":[{"href":"https:\/\/aiviouvapes.com\/cs\/wp-json\/wp\/v2\/types\/product"}],"replies":[{"embeddable":true,"href":"https:\/\/aiviouvapes.com\/cs\/wp-json\/wp\/v2\/comments?post=46861"}],"wp:featuredmedia":[{"embeddable":true,"href":"https:\/\/aiviouvapes.com\/cs\/wp-json\/wp\/v2\/media\/46870"}],"wp:attachment":[{"href":"https:\/\/aiviouvapes.com\/cs\/wp-json\/wp\/v2\/media?parent=46861"}],"wp:term":[{"taxonomy":"product_brand","embeddable":true,"href":"https:\/\/aiviouvapes.com\/cs\/wp-json\/wp\/v2\/product_brand?post=46861"},{"taxonomy":"product_cat","embeddable":true,"href":"https:\/\/aiviouvapes.com\/cs\/wp-json\/wp\/v2\/product_cat?post=46861"},{"taxonomy":"product_tag","embeddable":true,"href":"https:\/\/aiviouvapes.com\/cs\/wp-json\/wp\/v2\/product_tag?post=46861"}],"curies":[{"name":"wp","href":"https:\/\/api.w.org\/{rel}","templated":true}]}}