{"id":46815,"date":"2025-07-29T16:57:01","date_gmt":"2025-07-29T08:57:01","guid":{"rendered":"https:\/\/aiviouvapes.com\/?post_type=product&#038;p=46815"},"modified":"2026-03-26T14:38:23","modified_gmt":"2026-03-26T06:38:23","slug":"jnr-falcon-pro-28000","status":"publish","type":"product","link":"https:\/\/aiviouvapes.com\/cs\/product\/jnr-falcon-pro-28000\/","title":{"rendered":"JNR Falcon Pro 28000 jednor\u00e1zov\u00e1 vape| v\u00fdkonn\u00e1 a \u010dist\u00e1 chu\u0165ov\u00e1 dokonalost!"},"content":{"rendered":"<h2><b>Rozpalte sv\u00e9 smysly s JNR Falcon Pro 28000! \ud83d\ude80\ud83d\udca8<\/b><\/h2>\n<p>U\u017e v\u00e1s nebav\u00ed jednor\u00e1zov\u00e9 vapery, kter\u00e9 se p\u0159\u00edli\u0161 rychle vy\u010derpaj\u00ed nebo nemaj\u00ed tu pravou chu\u0165? Vstupte do budoucnosti vapov\u00e1n\u00ed s JNR Falcon Pro 28000! Toto za\u0159\u00edzen\u00ed, navr\u017een\u00e9 pro bezkonkuren\u010dn\u00ed v\u00fddr\u017e a explozi chuti, m\u011bn\u00ed pravidla hry jak pro osobn\u00ed po\u017eitek, tak pro velkoobchodn\u00ed z\u00e1soby. P\u0159ipravte se na prodlou\u017eenou, uspokojivou a intenzivn\u011b aromatickou cestu vapov\u00e1n\u00edm, a to poka\u017ed\u00e9. \u2728\ud83d\udcaf<\/p>\n<h3>P\u0159ehled a vlastnosti produktu: Bezkonkuren\u010dn\u00ed v\u00fdkon se setk\u00e1v\u00e1 s nezapomenuteln\u00fdmi chut\u011bmi<\/h3>\n<p>JNR Falcon Pro 28000 nen\u00ed jen vape, je to prohl\u00e1\u0161en\u00ed. Je navr\u017een pro dlouhou \u017eivotnost a maxim\u00e1ln\u00ed pod\u00e1n\u00ed chuti a m\u016f\u017ee se pochlubit neuv\u011b\u0159iteln\u00fdm po\u010dtem 28 000 \u0161luk\u016f, co\u017e zaru\u010duje, \u017ee nikdy nebudete m\u00edt nouzi. <span class=\"citation-9 citation-end-9\">Jeho robustn\u00ed dob\u00edjec\u00ed baterie s kapacitou 950 mAh a technologie dvou m\u0159\u00ed\u017ekov\u00fdch spir\u00e1lek pracuj\u00ed v dokonal\u00e9 harmonii a poskytuj\u00ed konzistentn\u00ed, hladkou p\u00e1ru a \u017eivou chu\u0165 od prvn\u00edho potahu a\u017e po ten posledn\u00ed.<\/span> Digit\u00e1ln\u00ed displej v\u00e1s bude informovat, zat\u00edmco velkorys\u00e1 kapacita 30 ml e-liquidu znamen\u00e1 m\u00e9n\u011b starost\u00ed s dopl\u0148ov\u00e1n\u00edm. D\u00edky 20 pe\u010dliv\u011b propracovan\u00fdm p\u0159\u00edchut\u00edm si vybere ka\u017ed\u00fd. A\u0165 u\u017e jste n\u00e1ro\u010dn\u00fd u\u017eivatel nebo znalec chut\u00ed, Falcon Pro 28000 v\u00e1m je poskytne. \ud83c\udf1f\ud83d\udd0b<\/p>\n<h3>Specifikace:<\/h3>\n<table>\n<thead>\n<tr>\n<td>Funkce<\/td>\n<td>Detail<\/td>\n<\/tr>\n<\/thead>\n<tbody>\n<tr>\n<td><b>Po\u010det puf\u016f<\/b><\/td>\n<td>A\u017e 28 000 vdech\u016f<\/td>\n<\/tr>\n<tr>\n<td><b>S\u00edla nikotinu<\/b><\/td>\n<td>2%<\/td>\n<\/tr>\n<tr>\n<td><b>Kapacita e-liquidu<\/b><\/td>\n<td>30 ml<\/td>\n<\/tr>\n<tr>\n<td><b>Baterie<\/b><\/td>\n<td>950mAh dob\u00edjec\u00ed<\/td>\n<\/tr>\n<tr>\n<td><b>Typ c\u00edvky<\/b><\/td>\n<td>Dual Mesh C\u00edvka<\/td>\n<\/tr>\n<tr>\n<td><b>Displej<\/b><\/td>\n<td>Digit\u00e1ln\u00ed displej<\/td>\n<\/tr>\n<tr>\n<td><b>Dostupn\u00e9 p\u0159\u00edchut\u011b<\/b><\/td>\n<td>20<\/td>\n<\/tr>\n<\/tbody>\n<\/table>\n<h3>Prozkoumejte sv\u011bt chut\u00ed: Va\u0161e chu\u0165ov\u00e9 dobrodru\u017estv\u00ed \u010dek\u00e1! \ud83c\udf53\ud83c\udf4d\ud83c\udf47<\/h3>\n<p>Pono\u0159te se do na\u0161\u00ed rozmanit\u00e9 nab\u00eddky 20 l\u00e1kav\u00fdch p\u0159\u00edchut\u00ed, z nich\u017e ka\u017ed\u00e1 je pe\u010dliv\u011b nam\u00edch\u00e1na pro skute\u010dn\u011b pohlcuj\u00edc\u00ed vapingov\u00fd z\u00e1\u017eitek. Od osv\u011b\u017euj\u00edc\u00edho ovoce a\u017e po klasick\u00e9 sm\u011bsi, JNR Falcon Pro 28000 m\u00e1 n\u011bco, co pot\u011b\u0161\u00ed ka\u017ed\u00fd chu\u0165ov\u00fd poh\u00e1rek. \ud83c\udf08\ud83d\ude0b<\/p>\n<ul>\n<li>Jahodov\u00e1 zmrzlina<\/li>\n<li>Cherry Cola<\/li>\n<li>Melounov\u00fd led<\/li>\n<li>Blue Razz Cherry<\/li>\n<li>Jahodov\u00e9 kiwi<\/li>\n<li>\u0160\u0165avnat\u00e9 broskve<\/li>\n<li>Bor\u016fvkov\u00fd led<\/li>\n<li>Sm\u00ed\u0161en\u00e9 bobule<\/li>\n<li>Dvojit\u00e9 jablko<\/li>\n<li>Cherry Berry<\/li>\n<li>Bor\u016fvka Malina T\u0159e\u0161e\u0148<\/li>\n<li>Jahodov\u00fd meloun led<\/li>\n<li>Kiwi vodn\u00ed meloun led<\/li>\n<li>Bor\u016fvkov\u00e1 kysel\u00e1 malina<\/li>\n<li>White Peach Razz<\/li>\n<li>Mango mu\u010denka<\/li>\n<li>Broskvov\u00fd meloun Mango<\/li>\n<li>Melounov\u00e1 \u017ev\u00fdka\u010dka<\/li>\n<li>Jahodov\u00fd ban\u00e1n<\/li>\n<li>Kiwi Passion Guava<\/li>\n<\/ul>\n<h3>Pro\u010d si vybrat JNR Falcon Pro 28000? \ud83e\udd14\ud83d\udca1<\/h3>\n<ul>\n<li><b>V\u00fdjime\u010dn\u00e1 \u017eivotnost:<\/b> Tento p\u0159\u00edstroj s v\u00fddr\u017e\u00ed a\u017e 28 000 potah\u016f nab\u00edz\u00ed del\u0161\u00ed po\u017eitek a neuv\u011b\u0159itelnou hodnotu, kter\u00e1 minimalizuje pot\u0159ebu \u010dast\u00e9 v\u00fdm\u011bny.<\/li>\n<li><b><span class=\"citation-8\">Intenzivn\u00ed produkce chuti:<\/span><\/b><span class=\"citation-8 citation-end-8\"> Technologie dvou m\u0159\u00ed\u017ekov\u00fdch spir\u00e1lek zaji\u0161\u0165uje, \u017ee ka\u017ed\u00e9 \u0161luknut\u00ed je pln\u00e9 bohat\u00e9, autentick\u00e9 chuti, kter\u00e1 uspokoj\u00ed i ty nejn\u00e1ro\u010dn\u011bj\u0161\u00ed vapery.<\/span><\/li>\n<li><b>Konzistentn\u00ed v\u00fdkon:<\/b> V\u00fdkonn\u00e1 dob\u00edjec\u00ed baterie 950 mAh a digit\u00e1ln\u00ed displej zaru\u010duj\u00ed spolehliv\u00e9 a informovan\u00e9 vapov\u00e1n\u00ed.<\/li>\n<li><b>Masivn\u00ed kapacita e-liquidu:<\/b><span class=\"citation-7 citation-end-7\"> P\u0159edpln\u011bn\u00e1 n\u00e1dr\u017eka o objemu 30 ml znamen\u00e1 v\u00edce vapingu a m\u00e9n\u011b starost\u00ed.<\/span><\/li>\n<li><b>Rozmanit\u00e9 portfolio chut\u00ed:<\/b> N\u00e1\u0161 v\u00fdb\u011br 20 jedine\u010dn\u00fdch a obl\u00edben\u00fdch p\u0159\u00edchut\u00ed uspokoj\u00ed v\u0161echny preference, co\u017e z n\u011bj \u010din\u00ed vysoce prodejn\u00fd produkt.<\/li>\n<li><b>Vytvo\u0159eno pro velkoobchod a maloobchod:<\/b> Ide\u00e1ln\u00ed pro vape shopy, kter\u00e9 cht\u011bj\u00ed m\u00edt na sklad\u011b vysoce \u017e\u00e1dan\u00e1 a kvalitn\u00ed jednor\u00e1zov\u00e1 za\u0159\u00edzen\u00ed, a pro velkoobchodn\u00edky, kte\u0159\u00ed hledaj\u00ed spolehliv\u00e9 a \u017e\u00e1dan\u00e9 produkty.<\/li>\n<li><b>U\u017eivatelsky p\u0159\u00edv\u011btiv\u00fd design:<\/b> Jednoduch\u00e9 pou\u017eit\u00ed, \u017e\u00e1dn\u00e1 tla\u010d\u00edtka ani slo\u017eit\u00e1 nastaven\u00ed - sta\u010d\u00ed inhalovat a u\u017e\u00edvat si!<\/li>\n<li><b>Poutav\u00fd vzhled:<\/b> Elegantn\u00ed design a digit\u00e1ln\u00ed displej z n\u011bj d\u011blaj\u00ed vizu\u00e1ln\u011b atraktivn\u00ed produkt pro spot\u0159ebitele.<\/li>\n<\/ul>\n<h3>Sekce \u010casto kladen\u00e9 dotazy: Odpov\u011bdi na va\u0161e ot\u00e1zky! \ud83d\udcda\u2753<\/h3>\n<p><b>Ot\u00e1zka 1: Kolik \u0161luk\u016f mohu o\u010dek\u00e1vat od modelu JNR Falcon Pro 28000?<\/b> <span class=\"citation-6 citation-end-6\">A1: JNR Falcon Pro 28000 je navr\u017een tak, aby vydr\u017eel a\u017e neuv\u011b\u0159iteln\u00fdch 28 000 potah\u016f a poskytoval tak del\u0161\u00ed uspokojen\u00ed z vapingu.<\/span><\/p>\n<p><b>Ot\u00e1zka 2: Jak\u00e1 je s\u00edla nikotinu v tomto za\u0159\u00edzen\u00ed?<\/b> <span class=\"citation-5 citation-end-5\">A2: JNR Falcon Pro 28000 obsahuje 2% nikotinu a nab\u00edz\u00ed uspokojiv\u00fd hit pro plynul\u00fd vaping.<\/span><\/p>\n<p><b>Ot\u00e1zka 3: Lze model JNR Falcon Pro 28000 dob\u00edjet?<\/b> A3: Ano, je vybaven dob\u00edjec\u00ed bateri\u00ed o kapacit\u011b 950 mAh, kter\u00e1 v\u00e1m umo\u017en\u00ed maximalizovat kapacitu e-liquidu a vychutnat si ka\u017edou kapku.<\/p>\n<p><b>Ot\u00e1zka 4: Kolik variant je k dispozici pro JNR Falcon Pro 28000?<\/b> A4: V nab\u00eddce je 20 zaj\u00edmav\u00fdch a rozmanit\u00fdch p\u0159\u00edchut\u00ed, od ovocn\u00fdch a\u017e po ledov\u00e9, tak\u017ee si vybere ka\u017ed\u00fd.<\/p>\n<p><b>Ot\u00e1zka 5: Je toto za\u0159\u00edzen\u00ed vhodn\u00e9 pro velkoobchodn\u00ed n\u00e1kupy?<\/b> A5: Rozhodn\u011b! Vysok\u00fd po\u010det \u0161luk\u016f, \u0161irok\u00e1 \u0161k\u00e1la p\u0159\u00edchut\u00ed a spolehliv\u00fd v\u00fdkon \u010din\u00ed z JNR Falcon Pro 28000 ide\u00e1ln\u00ed volbu pro vape shopy a velkoobchodn\u00ed distributory, kte\u0159\u00ed cht\u011bj\u00ed nab\u00edzet pr\u00e9miov\u00fd a \u017e\u00e1dan\u00fd produkt.<\/p>\n<p><b>O6: M\u00e1 displej?<\/b> A6: Ano, model JNR Falcon Pro 28000 je vybaven digit\u00e1ln\u00edm displejem, kter\u00fd v\u00e1s informuje o stavu za\u0159\u00edzen\u00ed.<\/p>\n<hr \/>\n<p><b>Jste p\u0159ipraveni pozvednout sv\u016fj z\u00e1\u017eitek z vapingu nebo z\u00e1sobit sv\u00e9 reg\u00e1ly skute\u010dn\u00fdm v\u00edt\u011bzem?<\/b> JNR Falcon Pro 28000 je dokonal\u00fdm \u0159e\u0161en\u00edm pro n\u00e1ro\u010dn\u00e9 u\u017eivatele, kte\u0159\u00ed tou\u017e\u00ed po dlouh\u00e9 \u017eivotnosti, a pro milovn\u00edky rozmanit\u00fdch chut\u00ed. Pro majitele vape shop\u016f a velkoobchodn\u00ed distributory p\u0159edstavuje toto za\u0159\u00edzen\u00ed vynikaj\u00edc\u00ed p\u0159\u00edle\u017eitost, jak uspokojit prudce rostouc\u00ed popt\u00e1vku spot\u0159ebitel\u016f po vysoce v\u00fdkonn\u00fdch jednor\u00e1zov\u00fdch vapech s dlouhou \u017eivotnost\u00ed. Nenechte si uj\u00edt dal\u0161\u00ed velkou novinku v oblasti vapingu! Zajist\u011bte si z\u00e1soby JNR Falcon Pro 28000 je\u0161t\u011b dnes a sledujte, jak se k v\u00e1m z\u00e1kazn\u00edci budou vracet pro dal\u0161\u00ed! \ud83c\udfc6\ud83d\udcc8<\/p>\n<p>Uvoln\u011bte 28000 \u0161luk\u016f \u010dist\u00e9 chuti s JNR Falcon Pro. Dlouh\u00e1 v\u00fddr\u017e, dob\u00edjen\u00ed, 20 z\u00e1\u0159iv\u00fdch p\u0159\u00edchut\u00ed. Ide\u00e1ln\u00ed pro n\u00e1ro\u010dn\u00e9 u\u017eivatele a velkoodb\u011bratele!<\/p>","protected":false},"excerpt":{"rendered":"<p>Za\u017eijte dokonal\u00fd vape s JNR Falcon Pro 28000: dlouh\u00e1 v\u00fddr\u017e 28000 potah\u016f, 2% nikotinu, 20 \u00fa\u017easn\u00fdch p\u0159\u00edchut\u00ed a v\u00fdkonn\u00e1 dob\u00edjec\u00ed baterie. Ide\u00e1ln\u00ed pro pot\u0159eby hromadn\u00e9ho jednor\u00e1zov\u00e9ho vapov\u00e1n\u00ed.<\/p>","protected":false},"featured_media":46859,"comment_status":"open","ping_status":"closed","template":"","meta":[],"product_brand":[237],"product_cat":[221,137,146,138,141,143],"product_tag":[],"class_list":{"0":"post-46815","1":"product","2":"type-product","3":"status-publish","4":"has-post-thumbnail","6":"product_brand-jnr","7":"product_cat-jnr","8":"product_cat-disposable-vapes-in-germany","9":"product_cat-disposable-vapes-in-hungary","10":"product_cat-disposable-vapes-in-ltaly","11":"product_cat-disposable-vapes-in-poland","12":"product_cat-disposable-vapes-in-spain","14":"first","15":"instock","16":"shipping-taxable","17":"purchasable","18":"product-type-variable","19":"has-default-attributes"},"jetpack_sharing_enabled":true,"tiered_pricing_type":"fixed","tiered_pricing_fixed_rules":[],"tiered_pricing_product_settings":{"layout":"default","base_unit_name":{"singular":null,"plural":null},"default_variation":null},"tiered_pricing_minimum_quantity":1000,"tiered_pricing_roles_data":[],"tiered_pricing_percentage_rules":[],"tiered_pricing_maximum_quantity":null,"tiered_pricing_quantity_step":"10","_links":{"self":[{"href":"https:\/\/aiviouvapes.com\/cs\/wp-json\/wp\/v2\/product\/46815","targetHints":{"allow":["GET"]}}],"collection":[{"href":"https:\/\/aiviouvapes.com\/cs\/wp-json\/wp\/v2\/product"}],"about":[{"href":"https:\/\/aiviouvapes.com\/cs\/wp-json\/wp\/v2\/types\/product"}],"replies":[{"embeddable":true,"href":"https:\/\/aiviouvapes.com\/cs\/wp-json\/wp\/v2\/comments?post=46815"}],"wp:featuredmedia":[{"embeddable":true,"href":"https:\/\/aiviouvapes.com\/cs\/wp-json\/wp\/v2\/media\/46859"}],"wp:attachment":[{"href":"https:\/\/aiviouvapes.com\/cs\/wp-json\/wp\/v2\/media?parent=46815"}],"wp:term":[{"taxonomy":"product_brand","embeddable":true,"href":"https:\/\/aiviouvapes.com\/cs\/wp-json\/wp\/v2\/product_brand?post=46815"},{"taxonomy":"product_cat","embeddable":true,"href":"https:\/\/aiviouvapes.com\/cs\/wp-json\/wp\/v2\/product_cat?post=46815"},{"taxonomy":"product_tag","embeddable":true,"href":"https:\/\/aiviouvapes.com\/cs\/wp-json\/wp\/v2\/product_tag?post=46815"}],"curies":[{"name":"wp","href":"https:\/\/api.w.org\/{rel}","templated":true}]}}