{"id":42012,"date":"2025-07-04T10:11:35","date_gmt":"2025-07-04T02:11:35","guid":{"rendered":"https:\/\/aiviouvapes.com\/?post_type=product&#038;p=42012"},"modified":"2026-03-24T11:26:58","modified_gmt":"2026-03-24T03:26:58","slug":"mr-goodie-50k","status":"publish","type":"product","link":"https:\/\/aiviouvapes.com\/cs\/product\/mr-goodie-50k\/","title":{"rendered":"Mr.Goodie 50K | 50000 puffs nastaviteln\u00fd led p\u00e1rty zrcadlo displej jednor\u00e1zov\u00e9 vape"},"content":{"rendered":"<h3>\ud83d\ude80 Pro\u010d si vybrat Mr.Goodie 50K? \ud83c\udfaf<\/h3>\n<ul>\n<li>\ud83d\udca8 Masivn\u00ed v\u00fddr\u017e 50 000 v\u00fddech\u016f pro dlouhotrvaj\u00edc\u00ed pou\u017e\u00edv\u00e1n\u00ed<\/li>\n<li>\u2728 Elegantn\u00ed zrcadlo Full Abyss pro modern\u00ed vzhled<\/li>\n<li>\u2744\ufe0f t\u0159\u00edstup\u0148ov\u00e9 nastaven\u00ed ledu pro p\u0159izp\u016fsoben\u00ed ka\u017ed\u00e9ho v\u00fddechu<\/li>\n<li>\u26a1 Rychl\u00e9 nab\u00edjen\u00ed typu C, abyste byli st\u00e1le v provozu<\/li>\n<li>\ud83c\udf89 Re\u017eim Party Vibez pro jedine\u010dn\u00fd a z\u00e1bavn\u00fd z\u00e1\u017eitek<\/li>\n<li>\ud83d\udee2\ufe0f Vysokokapacitn\u00ed 40ml n\u00e1dr\u017e, kter\u00e1 v\u00e1s udr\u017e\u00ed v chodu<\/li>\n<li>\ud83d\udd25 Dvojit\u00e9 s\u00ed\u0165ov\u00e9 c\u00edvky pro konzistentn\u011b bohatou chu\u0165<\/li>\n<li>\ud83e\uddca Mo\u017enosti s\u00edly nikotinu 2% a 5% pro ka\u017edou preferenci<\/li>\n<li>\ud83d\udce6 Ide\u00e1ln\u00ed pro hromadn\u00fd n\u00e1kup a velkoobchodn\u00ed distribuci<\/li>\n<\/ul>\n<p>\ud83e\udd29 Pokud jste v\u00e1\u0161niv\u00fd vaper, milovn\u00edk p\u0159\u00edchut\u00ed nebo vape shop, kter\u00fd chce ohromit sv\u00e9 z\u00e1kazn\u00edky, Mr.Goodie 50K je pro v\u00e1s t\u00edm nejlep\u0161\u00edm \u0159e\u0161en\u00edm. Se sv\u00fdm n\u00e1padn\u00fdm zrcadlov\u00fdm displejem, obrovsk\u00fdm po\u010dtem potah\u016f a syst\u00e9mem nastaviteln\u00fdm ledem nov\u011b definuje, jak m\u016f\u017ee vypadat jednor\u00e1zov\u00fd vape. Z\u00e1sobte se je\u0161t\u011b dnes a umo\u017en\u011bte sv\u00fdm z\u00e1kazn\u00edk\u016fm vyzkou\u0161et si jednor\u00e1zov\u00fd vape, kter\u00fd je v\u0161echno, jen ne jednor\u00e1zov\u00fd.<\/p>\n<h2>\ud83c\udf89Mr.Goodie 50K: \ud83d\ude80 5050K: Ultra dlouh\u00fd vape p\u0159ipraven\u00fd na ve\u010d\u00edrky<\/h2>\n<p>\ud83d\udd25 Jste p\u0159ipraveni posunout sv\u016fj z\u00e1\u017eitek z vapingu na vy\u0161\u0161\u00ed \u00farove\u0148? P\u0159edstavujeme v\u00e1m <strong>Mr.Goodie 50K<\/strong>, funkcemi nabit\u00fd jednor\u00e1zov\u00fd vape ur\u010den\u00fd pro v\u00e1\u017en\u00e9 z\u00e1jemce o chut\u011b a B2B velkoodb\u011bratele. S obrovskou kapacitou 50 000 potah\u016f, ohromuj\u00edc\u00edm zrcadlov\u00fdm displejem Full Abyss a inovativn\u00edm t\u0159\u00ed\u00farov\u0148ov\u00fdm nastaven\u00edm ledu je to vape, kter\u00fd v\u00e1m zajist\u00ed dobrou n\u00e1ladu po cel\u00fd den i noc. A\u0165 u\u017e z\u00e1sobujete sv\u016fj vape shop, nebo hled\u00e1te v\u00fdstavn\u00ed vape na ve\u010d\u00edrky, Mr.Goodie 50K p\u0159in\u00e1\u0161\u00ed styl, v\u00fdkon a bezkonkuren\u010dn\u00ed pohodl\u00ed.<\/p>\n<h3>Specifikace<\/h3>\n<table>\n<tbody>\n<tr>\n<td>Kapacita puff\u016f<\/td>\n<td>A\u017e 50 000 vdech\u016f<\/td>\n<\/tr>\n<tr>\n<td>Kapacita e-liquidu<\/td>\n<td>40 ml<\/td>\n<\/tr>\n<tr>\n<td>Baterie<\/td>\n<td>900mAh, dob\u00edjec\u00ed typ C<\/td>\n<\/tr>\n<tr>\n<td>Typ c\u00edvky<\/td>\n<td>Dvojit\u00e9 s\u00ed\u0165ovan\u00e9 c\u00edvky<\/td>\n<\/tr>\n<tr>\n<td>Mo\u017enosti nikotinu<\/td>\n<td>2%, 5%<\/td>\n<\/tr>\n<tr>\n<td>Displej<\/td>\n<td>\u00dapln\u00e9 zobrazen\u00ed zrcadla Abyss<\/td>\n<\/tr>\n<tr>\n<td>Design<\/td>\n<td>Re\u017eim Party Vibez<\/td>\n<\/tr>\n<tr>\n<td>Kontrola ledu<\/td>\n<td>Nastaviteln\u00fd ve 3 \u00farovn\u00edch<\/td>\n<\/tr>\n<\/tbody>\n<\/table>\n<h3>Dostupn\u00e9 p\u0159\u00edchut\u011b<\/h3>\n<ul>\n<li>Jahodov\u00fd ml\u00e9\u010dn\u00fd koktejl<\/li>\n<li>Blue Razz<\/li>\n<li>Melounov\u00fd led<\/li>\n<li>Jable\u010dn\u00e1 sko\u0159ice<\/li>\n<li>Zelen\u00fd citronov\u00fd led<\/li>\n<li>Ananasov\u00fd led s mangem<\/li>\n<li>\u0160\u0165avnat\u00fd broskvov\u00fd led<\/li>\n<li>Vanilkov\u00e1 mu\u010denka<\/li>\n<li>Led z krvav\u00e9ho pomeran\u010de<\/li>\n<li>L\u00e1ska 66<\/li>\n<\/ul>\n<p><img data-recalc-dims=\"1\" loading=\"lazy\" decoding=\"async\" class=\"alignleft\" src=\"https:\/\/i0.wp.com\/static.24hvape.com\/wp-content\/uploads\/2025\/05\/30071414\/24h-vape-mr.goodie-50000-50k-puffs-flavor-list.jpg.webp?resize=1000%2C1000&#038;ssl=1\" alt=\",\" width=\"1000\" height=\"1000\" title=\"\"><\/p>","protected":false},"excerpt":{"rendered":"<p>Mr.Goodie 50K jednor\u00e1zov\u00fd vape: 50 000 potah\u016f, zrcadlov\u00fd displej, nastaviteln\u00fd led a v\u00fdrazn\u00e9 p\u0159\u00edchut\u011b - ide\u00e1ln\u00ed pro velkoobchody a vape shopy!<\/p>","protected":false},"featured_media":42013,"comment_status":"open","ping_status":"closed","template":"","meta":[],"product_brand":[258],"product_cat":[137,146,138,141,143,257],"product_tag":[],"class_list":{"0":"post-42012","1":"product","2":"type-product","3":"status-publish","4":"has-post-thumbnail","6":"product_brand-mr-goodie","7":"product_cat-disposable-vapes-in-germany","8":"product_cat-disposable-vapes-in-hungary","9":"product_cat-disposable-vapes-in-ltaly","10":"product_cat-disposable-vapes-in-poland","11":"product_cat-disposable-vapes-in-spain","12":"product_cat-mr-goodie","14":"first","15":"instock","16":"shipping-taxable","17":"purchasable","18":"product-type-variable","19":"has-default-attributes"},"jetpack_sharing_enabled":true,"tiered_pricing_type":"fixed","tiered_pricing_fixed_rules":[],"tiered_pricing_product_settings":{"layout":"default","base_unit_name":{"singular":null,"plural":null},"default_variation":null},"tiered_pricing_minimum_quantity":1000,"tiered_pricing_roles_data":[],"tiered_pricing_percentage_rules":[],"tiered_pricing_maximum_quantity":null,"tiered_pricing_quantity_step":"10","_links":{"self":[{"href":"https:\/\/aiviouvapes.com\/cs\/wp-json\/wp\/v2\/product\/42012","targetHints":{"allow":["GET"]}}],"collection":[{"href":"https:\/\/aiviouvapes.com\/cs\/wp-json\/wp\/v2\/product"}],"about":[{"href":"https:\/\/aiviouvapes.com\/cs\/wp-json\/wp\/v2\/types\/product"}],"replies":[{"embeddable":true,"href":"https:\/\/aiviouvapes.com\/cs\/wp-json\/wp\/v2\/comments?post=42012"}],"wp:featuredmedia":[{"embeddable":true,"href":"https:\/\/aiviouvapes.com\/cs\/wp-json\/wp\/v2\/media\/42013"}],"wp:attachment":[{"href":"https:\/\/aiviouvapes.com\/cs\/wp-json\/wp\/v2\/media?parent=42012"}],"wp:term":[{"taxonomy":"product_brand","embeddable":true,"href":"https:\/\/aiviouvapes.com\/cs\/wp-json\/wp\/v2\/product_brand?post=42012"},{"taxonomy":"product_cat","embeddable":true,"href":"https:\/\/aiviouvapes.com\/cs\/wp-json\/wp\/v2\/product_cat?post=42012"},{"taxonomy":"product_tag","embeddable":true,"href":"https:\/\/aiviouvapes.com\/cs\/wp-json\/wp\/v2\/product_tag?post=42012"}],"curies":[{"name":"wp","href":"https:\/\/api.w.org\/{rel}","templated":true}]}}