{"id":41901,"date":"2025-07-29T21:40:48","date_gmt":"2025-07-29T13:40:48","guid":{"rendered":"https:\/\/aiviouvapes.com\/?post_type=product&#038;p=41901"},"modified":"2026-03-16T15:44:40","modified_gmt":"2026-03-16T07:44:40","slug":"bang-de-60000","status":"publish","type":"product","link":"https:\/\/aiviouvapes.com\/cs\/product\/bang-de-60000\/","title":{"rendered":"Bang DE 60000 | 3 v 1 60k puffs triple flavor bulk jednor\u00e1zov\u00e9 vape"},"content":{"rendered":"<h2>\u2728 Pro\u010d si vybrat Bang DE 60000? \u2728<\/h2>\n<ul>\n<li><strong>Bezkonkuren\u010dn\u00ed po\u010det puf\u016f:<\/strong> S ohromuj\u00edc\u00ed kapacitou 60 000 \u0161luk\u016f je tento p\u0159\u00edstroj konstruov\u00e1n pro v\u00fddr\u017e a nab\u00edz\u00ed neuv\u011b\u0159itelnou hodnotu a dlouhou \u017eivotnost. Ide\u00e1ln\u00ed pro n\u00e1ro\u010dn\u00e9 u\u017eivatele a dlouhodobou spokojenost.<\/li>\n<li><strong>Revolu\u010dn\u00ed syst\u00e9m p\u0159\u00edchut\u00ed 3 v 1:<\/strong> Nikdy se nenud\u00edte! Okam\u017eit\u011b p\u0159ep\u00ednejte mezi dv\u011bma v\u00fdrazn\u00fdmi p\u0159\u00edchut\u011bmi nebo je kombinujte a z\u00edskejte jedine\u010dn\u00fd t\u0159et\u00ed profil. Je to jako m\u00edt t\u0159i vapov\u00e1n\u00ed v jednom.<\/li>\n<li><strong>\u00dapln\u00e1 kontrola u\u017eivatele:<\/strong> K\u0159i\u0161\u0165\u00e1lov\u011b \u010dist\u00fd digit\u00e1ln\u00ed displej zobrazuje zb\u00fdvaj\u00edc\u00ed energii a hladinu e-liquidu v re\u00e1ln\u00e9m \u010dase. U\u017e \u017e\u00e1dn\u00e9 h\u00e1d\u00e1n\u00ed - v\u017edy v\u00edte, kdy je \u010das dob\u00edt nebo doplnit z\u00e1soby.<\/li>\n<li><strong>Zaru\u010den\u00fd \u0161pi\u010dkov\u00fd v\u00fdkon:<\/strong> V\u00fdkonn\u00e1 dob\u00edjec\u00ed baterie s kapacitou 850 mAh a pokro\u010dil\u00e1 technologie dvou spir\u00e1lek zaji\u0161\u0165uj\u00ed, \u017ee ka\u017ed\u00e9 \u0161luknut\u00ed je hladk\u00e9, chutn\u00e9 a konzistentn\u00ed od prvn\u00edho do 60 000. \u0161luknut\u00ed.<\/li>\n<li><strong>Optimalizov\u00e1no pro podnik\u00e1n\u00ed:<\/strong> Bang DE 60000 nab\u00edz\u00ed \u0161irokou \u0161k\u00e1lu nikotinov\u00fdch sil a senza\u010dn\u00edch kombinac\u00ed chut\u00ed a je tak \u0161pi\u010dkov\u00fdm produktem pro vape shopy a velkoobchodn\u00ed distributory, kte\u0159\u00ed cht\u011bj\u00ed z\u00e1kazn\u00edk\u016fm nab\u00eddnout nejnov\u011bj\u0161\u00ed inovace v oblasti vapingu.<\/li>\n<\/ul>\n<p>Bang DE 60000 je dokonalou volbou pro milovn\u00edky chuti a v\u00fdkonn\u00e9 u\u017eivatele, kte\u0159\u00ed odm\u00edtaj\u00ed kompromisy. Pro majitele vape shop\u016f a B2B distributory je toto za\u0159\u00edzen\u00ed certifikovan\u00fdm bestsellerem, kter\u00fd nab\u00edz\u00ed \u0161pi\u010dkov\u00e9 funkce, obrovsk\u00fd po\u010det \u0161luk\u016f a inovativn\u00ed technologie, kter\u00e9 va\u0161i z\u00e1kazn\u00edci vyhled\u00e1vaj\u00ed. Z\u00e1sobte se za\u0159\u00edzen\u00edm Bang DE 60000 a dop\u0159ejte sv\u00fdm z\u00e1kazn\u00edk\u016fm v\u00fdkonn\u00fd a v\u0161estrann\u00fd z\u00e1\u017eitek z vapov\u00e1n\u00ed, kter\u00fd si zaslou\u017e\u00ed.<\/p>\n<h3>\ud83d\ude80 Spus\u0165te chu\u0165ovou revoluci! \ud83d\ude80<\/h3>\n<p>P\u0159ipravte se na prom\u011bnu sv\u00e9ho z\u00e1\u017eitku z vapingu s Bang DE 60000! Nen\u00ed to jen dal\u0161\u00ed jednor\u00e1zov\u00fd vape; je to maraton chuti a v\u00fdkonu zabalen\u00fd do jednoho elegantn\u00edho za\u0159\u00edzen\u00ed. S neuv\u011b\u0159itelnou kapacitou 60 000 potah\u016f a p\u0159evratn\u00fdm syst\u00e9mem p\u0159\u00edchut\u00ed 3 v 1 je Bang DE 60000 zkonstruov\u00e1n pro ty, kte\u0159\u00ed vy\u017eaduj\u00ed v\u00edce. Rozlu\u010dte se s no\u0161en\u00edm n\u011bkolika za\u0159\u00edzen\u00ed a p\u0159iv\u00edtejte nekone\u010dnou rozmanitost. M\u011bjte v\u0161e pod kontrolou d\u00edky inteligentn\u00edmu digit\u00e1ln\u00edmu displeji, kter\u00fd na prvn\u00ed pohled zobrazuje stav baterie a e-liquidu. Je \u010das vapovat chyt\u0159eji, ne tvrd\u011bji! \ud83d\udca8<\/p>\n<h3>\u2699\ufe0f Specifikace produktu \u2699\ufe0f<\/h3>\n<table>\n<tbody>\n<tr>\n<th>Funkce<\/th>\n<th>Detail<\/th>\n<\/tr>\n<tr>\n<td>Kapacita puff\u016f<\/td>\n<td>A\u017e 60 000 puf\u016f<\/td>\n<\/tr>\n<tr>\n<td>S\u00edla nikotinu<\/td>\n<td>0%, 2%, 3%, 5%<\/td>\n<\/tr>\n<tr>\n<td>Re\u017eim p\u0159\u00edchut\u011b<\/td>\n<td>3 v 1 (p\u0159\u00edchu\u0165 A \/ p\u0159\u00edchu\u0165 B \/ kombinovan\u00fd re\u017eim AB)<\/td>\n<\/tr>\n<tr>\n<td>Baterie<\/td>\n<td>850mAh dob\u00edjec\u00ed<\/td>\n<\/tr>\n<tr>\n<td>Nab\u00edjec\u00ed port<\/td>\n<td>Typ C<\/td>\n<\/tr>\n<tr>\n<td>Typ c\u00edvky<\/td>\n<td>Pokro\u010dil\u00e1 du\u00e1ln\u00ed c\u00edvka<\/td>\n<\/tr>\n<tr>\n<td>Chytr\u00e9 funkce<\/td>\n<td>Inteligentn\u00ed nap\u00e1jen\u00ed a digit\u00e1ln\u00ed indik\u00e1tor oleje<\/td>\n<\/tr>\n<\/tbody>\n<\/table>\n<h3>\ud83c\udf53 Trojkombinace chut\u00ed \ud83c\udf49<\/h3>\n<p>Ka\u017ed\u00e9 za\u0159\u00edzen\u00ed Bang DE 60000 je vybaveno dv\u011bma r\u016fzn\u00fdmi pr\u00e9miov\u00fdmi p\u0159\u00edchut\u011bmi. P\u0159ep\u00ednejte mezi p\u0159\u00edchut\u00ed A, p\u0159\u00edchut\u00ed B nebo uvoln\u011bte jedine\u010dnou f\u00fazi aktivac\u00ed obou sou\u010dasn\u011b (re\u017eim AB)!<\/p>\n<table>\n<tbody>\n<tr>\n<th>P\u0159\u00edchu\u0165 A<\/th>\n<th>P\u0159\u00edchu\u0165 B<\/th>\n<\/tr>\n<tr>\n<td>Melounov\u00fd led<\/td>\n<td>Bor\u016fvkov\u00e1 m\u00e1ta<\/td>\n<\/tr>\n<tr>\n<td>Melounov\u00fd led<\/td>\n<td>Bor\u016fvka t\u0159e\u0161e\u0148<\/td>\n<\/tr>\n<tr>\n<td>Bor\u016fvkov\u00fd led<\/td>\n<td>Broskvov\u00fd meloun Mango<\/td>\n<\/tr>\n<tr>\n<td>Bor\u016fvkov\u00fd led<\/td>\n<td>Broskvov\u00fd led<\/td>\n<\/tr>\n<tr>\n<td>Bor\u016fvka malina<\/td>\n<td>Sm\u00ed\u0161en\u00e9 bobule<\/td>\n<\/tr>\n<tr>\n<td>Bor\u016fvka malina<\/td>\n<td>Hroznov\u00fd led<\/td>\n<\/tr>\n<tr>\n<td>Red Bull<\/td>\n<td>Jahodov\u00fd ban\u00e1n<\/td>\n<\/tr>\n<tr>\n<td>Red Bull<\/td>\n<td>Bor\u016fvkov\u00fd meloun<\/td>\n<\/tr>\n<tr>\n<td>Jahodov\u00e9 mango<\/td>\n<td>Melounov\u00e1 \u017ev\u00fdka\u010dka<\/td>\n<\/tr>\n<tr>\n<td>Jahodov\u00e9 mango<\/td>\n<td>Jahodov\u00e9 kiwi<\/td>\n<\/tr>\n<tr>\n<td>Jahodov\u00fd meloun<\/td>\n<td>Ledov\u00fd \u010cern\u00fd Drak<\/td>\n<\/tr>\n<tr>\n<td>Jahodov\u00fd meloun<\/td>\n<td>Kiwi Mu\u010denka Ovoce Guava<\/td>\n<\/tr>\n<\/tbody>\n<\/table>\n<h3>\u2753 \u010casto kladen\u00e9 ot\u00e1zky\u2753<\/h3>\n<p><strong>Jak funguje syst\u00e9m p\u0159\u00edchut\u00ed 3 v 1?<\/strong><\/p>\n<p>Za\u0159\u00edzen\u00ed m\u00e1 jednoduch\u00fd p\u0159ep\u00edna\u010d, kter\u00fd umo\u017e\u0148uje zvolit p\u0159\u00edchu\u0165 A, p\u0159\u00edchu\u0165 B nebo re\u017eim \"AB\", kter\u00fd aktivuje ob\u011b chu\u0165ov\u00e9 komory sou\u010dasn\u011b prost\u0159ednictv\u00edm syst\u00e9mu dvou spir\u00e1lek a vytv\u00e1\u0159\u00ed zcela novou chu\u0165ovou f\u00fazi.<\/p>\n<p><strong>Lze Bang DE 60000 znovu naplnit?<\/strong><\/p>\n<p>Ne, Bang DE 60000 je jednor\u00e1zov\u00e9 za\u0159\u00edzen\u00ed ur\u010den\u00e9 pro pohodl\u00ed. Po vy\u010derp\u00e1n\u00ed e-liquidu jej pros\u00edm zodpov\u011bdn\u011b zlikvidujte. Baterie je v\u0161ak dob\u00edjec\u00ed prost\u0159ednictv\u00edm kabelu typu C, abyste si mohli vychutnat ka\u017ed\u00e9 posledn\u00ed \u0161luknut\u00ed.<\/p>\n<p><strong>Co ukazuj\u00ed digit\u00e1ln\u00ed indik\u00e1tory?<\/strong><\/p>\n<p>Chytr\u00e1 obrazovka m\u00e1 dva indik\u00e1tory: jeden pro zb\u00fdvaj\u00edc\u00ed procento baterie (indik\u00e1tor nap\u00e1jen\u00ed) a druh\u00fd pro zobrazen\u00ed zb\u00fdvaj\u00edc\u00edho mno\u017estv\u00ed e-liquidu v za\u0159\u00edzen\u00ed (digit\u00e1ln\u00ed indik\u00e1tor oleje).<\/p>\n<p><strong>Jak dlouho vydr\u017e\u00ed 850mAh baterie na jedno nabit\u00ed?<\/strong><\/p>\n<p>V\u00fddr\u017e baterie z\u00e1vis\u00ed na va\u0161ich zvyklostech, ale je navr\u017eena tak, aby mezi jednotliv\u00fdmi nabit\u00edmi vydr\u017eela zna\u010dn\u00fd po\u010det \u0161luk\u016f. Port typu C umo\u017e\u0148uje rychl\u00e9 a pohodln\u00e9 dob\u00edjen\u00ed.<\/p>","protected":false},"excerpt":{"rendered":"<p>Za\u017eijte budoucnost vapingu s Bang DE 60000, jednor\u00e1zov\u00fdm vapem 3 v 1, kter\u00fd nab\u00edz\u00ed 60 000 potah\u016f a technologii troj\u00ed p\u0159\u00edchuti. Ide\u00e1ln\u00ed pro velkoobchody, B2B a seri\u00f3zn\u00ed vapery.<\/p>","protected":false},"featured_media":41998,"comment_status":"open","ping_status":"closed","template":"","meta":[],"product_brand":[239],"product_cat":[37,280,137,146,138,141,143],"product_tag":[306,308,303,305,304,302],"class_list":{"0":"post-41901","1":"product","2":"type-product","3":"status-publish","4":"has-post-thumbnail","6":"product_brand-bang","7":"product_cat-bang","8":"product_cat-cheap-rechargeable-disposable-vapes","9":"product_cat-disposable-vapes-in-germany","10":"product_cat-disposable-vapes-in-hungary","11":"product_cat-disposable-vapes-in-ltaly","12":"product_cat-disposable-vapes-in-poland","13":"product_cat-disposable-vapes-in-spain","14":"product_tag-best-disposable-vapes","15":"product_tag-disposable-vape-in-europe","16":"product_tag-screen-vape","17":"product_tag-vape-suppliers","18":"product_tag-wholesale-vapes","19":"product_tag-wholesale-vapor","21":"first","22":"instock","23":"shipping-taxable","24":"purchasable","25":"product-type-variable","26":"has-default-attributes"},"jetpack_sharing_enabled":true,"tiered_pricing_type":"fixed","tiered_pricing_fixed_rules":{"2000":5.05999999999999960920149533194489777088165283203125},"tiered_pricing_product_settings":{"layout":"default","base_unit_name":{"singular":null,"plural":null},"default_variation":null},"tiered_pricing_minimum_quantity":1000,"tiered_pricing_roles_data":[],"tiered_pricing_percentage_rules":[],"tiered_pricing_maximum_quantity":null,"tiered_pricing_quantity_step":"10","_links":{"self":[{"href":"https:\/\/aiviouvapes.com\/cs\/wp-json\/wp\/v2\/product\/41901","targetHints":{"allow":["GET"]}}],"collection":[{"href":"https:\/\/aiviouvapes.com\/cs\/wp-json\/wp\/v2\/product"}],"about":[{"href":"https:\/\/aiviouvapes.com\/cs\/wp-json\/wp\/v2\/types\/product"}],"replies":[{"embeddable":true,"href":"https:\/\/aiviouvapes.com\/cs\/wp-json\/wp\/v2\/comments?post=41901"}],"wp:featuredmedia":[{"embeddable":true,"href":"https:\/\/aiviouvapes.com\/cs\/wp-json\/wp\/v2\/media\/41998"}],"wp:attachment":[{"href":"https:\/\/aiviouvapes.com\/cs\/wp-json\/wp\/v2\/media?parent=41901"}],"wp:term":[{"taxonomy":"product_brand","embeddable":true,"href":"https:\/\/aiviouvapes.com\/cs\/wp-json\/wp\/v2\/product_brand?post=41901"},{"taxonomy":"product_cat","embeddable":true,"href":"https:\/\/aiviouvapes.com\/cs\/wp-json\/wp\/v2\/product_cat?post=41901"},{"taxonomy":"product_tag","embeddable":true,"href":"https:\/\/aiviouvapes.com\/cs\/wp-json\/wp\/v2\/product_tag?post=41901"}],"curies":[{"name":"wp","href":"https:\/\/api.w.org\/{rel}","templated":true}]}}