{"id":41846,"date":"2025-07-04T09:51:19","date_gmt":"2025-07-04T01:51:19","guid":{"rendered":"https:\/\/aiviouvapes.com\/?post_type=product&#038;p=41846"},"modified":"2026-03-24T11:26:56","modified_gmt":"2026-03-24T03:26:56","slug":"bang-blaze-60k-shisha","status":"publish","type":"product","link":"https:\/\/aiviouvapes.com\/cs\/product\/bang-blaze-60k-shisha\/","title":{"rendered":"Bang Blaze 60K Shisha 60000 Puffs | dlouhotrvaj\u00edc\u00ed jednor\u00e1zov\u00fd vape na jedno pou\u017eit\u00ed"},"content":{"rendered":"<h3>Pro\u010d si vybrat Bang Blaze 60K Shisha?<\/h3>\n<ul>\n<li>\ud83d\ude80 Obrovsk\u00e1 kapacita 60 000 obl\u00e1\u010dk\u016f pro del\u0161\u00ed pou\u017eit\u00ed<\/li>\n<li>\ud83c\udf53 Sv\u011b\u017e\u00ed p\u0159\u00edchut\u011b pro nekone\u010dn\u00e9 kombinace chut\u00ed<\/li>\n<li>\u26a1 Dob\u00edjec\u00ed baterie 1000 mAh s rychl\u00fdm nab\u00edjen\u00edm typu C<\/li>\n<li>\ud83d\udd0d Chytr\u00fd LED displej pro snadn\u00e9 sledov\u00e1n\u00ed stavu baterie a \u0161\u0165\u00e1vy<\/li>\n<li>\ud83d\udc8e K\u0159i\u0161\u0165\u00e1lov\u011b pr\u016fhledn\u00e9 t\u011blo pro stylov\u00fd, pr\u00e9miov\u00fd vzhled<\/li>\n<li>\ud83c\udf2c\ufe0f Hladk\u00e9 a uspokojiv\u00e9 DTL (Direct-To-Lung) z\u00e1sahy s c\u00edvkou s oky 0,6\u03a9.<\/li>\n<li>\ud83d\udce6 Velkoobchodn\u00ed balen\u00ed pro snadnou distribuci<\/li>\n<\/ul>\n<p>The <strong>Bang Blaze 60K Shisha<\/strong> je ur\u010den pro n\u00e1ro\u010dn\u00e9 u\u017eivatele, milovn\u00edky chut\u00ed a vape podniky, kte\u0159\u00ed pot\u0159ebuj\u00ed v\u00fdkonn\u00fd a v\u0161estrann\u00fd jednor\u00e1zov\u00fd vape, kter\u00fd nikdy nezklame. A\u0165 u\u017e si d\u011bl\u00e1te z\u00e1soby pro sv\u016fj obchod, nebo hled\u00e1te hromadn\u011b pou\u017eiteln\u00e9 za\u0159\u00edzen\u00ed s neuv\u011b\u0159iteln\u00fdmi funkcemi, toto mistrovsk\u00e9 d\u00edlo inspirovan\u00e9 \u0161i\u0161kou poskytuje konzistentn\u00ed v\u00fdkon a bezkonkuren\u010dn\u00ed uspokojen\u00ed z chuti p\u0159i ka\u017ed\u00e9m pou\u017eit\u00ed.<\/p>\n<h2>\ud83d\udd25 P\u0159edstavujeme Bang Blaze 60K Shisha! \ud83d\udd25<\/h2>\n<p>\ud83d\udca8 Jste p\u0159ipraveni posunout sv\u016fj vaping ve stylu shisha na vy\u0161\u0161\u00ed \u00farove\u0148? Seznamte se s <strong>Bang Blaze 60K Shisha<\/strong> - \u0161pi\u010dkov\u00fd jednor\u00e1zov\u00fd vape s kapacitou 60 000 \u0161luk\u016f a v\u00fdkonnou 1000mAh dob\u00edjec\u00ed bateri\u00ed. A\u0165 u\u017e jste milovn\u00edci chuti, nebo n\u00e1ro\u010dn\u00ed vape\u0159i, tento k\u0159i\u0161\u0165\u00e1lov\u011b \u010dist\u00fd v\u00fdkonn\u00fd stroj s LED displejem v\u00e1m poka\u017ed\u00e9 zaru\u010d\u00ed v\u00fdraznou chu\u0165 a hladk\u00e9 mraky. Ide\u00e1ln\u00ed pro prodejce, velkoobchodn\u00edky a v\u0161echny, kte\u0159\u00ed si cht\u011bj\u00ed u\u017e\u00edt nejlep\u0161\u00ed vaping inspirovan\u00fd \u0161i\u0161kou na trhu!<\/p>\n<h3>Specifikace<\/h3>\n<table>\n<tbody>\n<tr>\n<th>Kapacita puff\u016f<\/th>\n<td>A\u017e 60 000 puf\u016f<\/td>\n<\/tr>\n<tr>\n<th>Kapacita e-liquidu<\/th>\n<td>40 ml<\/td>\n<\/tr>\n<tr>\n<th>Baterie<\/th>\n<td>1000mAh, dob\u00edjec\u00ed typ C<\/td>\n<\/tr>\n<tr>\n<th>Typ c\u00edvky<\/th>\n<td>0,6\u03a9 Mesh Coil<\/td>\n<\/tr>\n<tr>\n<th>Mo\u017enosti nikotinu<\/th>\n<td>0%, 2%, 3%, 5%<\/td>\n<\/tr>\n<tr>\n<th>Displej<\/th>\n<td>Chytr\u00e1 obrazovka LED<\/td>\n<\/tr>\n<tr>\n<th>Design<\/th>\n<td>K\u0159i\u0161\u0165\u00e1lov\u011b \u010dist\u00e9 t\u011blo<\/td>\n<\/tr>\n<tr>\n<th>Balen\u00ed<\/th>\n<td>8 ks\/balen\u00ed<\/td>\n<\/tr>\n<\/tbody>\n<\/table>\n<h3>Seznam p\u0159\u00edchut\u00ed<\/h3>\n<p>Sv\u011b\u017e\u00ed M\u00e1ta<br \/>\nDvojit\u00e9 jablko<br \/>\nJahodov\u00e9 kiwi<br \/>\nMeloun jahoda meloun<br \/>\nSm\u00ed\u0161en\u00e9 bobule<br \/>\nBrown Ale<br \/>\nT\u0159e\u0161\u0148ov\u00e1 m\u00e1ta<br \/>\nBroskvov\u00fd meloun Mango<br \/>\nBlue Razz<br \/>\nMu\u010denka<\/p>","protected":false},"excerpt":{"rendered":"<p>Bang Blaze 60K Shisha jednor\u00e1zov\u00fd vape poskytuje a\u017e 60 000 potah\u016f s dv\u011bma p\u0159\u00edchut\u011bmi, v\u00fdkonnou 1000mAh bateri\u00ed a 0,6\u03a9 mesh spir\u00e1lkou - ide\u00e1ln\u00ed pro n\u00e1ro\u010dn\u00e9 vapery, vape shopy a velkoobchody.<\/p>","protected":false},"featured_media":41847,"comment_status":"open","ping_status":"closed","template":"","meta":[],"product_brand":[239],"product_cat":[37,320,137,146,138,141,143],"product_tag":[],"class_list":{"0":"post-41846","1":"product","2":"type-product","3":"status-publish","4":"has-post-thumbnail","6":"product_brand-bang","7":"product_cat-bang","8":"product_cat-best-disposable-vapes","9":"product_cat-disposable-vapes-in-germany","10":"product_cat-disposable-vapes-in-hungary","11":"product_cat-disposable-vapes-in-ltaly","12":"product_cat-disposable-vapes-in-poland","13":"product_cat-disposable-vapes-in-spain","15":"first","16":"instock","17":"shipping-taxable","18":"purchasable","19":"product-type-variable","20":"has-default-attributes"},"jetpack_sharing_enabled":true,"tiered_pricing_type":"fixed","tiered_pricing_fixed_rules":{"30":9.3300000000000000710542735760100185871124267578125,"50":7.519999999999999573674358543939888477325439453125,"100":6.87000000000000010658141036401502788066864013671875,"200":6.61000000000000031974423109204508364200592041015625,"400":6.089999999999999857891452847979962825775146484375},"tiered_pricing_product_settings":{"layout":"default","base_unit_name":{"singular":null,"plural":null},"default_variation":null},"tiered_pricing_minimum_quantity":10,"tiered_pricing_roles_data":[],"tiered_pricing_percentage_rules":[],"tiered_pricing_maximum_quantity":null,"tiered_pricing_quantity_step":"10","_links":{"self":[{"href":"https:\/\/aiviouvapes.com\/cs\/wp-json\/wp\/v2\/product\/41846","targetHints":{"allow":["GET"]}}],"collection":[{"href":"https:\/\/aiviouvapes.com\/cs\/wp-json\/wp\/v2\/product"}],"about":[{"href":"https:\/\/aiviouvapes.com\/cs\/wp-json\/wp\/v2\/types\/product"}],"replies":[{"embeddable":true,"href":"https:\/\/aiviouvapes.com\/cs\/wp-json\/wp\/v2\/comments?post=41846"}],"wp:featuredmedia":[{"embeddable":true,"href":"https:\/\/aiviouvapes.com\/cs\/wp-json\/wp\/v2\/media\/41847"}],"wp:attachment":[{"href":"https:\/\/aiviouvapes.com\/cs\/wp-json\/wp\/v2\/media?parent=41846"}],"wp:term":[{"taxonomy":"product_brand","embeddable":true,"href":"https:\/\/aiviouvapes.com\/cs\/wp-json\/wp\/v2\/product_brand?post=41846"},{"taxonomy":"product_cat","embeddable":true,"href":"https:\/\/aiviouvapes.com\/cs\/wp-json\/wp\/v2\/product_cat?post=41846"},{"taxonomy":"product_tag","embeddable":true,"href":"https:\/\/aiviouvapes.com\/cs\/wp-json\/wp\/v2\/product_tag?post=41846"}],"curies":[{"name":"wp","href":"https:\/\/api.w.org\/{rel}","templated":true}]}}