{"id":41701,"date":"2025-07-04T10:01:55","date_gmt":"2025-07-04T02:01:55","guid":{"rendered":"https:\/\/aiviouvapes.com\/?post_type=product&#038;p=41701"},"modified":"2026-03-17T23:55:13","modified_gmt":"2026-03-17T15:55:13","slug":"randm-fumot-tornado-20k","status":"publish","type":"product","link":"https:\/\/aiviouvapes.com\/cs\/product\/randm-fumot-tornado-20k\/","title":{"rendered":"RandM Fumot Tornado 20K | 20000 puffs dual mesh bulk disposable vape"},"content":{"rendered":"<h2>Pro\u010d si vybrat RandM Fumot Tornado 20K?<\/h2>\n<ul>\n<li>\ud83d\udd25 Obrovsk\u00e1 kapacita 20 000 puf\u016f pro dlouhotrvaj\u00edc\u00ed v\u00fdkonnost<\/li>\n<li>\ud83c\udf6d Dvojit\u00e9 s\u00ed\u0165ov\u00e9 c\u00edvky pro bohat\u0161\u00ed a jemn\u011bj\u0161\u00ed chu\u0165<\/li>\n<li>\ud83d\udd0b 850mAh dob\u00edjec\u00ed baterie s Type-C pro rychl\u00e9 nab\u00edjen\u00ed<\/li>\n<li>\ud83c\udf08 K\u0159i\u0161\u0165\u00e1lov\u011b \u010dist\u00e9 t\u011blo s intuitivn\u00edm zobrazen\u00edm oleje a baterie<\/li>\n<li>\ud83d\udca8 Obrovsk\u00e1 n\u00e1dr\u017eka na 20 ml e-liquidu pro minimalizaci nutnosti dopl\u0148ov\u00e1n\u00ed<\/li>\n<li>\ud83c\udfaf 39 \u00fa\u017easn\u00fdch mo\u017enost\u00ed p\u0159\u00edchut\u00ed, kter\u00e9 vyhov\u00ed ka\u017ed\u00e9 chuti<\/li>\n<li>\ud83d\udce6 Vhodn\u00e9 pro velkoobchod - ide\u00e1ln\u00ed pro maloobchodn\u00edky a distributory<\/li>\n<\/ul>\n<p>RandM Fumot Tornado 20K je ur\u010den pro milovn\u00edky chuti, n\u00e1ro\u010dn\u00e9 u\u017eivatele a vape shopy, kte\u0159\u00ed hledaj\u00ed pr\u00e9miov\u00e9 jednor\u00e1zov\u00e9 \u0161luk\u00e1tko s maxim\u00e1ln\u00edm v\u00fdkonem. A\u0165 u\u017e vapujete sami, nebo z\u00e1sobujete sv\u00e9 reg\u00e1ly pro dychtiv\u00e9 z\u00e1kazn\u00edky, tento v\u00fdkonn\u00fd stroj poskytuje konzistentn\u00ed mraky, neuv\u011b\u0159itelnou chu\u0165 a p\u016fsobivou spolehlivost od za\u010d\u00e1tku do konce. Jste p\u0159ipraveni za\u00fato\u010dit na trh? Tornado 20K je va\u0161\u00ed nejlep\u0161\u00ed volbou pro dokonal\u00fd z\u00e1\u017eitek z jednor\u00e1zov\u00e9ho vapov\u00e1n\u00ed s dv\u011bma p\u0159\u00edchut\u011bmi.<\/p>\n<h3>\ud83d\ude80 RandM Fumot Tornado 20K: Rozpoutejte chu\u0165ovou bou\u0159i! \ud83c\udf2a\ufe0f<\/h3>\n<p>P\u0159ipravte se pozvednout svou vapingovou hru s RandM Fumot Tornado 20K! D\u00edky neuv\u011b\u0159iteln\u00fdm 20 000 potah\u016fm, v\u00fdkonn\u00fdm spir\u00e1lk\u00e1m s dvojitou s\u00ed\u0165kou a p\u016fsobiv\u00e9mu tanku na 20 ml e-liquidu je toto za\u0159\u00edzen\u00ed stvo\u0159eno pro hladkou a konzistentn\u00ed chu\u0165 od prvn\u00edho potahu a\u017e po ten posledn\u00ed. A\u0165 u\u017e tou\u017e\u00edte po uspokojiv\u00e9m \u0161luku, nebo po velkoobchodn\u00ed variant\u011b pro sv\u016fj vape byznys, Tornado 20K kombinuje vysok\u00fd v\u00fdkon s bezkonkuren\u010dn\u00edm v\u00fdb\u011brem p\u0159\u00edchut\u00ed, aby uspokojil ka\u017ed\u00e9ho z\u00e1kazn\u00edka.<\/p>\n<h3>Specifikace<\/h3>\n<table>\n<tbody>\n<tr>\n<th>Funkce<\/th>\n<th>Podrobnosti<\/th>\n<\/tr>\n<tr>\n<td>Kapacita puff\u016f<\/td>\n<td>A\u017e 20 000 puf\u016f<\/td>\n<\/tr>\n<tr>\n<td>Kapacita e-liquidu<\/td>\n<td>20 ml<\/td>\n<\/tr>\n<tr>\n<td>Baterie<\/td>\n<td>Dob\u00edjec\u00ed baterie 850 mAh (typ C)<\/td>\n<\/tr>\n<tr>\n<td>Typ c\u00edvky<\/td>\n<td>Dual Mesh C\u00edvka<\/td>\n<\/tr>\n<tr>\n<td>Mo\u017enosti nikotinu<\/td>\n<td>2%, 3%, 5%<\/td>\n<\/tr>\n<tr>\n<td>Displej<\/td>\n<td>Indik\u00e1tor oleje a baterie<\/td>\n<\/tr>\n<tr>\n<td>Design<\/td>\n<td>K\u0159i\u0161\u0165\u00e1lov\u011b \u010dist\u00e9 t\u011blo<\/td>\n<\/tr>\n<\/tbody>\n<\/table>\n<h3>Nejlep\u0161\u00ed p\u0159\u00edchut\u011b<\/h3>\n<p>Bor\u016fvkov\u00e9 malinov\u00e9 tvrd\u00e9 bonbony<\/p>\n<p>Blue Razz<\/p>\n<p>Jahodov\u00e9 kiwi<\/p>\n<p>Broskev Ananas Pomeran\u010d<\/p>\n<p>Ku\u017eelky<\/p>\n<p>Broskvov\u00fd meloun Mango<\/p>\n<p>Jahodov\u00e1 zmrzlina<\/p>\n<p>Pear Ice<\/p>\n<p>Cukrov\u00e1 vata<\/p>\n<p>\u017delatinov\u00e9 fazole<\/p>\n<p>Okurkov\u00e1 limon\u00e1da<\/p>\n<p>Pina Colada<\/p>\n<p>Huckleberry<\/p>\n<p>Melounov\u00fd led<\/p>\n<p>Jahodov\u00fd meloun<\/p>\n<p>Sm\u00ed\u0161en\u00e9 bobule<\/p>\n<p>Li\u010di meloun<\/p>\n<p>Cherry Lime<\/p>\n<p>Ananas citron jablko<\/p>\n<p>Ban\u00e1nov\u00fd dort<\/p>\n<p>Pan Modr\u00fd<\/p>\n<p>Cherry<\/p>\n<p>Cherry Cola<\/p>\n<p>Kiwi Mu\u010denka Ovoce Guava<\/p>\n<p>Jahodov\u00e1 zmrzlina<\/p>\n<p>Jahodov\u00e1 t\u0159e\u0161\u0148ov\u00e1 zmrzlina<\/p>\n<p>Cherry Berry<\/p>\n<p>Bor\u016fvkov\u00e1 kysel\u00e1 malina<\/p>\n<p>Peach Berry<\/p>\n<p>Gumov\u00fd medv\u00eddek Blue Razz<\/p>\n<p>Sv\u011b\u017e\u00ed M\u00e1ta<\/p>\n<p>Bor\u016fvkov\u00fd led<\/p>\n<p>Kaktusov\u00fd led<\/p>\n<p>\u010cerven\u00e9 hroznov\u00e9 v\u00edno Lime<\/p>\n<p>Cola Lemon<\/p>\n<p>Jablko s \u010dern\u00fdm ryb\u00edzem<\/p>\n<p>Kaktus kiwi<\/p>\n<p>Cola Led<\/p>","protected":false},"excerpt":{"rendered":"<p>Vyzkou\u0161ejte RandM Fumot Tornado 20K s 20 000 potahy, dvojit\u00fdmi s\u00ed\u0165ov\u00fdmi spir\u00e1lkami a v\u00fdrazn\u00fdmi p\u0159\u00edchut\u011bmi - stvo\u0159en\u00e9 pro milovn\u00edky vapingu.<\/p>","protected":false},"featured_media":41705,"comment_status":"open","ping_status":"closed","template":"","meta":[],"product_brand":[231],"product_cat":[35,137,146,138,141,143],"product_tag":[],"class_list":{"0":"post-41701","1":"product","2":"type-product","3":"status-publish","4":"has-post-thumbnail","6":"product_brand-randm","7":"product_cat-randm","8":"product_cat-disposable-vapes-in-germany","9":"product_cat-disposable-vapes-in-hungary","10":"product_cat-disposable-vapes-in-ltaly","11":"product_cat-disposable-vapes-in-poland","12":"product_cat-disposable-vapes-in-spain","14":"first","15":"instock","16":"shipping-taxable","17":"purchasable","18":"product-type-variable","19":"has-default-attributes"},"jetpack_sharing_enabled":true,"tiered_pricing_type":"fixed","tiered_pricing_fixed_rules":{"30":10.050000000000000710542735760100185871124267578125,"50":8.230000000000000426325641456060111522674560546875,"100":7.5800000000000000710542735760100185871124267578125,"200":7.19000000000000039079850466805510222911834716796875,"400":6.7400000000000002131628207280300557613372802734375},"tiered_pricing_product_settings":{"layout":"default","base_unit_name":{"singular":null,"plural":null},"default_variation":null},"tiered_pricing_minimum_quantity":10,"tiered_pricing_roles_data":[],"tiered_pricing_percentage_rules":[],"tiered_pricing_maximum_quantity":null,"tiered_pricing_quantity_step":"10","_links":{"self":[{"href":"https:\/\/aiviouvapes.com\/cs\/wp-json\/wp\/v2\/product\/41701","targetHints":{"allow":["GET"]}}],"collection":[{"href":"https:\/\/aiviouvapes.com\/cs\/wp-json\/wp\/v2\/product"}],"about":[{"href":"https:\/\/aiviouvapes.com\/cs\/wp-json\/wp\/v2\/types\/product"}],"replies":[{"embeddable":true,"href":"https:\/\/aiviouvapes.com\/cs\/wp-json\/wp\/v2\/comments?post=41701"}],"wp:featuredmedia":[{"embeddable":true,"href":"https:\/\/aiviouvapes.com\/cs\/wp-json\/wp\/v2\/media\/41705"}],"wp:attachment":[{"href":"https:\/\/aiviouvapes.com\/cs\/wp-json\/wp\/v2\/media?parent=41701"}],"wp:term":[{"taxonomy":"product_brand","embeddable":true,"href":"https:\/\/aiviouvapes.com\/cs\/wp-json\/wp\/v2\/product_brand?post=41701"},{"taxonomy":"product_cat","embeddable":true,"href":"https:\/\/aiviouvapes.com\/cs\/wp-json\/wp\/v2\/product_cat?post=41701"},{"taxonomy":"product_tag","embeddable":true,"href":"https:\/\/aiviouvapes.com\/cs\/wp-json\/wp\/v2\/product_tag?post=41701"}],"curies":[{"name":"wp","href":"https:\/\/api.w.org\/{rel}","templated":true}]}}