{"id":40311,"date":"2025-06-26T10:24:16","date_gmt":"2025-06-26T02:24:16","guid":{"rendered":"https:\/\/aiviouvapes.com\/?post_type=product&#038;p=40311"},"modified":"2026-04-17T13:00:48","modified_gmt":"2026-04-17T05:00:48","slug":"vozol-gear-shisha-25000","status":"publish","type":"product","link":"https:\/\/aiviouvapes.com\/cs\/product\/vozol-gear-shisha-25000\/","title":{"rendered":"Vozol GEAR SHISHA 25000 | 25k dual mode 25000 puffs, smart screen bulk disposable vape"},"content":{"rendered":"<p><img data-recalc-dims=\"1\" loading=\"lazy\" decoding=\"async\" class=\"alignnone\" src=\"https:\/\/i0.wp.com\/sleekvape.com\/cdn-cgi\/image\/width%3D1015%2Cheight%3D599%2Cfit%3Dcrop%2Cquality%3D90%2Cgravity%3Dauto%2Csharpen%3D1%2Cmetadata%3Dnone%2Cformat%3Dauto%2Conerror%3Dredirect\/wp-content\/uploads\/2025\/04\/vozol-%E6%98%AF%E5%95%A5.png?resize=1020%2C602&#038;ssl=1\" alt=\"Propaga\u010dn\u00ed obr\u00e1zek syst\u00e9mu VozoL Pod, kter\u00fd zd\u016fraz\u0148uje funkce, jako je prvn\u00ed audiointeraktivn\u00ed jednor\u00e1zov\u00e9 \u0161luk\u00e1tko DTL na sv\u011bt\u011b, robustn\u00ed baterie s kapacitou 1000 mAh, chytr\u00fd \u010dip od spole\u010dnosti Si.L.C Tech, dvojit\u00e1 s\u00ed\u0165ov\u00e1 spir\u00e1lka, nastaviteln\u00fd airflow, barevn\u00fd displej a re\u017eimy eco a power pro 25 000, resp. 18 000 potah\u016f.\" width=\"1020\" height=\"602\" title=\"\"><\/p>\n<h2>\ud83d\ude80 Vozol GEAR SHISHA 25000 - chytr\u00fd, v\u00fdkonn\u00fd a pln\u00fd chuti<\/h2>\n<p>\ud83d\udd25 P\u0159edstavujeme <strong>Vozol P\u0158EVODOVKA \u0160I\u0160AT\u00c1 25000<\/strong> - dokonal\u00fd jednor\u00e1zov\u00fd vape navr\u017een\u00fd pro seri\u00f3zn\u00ed vapery a chytr\u00e9 prodejce. S <strong>du\u00e1ln\u00ed re\u017eimy<\/strong> (ECO &amp; Power), \u017eiv\u00e1 <strong>2,1palcov\u00e1 barevn\u00e1 obrazovka<\/strong>a inteligentn\u00edm \u010dipem s podporou hlasu, tato vape nejen\u017ee funguje - ale tak\u00e9 mluv\u00ed va\u0161\u00edm jazykem. A\u0165 u\u017e se hon\u00edte za mraky, nebo si vychutn\u00e1v\u00e1te chu\u0165, tento v\u00fdkonn\u00fd p\u0159\u00edstroj to poka\u017ed\u00e9 dok\u00e1\u017ee. \ud83d\udca8<\/p>\n<h3>Specifikace<\/h3>\n<table>\n<tbody>\n<tr>\n<th>N\u00e1zev produktu<\/th>\n<td>Vozol P\u0158EVODOVKA \u0160I\u0160AT\u00c1 25000<\/td>\n<\/tr>\n<tr>\n<th>Kapacita puff\u016f<\/th>\n<td>25 000 (re\u017eim ECO) \/ 18 000 (re\u017eim Power)<\/td>\n<\/tr>\n<tr>\n<th>Kapacita e-liquidu<\/th>\n<td>25 ml<\/td>\n<\/tr>\n<tr>\n<th>Baterie<\/th>\n<td>1000 mAh (dob\u00edjec\u00ed, typ C)<\/td>\n<\/tr>\n<tr>\n<th>Typ c\u00edvky<\/th>\n<td>Dual Mesh C\u00edvka<\/td>\n<\/tr>\n<tr>\n<th>Mo\u017enosti nikotinu<\/th>\n<td>5%<\/td>\n<\/tr>\n<tr>\n<th>Displej<\/th>\n<td>2,1palcov\u00e1 barevn\u00e1 obrazovka Smart Screen<\/td>\n<\/tr>\n<tr>\n<th>Design<\/th>\n<td>Odoln\u00fd proti \u00faniku, interaktivn\u00ed zvuk, nastaviteln\u00fd pr\u016ftok vzduchu<\/td>\n<\/tr>\n<\/tbody>\n<\/table>\n<h3>Kombinace chut\u00ed<\/h3>\n<table>\n<tbody>\n<tr>\n<th>Komora A<\/th>\n<th>Komora B<\/th>\n<\/tr>\n<tr>\n<td>Dv\u011b jablka<\/td>\n<td>Melounov\u00fd led<\/td>\n<\/tr>\n<tr>\n<td>Mango Freeze<\/td>\n<td>Mango Broskev<\/td>\n<\/tr>\n<tr>\n<td>Bor\u016fvkov\u00fd led<\/td>\n<td>Parf\u00e9m Lemon<\/td>\n<\/tr>\n<tr>\n<td>Blue Razz Led<\/td>\n<td>Hroznov\u00fd led<\/td>\n<\/tr>\n<tr>\n<td>Jahodov\u00e9 kiwi<\/td>\n<td>Bor\u016fvkov\u00fd meloun<\/td>\n<\/tr>\n<tr>\n<td>Cherry Cola<\/td>\n<td>Modr\u00e9 mojito<\/td>\n<\/tr>\n<tr>\n<td>Love 777<\/td>\n<td>Moskevsk\u00e9 ve\u010dery<\/td>\n<\/tr>\n<tr>\n<td>Maiden Killer<\/td>\n<td>T\u0159e\u0161\u0148ov\u00fd led<\/td>\n<\/tr>\n<tr>\n<td>Broskvov\u00fd led<\/td>\n<td>Sladk\u00e1 mu\u010denka<\/td>\n<\/tr>\n<tr>\n<td>Mra\u017een\u00e9 jahodov\u00e9 kiwi<\/td>\n<td>Ovocn\u00e1 mu\u010denka Li\u010di Pomeran\u010d<\/td>\n<\/tr>\n<tr>\n<td colspan=\"2\">Dra\u010d\u00ed ovoce Ban\u00e1nov\u00e1 t\u0159e\u0161e\u0148<\/td>\n<\/tr>\n<\/tbody>\n<\/table>\n<h3>Pro\u010d si vybrat Vozol GEAR SHISHA 25000?<\/h3>\n<ul>\n<li>\ud83d\udd25 A\u017e 25 000 v\u00fddech\u016f v \u00fasporn\u00e9m re\u017eimu pro del\u0161\u00ed pou\u017e\u00edv\u00e1n\u00ed<\/li>\n<li>\ud83d\udca8 V\u00fdkonn\u00fd re\u017eim s intenzivn\u00edm v\u00fdparem pro pron\u00e1sledovatele mrak\u016f<\/li>\n<li>\ud83c\udfaf Dvojit\u00e1 s\u00ed\u0165ov\u00e1 c\u00edvka zaji\u0161\u0165uje bohat\u00e9 a konzistentn\u00ed pod\u00e1n\u00ed chuti<\/li>\n<li>\ud83d\udd0b 1000mAh baterie s rychl\u00fdm nab\u00edjen\u00edm typu C<\/li>\n<li>\ud83d\udcfa 2,1\u2033 chytr\u00e1 obrazovka zobrazuje po\u010det obl\u00e1\u010dk\u016f, re\u017eim a baterii<\/li>\n<li>\ud83c\udfa7 Interaktivn\u00ed zvukov\u00fd \u010dip poskytuje hlasovou zp\u011btnou vazbu v re\u00e1ln\u00e9m \u010dase<\/li>\n<li>\ud83c\udf2c\ufe0f Nastaviteln\u00fd pr\u016ftok vzduchu a dynamika tekutin v d\u00fdchac\u00edch cest\u00e1ch pro plynul\u00fd tah<\/li>\n<li>\ud83d\udeab Konstrukce odoln\u00e1 proti \u00faniku pro \u010dist\u00fd vaping bez nepo\u0159\u00e1dku<\/li>\n<li>\ud83c\udfa8 V\u00edce ne\u017e 21 v\u00fdrazn\u00fdch p\u0159\u00edchut\u00ed, kter\u00e9 uspokoj\u00ed ka\u017edou chu\u0165<\/li>\n<\/ul>\n<p>A\u0165 u\u017e jste nad\u0161enci do chut\u00ed, nakupujete ve velk\u00e9m, nebo provozujete vape shop, kter\u00fd vy\u017eaduje v\u00fdjime\u010dn\u00e9 produkty. <strong>Vozol P\u0158EVODOVKA \u0160I\u0160AT\u00c1 25000<\/strong> p\u0159in\u00e1\u0161\u00ed styl, technologie a v\u00fdkon v jednom kompaktn\u00edm za\u0159\u00edzen\u00ed. Je ur\u010den pro velkoobjemov\u00e9 u\u017eivatele a navr\u017een tak, aby zap\u016fsobil jak ve velkoobchodn\u00edm, tak v maloobchodn\u00edm prost\u0159ed\u00ed. \ud83d\udd04\ud83d\udcbc<\/p>","protected":false},"excerpt":{"rendered":"<p>Kupte si Vozol GEAR SHISHA 25000 - vysoce v\u00fdkonn\u00fd jednor\u00e1zov\u00fd vape s 25 000 potahy, dvojit\u00fdmi s\u00ed\u0165ov\u00fdmi spir\u00e1lkami, inteligentn\u00edm displejem a 21 mo\u017enostmi p\u0159\u00edchut\u00ed. Ide\u00e1ln\u00ed pro n\u00e1ro\u010dn\u00e9 u\u017eivatele a velkoodb\u011bratele.<\/p>","protected":false},"featured_media":39968,"comment_status":"open","ping_status":"closed","template":"","meta":[],"product_brand":[250],"product_cat":[249],"product_tag":[],"class_list":{"0":"post-40311","1":"product","2":"type-product","3":"status-publish","4":"has-post-thumbnail","6":"product_brand-vozol","7":"product_cat-vozol","9":"first","10":"instock","11":"shipping-taxable","12":"purchasable","13":"product-type-variable","14":"has-default-attributes"},"jetpack_sharing_enabled":true,"tiered_pricing_type":"fixed","tiered_pricing_fixed_rules":{"2000":6.71999999999999975131004248396493494510650634765625},"tiered_pricing_product_settings":{"layout":"default","base_unit_name":{"singular":null,"plural":null},"default_variation":null},"tiered_pricing_minimum_quantity":1000,"tiered_pricing_roles_data":[],"tiered_pricing_percentage_rules":[],"tiered_pricing_maximum_quantity":null,"tiered_pricing_quantity_step":"100","_links":{"self":[{"href":"https:\/\/aiviouvapes.com\/cs\/wp-json\/wp\/v2\/product\/40311","targetHints":{"allow":["GET"]}}],"collection":[{"href":"https:\/\/aiviouvapes.com\/cs\/wp-json\/wp\/v2\/product"}],"about":[{"href":"https:\/\/aiviouvapes.com\/cs\/wp-json\/wp\/v2\/types\/product"}],"replies":[{"embeddable":true,"href":"https:\/\/aiviouvapes.com\/cs\/wp-json\/wp\/v2\/comments?post=40311"}],"wp:featuredmedia":[{"embeddable":true,"href":"https:\/\/aiviouvapes.com\/cs\/wp-json\/wp\/v2\/media\/39968"}],"wp:attachment":[{"href":"https:\/\/aiviouvapes.com\/cs\/wp-json\/wp\/v2\/media?parent=40311"}],"wp:term":[{"taxonomy":"product_brand","embeddable":true,"href":"https:\/\/aiviouvapes.com\/cs\/wp-json\/wp\/v2\/product_brand?post=40311"},{"taxonomy":"product_cat","embeddable":true,"href":"https:\/\/aiviouvapes.com\/cs\/wp-json\/wp\/v2\/product_cat?post=40311"},{"taxonomy":"product_tag","embeddable":true,"href":"https:\/\/aiviouvapes.com\/cs\/wp-json\/wp\/v2\/product_tag?post=40311"}],"curies":[{"name":"wp","href":"https:\/\/api.w.org\/{rel}","templated":true}]}}