{"id":40000,"date":"2025-07-02T10:12:19","date_gmt":"2025-07-02T02:12:19","guid":{"rendered":"https:\/\/aiviouvapes.com\/?post_type=product&#038;p=40000"},"modified":"2026-04-17T13:00:44","modified_gmt":"2026-04-17T05:00:44","slug":"vozol-rave-40000-puffs","status":"publish","type":"product","link":"https:\/\/aiviouvapes.com\/cs\/product\/vozol-rave-40000-puffs\/","title":{"rendered":"Vozol Rave 40000 Puffs | dvoure\u017eimov\u00e1 jednor\u00e1zov\u00e1 vape na jedno pou\u017eit\u00ed"},"content":{"rendered":"<h3>\ud83c\udf1fPro\u010d si vybrat Vozol Rave 40000?<\/h3>\n<ul>\n<li>A\u017e 40 000 vdech\u016f pro del\u0161\u00ed spokojenost<\/li>\n<li>Dvojit\u00e1 s\u00ed\u0165ov\u00e1 c\u00edvka pro intenzivn\u00ed chu\u0165 a bohatou p\u00e1ru<\/li>\n<li>Sv\u011btla LED reaguj\u00edc\u00ed na hudbu pro z\u00e1bavnou a stylovou atmosf\u00e9ru<\/li>\n<li>Rychl\u00e9 nab\u00edjen\u00ed p\u0159es USB-C - 80% za pouh\u00fdch 20 minut<\/li>\n<li>Nastaven\u00ed proudu vzduchu pro vdech na m\u00edru<\/li>\n<li>20 neuv\u011b\u0159iteln\u00fdch chu\u0165ov\u00fdch kombinac\u00ed, kter\u00e9 uspokoj\u00ed ka\u017ed\u00fd jaz\u00fd\u010dek<\/li>\n<li>Kompaktn\u00ed a snadno p\u0159enosn\u00fd<\/li>\n<li>Ide\u00e1ln\u00ed pro n\u00e1ro\u010dn\u00e9 u\u017eivatele, milovn\u00edky chut\u00ed a prodejce vape p\u0159\u00edstroj\u016f<\/li>\n<\/ul>\n<p>A\u0165 u\u017e chcete vyniknout na maloobchodn\u00edch pultech, nebo se z\u00e1sobit pro velkoobchodn\u00ed z\u00e1kazn\u00edky. <strong>Vozol Rave 40000<\/strong> je zkonstruov\u00e1n tak, aby spl\u0148oval po\u017eadavky. Jeho velkokapacitn\u00ed design, pokro\u010dil\u00e9 funkce a bezkonkuren\u010dn\u00ed \u0161k\u00e1la p\u0159\u00edchut\u00ed z n\u011bj d\u011blaj\u00ed perfektn\u00ed volbu pro vape nad\u0161ence, milovn\u00edky p\u0159\u00edchut\u00ed a vape obchody, kter\u00e9 cht\u011bj\u00ed ohromit sv\u00e9 z\u00e1kazn\u00edky.<\/p>\n<h2>\ud83c\udf89 Seznamte se s Vozol Rave 40000 - va\u0161\u00edm dokonal\u00fdm jednor\u00e1zov\u00fdm vape! \ud83c\udf89<\/h2>\n<p>P\u0159ipravte se na to, \u017ee si s vapem <strong>Vozol Rave 40000<\/strong>! Je vybaven technologi\u00ed dvou s\u00ed\u0165ov\u00fdch c\u00edvek, z\u00e1\u0159ivou obrazovkou LED reaguj\u00edc\u00ed na hudbu a obrovsk\u00fdm mno\u017estv\u00edm energie. <strong>a\u017e 40 000 vdech\u016f<\/strong>, toto kompaktn\u00ed, ale v\u00fdkonn\u00e9 za\u0159\u00edzen\u00ed je ur\u010deno jak pro v\u00e1\u017en\u00e9 z\u00e1jemce o ochucov\u00e1n\u00ed, tak pro velkoobchodn\u00ed odb\u011bratele. Nastavte si airflow, p\u0159ep\u00ednejte re\u017eimy a u\u017e\u00edvejte si bleskurychl\u00e9 nab\u00edjen\u00ed typu C - to v\u0161e zabalen\u00e9 do stylov\u00e9ho, kapesn\u00edho designu, kter\u00fd poskytuje maxim\u00e1ln\u00ed v\u00fdkon bez jak\u00fdchkoli pot\u00ed\u017e\u00ed.<\/p>\n<h3>Specifikace<\/h3>\n<table>\n<tbody>\n<tr>\n<th>Funkce<\/th>\n<th>Podrobnosti<\/th>\n<\/tr>\n<tr>\n<td>Kapacita puff\u016f<\/td>\n<td>40 000 (norm\u00e1ln\u00ed) \/ 25 000 (extra siln\u00fd)<\/td>\n<\/tr>\n<tr>\n<td>Kapacita e-liquidu<\/td>\n<td>32 ml<\/td>\n<\/tr>\n<tr>\n<td>Baterie<\/td>\n<td>850 mAh, rychl\u00e9 nab\u00edjen\u00ed Type-C<\/td>\n<\/tr>\n<tr>\n<td>Typ c\u00edvky<\/td>\n<td>Dvojit\u00e1 s\u00ed\u0165ov\u00e1 c\u00edvka<\/td>\n<\/tr>\n<tr>\n<td>Mo\u017enosti nikotinu<\/td>\n<td>5%<\/td>\n<\/tr>\n<tr>\n<td>Displej<\/td>\n<td>LED obrazovka s hudebn\u00edmi sv\u011btly<\/td>\n<\/tr>\n<tr>\n<td>Design<\/td>\n<td>Kompaktn\u00ed, kapesn\u00ed<\/td>\n<\/tr>\n<\/tbody>\n<\/table>\n<h3>Kombinace chut\u00ed<\/h3>\n<table>\n<tbody>\n<tr>\n<th>Komora A<\/th>\n<th>Komora B<\/th>\n<\/tr>\n<tr>\n<td>Melounov\u00fd led<\/td>\n<td>Hroznov\u00fd led<\/td>\n<\/tr>\n<tr>\n<td>Mango Ice<\/td>\n<td>Jahodov\u00e1 zmrzlina<\/td>\n<\/tr>\n<tr>\n<td>Bor\u016fvkov\u00fd led<\/td>\n<td>Bor\u016fvkov\u00fd meloun<\/td>\n<\/tr>\n<tr>\n<td>Mango Broskev<\/td>\n<td>Jahodov\u00fd meloun<\/td>\n<\/tr>\n<tr>\n<td>Sv\u011b\u017e\u00ed M\u00e1ta<\/td>\n<td>Blue Razz Led<\/td>\n<\/tr>\n<tr>\n<td>Broskvov\u00fd led<\/td>\n<td>Jahodov\u00e9 mango<\/td>\n<\/tr>\n<tr>\n<td>Jahodov\u00e9 kiwi<\/td>\n<td>Dvojit\u00e9 jablko<\/td>\n<\/tr>\n<tr>\n<td>Melounov\u00e1 \u017ev\u00fdka\u010dka<\/td>\n<td>Strawmelon Peach<\/td>\n<\/tr>\n<tr>\n<td>Broskvovo-malinov\u00e1 limon\u00e1da<\/td>\n<td>Meloun Razz Rancher<\/td>\n<\/tr>\n<tr>\n<td>T\u0159e\u0161\u0148ov\u00e1 jahoda<\/td>\n<td>Love 777<\/td>\n<\/tr>\n<\/tbody>\n<\/table>","protected":false},"excerpt":{"rendered":"<p>Kupte si jednor\u00e1zov\u00fd vape Vozol Rave 40000 - a\u017e 40 000 potah\u016f, dv\u011b s\u00ed\u0165ov\u00e9 spir\u00e1lky, rychl\u00e9 nab\u00edjen\u00ed typu C a 20 \u00fa\u017easn\u00fdch p\u0159\u00edchut\u00ed pro vynikaj\u00edc\u00ed velkoobchodn\u00ed vapingov\u00fd z\u00e1\u017eitek.<\/p>","protected":false},"featured_media":42866,"comment_status":"open","ping_status":"closed","template":"","meta":[],"product_brand":[250],"product_cat":[249],"product_tag":[],"class_list":{"0":"post-40000","1":"product","2":"type-product","3":"status-publish","4":"has-post-thumbnail","6":"product_brand-vozol","7":"product_cat-vozol","9":"first","10":"instock","11":"shipping-taxable","12":"purchasable","13":"product-type-variable","14":"has-default-attributes"},"jetpack_sharing_enabled":true,"tiered_pricing_type":"fixed","tiered_pricing_fixed_rules":{"30":11.1500000000000003552713678800500929355621337890625,"50":9.07000000000000028421709430404007434844970703125,"100":8.6899999999999995026200849679298698902130126953125,"200":8.589999999999999857891452847979962825775146484375,"400":8.1699999999999999289457264239899814128875732421875},"tiered_pricing_product_settings":{"layout":"default","base_unit_name":{"singular":null,"plural":null},"default_variation":null},"tiered_pricing_minimum_quantity":10,"tiered_pricing_roles_data":[],"tiered_pricing_percentage_rules":[],"tiered_pricing_maximum_quantity":null,"tiered_pricing_quantity_step":"10","_links":{"self":[{"href":"https:\/\/aiviouvapes.com\/cs\/wp-json\/wp\/v2\/product\/40000","targetHints":{"allow":["GET"]}}],"collection":[{"href":"https:\/\/aiviouvapes.com\/cs\/wp-json\/wp\/v2\/product"}],"about":[{"href":"https:\/\/aiviouvapes.com\/cs\/wp-json\/wp\/v2\/types\/product"}],"replies":[{"embeddable":true,"href":"https:\/\/aiviouvapes.com\/cs\/wp-json\/wp\/v2\/comments?post=40000"}],"wp:featuredmedia":[{"embeddable":true,"href":"https:\/\/aiviouvapes.com\/cs\/wp-json\/wp\/v2\/media\/42866"}],"wp:attachment":[{"href":"https:\/\/aiviouvapes.com\/cs\/wp-json\/wp\/v2\/media?parent=40000"}],"wp:term":[{"taxonomy":"product_brand","embeddable":true,"href":"https:\/\/aiviouvapes.com\/cs\/wp-json\/wp\/v2\/product_brand?post=40000"},{"taxonomy":"product_cat","embeddable":true,"href":"https:\/\/aiviouvapes.com\/cs\/wp-json\/wp\/v2\/product_cat?post=40000"},{"taxonomy":"product_tag","embeddable":true,"href":"https:\/\/aiviouvapes.com\/cs\/wp-json\/wp\/v2\/product_tag?post=40000"}],"curies":[{"name":"wp","href":"https:\/\/api.w.org\/{rel}","templated":true}]}}