{"id":39912,"date":"2025-06-24T16:09:54","date_gmt":"2025-06-24T08:09:54","guid":{"rendered":"https:\/\/aiviouvapes.com\/?post_type=product&#038;p=39912"},"modified":"2026-03-24T11:26:14","modified_gmt":"2026-03-24T03:26:14","slug":"uwin-crystal-twins-40k","status":"publish","type":"product","link":"https:\/\/aiviouvapes.com\/cs\/product\/uwin-crystal-twins-40k\/","title":{"rendered":"Uwin Crystal Twins 40K | du\u00e1ln\u00ed p\u0159\u00edchu\u0165 40000 puff\u016f, s\u00ed\u0165ov\u00e1 c\u00edvka pro jednor\u00e1zov\u00e9 vapov\u00e1n\u00ed"},"content":{"rendered":"<p><img data-recalc-dims=\"1\" loading=\"lazy\" decoding=\"async\" class=\"aligncenter wp-image-40419 size-full\" src=\"https:\/\/i0.wp.com\/aiviouvapes.com\/wp-content\/uploads\/2025\/06\/%E6%B5%B7%E6%8A%A5%E6%A8%AA%E5%B9%85.jpg?resize=1020%2C510&#038;ssl=1\" alt=\",\" width=\"1020\" height=\"510\" title=\"\" srcset=\"https:\/\/i0.wp.com\/aiviouvapes.com\/wp-content\/uploads\/2025\/06\/%E6%B5%B7%E6%8A%A5%E6%A8%AA%E5%B9%85.jpg?w=1920&amp;ssl=1 1920w, https:\/\/i0.wp.com\/aiviouvapes.com\/wp-content\/uploads\/2025\/06\/%E6%B5%B7%E6%8A%A5%E6%A8%AA%E5%B9%85.jpg?resize=300%2C150&amp;ssl=1 300w, https:\/\/i0.wp.com\/aiviouvapes.com\/wp-content\/uploads\/2025\/06\/%E6%B5%B7%E6%8A%A5%E6%A8%AA%E5%B9%85.jpg?resize=1024%2C512&amp;ssl=1 1024w, https:\/\/i0.wp.com\/aiviouvapes.com\/wp-content\/uploads\/2025\/06\/%E6%B5%B7%E6%8A%A5%E6%A8%AA%E5%B9%85.jpg?resize=768%2C384&amp;ssl=1 768w, https:\/\/i0.wp.com\/aiviouvapes.com\/wp-content\/uploads\/2025\/06\/%E6%B5%B7%E6%8A%A5%E6%A8%AA%E5%B9%85.jpg?resize=1536%2C768&amp;ssl=1 1536w, https:\/\/i0.wp.com\/aiviouvapes.com\/wp-content\/uploads\/2025\/06\/%E6%B5%B7%E6%8A%A5%E6%A8%AA%E5%B9%85.jpg?resize=18%2C9&amp;ssl=1 18w, https:\/\/i0.wp.com\/aiviouvapes.com\/wp-content\/uploads\/2025\/06\/%E6%B5%B7%E6%8A%A5%E6%A8%AA%E5%B9%85.jpg?resize=1320%2C660&amp;ssl=1 1320w, https:\/\/i0.wp.com\/aiviouvapes.com\/wp-content\/uploads\/2025\/06\/%E6%B5%B7%E6%8A%A5%E6%A8%AA%E5%B9%85.jpg?resize=800%2C400&amp;ssl=1 800w\" sizes=\"auto, (max-width: 1020px) 100vw, 1020px\" \/><\/p>\n<h2>\ud83d\udd25 Uwin Crystal Twins 40k - Dvojit\u00e1 p\u0159\u00edchu\u0165, masivn\u00ed pufy<\/h2>\n<p>The <strong>Uwin Crystal Twins 40k<\/strong> posouv\u00e1 jednor\u00e1zov\u00fd vaping na vy\u0161\u0161\u00ed \u00farove\u0148 d\u00edky stylov\u00e9mu k\u0159i\u0161\u0165\u00e1lov\u011b \u010dist\u00e9mu designu, nastaven\u00ed dvou p\u0159\u00edchut\u00ed a pokro\u010dil\u00e9 technologii. A\u0165 u\u017e jste milovn\u00edci mrak\u016f, nebo milovn\u00edci chut\u00ed, tato vapka poskytuje a\u017e <strong>40 000 \u0161luk\u016f<\/strong>, a <strong>chytr\u00fd displej<\/strong>a p\u0159izp\u016fsobiteln\u00e9 <strong>s\u00edla nikotinu<\/strong> v rozmez\u00ed od <strong>0% a\u017e 5%<\/strong>, tak\u017ee je ide\u00e1ln\u00ed pro ka\u017ed\u00e9ho u\u017eivatele.<\/p>\n<p>Nen\u00ed t\u0159eba d\u011blat kompromisy -<strong>z\u00edskejte dv\u011b \u00fa\u017easn\u00e9 p\u0159\u00edchut\u011b v jednom za\u0159\u00edzen\u00ed<\/strong>, ve spojen\u00ed s <strong>s\u00ed\u0165ov\u00e1 c\u00edvka pro bohat\u00e9, hladk\u00e9 z\u00e1sahy<\/strong> poka\u017ed\u00e9.<\/p>\n<h3>\ud83d\udd27 <strong>Specifikace<\/strong><\/h3>\n<table>\n<thead>\n<tr>\n<th>Funkce<\/th>\n<th>Podrobnosti<\/th>\n<\/tr>\n<\/thead>\n<tbody>\n<tr>\n<td><strong>Kapacita puff\u016f<\/strong><\/td>\n<td>A\u017e 40 000 vdech\u016f<\/td>\n<\/tr>\n<tr>\n<td><strong>Kapacita e-liquidu<\/strong><\/td>\n<td>32 ml<\/td>\n<\/tr>\n<tr>\n<td><strong>S\u00edla nikotinu<\/strong><\/td>\n<td>0%, 2%, 3%, 5%<\/td>\n<\/tr>\n<tr>\n<td><strong>Baterie<\/strong><\/td>\n<td>850mAh, dob\u00edjec\u00ed typ C<\/td>\n<\/tr>\n<tr>\n<td><strong>Typ c\u00edvky<\/strong><\/td>\n<td>Pokro\u010dil\u00e1 c\u00edvka 0,6\u03a9 Mesh<\/td>\n<\/tr>\n<tr>\n<td><strong>Displej<\/strong><\/td>\n<td>Chytr\u00e1 obrazovka (baterie a e-liquid)<\/td>\n<\/tr>\n<tr>\n<td><strong>Design<\/strong><\/td>\n<td>Elegantn\u00ed k\u0159i\u0161\u0165\u00e1lov\u011b pr\u016fhledn\u00e9 t\u011blo<\/td>\n<\/tr>\n<\/tbody>\n<\/table>\n<h3>\ud83c\udf08 <strong>Kombinace p\u0159\u00edchut\u00ed - dvoukomorov\u00e1 odr\u016fda<\/strong><\/h3>\n<table>\n<thead>\n<tr>\n<th>Komora A<\/th>\n<th>Komora B<\/th>\n<\/tr>\n<\/thead>\n<tbody>\n<tr>\n<td>Bor\u016fvka na ledu<\/td>\n<td>Letn\u00ed broskvov\u00fd led<\/td>\n<\/tr>\n<tr>\n<td>Kiwi Mu\u010denka Ovoce Guava<\/td>\n<td>Bor\u016fvka malina<\/td>\n<\/tr>\n<tr>\n<td>Jahodov\u00e9 kiwi<\/td>\n<td>Hroznov\u00fd led<\/td>\n<\/tr>\n<tr>\n<td>Kiwi Mu\u010denka Ovoce Guava<\/td>\n<td>Dv\u011b jablka<\/td>\n<\/tr>\n<tr>\n<td>Jahodov\u00fd meloun<\/td>\n<td>Citron Limetka<\/td>\n<\/tr>\n<tr>\n<td>Bor\u016fvka malina<\/td>\n<td>T\u0159e\u0161\u0148ov\u00fd led<\/td>\n<\/tr>\n<tr>\n<td>Jahoda malina t\u0159e\u0161e\u0148<\/td>\n<td>Pan Modr\u00fd<\/td>\n<\/tr>\n<tr>\n<td>Broskev Mango Ananas<\/td>\n<td>Red Bull<\/td>\n<\/tr>\n<tr>\n<td>Melounov\u00fd led<\/td>\n<td>Sm\u00ed\u0161en\u00e9 bobule<\/td>\n<\/tr>\n<tr>\n<td>Jahodov\u00fd ban\u00e1n<\/td>\n<td>L\u00e1ska 66<\/td>\n<\/tr>\n<tr>\n<td>Dra\u010d\u00ed ovoce Ban\u00e1nov\u00e1 t\u0159e\u0161e\u0148<\/td>\n<td>R\u016f\u017eov\u00e1 limon\u00e1da<\/td>\n<\/tr>\n<tr>\n<td>Broskvov\u00e9 mango<\/td>\n<td>Cherry Cola<\/td>\n<\/tr>\n<tr>\n<td>Jahodov\u00e1 zmrzlina<\/td>\n<td>Mango na ledu<\/td>\n<\/tr>\n<tr>\n<td>Blue Razz Led<\/td>\n<td>Led z dra\u010d\u00edho ovoce<\/td>\n<\/tr>\n<tr>\n<td>Jahodov\u00fd Red Bull<\/td>\n<td>T\u0159e\u0161\u0148ov\u00fd led<\/td>\n<\/tr>\n<\/tbody>\n<\/table>\n<h3>\ud83d\udca1 Pro\u010d si vybrat Uwin Crystal Twins 40k?<\/h3>\n<ul>\n<li><strong>Lusky s dvojitou p\u0159\u00edchut\u00ed<\/strong> umo\u017e\u0148uj\u00ed snadno m\u011bnit p\u0159\u00edchut\u011b.<\/li>\n<li><strong>Nulov\u00e1 mo\u017enost<\/strong> k dispozici pro po\u017eitek bez nikotinu.<\/li>\n<li><strong>Rychl\u00e9 nab\u00edjen\u00ed typu C<\/strong> znamen\u00e1 m\u00e9n\u011b prostoj\u016f a v\u00edce vapov\u00e1n\u00ed.<\/li>\n<li><strong>Technologie c\u00edvek Mesh<\/strong> poskytuje \u010distou, konzistentn\u00ed chu\u0165 a p\u00e1ru.<\/li>\n<li><strong>Chytr\u00fd displej<\/strong> v\u00e1s informuje - u\u017e \u017e\u00e1dn\u00e9 dohady.<\/li>\n<li><strong>K\u0159i\u0161\u0165\u00e1lov\u011b \u010dist\u00fd design<\/strong> dod\u00e1 va\u0161\u00ed vapce prvot\u0159\u00eddn\u00ed, modern\u00ed vzhled.<\/li>\n<\/ul>\n<p>Uwin Crystal Twins 40k je ide\u00e1ln\u00ed pro n\u00e1ro\u010dn\u00e9 u\u017eivatele, objevitele p\u0159\u00edchut\u00ed a majitele vape shop\u016f, je to v\u00e1\u0161 nov\u00fd jednor\u00e1zov\u00fd v\u00fdkonn\u00fd stroj typu \"v\u0161e v jednom\" - ide\u00e1ln\u00ed pro hromadn\u00e9 objedn\u00e1vky a velkoobchodn\u00ed distribuci.<\/p>","protected":false},"excerpt":{"rendered":"<p data-start=\"212\" data-end=\"391\">Vape Uwin Crystal Twins 40000 puff\u016f nab\u00edz\u00ed dv\u011b p\u0159\u00edchut\u011b, mo\u017enosti nikotinu 0-5%, 32 ml e-liquidu, dob\u00edjec\u00ed baterii 850 mAh, s\u00ed\u0165ovou spir\u00e1lku a chytr\u00fd displej v elegantn\u00edm k\u0159i\u0161\u0165\u00e1lov\u00e9m designu.<\/p>","protected":false},"featured_media":39913,"comment_status":"open","ping_status":"closed","template":"","meta":[],"product_brand":[247],"product_cat":[224],"product_tag":[],"class_list":{"0":"post-39912","1":"product","2":"type-product","3":"status-publish","4":"has-post-thumbnail","6":"product_brand-uwin","7":"product_cat-uwin","9":"first","10":"instock","11":"shipping-taxable","12":"purchasable","13":"product-type-variable","14":"has-default-attributes"},"jetpack_sharing_enabled":true,"tiered_pricing_type":"fixed","tiered_pricing_fixed_rules":{"30":7.96999999999999975131004248396493494510650634765625,"50":6.519999999999999573674358543939888477325439453125,"100":6.2599999999999997868371792719699442386627197265625,"200":5.87000000000000010658141036401502788066864013671875,"400":5.29000000000000003552713678800500929355621337890625},"tiered_pricing_product_settings":{"layout":"default","base_unit_name":{"singular":null,"plural":null},"default_variation":null},"tiered_pricing_minimum_quantity":10,"tiered_pricing_roles_data":[],"tiered_pricing_percentage_rules":[],"tiered_pricing_maximum_quantity":null,"tiered_pricing_quantity_step":"10","_links":{"self":[{"href":"https:\/\/aiviouvapes.com\/cs\/wp-json\/wp\/v2\/product\/39912","targetHints":{"allow":["GET"]}}],"collection":[{"href":"https:\/\/aiviouvapes.com\/cs\/wp-json\/wp\/v2\/product"}],"about":[{"href":"https:\/\/aiviouvapes.com\/cs\/wp-json\/wp\/v2\/types\/product"}],"replies":[{"embeddable":true,"href":"https:\/\/aiviouvapes.com\/cs\/wp-json\/wp\/v2\/comments?post=39912"}],"wp:featuredmedia":[{"embeddable":true,"href":"https:\/\/aiviouvapes.com\/cs\/wp-json\/wp\/v2\/media\/39913"}],"wp:attachment":[{"href":"https:\/\/aiviouvapes.com\/cs\/wp-json\/wp\/v2\/media?parent=39912"}],"wp:term":[{"taxonomy":"product_brand","embeddable":true,"href":"https:\/\/aiviouvapes.com\/cs\/wp-json\/wp\/v2\/product_brand?post=39912"},{"taxonomy":"product_cat","embeddable":true,"href":"https:\/\/aiviouvapes.com\/cs\/wp-json\/wp\/v2\/product_cat?post=39912"},{"taxonomy":"product_tag","embeddable":true,"href":"https:\/\/aiviouvapes.com\/cs\/wp-json\/wp\/v2\/product_tag?post=39912"}],"curies":[{"name":"wp","href":"https:\/\/api.w.org\/{rel}","templated":true}]}}