{"id":39519,"date":"2025-07-02T10:01:48","date_gmt":"2025-07-02T02:01:48","guid":{"rendered":"https:\/\/aiviouvapes.com\/?post_type=product&#038;p=39519"},"modified":"2026-03-24T11:26:30","modified_gmt":"2026-03-24T03:26:30","slug":"mrvi-twins-32k","status":"publish","type":"product","link":"https:\/\/aiviouvapes.com\/cs\/product\/mrvi-twins-32k\/","title":{"rendered":"MRVI Twins 32K 2 v 1 32000 Puffs | dvojit\u00e1 p\u0159\u00edchu\u0165 hromadn\u00e9 jednor\u00e1zov\u00e9 vape"},"content":{"rendered":"<p><!-- Short SEO Description --><\/p>\n<h3>Pro\u010d si vybrat MRVI Twins 32000?<\/h3>\n<ul>\n<li>\u2705 Dvojit\u00e9 chu\u0165ov\u00e9 komory pro nekone\u010dnou rozmanitost<\/li>\n<li>\u2705 Masivn\u00ed 32 000 v\u00fddech\u016f pro dlouhotrvaj\u00edc\u00ed pou\u017e\u00edv\u00e1n\u00ed<\/li>\n<li>\u2705 Kapacita 40 ml e-liquidu pro minimalizaci dopl\u0148ov\u00e1n\u00ed<\/li>\n<li>\u2705 Rychl\u00e9 nab\u00edjen\u00ed typu C pro snadn\u00e9 dopl\u0148ov\u00e1n\u00ed energie<\/li>\n<li>\u2705 K\u0159i\u0161\u0165\u00e1lov\u011b \u010dist\u00fd design s inteligentn\u00ed obrazovkou pro styl a pohodl\u00ed<\/li>\n<li>\u2705 Dvojit\u00e1 s\u00ed\u0165ov\u00e1 c\u00edvka zaji\u0161\u0165uje mimo\u0159\u00e1dn\u011b hladk\u00e9 a konzistentn\u00ed z\u00e1sahy<\/li>\n<li>\u2705 Skv\u011bl\u00e9 pro osobn\u00ed pou\u017eit\u00ed, vape shop nebo velkoobchodn\u00ed distribuci<\/li>\n<\/ul>\n<p>The <strong>MRVI Dvoj\u010data 32000<\/strong> je \u0161it\u00fd na m\u00edru n\u00e1ro\u010dn\u00fdm u\u017eivatel\u016fm, milovn\u00edk\u016fm chut\u00ed a distributor\u016fm vapingu, kte\u0159\u00ed vy\u017eaduj\u00ed to nejlep\u0161\u00ed. A\u0165 u\u017e z\u00e1sobujete obchod, nebo uspokojujete sv\u00e9 vlastn\u00ed chut\u011b, tento v\u00fdkonn\u00fd p\u0159\u00edstroj se dv\u011bma p\u0159\u00edchut\u011bmi p\u0159in\u00e1\u0161\u00ed bezkonkuren\u010dn\u00ed chu\u0165, produkci mrak\u016f a hodnotu v jednom elegantn\u00edm, k\u0159i\u0161\u0165\u00e1lov\u011b \u010dist\u00e9m za\u0159\u00edzen\u00ed. \ud83d\udd25<\/p>\n<p><!-- Long-Form Product Description --><\/p>\n<h2>\ud83d\ude80 Seznamte se s MRVI Twins 32000: Dvakr\u00e1t v\u00edce chuti, dvakr\u00e1t v\u00edce z\u00e1bavy! \ud83c\udf1f<\/h2>\n<p>Pokud jste p\u0159ipraveni vylep\u0161it svou vapingovou hru, je tu pro v\u00e1s <strong>MRVI Dvoj\u010data 32000<\/strong> je v\u00e1\u0161 nov\u00fd nejlep\u0161\u00ed p\u0159\u00edtel. U\u017eijte si masivn\u00ed <strong>32 000 vdech\u016f<\/strong> a <strong>40 ml<\/strong> chutn\u00e9ho e-liquidu s hladkou spir\u00e1lkou s dvojitou m\u0159\u00ed\u017ekou pro v\u017edy dokonal\u00e9 potahy. Toto za\u0159\u00edzen\u00ed je navr\u017eeno v elegantn\u00edm k\u0159i\u0161\u0165\u00e1lov\u011b \u010dist\u00e9m stylu, se snadn\u00fdm nab\u00edjen\u00edm Type-C a intuitivn\u00edm chytr\u00fdm displejem, a je tak ide\u00e1ln\u00ed pro milovn\u00edky chuti i n\u00e1ro\u010dn\u00e9 u\u017eivatele. D\u00edky dvojit\u00fdm chu\u0165ov\u00fdm komor\u00e1m v ka\u017ed\u00e9m p\u0159\u00edstroji se u\u017e nikdy nebudete p\u0159i vapov\u00e1n\u00ed nudit! \ud83d\ude0d<\/p>\n<h3>Specifikace<\/h3>\n<table>\n<tbody>\n<tr>\n<th>Funkce<\/th>\n<th>Podrobnosti<\/th>\n<\/tr>\n<tr>\n<td>Kapacita puff\u016f<\/td>\n<td>32 000 vdech\u016f<\/td>\n<\/tr>\n<tr>\n<td>Kapacita e-liquidu<\/td>\n<td>40 ml<\/td>\n<\/tr>\n<tr>\n<td>Baterie<\/td>\n<td>650mAh, dob\u00edjec\u00ed typ C<\/td>\n<\/tr>\n<tr>\n<td>Typ c\u00edvky<\/td>\n<td>Dvojit\u00e1 s\u00ed\u0165ov\u00e1 c\u00edvka<\/td>\n<\/tr>\n<tr>\n<td>S\u00edla nikotinu<\/td>\n<td>2% \/ 5%<\/td>\n<\/tr>\n<tr>\n<td>Displej<\/td>\n<td>Chytr\u00e1 obrazovka<\/td>\n<\/tr>\n<tr>\n<td>Design<\/td>\n<td>K\u0159i\u0161\u0165\u00e1lov\u011b \u010dist\u00e9 t\u011blo<\/td>\n<\/tr>\n<\/tbody>\n<\/table>\n<h3>Kombinace chut\u00ed<\/h3>\n<table>\n<tbody>\n<tr>\n<th>Komora A<\/th>\n<th>Komora B<\/th>\n<\/tr>\n<tr>\n<td>Ban\u00e1nov\u00fd led<\/td>\n<td>Jahodov\u00e9 kiwi<\/td>\n<\/tr>\n<tr>\n<td>Mango Slushie<\/td>\n<td>Pomeran\u010dov\u00fd kr\u00e9m<\/td>\n<\/tr>\n<tr>\n<td>Broskvov\u00fd led<\/td>\n<td>Red Bull<\/td>\n<\/tr>\n<tr>\n<td>Bor\u016fvkov\u00fd led<\/td>\n<td>Led z \u010derven\u00e9ho jablka<\/td>\n<\/tr>\n<tr>\n<td>Sv\u011b\u017e\u00ed led<\/td>\n<td>Sm\u00ed\u0161en\u00e9 bobule<\/td>\n<\/tr>\n<tr>\n<td>Jahodov\u00e1 zmrzlina<\/td>\n<td>Duhov\u00e1 kapka<\/td>\n<\/tr>\n<tr>\n<td>Fizzy Cherry<\/td>\n<td>Blue Razz Led<\/td>\n<\/tr>\n<tr>\n<td>Jahodov\u00fd meloun<\/td>\n<td>Brusinka Hroznov\u00e9 v\u00edno<\/td>\n<\/tr>\n<tr>\n<td>Trojit\u00fd meloun<\/td>\n<td>Ledov\u00fd pop<\/td>\n<\/tr>\n<tr>\n<td>Ananasov\u00fd led<\/td>\n<td>Hroznov\u00fd led<\/td>\n<\/tr>\n<\/tbody>\n<\/table>\n<p><img data-recalc-dims=\"1\" decoding=\"async\" src=\"https:\/\/i0.wp.com\/www.mrvivape-store.com\/wp-content\/uploads\/2025\/03\/%E6%B5%B7%E6%8A%A5_M-1-scaled.jpg?w=1020&#038;ssl=1\" alt=\"MRVI TWINS 32000 Puffs Du\u00e1ln\u00ed displej hladiny oleje a du\u00e1ln\u00ed p\u0159\u00edchu\u0165 - 10 ks\/balen\u00ed\" title=\"\"><\/p>","protected":false},"excerpt":{"rendered":"<p>Nakupujte jednor\u00e1zov\u00fd vape MRVI Twins 32000 s 32 000 potahy, dvojitou s\u00ed\u0165ovou spir\u00e1lkou, dvojit\u00fdmi p\u0159\u00edchut\u011bmi a nab\u00edjen\u00edm typu C - nejobl\u00edben\u011bj\u0161\u00ed velkoobchodn\u00ed za\u0159\u00edzen\u00ed a za\u0159\u00edzen\u00ed pro lovce p\u0159\u00edchut\u00ed.<\/p>","protected":false},"featured_media":39520,"comment_status":"open","ping_status":"closed","template":"","meta":[],"product_brand":[229],"product_cat":[33],"product_tag":[],"class_list":{"0":"post-39519","1":"product","2":"type-product","3":"status-publish","4":"has-post-thumbnail","6":"product_brand-mrvi","7":"product_cat-mrvi","9":"first","10":"instock","11":"shipping-taxable","12":"purchasable","13":"product-type-variable","14":"has-default-attributes"},"jetpack_sharing_enabled":true,"tiered_pricing_type":"fixed","tiered_pricing_fixed_rules":{"100":6.54999999999999982236431605997495353221893310546875,"200":6.160000000000000142108547152020037174224853515625,"400":5.70000000000000017763568394002504646778106689453125},"tiered_pricing_product_settings":{"layout":"default","base_unit_name":{"singular":null,"plural":null},"default_variation":null},"tiered_pricing_minimum_quantity":50,"tiered_pricing_roles_data":[],"tiered_pricing_percentage_rules":[],"tiered_pricing_maximum_quantity":null,"tiered_pricing_quantity_step":"10","_links":{"self":[{"href":"https:\/\/aiviouvapes.com\/cs\/wp-json\/wp\/v2\/product\/39519","targetHints":{"allow":["GET"]}}],"collection":[{"href":"https:\/\/aiviouvapes.com\/cs\/wp-json\/wp\/v2\/product"}],"about":[{"href":"https:\/\/aiviouvapes.com\/cs\/wp-json\/wp\/v2\/types\/product"}],"replies":[{"embeddable":true,"href":"https:\/\/aiviouvapes.com\/cs\/wp-json\/wp\/v2\/comments?post=39519"}],"wp:featuredmedia":[{"embeddable":true,"href":"https:\/\/aiviouvapes.com\/cs\/wp-json\/wp\/v2\/media\/39520"}],"wp:attachment":[{"href":"https:\/\/aiviouvapes.com\/cs\/wp-json\/wp\/v2\/media?parent=39519"}],"wp:term":[{"taxonomy":"product_brand","embeddable":true,"href":"https:\/\/aiviouvapes.com\/cs\/wp-json\/wp\/v2\/product_brand?post=39519"},{"taxonomy":"product_cat","embeddable":true,"href":"https:\/\/aiviouvapes.com\/cs\/wp-json\/wp\/v2\/product_cat?post=39519"},{"taxonomy":"product_tag","embeddable":true,"href":"https:\/\/aiviouvapes.com\/cs\/wp-json\/wp\/v2\/product_tag?post=39519"}],"curies":[{"name":"wp","href":"https:\/\/api.w.org\/{rel}","templated":true}]}}