{"id":39475,"date":"2025-07-02T10:19:59","date_gmt":"2025-07-02T02:19:59","guid":{"rendered":"https:\/\/aiviouvapes.com\/?post_type=product&#038;p=39475"},"modified":"2026-04-17T13:00:43","modified_gmt":"2026-04-17T05:00:43","slug":"mrvi-growing-60k-3t-spin","status":"publish","type":"product","link":"https:\/\/aiviouvapes.com\/cs\/product\/mrvi-growing-60k-3t-spin\/","title":{"rendered":"MRVI GROWING 60K 3T SPIN 60000 Puffs | trojit\u00e1 p\u0159\u00edchu\u0165 hromadn\u00e9 jednor\u00e1zov\u00e9 vape"},"content":{"rendered":"<h2>\ud83c\udf1fPro\u010d si vybrat MRVI GROWING 60K 3T SPIN?<\/h2>\n<ul>\n<li>\ud83d\udd25 A\u017e 60 000 v\u00fddech\u016f pro neuv\u011b\u0159itelnou \u017eivotnost<\/li>\n<li>\ud83c\udfaf Trojit\u00fd p\u0159ep\u00edna\u010d chut\u00ed pro nekone\u010dn\u00e9 chu\u0165ov\u00e9 dobrodru\u017estv\u00ed<\/li>\n<li>\u26a1 Rychl\u00e9 nab\u00edjen\u00ed typu C v\u00e1s udr\u017e\u00ed v chodu<\/li>\n<li>\ud83d\udca7 48 ml e-liquidu pro m\u00e9n\u011b v\u00fdm\u011bn<\/li>\n<li>\ud83d\udda5\ufe0f Chytr\u00e1 obrazovka pro sledov\u00e1n\u00ed nap\u00e1jen\u00ed a hladiny e-liquidu<\/li>\n<li>\ud83d\udc8e K\u0159i\u0161\u0165\u00e1lov\u011b \u010dist\u00e9 t\u011blo s pr\u00e9miov\u00fdm designem<\/li>\n<li>\ud83d\udce6 Velkoobchodn\u00ed balen\u00ed: 1ks v krabici, 10ks na displeji<\/li>\n<\/ul>\n<p>Pokud hled\u00e1te v\u00fdkonnou a v\u0161estrannou jednor\u00e1zovou vapku, kter\u00e1 spl\u0148uje v\u0161echny po\u017eadavky, je MRVI GROWING 60K 3T SPIN tou nejlep\u0161\u00ed volbou. Toto za\u0159\u00edzen\u00ed je stvo\u0159eno pro n\u00e1ro\u010dn\u00e9 u\u017eivatele, milovn\u00edky p\u0159\u00edchut\u00ed, vape shopy a velkodistributory a zaru\u010duje vysok\u00fd obrat a spokojen\u00e9 z\u00e1kazn\u00edky. Nenechte si uj\u00edt novou generaci jednor\u00e1zov\u00e9ho vapingu!<\/p>\n<h3>\ud83d\ude80 Za\u017eijte trojn\u00e1sobnou svobodu chuti s MRVI GROWING 60K 3T SPIN!<\/h3>\n<p>Jste p\u0159ipraveni posunout svou vapingovou hru na vy\u0161\u0161\u00ed \u00farove\u0148? Na <strong>MRVI ROSTE 60K 3T SPIN<\/strong> je dokonal\u00fd jednor\u00e1zov\u00fd vape pro velk\u00e9 mno\u017estv\u00ed, kter\u00fd je ur\u010den pro seri\u00f3zn\u00ed vapery a majitele obchod\u016f, kte\u0159\u00ed vy\u017eaduj\u00ed to nejlep\u0161\u00ed. D\u00edky troj\u00ed rotaci p\u0159\u00edchut\u00ed, obrovsk\u00e9 kapacit\u011b 60 000 \u0161luk\u016f a inteligentn\u00edmu displeji nap\u00e1jen\u00ed a e-liquidu je to jednor\u00e1zov\u00e1 vapka nov\u00e9 generace, na kterou jste \u010dekali. Od k\u0159i\u0161\u0165\u00e1lov\u011b \u010dist\u00e9ho designu t\u011bla a\u017e po bezprobl\u00e9mov\u00e9 nab\u00edjen\u00ed typu C nab\u00edz\u00ed MRVI GROWING 60K 3T SPIN bezkonkuren\u010dn\u00ed uspokojen\u00ed pro lovce p\u0159\u00edchut\u00ed i n\u00e1ro\u010dn\u00e9 u\u017eivatele. \ud83c\udf1f<\/p>\n<h3>Specifikace<\/h3>\n<table>\n<tbody>\n<tr>\n<td><strong>Kapacita puff\u016f<\/strong><\/td>\n<td>60 000 vdech\u016f<\/td>\n<\/tr>\n<tr>\n<td><strong>Kapacita e-liquidu<\/strong><\/td>\n<td>48 ml<\/td>\n<\/tr>\n<tr>\n<td><strong>Baterie<\/strong><\/td>\n<td>650mAh, dob\u00edjec\u00ed typ C<\/td>\n<\/tr>\n<tr>\n<td><strong>Typ c\u00edvky<\/strong><\/td>\n<td>Dual Mesh C\u00edvka<\/td>\n<\/tr>\n<tr>\n<td><strong>Mo\u017enosti nikotinu<\/strong><\/td>\n<td>2%, 5%<\/td>\n<\/tr>\n<tr>\n<td><strong>Displej<\/strong><\/td>\n<td>Nap\u00e1jen\u00ed a E-Liquid Smart Screen<\/td>\n<\/tr>\n<tr>\n<td><strong>Design<\/strong><\/td>\n<td>K\u0159i\u0161\u0165\u00e1lov\u011b \u010dist\u00e9 t\u011blo<\/td>\n<\/tr>\n<\/tbody>\n<\/table>\n<h3>Kombinace chut\u00ed<\/h3>\n<table>\n<tbody>\n<tr>\n<th>Komora A<\/th>\n<th>Komora B<\/th>\n<th>Komora C<\/th>\n<\/tr>\n<tr>\n<td>Melounov\u00fd led<\/td>\n<td>Red Bull<\/td>\n<td>Jahodov\u00e9 kiwi<\/td>\n<\/tr>\n<tr>\n<td>Citron Limetka<\/td>\n<td>Jahodov\u00fd meloun<\/td>\n<td>Bor\u016fvkov\u00fd led<\/td>\n<\/tr>\n<tr>\n<td>Ananasov\u00fd kokos<\/td>\n<td>Ban\u00e1n<\/td>\n<td>Blue Razz Led<\/td>\n<\/tr>\n<tr>\n<td>Malinov\u00fd meloun<\/td>\n<td>Cola Led<\/td>\n<td>Kysel\u00e9 jablko<\/td>\n<\/tr>\n<tr>\n<td>Tropick\u00e1 sm\u011bs<\/td>\n<td>Jahodov\u00e1 zmrzlina<\/td>\n<td>Mango Ice<\/td>\n<\/tr>\n<tr>\n<td>Jahoda malina t\u0159e\u0161e\u0148<\/td>\n<td>Love 666<\/td>\n<td>T\u0159e\u0161\u0148ov\u00fd led Candy<\/td>\n<\/tr>\n<tr>\n<td>Sm\u00ed\u0161en\u00e9 bobule<\/td>\n<td>Gumov\u00fd medv\u00eddek<\/td>\n<td>Broskvov\u00fd led<\/td>\n<\/tr>\n<tr>\n<td>Hroznov\u00fd led<\/td>\n<td>Jahodov\u00e9 bonbony<\/td>\n<td>Ledov\u00fd pop<\/td>\n<\/tr>\n<\/tbody>\n<\/table>\n<p><img data-recalc-dims=\"1\" loading=\"lazy\" decoding=\"async\" class=\"alignnone wp-image-42240 size-full\" src=\"https:\/\/i0.wp.com\/aiviouvapes.com\/wp-content\/uploads\/2025\/06\/%E5%85%A8%E5%AE%B6%E7%A6%8F_%E7%94%BB%E6%9D%BF-1-%E5%89%AF%E6%9C%AC-1.jpg?resize=1020%2C1442&#038;ssl=1\" alt=\",\" width=\"1020\" height=\"1442\" title=\"\" srcset=\"https:\/\/i0.wp.com\/aiviouvapes.com\/wp-content\/uploads\/2025\/06\/%E5%85%A8%E5%AE%B6%E7%A6%8F_%E7%94%BB%E6%9D%BF-1-%E5%89%AF%E6%9C%AC-1.jpg?w=1358&amp;ssl=1 1358w, https:\/\/i0.wp.com\/aiviouvapes.com\/wp-content\/uploads\/2025\/06\/%E5%85%A8%E5%AE%B6%E7%A6%8F_%E7%94%BB%E6%9D%BF-1-%E5%89%AF%E6%9C%AC-1.jpg?resize=212%2C300&amp;ssl=1 212w, https:\/\/i0.wp.com\/aiviouvapes.com\/wp-content\/uploads\/2025\/06\/%E5%85%A8%E5%AE%B6%E7%A6%8F_%E7%94%BB%E6%9D%BF-1-%E5%89%AF%E6%9C%AC-1.jpg?resize=724%2C1024&amp;ssl=1 724w, https:\/\/i0.wp.com\/aiviouvapes.com\/wp-content\/uploads\/2025\/06\/%E5%85%A8%E5%AE%B6%E7%A6%8F_%E7%94%BB%E6%9D%BF-1-%E5%89%AF%E6%9C%AC-1.jpg?resize=768%2C1086&amp;ssl=1 768w, https:\/\/i0.wp.com\/aiviouvapes.com\/wp-content\/uploads\/2025\/06\/%E5%85%A8%E5%AE%B6%E7%A6%8F_%E7%94%BB%E6%9D%BF-1-%E5%89%AF%E6%9C%AC-1.jpg?resize=1086%2C1536&amp;ssl=1 1086w, https:\/\/i0.wp.com\/aiviouvapes.com\/wp-content\/uploads\/2025\/06\/%E5%85%A8%E5%AE%B6%E7%A6%8F_%E7%94%BB%E6%9D%BF-1-%E5%89%AF%E6%9C%AC-1.jpg?resize=8%2C12&amp;ssl=1 8w, https:\/\/i0.wp.com\/aiviouvapes.com\/wp-content\/uploads\/2025\/06\/%E5%85%A8%E5%AE%B6%E7%A6%8F_%E7%94%BB%E6%9D%BF-1-%E5%89%AF%E6%9C%AC-1.jpg?resize=1320%2C1866&amp;ssl=1 1320w, https:\/\/i0.wp.com\/aiviouvapes.com\/wp-content\/uploads\/2025\/06\/%E5%85%A8%E5%AE%B6%E7%A6%8F_%E7%94%BB%E6%9D%BF-1-%E5%89%AF%E6%9C%AC-1.jpg?resize=800%2C1131&amp;ssl=1 800w\" sizes=\"auto, (max-width: 1020px) 100vw, 1020px\" \/><\/p>","protected":false},"excerpt":{"rendered":"<p>MRVI GROWING 60K 3T SPIN jednor\u00e1zov\u00e1 vape p\u0159in\u00e1\u0161\u00ed a\u017e 60 000 potah\u016f s trojit\u00fdm p\u0159ep\u00edn\u00e1n\u00edm p\u0159\u00edchut\u00ed, 48 ml e-liquidu a dvojitou s\u00ed\u0165ovou spir\u00e1lkou - ide\u00e1ln\u00ed pro velkoobchodn\u00ed distribuci vape.<\/p>","protected":false},"featured_media":39477,"comment_status":"open","ping_status":"closed","template":"","meta":[],"product_brand":[229],"product_cat":[33,137,146,138,141,143],"product_tag":[],"class_list":{"0":"post-39475","1":"product","2":"type-product","3":"status-publish","4":"has-post-thumbnail","6":"product_brand-mrvi","7":"product_cat-mrvi","8":"product_cat-disposable-vapes-in-germany","9":"product_cat-disposable-vapes-in-hungary","10":"product_cat-disposable-vapes-in-ltaly","11":"product_cat-disposable-vapes-in-poland","12":"product_cat-disposable-vapes-in-spain","14":"first","15":"instock","16":"shipping-taxable","17":"purchasable","18":"product-type-variable","19":"has-default-attributes"},"jetpack_sharing_enabled":true,"tiered_pricing_type":"fixed","tiered_pricing_fixed_rules":{"100":6.910000000000000142108547152020037174224853515625,"200":6.54000000000000003552713678800500929355621337890625,"400":6.11000000000000031974423109204508364200592041015625},"tiered_pricing_product_settings":{"layout":"default","base_unit_name":{"singular":null,"plural":null},"default_variation":null},"tiered_pricing_minimum_quantity":50,"tiered_pricing_roles_data":[],"tiered_pricing_percentage_rules":[],"tiered_pricing_maximum_quantity":null,"tiered_pricing_quantity_step":"10","_links":{"self":[{"href":"https:\/\/aiviouvapes.com\/cs\/wp-json\/wp\/v2\/product\/39475","targetHints":{"allow":["GET"]}}],"collection":[{"href":"https:\/\/aiviouvapes.com\/cs\/wp-json\/wp\/v2\/product"}],"about":[{"href":"https:\/\/aiviouvapes.com\/cs\/wp-json\/wp\/v2\/types\/product"}],"replies":[{"embeddable":true,"href":"https:\/\/aiviouvapes.com\/cs\/wp-json\/wp\/v2\/comments?post=39475"}],"wp:featuredmedia":[{"embeddable":true,"href":"https:\/\/aiviouvapes.com\/cs\/wp-json\/wp\/v2\/media\/39477"}],"wp:attachment":[{"href":"https:\/\/aiviouvapes.com\/cs\/wp-json\/wp\/v2\/media?parent=39475"}],"wp:term":[{"taxonomy":"product_brand","embeddable":true,"href":"https:\/\/aiviouvapes.com\/cs\/wp-json\/wp\/v2\/product_brand?post=39475"},{"taxonomy":"product_cat","embeddable":true,"href":"https:\/\/aiviouvapes.com\/cs\/wp-json\/wp\/v2\/product_cat?post=39475"},{"taxonomy":"product_tag","embeddable":true,"href":"https:\/\/aiviouvapes.com\/cs\/wp-json\/wp\/v2\/product_tag?post=39475"}],"curies":[{"name":"wp","href":"https:\/\/api.w.org\/{rel}","templated":true}]}}