{"id":37388,"date":"2025-06-12T23:18:34","date_gmt":"2025-06-12T15:18:34","guid":{"rendered":"https:\/\/aiviouvapes.com\/?post_type=product&#038;p=37388"},"modified":"2026-03-17T14:12:48","modified_gmt":"2026-03-17T06:12:48","slug":"bang-leader-80k","status":"publish","type":"product","link":"https:\/\/aiviouvapes.com\/cs\/product\/bang-leader-80k\/","title":{"rendered":"Bang Leader 80K | 80000 puff\u016f, trojit\u00e1 p\u0159\u00edchu\u0165, dvojit\u00e1 s\u00ed\u0165ka, dob\u00edjec\u00ed, jednor\u00e1zov\u00fd vape typu C"},"content":{"rendered":"<p><!-- SEO Meta Description --><\/p>\n<p><!-- Product Title --><\/p>\n<h2>Bang Leader 80K Puffs Vape na jedno pou\u017eit\u00ed | Syst\u00e9m p\u0159\u00edchut\u00ed 3 v 1, dvojit\u00e1 s\u00ed\u0165ka, nab\u00edjen\u00ed typu C<\/h2>\n<p><!-- Key Features Section --><\/p>\n<h2>\ud83d\udd11 Kl\u00ed\u010dov\u00e9 vlastnosti Bang Leader 80K Vape na jedno pou\u017eit\u00ed<\/h2>\n<ul>\n<li><strong>Trojit\u00fd syst\u00e9m p\u0159\u00edchut\u00ed:<\/strong> Okam\u017eit\u011b p\u0159ep\u00ednejte mezi t\u0159emi pr\u00e9miov\u00fdmi p\u0159\u00edchut\u011bmi v jedin\u00e9m za\u0159\u00edzen\u00ed.<\/li>\n<li><strong>Masivn\u00ed po\u010det puf\u016f:<\/strong> Poskytuje a\u017e 80 000 potah\u016f pro bezkonkuren\u010dn\u00ed \u017eivotnost.<\/li>\n<li><strong>Flexibilita nikotinu:<\/strong> K dispozici jsou nikotinov\u00e9 varianty 0%, 2%, 3% a 5%, aby vyhovovaly preferenc\u00edm ka\u017ed\u00e9ho vapera.<\/li>\n<li><strong>Dvojit\u00e1 s\u00ed\u0165ov\u00e1 c\u00edvka:<\/strong> Vylep\u0161en\u00e1 chu\u0165, rychlej\u0161\u00ed zah\u0159\u00edv\u00e1n\u00ed a hust\u00e1 p\u00e1ra p\u0159i ka\u017ed\u00e9m potahu.<\/li>\n<li><strong>Nab\u00edjec\u00ed typ C:<\/strong> Rychlej\u0161\u00ed a spolehliv\u011bj\u0161\u00ed nab\u00edjen\u00ed d\u00edky p\u0159ilo\u017een\u00e9mu portu Type-C.<\/li>\n<li><strong>Kapacita baterie:<\/strong> Vestav\u011bn\u00e1 baterie s kapacitou 850 mAh pro celodenn\u00ed v\u00fdkon.<\/li>\n<li><strong>Velkoobchodn\u011b p\u0159\u00e1telsk\u00e9:<\/strong> Ka\u017ed\u00e1 krabice obsahuje 10 kus\u016f - ide\u00e1ln\u00ed pro hromadn\u00fd n\u00e1kup a prodejce.<\/li>\n<\/ul>\n<p><!-- Why Choose Section --><\/p>\n<h2>\ud83d\udca1 Pro\u010d si vybrat Bang Leader 80K Puffs Vape?<\/h2>\n<ul>\n<li><strong>Maxim\u00e1ln\u00ed dlouhov\u011bkost:<\/strong> A\u017e 80 000 potah\u016f znamen\u00e1 m\u00e9n\u011b v\u00fdm\u011bn a del\u0161\u00ed po\u017eitek z kou\u0159en\u00ed.<\/li>\n<li><strong>Rozmanitost chut\u00ed:<\/strong> Vychutnejte si mo\u017enosti p\u0159\u00edchut\u00ed 3 v 1 pro dynamick\u00fd vapingov\u00fd z\u00e1\u017eitek kdykoli.<\/li>\n<li><strong>Nikotin na m\u00edru:<\/strong> \u010cty\u0159i mo\u017enosti nastaven\u00ed s\u00edly jsou vhodn\u00e9 pro za\u010d\u00e1te\u010dn\u00edky i zku\u0161en\u00e9 u\u017eivatele.<\/li>\n<li><strong>Pohodl\u00ed p\u0159i dob\u00edjen\u00ed:<\/strong> D\u00edky portu typu C je dob\u00edjen\u00ed rychl\u00e9 a snadn\u00e9.<\/li>\n<li><strong>Premium Coil Tech:<\/strong> Du\u00e1ln\u00ed mesh spir\u00e1lky zvy\u0161uj\u00ed chu\u0165 i kvalitu p\u00e1ry.<\/li>\n<li><strong>Univerz\u00e1ln\u00ed pro v\u0161echny u\u017eivatele:<\/strong> A\u0165 u\u017e se jedn\u00e1 o p\u0159\u00edle\u017eitostn\u00e9 pou\u017eit\u00ed nebo hromadn\u00fd n\u00e1kup, tato vape je pro v\u00e1s p\u0159ipravena.<\/li>\n<\/ul>\n<p><!-- Flavor List Section --><\/p>\n<h2>\ud83c\udf53 Dostupn\u00e9 kombinace chut\u00ed<\/h2>\n<ul>\n<li>Melounov\u00fd led + jahoda a mango + ban\u00e1n<\/li>\n<li>Malinov\u00e9 mojito Broskvov\u00fd led + jahoda a meloun + kiwi Mu\u010denka Guava<\/li>\n<li>Jahodov\u00fd meloun + hroznov\u00e1 zmrzlina + duhov\u00e9 bonbony<\/li>\n<li>Cola Ice + bor\u016fvka malina + broskev mango meloun<\/li>\n<li>Bor\u016fvkov\u00fd meloun + jahodov\u00e9 mango + \u010dern\u00fd ryb\u00edz<\/li>\n<li>Bor\u016fvkov\u00fd led + Black Dragon Ice + Mango Peach<\/li>\n<li>Bor\u016fvkov\u00e1 zmrzlina + jahody a ban\u00e1n + m\u00edchan\u00e9 bobule<\/li>\n<li>Red Bull + bor\u016fvkov\u00fd meloun + jablko hru\u0161ka<\/li>\n<li>Red Bull + melounov\u00e9 bonb\u00f3ny + jahodov\u00e1 zmrzlina<\/li>\n<li>Jahodov\u00e9 kiwi + broskvov\u00fd led + t\u0159e\u0161\u0148ov\u00e1 cola<\/li>\n<li>Kiwi Guava + li\u010di led + mango broskev ananas<\/li>\n<li>Avok\u00e1dov\u00fd led + citronov\u00e1 limetka + melounov\u00e1 malina<\/li>\n<\/ul>\n<p><!-- Nicotine Section --><\/p>\n<h2>\ud83d\udca8 Mo\u017enosti s\u00edly nikotinu<\/h2>\n<p>Zvolte si preferovanou hladinu nikotinu: <strong>0%, 2%, 3% nebo 5%<\/strong> - ide\u00e1ln\u00ed pro jak\u00fdkoli styl vapingu.<\/p>","protected":false},"excerpt":{"rendered":"<p>Vychutnejte si 80 000 potah\u016f s jednor\u00e1zovou vapkou Bang Leader 80K - troj\u00ed p\u0159\u00edchut\u011b, dvojit\u00e1 s\u00ed\u0165ov\u00e1 spir\u00e1lka, nab\u00edjen\u00ed typu C a n\u011bkolik nikotinov\u00fdch mo\u017enost\u00ed pro dokonal\u00fd z\u00e1\u017eitek z jednor\u00e1zov\u00e9ho vapov\u00e1n\u00ed.<\/p>","protected":false},"featured_media":37392,"comment_status":"open","ping_status":"closed","template":"","meta":[],"product_brand":[239],"product_cat":[37,242,137,146,138,141,143],"product_tag":[],"class_list":{"0":"post-37388","1":"product","2":"type-product","3":"status-publish","4":"has-post-thumbnail","6":"product_brand-bang","7":"product_cat-bang","8":"product_cat-60000-puffs-disposable-vape","9":"product_cat-disposable-vapes-in-germany","10":"product_cat-disposable-vapes-in-hungary","11":"product_cat-disposable-vapes-in-ltaly","12":"product_cat-disposable-vapes-in-poland","13":"product_cat-disposable-vapes-in-spain","15":"first","16":"instock","17":"featured","18":"shipping-taxable","19":"purchasable","20":"product-type-variable","21":"has-default-attributes"},"jetpack_sharing_enabled":true,"tiered_pricing_type":"fixed","tiered_pricing_fixed_rules":{"30":8.42999999999999971578290569595992565155029296875,"50":7.2599999999999997868371792719699442386627197265625,"100":6.3499999999999996447286321199499070644378662109375,"200":5.95999999999999996447286321199499070644378662109375,"400":5.37999999999999989341858963598497211933135986328125},"tiered_pricing_product_settings":{"layout":"default","base_unit_name":{"singular":null,"plural":null},"default_variation":null},"tiered_pricing_minimum_quantity":10,"tiered_pricing_roles_data":[],"tiered_pricing_percentage_rules":[],"tiered_pricing_maximum_quantity":null,"tiered_pricing_quantity_step":"10","_links":{"self":[{"href":"https:\/\/aiviouvapes.com\/cs\/wp-json\/wp\/v2\/product\/37388","targetHints":{"allow":["GET"]}}],"collection":[{"href":"https:\/\/aiviouvapes.com\/cs\/wp-json\/wp\/v2\/product"}],"about":[{"href":"https:\/\/aiviouvapes.com\/cs\/wp-json\/wp\/v2\/types\/product"}],"replies":[{"embeddable":true,"href":"https:\/\/aiviouvapes.com\/cs\/wp-json\/wp\/v2\/comments?post=37388"}],"wp:featuredmedia":[{"embeddable":true,"href":"https:\/\/aiviouvapes.com\/cs\/wp-json\/wp\/v2\/media\/37392"}],"wp:attachment":[{"href":"https:\/\/aiviouvapes.com\/cs\/wp-json\/wp\/v2\/media?parent=37388"}],"wp:term":[{"taxonomy":"product_brand","embeddable":true,"href":"https:\/\/aiviouvapes.com\/cs\/wp-json\/wp\/v2\/product_brand?post=37388"},{"taxonomy":"product_cat","embeddable":true,"href":"https:\/\/aiviouvapes.com\/cs\/wp-json\/wp\/v2\/product_cat?post=37388"},{"taxonomy":"product_tag","embeddable":true,"href":"https:\/\/aiviouvapes.com\/cs\/wp-json\/wp\/v2\/product_tag?post=37388"}],"curies":[{"name":"wp","href":"https:\/\/api.w.org\/{rel}","templated":true}]}}