{"id":37349,"date":"2025-06-18T11:49:55","date_gmt":"2025-06-18T03:49:55","guid":{"rendered":"https:\/\/aiviouvapes.com\/?post_type=product&#038;p=37349"},"modified":"2026-01-31T14:10:39","modified_gmt":"2026-01-31T06:10:39","slug":"vopk-ultra-40000","status":"publish","type":"product","link":"https:\/\/aiviouvapes.com\/cs\/product\/vopk-ultra-40000\/","title":{"rendered":"VOPK ULTRA 40000 Puffs | du\u00e1ln\u00ed p\u0159\u00edchu\u0165, 36 ml, nastaviteln\u00fd v\u00fdkon, jednor\u00e1zov\u00e1 vape na jedno pou\u017eit\u00ed"},"content":{"rendered":"<p><!-- SEO Meta Description --><\/p>\n<p><!-- Product Description --><\/p>\n<h2>VOPK ULTRA 40000 Puffs Vape na jedno pou\u017eit\u00ed<\/h2>\n<p>The <strong>VOPK ULTRA 40000 puf\u016f<\/strong> je v\u00fdkonn\u00fd jednor\u00e1zov\u00fd vape navr\u017een\u00fd pro vapery, kte\u0159\u00ed tou\u017e\u00ed po vysok\u00e9m v\u00fdkonu, rozmanitosti chut\u00ed a pr\u00e9miov\u00fdch funkc\u00edch v jednom elegantn\u00edm za\u0159\u00edzen\u00ed. U\u017eijte si dv\u011b p\u0159\u00edchut\u011b najednou, obrovsk\u00fd po\u010det \u0161luk\u016f a pln\u00e9 p\u0159izp\u016fsoben\u00ed - to v\u0161e v jednom za\u0159\u00edzen\u00ed.<\/p>\n<p><!-- Key Features --><\/p>\n<h3>\ud83d\udd11 Kl\u00ed\u010dov\u00e9 vlastnosti VOPK ULTRA 40000 Puffs Vape<\/h3>\n<ul>\n<li><strong>Masivn\u00ed po\u010det puf\u016f:<\/strong> A\u017e 40 000 potah\u016f pro mimo\u0159\u00e1dn\u011b dlouhou v\u00fddr\u017e.<\/li>\n<li><strong>Syst\u00e9m dvou p\u0159\u00edchut\u00ed:<\/strong> P\u0159ep\u00ednejte nebo kombinujte dv\u011b lahodn\u00e9 p\u0159\u00edchut\u011b v jednom za\u0159\u00edzen\u00ed.<\/li>\n<li><strong>Flexibilita nikotinu:<\/strong> Podle sv\u00fdch pot\u0159eb si m\u016f\u017eete vybrat z nikotinu 0%, 2%, 3% nebo 5%.<\/li>\n<li><strong>Obrovsk\u00e1 kapacita 36 ml:<\/strong> M\u00e9n\u011b dopl\u0148ov\u00e1n\u00ed, v\u00edce vapov\u00e1n\u00ed - p\u0159edem napln\u011bn\u00e9 pr\u00e9miov\u00fdm e-liquidem.<\/li>\n<li><strong>Dob\u00edjec\u00ed baterie 850 mAh:<\/strong> St\u00e1l\u00fd v\u00fdkon po celou dobu vapov\u00e1n\u00ed.<\/li>\n<li><strong>Nastaviteln\u00e1 nastaven\u00ed v\u00fdkonu:<\/strong> P\u0159izp\u016fsobte si intenzitu vapov\u00e1n\u00ed a velikost mraku.<\/li>\n<li><strong>Odpor 1,0\u03a9 a \u010dty\u0159i s\u00ed\u0165ov\u00e9 c\u00edvky:<\/strong> Hladk\u00e1 p\u00e1ra, bohat\u00e1 chu\u0165 a hust\u00e9 mraky.<\/li>\n<li><strong>Re\u017eimy jednoduch\u00e9ho a dvojit\u00e9ho tahu:<\/strong> P\u0159izp\u016fsobte se sv\u00e9 n\u00e1lad\u011b a stylu d\u00edky flexibiln\u00edm mo\u017enostem inhalace.<\/li>\n<li><strong>Funkce d\u011btsk\u00e9ho z\u00e1mku:<\/strong> Zv\u00fd\u0161en\u00e1 bezpe\u010dnost pro klid du\u0161e.<\/li>\n<li><strong>Du\u00e1ln\u00ed displej oleje a baterie:<\/strong> Monitorov\u00e1n\u00ed e-liquidu a nap\u00e1jen\u00ed v re\u00e1ln\u00e9m \u010dase.<\/li>\n<li><strong>Dynamick\u00e1 obrazovka LED:<\/strong> P\u0159ehledn\u00e9 vizu\u00e1ln\u00ed ukazatele hladiny oleje a \u017eivotnosti baterie v ka\u017ed\u00e9 p\u0159ihr\u00e1dce.<\/li>\n<\/ul>\n<p><!-- Why Choose VOPK ULTRA --><\/p>\n<h3>\ud83d\udca1 Pro\u010d si vybrat VOPK ULTRA 40000 Puffs?<\/h3>\n<p>U t\u00e9to vapky nejde jen o mno\u017estv\u00ed - jde o prvot\u0159\u00eddn\u00ed, flexibiln\u00ed a aromatick\u00fd z\u00e1\u017eitek. D\u00edky dv\u011bma chu\u0165ov\u00fdm kapsl\u00edm, regulaci v\u00fdkonu, displej\u016fm v re\u00e1ln\u00e9m \u010dase a pokro\u010dil\u00fdm bezpe\u010dnostn\u00edm funkc\u00edm je <strong>VOPK ULTRA<\/strong> p\u0159in\u00e1\u0161\u00ed inovace a spokojenost v ka\u017ed\u00e9m obalu.<\/p>\n<p><!-- Flavor List --><\/p>\n<h3>\ud83c\udf53 Dostupn\u00e9 du\u00e1ln\u00ed p\u0159\u00edchut\u011b<\/h3>\n<ul>\n<li>Jahoda Meloun \/ Kiwi Mu\u010denka Guava<\/li>\n<li>Bor\u016fvka Malina \/ Mango Broskev Meloun<\/li>\n<li>Gumov\u00fd medv\u00eddek Blue Razz \/ Jahodov\u00e9 kiwi<\/li>\n<li>Blue Razz Cherry \/ Strawberry Raspberry<\/li>\n<li>\u0160umiv\u00e9 citron a limetka \/ meloun Sv\u011b\u017e\u00ed m\u00e1ta<\/li>\n<li>Vodn\u00ed meloun \/ Blue Razz Ice<\/li>\n<li>Blue Razz Ananas \/ Trojit\u00e9 mango<\/li>\n<li>Grape Berry Burst \/ Pear Apple Raspberry<\/li>\n<li>Jahoda brusinka t\u0159e\u0161e\u0148 \/ Ananas v\u00e1\u0161e\u0148 limetka<\/li>\n<li>Blueberry Strawberry Menthol \/ Blueberry Raspberry Menthol<\/li>\n<\/ul>\n<p>Ka\u017ed\u00e1 krabi\u010dka obsahuje 10 r\u016fzn\u00fdch kombinac\u00ed dvou p\u0159\u00edchut\u00ed, kter\u00e9 jsou vytvo\u0159eny tak, aby vyhovovaly ka\u017ed\u00e9 chuti - od ovocn\u00fdch a sladk\u00fdch a\u017e po ledov\u011b sv\u011b\u017e\u00ed.<\/p>","protected":false},"excerpt":{"rendered":"<p>Jednor\u00e1zov\u00e1 vapka VOPK ULTRA 40000 Puffs kombinuje dv\u011b p\u0159\u00edchut\u011b, 36 ml e-liquidu, 850mAh baterii a s\u00ed\u0165ov\u00e9 spir\u00e1lky pro p\u0159izp\u016fsobiteln\u00fd, dlouhotrvaj\u00edc\u00ed a aromatick\u00fd z\u00e1\u017eitek z jednor\u00e1zov\u00e9ho vapov\u00e1n\u00ed s nikotinov\u00fdmi mo\u017enostmi 0%-5%.<\/p>","protected":false},"featured_media":37355,"comment_status":"open","ping_status":"closed","template":"","meta":[],"product_brand":[244],"product_cat":[39,219],"product_tag":[],"class_list":{"0":"post-37349","1":"product","2":"type-product","3":"status-publish","4":"has-post-thumbnail","6":"product_brand-okso","7":"product_cat-vopk","8":"product_cat-40000-puffs-disposable-vape","10":"first","11":"instock","12":"shipping-taxable","13":"purchasable","14":"product-type-variable","15":"has-default-attributes"},"jetpack_sharing_enabled":true,"tiered_pricing_type":"fixed","tiered_pricing_fixed_rules":[],"tiered_pricing_product_settings":{"layout":"default","base_unit_name":{"singular":null,"plural":null},"default_variation":null},"tiered_pricing_minimum_quantity":1000,"tiered_pricing_roles_data":[],"tiered_pricing_percentage_rules":[],"tiered_pricing_maximum_quantity":null,"tiered_pricing_quantity_step":"10","_links":{"self":[{"href":"https:\/\/aiviouvapes.com\/cs\/wp-json\/wp\/v2\/product\/37349","targetHints":{"allow":["GET"]}}],"collection":[{"href":"https:\/\/aiviouvapes.com\/cs\/wp-json\/wp\/v2\/product"}],"about":[{"href":"https:\/\/aiviouvapes.com\/cs\/wp-json\/wp\/v2\/types\/product"}],"replies":[{"embeddable":true,"href":"https:\/\/aiviouvapes.com\/cs\/wp-json\/wp\/v2\/comments?post=37349"}],"wp:featuredmedia":[{"embeddable":true,"href":"https:\/\/aiviouvapes.com\/cs\/wp-json\/wp\/v2\/media\/37355"}],"wp:attachment":[{"href":"https:\/\/aiviouvapes.com\/cs\/wp-json\/wp\/v2\/media?parent=37349"}],"wp:term":[{"taxonomy":"product_brand","embeddable":true,"href":"https:\/\/aiviouvapes.com\/cs\/wp-json\/wp\/v2\/product_brand?post=37349"},{"taxonomy":"product_cat","embeddable":true,"href":"https:\/\/aiviouvapes.com\/cs\/wp-json\/wp\/v2\/product_cat?post=37349"},{"taxonomy":"product_tag","embeddable":true,"href":"https:\/\/aiviouvapes.com\/cs\/wp-json\/wp\/v2\/product_tag?post=37349"}],"curies":[{"name":"wp","href":"https:\/\/api.w.org\/{rel}","templated":true}]}}