{"id":37337,"date":"2025-06-12T23:06:52","date_gmt":"2025-06-12T15:06:52","guid":{"rendered":"https:\/\/aiviouvapes.com\/?post_type=product&#038;p=37337"},"modified":"2026-03-07T11:31:06","modified_gmt":"2026-03-07T03:31:06","slug":"vopk-triple-60k","status":"publish","type":"product","link":"https:\/\/aiviouvapes.com\/cs\/product\/vopk-triple-60k\/","title":{"rendered":"Vopk Triple 60K 60000 Puffs | p\u0159\u00edchu\u0165 3 v 1, 54 ml, LED obrazovka, trojit\u00e1 s\u00ed\u0165ka, jednor\u00e1zov\u00fd vape ve velk\u00e9m balen\u00ed"},"content":{"rendered":"<p><!-- SEO Meta Description --><\/p>\n<p><!-- Product Description --><\/p>\n<h2>\ud83d\udd25 Vopk Triple 60000 Puffs Disposable Vape - ultim\u00e1tn\u00ed z\u00e1\u017eitek s trojitou chut\u00ed<\/h2>\n<p>The <strong>Vopk Triple 60K<\/strong> je jednor\u00e1zov\u00fd vape nov\u00e9 generace s obsahem <strong>60 000 vdech\u016f<\/strong>, a <strong>54ml n\u00e1dr\u017e na e-liquid<\/strong>a <strong>trojit\u00e9 c\u00edvky s oky 0,9\u03a9<\/strong>. Se sv\u00fdm <strong>Rotace p\u0159\u00edchut\u00ed 3 v 1<\/strong> Tento p\u0159\u00edstroj poskytuje nep\u0159etr\u017eitou rozmanitost, hladk\u00e9 mraky a v\u00fdraznou chu\u0165. Je vybaven <strong>chytr\u00e1 obrazovka LED<\/strong>, <strong>dob\u00edjec\u00ed baterie s kapacitou 650 mAh<\/strong>a <strong>Rychl\u00e9 nab\u00edjen\u00ed typu C<\/strong>, je to dokonal\u00fd univerz\u00e1ln\u00ed p\u0159\u00edstroj pro v\u00e1\u017en\u00e9 z\u00e1jemce o vapov\u00e1n\u00ed.<\/p>\n<p><!-- Key Features --><\/p>\n<h3>\ud83d\udd11 Kl\u00ed\u010dov\u00e9 vlastnosti Vopk Triple 60K Vape<\/h3>\n<ul>\n<li><strong>Kapacita 60 000 puf\u016f<\/strong> - U\u017e\u00edvejte si dlouhodob\u00e9 pou\u017e\u00edv\u00e1n\u00ed bez nutnosti neust\u00e1l\u00e9 v\u00fdm\u011bny.<\/li>\n<li><strong>2% \/ 5% Mo\u017enosti nikotinu<\/strong> - Flexibiln\u00ed s\u00edla pro lehk\u00e9 nebo intenzivn\u00ed uspokojen\u00ed.<\/li>\n<li><strong>Trojit\u00e9 c\u00edvky 0,9\u03a9 Mesh<\/strong> - Vy\u0161\u0161\u00ed hustota p\u00e1ry, rychlej\u0161\u00ed zah\u0159\u00edv\u00e1n\u00ed a siln\u011bj\u0161\u00ed chu\u0165.<\/li>\n<li><strong>Kapacita 54 ml e-kapaliny<\/strong> - Velmi vysok\u00e1 hlasitost pro del\u0161\u00ed vapov\u00e1n\u00ed.<\/li>\n<li><strong>Nab\u00edjec\u00ed baterie 650 mAh<\/strong> - Mal\u00fd, ale mocn\u00fd, kter\u00fd v\u00e1s udr\u017e\u00ed v chodu cel\u00fd den.<\/li>\n<li><strong>Rychl\u00e9 nab\u00edjen\u00ed typu C<\/strong> - Rychl\u00e9 nab\u00edjen\u00ed minimalizuje prostoje mezi jednotliv\u00fdmi pou\u017eit\u00edmi.<\/li>\n<li><strong>Chytr\u00fd LED displej<\/strong> - Sledov\u00e1n\u00ed stavu baterie a e-liquidu v re\u00e1ln\u00e9m \u010dase.<\/li>\n<li><strong>P\u0159ep\u00edna\u010d p\u0159\u00edchut\u00ed 3 v 1<\/strong> - St\u0159\u00eddejte t\u0159i p\u0159\u00edchut\u011b v jednom za\u0159\u00edzen\u00ed - nen\u00ed t\u0159eba je vym\u011b\u0148ovat.<\/li>\n<li><strong>\u0160irok\u00fd v\u00fdb\u011br chut\u00ed<\/strong> - Vyberte si z 10 p\u0159edm\u00edchan\u00fdch profil\u016f s trojitou p\u0159\u00edchut\u00ed.<\/li>\n<\/ul>\n<p><!-- Why Choose --><\/p>\n<h3>\ud83d\udca1 Pro\u010d si vybrat Vopk Triple 60000 Puffs?<\/h3>\n<ul>\n<li><strong>Flexibilita nikotinu:<\/strong> Vyberte si mezi <em>2%<\/em> a <em>5%<\/em> podle va\u0161ich preferenc\u00ed.<\/li>\n<li><strong>Inovace chut\u00ed:<\/strong> Syst\u00e9m 3 v 1 znamen\u00e1, \u017ee se nikdy nebudete nudit - m\u016f\u017eete je okam\u017eit\u011b st\u0159\u00eddat.<\/li>\n<li><strong>Kvalita v\u00fdpar\u016f:<\/strong> Trojit\u00e9 mesh spir\u00e1lky nab\u00edzej\u00ed konzistentn\u011b hust\u00e9 a aromatick\u00e9 mraky.<\/li>\n<li><strong>Obrovsk\u00e1 kapacita e-liquidu:<\/strong> S 54 ml na palub\u011b jste p\u0159ipraveni na dlouhou cestu.<\/li>\n<li><strong>Pohodln\u00e9 nab\u00edjen\u00ed:<\/strong> Typ C umo\u017e\u0148uje rychl\u00e9 a spolehliv\u00e9 nap\u00e1jen\u00ed.<\/li>\n<li><strong>Chytr\u00fd LED displej:<\/strong> Okam\u017eit\u011b zkontrolujte stav baterie a \u0161\u0165\u00e1vy.<\/li>\n<li><strong>Rozmanitost chut\u00ed:<\/strong> Deset jedine\u010dn\u00fdch trojkombinac\u00ed chut\u00ed, dokonale vyv\u00e1\u017een\u00fdch pro ka\u017ed\u00fd jaz\u00fd\u010dek.<\/li>\n<\/ul>\n<p><!-- Flavor List --><\/p>\n<h3>\ud83c\udf6d Dostupn\u00e9 trojkombinace chut\u00ed<\/h3>\n<ul>\n<li>Melounov\u00e1 zmrzlina a trojit\u00e1 melounov\u00e1 zmrzlina a jahodov\u00e1 zmrzlina<\/li>\n<li>Jahoda Ban\u00e1n a malina Meloun a ananas Kokos<\/li>\n<li>Broskvov\u00e9 bobule &amp; Blue Razz Ice &amp; Watermelon Broskvov\u00e9 mango<\/li>\n<li>Kysel\u00e9 mango ananas &amp; Red Bull Jahoda &amp; \u010dern\u00fd ryb\u00edz Ice<\/li>\n<li>Kiwi Passion Fruit &amp; Strawberry Cherry &amp; Love 66<\/li>\n<li>Double Apple Ice &amp; Tropical Fruit &amp; Strawberry Watermelon Bubblegum<\/li>\n<li>Hroznov\u00fd led a jahodov\u00e9 kiwi a meloun Red Bull<\/li>\n<li>Jahoda Meloun a bor\u016fvka Malina a citronov\u00e1 limetka<\/li>\n<li>Ban\u00e1n ananas &amp; Red Bull Ice &amp; Jahoda Mango<\/li>\n<li>Gumov\u00fd medv\u00eddek a jahoda Vanilkov\u00e1 kola a bor\u016fvkov\u00e1 cukrov\u00e1 vata<\/li>\n<\/ul>","protected":false},"excerpt":{"rendered":"<div class=\"woocommerce-product-details__short-description\">\n<p>Jednor\u00e1zov\u00fd vape Vopk Triple 60000 potah\u016f nab\u00edz\u00ed rotaci p\u0159\u00edchut\u00ed 3 v 1, 54 ml e-liquidu, trojit\u00e9 s\u00ed\u0165ov\u00e9 spir\u00e1lky, LED displej a a\u017e 60 000 potah\u016f v dob\u00edjec\u00edm, vysoce v\u00fdkonn\u00e9m jednor\u00e1zov\u00e9m za\u0159\u00edzen\u00ed.<\/p>\n<\/div>","protected":false},"featured_media":40849,"comment_status":"open","ping_status":"closed","template":"","meta":[],"product_brand":[245],"product_cat":[39,242,90,78,81,76],"product_tag":[],"class_list":{"0":"post-37337","1":"product","2":"type-product","3":"status-publish","4":"has-post-thumbnail","6":"product_brand-vopk","7":"product_cat-vopk","8":"product_cat-60000-puffs-disposable-vape","9":"product_cat-big-puffs-vapes","10":"product_cat-crystal-vapes","11":"product_cat-digital-box-vapes","12":"product_cat-disposable-vape-types","14":"first","15":"instock","16":"featured","17":"shipping-taxable","18":"purchasable","19":"product-type-variable","20":"has-default-attributes"},"jetpack_sharing_enabled":true,"tiered_pricing_type":"fixed","tiered_pricing_fixed_rules":[],"tiered_pricing_product_settings":{"layout":"default","base_unit_name":{"singular":null,"plural":null},"default_variation":null},"tiered_pricing_minimum_quantity":1000,"tiered_pricing_roles_data":[],"tiered_pricing_percentage_rules":[],"tiered_pricing_maximum_quantity":null,"tiered_pricing_quantity_step":"10","_links":{"self":[{"href":"https:\/\/aiviouvapes.com\/cs\/wp-json\/wp\/v2\/product\/37337","targetHints":{"allow":["GET"]}}],"collection":[{"href":"https:\/\/aiviouvapes.com\/cs\/wp-json\/wp\/v2\/product"}],"about":[{"href":"https:\/\/aiviouvapes.com\/cs\/wp-json\/wp\/v2\/types\/product"}],"replies":[{"embeddable":true,"href":"https:\/\/aiviouvapes.com\/cs\/wp-json\/wp\/v2\/comments?post=37337"}],"wp:featuredmedia":[{"embeddable":true,"href":"https:\/\/aiviouvapes.com\/cs\/wp-json\/wp\/v2\/media\/40849"}],"wp:attachment":[{"href":"https:\/\/aiviouvapes.com\/cs\/wp-json\/wp\/v2\/media?parent=37337"}],"wp:term":[{"taxonomy":"product_brand","embeddable":true,"href":"https:\/\/aiviouvapes.com\/cs\/wp-json\/wp\/v2\/product_brand?post=37337"},{"taxonomy":"product_cat","embeddable":true,"href":"https:\/\/aiviouvapes.com\/cs\/wp-json\/wp\/v2\/product_cat?post=37337"},{"taxonomy":"product_tag","embeddable":true,"href":"https:\/\/aiviouvapes.com\/cs\/wp-json\/wp\/v2\/product_tag?post=37337"}],"curies":[{"name":"wp","href":"https:\/\/api.w.org\/{rel}","templated":true}]}}