{"id":37177,"date":"2025-06-16T11:29:01","date_gmt":"2025-06-16T03:29:01","guid":{"rendered":"https:\/\/aiviouvapes.com\/?post_type=product&#038;p=37177"},"modified":"2026-04-17T13:00:52","modified_gmt":"2026-04-17T05:00:52","slug":"vapsolo-triple-30000-puffs","status":"publish","type":"product","link":"https:\/\/aiviouvapes.com\/cs\/product\/vapsolo-triple-30000-puffs\/","title":{"rendered":"Vapsolo Triple 30000 Puffs | p\u0159\u00edchu\u0165 3 v 1, 36 ml e-liquidu, LCD displej, jednor\u00e1zov\u00fd vape ve velk\u00e9m balen\u00ed"},"content":{"rendered":"<h2>\ud83d\udd11 Kl\u00ed\u010dov\u00e9 vlastnosti VapSolo Triple 30000 Puffs Disposable Vape<\/h2>\n<ul>\n<li><strong>A\u017e 30 000 puf\u016f:<\/strong> Dlouhodob\u00fd v\u00fdkon pro dlouhodob\u00e9 pou\u017e\u00edv\u00e1n\u00ed bez nutnosti \u010dast\u00e9 v\u00fdm\u011bny.<\/li>\n<li><strong>Trojit\u00fd syst\u00e9m p\u0159\u00edchut\u00ed:<\/strong> Vychutnejte si t\u0159i r\u016fzn\u00e9 p\u0159\u00edchut\u011b v jednom p\u0159\u00edstroji - ide\u00e1ln\u00ed pro ty, kte\u0159\u00ed tou\u017e\u00ed po rozmanitosti.<\/li>\n<li><strong>Obrovsk\u00e1 kapacita 45 ml e-liquidu:<\/strong> 15 ml na p\u0159\u00edchu\u0165, co\u017e zaji\u0161\u0165uje konzistentn\u00ed vapov\u00e1n\u00ed bez vy\u010derp\u00e1n\u00ed.<\/li>\n<li><strong>1.0\u03a9 Triple Mesh Coil:<\/strong> Vynikaj\u00edc\u00ed produkce p\u00e1ry a chuti p\u0159i ka\u017ed\u00e9m \u0161luknut\u00ed.<\/li>\n<li><strong>Nab\u00edjec\u00ed baterie s kapacitou 650 mAh:<\/strong> Spolehliv\u00e9 nap\u00e1jen\u00ed s rychl\u00fdm nab\u00edjen\u00edm typu C pro v\u011bt\u0161\u00ed pohodl\u00ed.<\/li>\n<li><strong>Chytr\u00fd displej LCD:<\/strong> Sledov\u00e1n\u00ed po\u010dtu \u0161luk\u016f, \u017eivotnosti baterie a aktivn\u00ed chuti v re\u00e1ln\u00e9m \u010dase.<\/li>\n<li><strong>Stabiln\u00ed nap\u011bt\u00ed p\u0159i 3,6 V:<\/strong> Zaji\u0161\u0165uje konzistentn\u00ed vapingov\u00fd v\u00fdkon od za\u010d\u00e1tku do konce.<\/li>\n<li><strong>Kompaktn\u00ed a lehk\u00fd design:<\/strong> Je vhodn\u00fd do kapsy a snadno se p\u0159en\u00e1\u0161\u00ed na cesty.<\/li>\n<li><strong>Mo\u017enosti nikotinu:<\/strong> K dispozici jsou varianty 2% a 5%, kter\u00e9 vyhovuj\u00ed jak lehk\u00fdm, tak zku\u0161en\u00fdm vaper\u016fm.<\/li>\n<\/ul>\n<h2>\ud83d\udd25 Pro\u010d si vybrat VapSolo Triple 30K Disposable Vape?<\/h2>\n<p>VapSolo Triple 30000 je dokonal\u00fd jednor\u00e1zov\u00fd vape pro u\u017eivatele, kte\u0159\u00ed vy\u017eaduj\u00ed rozmanitost, pohodl\u00ed a vysok\u00fd v\u00fdkon. D\u00edky funkci troj\u00ed p\u0159\u00edchut\u011b, velk\u00e9 n\u00e1dr\u017ece na e-liquid a dob\u00edjec\u00ed baterii je toto za\u0159\u00edzen\u00ed stvo\u0159eno ke spokojenosti. A\u0165 u\u017e jste milovn\u00edci p\u0159\u00edchut\u00ed, nebo p\u0159\u00edle\u017eitostn\u00ed vape\u0159i, VapSolo Triple nab\u00edz\u00ed plynul\u00fd, bohat\u00fd a nep\u0159eru\u0161ovan\u00fd z\u00e1\u017eitek z vapov\u00e1n\u00ed - nav\u00edc s digit\u00e1ln\u00edm displejem, kter\u00fd m\u00e1 v\u0161e pod kontrolou. Jeho elegantn\u00ed design a masivn\u00ed po\u010det potah\u016f z n\u011bj d\u011blaj\u00ed spolehliv\u00e9ho ka\u017edodenn\u00edho spole\u010dn\u00edka pro ka\u017ed\u00e9ho vapera.<\/p>\n<h2>\ud83c\udf53 Dostupn\u00e9 kombinace chut\u00ed<\/h2>\n<ul>\n<li>1. Melounov\u00fd led a jahodov\u00e9 kiwi a citronov\u00e1 m\u00e1ta<\/li>\n<li>2. Blue Razz Ice &amp; Mango Peach &amp; Grape Ice<\/li>\n<li>3. Cola Ice &amp; Cherry Gran\u00e1tov\u00e9 jablko &amp; Sour Apple<\/li>\n<li>4. Jahoda Ban\u00e1n a malina Meloun a ananas Kokos<\/li>\n<li>5. Tropick\u00fd pun\u010d &amp; jahodov\u00e1 zmrzlina &amp; zelen\u00e9 jablko<\/li>\n<li>6. Bor\u016fvkov\u00e1 m\u00e1ta &amp; Love 66 &amp; Double Apple<\/li>\n<li>7. Kiwi a mu\u010denka Guava a jahoda T\u0159e\u0161e\u0148 a sv\u011b\u017e\u00ed led<\/li>\n<li>8. Led z \u010dern\u00e9ho ryb\u00edzu a li\u010di Meloun a sm\u011bs ovoce<\/li>\n<li>9. Red Bull &amp; Jahoda Hroznov\u00e9 v\u00edno &amp; Bor\u016fvka Malina<\/li>\n<li>10. Energetick\u00fd n\u00e1poj &amp; broskvov\u00fd led &amp; chladiv\u00e1 m\u00e1ta<\/li>\n<\/ul>\n<p><img data-recalc-dims=\"1\" loading=\"lazy\" decoding=\"async\" class=\"alignnone size-full wp-image-46143\" src=\"https:\/\/i0.wp.com\/aiviouvapes.com\/wp-content\/uploads\/2025\/06\/VapSolo-30000-Puffs.jpg?resize=1000%2C1000&#038;ssl=1\" alt=\",\" width=\"1000\" height=\"1000\" title=\"\" srcset=\"https:\/\/i0.wp.com\/aiviouvapes.com\/wp-content\/uploads\/2025\/06\/VapSolo-30000-Puffs.jpg?w=1000&amp;ssl=1 1000w, https:\/\/i0.wp.com\/aiviouvapes.com\/wp-content\/uploads\/2025\/06\/VapSolo-30000-Puffs.jpg?resize=300%2C300&amp;ssl=1 300w, https:\/\/i0.wp.com\/aiviouvapes.com\/wp-content\/uploads\/2025\/06\/VapSolo-30000-Puffs.jpg?resize=150%2C150&amp;ssl=1 150w, https:\/\/i0.wp.com\/aiviouvapes.com\/wp-content\/uploads\/2025\/06\/VapSolo-30000-Puffs.jpg?resize=768%2C768&amp;ssl=1 768w, https:\/\/i0.wp.com\/aiviouvapes.com\/wp-content\/uploads\/2025\/06\/VapSolo-30000-Puffs.jpg?resize=12%2C12&amp;ssl=1 12w, https:\/\/i0.wp.com\/aiviouvapes.com\/wp-content\/uploads\/2025\/06\/VapSolo-30000-Puffs.jpg?resize=400%2C400&amp;ssl=1 400w, https:\/\/i0.wp.com\/aiviouvapes.com\/wp-content\/uploads\/2025\/06\/VapSolo-30000-Puffs.jpg?resize=800%2C800&amp;ssl=1 800w, https:\/\/i0.wp.com\/aiviouvapes.com\/wp-content\/uploads\/2025\/06\/VapSolo-30000-Puffs.jpg?resize=100%2C100&amp;ssl=1 100w\" sizes=\"auto, (max-width: 1000px) 100vw, 1000px\" \/> <img data-recalc-dims=\"1\" loading=\"lazy\" decoding=\"async\" class=\"alignnone size-full wp-image-46144\" src=\"https:\/\/i0.wp.com\/aiviouvapes.com\/wp-content\/uploads\/2025\/06\/VapSolo-30000-Puffs-2.jpg?resize=1000%2C1000&#038;ssl=1\" alt=\",\" width=\"1000\" height=\"1000\" title=\"\" srcset=\"https:\/\/i0.wp.com\/aiviouvapes.com\/wp-content\/uploads\/2025\/06\/VapSolo-30000-Puffs-2.jpg?w=1000&amp;ssl=1 1000w, https:\/\/i0.wp.com\/aiviouvapes.com\/wp-content\/uploads\/2025\/06\/VapSolo-30000-Puffs-2.jpg?resize=300%2C300&amp;ssl=1 300w, https:\/\/i0.wp.com\/aiviouvapes.com\/wp-content\/uploads\/2025\/06\/VapSolo-30000-Puffs-2.jpg?resize=150%2C150&amp;ssl=1 150w, https:\/\/i0.wp.com\/aiviouvapes.com\/wp-content\/uploads\/2025\/06\/VapSolo-30000-Puffs-2.jpg?resize=768%2C768&amp;ssl=1 768w, https:\/\/i0.wp.com\/aiviouvapes.com\/wp-content\/uploads\/2025\/06\/VapSolo-30000-Puffs-2.jpg?resize=12%2C12&amp;ssl=1 12w, https:\/\/i0.wp.com\/aiviouvapes.com\/wp-content\/uploads\/2025\/06\/VapSolo-30000-Puffs-2.jpg?resize=400%2C400&amp;ssl=1 400w, https:\/\/i0.wp.com\/aiviouvapes.com\/wp-content\/uploads\/2025\/06\/VapSolo-30000-Puffs-2.jpg?resize=800%2C800&amp;ssl=1 800w, https:\/\/i0.wp.com\/aiviouvapes.com\/wp-content\/uploads\/2025\/06\/VapSolo-30000-Puffs-2.jpg?resize=100%2C100&amp;ssl=1 100w\" sizes=\"auto, (max-width: 1000px) 100vw, 1000px\" \/> <img data-recalc-dims=\"1\" loading=\"lazy\" decoding=\"async\" class=\"alignnone size-full wp-image-46145\" src=\"https:\/\/i0.wp.com\/aiviouvapes.com\/wp-content\/uploads\/2025\/06\/VapSolo-30000-Puffs-3.jpg?resize=1000%2C1000&#038;ssl=1\" alt=\",\" width=\"1000\" height=\"1000\" title=\"\" srcset=\"https:\/\/i0.wp.com\/aiviouvapes.com\/wp-content\/uploads\/2025\/06\/VapSolo-30000-Puffs-3.jpg?w=1000&amp;ssl=1 1000w, https:\/\/i0.wp.com\/aiviouvapes.com\/wp-content\/uploads\/2025\/06\/VapSolo-30000-Puffs-3.jpg?resize=300%2C300&amp;ssl=1 300w, https:\/\/i0.wp.com\/aiviouvapes.com\/wp-content\/uploads\/2025\/06\/VapSolo-30000-Puffs-3.jpg?resize=150%2C150&amp;ssl=1 150w, https:\/\/i0.wp.com\/aiviouvapes.com\/wp-content\/uploads\/2025\/06\/VapSolo-30000-Puffs-3.jpg?resize=768%2C768&amp;ssl=1 768w, https:\/\/i0.wp.com\/aiviouvapes.com\/wp-content\/uploads\/2025\/06\/VapSolo-30000-Puffs-3.jpg?resize=12%2C12&amp;ssl=1 12w, https:\/\/i0.wp.com\/aiviouvapes.com\/wp-content\/uploads\/2025\/06\/VapSolo-30000-Puffs-3.jpg?resize=400%2C400&amp;ssl=1 400w, https:\/\/i0.wp.com\/aiviouvapes.com\/wp-content\/uploads\/2025\/06\/VapSolo-30000-Puffs-3.jpg?resize=800%2C800&amp;ssl=1 800w, https:\/\/i0.wp.com\/aiviouvapes.com\/wp-content\/uploads\/2025\/06\/VapSolo-30000-Puffs-3.jpg?resize=100%2C100&amp;ssl=1 100w\" sizes=\"auto, (max-width: 1000px) 100vw, 1000px\" \/><\/p>","protected":false},"excerpt":{"rendered":"<p>Za\u017eijte trojn\u00e1sobnou chu\u0165 a a\u017e 30 000 potah\u016f s jednor\u00e1zovou vapkou VapSolo Triple 30K - v\u00fdkonnou, aromatickou a funk\u010dn\u011b bohatou vapkou navr\u017eenou pro dlouhotrvaj\u00edc\u00ed spokojenost.<\/p>\n<a href=\"https:\/\/aiviouvapes.com\/cs\/why-waspe-100k-4-in-1-outshines-vapsolo-triple-30k\/\" target=\"_blank\" class=\"button secondary is-secondary is-medium hide-this-btn1\" rel=\"noopener\" >\n\t\t<span>\ud83d\udc51 Zjist\u011bte, pro\u010d si chyt\u0159\u00ed vape\u0159i vyb\u00edraj\u00ed WASPE 100K m\u00edsto VapSolo \u2705<\/span>\n\t<\/a>","protected":false},"featured_media":37178,"comment_status":"open","ping_status":"closed","template":"","meta":[],"product_brand":[228],"product_cat":[48,131,573,572],"product_tag":[],"class_list":{"0":"post-37177","1":"product","2":"type-product","3":"status-publish","4":"has-post-thumbnail","6":"product_brand-vapsolo","7":"product_cat-vapsolo","8":"product_cat-30000-puffs-disposable-vape","9":"product_cat-new-3","10":"product_cat-new-2","12":"first","13":"instock","14":"shipping-taxable","15":"purchasable","16":"product-type-variable","17":"has-default-attributes"},"jetpack_sharing_enabled":true,"tiered_pricing_type":"fixed","tiered_pricing_fixed_rules":{"2000":7.6500000000000003552713678800500929355621337890625},"tiered_pricing_product_settings":{"layout":"default","base_unit_name":{"singular":null,"plural":null},"default_variation":null},"tiered_pricing_minimum_quantity":1000,"tiered_pricing_roles_data":[],"tiered_pricing_percentage_rules":[],"tiered_pricing_maximum_quantity":null,"tiered_pricing_quantity_step":"10","_links":{"self":[{"href":"https:\/\/aiviouvapes.com\/cs\/wp-json\/wp\/v2\/product\/37177","targetHints":{"allow":["GET"]}}],"collection":[{"href":"https:\/\/aiviouvapes.com\/cs\/wp-json\/wp\/v2\/product"}],"about":[{"href":"https:\/\/aiviouvapes.com\/cs\/wp-json\/wp\/v2\/types\/product"}],"replies":[{"embeddable":true,"href":"https:\/\/aiviouvapes.com\/cs\/wp-json\/wp\/v2\/comments?post=37177"}],"wp:featuredmedia":[{"embeddable":true,"href":"https:\/\/aiviouvapes.com\/cs\/wp-json\/wp\/v2\/media\/37178"}],"wp:attachment":[{"href":"https:\/\/aiviouvapes.com\/cs\/wp-json\/wp\/v2\/media?parent=37177"}],"wp:term":[{"taxonomy":"product_brand","embeddable":true,"href":"https:\/\/aiviouvapes.com\/cs\/wp-json\/wp\/v2\/product_brand?post=37177"},{"taxonomy":"product_cat","embeddable":true,"href":"https:\/\/aiviouvapes.com\/cs\/wp-json\/wp\/v2\/product_cat?post=37177"},{"taxonomy":"product_tag","embeddable":true,"href":"https:\/\/aiviouvapes.com\/cs\/wp-json\/wp\/v2\/product_tag?post=37177"}],"curies":[{"name":"wp","href":"https:\/\/api.w.org\/{rel}","templated":true}]}}