{"id":37132,"date":"2025-06-17T17:06:19","date_gmt":"2025-06-17T09:06:19","guid":{"rendered":"https:\/\/aiviouvapes.com\/?post_type=product&#038;p=37132"},"modified":"2025-11-13T12:19:51","modified_gmt":"2025-11-13T04:19:51","slug":"vapme-digital-30000-puffs","status":"publish","type":"product","link":"https:\/\/aiviouvapes.com\/cs\/product\/vapme-digital-30000-puffs\/","title":{"rendered":"VAPME DIGITAL 30000 Puffs | 12 p\u0159\u00edchut\u00ed, 20 ml, 0,6\u03a9 mesh coil hromadn\u00fd jednor\u00e1zov\u00fd vape"},"content":{"rendered":"<h2>\ud83d\udd11 Kl\u00ed\u010dov\u00e9 vlastnosti VAPME DIGITAL 30000<\/h2>\n<ul>\n<li><strong>Masivn\u00ed po\u010det puf\u016f:<\/strong> Poskytuje v\u00edce ne\u017e 30 000 potah\u016f pro velmi dlouh\u00e9 vapov\u00e1n\u00ed.<\/li>\n<li><strong>Mo\u017enosti s vysok\u00fdm obsahem nikotinu:<\/strong> K dispozici v proveden\u00edch 0%, 12%, 13% a 15%, kter\u00e9 vyhov\u00ed ka\u017ed\u00e9mu.<\/li>\n<li><strong>Velk\u00e1 kapacita e-liquidu:<\/strong> P\u0159edpln\u011bn\u00e9 20 ml pr\u00e9miov\u00e9 vape \u0161\u0165\u00e1vy - m\u00e9n\u011b dopl\u0148ov\u00e1n\u00ed, v\u00edce po\u017eitku.<\/li>\n<li><strong>Siln\u00e1 baterie:<\/strong> Je vybaven dob\u00edjec\u00ed bateri\u00ed s kapacitou 850 mAh a praktick\u00fdm nab\u00edjec\u00edm portem typu C.<\/li>\n<li><strong>Pokro\u010dil\u00e1 s\u00ed\u0165ov\u00e1 c\u00edvka:<\/strong> Pou\u017e\u00edv\u00e1 spir\u00e1lku s oky 0,6\u03a9 pro bohatou, jemnou chu\u0165 a hustou produkci p\u00e1ry.<\/li>\n<li><strong>Ide\u00e1ln\u00ed pro milovn\u00edky MTL:<\/strong> Navr\u017eeno pro potahov\u00e1n\u00ed z \u00fast do plic, kter\u00e9 simuluje skute\u010dn\u00fd z\u00e1\u017eitek z kou\u0159en\u00ed.<\/li>\n<\/ul>\n<h2>\ud83d\udca1 Pro\u010d si vybrat VAPME DIGITAL 30000?<\/h2>\n<p>Tato vysoce v\u00fdkonn\u00e1 jednor\u00e1zov\u00e1 vape je ide\u00e1ln\u00ed pro ka\u017ed\u00e9ho, kdo hled\u00e1 siln\u00fd p\u0159\u00edsun nikotinu, hladk\u00e9 MTL potahy a v\u00fdrazn\u00e9 p\u0159\u00edchut\u011b. D\u00edky chytr\u00e9mu digit\u00e1ln\u00edmu designu a \u0161pi\u010dkov\u00e9mu po\u010dtu \u0161luk\u016f je stvo\u0159ena pro n\u00e1ro\u010dn\u00e9 u\u017eivatele i z\u00e1kazn\u00edky, kte\u0159\u00ed si ji kupuj\u00ed ve velk\u00e9m.<\/p>\n<h2>\ud83c\udf53 Dostupn\u00e9 p\u0159\u00edchut\u011b<\/h2>\n<ul>\n<li>Bor\u016fvka malina<\/li>\n<li>T\u0159e\u0161\u0148ov\u00fd led<\/li>\n<li>Kiwi Passionfruit Guava<\/li>\n<li>Jahodov\u00e1 zmrzlina<\/li>\n<li>Jahodov\u00e9 kiwi<\/li>\n<li>Jahodov\u00fd Red Bull<\/li>\n<li>Jahodov\u00fd hrozen<\/li>\n<li>Melounov\u00fd led<\/li>\n<li>Broskvov\u00fd led<\/li>\n<li>Energetick\u00fd n\u00e1poj<\/li>\n<li>Lady Killa<\/li>\n<li>L\u00e1ska 66<\/li>\n<\/ul>\n<p><img data-recalc-dims=\"1\" loading=\"lazy\" decoding=\"async\" class=\"alignnone size-full wp-image-37168\" src=\"https:\/\/i0.wp.com\/aiviouvapes.com\/wp-content\/uploads\/2025\/06\/VAPME-DIGITAL-30000-details1.jpg?resize=1020%2C683&#038;ssl=1\" alt=\",\" width=\"1020\" height=\"683\" title=\"\" srcset=\"https:\/\/i0.wp.com\/aiviouvapes.com\/wp-content\/uploads\/2025\/06\/VAPME-DIGITAL-30000-details1.jpg?w=1920&amp;ssl=1 1920w, https:\/\/i0.wp.com\/aiviouvapes.com\/wp-content\/uploads\/2025\/06\/VAPME-DIGITAL-30000-details1.jpg?resize=300%2C201&amp;ssl=1 300w, https:\/\/i0.wp.com\/aiviouvapes.com\/wp-content\/uploads\/2025\/06\/VAPME-DIGITAL-30000-details1.jpg?resize=1024%2C685&amp;ssl=1 1024w, https:\/\/i0.wp.com\/aiviouvapes.com\/wp-content\/uploads\/2025\/06\/VAPME-DIGITAL-30000-details1.jpg?resize=768%2C514&amp;ssl=1 768w, https:\/\/i0.wp.com\/aiviouvapes.com\/wp-content\/uploads\/2025\/06\/VAPME-DIGITAL-30000-details1.jpg?resize=1536%2C1028&amp;ssl=1 1536w, https:\/\/i0.wp.com\/aiviouvapes.com\/wp-content\/uploads\/2025\/06\/VAPME-DIGITAL-30000-details1.jpg?resize=18%2C12&amp;ssl=1 18w, https:\/\/i0.wp.com\/aiviouvapes.com\/wp-content\/uploads\/2025\/06\/VAPME-DIGITAL-30000-details1.jpg?resize=1320%2C883&amp;ssl=1 1320w, https:\/\/i0.wp.com\/aiviouvapes.com\/wp-content\/uploads\/2025\/06\/VAPME-DIGITAL-30000-details1.jpg?resize=800%2C535&amp;ssl=1 800w\" sizes=\"auto, (max-width: 1020px) 100vw, 1020px\" \/> <img data-recalc-dims=\"1\" loading=\"lazy\" decoding=\"async\" class=\"alignnone size-full wp-image-37176\" src=\"https:\/\/i0.wp.com\/aiviouvapes.com\/wp-content\/uploads\/2025\/06\/VAPME-DIGITAL-30000-details9.jpg?resize=1020%2C1020&#038;ssl=1\" alt=\",\" width=\"1020\" height=\"1020\" title=\"\" srcset=\"https:\/\/i0.wp.com\/aiviouvapes.com\/wp-content\/uploads\/2025\/06\/VAPME-DIGITAL-30000-details9.jpg?w=1920&amp;ssl=1 1920w, https:\/\/i0.wp.com\/aiviouvapes.com\/wp-content\/uploads\/2025\/06\/VAPME-DIGITAL-30000-details9.jpg?resize=300%2C300&amp;ssl=1 300w, https:\/\/i0.wp.com\/aiviouvapes.com\/wp-content\/uploads\/2025\/06\/VAPME-DIGITAL-30000-details9.jpg?resize=1024%2C1024&amp;ssl=1 1024w, https:\/\/i0.wp.com\/aiviouvapes.com\/wp-content\/uploads\/2025\/06\/VAPME-DIGITAL-30000-details9.jpg?resize=150%2C150&amp;ssl=1 150w, https:\/\/i0.wp.com\/aiviouvapes.com\/wp-content\/uploads\/2025\/06\/VAPME-DIGITAL-30000-details9.jpg?resize=768%2C768&amp;ssl=1 768w, https:\/\/i0.wp.com\/aiviouvapes.com\/wp-content\/uploads\/2025\/06\/VAPME-DIGITAL-30000-details9.jpg?resize=1536%2C1536&amp;ssl=1 1536w, https:\/\/i0.wp.com\/aiviouvapes.com\/wp-content\/uploads\/2025\/06\/VAPME-DIGITAL-30000-details9.jpg?resize=12%2C12&amp;ssl=1 12w, https:\/\/i0.wp.com\/aiviouvapes.com\/wp-content\/uploads\/2025\/06\/VAPME-DIGITAL-30000-details9.jpg?resize=1320%2C1320&amp;ssl=1 1320w, https:\/\/i0.wp.com\/aiviouvapes.com\/wp-content\/uploads\/2025\/06\/VAPME-DIGITAL-30000-details9.jpg?resize=400%2C400&amp;ssl=1 400w, https:\/\/i0.wp.com\/aiviouvapes.com\/wp-content\/uploads\/2025\/06\/VAPME-DIGITAL-30000-details9.jpg?resize=800%2C800&amp;ssl=1 800w, https:\/\/i0.wp.com\/aiviouvapes.com\/wp-content\/uploads\/2025\/06\/VAPME-DIGITAL-30000-details9.jpg?resize=100%2C100&amp;ssl=1 100w\" sizes=\"auto, (max-width: 1020px) 100vw, 1020px\" \/> <img data-recalc-dims=\"1\" loading=\"lazy\" decoding=\"async\" class=\"alignnone size-full wp-image-37175\" src=\"https:\/\/i0.wp.com\/aiviouvapes.com\/wp-content\/uploads\/2025\/06\/VAPME-DIGITAL-30000-details8.jpg?resize=1020%2C680&#038;ssl=1\" alt=\",\" width=\"1020\" height=\"680\" title=\"\" srcset=\"https:\/\/i0.wp.com\/aiviouvapes.com\/wp-content\/uploads\/2025\/06\/VAPME-DIGITAL-30000-details8.jpg?w=1920&amp;ssl=1 1920w, https:\/\/i0.wp.com\/aiviouvapes.com\/wp-content\/uploads\/2025\/06\/VAPME-DIGITAL-30000-details8.jpg?resize=300%2C200&amp;ssl=1 300w, https:\/\/i0.wp.com\/aiviouvapes.com\/wp-content\/uploads\/2025\/06\/VAPME-DIGITAL-30000-details8.jpg?resize=1024%2C683&amp;ssl=1 1024w, https:\/\/i0.wp.com\/aiviouvapes.com\/wp-content\/uploads\/2025\/06\/VAPME-DIGITAL-30000-details8.jpg?resize=768%2C512&amp;ssl=1 768w, https:\/\/i0.wp.com\/aiviouvapes.com\/wp-content\/uploads\/2025\/06\/VAPME-DIGITAL-30000-details8.jpg?resize=1536%2C1024&amp;ssl=1 1536w, https:\/\/i0.wp.com\/aiviouvapes.com\/wp-content\/uploads\/2025\/06\/VAPME-DIGITAL-30000-details8.jpg?resize=18%2C12&amp;ssl=1 18w, https:\/\/i0.wp.com\/aiviouvapes.com\/wp-content\/uploads\/2025\/06\/VAPME-DIGITAL-30000-details8.jpg?resize=1320%2C880&amp;ssl=1 1320w, https:\/\/i0.wp.com\/aiviouvapes.com\/wp-content\/uploads\/2025\/06\/VAPME-DIGITAL-30000-details8.jpg?resize=800%2C533&amp;ssl=1 800w\" sizes=\"auto, (max-width: 1020px) 100vw, 1020px\" \/> <img data-recalc-dims=\"1\" loading=\"lazy\" decoding=\"async\" class=\"alignnone size-full wp-image-37174\" src=\"https:\/\/i0.wp.com\/aiviouvapes.com\/wp-content\/uploads\/2025\/06\/VAPME-DIGITAL-30000-details7.jpg?resize=1020%2C1020&#038;ssl=1\" alt=\",\" width=\"1020\" height=\"1020\" title=\"\" srcset=\"https:\/\/i0.wp.com\/aiviouvapes.com\/wp-content\/uploads\/2025\/06\/VAPME-DIGITAL-30000-details7.jpg?w=1920&amp;ssl=1 1920w, https:\/\/i0.wp.com\/aiviouvapes.com\/wp-content\/uploads\/2025\/06\/VAPME-DIGITAL-30000-details7.jpg?resize=300%2C300&amp;ssl=1 300w, https:\/\/i0.wp.com\/aiviouvapes.com\/wp-content\/uploads\/2025\/06\/VAPME-DIGITAL-30000-details7.jpg?resize=1024%2C1024&amp;ssl=1 1024w, https:\/\/i0.wp.com\/aiviouvapes.com\/wp-content\/uploads\/2025\/06\/VAPME-DIGITAL-30000-details7.jpg?resize=150%2C150&amp;ssl=1 150w, https:\/\/i0.wp.com\/aiviouvapes.com\/wp-content\/uploads\/2025\/06\/VAPME-DIGITAL-30000-details7.jpg?resize=768%2C768&amp;ssl=1 768w, https:\/\/i0.wp.com\/aiviouvapes.com\/wp-content\/uploads\/2025\/06\/VAPME-DIGITAL-30000-details7.jpg?resize=1536%2C1536&amp;ssl=1 1536w, https:\/\/i0.wp.com\/aiviouvapes.com\/wp-content\/uploads\/2025\/06\/VAPME-DIGITAL-30000-details7.jpg?resize=12%2C12&amp;ssl=1 12w, https:\/\/i0.wp.com\/aiviouvapes.com\/wp-content\/uploads\/2025\/06\/VAPME-DIGITAL-30000-details7.jpg?resize=1320%2C1320&amp;ssl=1 1320w, https:\/\/i0.wp.com\/aiviouvapes.com\/wp-content\/uploads\/2025\/06\/VAPME-DIGITAL-30000-details7.jpg?resize=400%2C400&amp;ssl=1 400w, https:\/\/i0.wp.com\/aiviouvapes.com\/wp-content\/uploads\/2025\/06\/VAPME-DIGITAL-30000-details7.jpg?resize=800%2C800&amp;ssl=1 800w, https:\/\/i0.wp.com\/aiviouvapes.com\/wp-content\/uploads\/2025\/06\/VAPME-DIGITAL-30000-details7.jpg?resize=100%2C100&amp;ssl=1 100w\" sizes=\"auto, (max-width: 1020px) 100vw, 1020px\" \/> <img data-recalc-dims=\"1\" loading=\"lazy\" decoding=\"async\" class=\"alignnone size-full wp-image-37173\" src=\"https:\/\/i0.wp.com\/aiviouvapes.com\/wp-content\/uploads\/2025\/06\/VAPME-DIGITAL-30000-details6.jpg?resize=1020%2C1020&#038;ssl=1\" alt=\",\" width=\"1020\" height=\"1020\" title=\"\" srcset=\"https:\/\/i0.wp.com\/aiviouvapes.com\/wp-content\/uploads\/2025\/06\/VAPME-DIGITAL-30000-details6.jpg?w=1920&amp;ssl=1 1920w, https:\/\/i0.wp.com\/aiviouvapes.com\/wp-content\/uploads\/2025\/06\/VAPME-DIGITAL-30000-details6.jpg?resize=300%2C300&amp;ssl=1 300w, https:\/\/i0.wp.com\/aiviouvapes.com\/wp-content\/uploads\/2025\/06\/VAPME-DIGITAL-30000-details6.jpg?resize=1024%2C1024&amp;ssl=1 1024w, https:\/\/i0.wp.com\/aiviouvapes.com\/wp-content\/uploads\/2025\/06\/VAPME-DIGITAL-30000-details6.jpg?resize=150%2C150&amp;ssl=1 150w, https:\/\/i0.wp.com\/aiviouvapes.com\/wp-content\/uploads\/2025\/06\/VAPME-DIGITAL-30000-details6.jpg?resize=768%2C768&amp;ssl=1 768w, https:\/\/i0.wp.com\/aiviouvapes.com\/wp-content\/uploads\/2025\/06\/VAPME-DIGITAL-30000-details6.jpg?resize=1536%2C1536&amp;ssl=1 1536w, https:\/\/i0.wp.com\/aiviouvapes.com\/wp-content\/uploads\/2025\/06\/VAPME-DIGITAL-30000-details6.jpg?resize=12%2C12&amp;ssl=1 12w, https:\/\/i0.wp.com\/aiviouvapes.com\/wp-content\/uploads\/2025\/06\/VAPME-DIGITAL-30000-details6.jpg?resize=1320%2C1320&amp;ssl=1 1320w, https:\/\/i0.wp.com\/aiviouvapes.com\/wp-content\/uploads\/2025\/06\/VAPME-DIGITAL-30000-details6.jpg?resize=400%2C400&amp;ssl=1 400w, https:\/\/i0.wp.com\/aiviouvapes.com\/wp-content\/uploads\/2025\/06\/VAPME-DIGITAL-30000-details6.jpg?resize=800%2C800&amp;ssl=1 800w, https:\/\/i0.wp.com\/aiviouvapes.com\/wp-content\/uploads\/2025\/06\/VAPME-DIGITAL-30000-details6.jpg?resize=100%2C100&amp;ssl=1 100w\" sizes=\"auto, (max-width: 1020px) 100vw, 1020px\" \/> <img data-recalc-dims=\"1\" loading=\"lazy\" decoding=\"async\" class=\"alignnone size-full wp-image-37172\" src=\"https:\/\/i0.wp.com\/aiviouvapes.com\/wp-content\/uploads\/2025\/06\/VAPME-DIGITAL-30000-details5.jpg?resize=1020%2C1530&#038;ssl=1\" alt=\",\" width=\"1020\" height=\"1530\" title=\"\" srcset=\"https:\/\/i0.wp.com\/aiviouvapes.com\/wp-content\/uploads\/2025\/06\/VAPME-DIGITAL-30000-details5.jpg?w=1280&amp;ssl=1 1280w, https:\/\/i0.wp.com\/aiviouvapes.com\/wp-content\/uploads\/2025\/06\/VAPME-DIGITAL-30000-details5.jpg?resize=200%2C300&amp;ssl=1 200w, https:\/\/i0.wp.com\/aiviouvapes.com\/wp-content\/uploads\/2025\/06\/VAPME-DIGITAL-30000-details5.jpg?resize=683%2C1024&amp;ssl=1 683w, https:\/\/i0.wp.com\/aiviouvapes.com\/wp-content\/uploads\/2025\/06\/VAPME-DIGITAL-30000-details5.jpg?resize=768%2C1152&amp;ssl=1 768w, https:\/\/i0.wp.com\/aiviouvapes.com\/wp-content\/uploads\/2025\/06\/VAPME-DIGITAL-30000-details5.jpg?resize=1024%2C1536&amp;ssl=1 1024w, https:\/\/i0.wp.com\/aiviouvapes.com\/wp-content\/uploads\/2025\/06\/VAPME-DIGITAL-30000-details5.jpg?resize=8%2C12&amp;ssl=1 8w, https:\/\/i0.wp.com\/aiviouvapes.com\/wp-content\/uploads\/2025\/06\/VAPME-DIGITAL-30000-details5.jpg?resize=800%2C1200&amp;ssl=1 800w\" sizes=\"auto, (max-width: 1020px) 100vw, 1020px\" \/> <img data-recalc-dims=\"1\" loading=\"lazy\" decoding=\"async\" class=\"alignnone size-full wp-image-37171\" src=\"https:\/\/i0.wp.com\/aiviouvapes.com\/wp-content\/uploads\/2025\/06\/VAPME-DIGITAL-30000-details4.jpg?resize=1020%2C680&#038;ssl=1\" alt=\",\" width=\"1020\" height=\"680\" title=\"\" srcset=\"https:\/\/i0.wp.com\/aiviouvapes.com\/wp-content\/uploads\/2025\/06\/VAPME-DIGITAL-30000-details4.jpg?w=1920&amp;ssl=1 1920w, https:\/\/i0.wp.com\/aiviouvapes.com\/wp-content\/uploads\/2025\/06\/VAPME-DIGITAL-30000-details4.jpg?resize=300%2C200&amp;ssl=1 300w, https:\/\/i0.wp.com\/aiviouvapes.com\/wp-content\/uploads\/2025\/06\/VAPME-DIGITAL-30000-details4.jpg?resize=1024%2C683&amp;ssl=1 1024w, https:\/\/i0.wp.com\/aiviouvapes.com\/wp-content\/uploads\/2025\/06\/VAPME-DIGITAL-30000-details4.jpg?resize=768%2C512&amp;ssl=1 768w, https:\/\/i0.wp.com\/aiviouvapes.com\/wp-content\/uploads\/2025\/06\/VAPME-DIGITAL-30000-details4.jpg?resize=1536%2C1024&amp;ssl=1 1536w, https:\/\/i0.wp.com\/aiviouvapes.com\/wp-content\/uploads\/2025\/06\/VAPME-DIGITAL-30000-details4.jpg?resize=18%2C12&amp;ssl=1 18w, https:\/\/i0.wp.com\/aiviouvapes.com\/wp-content\/uploads\/2025\/06\/VAPME-DIGITAL-30000-details4.jpg?resize=1320%2C880&amp;ssl=1 1320w, https:\/\/i0.wp.com\/aiviouvapes.com\/wp-content\/uploads\/2025\/06\/VAPME-DIGITAL-30000-details4.jpg?resize=800%2C533&amp;ssl=1 800w\" sizes=\"auto, (max-width: 1020px) 100vw, 1020px\" \/> <img data-recalc-dims=\"1\" loading=\"lazy\" decoding=\"async\" class=\"alignnone size-full wp-image-37170\" src=\"https:\/\/i0.wp.com\/aiviouvapes.com\/wp-content\/uploads\/2025\/06\/VAPME-DIGITAL-30000-details3.jpg?resize=1020%2C1020&#038;ssl=1\" alt=\",\" width=\"1020\" height=\"1020\" title=\"\" srcset=\"https:\/\/i0.wp.com\/aiviouvapes.com\/wp-content\/uploads\/2025\/06\/VAPME-DIGITAL-30000-details3.jpg?w=1920&amp;ssl=1 1920w, https:\/\/i0.wp.com\/aiviouvapes.com\/wp-content\/uploads\/2025\/06\/VAPME-DIGITAL-30000-details3.jpg?resize=300%2C300&amp;ssl=1 300w, https:\/\/i0.wp.com\/aiviouvapes.com\/wp-content\/uploads\/2025\/06\/VAPME-DIGITAL-30000-details3.jpg?resize=1024%2C1024&amp;ssl=1 1024w, https:\/\/i0.wp.com\/aiviouvapes.com\/wp-content\/uploads\/2025\/06\/VAPME-DIGITAL-30000-details3.jpg?resize=150%2C150&amp;ssl=1 150w, https:\/\/i0.wp.com\/aiviouvapes.com\/wp-content\/uploads\/2025\/06\/VAPME-DIGITAL-30000-details3.jpg?resize=768%2C768&amp;ssl=1 768w, https:\/\/i0.wp.com\/aiviouvapes.com\/wp-content\/uploads\/2025\/06\/VAPME-DIGITAL-30000-details3.jpg?resize=1536%2C1536&amp;ssl=1 1536w, https:\/\/i0.wp.com\/aiviouvapes.com\/wp-content\/uploads\/2025\/06\/VAPME-DIGITAL-30000-details3.jpg?resize=12%2C12&amp;ssl=1 12w, https:\/\/i0.wp.com\/aiviouvapes.com\/wp-content\/uploads\/2025\/06\/VAPME-DIGITAL-30000-details3.jpg?resize=1320%2C1320&amp;ssl=1 1320w, https:\/\/i0.wp.com\/aiviouvapes.com\/wp-content\/uploads\/2025\/06\/VAPME-DIGITAL-30000-details3.jpg?resize=400%2C400&amp;ssl=1 400w, https:\/\/i0.wp.com\/aiviouvapes.com\/wp-content\/uploads\/2025\/06\/VAPME-DIGITAL-30000-details3.jpg?resize=800%2C800&amp;ssl=1 800w, https:\/\/i0.wp.com\/aiviouvapes.com\/wp-content\/uploads\/2025\/06\/VAPME-DIGITAL-30000-details3.jpg?resize=100%2C100&amp;ssl=1 100w\" sizes=\"auto, (max-width: 1020px) 100vw, 1020px\" \/> <img data-recalc-dims=\"1\" loading=\"lazy\" decoding=\"async\" class=\"alignnone size-full wp-image-37169\" src=\"https:\/\/i0.wp.com\/aiviouvapes.com\/wp-content\/uploads\/2025\/06\/VAPME-DIGITAL-30000-details2.jpg?resize=1020%2C1020&#038;ssl=1\" alt=\",\" width=\"1020\" height=\"1020\" title=\"\" srcset=\"https:\/\/i0.wp.com\/aiviouvapes.com\/wp-content\/uploads\/2025\/06\/VAPME-DIGITAL-30000-details2.jpg?w=1920&amp;ssl=1 1920w, https:\/\/i0.wp.com\/aiviouvapes.com\/wp-content\/uploads\/2025\/06\/VAPME-DIGITAL-30000-details2.jpg?resize=300%2C300&amp;ssl=1 300w, https:\/\/i0.wp.com\/aiviouvapes.com\/wp-content\/uploads\/2025\/06\/VAPME-DIGITAL-30000-details2.jpg?resize=1024%2C1024&amp;ssl=1 1024w, https:\/\/i0.wp.com\/aiviouvapes.com\/wp-content\/uploads\/2025\/06\/VAPME-DIGITAL-30000-details2.jpg?resize=150%2C150&amp;ssl=1 150w, https:\/\/i0.wp.com\/aiviouvapes.com\/wp-content\/uploads\/2025\/06\/VAPME-DIGITAL-30000-details2.jpg?resize=768%2C768&amp;ssl=1 768w, https:\/\/i0.wp.com\/aiviouvapes.com\/wp-content\/uploads\/2025\/06\/VAPME-DIGITAL-30000-details2.jpg?resize=1536%2C1536&amp;ssl=1 1536w, https:\/\/i0.wp.com\/aiviouvapes.com\/wp-content\/uploads\/2025\/06\/VAPME-DIGITAL-30000-details2.jpg?resize=12%2C12&amp;ssl=1 12w, https:\/\/i0.wp.com\/aiviouvapes.com\/wp-content\/uploads\/2025\/06\/VAPME-DIGITAL-30000-details2.jpg?resize=1320%2C1320&amp;ssl=1 1320w, https:\/\/i0.wp.com\/aiviouvapes.com\/wp-content\/uploads\/2025\/06\/VAPME-DIGITAL-30000-details2.jpg?resize=400%2C400&amp;ssl=1 400w, https:\/\/i0.wp.com\/aiviouvapes.com\/wp-content\/uploads\/2025\/06\/VAPME-DIGITAL-30000-details2.jpg?resize=800%2C800&amp;ssl=1 800w, https:\/\/i0.wp.com\/aiviouvapes.com\/wp-content\/uploads\/2025\/06\/VAPME-DIGITAL-30000-details2.jpg?resize=100%2C100&amp;ssl=1 100w\" sizes=\"auto, (max-width: 1020px) 100vw, 1020px\" \/><\/p>","protected":false},"excerpt":{"rendered":"<p>VAPME DIGITAL 30000 jednor\u00e1zov\u00fd vape nab\u00edz\u00ed v\u00edce ne\u017e 30 000 potah\u016f, odv\u00e1\u017en\u00fd v\u00fdb\u011br p\u0159\u00edchut\u00ed a vysok\u00fd obsah nikotinu v kompaktn\u00edm za\u0159\u00edzen\u00ed s nab\u00edjen\u00edm typu C - ide\u00e1ln\u00ed pro intenzivn\u00ed a dlouhotrvaj\u00edc\u00ed uspokojen\u00ed.<\/p>","protected":false},"featured_media":37133,"comment_status":"open","ping_status":"closed","template":"","meta":[],"product_brand":[233],"product_cat":[20,131],"product_tag":[],"class_list":{"0":"post-37132","1":"product","2":"type-product","3":"status-publish","4":"has-post-thumbnail","6":"product_brand-vapme","7":"product_cat-vapme-vapes","8":"product_cat-30000-puffs-disposable-vape","10":"first","11":"instock","12":"shipping-taxable","13":"purchasable","14":"product-type-variable","15":"has-default-attributes"},"jetpack_sharing_enabled":true,"tiered_pricing_type":"fixed","tiered_pricing_fixed_rules":{"30":9.3800000000000007815970093361102044582366943359375,"50":7.6500000000000003552713678800500929355621337890625,"100":7.04000000000000003552713678800500929355621337890625,"200":6.6699999999999999289457264239899814128875732421875,"400":6.230000000000000426325641456060111522674560546875},"tiered_pricing_product_settings":{"layout":"default","base_unit_name":{"singular":null,"plural":null},"default_variation":null},"tiered_pricing_minimum_quantity":10,"tiered_pricing_roles_data":[],"tiered_pricing_percentage_rules":[],"tiered_pricing_maximum_quantity":null,"tiered_pricing_quantity_step":"10","_links":{"self":[{"href":"https:\/\/aiviouvapes.com\/cs\/wp-json\/wp\/v2\/product\/37132","targetHints":{"allow":["GET"]}}],"collection":[{"href":"https:\/\/aiviouvapes.com\/cs\/wp-json\/wp\/v2\/product"}],"about":[{"href":"https:\/\/aiviouvapes.com\/cs\/wp-json\/wp\/v2\/types\/product"}],"replies":[{"embeddable":true,"href":"https:\/\/aiviouvapes.com\/cs\/wp-json\/wp\/v2\/comments?post=37132"}],"wp:featuredmedia":[{"embeddable":true,"href":"https:\/\/aiviouvapes.com\/cs\/wp-json\/wp\/v2\/media\/37133"}],"wp:attachment":[{"href":"https:\/\/aiviouvapes.com\/cs\/wp-json\/wp\/v2\/media?parent=37132"}],"wp:term":[{"taxonomy":"product_brand","embeddable":true,"href":"https:\/\/aiviouvapes.com\/cs\/wp-json\/wp\/v2\/product_brand?post=37132"},{"taxonomy":"product_cat","embeddable":true,"href":"https:\/\/aiviouvapes.com\/cs\/wp-json\/wp\/v2\/product_cat?post=37132"},{"taxonomy":"product_tag","embeddable":true,"href":"https:\/\/aiviouvapes.com\/cs\/wp-json\/wp\/v2\/product_tag?post=37132"}],"curies":[{"name":"wp","href":"https:\/\/api.w.org\/{rel}","templated":true}]}}