{"id":36829,"date":"2025-06-24T15:51:22","date_gmt":"2025-06-24T07:51:22","guid":{"rendered":"https:\/\/aiviouvapes.com\/?post_type=product&#038;p=36829"},"modified":"2026-03-17T23:57:03","modified_gmt":"2026-03-17T15:57:03","slug":"okso-shisha-max-40000-puffs","status":"publish","type":"product","link":"https:\/\/aiviouvapes.com\/cs\/product\/okso-shisha-max-40000-puffs\/","title":{"rendered":"OKSO Shisha Max 40000 Puffs | 36ml s\u00ed\u0165ov\u00e1 c\u00edvka, LED displej, ovl\u00e1d\u00e1n\u00ed pr\u016ftoku vzduchu, d\u011btsk\u00e1 pojistka, velkoobchodn\u00ed prodej jednor\u00e1zov\u00fdch vape za\u0159\u00edzen\u00ed"},"content":{"rendered":"<p><!-- SEO Meta Description --><\/p>\n<p><!-- Product Title --><\/p>\n<h2>OKSO Shisha Max 40K | 40 000 potah\u016f, s\u00ed\u0165ov\u00e1 c\u00edvka, LED displej Jednor\u00e1zov\u00e9 vape<\/h2>\n<p><!-- Key Features of OKSO Shisha Max 40K --><\/p>\n<h2>\ud83d\udd11 Kl\u00ed\u010dov\u00e9 funkce<\/h2>\n<ul>\n<li><strong>Obrovsk\u00e1 objemov\u00e1 kapacita:<\/strong> Vychutnejte si a\u017e 40 000 uspokojiv\u00fdch potah\u016f na jedno za\u0159\u00edzen\u00ed.<\/li>\n<li><strong>S\u00ed\u0165ov\u00e1 c\u00edvka (0,6\u03a9):<\/strong> Poskytuje bohatou, konzistentn\u00ed chu\u0165 a hladkou p\u00e1ru.<\/li>\n<li><strong>Velk\u00fd objem e-liquidu:<\/strong> P\u0159edpln\u011bn\u00e9 36 ml pr\u00e9miov\u00e9 vape \u0161\u0165\u00e1vy.<\/li>\n<li><strong>Mo\u017enosti nikotinu:<\/strong> K dispozici v proveden\u00ed 0%, 2%, 3% nebo 5% - vyberte si svou s\u00edlu.<\/li>\n<li><strong>Dob\u00edjec\u00ed baterie:<\/strong> Kapacita 800 mAh s rychl\u00fdm nab\u00edjen\u00edm typu C.<\/li>\n<li><strong>LED displej:<\/strong> Na p\u0159ehledn\u00e9m displeji se zobrazuj\u00ed informace o baterii a nad\u00fdchan\u00e9m vzduchu.<\/li>\n<li><strong>Nastaviteln\u00fd v\u00fdkon a proud\u011bn\u00ed vzduchu:<\/strong> P\u0159izp\u016fsobte si sv\u016fj z\u00e1sah k dokonalosti.<\/li>\n<li><strong>D\u011btsk\u00fd z\u00e1mek:<\/strong> Vestav\u011bn\u00fd bezpe\u010dnostn\u00ed mechanismus pro klid du\u0161e.<\/li>\n<\/ul>\n<p><!-- Why Choose OKSO Shisha Max 40K --><\/p>\n<h2>\u2728 Pro\u010d si vybrat OKSO Shisha Max 40K?<\/h2>\n<p>OKSO Shisha Max 40K nen\u00ed jen dal\u0161\u00ed jednor\u00e1zovka - je to \u0161pi\u010dkov\u00fd z\u00e1\u017eitek do kapsy. S nastaviteln\u00fdm v\u00fdkonem, regulac\u00ed proud\u011bn\u00ed vzduchu a \u017eiv\u00fdm LED displejem m\u00e1te pod kontrolou ka\u017ed\u00e9 potahov\u00e1n\u00ed. A\u0165 u\u017e se hon\u00edte za mraky, chut\u00ed nebo nikotinovou svobodou, tento vape je navr\u017een tak, aby uspokojil ka\u017ed\u00fd typ vapera na cel\u00e9 dny.<\/p>\n<p><!-- Flavor List --><\/p>\n<h2>\ud83c\udf53 Dostupn\u00e9 p\u0159\u00edchut\u011b<\/h2>\n<ul>\n<li>Dv\u011b jablka<\/li>\n<li>Hroznov\u00e1 m\u00e1ta<\/li>\n<li>T\u0159e\u0161\u0148ov\u00e1 fiesta<\/li>\n<li>Broskvov\u00fd led<\/li>\n<li>Kouzeln\u00e1 l\u00e1ska<\/li>\n<li>Jahodov\u00fd pun\u010d<\/li>\n<li>Blue Razz Led<\/li>\n<li>Sv\u011b\u017e\u00ed led<\/li>\n<li>Jahodov\u00fd meloun<\/li>\n<li>Berry Mint<\/li>\n<\/ul>\n<p><img data-recalc-dims=\"1\" loading=\"lazy\" decoding=\"async\" class=\"alignnone size-full wp-image-37044\" src=\"https:\/\/i0.wp.com\/aiviouvapes.com\/wp-content\/uploads\/2025\/06\/OKSO-Shisha-Max-40k-5.jpg?resize=1020%2C573&#038;ssl=1\" alt=\",\" width=\"1020\" height=\"573\" title=\"\" srcset=\"https:\/\/i0.wp.com\/aiviouvapes.com\/wp-content\/uploads\/2025\/06\/OKSO-Shisha-Max-40k-5.jpg?w=1920&amp;ssl=1 1920w, https:\/\/i0.wp.com\/aiviouvapes.com\/wp-content\/uploads\/2025\/06\/OKSO-Shisha-Max-40k-5.jpg?resize=300%2C169&amp;ssl=1 300w, https:\/\/i0.wp.com\/aiviouvapes.com\/wp-content\/uploads\/2025\/06\/OKSO-Shisha-Max-40k-5.jpg?resize=1024%2C575&amp;ssl=1 1024w, https:\/\/i0.wp.com\/aiviouvapes.com\/wp-content\/uploads\/2025\/06\/OKSO-Shisha-Max-40k-5.jpg?resize=768%2C432&amp;ssl=1 768w, https:\/\/i0.wp.com\/aiviouvapes.com\/wp-content\/uploads\/2025\/06\/OKSO-Shisha-Max-40k-5.jpg?resize=1536%2C863&amp;ssl=1 1536w, https:\/\/i0.wp.com\/aiviouvapes.com\/wp-content\/uploads\/2025\/06\/OKSO-Shisha-Max-40k-5.jpg?resize=18%2C10&amp;ssl=1 18w, https:\/\/i0.wp.com\/aiviouvapes.com\/wp-content\/uploads\/2025\/06\/OKSO-Shisha-Max-40k-5.jpg?resize=1320%2C742&amp;ssl=1 1320w, https:\/\/i0.wp.com\/aiviouvapes.com\/wp-content\/uploads\/2025\/06\/OKSO-Shisha-Max-40k-5.jpg?resize=800%2C450&amp;ssl=1 800w\" sizes=\"auto, (max-width: 1020px) 100vw, 1020px\" \/><\/p>","protected":false},"excerpt":{"rendered":"<p>Jednor\u00e1zov\u00e1 vape OKSO Shisha Max 40K poskytuje a\u017e 40 000 potah\u016f s regulac\u00ed v\u00fdkonu, nastaven\u00edm pr\u016ftoku vzduchu a 10 bohat\u00fdmi p\u0159\u00edchut\u011bmi - vytvo\u0159eno pro dlouhotrvaj\u00edc\u00ed, p\u0159izp\u016fsobiteln\u00fd a chu\u0165ov\u011b v\u00fdrazn\u00fd po\u017eitek z vapov\u00e1n\u00ed.<\/p>","protected":false},"featured_media":37001,"comment_status":"open","ping_status":"closed","template":"","meta":[],"product_brand":[244],"product_cat":[243,219],"product_tag":[],"class_list":{"0":"post-36829","1":"product","2":"type-product","3":"status-publish","4":"has-post-thumbnail","6":"product_brand-okso","7":"product_cat-okso","8":"product_cat-40000-puffs-disposable-vape","10":"first","11":"instock","12":"shipping-taxable","13":"purchasable","14":"product-type-variable","15":"has-default-attributes"},"jetpack_sharing_enabled":true,"tiered_pricing_type":"fixed","tiered_pricing_fixed_rules":{"30":8.660000000000000142108547152020037174224853515625,"50":6.839999999999999857891452847979962825775146484375,"100":6.20000000000000017763568394002504646778106689453125,"200":5.80999999999999960920149533194489777088165283203125,"400":5.3499999999999996447286321199499070644378662109375},"tiered_pricing_product_settings":{"layout":"default","base_unit_name":{"singular":null,"plural":null},"default_variation":null},"tiered_pricing_minimum_quantity":10,"tiered_pricing_roles_data":[],"tiered_pricing_percentage_rules":[],"tiered_pricing_maximum_quantity":null,"tiered_pricing_quantity_step":"10","_links":{"self":[{"href":"https:\/\/aiviouvapes.com\/cs\/wp-json\/wp\/v2\/product\/36829","targetHints":{"allow":["GET"]}}],"collection":[{"href":"https:\/\/aiviouvapes.com\/cs\/wp-json\/wp\/v2\/product"}],"about":[{"href":"https:\/\/aiviouvapes.com\/cs\/wp-json\/wp\/v2\/types\/product"}],"replies":[{"embeddable":true,"href":"https:\/\/aiviouvapes.com\/cs\/wp-json\/wp\/v2\/comments?post=36829"}],"wp:featuredmedia":[{"embeddable":true,"href":"https:\/\/aiviouvapes.com\/cs\/wp-json\/wp\/v2\/media\/37001"}],"wp:attachment":[{"href":"https:\/\/aiviouvapes.com\/cs\/wp-json\/wp\/v2\/media?parent=36829"}],"wp:term":[{"taxonomy":"product_brand","embeddable":true,"href":"https:\/\/aiviouvapes.com\/cs\/wp-json\/wp\/v2\/product_brand?post=36829"},{"taxonomy":"product_cat","embeddable":true,"href":"https:\/\/aiviouvapes.com\/cs\/wp-json\/wp\/v2\/product_cat?post=36829"},{"taxonomy":"product_tag","embeddable":true,"href":"https:\/\/aiviouvapes.com\/cs\/wp-json\/wp\/v2\/product_tag?post=36829"}],"curies":[{"name":"wp","href":"https:\/\/api.w.org\/{rel}","templated":true}]}}