{"id":36828,"date":"2025-06-14T23:24:13","date_gmt":"2025-06-14T15:24:13","guid":{"rendered":"https:\/\/aiviouvapes.com\/?post_type=product&#038;p=36828"},"modified":"2026-03-17T23:57:52","modified_gmt":"2026-03-17T15:57:52","slug":"okso-mega-mirror-50000","status":"publish","type":"product","link":"https:\/\/aiviouvapes.com\/cs\/product\/okso-mega-mirror-50000\/","title":{"rendered":"OKSO Magic Mirror 50000 Puffs | RGB LED, dual Mesh, LED displej, 40ml dob\u00edjec\u00ed jednor\u00e1zov\u00fd vape"},"content":{"rendered":"<ul>\n<li>\n<h2>\ud83d\udd11 Kl\u00ed\u010dov\u00e9 vlastnosti zrcadla OKSO Magic Mirror 50K<\/h2>\n<ul>\n<li><strong>Masivn\u00ed po\u010det puf\u016f:<\/strong> Vychutnejte si a\u017e 50 000 potah\u016f pro t\u00fddny plynul\u00e9ho a uspokojiv\u00e9ho vapov\u00e1n\u00ed.<\/li>\n<li><strong>Dvojit\u00e1 s\u00ed\u0165ov\u00e1 c\u00edvka:<\/strong> Zlep\u0161uje chu\u0165 a produkci p\u00e1ry pro prvot\u0159\u00eddn\u00ed z\u00e1\u017eitek.<\/li>\n<li><strong>Velk\u00e1 kapacita e-liquidu:<\/strong> P\u0159edpln\u011bn\u00e9 40 ml e-liquidu pro dlouhotrvaj\u00edc\u00ed po\u017eitek.<\/li>\n<li><strong>V\u00edce mo\u017enost\u00ed nikotinu:<\/strong> K dispozici jsou nikotinov\u00e9 varianty 0%, 2%, 3% a 5%, kter\u00e9 vyhovuj\u00ed v\u0161em preferenc\u00edm.<\/li>\n<li><strong>Dob\u00edjec\u00ed baterie:<\/strong> 850mAh baterie s nab\u00edjen\u00edm typu C v\u00e1s udr\u017e\u00ed v provozu bez pot\u00ed\u017e\u00ed.<\/li>\n<li><strong>Stylov\u00e1 zrcadlov\u00e1 \u00faprava:<\/strong> Reflexn\u00ed design s efekty RGB LED dod\u00e1v\u00e1 eleganci a z\u00e1bavu.<\/li>\n<li><strong>LED displej:<\/strong> Snadno sledujte stav baterie a nabit\u00ed.<\/li>\n<li><strong>D\u011btsk\u00fd z\u00e1mek:<\/strong> Vestav\u011bn\u00e1 bezpe\u010dnostn\u00ed funkce zaji\u0161\u0165uje klid.<\/li>\n<\/ul>\n<h2>\ud83d\udc8e Pro\u010d si vybrat OKSO Magic Mirror 50K?<\/h2>\n<p>Pokud hled\u00e1te jednor\u00e1zovou vapku, kter\u00e1 kombinuje \u0161pi\u010dkov\u00fd v\u00fdkon s atraktivn\u00edm designem, OKSO Magic Mirror 50K je va\u0161e volba. Dvojit\u00e1 s\u00ed\u0165ov\u00e1 spir\u00e1lka nab\u00edz\u00ed odv\u00e1\u017en\u00e9 a plynul\u00e9 potahy, zat\u00edmco d\u00edky zrcadlov\u00e9mu povrchu a RGB osv\u011btlen\u00ed je ka\u017ed\u00e9 potahov\u00e1n\u00ed jako show. D\u00edky velkorys\u00e9 z\u00e1sob\u011b e-liquidu a rychl\u00e9mu nab\u00edjen\u00ed Type-C je zkonstruov\u00e1n pro dlouhou \u017eivotnost, pohodl\u00ed a \u0161mrnc.<\/p>\n<h2>\ud83c\udf53 Dostupn\u00e9 p\u0159\u00edchut\u011b<\/h2>\n<ul>\n<li>Blue Razz Led<\/li>\n<li>Sv\u011b\u017e\u00ed led<\/li>\n<li>Jahodov\u00e1 zmrzlina<\/li>\n<li>Hroznov\u00fd led<\/li>\n<li>LOVE 66<\/li>\n<li>Lady Killa<\/li>\n<li>M\u00e1tov\u00fd led<\/li>\n<li>Jahodov\u00fd meloun<\/li>\n<li>Kiwi a mu\u010denka<\/li>\n<li>Sm\u00ed\u0161en\u00e9 bobule<\/li>\n<\/ul>\n<\/li>\n<\/ul>\n<p><img data-recalc-dims=\"1\" loading=\"lazy\" decoding=\"async\" class=\"alignnone size-full wp-image-36974\" src=\"https:\/\/i0.wp.com\/aiviouvapes.com\/wp-content\/uploads\/2025\/06\/okso-Magic-mirror-50k1.jpg?resize=1020%2C573&#038;ssl=1\" alt=\",\" width=\"1020\" height=\"573\" title=\"\" srcset=\"https:\/\/i0.wp.com\/aiviouvapes.com\/wp-content\/uploads\/2025\/06\/okso-Magic-mirror-50k1.jpg?w=1920&amp;ssl=1 1920w, https:\/\/i0.wp.com\/aiviouvapes.com\/wp-content\/uploads\/2025\/06\/okso-Magic-mirror-50k1.jpg?resize=300%2C169&amp;ssl=1 300w, https:\/\/i0.wp.com\/aiviouvapes.com\/wp-content\/uploads\/2025\/06\/okso-Magic-mirror-50k1.jpg?resize=1024%2C575&amp;ssl=1 1024w, https:\/\/i0.wp.com\/aiviouvapes.com\/wp-content\/uploads\/2025\/06\/okso-Magic-mirror-50k1.jpg?resize=768%2C432&amp;ssl=1 768w, https:\/\/i0.wp.com\/aiviouvapes.com\/wp-content\/uploads\/2025\/06\/okso-Magic-mirror-50k1.jpg?resize=1536%2C863&amp;ssl=1 1536w, https:\/\/i0.wp.com\/aiviouvapes.com\/wp-content\/uploads\/2025\/06\/okso-Magic-mirror-50k1.jpg?resize=18%2C10&amp;ssl=1 18w, https:\/\/i0.wp.com\/aiviouvapes.com\/wp-content\/uploads\/2025\/06\/okso-Magic-mirror-50k1.jpg?resize=1320%2C742&amp;ssl=1 1320w, https:\/\/i0.wp.com\/aiviouvapes.com\/wp-content\/uploads\/2025\/06\/okso-Magic-mirror-50k1.jpg?resize=800%2C450&amp;ssl=1 800w\" sizes=\"auto, (max-width: 1020px) 100vw, 1020px\" \/><img data-recalc-dims=\"1\" loading=\"lazy\" decoding=\"async\" class=\"alignnone size-full wp-image-36983\" src=\"https:\/\/i0.wp.com\/aiviouvapes.com\/wp-content\/uploads\/2025\/06\/okso-Magic-mirror-50k11.jpg?resize=1020%2C765&#038;ssl=1\" alt=\",\" width=\"1020\" height=\"765\" title=\"\" srcset=\"https:\/\/i0.wp.com\/aiviouvapes.com\/wp-content\/uploads\/2025\/06\/okso-Magic-mirror-50k11.jpg?w=1920&amp;ssl=1 1920w, https:\/\/i0.wp.com\/aiviouvapes.com\/wp-content\/uploads\/2025\/06\/okso-Magic-mirror-50k11.jpg?resize=300%2C225&amp;ssl=1 300w, https:\/\/i0.wp.com\/aiviouvapes.com\/wp-content\/uploads\/2025\/06\/okso-Magic-mirror-50k11.jpg?resize=1024%2C768&amp;ssl=1 1024w, https:\/\/i0.wp.com\/aiviouvapes.com\/wp-content\/uploads\/2025\/06\/okso-Magic-mirror-50k11.jpg?resize=768%2C576&amp;ssl=1 768w, https:\/\/i0.wp.com\/aiviouvapes.com\/wp-content\/uploads\/2025\/06\/okso-Magic-mirror-50k11.jpg?resize=1536%2C1152&amp;ssl=1 1536w, https:\/\/i0.wp.com\/aiviouvapes.com\/wp-content\/uploads\/2025\/06\/okso-Magic-mirror-50k11.jpg?resize=16%2C12&amp;ssl=1 16w, https:\/\/i0.wp.com\/aiviouvapes.com\/wp-content\/uploads\/2025\/06\/okso-Magic-mirror-50k11.jpg?resize=1320%2C990&amp;ssl=1 1320w, https:\/\/i0.wp.com\/aiviouvapes.com\/wp-content\/uploads\/2025\/06\/okso-Magic-mirror-50k11.jpg?resize=800%2C600&amp;ssl=1 800w\" sizes=\"auto, (max-width: 1020px) 100vw, 1020px\" \/> <img data-recalc-dims=\"1\" loading=\"lazy\" decoding=\"async\" class=\"alignnone size-full wp-image-36982\" src=\"https:\/\/i0.wp.com\/aiviouvapes.com\/wp-content\/uploads\/2025\/06\/okso-Magic-mirror-50k10.jpg?resize=1020%2C1813&#038;ssl=1\" alt=\",\" width=\"1020\" height=\"1813\" title=\"\" srcset=\"https:\/\/i0.wp.com\/aiviouvapes.com\/wp-content\/uploads\/2025\/06\/okso-Magic-mirror-50k10.jpg?w=1080&amp;ssl=1 1080w, https:\/\/i0.wp.com\/aiviouvapes.com\/wp-content\/uploads\/2025\/06\/okso-Magic-mirror-50k10.jpg?resize=169%2C300&amp;ssl=1 169w, https:\/\/i0.wp.com\/aiviouvapes.com\/wp-content\/uploads\/2025\/06\/okso-Magic-mirror-50k10.jpg?resize=576%2C1024&amp;ssl=1 576w, https:\/\/i0.wp.com\/aiviouvapes.com\/wp-content\/uploads\/2025\/06\/okso-Magic-mirror-50k10.jpg?resize=768%2C1365&amp;ssl=1 768w, https:\/\/i0.wp.com\/aiviouvapes.com\/wp-content\/uploads\/2025\/06\/okso-Magic-mirror-50k10.jpg?resize=864%2C1536&amp;ssl=1 864w, https:\/\/i0.wp.com\/aiviouvapes.com\/wp-content\/uploads\/2025\/06\/okso-Magic-mirror-50k10.jpg?resize=7%2C12&amp;ssl=1 7w, https:\/\/i0.wp.com\/aiviouvapes.com\/wp-content\/uploads\/2025\/06\/okso-Magic-mirror-50k10.jpg?resize=800%2C1422&amp;ssl=1 800w\" sizes=\"auto, (max-width: 1020px) 100vw, 1020px\" \/> <img data-recalc-dims=\"1\" loading=\"lazy\" decoding=\"async\" class=\"alignnone size-full wp-image-36981\" src=\"https:\/\/i0.wp.com\/aiviouvapes.com\/wp-content\/uploads\/2025\/06\/okso-Magic-mirror-50k9.jpg?resize=1020%2C573&#038;ssl=1\" alt=\",\" width=\"1020\" height=\"573\" title=\"\" srcset=\"https:\/\/i0.wp.com\/aiviouvapes.com\/wp-content\/uploads\/2025\/06\/okso-Magic-mirror-50k9.jpg?w=1920&amp;ssl=1 1920w, https:\/\/i0.wp.com\/aiviouvapes.com\/wp-content\/uploads\/2025\/06\/okso-Magic-mirror-50k9.jpg?resize=300%2C169&amp;ssl=1 300w, https:\/\/i0.wp.com\/aiviouvapes.com\/wp-content\/uploads\/2025\/06\/okso-Magic-mirror-50k9.jpg?resize=1024%2C575&amp;ssl=1 1024w, https:\/\/i0.wp.com\/aiviouvapes.com\/wp-content\/uploads\/2025\/06\/okso-Magic-mirror-50k9.jpg?resize=768%2C432&amp;ssl=1 768w, https:\/\/i0.wp.com\/aiviouvapes.com\/wp-content\/uploads\/2025\/06\/okso-Magic-mirror-50k9.jpg?resize=1536%2C863&amp;ssl=1 1536w, https:\/\/i0.wp.com\/aiviouvapes.com\/wp-content\/uploads\/2025\/06\/okso-Magic-mirror-50k9.jpg?resize=18%2C10&amp;ssl=1 18w, https:\/\/i0.wp.com\/aiviouvapes.com\/wp-content\/uploads\/2025\/06\/okso-Magic-mirror-50k9.jpg?resize=1320%2C742&amp;ssl=1 1320w, https:\/\/i0.wp.com\/aiviouvapes.com\/wp-content\/uploads\/2025\/06\/okso-Magic-mirror-50k9.jpg?resize=800%2C450&amp;ssl=1 800w\" sizes=\"auto, (max-width: 1020px) 100vw, 1020px\" \/> <img data-recalc-dims=\"1\" loading=\"lazy\" decoding=\"async\" class=\"alignnone size-full wp-image-36980\" src=\"https:\/\/i0.wp.com\/aiviouvapes.com\/wp-content\/uploads\/2025\/06\/okso-Magic-mirror-50k8.jpg?resize=1020%2C765&#038;ssl=1\" alt=\",\" width=\"1020\" height=\"765\" title=\"\" srcset=\"https:\/\/i0.wp.com\/aiviouvapes.com\/wp-content\/uploads\/2025\/06\/okso-Magic-mirror-50k8.jpg?w=1920&amp;ssl=1 1920w, https:\/\/i0.wp.com\/aiviouvapes.com\/wp-content\/uploads\/2025\/06\/okso-Magic-mirror-50k8.jpg?resize=300%2C225&amp;ssl=1 300w, https:\/\/i0.wp.com\/aiviouvapes.com\/wp-content\/uploads\/2025\/06\/okso-Magic-mirror-50k8.jpg?resize=1024%2C768&amp;ssl=1 1024w, https:\/\/i0.wp.com\/aiviouvapes.com\/wp-content\/uploads\/2025\/06\/okso-Magic-mirror-50k8.jpg?resize=768%2C576&amp;ssl=1 768w, https:\/\/i0.wp.com\/aiviouvapes.com\/wp-content\/uploads\/2025\/06\/okso-Magic-mirror-50k8.jpg?resize=1536%2C1152&amp;ssl=1 1536w, https:\/\/i0.wp.com\/aiviouvapes.com\/wp-content\/uploads\/2025\/06\/okso-Magic-mirror-50k8.jpg?resize=16%2C12&amp;ssl=1 16w, https:\/\/i0.wp.com\/aiviouvapes.com\/wp-content\/uploads\/2025\/06\/okso-Magic-mirror-50k8.jpg?resize=1320%2C990&amp;ssl=1 1320w, https:\/\/i0.wp.com\/aiviouvapes.com\/wp-content\/uploads\/2025\/06\/okso-Magic-mirror-50k8.jpg?resize=800%2C600&amp;ssl=1 800w\" sizes=\"auto, (max-width: 1020px) 100vw, 1020px\" \/> <img data-recalc-dims=\"1\" loading=\"lazy\" decoding=\"async\" class=\"alignnone size-full wp-image-36979\" src=\"https:\/\/i0.wp.com\/aiviouvapes.com\/wp-content\/uploads\/2025\/06\/okso-Magic-mirror-50k7.jpg?resize=1020%2C765&#038;ssl=1\" alt=\",\" width=\"1020\" height=\"765\" title=\"\" srcset=\"https:\/\/i0.wp.com\/aiviouvapes.com\/wp-content\/uploads\/2025\/06\/okso-Magic-mirror-50k7.jpg?w=1920&amp;ssl=1 1920w, https:\/\/i0.wp.com\/aiviouvapes.com\/wp-content\/uploads\/2025\/06\/okso-Magic-mirror-50k7.jpg?resize=300%2C225&amp;ssl=1 300w, https:\/\/i0.wp.com\/aiviouvapes.com\/wp-content\/uploads\/2025\/06\/okso-Magic-mirror-50k7.jpg?resize=1024%2C768&amp;ssl=1 1024w, https:\/\/i0.wp.com\/aiviouvapes.com\/wp-content\/uploads\/2025\/06\/okso-Magic-mirror-50k7.jpg?resize=768%2C576&amp;ssl=1 768w, https:\/\/i0.wp.com\/aiviouvapes.com\/wp-content\/uploads\/2025\/06\/okso-Magic-mirror-50k7.jpg?resize=1536%2C1152&amp;ssl=1 1536w, https:\/\/i0.wp.com\/aiviouvapes.com\/wp-content\/uploads\/2025\/06\/okso-Magic-mirror-50k7.jpg?resize=16%2C12&amp;ssl=1 16w, https:\/\/i0.wp.com\/aiviouvapes.com\/wp-content\/uploads\/2025\/06\/okso-Magic-mirror-50k7.jpg?resize=1320%2C990&amp;ssl=1 1320w, https:\/\/i0.wp.com\/aiviouvapes.com\/wp-content\/uploads\/2025\/06\/okso-Magic-mirror-50k7.jpg?resize=800%2C600&amp;ssl=1 800w\" sizes=\"auto, (max-width: 1020px) 100vw, 1020px\" \/> <img data-recalc-dims=\"1\" loading=\"lazy\" decoding=\"async\" class=\"alignnone size-full wp-image-36978\" src=\"https:\/\/i0.wp.com\/aiviouvapes.com\/wp-content\/uploads\/2025\/06\/okso-Magic-mirror-50k6.jpg?resize=1020%2C573&#038;ssl=1\" alt=\",\" width=\"1020\" height=\"573\" title=\"\" srcset=\"https:\/\/i0.wp.com\/aiviouvapes.com\/wp-content\/uploads\/2025\/06\/okso-Magic-mirror-50k6.jpg?w=1920&amp;ssl=1 1920w, https:\/\/i0.wp.com\/aiviouvapes.com\/wp-content\/uploads\/2025\/06\/okso-Magic-mirror-50k6.jpg?resize=300%2C169&amp;ssl=1 300w, https:\/\/i0.wp.com\/aiviouvapes.com\/wp-content\/uploads\/2025\/06\/okso-Magic-mirror-50k6.jpg?resize=1024%2C575&amp;ssl=1 1024w, https:\/\/i0.wp.com\/aiviouvapes.com\/wp-content\/uploads\/2025\/06\/okso-Magic-mirror-50k6.jpg?resize=768%2C432&amp;ssl=1 768w, https:\/\/i0.wp.com\/aiviouvapes.com\/wp-content\/uploads\/2025\/06\/okso-Magic-mirror-50k6.jpg?resize=1536%2C863&amp;ssl=1 1536w, https:\/\/i0.wp.com\/aiviouvapes.com\/wp-content\/uploads\/2025\/06\/okso-Magic-mirror-50k6.jpg?resize=18%2C10&amp;ssl=1 18w, https:\/\/i0.wp.com\/aiviouvapes.com\/wp-content\/uploads\/2025\/06\/okso-Magic-mirror-50k6.jpg?resize=1320%2C742&amp;ssl=1 1320w, https:\/\/i0.wp.com\/aiviouvapes.com\/wp-content\/uploads\/2025\/06\/okso-Magic-mirror-50k6.jpg?resize=800%2C450&amp;ssl=1 800w\" sizes=\"auto, (max-width: 1020px) 100vw, 1020px\" \/> <img data-recalc-dims=\"1\" loading=\"lazy\" decoding=\"async\" class=\"alignnone size-full wp-image-36977\" src=\"https:\/\/i0.wp.com\/aiviouvapes.com\/wp-content\/uploads\/2025\/06\/okso-Magic-mirror-50k5.jpg?resize=1020%2C765&#038;ssl=1\" alt=\",\" width=\"1020\" height=\"765\" title=\"\" srcset=\"https:\/\/i0.wp.com\/aiviouvapes.com\/wp-content\/uploads\/2025\/06\/okso-Magic-mirror-50k5.jpg?w=1920&amp;ssl=1 1920w, https:\/\/i0.wp.com\/aiviouvapes.com\/wp-content\/uploads\/2025\/06\/okso-Magic-mirror-50k5.jpg?resize=300%2C225&amp;ssl=1 300w, https:\/\/i0.wp.com\/aiviouvapes.com\/wp-content\/uploads\/2025\/06\/okso-Magic-mirror-50k5.jpg?resize=1024%2C768&amp;ssl=1 1024w, https:\/\/i0.wp.com\/aiviouvapes.com\/wp-content\/uploads\/2025\/06\/okso-Magic-mirror-50k5.jpg?resize=768%2C576&amp;ssl=1 768w, https:\/\/i0.wp.com\/aiviouvapes.com\/wp-content\/uploads\/2025\/06\/okso-Magic-mirror-50k5.jpg?resize=1536%2C1152&amp;ssl=1 1536w, https:\/\/i0.wp.com\/aiviouvapes.com\/wp-content\/uploads\/2025\/06\/okso-Magic-mirror-50k5.jpg?resize=16%2C12&amp;ssl=1 16w, https:\/\/i0.wp.com\/aiviouvapes.com\/wp-content\/uploads\/2025\/06\/okso-Magic-mirror-50k5.jpg?resize=1320%2C990&amp;ssl=1 1320w, https:\/\/i0.wp.com\/aiviouvapes.com\/wp-content\/uploads\/2025\/06\/okso-Magic-mirror-50k5.jpg?resize=800%2C600&amp;ssl=1 800w\" sizes=\"auto, (max-width: 1020px) 100vw, 1020px\" \/> <img data-recalc-dims=\"1\" loading=\"lazy\" decoding=\"async\" class=\"alignnone size-full wp-image-36976\" src=\"https:\/\/i0.wp.com\/aiviouvapes.com\/wp-content\/uploads\/2025\/06\/okso-Magic-mirror-50k3.jpg?resize=1020%2C573&#038;ssl=1\" alt=\",\" width=\"1020\" height=\"573\" title=\"\" srcset=\"https:\/\/i0.wp.com\/aiviouvapes.com\/wp-content\/uploads\/2025\/06\/okso-Magic-mirror-50k3.jpg?w=1920&amp;ssl=1 1920w, https:\/\/i0.wp.com\/aiviouvapes.com\/wp-content\/uploads\/2025\/06\/okso-Magic-mirror-50k3.jpg?resize=300%2C169&amp;ssl=1 300w, https:\/\/i0.wp.com\/aiviouvapes.com\/wp-content\/uploads\/2025\/06\/okso-Magic-mirror-50k3.jpg?resize=1024%2C575&amp;ssl=1 1024w, https:\/\/i0.wp.com\/aiviouvapes.com\/wp-content\/uploads\/2025\/06\/okso-Magic-mirror-50k3.jpg?resize=768%2C432&amp;ssl=1 768w, https:\/\/i0.wp.com\/aiviouvapes.com\/wp-content\/uploads\/2025\/06\/okso-Magic-mirror-50k3.jpg?resize=1536%2C863&amp;ssl=1 1536w, https:\/\/i0.wp.com\/aiviouvapes.com\/wp-content\/uploads\/2025\/06\/okso-Magic-mirror-50k3.jpg?resize=18%2C10&amp;ssl=1 18w, https:\/\/i0.wp.com\/aiviouvapes.com\/wp-content\/uploads\/2025\/06\/okso-Magic-mirror-50k3.jpg?resize=1320%2C742&amp;ssl=1 1320w, https:\/\/i0.wp.com\/aiviouvapes.com\/wp-content\/uploads\/2025\/06\/okso-Magic-mirror-50k3.jpg?resize=800%2C450&amp;ssl=1 800w\" sizes=\"auto, (max-width: 1020px) 100vw, 1020px\" \/> <img data-recalc-dims=\"1\" loading=\"lazy\" decoding=\"async\" class=\"alignnone size-full wp-image-36975\" src=\"https:\/\/i0.wp.com\/aiviouvapes.com\/wp-content\/uploads\/2025\/06\/okso-Magic-mirror-50k2.jpg?resize=1020%2C573&#038;ssl=1\" alt=\",\" width=\"1020\" height=\"573\" title=\"\" srcset=\"https:\/\/i0.wp.com\/aiviouvapes.com\/wp-content\/uploads\/2025\/06\/okso-Magic-mirror-50k2.jpg?w=1920&amp;ssl=1 1920w, https:\/\/i0.wp.com\/aiviouvapes.com\/wp-content\/uploads\/2025\/06\/okso-Magic-mirror-50k2.jpg?resize=300%2C169&amp;ssl=1 300w, https:\/\/i0.wp.com\/aiviouvapes.com\/wp-content\/uploads\/2025\/06\/okso-Magic-mirror-50k2.jpg?resize=1024%2C575&amp;ssl=1 1024w, https:\/\/i0.wp.com\/aiviouvapes.com\/wp-content\/uploads\/2025\/06\/okso-Magic-mirror-50k2.jpg?resize=768%2C432&amp;ssl=1 768w, https:\/\/i0.wp.com\/aiviouvapes.com\/wp-content\/uploads\/2025\/06\/okso-Magic-mirror-50k2.jpg?resize=1536%2C863&amp;ssl=1 1536w, https:\/\/i0.wp.com\/aiviouvapes.com\/wp-content\/uploads\/2025\/06\/okso-Magic-mirror-50k2.jpg?resize=18%2C10&amp;ssl=1 18w, https:\/\/i0.wp.com\/aiviouvapes.com\/wp-content\/uploads\/2025\/06\/okso-Magic-mirror-50k2.jpg?resize=1320%2C742&amp;ssl=1 1320w, https:\/\/i0.wp.com\/aiviouvapes.com\/wp-content\/uploads\/2025\/06\/okso-Magic-mirror-50k2.jpg?resize=800%2C450&amp;ssl=1 800w\" sizes=\"auto, (max-width: 1020px) 100vw, 1020px\" \/><\/p>\n<figure class=\"wp-block-videopress-video wp-block-jetpack-videopress jetpack-videopress-player\"><div class=\"jetpack-videopress-player__wrapper\"><iframe title=\"VideoPress Video p\u0159ehr\u00e1va\u010d\" aria-label=\"VideoPress Video p\u0159ehr\u00e1va\u010d\" src=\"https:\/\/videopress.com\/embed\/LMTxYUlf?at=0&#038;controls=1&#038;preloadContent=metadata\" width=\"640\"height=\"360\" frameborder=\"0\" allowfullscreen data-resize-to-parent=\"true\" allow=\"clipboard-write\"><\/iframe><\/div><\/figure>","protected":false},"excerpt":{"rendered":"<p>OKSO Shisha Hookah Mega 50K nab\u00edz\u00ed 50 000 potah\u016f, 40 ml e-liquidu, trojitou s\u00ed\u0165ovou spir\u00e1lku, nastaviteln\u00fd airflow a LED displej pro aromatick\u00fd a siln\u00fd vapingov\u00fd z\u00e1\u017eitek. K dispozici v 10 odv\u00e1\u017en\u00fdch p\u0159\u00edchut\u00edch.<\/p>","protected":false},"featured_media":36915,"comment_status":"open","ping_status":"closed","template":"","meta":[],"product_brand":[244],"product_cat":[219,243],"product_tag":[],"class_list":{"0":"post-36828","1":"product","2":"type-product","3":"status-publish","4":"has-post-thumbnail","6":"product_brand-okso","7":"product_cat-40000-puffs-disposable-vape","8":"product_cat-okso","10":"first","11":"instock","12":"shipping-taxable","13":"purchasable","14":"product-type-variable","15":"has-default-attributes"},"jetpack_sharing_enabled":true,"tiered_pricing_type":"fixed","tiered_pricing_fixed_rules":{"30":9.5,"60":8.9000000000000003552713678800500929355621337890625,"100":8.300000000000000710542735760100185871124267578125,"200":7.9000000000000003552713678800500929355621337890625},"tiered_pricing_product_settings":{"layout":"default","base_unit_name":{"singular":null,"plural":null},"default_variation":null},"tiered_pricing_minimum_quantity":10,"tiered_pricing_roles_data":[],"tiered_pricing_percentage_rules":[],"tiered_pricing_maximum_quantity":null,"tiered_pricing_quantity_step":"10","_links":{"self":[{"href":"https:\/\/aiviouvapes.com\/cs\/wp-json\/wp\/v2\/product\/36828","targetHints":{"allow":["GET"]}}],"collection":[{"href":"https:\/\/aiviouvapes.com\/cs\/wp-json\/wp\/v2\/product"}],"about":[{"href":"https:\/\/aiviouvapes.com\/cs\/wp-json\/wp\/v2\/types\/product"}],"replies":[{"embeddable":true,"href":"https:\/\/aiviouvapes.com\/cs\/wp-json\/wp\/v2\/comments?post=36828"}],"wp:featuredmedia":[{"embeddable":true,"href":"https:\/\/aiviouvapes.com\/cs\/wp-json\/wp\/v2\/media\/36915"}],"wp:attachment":[{"href":"https:\/\/aiviouvapes.com\/cs\/wp-json\/wp\/v2\/media?parent=36828"}],"wp:term":[{"taxonomy":"product_brand","embeddable":true,"href":"https:\/\/aiviouvapes.com\/cs\/wp-json\/wp\/v2\/product_brand?post=36828"},{"taxonomy":"product_cat","embeddable":true,"href":"https:\/\/aiviouvapes.com\/cs\/wp-json\/wp\/v2\/product_cat?post=36828"},{"taxonomy":"product_tag","embeddable":true,"href":"https:\/\/aiviouvapes.com\/cs\/wp-json\/wp\/v2\/product_tag?post=36828"}],"curies":[{"name":"wp","href":"https:\/\/api.w.org\/{rel}","templated":true}]}}