{"id":35443,"date":"2025-06-02T23:12:50","date_gmt":"2025-06-02T15:12:50","guid":{"rendered":"https:\/\/aiviouvapes.com\/?post_type=product&#038;p=35443"},"modified":"2026-03-17T10:38:52","modified_gmt":"2026-03-17T02:38:52","slug":"bang-blaze-60000-60k","status":"publish","type":"product","link":"https:\/\/aiviouvapes.com\/cs\/product\/bang-blaze-60000-60k\/","title":{"rendered":"Bang Blaze 4 v 1 60000 puff\u016f | p\u0159\u00edchu\u0165 dlouhotrvaj\u00edc\u00ed 60k puff\u016f hromadn\u00e9 jednor\u00e1zov\u00e9 vape"},"content":{"rendered":"<p><!-- SEO Meta Description --><\/p>\n<p><!-- Product Description --><\/p>\n<h2>\ud83d\udd25 Bang Blaze 60K Disposable Vape - 60 000 \u0161luk\u016f, 4 p\u0159\u00edchut\u011b v 1, chytr\u00fd displej<\/h2>\n<p>Hled\u00e1te bezkonkuren\u010dn\u00ed chu\u0165ovou flexibilitu a dlouhou \u017eivotnost? . <strong>Bang Blaze 60K Jednor\u00e1zov\u00e9 vape<\/strong> je za\u0159\u00edzen\u00ed s v\u00fddr\u017e\u00ed a\u017e 60 000 potah\u016f, n\u00e1dr\u017ekou na 60 ml e-liquidu a jedine\u010dn\u00fdm syst\u00e9mem p\u0159ep\u00edn\u00e1n\u00ed 4 p\u0159\u00edchut\u00ed. A\u0165 u\u017e jste lovec mrak\u016f nebo objevitel p\u0159\u00edchut\u00ed, s t\u00edmto za\u0159\u00edzen\u00edm je vapov\u00e1n\u00ed snadn\u00e9 a vzru\u0161uj\u00edc\u00ed.<\/p>\n<h3>\ud83d\udd11 Kl\u00ed\u010dov\u00e9 vlastnosti Bang Blaze 60K<\/h3>\n<ul>\n<li><strong>Masivn\u00ed 60 000 Puffs:<\/strong> Vapuje d\u00e9le, siln\u011bji a chyt\u0159eji bez nutnosti \u010dast\u00e9 v\u00fdm\u011bny.<\/li>\n<li><strong>P\u0159ep\u00edna\u010d p\u0159\u00edchut\u00ed 4 v 1:<\/strong> V ka\u017ed\u00e9m za\u0159\u00edzen\u00ed m\u016f\u017eete okam\u017eit\u011b m\u011bnit mezi \u010dty\u0159mi \u00fa\u017easn\u00fdmi p\u0159edinstalovan\u00fdmi p\u0159\u00edchut\u011bmi.<\/li>\n<li><strong>60ml p\u0159edpln\u011bn\u00fd e-liquid:<\/strong> Ob\u0159\u00ed n\u00e1dr\u017e znamen\u00e1 del\u0161\u00ed pou\u017e\u00edv\u00e1n\u00ed a nulov\u00e9 dopl\u0148ov\u00e1n\u00ed.<\/li>\n<li><strong>Chytr\u00fd digit\u00e1ln\u00ed displej:<\/strong> Monitorov\u00e1n\u00ed stavu baterie a e-liquidu v re\u00e1ln\u00e9m \u010dase pro \u00faplnou kontrolu.<\/li>\n<li><strong>Nab\u00edjec\u00ed typ C:<\/strong> 650mAh baterie s rychl\u00fdm nab\u00edjen\u00edm, tak\u017ee v\u00e1m nikdy nedojde energie.<\/li>\n<li><strong>1.0\u03a9 Mesh Coil:<\/strong> Produkuje bohatou, hladkou p\u00e1ru s v\u00fdraznou, \u010distou chut\u00ed p\u0159i ka\u017ed\u00e9m potahu.<\/li>\n<li><strong>Mo\u017enosti nikotinu:<\/strong> K dispozici jsou modely 0%, 2%, 3% a 5%, kter\u00e9 vyhovuj\u00ed va\u0161emu \u017eivotn\u00edmu stylu a preferenc\u00edm.<\/li>\n<\/ul>\n<h3>\ud83d\udca1 Pro\u010d si vybrat Bang Blaze 60K?<\/h3>\n<ul>\n<li><strong>Pohodl\u00ed v\u0161e v jednom:<\/strong> \u010cty\u0159i p\u0159\u00edchut\u011b v jedn\u00e9 - ide\u00e1ln\u00ed pro zm\u011bnu na cest\u00e1ch bez nutnosti v\u00fdm\u011bny kapsl\u00ed.<\/li>\n<li><strong>Dlouhodob\u00fd vaping:<\/strong> U\u017eijte si a\u017e 60 000 \u0161luk\u016f - v\u00edce vapov\u00e1n\u00ed, m\u00e9n\u011b v\u00fdm\u011bny.<\/li>\n<li><strong>Flexibilita nikotinu:<\/strong> A\u0165 u\u017e p\u0159est\u00e1v\u00e1te kou\u0159it nikotin, nebo chcete siln\u00fd \u0161luk, vyberte si, co v\u00e1m nejl\u00e9pe vyhovuje.<\/li>\n<li><strong>U\u017eivatelsky p\u0159\u00edv\u011btiv\u00fd design:<\/strong> \u017d\u00e1dn\u00e9 dopl\u0148ov\u00e1n\u00ed, \u017e\u00e1dn\u00e9 komplikace - sta\u010d\u00ed si vybrat p\u0159\u00edchu\u0165 a vapovat.<\/li>\n<\/ul>\n<h3>\ud83c\udf53 12 nejlep\u0161\u00edch kombinac\u00ed chut\u00ed<\/h3>\n<ul>\n<li>Melounov\u00fd led \/ Bor\u016fvkov\u00e1 m\u00e1ta \/ Fuji Ice \/ Limetkov\u00e1 romantika<\/li>\n<li>Melounov\u00fd led \/ Bor\u016fvkov\u00fd t\u0159e\u0161\u0148ov\u00fd \/ Letn\u00ed \u010das \/ Kysel\u00e9 mango s ananasem<\/li>\n<li>Bor\u016fvkov\u00fd led \/ Broskvov\u00fd led \/ Duhov\u00e9 bonb\u00f3ny \/ Citronov\u00fd pomeran\u010d<\/li>\n<li>Bor\u016fvkov\u00fd led \/ broskvov\u00fd mangov\u00fd meloun \/ v\u00e1\u0161niv\u00fd polibek \/ melounov\u00e9 jablko<\/li>\n<li>Bor\u016fvka malina \/ Sm\u00ed\u0161en\u00e9 bobule \/ Kalifornsk\u00e1 t\u0159e\u0161e\u0148 \/ Mu\u010denka Mango<\/li>\n<li>Bor\u016fvka Malina \/ Hroznov\u00fd led \/ Bobulov\u00fd led \/ Aloe Mango Meloun<\/li>\n<li>Energetick\u00fd n\u00e1poj \/ Jahoda Ban\u00e1n \/ Mango Broskev Meru\u0148ka \/ Mu\u010denka Kiwi Limetka<\/li>\n<li>Energetick\u00fd n\u00e1poj \/ Bor\u016fvka s melounem \/ Kysel\u00e9 jablko s malinou \/ Gumov\u00fd medv\u00eddek<\/li>\n<li>Jahodov\u00e9 mango \/ Melounov\u00e1 \u017ev\u00fdka\u010dka \/ \u010cerven\u00e9 mojito \/ Love66<\/li>\n<li>Jahoda Mango \/ Jahoda Kiwi \/ Jablko Hrozny \/ Meloun Dra\u010d\u00ed ovoce<\/li>\n<li>Jahodov\u00fd meloun \/ \u010cern\u00fd led \/ T\u0159in\u00e1ct\u00fd meloun \/ Brusinkov\u00fd hrozen<\/li>\n<li>Jahoda Meloun \/ Kiwi Mu\u010denka Guava \/ Mango Ice \/ Meloun Kysel\u00e1 broskev<\/li>\n<\/ul>\n<p><strong>Bang Blaze 60K<\/strong> nov\u011b definuje jednor\u00e1zov\u00fd z\u00e1\u017eitek z vapov\u00e1n\u00ed s v\u00edce p\u0159\u00edchut\u011bmi, v\u011bt\u0161\u00edm v\u00fdkonem a v\u011bt\u0161\u00edm pohodl\u00edm. Vyzkou\u0161ejte ji nyn\u00ed a pozvedn\u011bte svou vape hru!<\/p>","protected":false},"excerpt":{"rendered":"<p>Bang Blaze 60000 potah\u016f jednor\u00e1zov\u00e1 vape p\u0159in\u00e1\u0161\u00ed 60 ml e-liquidu, 60 000 potah\u016f, p\u0159ep\u00edna\u010d p\u0159\u00edchut\u00ed 4 v 1, inteligentn\u00ed digit\u00e1ln\u00ed displej, n\u011bkolik sil nikotinu a s\u00ed\u0165ovou spir\u00e1lku - va\u0161e dokonal\u00e9 \u0159e\u0161en\u00ed vape v\u0161e v jednom.<\/p>","protected":false},"featured_media":35453,"comment_status":"open","ping_status":"closed","template":"","meta":[],"product_brand":[239],"product_cat":[37,242],"product_tag":[],"class_list":{"0":"post-35443","1":"product","2":"type-product","3":"status-publish","4":"has-post-thumbnail","6":"product_brand-bang","7":"product_cat-bang","8":"product_cat-60000-puffs-disposable-vape","10":"first","11":"instock","12":"shipping-taxable","13":"purchasable","14":"product-type-variable","15":"has-default-attributes"},"jetpack_sharing_enabled":true,"tiered_pricing_type":"fixed","tiered_pricing_fixed_rules":{"30":9.8499999999999996447286321199499070644378662109375,"50":8.5600000000000004973799150320701301097869873046875,"100":7.78000000000000024868995751603506505489349365234375,"200":7.38999999999999968025576890795491635799407958984375,"400":6.80999999999999960920149533194489777088165283203125},"tiered_pricing_product_settings":{"layout":"default","base_unit_name":{"singular":null,"plural":null},"default_variation":null},"tiered_pricing_minimum_quantity":10,"tiered_pricing_roles_data":[],"tiered_pricing_percentage_rules":[],"tiered_pricing_maximum_quantity":null,"tiered_pricing_quantity_step":"10","_links":{"self":[{"href":"https:\/\/aiviouvapes.com\/cs\/wp-json\/wp\/v2\/product\/35443","targetHints":{"allow":["GET"]}}],"collection":[{"href":"https:\/\/aiviouvapes.com\/cs\/wp-json\/wp\/v2\/product"}],"about":[{"href":"https:\/\/aiviouvapes.com\/cs\/wp-json\/wp\/v2\/types\/product"}],"replies":[{"embeddable":true,"href":"https:\/\/aiviouvapes.com\/cs\/wp-json\/wp\/v2\/comments?post=35443"}],"wp:featuredmedia":[{"embeddable":true,"href":"https:\/\/aiviouvapes.com\/cs\/wp-json\/wp\/v2\/media\/35453"}],"wp:attachment":[{"href":"https:\/\/aiviouvapes.com\/cs\/wp-json\/wp\/v2\/media?parent=35443"}],"wp:term":[{"taxonomy":"product_brand","embeddable":true,"href":"https:\/\/aiviouvapes.com\/cs\/wp-json\/wp\/v2\/product_brand?post=35443"},{"taxonomy":"product_cat","embeddable":true,"href":"https:\/\/aiviouvapes.com\/cs\/wp-json\/wp\/v2\/product_cat?post=35443"},{"taxonomy":"product_tag","embeddable":true,"href":"https:\/\/aiviouvapes.com\/cs\/wp-json\/wp\/v2\/product_tag?post=35443"}],"curies":[{"name":"wp","href":"https:\/\/api.w.org\/{rel}","templated":true}]}}