{"id":33282,"date":"2025-04-24T17:00:12","date_gmt":"2025-04-24T09:00:12","guid":{"rendered":"https:\/\/aiviouvapes.com\/?post_type=product&#038;p=33282"},"modified":"2026-03-17T23:58:55","modified_gmt":"2026-03-17T15:58:55","slug":"mrvi-df-40k-puff","status":"publish","type":"product","link":"https:\/\/aiviouvapes.com\/cs\/product\/mrvi-df-40k-puff\/","title":{"rendered":"MRVI DF 40000 Puffs | dvojit\u00e1 p\u0159\u00edchu\u0165, 40ml e-liquid jednor\u00e1zov\u00fd vape velkoobchod"},"content":{"rendered":"<p><strong>MRVI DF 40000 Double Flavor Disposable Vape<\/strong> - Dvakr\u00e1t v\u00edce chuti, dvakr\u00e1t v\u00edce z\u00e1bavy.<\/p>\n<p>Seznamte se s <strong>MRVI DF 40000<\/strong>, jednor\u00e1zov\u00fd vape, kter\u00fd v\u00e1m p\u0159in\u00e1\u0161\u00ed dvojn\u00e1sobnou chu\u0165 a dvojn\u00e1sobn\u00fd po\u017eitek. S a\u017e <strong>40 000 \u0161luk\u016f<\/strong>, masivn\u00ed <strong>40ml n\u00e1dr\u017e na e-liquid<\/strong>a nejmodern\u011bj\u0161\u00ed <strong>dvojit\u00e1 s\u00ed\u0165ov\u00e1 c\u00edvka<\/strong> Technologie tohoto za\u0159\u00edzen\u00ed je navr\u017eena pro hladkou a bohatou p\u00e1ru, kter\u00e1 vydr\u017e\u00ed d\u00e9le, ne\u017e jste si kdy mysleli. A\u0165 u\u017e jste p\u0159\u00edle\u017eitostn\u00fd vaper, nebo velkoobchodn\u00ed z\u00e1kazn\u00edk, MRVI DF 40000 obsahuje v\u0161e, co pot\u0159ebujete, v jednom elegantn\u00edm, kapesn\u00edm za\u0159\u00edzen\u00ed.<\/p>\n<p>Vybaveno <strong>Dob\u00edjec\u00ed baterie 850 mAh<\/strong> a <strong>Nab\u00edjen\u00ed typu C<\/strong> pro rychl\u00e9 dopln\u011bn\u00ed paliva je toto za\u0159\u00edzen\u00ed stejn\u011b v\u00fdkonn\u00e9 jako pohodln\u00e9. Vyberte si mezi <strong>5% nebo 2% s\u00edla nikotinu<\/strong> a p\u0159izp\u016fsobit si tak sv\u00e9 z\u00e1\u017eitky. Nav\u00edc s <strong>10 jedine\u010dn\u00fdch kombinac\u00ed dvou chut\u00ed<\/strong>, v\u017edycky se d\u00e1 vyzkou\u0161et n\u011bco nov\u00e9ho.<\/p>\n<p>Model MRVI DF 40000 je ide\u00e1ln\u00ed pro osobn\u00ed pou\u017eit\u00ed nebo jako z\u00e1soba pro dal\u0161\u00ed prodej, proto\u017ee nab\u00edz\u00ed kvalitu a mno\u017estv\u00ed.<\/p>\n<h3><strong>MRVI DF 40000 Vlastnosti:<\/strong><\/h3>\n<ul>\n<li><strong>Masivn\u00ed po\u010det puf\u016f:<\/strong> A\u017e 40 000 vdech\u016f na jedno za\u0159\u00edzen\u00ed<\/li>\n<li><strong>Velk\u00e1 kapacita e-liquidu:<\/strong> 40 ml pr\u00e9miov\u00e9ho e-liquidu<\/li>\n<li><strong>V\u00fdkonn\u00e1 baterie:<\/strong> Dob\u00edjec\u00ed baterie 850 mAh<\/li>\n<li><strong>Rychl\u00e9 nab\u00edjen\u00ed:<\/strong> Port Type-C (pln\u011b nabit\u00fd za 2 hodiny)<\/li>\n<li><strong>Dvojit\u00e1 s\u00ed\u0165ov\u00e1 c\u00edvka:<\/strong> Hladk\u00e1, bohat\u00e1 p\u00e1ra p\u0159i ka\u017ed\u00e9m pot\u00e1hnut\u00ed<\/li>\n<li><strong>Mo\u017enosti nikotinu:<\/strong> 5% nebo 2% bez tab\u00e1ku a nikotinu<\/li>\n<li><strong>Rozmanitost chut\u00ed:<\/strong> 10 vzru\u0161uj\u00edc\u00edch kombinac\u00ed dvou chut\u00ed<\/li>\n<li><strong>Snadn\u00e1 aktivace:<\/strong> Vdechnut\u00edm se aktivuje - nen\u00ed t\u0159eba pou\u017e\u00edvat \u017e\u00e1dn\u00e1 tla\u010d\u00edtka<\/li>\n<li><strong>Kompaktn\u00ed design:<\/strong> Kapesn\u00ed a ergonomick\u00fd (92*41*19 mm)<\/li>\n<li><strong>Velkoobchodn\u011b p\u0159\u00e1telsk\u00e9:<\/strong> 10 kus\u016f v krabici<\/li>\n<\/ul>","protected":false},"excerpt":{"rendered":"<p class=\"\" data-start=\"97\" data-end=\"366\">Jednor\u00e1zov\u00e1 vape MRVI DF 40000 nab\u00edz\u00ed a\u017e 40 000 potah\u016f, dv\u011b s\u00ed\u0165ov\u00e9 spir\u00e1lky, 40 ml e-liquidu a 10 dynamick\u00fdch kombinac\u00ed p\u0159\u00edchut\u00ed. Ide\u00e1ln\u00ed pro dlouhotrvaj\u00edc\u00ed bezprobl\u00e9mov\u00fd vaping, ide\u00e1ln\u00ed pro osobn\u00ed nebo velkoobchodn\u00ed pou\u017eit\u00ed.<\/p>","protected":false},"featured_media":33307,"comment_status":"open","ping_status":"closed","template":"","meta":[],"product_brand":[229],"product_cat":[33,219,80,79],"product_tag":[],"class_list":{"0":"post-33282","1":"product","2":"type-product","3":"status-publish","4":"has-post-thumbnail","6":"product_brand-mrvi","7":"product_cat-mrvi","8":"product_cat-40000-puffs-disposable-vape","9":"product_cat-dual-flavor-vapes","10":"product_cat-dual-mesh-vapes","12":"first","13":"instock","14":"shipping-taxable","15":"purchasable","16":"product-type-variable","17":"has-default-attributes"},"jetpack_sharing_enabled":true,"tiered_pricing_type":"fixed","tiered_pricing_fixed_rules":{"100":7.05999999999999960920149533194489777088165283203125,"200":6.4199999999999999289457264239899814128875732421875,"400":6.089999999999999857891452847979962825775146484375},"tiered_pricing_product_settings":{"layout":"default","base_unit_name":{"singular":null,"plural":null},"default_variation":null},"tiered_pricing_minimum_quantity":50,"tiered_pricing_roles_data":[],"tiered_pricing_percentage_rules":[],"tiered_pricing_maximum_quantity":null,"tiered_pricing_quantity_step":"10","_links":{"self":[{"href":"https:\/\/aiviouvapes.com\/cs\/wp-json\/wp\/v2\/product\/33282","targetHints":{"allow":["GET"]}}],"collection":[{"href":"https:\/\/aiviouvapes.com\/cs\/wp-json\/wp\/v2\/product"}],"about":[{"href":"https:\/\/aiviouvapes.com\/cs\/wp-json\/wp\/v2\/types\/product"}],"replies":[{"embeddable":true,"href":"https:\/\/aiviouvapes.com\/cs\/wp-json\/wp\/v2\/comments?post=33282"}],"wp:featuredmedia":[{"embeddable":true,"href":"https:\/\/aiviouvapes.com\/cs\/wp-json\/wp\/v2\/media\/33307"}],"wp:attachment":[{"href":"https:\/\/aiviouvapes.com\/cs\/wp-json\/wp\/v2\/media?parent=33282"}],"wp:term":[{"taxonomy":"product_brand","embeddable":true,"href":"https:\/\/aiviouvapes.com\/cs\/wp-json\/wp\/v2\/product_brand?post=33282"},{"taxonomy":"product_cat","embeddable":true,"href":"https:\/\/aiviouvapes.com\/cs\/wp-json\/wp\/v2\/product_cat?post=33282"},{"taxonomy":"product_tag","embeddable":true,"href":"https:\/\/aiviouvapes.com\/cs\/wp-json\/wp\/v2\/product_tag?post=33282"}],"curies":[{"name":"wp","href":"https:\/\/api.w.org\/{rel}","templated":true}]}}