{"id":30767,"date":"2025-03-21T12:56:55","date_gmt":"2025-03-21T04:56:55","guid":{"rendered":"https:\/\/aiviouvapes.com\/?post_type=product&#038;p=30767"},"modified":"2026-04-02T18:23:44","modified_gmt":"2026-04-02T10:23:44","slug":"waspe-60k-3-in-1-60000-puffs","status":"publish","type":"product","link":"https:\/\/aiviouvapes.com\/cs\/product\/waspe-60k-3-in-1-60000-puffs\/","title":{"rendered":"WASPE 60K | 3 v 1 60000 \u0161luk\u016f, trojit\u00e1 p\u0159\u00edchu\u0165, jednor\u00e1zov\u00fd vape pro hromadn\u00e9 pou\u017eit\u00ed"},"content":{"rendered":"<p><img data-recalc-dims=\"1\" loading=\"lazy\" decoding=\"async\" class=\"alignnone wp-image-33901\" src=\"https:\/\/i0.wp.com\/aiviouvapes.com\/wp-content\/uploads\/2025\/03\/%E5%BE%AE%E4%BF%A1%E5%9B%BE%E7%89%87_20250502143652-e1746694635211.jpg?resize=1000%2C591&#038;ssl=1\" alt=\",\" width=\"1000\" height=\"591\" title=\"\" srcset=\"https:\/\/i0.wp.com\/aiviouvapes.com\/wp-content\/uploads\/2025\/03\/%E5%BE%AE%E4%BF%A1%E5%9B%BE%E7%89%87_20250502143652-e1746694635211.jpg?w=1280&amp;ssl=1 1280w, https:\/\/i0.wp.com\/aiviouvapes.com\/wp-content\/uploads\/2025\/03\/%E5%BE%AE%E4%BF%A1%E5%9B%BE%E7%89%87_20250502143652-e1746694635211.jpg?resize=300%2C177&amp;ssl=1 300w, https:\/\/i0.wp.com\/aiviouvapes.com\/wp-content\/uploads\/2025\/03\/%E5%BE%AE%E4%BF%A1%E5%9B%BE%E7%89%87_20250502143652-e1746694635211.jpg?resize=1024%2C606&amp;ssl=1 1024w, https:\/\/i0.wp.com\/aiviouvapes.com\/wp-content\/uploads\/2025\/03\/%E5%BE%AE%E4%BF%A1%E5%9B%BE%E7%89%87_20250502143652-e1746694635211.jpg?resize=768%2C454&amp;ssl=1 768w, https:\/\/i0.wp.com\/aiviouvapes.com\/wp-content\/uploads\/2025\/03\/%E5%BE%AE%E4%BF%A1%E5%9B%BE%E7%89%87_20250502143652-e1746694635211.jpg?resize=18%2C12&amp;ssl=1 18w, https:\/\/i0.wp.com\/aiviouvapes.com\/wp-content\/uploads\/2025\/03\/%E5%BE%AE%E4%BF%A1%E5%9B%BE%E7%89%87_20250502143652-e1746694635211.jpg?resize=800%2C473&amp;ssl=1 800w\" sizes=\"auto, (max-width: 1000px) 100vw, 1000px\" \/> <img data-recalc-dims=\"1\" loading=\"lazy\" decoding=\"async\" class=\"alignnone wp-image-33902\" src=\"https:\/\/i0.wp.com\/aiviouvapes.com\/wp-content\/uploads\/2025\/03\/%E5%BE%AE%E4%BF%A1%E5%9B%BE%E7%89%87_20250502143744.jpg?resize=1000%2C750&#038;ssl=1\" alt=\",\" width=\"1000\" height=\"750\" title=\"\" srcset=\"https:\/\/i0.wp.com\/aiviouvapes.com\/wp-content\/uploads\/2025\/03\/%E5%BE%AE%E4%BF%A1%E5%9B%BE%E7%89%87_20250502143744.jpg?w=1707&amp;ssl=1 1707w, https:\/\/i0.wp.com\/aiviouvapes.com\/wp-content\/uploads\/2025\/03\/%E5%BE%AE%E4%BF%A1%E5%9B%BE%E7%89%87_20250502143744.jpg?resize=300%2C225&amp;ssl=1 300w, https:\/\/i0.wp.com\/aiviouvapes.com\/wp-content\/uploads\/2025\/03\/%E5%BE%AE%E4%BF%A1%E5%9B%BE%E7%89%87_20250502143744.jpg?resize=1024%2C768&amp;ssl=1 1024w, https:\/\/i0.wp.com\/aiviouvapes.com\/wp-content\/uploads\/2025\/03\/%E5%BE%AE%E4%BF%A1%E5%9B%BE%E7%89%87_20250502143744.jpg?resize=768%2C576&amp;ssl=1 768w, https:\/\/i0.wp.com\/aiviouvapes.com\/wp-content\/uploads\/2025\/03\/%E5%BE%AE%E4%BF%A1%E5%9B%BE%E7%89%87_20250502143744.jpg?resize=1536%2C1152&amp;ssl=1 1536w, https:\/\/i0.wp.com\/aiviouvapes.com\/wp-content\/uploads\/2025\/03\/%E5%BE%AE%E4%BF%A1%E5%9B%BE%E7%89%87_20250502143744.jpg?resize=16%2C12&amp;ssl=1 16w, https:\/\/i0.wp.com\/aiviouvapes.com\/wp-content\/uploads\/2025\/03\/%E5%BE%AE%E4%BF%A1%E5%9B%BE%E7%89%87_20250502143744.jpg?resize=1320%2C990&amp;ssl=1 1320w, https:\/\/i0.wp.com\/aiviouvapes.com\/wp-content\/uploads\/2025\/03\/%E5%BE%AE%E4%BF%A1%E5%9B%BE%E7%89%87_20250502143744.jpg?resize=800%2C600&amp;ssl=1 800w\" sizes=\"auto, (max-width: 1000px) 100vw, 1000px\" \/><\/p>\n<p><iframe title=\"VideoPress Video p\u0159ehr\u00e1va\u010d\" aria-label='VideoPress Video p\u0159ehr\u00e1va\u010d' width='1020' height='574' src='https:\/\/videopress.com\/embed\/ejPBp6IM?hd=0&amp;cover=1' frameborder='0' allowfullscreen allow='clipboard-write'><\/iframe><script src='https:\/\/v0.wordpress.com\/js\/next\/videopress-iframe.js?m=1770107250'><\/script><\/p>\n<h2>\ud83c\udf53 WASPE 60K Trojkombinace p\u0159\u00edchut\u00ed<\/h2>\n<p>Ka\u017ed\u00fd WASPE AIVIOU 60000 nab\u00edz\u00ed <strong>3 jedine\u010dn\u00e9 p\u0159\u00edchut\u011b v 1 za\u0159\u00edzen\u00ed<\/strong>, tak\u017ee je m\u016f\u017eete m\u011bnit, ani\u017e byste pot\u0159ebovali novou vape.<\/p>\n<table class=\"w-fit min-w-(--thread-content-width)\">\n<thead>\n<tr>\n<th>Kombinace \u010d.<\/th>\n<th>Trio p\u0159\u00edchut\u00ed<\/th>\n<\/tr>\n<\/thead>\n<tbody>\n<tr>\n<td>1<\/td>\n<td><strong>Melounov\u00fd led<\/strong>, <strong>Jahodov\u00e9 kiwi<\/strong>, <strong>Citron Limetka<\/strong><\/td>\n<\/tr>\n<tr>\n<td>2<\/td>\n<td><strong>Jahodov\u00fd meloun<\/strong>, <strong>Jahodovo-malinov\u00e9 bonbony<\/strong>, <strong>Hroznov\u00fd led<\/strong><\/td>\n<\/tr>\n<tr>\n<td>3<\/td>\n<td><strong>Bor\u016fvkov\u00fd led<\/strong>, <strong>Ledov\u00fd \u010cern\u00fd Drak<\/strong>, <strong>\u0160umiv\u00e9 t\u0159e\u0161\u0148ov\u00e9 ledy<\/strong><\/td>\n<\/tr>\n<tr>\n<td>4<\/td>\n<td><strong>Jahoda malina t\u0159e\u0161e\u0148<\/strong>, <strong>Love 666<\/strong>, <strong>T\u0159e\u0161\u0148ov\u00fd led Candy<\/strong><\/td>\n<\/tr>\n<tr>\n<td>5<\/td>\n<td><strong>Broskvov\u00fd led<\/strong>, <strong>Ananas Mango Broskev<\/strong>, <strong>Brusinka citron<\/strong><\/td>\n<\/tr>\n<tr>\n<td>6<\/td>\n<td><strong>Red Bull Led<\/strong>, <strong>Jahodov\u00e9 mango<\/strong>, <strong>Jahodov\u00fd meloun \u017dv\u00fdka\u010dka<\/strong><\/td>\n<\/tr>\n<tr>\n<td>7<\/td>\n<td><strong>Sm\u00ed\u0161en\u00e9 bobule<\/strong>, <strong>Gumov\u00fd medv\u00eddek<\/strong>, <strong>Sm\u00ed\u0161en\u00e9 ovoce<\/strong><\/td>\n<\/tr>\n<tr>\n<td>8<\/td>\n<td><strong>Trojit\u00fd melounov\u00fd led<\/strong>, <strong>Duhov\u00e9 bonbony<\/strong>, <strong>Bor\u016fvkov\u00e9 bonbony<\/strong><\/td>\n<\/tr>\n<tr>\n<td>9<\/td>\n<td><strong>Hroznov\u00fd led<\/strong>, <strong>Jahodov\u00e9 bonbony<\/strong>, <strong>Jahoda malina t\u0159e\u0161e\u0148<\/strong><\/td>\n<\/tr>\n<tr>\n<td>10<\/td>\n<td><strong>Jahodov\u00fd ban\u00e1n<\/strong>, <strong>Ananasov\u00fd kokosov\u00fd led<\/strong>, <strong>Mango Ice<\/strong><\/td>\n<\/tr>\n<tr>\n<td>11<\/td>\n<td><strong>T\u0159e\u0161e\u0148 cola led<\/strong>, <strong>Jahodov\u00e1 cola<\/strong>, <strong>Cola Led<\/strong><\/td>\n<\/tr>\n<tr>\n<td>12<\/td>\n<td><strong>Bor\u016fvka malina<\/strong>, <strong>Bor\u016fvkov\u00e1 cukrov\u00e1 vata<\/strong>, <strong>Dvojit\u00fd jable\u010dn\u00fd led<\/strong><\/td>\n<\/tr>\n<\/tbody>\n<\/table>\n<p>\ud83c\udf00 A\u0165 u\u017e m\u00e1te r\u00e1di ovocn\u00e9, ledov\u00e9 nebo cukrovinkami inspirovan\u00e9 vapov\u00e1n\u00ed - pro ka\u017edou chu\u0165 se najde kombinace.<\/p>\n<h2>\ud83d\udce6 WASPE AIVIOU 60000 Puffs - kl\u00ed\u010dov\u00e9 specifikace<\/h2>\n<table class=\"w-fit min-w-(--thread-content-width)\">\n<thead>\n<tr>\n<th>Funkce<\/th>\n<th>Popis<\/th>\n<\/tr>\n<\/thead>\n<tbody>\n<tr>\n<td><strong>Celkov\u00fd po\u010det obl\u00e1\u010dk\u016f<\/strong><\/td>\n<td>A\u017e do <strong>60 000 vdech\u016f<\/strong> - dlouh\u00e1 \u017eivotnost a ide\u00e1ln\u00ed pro dlouhodob\u00e9 pou\u017e\u00edv\u00e1n\u00ed<\/td>\n<\/tr>\n<tr>\n<td><strong>Mo\u017enosti p\u0159\u00edchut\u00ed<\/strong><\/td>\n<td><strong>3 v 1<\/strong> - p\u0159ep\u00edn\u00e1n\u00ed mezi t\u0159emi vestav\u011bn\u00fdmi p\u0159\u00edchut\u011bmi v jedin\u00e9m za\u0159\u00edzen\u00ed<\/td>\n<\/tr>\n<tr>\n<td><strong>S\u00edla nikotinu<\/strong><\/td>\n<td>Dostupn\u00e9 v <strong>0%, 2% nebo 5% nikotinu<\/strong> - zvolte si preferovanou s\u00edlu<\/td>\n<\/tr>\n<tr>\n<td><strong>Kapacita e-liquidu<\/strong><\/td>\n<td><strong>54 ml<\/strong> - dostatek kapaliny pro celodenn\u00ed vaping<\/td>\n<\/tr>\n<tr>\n<td><strong>Displej<\/strong><\/td>\n<td><strong>LED obrazovka<\/strong> p\u0159ehledn\u011b zobrazuje stav baterie a e-liquidu<\/td>\n<\/tr>\n<tr>\n<td><strong>C\u00edvky<\/strong><\/td>\n<td><strong>C\u00edvky s trojit\u00fdmi oky<\/strong> - pro lep\u0161\u00ed chu\u0165 a plynulou produkci p\u00e1ry<\/td>\n<\/tr>\n<tr>\n<td><strong>Nab\u00edjen\u00ed<\/strong><\/td>\n<td><strong>Dob\u00edjec\u00ed typ C<\/strong> - rychl\u00e9 a pohodln\u00e9 nab\u00edjen\u00ed<\/td>\n<\/tr>\n<tr>\n<td><strong>P\u0159enositelnost<\/strong><\/td>\n<td>Kompaktn\u00ed velikost: <strong>47 mm x 47 mm x 116 mm<\/strong> - snadno se vejde do ruky nebo do kapsy<\/td>\n<\/tr>\n<tr>\n<td><strong>Ide\u00e1ln\u00ed pro<\/strong><\/td>\n<td><strong>Velkoobchod a maloobchod<\/strong> v Nizozemsku, N\u011bmecku, Belgii a \u0160pan\u011blsku.<\/td>\n<\/tr>\n<\/tbody>\n<\/table>\n<h3>\u2753 \u010casto kladen\u00e9 ot\u00e1zky - WASPE AIVIOU 60000 Puffs Disposable Vape<\/h3>\n<h4>\u2705 Pro\u010d je WASPE AIVIOU 60000 Puffs dobrou volbou?<\/h4>\n<p>Model WASPE 60K vynik\u00e1 svou <strong>Kapacita 60 000 obl\u00e1\u010dk\u016f<\/strong>, <strong>Syst\u00e9m p\u0159\u00edchut\u00ed 3 v 1<\/strong>a <strong>LED displej<\/strong>. Je ur\u010den pro u\u017eivatele, kte\u0159\u00ed cht\u011bj\u00ed del\u0161\u00ed a aromati\u010dt\u011bj\u0161\u00ed vapov\u00e1n\u00ed. Nav\u00edc je vhodn\u00fd pro za\u010d\u00e1te\u010dn\u00edky a snadno se dob\u00edj\u00ed pomoc\u00ed kabelu typu C.<\/p>\n<h4>\ud83c\udf53 Kolik p\u0159\u00edchut\u00ed obsahuje jedna vape WASPE 60K?<\/h4>\n<p>Ka\u017ed\u00fd p\u0159\u00edstroj WASPE AIVIOU 60000 Puffs je dod\u00e1v\u00e1n s <strong>t\u0159i r\u016fzn\u00e9 vestav\u011bn\u00e9 p\u0159\u00edchut\u011b<\/strong>. M\u016f\u017eete mezi nimi p\u0159ep\u00ednat, ani\u017e byste museli m\u011bnit vape. Existuj\u00ed <strong>12 r\u016fzn\u00fdch kombinac\u00ed chut\u00ed<\/strong> k dispozici pro v\u0161echny chut\u011b.<\/p>\n<h4>\ud83d\udd0b Je WASPE 60K dob\u00edjec\u00ed?<\/h4>\n<p>Ano. Za\u0159\u00edzen\u00ed se dod\u00e1v\u00e1 s <strong>dob\u00edjec\u00ed baterie<\/strong> a <strong>Nab\u00edjec\u00ed port typu C<\/strong>, co\u017e zaji\u0161\u0165uje rychlej\u0161\u00ed nab\u00edjen\u00ed a del\u0161\u00ed pou\u017e\u00edv\u00e1n\u00ed.<\/p>\n<h4>\ud83d\udce6 Jak je vape WASPE 60K balen pro velkoobchodn\u00ed objedn\u00e1vky?<\/h4>\n<p>WASPE AIVIOU 60K je k dispozici ve dvou variant\u00e1ch balen\u00ed:<\/p>\n<ul>\n<li><strong>Box:<\/strong> 10 kus\u016f v krabici<\/li>\n<li><strong>Karton:<\/strong> 160 kus\u016f v kartonu (cca 21 kg)<br \/>\nOb\u011b jsou vhodn\u00e9 pro <strong>hromadn\u00e9 objedn\u00e1vky a rychl\u00e9 dod\u00e1n\u00ed<\/strong>.<\/li>\n<\/ul>\n<h4>\ud83c\udf0d Kde mohu prodat vape WASPE AIVIOU 60000 Puffs?<\/h4>\n<p>Je ide\u00e1ln\u00ed pro <strong>velkoobchod a maloobchod<\/strong> v <strong>Nizozemsko<\/strong>, <strong>N\u011bmecko<\/strong>, <strong>Belgie<\/strong>a <strong>\u0160pan\u011blsko<\/strong>. A\u0165 u\u017e m\u00e1te kamenn\u00fd obchod, nebo prod\u00e1v\u00e1te online, tento produkt je optimalizov\u00e1n pro trhy EU.<\/p>\n<h4>\ud83d\uded2 Pro\u010d nakupovat u AiviouVape?<\/h4>\n<p><strong>AiviouVape<\/strong> je d\u016fv\u011bryhodn\u00fd <strong>velkoobchodn\u00edk s vape<\/strong> spolupracuje p\u0159\u00edmo s v\u00fdrobci a nab\u00edz\u00ed:<\/p>\n<ul>\n<li>\u2705 Konkuren\u010dn\u00ed ceny<\/li>\n<li>\u2705 Autentick\u00e9 a bezpe\u010dn\u00e9 v\u00fdrobky<\/li>\n<li>\u2705 Rychl\u00e9 dod\u00e1n\u00ed i pro velk\u00e9 objedn\u00e1vky<\/li>\n<li>\u2705 Vynikaj\u00edc\u00ed podpora pro majitele obchod\u016f a prodejce<\/li>\n<\/ul>\n<h4>\ud83d\udccf Jak\u00e9 jsou rozm\u011bry za\u0159\u00edzen\u00ed WASPE 60K?<\/h4>\n<p>Ka\u017ed\u00e1 vape m\u011b\u0159\u00ed <strong>47 mm x 47 mm x 116 mm<\/strong>, d\u00edky \u010demu\u017e je lehk\u00fd a vhodn\u00fd do kapsy.<\/p>\n<p><img data-recalc-dims=\"1\" loading=\"lazy\" decoding=\"async\" class=\"alignnone size-full wp-image-33904\" src=\"https:\/\/i0.wp.com\/aiviouvapes.com\/wp-content\/uploads\/2025\/03\/%E5%8C%85%E8%A3%85%E5%9B%BE-140000.jpg?resize=1020%2C612&#038;ssl=1\" alt=\",\" width=\"1020\" height=\"612\" title=\"\" srcset=\"https:\/\/i0.wp.com\/aiviouvapes.com\/wp-content\/uploads\/2025\/03\/%E5%8C%85%E8%A3%85%E5%9B%BE-140000.jpg?w=1920&amp;ssl=1 1920w, https:\/\/i0.wp.com\/aiviouvapes.com\/wp-content\/uploads\/2025\/03\/%E5%8C%85%E8%A3%85%E5%9B%BE-140000.jpg?resize=300%2C180&amp;ssl=1 300w, https:\/\/i0.wp.com\/aiviouvapes.com\/wp-content\/uploads\/2025\/03\/%E5%8C%85%E8%A3%85%E5%9B%BE-140000.jpg?resize=1024%2C614&amp;ssl=1 1024w, https:\/\/i0.wp.com\/aiviouvapes.com\/wp-content\/uploads\/2025\/03\/%E5%8C%85%E8%A3%85%E5%9B%BE-140000.jpg?resize=768%2C461&amp;ssl=1 768w, https:\/\/i0.wp.com\/aiviouvapes.com\/wp-content\/uploads\/2025\/03\/%E5%8C%85%E8%A3%85%E5%9B%BE-140000.jpg?resize=1536%2C922&amp;ssl=1 1536w, https:\/\/i0.wp.com\/aiviouvapes.com\/wp-content\/uploads\/2025\/03\/%E5%8C%85%E8%A3%85%E5%9B%BE-140000.jpg?resize=18%2C12&amp;ssl=1 18w, https:\/\/i0.wp.com\/aiviouvapes.com\/wp-content\/uploads\/2025\/03\/%E5%8C%85%E8%A3%85%E5%9B%BE-140000.jpg?resize=1320%2C792&amp;ssl=1 1320w, https:\/\/i0.wp.com\/aiviouvapes.com\/wp-content\/uploads\/2025\/03\/%E5%8C%85%E8%A3%85%E5%9B%BE-140000.jpg?resize=800%2C480&amp;ssl=1 800w\" sizes=\"auto, (max-width: 1020px) 100vw, 1020px\" \/>\u00a0<img data-recalc-dims=\"1\" loading=\"lazy\" decoding=\"async\" class=\"alignnone wp-image-30768 size-full\" src=\"https:\/\/i0.wp.com\/aiviouvapes.com\/wp-content\/uploads\/2025\/03\/WASPE-60k-3-in-1-60000-Puffs-1.jpg?resize=1020%2C574&#038;ssl=1\" alt=\",\" width=\"1020\" height=\"574\" title=\"\" srcset=\"https:\/\/i0.wp.com\/aiviouvapes.com\/wp-content\/uploads\/2025\/03\/WASPE-60k-3-in-1-60000-Puffs-1.jpg?w=1920&amp;ssl=1 1920w, https:\/\/i0.wp.com\/aiviouvapes.com\/wp-content\/uploads\/2025\/03\/WASPE-60k-3-in-1-60000-Puffs-1.jpg?resize=300%2C169&amp;ssl=1 300w, https:\/\/i0.wp.com\/aiviouvapes.com\/wp-content\/uploads\/2025\/03\/WASPE-60k-3-in-1-60000-Puffs-1.jpg?resize=1024%2C576&amp;ssl=1 1024w, https:\/\/i0.wp.com\/aiviouvapes.com\/wp-content\/uploads\/2025\/03\/WASPE-60k-3-in-1-60000-Puffs-1.jpg?resize=768%2C432&amp;ssl=1 768w, https:\/\/i0.wp.com\/aiviouvapes.com\/wp-content\/uploads\/2025\/03\/WASPE-60k-3-in-1-60000-Puffs-1.jpg?resize=1536%2C864&amp;ssl=1 1536w, https:\/\/i0.wp.com\/aiviouvapes.com\/wp-content\/uploads\/2025\/03\/WASPE-60k-3-in-1-60000-Puffs-1.jpg?resize=18%2C10&amp;ssl=1 18w, https:\/\/i0.wp.com\/aiviouvapes.com\/wp-content\/uploads\/2025\/03\/WASPE-60k-3-in-1-60000-Puffs-1.jpg?resize=750%2C422&amp;ssl=1 750w\" sizes=\"auto, (max-width: 1020px) 100vw, 1020px\" \/><img data-recalc-dims=\"1\" loading=\"lazy\" decoding=\"async\" class=\"alignnone size-full wp-image-30772\" src=\"https:\/\/i0.wp.com\/aiviouvapes.com\/wp-content\/uploads\/2025\/03\/WASPE-60k-3-in-1-60000-Puffs-5.jpg?resize=1020%2C543&#038;ssl=1\" alt=\",\" width=\"1020\" height=\"543\" title=\"\" srcset=\"https:\/\/i0.wp.com\/aiviouvapes.com\/wp-content\/uploads\/2025\/03\/WASPE-60k-3-in-1-60000-Puffs-5.jpg?w=1920&amp;ssl=1 1920w, https:\/\/i0.wp.com\/aiviouvapes.com\/wp-content\/uploads\/2025\/03\/WASPE-60k-3-in-1-60000-Puffs-5.jpg?resize=300%2C160&amp;ssl=1 300w, https:\/\/i0.wp.com\/aiviouvapes.com\/wp-content\/uploads\/2025\/03\/WASPE-60k-3-in-1-60000-Puffs-5.jpg?resize=1024%2C546&amp;ssl=1 1024w, https:\/\/i0.wp.com\/aiviouvapes.com\/wp-content\/uploads\/2025\/03\/WASPE-60k-3-in-1-60000-Puffs-5.jpg?resize=768%2C409&amp;ssl=1 768w, https:\/\/i0.wp.com\/aiviouvapes.com\/wp-content\/uploads\/2025\/03\/WASPE-60k-3-in-1-60000-Puffs-5.jpg?resize=1536%2C818&amp;ssl=1 1536w, https:\/\/i0.wp.com\/aiviouvapes.com\/wp-content\/uploads\/2025\/03\/WASPE-60k-3-in-1-60000-Puffs-5.jpg?resize=18%2C10&amp;ssl=1 18w, https:\/\/i0.wp.com\/aiviouvapes.com\/wp-content\/uploads\/2025\/03\/WASPE-60k-3-in-1-60000-Puffs-5.jpg?resize=750%2C400&amp;ssl=1 750w\" sizes=\"auto, (max-width: 1020px) 100vw, 1020px\" \/><\/p>","protected":false},"excerpt":{"rendered":"<p class=\"translation-block\">Bu\u010fte p\u0159ipraveni na trojn\u00e1sobnou chu\u0165ovou z\u00e1bavu! Nov\u00fd WASPE 60K v\u00e1m umo\u017en\u00ed vychutnat si t\u0159i \u00fazasn\u00e9 p\u0159\u00edchut\u011b v jednom elegantn\u00edm vape. Vych\u00e1z\u00ed z obl\u00edben\u00e9ho <span style=\"color: #000000\"><a style=\"color: #000000\" href=\"https:\/\/aiviouvapes.com\/cs\/produkt\/waspe-crystal-40k-double-flavor-40000-puffs-rechargeable-bulk-buy-disposable-vape-wholesale\/\" target=\"_self\">WASPE Crystal<\/a><\/span>.<\/p>","protected":false},"featured_media":30783,"comment_status":"open","ping_status":"closed","template":"","meta":[],"product_brand":[227],"product_cat":[19,219,242,320,280,505],"product_tag":[306,308,303,305,304,302],"class_list":{"0":"post-30767","1":"product","2":"type-product","3":"status-publish","4":"has-post-thumbnail","6":"product_brand-waspe","7":"product_cat-waspe","8":"product_cat-40000-puffs-disposable-vape","9":"product_cat-60000-puffs-disposable-vape","10":"product_cat-best-disposable-vapes","11":"product_cat-cheap-rechargeable-disposable-vapes","12":"product_cat-in-stock-at-eu-warehouse","13":"product_tag-best-disposable-vapes","14":"product_tag-disposable-vape-in-europe","15":"product_tag-screen-vape","16":"product_tag-vape-suppliers","17":"product_tag-wholesale-vapes","18":"product_tag-wholesale-vapor","20":"first","21":"instock","22":"shipping-taxable","23":"purchasable","24":"product-type-variable","25":"has-default-attributes"},"jetpack_sharing_enabled":true,"tiered_pricing_type":"fixed","tiered_pricing_fixed_rules":{"30":9.07000000000000028421709430404007434844970703125,"50":7.910000000000000142108547152020037174224853515625,"100":7.38999999999999968025576890795491635799407958984375,"200":6.7400000000000002131628207280300557613372802734375,"400":6.4199999999999999289457264239899814128875732421875},"tiered_pricing_product_settings":{"layout":"default","base_unit_name":{"singular":null,"plural":null},"default_variation":null},"tiered_pricing_minimum_quantity":10,"tiered_pricing_roles_data":[],"tiered_pricing_percentage_rules":[],"tiered_pricing_maximum_quantity":null,"tiered_pricing_quantity_step":"10","_links":{"self":[{"href":"https:\/\/aiviouvapes.com\/cs\/wp-json\/wp\/v2\/product\/30767","targetHints":{"allow":["GET"]}}],"collection":[{"href":"https:\/\/aiviouvapes.com\/cs\/wp-json\/wp\/v2\/product"}],"about":[{"href":"https:\/\/aiviouvapes.com\/cs\/wp-json\/wp\/v2\/types\/product"}],"replies":[{"embeddable":true,"href":"https:\/\/aiviouvapes.com\/cs\/wp-json\/wp\/v2\/comments?post=30767"}],"wp:featuredmedia":[{"embeddable":true,"href":"https:\/\/aiviouvapes.com\/cs\/wp-json\/wp\/v2\/media\/30783"}],"wp:attachment":[{"href":"https:\/\/aiviouvapes.com\/cs\/wp-json\/wp\/v2\/media?parent=30767"}],"wp:term":[{"taxonomy":"product_brand","embeddable":true,"href":"https:\/\/aiviouvapes.com\/cs\/wp-json\/wp\/v2\/product_brand?post=30767"},{"taxonomy":"product_cat","embeddable":true,"href":"https:\/\/aiviouvapes.com\/cs\/wp-json\/wp\/v2\/product_cat?post=30767"},{"taxonomy":"product_tag","embeddable":true,"href":"https:\/\/aiviouvapes.com\/cs\/wp-json\/wp\/v2\/product_tag?post=30767"}],"curies":[{"name":"wp","href":"https:\/\/api.w.org\/{rel}","templated":true}]}}