{"id":30446,"date":"2025-03-14T19:11:58","date_gmt":"2025-03-14T11:11:58","guid":{"rendered":"https:\/\/aiviouvapes.com\/?post_type=product&#038;p=30446"},"modified":"2026-04-17T13:00:57","modified_gmt":"2026-04-17T05:00:57","slug":"gazzbar-rocket-20000-puffs","status":"publish","type":"product","link":"https:\/\/aiviouvapes.com\/cs\/product\/gazzbar-rocket-20000-puffs\/","title":{"rendered":"Gazzbar Rocket 20000 Puffs | 14 p\u0159\u00edchut\u00ed 0-5% nikotinov\u00fd jednor\u00e1zov\u00fd vape"},"content":{"rendered":"<h2>Gazzbar Rocket 20000: Uvoln\u011bte 20 000 \u0161luk\u016f chutn\u00e9ho vapingu<\/h2>\n<p>P\u0159edstavujeme <strong>Gazzbar Rocket 20000 Vape na jedno pou\u017eit\u00ed<\/strong>, revolu\u010dn\u00ed za\u0159\u00edzen\u00ed navr\u017een\u00e9 pro del\u0161\u00ed pot\u011b\u0161en\u00ed z vapingu. Tento dob\u00edjec\u00ed jednor\u00e1zov\u00fd vape s \u00fa\u017easnou kapacitou a\u017e 20 000 potah\u016f a rozmanitou nab\u00eddkou 14 p\u0159\u00edchut\u00ed uspokoj\u00ed v\u0161echny va\u0161e pot\u0159eby vapingu. Je k dispozici v n\u011bkolika sil\u00e1ch nikotinu, tak\u017ee je ide\u00e1ln\u00ed jak pro milovn\u00edky nikotinu, tak pro ty, kte\u0159\u00ed cht\u011bj\u00ed sn\u00ed\u017eit jeho p\u0159\u00edjem.<\/p>\n<h3>Bezkonkuren\u010dn\u00ed \u017eivotnost a v\u00fdkon<\/h3>\n<p>Gazzbar Rocket 20000 nov\u011b definuje dlouhou \u017eivotnost jednor\u00e1zov\u00fdch vap\u016f. Poskytuje a\u017e <strong>20 000 vdech\u016f<\/strong>, toto za\u0159\u00edzen\u00ed zaji\u0161\u0165uje dlouhodob\u00fd po\u017eitek z pou\u017e\u00edv\u00e1n\u00ed bez nutnosti neust\u00e1l\u00e9 v\u00fdm\u011bny. Str\u00e1nka <strong>dob\u00edjec\u00ed konstrukce<\/strong> p\u0159es USB zaru\u010duje nep\u0159etr\u017eit\u00fd vaping a eliminuje obavy z baterie. Vyberte si z <strong>S\u00edla nikotinu 0%, 2%, 3% nebo 5%<\/strong> p\u0159izp\u016fsobit si z\u00e1\u017eitek z vapov\u00e1n\u00ed.<\/p>\n<h3>Pono\u0159te se do 14 vynikaj\u00edc\u00edch chut\u00ed<\/h3>\n<p>Objevte sv\u011bt chut\u00ed se 14 jedine\u010dn\u00fdmi p\u0159\u00edchut\u011bmi k\u00e1vovaru Gazzbar Rocket 20000:<\/p>\n<ul>\n<li><strong>B\u00edl\u00fd gumov\u00fd led:<\/strong> Sladk\u00e9 gumov\u00e9 bonbony se setk\u00e1vaj\u00ed s mraziv\u00fdm ledov\u00fdm n\u00e1porem. Nostalgick\u00e1 a osv\u011b\u017euj\u00edc\u00ed pochoutka.<\/li>\n<li><strong>Strawberry Kiwi:<\/strong> Dokonal\u00e1 kombinace sladk\u00fdch jahod a pikantn\u00edho kiwi. Ovocn\u00fd a \u017eiv\u00fd z\u00e1\u017eitek.<\/li>\n<li><strong>Blue Razz Ice:<\/strong> Pikantn\u00ed bor\u016fvky a maliny s chladiv\u00fdm mentolov\u00fdm z\u00e1v\u011brem. Osv\u011b\u017euj\u00edc\u00ed a trpk\u00e9 pot\u011b\u0161en\u00ed.<\/li>\n<li><strong>Sv\u011b\u017e\u00ed led:<\/strong> \u0160\u0165avnat\u00fd meloun s osv\u011b\u017euj\u00edc\u00ed m\u00e1tou. Letn\u00ed a osv\u011b\u017euj\u00edc\u00ed vape.<\/li>\n<li><strong>Mango Peach:<\/strong> Tropick\u00e1 sladkost manga je vyv\u00e1\u017een\u00e1 jemnou a delik\u00e1tn\u00ed chut\u00ed zral\u00fdch broskv\u00ed. Jemn\u00e1 a exotick\u00e1 sm\u011bs.<\/li>\n<li><strong>Cool Mint:<\/strong> K\u0159upav\u00e1 a osv\u011b\u017euj\u00edc\u00ed m\u00e1ta, kter\u00e1 p\u0159in\u00e1\u0161\u00ed \u010dist\u00fd a ledov\u00fd pocit. Ide\u00e1ln\u00ed pro osv\u011b\u017euj\u00edc\u00ed p\u0159est\u00e1vku.<\/li>\n<li><strong>Ban\u00e1nov\u00fd led:<\/strong> Kr\u00e9mov\u00e1 ban\u00e1nov\u00e1 sladkost s osv\u011b\u017euj\u00edc\u00edm m\u00e1tov\u00fdm v\u00e1nkem. Hladk\u00e1 a chladiv\u00e1 pochoutka.<\/li>\n<li><strong>Grape Ice:<\/strong> Sladk\u00e1 a \u0161\u0165avnat\u00e1 hroznov\u00e1 chu\u0165 s mraziv\u00fdm ledov\u00fdm z\u00e1v\u011brem. Klasick\u00e1 a osv\u011b\u017euj\u00edc\u00ed volba.<\/li>\n<li><strong>Li\u010di Ice:<\/strong> Sladk\u00e9 a kv\u011btinov\u00e9 li\u010di s chladiv\u00fdm, ledov\u00fdm n\u00e1dechem. Jedine\u010dn\u00e1 a osv\u011b\u017euj\u00edc\u00ed tropick\u00e1 chu\u0165.<\/li>\n<li><strong>Peach Ice:<\/strong> Sladk\u00e1 a jemn\u00e1 broskvov\u00e1 p\u0159\u00edchu\u0165 se sv\u011b\u017e\u00edm, chladiv\u00fdm pocitem. Ide\u00e1ln\u00ed pro hladk\u00fd vape.<\/li>\n<li><strong>Tab\u00e1k:<\/strong> Bohat\u00e1 a siln\u00e1 tab\u00e1kov\u00e1 p\u0159\u00edchu\u0165 pro tradi\u010dn\u00ed vapingov\u00fd z\u00e1\u017eitek. Ide\u00e1ln\u00ed pro ty, kte\u0159\u00ed maj\u00ed r\u00e1di klasick\u00e9 chut\u011b.<\/li>\n<li><strong>Ananasov\u00fd led:<\/strong> \u0160\u0165avnat\u00fd ananas s osv\u011b\u017euj\u00edc\u00edm ledov\u00fdm z\u00e1v\u011brem. Tropick\u00fd a osv\u011b\u017euj\u00edc\u00ed vape.<\/li>\n<li><strong>Jahodov\u00e1 zmrzlina:<\/strong> Kr\u00e9mov\u00e1 a sladk\u00e1 jahodov\u00e1 zmrzlina. Rozko\u0161 inspirovan\u00e1 dezertem.<\/li>\n<li><strong>Cola Ice:<\/strong> \u0160umiv\u00e1 cola s chladiv\u00fdm osv\u011b\u017euj\u00edc\u00edm n\u00e1dechem. Nostalgick\u00e1 a ledov\u00e1 pochoutka.<\/li>\n<\/ul>\n<h3>Pr\u00e9miov\u00e1 kvalita a pohodln\u00e9 balen\u00ed<\/h3>\n<p>Gazzbar Rocket 20000 je navr\u017een s ohledem na kvalitu a pohodl\u00ed. Ka\u017ed\u00e1 krabice obsahuje <strong>5 za\u0159\u00edzen\u00ed<\/strong>a ka\u017ed\u00e1 krabice obsahuje <strong>200 jednotek<\/strong>, tak\u017ee je ide\u00e1ln\u00ed jak pro osobn\u00ed pou\u017eit\u00ed, tak pro maloobchodn\u00ed distribuci. Vysoce kvalitn\u00ed konstrukce zaji\u0161\u0165uje konzistentn\u00ed a p\u0159\u00edjemn\u00fd z\u00e1\u017eitek z vapov\u00e1n\u00ed.<\/p>\n<h3>Pro\u010d si vybrat Gazzbar Rocket 20000?<\/h3>\n<ul>\n<li><strong>Velmi dlouh\u00e1 \u017eivotnost:<\/strong> A\u017e 20 000 potah\u016f pro del\u0161\u00ed po\u017eitek.<\/li>\n<li><strong>V\u00edce siln\u00fdch nikotin\u016f:<\/strong> S mo\u017enostmi 0%, 2%, 3% a 5% m\u016f\u017eete vyhov\u011bt r\u016fzn\u00fdm preferenc\u00edm.<\/li>\n<li><strong>Rozmanit\u00fd v\u00fdb\u011br chut\u00ed:<\/strong> 14 jedine\u010dn\u00fdch p\u0159\u00edchut\u00ed, kter\u00e9 uspokoj\u00ed ka\u017ed\u00fd jaz\u00fd\u010dek.<\/li>\n<li><strong>Dob\u00edjec\u00ed design:<\/strong> Zajist\u011bte si nep\u0159etr\u017eit\u00fd vaping d\u00edky pohodln\u00e9mu nab\u00edjen\u00ed p\u0159es USB.<\/li>\n<li><strong>Vysoce kvalitn\u00ed konstrukce:<\/strong> Spolehliv\u00fd v\u00fdkon a konzistentn\u00ed pod\u00e1n\u00ed chuti.<\/li>\n<li><strong>V\u00fdhodn\u00e9 balen\u00ed:<\/strong> Ide\u00e1ln\u00ed pro individu\u00e1ln\u00ed pou\u017eit\u00ed i maloobchodn\u00ed distribuci.<\/li>\n<\/ul>\n<p>Zlep\u0161ete sv\u016fj z\u00e1\u017eitek z vapingu s Gazzbar Rocket 20000. Objednejte si nyn\u00ed a u\u017eijte si 20 000 potah\u016f \u010dist\u00e9ho uspokojen\u00ed z vapingu!<\/p>","protected":false},"excerpt":{"rendered":"<p>S Gazzbar Rocket 20000 si u\u017eijete a\u017e 20 000 pot\u00e1hnut\u00ed! K dispozici je 14 jedine\u010dn\u00fdch p\u0159\u00edchut\u00ed a s\u00edla nikotinu 0-5%. Dob\u00edjec\u00ed, s dlouhou v\u00fddr\u017e\u00ed a ide\u00e1ln\u00ed pro hromadn\u00fd n\u00e1kup.<\/p>","protected":false},"featured_media":30463,"comment_status":"open","ping_status":"closed","template":"","meta":[],"product_brand":[246],"product_cat":[225,129],"product_tag":[],"class_list":{"0":"post-30446","1":"product","2":"type-product","3":"status-publish","4":"has-post-thumbnail","6":"product_brand-gazzbar","7":"product_cat-gazzbar","8":"product_cat-20000-puffs-disposable-vape","10":"first","11":"instock","12":"shipping-taxable","13":"purchasable","14":"product-type-variable","15":"has-default-attributes"},"jetpack_sharing_enabled":true,"tiered_pricing_type":"fixed","tiered_pricing_fixed_rules":[],"tiered_pricing_product_settings":{"layout":"default","base_unit_name":{"singular":null,"plural":null},"default_variation":null},"tiered_pricing_minimum_quantity":1000,"tiered_pricing_roles_data":[],"tiered_pricing_percentage_rules":[],"tiered_pricing_maximum_quantity":null,"tiered_pricing_quantity_step":"10","_links":{"self":[{"href":"https:\/\/aiviouvapes.com\/cs\/wp-json\/wp\/v2\/product\/30446","targetHints":{"allow":["GET"]}}],"collection":[{"href":"https:\/\/aiviouvapes.com\/cs\/wp-json\/wp\/v2\/product"}],"about":[{"href":"https:\/\/aiviouvapes.com\/cs\/wp-json\/wp\/v2\/types\/product"}],"replies":[{"embeddable":true,"href":"https:\/\/aiviouvapes.com\/cs\/wp-json\/wp\/v2\/comments?post=30446"}],"wp:featuredmedia":[{"embeddable":true,"href":"https:\/\/aiviouvapes.com\/cs\/wp-json\/wp\/v2\/media\/30463"}],"wp:attachment":[{"href":"https:\/\/aiviouvapes.com\/cs\/wp-json\/wp\/v2\/media?parent=30446"}],"wp:term":[{"taxonomy":"product_brand","embeddable":true,"href":"https:\/\/aiviouvapes.com\/cs\/wp-json\/wp\/v2\/product_brand?post=30446"},{"taxonomy":"product_cat","embeddable":true,"href":"https:\/\/aiviouvapes.com\/cs\/wp-json\/wp\/v2\/product_cat?post=30446"},{"taxonomy":"product_tag","embeddable":true,"href":"https:\/\/aiviouvapes.com\/cs\/wp-json\/wp\/v2\/product_tag?post=30446"}],"curies":[{"name":"wp","href":"https:\/\/api.w.org\/{rel}","templated":true}]}}