{"id":30076,"date":"2025-03-14T16:37:29","date_gmt":"2025-03-14T08:37:29","guid":{"rendered":"https:\/\/aiviouvapes.com\/?post_type=product&#038;p=30076"},"modified":"2026-04-17T13:00:57","modified_gmt":"2026-04-17T05:00:57","slug":"fizzy-nova-20000-puffs","status":"publish","type":"product","link":"https:\/\/aiviouvapes.com\/cs\/product\/fizzy-nova-20000-puffs\/","title":{"rendered":"Fizzy Nova 20000 Puffs | dvojit\u00e1 s\u00ed\u0165ov\u00e1 c\u00edvka, LCD displej, dob\u00edjec\u00ed jednor\u00e1zov\u00e9 vape ve velk\u00e9m a ve velkoobchod\u011b"},"content":{"rendered":"<p>Vyzkou\u0161ejte si vrchol vapingov\u00e9 technologie s modelem <strong>Fizzy Nova 20000 Puffs dob\u00edjec\u00ed jednor\u00e1zov\u00e9 Vape<\/strong>. Toto za\u0159\u00edzen\u00ed nab\u00edz\u00ed jedine\u010dnou kombinaci v\u00fdkonu, pohodl\u00ed a stylu. Nyn\u00ed je k dispozici pro velkoobchodn\u00ed prodej u spole\u010dnosti AiviouVape, va\u0161eho p\u0159edn\u00edho online distributora vape v Nizozemsku, N\u011bmecku, Belgii a \u0160pan\u011blsku.<\/p>\n<h2>Pro\u010d je Fizzy Nova 20000 Puffs v\u00fdjime\u010dn\u00e1:<\/h2>\n<ul>\n<li><strong>Bezprecedentn\u00ed kapacita 20000 puf\u016f:<\/strong> Vychutnejte si del\u0161\u00ed vapingov\u00e9 seance bez nutnosti \u010dast\u00e9 v\u00fdm\u011bny.<\/li>\n<li><strong>Pokro\u010dil\u00e1 technologie Dual Mesh Coil:<\/strong> Za\u017eijte bohatou, konzistentn\u00ed chu\u0165 a hustou produkci p\u00e1ry p\u0159i ka\u017ed\u00e9m potahu.<\/li>\n<li><strong>Dob\u00edjec\u00ed baterie s dlouhou v\u00fddr\u017e\u00ed 850 mAh:<\/strong> Rozlu\u010dte se s obavami z baterie d\u00edky v\u00fdkonn\u00e9 dob\u00edjec\u00ed baterii.<\/li>\n<li><strong>Intuitivn\u00ed obrazovka LCD:<\/strong> M\u011bjte p\u0159ehled o v\u00fddr\u017ei baterie a stavu e-liquidu.<\/li>\n<li><strong>P\u0159izp\u016fsobiteln\u00e9 re\u017eimy Eco a Turbo:<\/strong> P\u0159izp\u016fsobte si vapov\u00e1n\u00ed sv\u00fdm preferenc\u00edm, a\u0165 u\u017e d\u00e1v\u00e1te p\u0159ednost del\u0161\u00ed v\u00fddr\u017ei baterie nebo intenzivn\u00ed chuti.<\/li>\n<li><strong>Dvoj\u00ed s\u00edla nikotinu:<\/strong> K dispozici jsou varianty s nikotinem 2% a 5%, kter\u00e9 uspokoj\u00ed \u0161irokou \u0161k\u00e1lu preferenc\u00ed z\u00e1kazn\u00edk\u016f.<\/li>\n<li><strong>Pr\u00e9miov\u00e1 kovov\u00e1 konstrukce:<\/strong> U\u017eijte si elegantn\u00ed, odoln\u00e9 a luxusn\u00ed vape pero se \u0161pi\u010dkov\u00fdm kovov\u00fdm povrchem.<\/li>\n<li><strong>Rozs\u00e1hl\u00fd v\u00fdb\u011br p\u0159\u00edchut\u00ed:<\/strong> Dop\u0159ejte si rozmanitou \u0161k\u00e1lu pe\u010dliv\u011b p\u0159ipraven\u00fdch chut\u00ed.<\/li>\n<\/ul>\n<p><iframe title=\"VideoPress Video p\u0159ehr\u00e1va\u010d\" aria-label='VideoPress Video p\u0159ehr\u00e1va\u010d' width='1020' height='574' src='https:\/\/videopress.com\/embed\/5n4svF8i?hd=0&amp;cover=1' frameborder='0' allowfullscreen allow='clipboard-write'><\/iframe><script src='https:\/\/v0.wordpress.com\/js\/next\/videopress-iframe.js?m=1739540970'><\/script><\/p>\n<h3>Podrobn\u00e9 vlastnosti:<\/h3>\n<h4>Technologie Dual Mesh Coil<\/h4>\n<p>\u0160luk\u00e1tko Fizzy Nova 20000 Puffs vyu\u017e\u00edv\u00e1 pokro\u010dilou technologii spir\u00e1lek s dvojitou m\u0159\u00ed\u017ekou, kter\u00e1 poskytuje v\u011bt\u0161\u00ed plochu pro lep\u0161\u00ed pod\u00e1n\u00ed chuti a produkci p\u00e1ry. To zaji\u0161\u0165uje trvale uspokojiv\u00fd z\u00e1\u017eitek z vapov\u00e1n\u00ed od prvn\u00edho potahu a\u017e po ten posledn\u00ed.<\/p>\n<h4>Re\u017eimy Eco a Turbo<\/h4>\n<p>P\u0159izp\u016fsobte si vapov\u00e1n\u00ed pomoc\u00ed jedine\u010dn\u00fdch re\u017eim\u016f Eco a Turbo modelu Fizzy Nova. Re\u017eim Eco optimalizuje v\u00fddr\u017e baterie a spot\u0159ebu e-liquidu pro del\u0161\u00ed pou\u017e\u00edv\u00e1n\u00ed, zat\u00edmco re\u017eim Turbo p\u0159in\u00e1\u0161\u00ed intenzivn\u011bj\u0161\u00ed a robustn\u011bj\u0161\u00ed vaping.<\/p>\n<h4>Dob\u00edjec\u00ed baterie 850 mAh<\/h4>\n<p>Fizzy Nova 20000 Puffs je vybaven v\u00fdkonnou dob\u00edjec\u00ed bateri\u00ed s kapacitou 850 mAh, kter\u00e1 zaji\u0161\u0165uje dlouhotrvaj\u00edc\u00ed v\u00fdkon a umo\u017e\u0148uje v\u00e1m u\u017e\u00edvat si vapov\u00e1n\u00ed bez \u010dast\u00e9ho dob\u00edjen\u00ed.<\/p>\n<h4>LCD displej s indik\u00e1tory<\/h4>\n<p>Integrovan\u00fd displej LCD poskytuje informace o v\u00fddr\u017ei baterie a hladin\u011b e-liquidu v re\u00e1ln\u00e9m \u010dase, tak\u017ee budete v\u017edy p\u0159ipraveni a nikdy nebudete zasko\u010deni.<\/p>\n<h4>Pr\u00e9miov\u00e9 kovov\u00e9 zpracov\u00e1n\u00ed<\/h4>\n<p>Model Fizzy Nova 20000 Puffs je vyroben z vysoce kvalitn\u00edho kovu a m\u00e1 elegantn\u00ed a stylov\u00fd design, kter\u00fd je odoln\u00fd a vizu\u00e1ln\u011b p\u0159ita\u017eliv\u00fd.<\/p>\n<h3>Prozkoumejte na\u0161i \u0161irokou nab\u00eddku p\u0159\u00edchut\u00ed:<\/h3>\n<ul>\n<li><strong>Ovocn\u00e9 pochoutky:<\/strong> Citronov\u00e1 limetka, Sm\u00ed\u0161en\u00e9 bobule, Jahoda Kiwi, Meloun, Jahoda, Bor\u016fvka, Hroznov\u00e9 v\u00edno, Malina Citron, Ananas Broskev Mu\u010denka, Kiwi Mu\u010denka Guava<\/li>\n<li><strong>Sladk\u00e9 pocity:<\/strong> \u0160umiv\u00e1 t\u0159e\u0161e\u0148, r\u016f\u017eov\u00e1 limon\u00e1da, broskev, bor\u016fvka s kokosem<\/li>\n<li><strong>Trpk\u00e9 a osv\u011b\u017euj\u00edc\u00ed:<\/strong> Kysel\u00e9 jablko<\/li>\n<\/ul>\n<h3>Pro\u010d si vybrat AiviouVape pro velkoobchodn\u00ed prodej?<\/h3>\n<ul>\n<li><strong>Nejv\u011bt\u0161\u00ed online velkoobchodn\u00ed platforma:<\/strong> Obsluhuje Nizozemsko, N\u011bmecko, Belgii a \u0160pan\u011blsko.<\/li>\n<li><strong>Konkuren\u010dn\u00ed hromadn\u00e9 ceny:<\/strong> Maximalizujte sv\u00e9 ziskov\u00e9 mar\u017ee d\u00edky na\u0161im atraktivn\u00edm velkoobchodn\u00edm cen\u00e1m.<\/li>\n<li><strong>Rychl\u00e1 a spolehliv\u00e1 p\u0159eprava:<\/strong> Zajist\u011bte v\u010dasn\u00e9 dod\u00e1n\u00ed, abyste vyhov\u011bli po\u017eadavk\u016fm sv\u00fdch z\u00e1kazn\u00edk\u016f.<\/li>\n<li><strong>Vynikaj\u00edc\u00ed z\u00e1kaznick\u00e1 podpora:<\/strong> N\u00e1\u0161 t\u00fdm se sna\u017e\u00ed poskytovat v\u00fdjime\u010dn\u00e9 slu\u017eby.<\/li>\n<li><strong>Origin\u00e1ln\u00ed tov\u00e1rn\u00ed v\u00fdrobky:<\/strong> Zaru\u010dte sv\u00fdm z\u00e1kazn\u00edk\u016fm nejvy\u0161\u0161\u00ed kvalitu a pravost.<\/li>\n<\/ul>\n<p>V\u00edtejte na t\u00e9to str\u00e1nce, kde si m\u016f\u017eete hromadn\u011b objednat Fizzy Nova 20000 Puffs a zv\u00fd\u0161it tak svou nab\u00eddku vape produkt\u016f!<\/p>","protected":false},"excerpt":{"rendered":"<p>Fizzy Nova 20000 Puffs! Obsahuje <strong data-start=\"457\" data-end=\"476\">dvojit\u00e9 mesh c\u00edvky<\/strong> pro lep\u0161\u00ed chu\u0165, a <strong>slo\u017een\u00ed s n\u00edzk\u00fdm obsahem nikotinu<\/strong> pro hlad\u0161\u00ed z\u00e1sahy a <strong data-start=\"550\" data-end=\"570\">\u010dir\u00fd displej LCD<\/strong> ke sledov\u00e1n\u00ed stavu baterie a e-liquidu. Tento dob\u00edjec\u00ed jednor\u00e1zov\u00fd vape je ide\u00e1ln\u00ed pro velkoodb\u011bratele, kte\u0159\u00ed hledaj\u00ed vysoce kvalitn\u00ed a cenov\u011b v\u00fdhodn\u00e9 varianty.<\/p>","protected":false},"featured_media":30095,"comment_status":"open","ping_status":"closed","template":"","meta":[],"product_brand":[248],"product_cat":[129,223],"product_tag":[],"class_list":{"0":"post-30076","1":"product","2":"type-product","3":"status-publish","4":"has-post-thumbnail","6":"product_brand-fizzy","7":"product_cat-20000-puffs-disposable-vape","8":"product_cat-fizzy","10":"first","11":"instock","12":"shipping-taxable","13":"purchasable","14":"product-type-variable","15":"has-default-attributes"},"jetpack_sharing_enabled":true,"tiered_pricing_type":"fixed","tiered_pricing_fixed_rules":{"200":6.5999999999999996447286321199499070644378662109375,"500":5.9000000000000003552713678800500929355621337890625},"tiered_pricing_product_settings":{"layout":"default","base_unit_name":{"singular":null,"plural":null},"default_variation":null},"tiered_pricing_minimum_quantity":100,"tiered_pricing_roles_data":[],"tiered_pricing_percentage_rules":[],"tiered_pricing_maximum_quantity":null,"tiered_pricing_quantity_step":"10","_links":{"self":[{"href":"https:\/\/aiviouvapes.com\/cs\/wp-json\/wp\/v2\/product\/30076","targetHints":{"allow":["GET"]}}],"collection":[{"href":"https:\/\/aiviouvapes.com\/cs\/wp-json\/wp\/v2\/product"}],"about":[{"href":"https:\/\/aiviouvapes.com\/cs\/wp-json\/wp\/v2\/types\/product"}],"replies":[{"embeddable":true,"href":"https:\/\/aiviouvapes.com\/cs\/wp-json\/wp\/v2\/comments?post=30076"}],"wp:featuredmedia":[{"embeddable":true,"href":"https:\/\/aiviouvapes.com\/cs\/wp-json\/wp\/v2\/media\/30095"}],"wp:attachment":[{"href":"https:\/\/aiviouvapes.com\/cs\/wp-json\/wp\/v2\/media?parent=30076"}],"wp:term":[{"taxonomy":"product_brand","embeddable":true,"href":"https:\/\/aiviouvapes.com\/cs\/wp-json\/wp\/v2\/product_brand?post=30076"},{"taxonomy":"product_cat","embeddable":true,"href":"https:\/\/aiviouvapes.com\/cs\/wp-json\/wp\/v2\/product_cat?post=30076"},{"taxonomy":"product_tag","embeddable":true,"href":"https:\/\/aiviouvapes.com\/cs\/wp-json\/wp\/v2\/product_tag?post=30076"}],"curies":[{"name":"wp","href":"https:\/\/api.w.org\/{rel}","templated":true}]}}