{"id":29120,"date":"2025-02-21T15:04:17","date_gmt":"2025-02-21T07:04:17","guid":{"rendered":"https:\/\/aiviouvapes.com\/?post_type=product&#038;p=29120"},"modified":"2026-03-23T13:30:00","modified_gmt":"2026-03-23T05:30:00","slug":"mystery-vape-blind-box","status":"publish","type":"product","link":"https:\/\/aiviouvapes.com\/cs\/product\/mystery-vape-blind-box\/","title":{"rendered":"Tajemn\u00e1 Jednor\u00e1zov\u00e1 Vape Krabi\u010dka - bal\u00ed\u010dek s p\u0159ekvapen\u00edm pro odv\u00e1\u017en\u00e9!"},"content":{"rendered":"<p>P\u0159ipravte se na vzru\u0161uj\u00edc\u00ed dobrodru\u017estv\u00ed s na\u0161imi <strong>Tajemn\u00e1 jednor\u00e1zov\u00e1 krabi\u010dka Vape<\/strong>, kde ka\u017ed\u00e9 rozbalen\u00ed p\u0159in\u00e1\u0161\u00ed p\u0159\u00edjemn\u00e9 p\u0159ekvapen\u00ed. Uvnit\u0159 najdete pe\u010dliv\u011b vybran\u00fd v\u00fdb\u011br p\u0159\u00edchut\u00ed e-cigaret od nad\u010dasov\u00e9 klasiky a\u017e po odv\u00e1\u017en\u00e9 exotick\u00e9 sm\u011bsi. A\u0165 u\u017e tou\u017e\u00edte po osv\u011b\u017euj\u00edc\u00edch, povzbuzuj\u00edc\u00edch t\u00f3nech, nebo po bohat\u00e9, uspokojiv\u00e9 intenzit\u011b, ka\u017ed\u00e1 krabi\u010dka v\u00e1m nab\u00eddne nov\u00fd chu\u0165ov\u00fd z\u00e1\u017eitek, d\u00edky kter\u00e9mu se budete vracet pro dal\u0161\u00ed.<\/p>\n<p>Ide\u00e1ln\u00ed pro odv\u00e1\u017en\u00e9 vapery nebo pro v\u0161echny, kte\u0159\u00ed miluj\u00ed vzru\u0161en\u00ed z p\u0159ekvapiv\u00fdch n\u00e1kup\u016f. <strong>Tajemn\u00e1 jednor\u00e1zov\u00e1 krabi\u010dka Vape<\/strong> je o vzru\u0161en\u00ed z objevov\u00e1n\u00ed nov\u00fdch, n\u00e1hodn\u011b vybran\u00fdch chut\u00ed. Ka\u017ed\u00fd \u0161luk je ne\u010dekan\u00e1 cesta!<\/p>\n<h3>Jak funguje slu\u017eba Mystery Box<\/h3>\n<p>P\u0159ipravte se na dokonal\u00e9 vape dobrodru\u017estv\u00ed s na\u0161imi <strong>Tajemn\u00e1 jednor\u00e1zov\u00e1 krabi\u010dka Vape<\/strong>! Ka\u017ed\u00e1 krabi\u010dka obsahuje 10 pr\u00e9miov\u00fdch jednor\u00e1zov\u00fdch vap\u016f pln\u00fdch vzru\u0161uj\u00edc\u00edch a rozmanit\u00fdch p\u0159\u00edchut\u00ed. I kdy\u017e nem\u016f\u017eeme zaru\u010dit konkr\u00e9tn\u00ed p\u0159\u00edchut\u011b, v ka\u017ed\u00e9 krabi\u010dce m\u016f\u017eete o\u010dek\u00e1vat vzru\u0161uj\u00edc\u00ed p\u0159ekvapen\u00ed, v\u010detn\u011b obl\u00edben\u00fdch model\u016f, jako jsou nap\u0159. <strong>WASPE,UWIN,ELF-WORLD,VOPK,Randm,MRVI<\/strong>\u00a0- s v\u00edce ne\u017e 100 jedine\u010dn\u00fdmi chu\u0165ov\u00fdmi profily!<\/p>\n<ul>\n<li><strong>V\u0161echny prodeje jsou kone\u010dn\u00e9<\/strong>: Vzhledem k povaze v\u00fdrobku nem\u016f\u017eeme nab\u00edzet vr\u00e1cen\u00ed pen\u011bz nebo v\u00fdm\u011bnu, pokud se nejedn\u00e1 o probl\u00e9m s kvalitou v\u00fdrobku.<\/li>\n<li><strong>Bezplatn\u00e1 doprava<\/strong>: U\u017eijte si dopravu zdarma na v\u0161echny objedn\u00e1vky <strong>Tajemn\u00e1 jednor\u00e1zov\u00e1 krabi\u010dka Vape<\/strong>.<\/li>\n<li><strong>Po\u017eadavek na v\u011bk<\/strong>: Z\u00e1kazn\u00edci mus\u00ed b\u00fdt ve sv\u00e9 jurisdikci plnolet\u00ed ku\u0159\u00e1ci, aby mohli tento v\u00fdrobek zakoupit a pou\u017e\u00edvat.<\/li>\n<li>Zakoupen\u00edm <strong>Tajemn\u00e1 jednor\u00e1zov\u00e1 krabi\u010dka Vape<\/strong>, souhlas\u00edte s t\u011bmito podm\u00ednkami.<\/li>\n<\/ul>\n<h3>Zp\u016fsoby p\u0159epravy<\/h3>\n<p>Spolupracujeme s d\u016fv\u011bryhodn\u00fdmi dopravci, jako jsou UPS, DHL, FedEx a DPD, abychom zajistili rychl\u00e9 doru\u010den\u00ed va\u0161\u00ed objedn\u00e1vky. Zp\u016fsob p\u0159epravy bude zvolen na z\u00e1klad\u011b m\u00edsta doru\u010den\u00ed, aby byla slu\u017eba co nejrychlej\u0161\u00ed a nejspolehliv\u011bj\u0161\u00ed.<\/p>\n<ul>\n<li><strong>Evropsk\u00e9 zem\u011b<\/strong>: Obvykle se dod\u00e1v\u00e1 do 12-15 dn\u016f.<\/li>\n<li><strong>Spojen\u00e9 st\u00e1ty americk\u00e9<\/strong>: Obvykle doraz\u00ed do 10 dn\u016f.<\/li>\n<li><strong>Sledov\u00e1n\u00ed v re\u00e1ln\u00e9m \u010dase<\/strong>: Na ka\u017ed\u00e9m kroku v\u00e1s budeme informovat o aktu\u00e1ln\u00edch logistick\u00fdch informac\u00edch.<\/li>\n<\/ul>\n<p>M\u016f\u017eete si b\u00fdt jisti, \u017ee za v\u00e1s vy\u0159\u00edd\u00edme v\u0161echny celn\u00ed procedury a zajist\u00edme hladk\u00fd a bezprobl\u00e9mov\u00fd pr\u016fb\u011bh. Nav\u00edc nebudou \u00fa\u010dtov\u00e1ny \u017e\u00e1dn\u00e9 dodate\u010dn\u00e9 da\u0148ov\u00e9 poplatky a zaru\u010dujeme, \u017ee <strong>100% na\u0161ich v\u00fdrobk\u016f projde celn\u00edm odbaven\u00edm<\/strong>.<\/p>\n<style>.tier-pricing-summary-table {display:none !important}<br \/>.mysterybox1 {display:none}<br \/><\/style>","protected":false},"excerpt":{"rendered":"<p>Rozbalte si dokonal\u00e9 vape p\u0159ekvapen\u00ed s na\u0161\u00edm <strong>Tajemn\u00e1 jednor\u00e1zov\u00e1 krabi\u010dka Vape<\/strong> - nyn\u00ed k dispozici s bezkonkuren\u010dn\u00ed slevou, nen\u00ed pot\u0159eba \u017e\u00e1dn\u00fd k\u00f3d kup\u00f3nu! Balen\u00ed obsahuje <strong>10 pr\u00e9miov\u00fdch jednor\u00e1zov\u00fdch vap\u016f<\/strong>, ka\u017ed\u00e1 krabice obsahuje sm\u011bs zaj\u00edmav\u00fdch p\u0159\u00edchut\u00ed, v\u010detn\u011b obl\u00edben\u00fdch, jako je nap\u0159. <strong>WASPE, UWIN, ELFWORLD, VOPK, Randm, MRVI<\/strong>. Ka\u017ed\u00fd \u0161luk p\u0159in\u00e1\u0161\u00ed nov\u00e9 dobrodru\u017estv\u00ed s v\u00edce ne\u017e 100 r\u016fzn\u00fdmi chu\u0165ov\u00fdmi profily, kter\u00e9 m\u016f\u017eete objevovat!<\/p>","protected":false},"featured_media":29126,"comment_status":"open","ping_status":"closed","template":"","meta":[],"product_brand":[],"product_cat":[133,280],"product_tag":[306,308,303,305,304,302],"class_list":{"0":"post-29120","1":"product","2":"type-product","3":"status-publish","4":"has-post-thumbnail","6":"product_cat-disposable-vapes-in-europe","7":"product_cat-cheap-rechargeable-disposable-vapes","8":"product_tag-best-disposable-vapes","9":"product_tag-disposable-vape-in-europe","10":"product_tag-screen-vape","11":"product_tag-vape-suppliers","12":"product_tag-wholesale-vapes","13":"product_tag-wholesale-vapor","15":"first","16":"instock","17":"sale","18":"shipping-taxable","19":"purchasable","20":"product-type-simple"},"jetpack_sharing_enabled":true,"tiered_pricing_type":"fixed","tiered_pricing_fixed_rules":[],"tiered_pricing_product_settings":{"layout":"default","base_unit_name":{"singular":null,"plural":null},"default_variation":null},"tiered_pricing_minimum_quantity":null,"tiered_pricing_roles_data":[],"tiered_pricing_percentage_rules":[],"tiered_pricing_maximum_quantity":null,"tiered_pricing_quantity_step":null,"_links":{"self":[{"href":"https:\/\/aiviouvapes.com\/cs\/wp-json\/wp\/v2\/product\/29120","targetHints":{"allow":["GET"]}}],"collection":[{"href":"https:\/\/aiviouvapes.com\/cs\/wp-json\/wp\/v2\/product"}],"about":[{"href":"https:\/\/aiviouvapes.com\/cs\/wp-json\/wp\/v2\/types\/product"}],"replies":[{"embeddable":true,"href":"https:\/\/aiviouvapes.com\/cs\/wp-json\/wp\/v2\/comments?post=29120"}],"wp:featuredmedia":[{"embeddable":true,"href":"https:\/\/aiviouvapes.com\/cs\/wp-json\/wp\/v2\/media\/29126"}],"wp:attachment":[{"href":"https:\/\/aiviouvapes.com\/cs\/wp-json\/wp\/v2\/media?parent=29120"}],"wp:term":[{"taxonomy":"product_brand","embeddable":true,"href":"https:\/\/aiviouvapes.com\/cs\/wp-json\/wp\/v2\/product_brand?post=29120"},{"taxonomy":"product_cat","embeddable":true,"href":"https:\/\/aiviouvapes.com\/cs\/wp-json\/wp\/v2\/product_cat?post=29120"},{"taxonomy":"product_tag","embeddable":true,"href":"https:\/\/aiviouvapes.com\/cs\/wp-json\/wp\/v2\/product_tag?post=29120"}],"curies":[{"name":"wp","href":"https:\/\/api.w.org\/{rel}","templated":true}]}}