{"id":25533,"date":"2024-11-23T13:31:23","date_gmt":"2024-11-23T05:31:23","guid":{"rendered":"https:\/\/aiviouvapes.com\/?post_type=product&#038;p=25533"},"modified":"2026-04-17T13:01:03","modified_gmt":"2026-04-17T05:01:03","slug":"jnr-phone-vape-30000-30k-puffs-wholesale","status":"publish","type":"product","link":"https:\/\/aiviouvapes.com\/cs\/product\/jnr-phone-vape-30000-30k-puffs-wholesale\/","title":{"rendered":"JNR Phone Vape 30000 Puffs | 2% nikotin, 19 ml, dotykov\u00fd displej, ovl\u00e1d\u00e1n\u00ed pr\u016ftoku vzduchu, smart"},"content":{"rendered":"<p><iframe title=\"VideoPress Video p\u0159ehr\u00e1va\u010d\" aria-label='VideoPress Video p\u0159ehr\u00e1va\u010d' width='1020' height='574' src='https:\/\/videopress.com\/embed\/tgY6TILp?hd=0&amp;cover=1' frameborder='0' allowfullscreen allow='clipboard-write'><\/iframe><script src='https:\/\/v0.wordpress.com\/js\/next\/videopress-iframe.js?m=1739540970'><\/script><\/p>\n<p>JNR Phone Vape 30000 30K potahy | 2% nikotin, 19 ml p\u0159edpln\u011bn\u00fd, dotykov\u00fd displej, dob\u00edjec\u00ed USB Type-C, nastaviteln\u00fd pr\u016ftok vzduchu, vol\u00e1n\u00ed a textov\u00e9 zpr\u00e1vy, vzd\u00e1len\u00e1 kamera, najdi sv\u016fj telefon, velkoobchodn\u00ed n\u00e1kup jednor\u00e1zov\u00fdch v\u00fdpar\u016f<\/p>\n<p><strong>JNR Phone Vape 30000 Puffs<\/strong>\u00a0\u2014\u2014The World&#039;s First, pr\u016flomov\u00e9 spojen\u00ed technologie vapingu a schopnost\u00ed smartphonu. Toto inovativn\u00ed za\u0159\u00edzen\u00ed p\u0159in\u00e1\u0161\u00ed bezkonkuren\u010dn\u00ed pohodl\u00ed a high-tech funkce do sv\u011bta jednor\u00e1zov\u00fdch v\u00fdpar\u016f.<\/p>\n<p>Chlub\u00ed se a\u017e\u00a0<strong>30 000 \u0161luk\u016f<\/strong>\u00a0v b\u011b\u017en\u00e9m re\u017eimu a\u00a0<strong>18 000 tah\u016f<\/strong>\u00a0v pulzn\u00edm re\u017eimu,\u00a0<strong>JNR Phone Vape<\/strong>\u00a0zaji\u0161\u0165uje dlouhodob\u00e9 pou\u017e\u00edv\u00e1n\u00ed pro v\u00fdjime\u010dn\u00fd z\u00e1\u017eitek z vapingu. S kapacitou p\u0159edpln\u011bn\u00e9ho e-liquidu 19 ml a s\u00edlou nikotinu 2% (20 mg) poskytuje hladkou a uspokojivou produkci p\u00e1ry.<\/p>\n<p>Co nastavuje\u00a0<strong>JNR Phone Vape<\/strong>\u00a0krom\u011b dotykov\u00e9ho displeje umo\u017e\u0148uje u\u017eivatel\u016fm snadno spravovat r\u016fzn\u00e9 funkce. Baterie s kapacitou 850 mAh je vybavena nab\u00edjec\u00edm portem USB Type-C a nap\u00e1j\u00ed jak vaping, tak chytr\u00e9 funkce, tak\u017ee z\u016fstanete p\u0159ipojeni a nabit\u00ed.<\/p>\n<p>Displej nab\u00edz\u00ed v\u00fddr\u017e baterie a indik\u00e1tor hladiny e-liquidu, kter\u00fd v\u00e1s informuje. Jedine\u010dn\u00e9 funkce smartphonu, jako je funkce vol\u00e1n\u00ed, textov\u00e9 zpr\u00e1vy, vzd\u00e1len\u00fd fotoapar\u00e1t a schopnost naj\u00edt v\u00e1\u0161 telefon, z n\u011bj d\u011blaj\u00ed v\u00edc ne\u017e jen vape \u2013 je to v\u00e1\u0161 chytr\u00fd spole\u010dn\u00edk. Pro v\u011bt\u0161\u00ed zabezpe\u010den\u00ed soukrom\u00fd z\u00e1mek zaji\u0161\u0165uje, \u017ee va\u0161e za\u0159\u00edzen\u00ed z\u016fstane chr\u00e1n\u011bno, a aplikace Smooth nab\u00edz\u00ed bezprobl\u00e9mov\u00e9 ovl\u00e1d\u00e1n\u00ed za\u0159\u00edzen\u00ed.<\/p>\n<p>S nastaviteln\u00fdm pr\u016ftokem vzduchu a \u0159adou \u0161pi\u010dkov\u00fdch funkc\u00ed\u00a0<strong>JNR Phone Vape<\/strong>\u00a0spojuje v\u00fdkon a konektivitu v jednom elegantn\u00edm, snadno pou\u017eiteln\u00e9m za\u0159\u00edzen\u00ed.<\/p>\n<h5><strong>JNR Phone Vape 30000 30K Puffs<br \/>\n<\/strong><strong>Vlastnosti:<\/strong><\/h5>\n<ul>\n<li>P\u0159edpln\u011bn\u00e1 kapacita: 19 ml<\/li>\n<li>Kapacita baterie: 850mAh<\/li>\n<li>Max. potahy: 30K (b\u011b\u017en\u00fd re\u017eim) | 18K (pulzn\u00ed re\u017eim)<\/li>\n<li>S\u00edla nikotinu: 2% (20 mg)<\/li>\n<li>Operace: Draw-Activated<\/li>\n<li>Obrazovka displeje: Dotykov\u00e1 obrazovka<\/li>\n<li>Nab\u00edjen\u00ed: USB Type-C<\/li>\n<li>Indik\u00e1tor \u017eivotnosti baterie<\/li>\n<li>Indik\u00e1tor hladiny e-liquidu<\/li>\n<li>Funkce vol\u00e1n\u00ed<\/li>\n<li>Textov\u00e1 zpr\u00e1va<\/li>\n<li>Vzd\u00e1len\u00e1 kamera<\/li>\n<li>Nastaviteln\u00e9 proud\u011bn\u00ed vzduchu<\/li>\n<li>Najd\u011bte sv\u016fj telefon<\/li>\n<li>Soukrom\u00fd z\u00e1mek<\/li>\n<li>Hladk\u00e1 aplikace<\/li>\n<li>K dispozici 10 p\u0159\u00edchut\u00ed<br \/>\n<h5><strong>JNR Phone Vape 30000 30K Puffs<br \/>\n<\/strong><strong>Seznam p\u0159\u00edchut\u00ed:<\/strong><\/h5>\n<\/li>\n<\/ul>\n<ol>\n<li>Blue Razz Led<\/li>\n<li>Jahodov\u00e1 zmrzlina<\/li>\n<li>Melounov\u00fd led<\/li>\n<li>Miami Mint<\/li>\n<li>Ban\u00e1nov\u00fd led<\/li>\n<li>T\u0159e\u0161e\u0148 Jahoda Malina<\/li>\n<li>Kysel\u00fd jable\u010dn\u00fd led<\/li>\n<li>Bor\u016fvkov\u00fd meloun<\/li>\n<li>Broskvov\u00fd meloun Mango<\/li>\n<li>Fcuking Fab<\/li>\n<\/ol>\n<h3>Pro\u010d zvolit AiviouVapes<\/h3>\n<p>V\u00edtejte v <a href=\"https:\/\/aiviouvapes.com\/cs\/\">AiviouVapes<\/a> - v\u00e1\u0161 d\u016fv\u011bryhodn\u00fd zdroj prvot\u0159\u00eddn\u00edch a cenov\u011b dostupn\u00fdch <a href=\"https:\/\/aiviouvapes.com\/cs\/shop\/\">velkoobchodn\u00ed jednor\u00e1zov\u00e9 vapes<\/a> za skute\u010dn\u011b n\u00edzk\u00e9 ceny. D\u00edky v\u00edce ne\u017e p\u011btilet\u00fdm zku\u0161enostem v oblasti vapingu nab\u00edz\u00edme ru\u010dn\u011b vybran\u00fd v\u00fdb\u011br p\u0159edn\u00edch zna\u010dek, v\u010detn\u011b. <a href=\"https:\/\/aiviouvapes.com\/cs\/kategorie-produktu\/waspe\/\">WASPE<\/a>, <a href=\"https:\/\/aiviouvapes.com\/cs\/kategorie-produktu\/bang\/\">Bang Vape<\/a>, <a href=\"https:\/\/aiviouvapes.com\/cs\/kategorie-produktu\/vapme-vapes\/\">Vapme<\/a>a <a href=\"https:\/\/aiviouvapes.com\/cs\/kategorie-produktu\/mrvi\/\">MRVI<\/a>.<\/p>\n<p>Od za\u0159\u00edzen\u00ed s vysok\u00fdm v\u00fddejem, jako je nap\u0159. <a href=\"https:\/\/aiviouvapes.com\/cs\/produkt\/waspe-4-in-1-100000-puffs\/\">WASPE 100K p\u0159\u00edchu\u0165 4 v 1<\/a> na obl\u00edben\u00e9 produkty, jako je nap\u0159. <a href=\"https:\/\/aiviouvapes.com\/cs\/produkt\/bang-king-triple-flavors-85000\/\">Bang 85 000 Triple Puff<\/a>a dokonce i vzru\u0161uj\u00edc\u00ed <a class=\"woocommerce-LoopProduct-link woocommerce-loop-product__link\" href=\"https:\/\/aiviouvapes.com\/cs\/produkt\/mystery-vape-blind-box\/\">Tajemn\u00e1 jednor\u00e1zov\u00e1 krabi\u010dka Vape<\/a>, ka\u017ed\u00fd v\u00fdrobek je vyb\u00edr\u00e1n s ohledem na \u0161pi\u010dkovou kvalitu a bezkonkuren\u010dn\u00ed hodnotu. V AiviouVapes si u\u017eijete skv\u011bl\u00e9 slu\u017eby, velkoobchodn\u00ed \u00faspory a kolekci navr\u017eenou tak, aby vyhovovala va\u0161im vapingov\u00fdm pot\u0159eb\u00e1m.<\/p>\n<div class=\"row row-large row-full-width align-middle\"  id=\"row-1357864725\">\n\n\n\t<div id=\"col-769096672\" class=\"col medium-3 small-6 large-3\"  >\n\t\t\t\t<div class=\"col-inner text-center\"  >\n\t\t\t\n\t\t\t\n\n\n\t\t<div class=\"icon-box featured-box icon-box-top text-left\"  >\n\t\t\t\t\t<div class=\"icon-box-img\" style=\"width: 90px\">\n\t\t\t\t<div class=\"icon\">\n\t\t\t\t\t<div class=\"icon-inner\" >\n\t\t\t\t\t\t<img loading=\"lazy\" decoding=\"async\" width=\"200\" height=\"200\" src=\"https:\/\/i0.wp.com\/aiviouvapes.com\/wp-content\/uploads\/2024\/08\/vape-1-1.png?fit=200%2C200&amp;ssl=1\" class=\"attachment-medium size-medium\" alt=\"Pro\u010d si vybrat AIVIOUVAPES\" srcset=\"https:\/\/i0.wp.com\/aiviouvapes.com\/wp-content\/uploads\/2024\/08\/vape-1-1.png?w=200&amp;ssl=1 200w, https:\/\/i0.wp.com\/aiviouvapes.com\/wp-content\/uploads\/2024\/08\/vape-1-1.png?resize=150%2C150&amp;ssl=1 150w, https:\/\/i0.wp.com\/aiviouvapes.com\/wp-content\/uploads\/2024\/08\/vape-1-1.png?resize=12%2C12&amp;ssl=1 12w, https:\/\/i0.wp.com\/aiviouvapes.com\/wp-content\/uploads\/2024\/08\/vape-1-1.png?resize=100%2C100&amp;ssl=1 100w\" sizes=\"auto, (max-width: 200px) 100vw, 200px\" title=\"\">\t\t\t\t\t<\/div>\n\t\t\t\t<\/div>\n\t\t\t<\/div>\n\t\t\t\t<div class=\"icon-box-text last-reset\">\n\t\t\t\t\t\t\t\t\t\n\n\t<div id=\"text-3440787738\" class=\"text\">\n\t\t\n\n<h3 style=\"text-align: center;\">Rozs\u00e1hl\u00e1 nab\u00eddka vape<\/h3>\n<p style=\"text-align: center;\">Objevte na\u0161i \u0161irokou \u0161k\u00e1lu produkt\u016f, vytvo\u0159en\u00fdch tak, aby vyhovovaly v\u0161em preferenc\u00edm.<\/p>\n\t\t\n<style>\n#text-3440787738 {\n  font-size: 0.9rem;\n}\n<\/style>\n\t<\/div>\n\t\n\n\t\t<\/div>\n\t<\/div>\n\t\n\t\n\n\t\t<\/div>\n\t\t\t\t\t<\/div>\n\n\t\n\n\t<div id=\"col-1886368936\" class=\"col medium-3 small-6 large-3\"  >\n\t\t\t\t<div class=\"col-inner text-center\"  >\n\t\t\t\n\t\t\t\n\n\n\t\t<div class=\"icon-box featured-box icon-box-top text-left\"  >\n\t\t\t\t\t<div class=\"icon-box-img\" style=\"width: 90px\">\n\t\t\t\t<div class=\"icon\">\n\t\t\t\t\t<div class=\"icon-inner\" >\n\t\t\t\t\t\t<img loading=\"lazy\" decoding=\"async\" width=\"200\" height=\"200\" src=\"https:\/\/i0.wp.com\/aiviouvapes.com\/wp-content\/uploads\/2024\/08\/save-money-1-1-1.png?fit=200%2C200&amp;ssl=1\" class=\"attachment-medium size-medium\" alt=\"Pro\u010d si vybrat AIVIOUVAPES\" srcset=\"https:\/\/i0.wp.com\/aiviouvapes.com\/wp-content\/uploads\/2024\/08\/save-money-1-1-1.png?w=200&amp;ssl=1 200w, https:\/\/i0.wp.com\/aiviouvapes.com\/wp-content\/uploads\/2024\/08\/save-money-1-1-1.png?resize=150%2C150&amp;ssl=1 150w, https:\/\/i0.wp.com\/aiviouvapes.com\/wp-content\/uploads\/2024\/08\/save-money-1-1-1.png?resize=12%2C12&amp;ssl=1 12w, https:\/\/i0.wp.com\/aiviouvapes.com\/wp-content\/uploads\/2024\/08\/save-money-1-1-1.png?resize=100%2C100&amp;ssl=1 100w\" sizes=\"auto, (max-width: 200px) 100vw, 200px\" title=\"\">\t\t\t\t\t<\/div>\n\t\t\t\t<\/div>\n\t\t\t<\/div>\n\t\t\t\t<div class=\"icon-box-text last-reset\">\n\t\t\t\t\t\t\t\t\t\n\n\t<div id=\"text-313059709\" class=\"text\">\n\t\t\n\n<h3 style=\"text-align: center;\">Bezkonkuren\u010dn\u00ed hodnota<\/h3>\n<p style=\"text-align: center;\">U\u017eijte si produkty nejvy\u0161\u0161\u00ed kvality za ceny, kter\u00e9 odpov\u00eddaj\u00ed va\u0161emu rozpo\u010dtu.<\/p>\n\t\t\n<style>\n#text-313059709 {\n  font-size: 0.9rem;\n}\n<\/style>\n\t<\/div>\n\t\n\n\t\t<\/div>\n\t<\/div>\n\t\n\t\n\n\t\t<\/div>\n\t\t\t\t\t<\/div>\n\n\t\n\n\t<div id=\"col-1063102973\" class=\"col medium-3 small-6 large-3\"  >\n\t\t\t\t<div class=\"col-inner text-center\"  >\n\t\t\t\n\t\t\t\n\n\n\t\t<div class=\"icon-box featured-box icon-box-top text-left\"  >\n\t\t\t\t\t<div class=\"icon-box-img\" style=\"width: 90px\">\n\t\t\t\t<div class=\"icon\">\n\t\t\t\t\t<div class=\"icon-inner\" >\n\t\t\t\t\t\t<img loading=\"lazy\" decoding=\"async\" width=\"200\" height=\"200\" src=\"https:\/\/i0.wp.com\/aiviouvapes.com\/wp-content\/uploads\/2024\/08\/delivery-truck-1-1.png?fit=200%2C200&amp;ssl=1\" class=\"attachment-medium size-medium\" alt=\"Pro\u010d si vybrat AIVIOUVAPES\" srcset=\"https:\/\/i0.wp.com\/aiviouvapes.com\/wp-content\/uploads\/2024\/08\/delivery-truck-1-1.png?w=200&amp;ssl=1 200w, https:\/\/i0.wp.com\/aiviouvapes.com\/wp-content\/uploads\/2024\/08\/delivery-truck-1-1.png?resize=150%2C150&amp;ssl=1 150w, https:\/\/i0.wp.com\/aiviouvapes.com\/wp-content\/uploads\/2024\/08\/delivery-truck-1-1.png?resize=12%2C12&amp;ssl=1 12w, https:\/\/i0.wp.com\/aiviouvapes.com\/wp-content\/uploads\/2024\/08\/delivery-truck-1-1.png?resize=100%2C100&amp;ssl=1 100w\" sizes=\"auto, (max-width: 200px) 100vw, 200px\" title=\"\">\t\t\t\t\t<\/div>\n\t\t\t\t<\/div>\n\t\t\t<\/div>\n\t\t\t\t<div class=\"icon-box-text last-reset\">\n\t\t\t\t\t\t\t\t\t\n\n\t<div id=\"text-3028892262\" class=\"text\">\n\t\t\n\n<h3 style=\"text-align: center;\">Rychl\u00e1 glob\u00e1ln\u00ed doprava<\/h3>\n<p style=\"text-align: center;\">Dod\u00e1v\u00e1me po cel\u00e9m sv\u011bt\u011b se zaru\u010den\u00fdm celn\u00edm odbaven\u00edm pro bezprobl\u00e9mov\u00fd z\u00e1\u017eitek.<\/p>\n\t\t\n<style>\n#text-3028892262 {\n  font-size: 0.9rem;\n}\n<\/style>\n\t<\/div>\n\t\n\n\t\t<\/div>\n\t<\/div>\n\t\n\t\n\n\t\t<\/div>\n\t\t\t\t\t<\/div>\n\n\t\n\n\t<div id=\"col-18692370\" class=\"col medium-3 small-6 large-3\"  >\n\t\t\t\t<div class=\"col-inner text-center\"  >\n\t\t\t\n\t\t\t\n\n\n\t\t<div class=\"icon-box featured-box icon-box-top text-left\"  >\n\t\t\t\t\t<div class=\"icon-box-img\" style=\"width: 90px\">\n\t\t\t\t<div class=\"icon\">\n\t\t\t\t\t<div class=\"icon-inner\" >\n\t\t\t\t\t\t<img loading=\"lazy\" decoding=\"async\" width=\"200\" height=\"200\" src=\"https:\/\/i0.wp.com\/aiviouvapes.com\/wp-content\/uploads\/2024\/08\/support-1-1.png?fit=200%2C200&amp;ssl=1\" class=\"attachment-medium size-medium\" alt=\"Pro\u010d si vybrat AIVIOUVAPES\" srcset=\"https:\/\/i0.wp.com\/aiviouvapes.com\/wp-content\/uploads\/2024\/08\/support-1-1.png?w=200&amp;ssl=1 200w, https:\/\/i0.wp.com\/aiviouvapes.com\/wp-content\/uploads\/2024\/08\/support-1-1.png?resize=150%2C150&amp;ssl=1 150w, https:\/\/i0.wp.com\/aiviouvapes.com\/wp-content\/uploads\/2024\/08\/support-1-1.png?resize=12%2C12&amp;ssl=1 12w, https:\/\/i0.wp.com\/aiviouvapes.com\/wp-content\/uploads\/2024\/08\/support-1-1.png?resize=100%2C100&amp;ssl=1 100w\" sizes=\"auto, (max-width: 200px) 100vw, 200px\" title=\"\">\t\t\t\t\t<\/div>\n\t\t\t\t<\/div>\n\t\t\t<\/div>\n\t\t\t\t<div class=\"icon-box-text last-reset\">\n\t\t\t\t\t\t\t\t\t\n\n\t<div id=\"text-3905449223\" class=\"text\">\n\t\t\n\n<h3 style=\"text-align: center;\">Nep\u0159etr\u017eit\u00e1 asistence<\/h3>\n<p style=\"text-align: center;\">Kontaktujte n\u00e1\u0161 t\u00fdm podpory kdykoli, 24\/7, p\u0159es WhatsApp nebo e-mail.<\/p>\n\t\t\n<style>\n#text-3905449223 {\n  font-size: 0.9rem;\n}\n<\/style>\n\t<\/div>\n\t\n\n\t\t<\/div>\n\t<\/div>\n\t\n\t\n\n\t\t<\/div>\n\t\t\t\t\t<\/div>\n\n\t\n\n<\/div>\n<div class=\"row row-full-width align-middle\"  id=\"row-1492853663\">\n\n\n\t<div id=\"col-1011551314\" class=\"col medium-6 small-12 large-6\"  >\n\t\t\t\t<div class=\"col-inner\"  >\n\t\t\t\n\t\t\t\n\n\t<div class=\"img has-hover x md-x lg-x y md-y lg-y\" id=\"image_324133840\">\n\t\t\t\t\t\t\t\t<div class=\"img-inner dark\" >\n\t\t\t<img loading=\"lazy\" decoding=\"async\" width=\"930\" height=\"1024\" src=\"https:\/\/i0.wp.com\/aiviouvapes.com\/wp-content\/uploads\/2024\/08\/%E6%8B%BC%E5%9B%BE.jpg?fit=930%2C1024&amp;ssl=1\" class=\"attachment-large size-large\" alt=\"Pro\u010d si vybrat AIVIOUVAPES\" title=\"\">\t\t\t\t\t\t\n\t\t\t\t\t<\/div>\n\t\t\t\t\t\t\t\t\n<style>\n#image_324133840 {\n  width: 100%;\n}\n<\/style>\n\t<\/div>\n\t\n\n\n\t\t<\/div>\n\t\t\t\t\t<\/div>\n\n\t\n\n\t<div id=\"col-735741881\" class=\"col medium-6 small-12 large-6\"  >\n\t\t\t\t<div class=\"col-inner\"  >\n\t\t\t\n\t\t\t\n\n<div class=\"container section-title-container\" ><h4 class=\"section-title section-title-normal\"><b aria-hidden=\"true\"><\/b><span class=\"section-title-main\" style=\"font-size:91%;\">Na\u0161e v\u00fdhody<\/span><b aria-hidden=\"true\"><\/b><\/h4><\/div>\n\n<div class=\"accordion\">\n\n\t<div id=\"accordion-3690766291\" class=\"accordion-item\">\n\t\t<a id=\"accordion-3690766291-label\" class=\"accordion-title plain\" href=\"#accordion-item-commitment-to-quality\" aria-expanded=\"false\" aria-controls=\"accordion-3690766291-content\">\n\t\t\t<button class=\"toggle\" aria-label=\"P\u0159epnout\"><i class=\"icon-angle-down\" aria-hidden=\"true\"><\/i><\/button>\n\t\t\t<span>Z\u00e1vazek ke kvalit\u011b<\/span>\n\t\t<\/a>\n\t\t<div id=\"accordion-3690766291-content\" class=\"accordion-inner\" aria-labelledby=\"accordion-3690766291-label\">\n\t\t\t\n\n<p>V <a href=\"https:\/\/aiviouvapes.com\/cs\/\">AiviouVape<\/a>, kvalita \u0159\u00edd\u00ed v\u0161e, co d\u011bl\u00e1me. Na\u0161e jednor\u00e1zov\u00e9 v\u00fdpary jsou pe\u010dliv\u011b vyrobeny a p\u0159\u00edsn\u011b testov\u00e1ny, aby spl\u0148ovaly ty nejvy\u0161\u0161\u00ed standardy a v\u017edy zajistily hladk\u00fd a spolehliv\u00fd vapovac\u00ed z\u00e1\u017eitek. S na\u0161\u00edm z\u00e1vazkem k nulov\u00fdm z\u00e1vad\u00e1m a nulov\u00fdm st\u00ed\u017enostem se m\u016f\u017eete spolehnout, \u017ee dost\u00e1v\u00e1te to nejlep\u0161\u00ed.<\/p>\n\n\t\t<\/div>\n\t<\/div>\n\t\n\t<div id=\"accordion-4055033066\" class=\"accordion-item\">\n\t\t<a id=\"accordion-4055033066-label\" class=\"accordion-title plain\" href=\"#accordion-item-diverse-range-of-products\" aria-expanded=\"false\" aria-controls=\"accordion-4055033066-content\">\n\t\t\t<button class=\"toggle\" aria-label=\"P\u0159epnout\"><i class=\"icon-angle-down\" aria-hidden=\"true\"><\/i><\/button>\n\t\t\t<span>Rozmanit\u00fd sortiment v\u00fdrobk\u016f<\/span>\n\t\t<\/a>\n\t\t<div id=\"accordion-4055033066-content\" class=\"accordion-inner\" aria-labelledby=\"accordion-4055033066-label\">\n\t\t\t\n\n<p>Jsme hrd\u00ed na to, \u017ee nab\u00edz\u00edme \u0161irokou \u0161k\u00e1lu pr\u00e9miov\u00fdch jednor\u00e1zov\u00fdch vap\u016f, kter\u00e9 vyhov\u00ed ka\u017ed\u00e9mu. Od nejnov\u011bj\u0161\u00edch inovac\u00ed a\u017e po dlouholet\u00e9 obl\u00edbence fanou\u0161k\u016f - v na\u0161\u00ed nab\u00eddce najdete d\u016fv\u011bryhodn\u00e9 zna\u010dky, jako jsou Waspe, Vapme, RandM Tornado, Bang Box, ELF Box a Bang King. A\u0165 u\u017e hled\u00e1te odv\u00e1\u017en\u00e9 p\u0159\u00edchut\u011b Vapme nebo elegantn\u00ed design RandM Tornado, na\u0161e kolekce je vytvo\u0159ena tak, aby v\u00e1m pomohla objevit dokonal\u00fd vape odpov\u00eddaj\u00edc\u00ed va\u0161emu vkusu a \u017eivotn\u00edmu stylu.<\/p>\n\n\n\t\t<\/div>\n\t<\/div>\n\t\n\t<div id=\"accordion-1034963718\" class=\"accordion-item\">\n\t\t<a id=\"accordion-1034963718-label\" class=\"accordion-title plain\" href=\"#accordion-item-wholesale-and-retail-solutions\" aria-expanded=\"false\" aria-controls=\"accordion-1034963718-content\">\n\t\t\t<button class=\"toggle\" aria-label=\"P\u0159epnout\"><i class=\"icon-angle-down\" aria-hidden=\"true\"><\/i><\/button>\n\t\t\t<span>Velkoobchodn\u00ed a maloobchodn\u00ed \u0159e\u0161en\u00ed<\/span>\n\t\t<\/a>\n\t\t<div id=\"accordion-1034963718-content\" class=\"accordion-inner\" aria-labelledby=\"accordion-1034963718-label\">\n\t\t\t\n\n<p>AiviouVape spl\u0148uje po\u017eadavky maloobchodn\u00edch i velkoobchodn\u00edch klient\u016f a poka\u017ed\u00e9 dod\u00e1v\u00e1 v\u00fdjime\u010dn\u00e9 produkty a slu\u017eby. Pokud jste u n\u00e1s nov\u00ed, doporu\u010dujeme za\u010d\u00edt s malou v\u00e1rkou a vyzkou\u0161et na\u0161i kvalitu na vlastn\u00ed k\u016f\u017ei. D\u00edky konkuren\u010dn\u00edm cen\u00e1m a pr\u00e9miov\u00fdm standard\u016fm jsme d\u016fv\u011bryhodnou volbou v odv\u011btv\u00ed jednor\u00e1zov\u00fdch v\u00fdpar\u016f.\u00a0<\/p>\n\n\t\t<\/div>\n\t<\/div>\n\t\n\t<div id=\"accordion-2087021255\" class=\"accordion-item\">\n\t\t<a id=\"accordion-2087021255-label\" class=\"accordion-title plain\" href=\"#accordion-item-continuous-improvement\" aria-expanded=\"false\" aria-controls=\"accordion-2087021255-content\">\n\t\t\t<button class=\"toggle\" aria-label=\"P\u0159epnout\"><i class=\"icon-angle-down\" aria-hidden=\"true\"><\/i><\/button>\n\t\t\t<span>Neust\u00e1l\u00e9 zlep\u0161ov\u00e1n\u00ed<\/span>\n\t\t<\/a>\n\t\t<div id=\"accordion-2087021255-content\" class=\"accordion-inner\" aria-labelledby=\"accordion-2087021255-label\">\n\t\t\t\n\n<p>To, co odli\u0161uje AiviouVape, je na\u0161e oddanost v\u00fdjime\u010dn\u00fdm z\u00e1kaznick\u00fdm slu\u017eb\u00e1m. A\u0165 u\u017e pot\u0159ebujete poradit p\u0159ed n\u00e1kupem nebo pomoc s objedn\u00e1vkou, n\u00e1\u0161 t\u00fdm je v\u017edy k dispozici p\u0159es WhatsApp nebo e-mail. Sna\u017e\u00edme se budovat trval\u00e9 vztahy s na\u0161imi klienty a zajistit va\u0161i spokojenost na ka\u017ed\u00e9m kroku.<\/p>\n\n\t\t<\/div>\n\t<\/div>\n\t\n\t<div id=\"accordion-1889374606\" class=\"accordion-item\">\n\t\t<a id=\"accordion-1889374606-label\" class=\"accordion-title plain\" href=\"#accordion-item-quality-assurance\" aria-expanded=\"false\" aria-controls=\"accordion-1889374606-content\">\n\t\t\t<button class=\"toggle\" aria-label=\"P\u0159epnout\"><i class=\"icon-angle-down\" aria-hidden=\"true\"><\/i><\/button>\n\t\t\t<span>Zaji\u0161t\u011bn\u00ed kvality<\/span>\n\t\t<\/a>\n\t\t<div id=\"accordion-1889374606-content\" class=\"accordion-inner\" aria-labelledby=\"accordion-1889374606-label\">\n\t\t\t\n\n<p>V \u017e\u00e1dn\u00e9 f\u00e1zi \u2013 v\u00fdvoj produktu, v\u00fdroba, marketing a distribuce \u2013 n\u00e1\u0161 z\u00e1vazek ke kvalit\u011b nikdy neochabuje. Na\u0161e jednor\u00e1zov\u00e9 v\u00fdpary proch\u00e1zej\u00ed p\u0159\u00edsn\u00fdm testov\u00e1n\u00edm, abychom se ujistili, \u017ee jsou netoxick\u00e9, \u010dist\u00e9 a poskytuj\u00ed v\u00fdjime\u010dnou chu\u0165. Tato oddanost dokonalosti tvo\u0159\u00ed p\u00e1te\u0159 na\u0161\u00ed firemn\u00ed kultury.<\/p>\n\n\t\t<\/div>\n\t<\/div>\n\t\n\t<div id=\"accordion-2292653669\" class=\"accordion-item\">\n\t\t<a id=\"accordion-2292653669-label\" class=\"accordion-title plain\" href=\"#accordion-item-efficient-logistics-and-delivery\" aria-expanded=\"false\" aria-controls=\"accordion-2292653669-content\">\n\t\t\t<button class=\"toggle\" aria-label=\"P\u0159epnout\"><i class=\"icon-angle-down\" aria-hidden=\"true\"><\/i><\/button>\n\t\t\t<span>Efektivn\u00ed logistika a doru\u010dov\u00e1n\u00ed<\/span>\n\t\t<\/a>\n\t\t<div id=\"accordion-2292653669-content\" class=\"accordion-inner\" aria-labelledby=\"accordion-2292653669-label\">\n\t\t\t\n\n<p>AiviouVape poskytuje efektivn\u00ed logistiku a dod\u00e1vky, v\u010detn\u011b slu\u017eeb DDP (Delivered Duty Paid), kter\u00e9 zaji\u0161\u0165uj\u00ed bezprobl\u00e9mov\u00e9 celn\u00ed odbaven\u00ed bez jak\u00fdchkoli poplatk\u016f nebo dan\u00ed. D\u00edky rychl\u00e9mu doru\u010den\u00ed a v\u00fdjime\u010dn\u00e9 z\u00e1kaznick\u00e9 podpo\u0159e nab\u00edz\u00edme bezprobl\u00e9mov\u00e9 a spolehliv\u00e9 zku\u0161enosti, d\u00edky nim\u017e jsme d\u016fv\u011bryhodn\u00fdm partnerem v oboru.<\/p>\n\n\t\t<\/div>\n\t<\/div>\n\t\n\t<div id=\"accordion-4183182819\" class=\"accordion-item\">\n\t\t<a id=\"accordion-4183182819-label\" class=\"accordion-title plain\" href=\"#accordion-item-odm-and-oem-services\" aria-expanded=\"false\" aria-controls=\"accordion-4183182819-content\">\n\t\t\t<button class=\"toggle\" aria-label=\"P\u0159epnout\"><i class=\"icon-angle-down\" aria-hidden=\"true\"><\/i><\/button>\n\t\t\t<span>Slu\u017eby ODM a OEM<\/span>\n\t\t<\/a>\n\t\t<div id=\"accordion-4183182819-content\" class=\"accordion-inner\" aria-labelledby=\"accordion-4183182819-label\">\n\t\t\t\n\n<p>AiviouVapes nab\u00edz\u00ed kompletn\u00ed slu\u017eby ODM (Original Design Manufacturing) a OEM (Original Equipment Manufacturing). Se dv\u011bma velk\u00fdmi za\u0159\u00edzen\u00edmi pom\u00e1h\u00e1me klient\u016fm navrhovat jedine\u010dn\u00e9 produkty a poutav\u00e1 loga pro balen\u00ed. Poskytujeme tak\u00e9 bezplatn\u00e9 poradenstv\u00ed p\u0159i navrhov\u00e1n\u00ed obal\u016f a podporujeme z\u00e1kazn\u00edky, kte\u0159\u00ed bal\u00ed sv\u00e9 vlastn\u00ed produkty, a zaji\u0161\u0165ujeme tak, \u017ee jejich zna\u010dka na trhu zaz\u00e1\u0159\u00ed.<\/p>\n\n\t\t<\/div>\n\t<\/div>\n\t\n\n<\/div>\n\n\t\t<\/div>\n\t\t\t\t\t<\/div>\n\n\t\n\n<\/div>","protected":false},"excerpt":{"rendered":"<p>JNR Phone Vape 30000 potah\u016f, prvn\u00ed hybrid mezi vapem a smartphonem na sv\u011bt\u011b, nab\u00edz\u00ed a\u017e 30 000 potah\u016f v b\u011b\u017en\u00e9m re\u017eimu nebo 18 000 v pulzn\u00edm re\u017eimu. D\u00edky kapacit\u011b 19 ml e-liquidu a s\u00edle nikotinu 2% zaji\u0161\u0165uje toto inovativn\u00ed za\u0159\u00edzen\u00ed dlouhotrvaj\u00edc\u00ed, hladkou a uspokojivou p\u00e1ru.<\/p>","protected":false},"featured_media":25535,"comment_status":"open","ping_status":"closed","template":"","meta":[],"product_brand":[237],"product_cat":[221,131,90,117,81,76,134,135,133,136,137,146,138,139,140,141,142,143,144,145,573,572,132,82],"product_tag":[],"class_list":{"0":"post-25533","1":"product","2":"type-product","3":"status-publish","4":"has-post-thumbnail","6":"product_brand-jnr","7":"product_cat-jnr","8":"product_cat-30000-puffs-disposable-vape","9":"product_cat-big-puffs-vapes","10":"product_cat-different-puffs-of-diposable-vapes","11":"product_cat-digital-box-vapes","12":"product_cat-disposable-vape-types","13":"product_cat-disposable-vapes-in-austria","14":"product_cat-disposable-vapes-in-belgium","15":"product_cat-disposable-vapes-in-europe","16":"product_cat-disposable-vapes-in-france","17":"product_cat-disposable-vapes-in-germany","18":"product_cat-disposable-vapes-in-hungary","19":"product_cat-disposable-vapes-in-ltaly","20":"product_cat-disposable-vapes-in-netherlands","21":"product_cat-disposable-vapes-in-norway","22":"product_cat-disposable-vapes-in-poland","23":"product_cat-disposable-vapes-in-portugal","24":"product_cat-disposable-vapes-in-spain","25":"product_cat-disposable-vapes-in-sweden","26":"product_cat-disposable-vapes-in-switzerland","27":"product_cat-new-3","28":"product_cat-new-2","29":"product_cat-rechargeable-vapes","30":"product_cat-smart-screen-vapes","32":"first","33":"instock","34":"shipping-taxable","35":"purchasable","36":"product-type-variable","37":"has-default-attributes"},"jetpack_sharing_enabled":true,"tiered_pricing_type":"fixed","tiered_pricing_fixed_rules":{"2000":12.9900000000000002131628207280300557613372802734375},"tiered_pricing_product_settings":{"layout":"default","base_unit_name":{"singular":null,"plural":null},"default_variation":null},"tiered_pricing_minimum_quantity":1000,"tiered_pricing_roles_data":[],"tiered_pricing_percentage_rules":[],"tiered_pricing_maximum_quantity":null,"tiered_pricing_quantity_step":"10","_links":{"self":[{"href":"https:\/\/aiviouvapes.com\/cs\/wp-json\/wp\/v2\/product\/25533","targetHints":{"allow":["GET"]}}],"collection":[{"href":"https:\/\/aiviouvapes.com\/cs\/wp-json\/wp\/v2\/product"}],"about":[{"href":"https:\/\/aiviouvapes.com\/cs\/wp-json\/wp\/v2\/types\/product"}],"replies":[{"embeddable":true,"href":"https:\/\/aiviouvapes.com\/cs\/wp-json\/wp\/v2\/comments?post=25533"}],"wp:featuredmedia":[{"embeddable":true,"href":"https:\/\/aiviouvapes.com\/cs\/wp-json\/wp\/v2\/media\/25535"}],"wp:attachment":[{"href":"https:\/\/aiviouvapes.com\/cs\/wp-json\/wp\/v2\/media?parent=25533"}],"wp:term":[{"taxonomy":"product_brand","embeddable":true,"href":"https:\/\/aiviouvapes.com\/cs\/wp-json\/wp\/v2\/product_brand?post=25533"},{"taxonomy":"product_cat","embeddable":true,"href":"https:\/\/aiviouvapes.com\/cs\/wp-json\/wp\/v2\/product_cat?post=25533"},{"taxonomy":"product_tag","embeddable":true,"href":"https:\/\/aiviouvapes.com\/cs\/wp-json\/wp\/v2\/product_tag?post=25533"}],"curies":[{"name":"wp","href":"https:\/\/api.w.org\/{rel}","templated":true}]}}