{"id":24616,"date":"2024-11-09T14:42:54","date_gmt":"2024-11-09T06:42:54","guid":{"rendered":"https:\/\/aiviouvapes.com\/?post_type=product&#038;p=24616"},"modified":"2025-12-30T17:14:46","modified_gmt":"2025-12-30T09:14:46","slug":"mrvi-winning-30k-puffs-2-5-nicotine-rechargeable-bulk-buy-disposable-vape-wholesale","status":"publish","type":"product","link":"https:\/\/aiviouvapes.com\/cs\/product\/mrvi-winning-30k-puffs-2-5-nicotine-rechargeable-bulk-buy-disposable-vape-wholesale\/","title":{"rendered":"MRVI WINNING 30000 Puffs | 2%-5% nikotin, 35 ml, 800 mAh, jednor\u00e1zov\u00fd vape ve velk\u00e9m balen\u00ed"},"content":{"rendered":"<p><iframe title=\"VideoPress Video p\u0159ehr\u00e1va\u010d\" aria-label='VideoPress Video p\u0159ehr\u00e1va\u010d' width='1020' height='574' src='https:\/\/videopress.com\/embed\/13e6MPsk?hd=0&amp;cover=1' frameborder='0' allowfullscreen allow='clipboard-write'><\/iframe><script src='https:\/\/v0.wordpress.com\/js\/next\/videopress-iframe.js?m=1739540970'><\/script><\/p>\n<h2><strong>MRVI WINNING 30K - 30 000 Puff jednor\u00e1zov\u00e9 Vape<\/strong><\/h2>\n<p>Jednor\u00e1zov\u00fd vape MRVI WINNING 30K je navr\u017een pro nep\u0159ekonateln\u00fd z\u00e1\u017eitek z vapingu, kter\u00fd vydr\u017e\u00ed a\u017e neuv\u011b\u0159iteln\u00fdch 30 000 potah\u016f. Jeho pokro\u010dil\u00e1 technologie zaji\u0161\u0165uje dlouhodob\u00fd po\u017eitek z chuti, tak\u017ee je ide\u00e1ln\u00ed jak pro oddan\u00e9 vapery, tak pro nov\u00e1\u010dky.<\/p>\n<p>Model MRVI WINNING 30K s velkorysou kapacitou 35 ml e-liquidu a bateri\u00ed o kapacit\u011b 800 mAh slibuje plynul\u00fd a nep\u0159eru\u0161ovan\u00fd po\u017eitek z vapov\u00e1n\u00ed. Toto elegantn\u00ed, p\u0159enosn\u00e9 za\u0159\u00edzen\u00ed se snadno vejde do kapsy, tak\u017ee je ide\u00e1ln\u00ed pro dom\u00e1c\u00ed pou\u017eit\u00ed nebo vapov\u00e1n\u00ed na cest\u00e1ch.<\/p>\n<p>\u0160luk\u00e1tko MRVI WINNING 30K s pr\u00e9miovou s\u00ed\u0165ovou spir\u00e1lkou poskytuje intenzivn\u00ed a uspokojivou chu\u0165 p\u0159i ka\u017ed\u00e9m potahu. P\u0159izp\u016fsobte si sv\u016fj z\u00e1\u017eitek d\u00edky dv\u011bma mo\u017enostem s\u00edly nikotinu - 2% a 5% - a u\u017eijte si pohodl\u00ed rychl\u00e9ho nab\u00edjen\u00ed pomoc\u00ed portu typu C pro minim\u00e1ln\u00ed prostoje mezi jednotliv\u00fdmi sezen\u00edmi.<\/p>\n<h3>MRVI WINNING 30000 Puff Hlavn\u00ed vlastnosti produktu:<\/h3>\n<ul>\n<li><strong>Po\u010det puf\u016f:<\/strong> A\u017e 30 000 potah\u016f pro del\u0161\u00ed vapov\u00e1n\u00ed<\/li>\n<li><strong>Kapacita e-liquidu:<\/strong> 35 ml pro m\u00e9n\u011b n\u00e1pln\u00ed a v\u00edce \u010dasu na vaping<\/li>\n<li><strong>Kapacita baterie:<\/strong> 800mAh pro dlouhotrvaj\u00edc\u00ed v\u00fdkon<\/li>\n<li><strong>S\u00edla nikotinu:<\/strong> Vyberte si mezi 2% a 5% podle sv\u00fdch preferenc\u00ed.<\/li>\n<li><strong>Nab\u00edjec\u00ed port:<\/strong> Rychl\u00e9 nab\u00edjen\u00ed typu C pro rychl\u00e9 dob\u00edjen\u00ed<\/li>\n<li><strong>Technologie Mesh Coil:<\/strong> Hladk\u00e1, konzistentn\u00ed p\u00e1ra se zv\u00fd\u0161enou kvalitou chuti<\/li>\n<\/ul>\n<h3>MRVI WINNING 30000 Puff Dostupn\u00e9 p\u0159\u00edchut\u011b:<\/h3>\n<p>Bor\u016fvkov\u00fd meloun, Vi\u0161\u0148ov\u00fd citron, Blue Razz Ice, Mixed Berries, Jahodov\u00fd led, Vodn\u00ed meloun Ice, \u0160\u0165avnat\u00e1 broskev, Ananas Mango, Hroznov\u00fd led, Kysel\u00e9 jablko.<\/p>\n<p>Prozkoumejte vzru\u0161uj\u00edc\u00ed nab\u00eddku p\u0159\u00edchut\u00ed, kter\u00e9 uspokoj\u00ed ka\u017ed\u00fd jaz\u00fd\u010dek, od obl\u00edben\u00fdch ovocn\u00fdch, jako je bor\u016fvkov\u00fd meloun a \u0161\u0165avnat\u00e1 broskev, a\u017e po ledov\u00e9, jako je jahodov\u00fd led a hroznov\u00fd led. Ka\u017ed\u00e1 p\u0159\u00edchu\u0165 je pe\u010dliv\u011b vytvo\u0159ena tak, aby poskytovala bohat\u00fd a p\u0159\u00edjemn\u00fd z\u00e1\u017eitek.<\/p>\n<h3>MRVI V\u00cdT\u011aZSTV\u00cd 30000 Puff\u016f Hromadn\u00fd a individu\u00e1ln\u00ed n\u00e1kup:<\/h3>\n<p>MRVI WINNING 30000 Puff je ide\u00e1ln\u00ed volbou pro ka\u017ed\u00e9ho, kdo hled\u00e1 dlouhou \u017eivotnost, kvalitu a \u0161irok\u00fd v\u00fdb\u011br p\u0159\u00edchut\u00ed. Tento pr\u00e9miov\u00fd vape nab\u00edz\u00ed a\u017e 30 000 potah\u016f, rychl\u00e9 nab\u00edjen\u00ed typu C a spolehliv\u00fd v\u00fdkon, a p\u0159in\u00e1\u0161\u00ed tak v\u00fdjime\u010dnou hodnotu a nezapomenuteln\u00fd z\u00e1\u017eitek, a\u0165 u\u017e nakupujete ve velk\u00e9m pro podnik\u00e1n\u00ed, nebo jednotliv\u011b pro osobn\u00ed pot\u011b\u0161en\u00ed.<\/p>\n<h4>MRVI V\u00cdT\u011aZN\u00ddCH 30 000 \u0161luk\u016f | 2% 5% nikotin, 35ml e-liquid, mesh coil, 800mAh baterie, dob\u00edjec\u00ed typ C, a\u017e 30 000 \u0161luk\u016f, velkoobchodn\u00ed n\u00e1kup jednor\u00e1zov\u00fdch vap\u016f<\/h4>\n<p><img data-recalc-dims=\"1\" loading=\"lazy\" decoding=\"async\" class=\"alignnone size-full wp-image-24620\" title=\"MRVI WINNING 30K Puffs 2% 5% Nikotinov\u00fd dob\u00edjec\u00ed velkoobchodn\u00ed n\u00e1kup jednor\u00e1zov\u00e9ho Vape\" src=\"https:\/\/i0.wp.com\/aiviouvapes.com\/wp-content\/uploads\/2024\/11\/%E5%BE%AE%E4%BF%A1%E5%9B%BE%E7%89%87_20240924171847.jpg?resize=1020%2C1020&#038;ssl=1\" alt=\"MRVI WINNING 30K Puffs 2% 5% Nikotinov\u00fd dob\u00edjec\u00ed velkoobchodn\u00ed n\u00e1kup jednor\u00e1zov\u00e9ho Vape\" width=\"1020\" height=\"1020\" srcset=\"https:\/\/i0.wp.com\/aiviouvapes.com\/wp-content\/uploads\/2024\/11\/%E5%BE%AE%E4%BF%A1%E5%9B%BE%E7%89%87_20240924171847.jpg?w=1600&amp;ssl=1 1600w, https:\/\/i0.wp.com\/aiviouvapes.com\/wp-content\/uploads\/2024\/11\/%E5%BE%AE%E4%BF%A1%E5%9B%BE%E7%89%87_20240924171847.jpg?resize=300%2C300&amp;ssl=1 300w, https:\/\/i0.wp.com\/aiviouvapes.com\/wp-content\/uploads\/2024\/11\/%E5%BE%AE%E4%BF%A1%E5%9B%BE%E7%89%87_20240924171847.jpg?resize=1024%2C1024&amp;ssl=1 1024w, https:\/\/i0.wp.com\/aiviouvapes.com\/wp-content\/uploads\/2024\/11\/%E5%BE%AE%E4%BF%A1%E5%9B%BE%E7%89%87_20240924171847.jpg?resize=150%2C150&amp;ssl=1 150w, https:\/\/i0.wp.com\/aiviouvapes.com\/wp-content\/uploads\/2024\/11\/%E5%BE%AE%E4%BF%A1%E5%9B%BE%E7%89%87_20240924171847.jpg?resize=768%2C768&amp;ssl=1 768w, https:\/\/i0.wp.com\/aiviouvapes.com\/wp-content\/uploads\/2024\/11\/%E5%BE%AE%E4%BF%A1%E5%9B%BE%E7%89%87_20240924171847.jpg?resize=1536%2C1536&amp;ssl=1 1536w, https:\/\/i0.wp.com\/aiviouvapes.com\/wp-content\/uploads\/2024\/11\/%E5%BE%AE%E4%BF%A1%E5%9B%BE%E7%89%87_20240924171847.jpg?resize=12%2C12&amp;ssl=1 12w, https:\/\/i0.wp.com\/aiviouvapes.com\/wp-content\/uploads\/2024\/11\/%E5%BE%AE%E4%BF%A1%E5%9B%BE%E7%89%87_20240924171847.jpg?resize=800%2C800&amp;ssl=1 800w, https:\/\/i0.wp.com\/aiviouvapes.com\/wp-content\/uploads\/2024\/11\/%E5%BE%AE%E4%BF%A1%E5%9B%BE%E7%89%87_20240924171847.jpg?resize=100%2C100&amp;ssl=1 100w\" sizes=\"auto, (max-width: 1020px) 100vw, 1020px\" \/><\/p>\n<p>&nbsp;<\/p>","protected":false},"excerpt":{"rendered":"<p>MRVI WINNING 30K Disposable Vape nab\u00edz\u00ed a\u017e 30 000 \u0161luk\u016f s kapacitou 35 ml e-liquidu a 800mAh bateri\u00ed pro prodlou\u017een\u00e9 a plynul\u00e9 vaping. D\u00edky mesh spir\u00e1le, rychl\u00e9mu nab\u00edjen\u00ed Type-C a r\u016fzn\u00fdm p\u0159\u00edchut\u00edm je ide\u00e1ln\u00ed pro p\u0159\u00edle\u017eitostn\u00e9 i zku\u0161en\u00e9 vapery.<\/p>","protected":false},"featured_media":24621,"comment_status":"open","ping_status":"closed","template":"","meta":[],"product_brand":[229],"product_cat":[33,131,320,90,117,81,76,134,135,133,136,137,146,138,139,140,141,142,143,144,145,79,132,82],"product_tag":[],"class_list":{"0":"post-24616","1":"product","2":"type-product","3":"status-publish","4":"has-post-thumbnail","6":"product_brand-mrvi","7":"product_cat-mrvi","8":"product_cat-30000-puffs-disposable-vape","9":"product_cat-best-disposable-vapes","10":"product_cat-big-puffs-vapes","11":"product_cat-different-puffs-of-diposable-vapes","12":"product_cat-digital-box-vapes","13":"product_cat-disposable-vape-types","14":"product_cat-disposable-vapes-in-austria","15":"product_cat-disposable-vapes-in-belgium","16":"product_cat-disposable-vapes-in-europe","17":"product_cat-disposable-vapes-in-france","18":"product_cat-disposable-vapes-in-germany","19":"product_cat-disposable-vapes-in-hungary","20":"product_cat-disposable-vapes-in-ltaly","21":"product_cat-disposable-vapes-in-netherlands","22":"product_cat-disposable-vapes-in-norway","23":"product_cat-disposable-vapes-in-poland","24":"product_cat-disposable-vapes-in-portugal","25":"product_cat-disposable-vapes-in-spain","26":"product_cat-disposable-vapes-in-sweden","27":"product_cat-disposable-vapes-in-switzerland","28":"product_cat-dual-mesh-vapes","29":"product_cat-rechargeable-vapes","30":"product_cat-smart-screen-vapes","32":"first","33":"instock","34":"shipping-taxable","35":"purchasable","36":"product-type-variable","37":"has-default-attributes"},"jetpack_sharing_enabled":true,"tiered_pricing_type":"fixed","tiered_pricing_fixed_rules":[],"tiered_pricing_product_settings":{"layout":"default","base_unit_name":{"singular":null,"plural":null},"default_variation":null},"tiered_pricing_minimum_quantity":1000,"tiered_pricing_roles_data":[],"tiered_pricing_percentage_rules":[],"tiered_pricing_maximum_quantity":null,"tiered_pricing_quantity_step":"10","_links":{"self":[{"href":"https:\/\/aiviouvapes.com\/cs\/wp-json\/wp\/v2\/product\/24616","targetHints":{"allow":["GET"]}}],"collection":[{"href":"https:\/\/aiviouvapes.com\/cs\/wp-json\/wp\/v2\/product"}],"about":[{"href":"https:\/\/aiviouvapes.com\/cs\/wp-json\/wp\/v2\/types\/product"}],"replies":[{"embeddable":true,"href":"https:\/\/aiviouvapes.com\/cs\/wp-json\/wp\/v2\/comments?post=24616"}],"wp:featuredmedia":[{"embeddable":true,"href":"https:\/\/aiviouvapes.com\/cs\/wp-json\/wp\/v2\/media\/24621"}],"wp:attachment":[{"href":"https:\/\/aiviouvapes.com\/cs\/wp-json\/wp\/v2\/media?parent=24616"}],"wp:term":[{"taxonomy":"product_brand","embeddable":true,"href":"https:\/\/aiviouvapes.com\/cs\/wp-json\/wp\/v2\/product_brand?post=24616"},{"taxonomy":"product_cat","embeddable":true,"href":"https:\/\/aiviouvapes.com\/cs\/wp-json\/wp\/v2\/product_cat?post=24616"},{"taxonomy":"product_tag","embeddable":true,"href":"https:\/\/aiviouvapes.com\/cs\/wp-json\/wp\/v2\/product_tag?post=24616"}],"curies":[{"name":"wp","href":"https:\/\/api.w.org\/{rel}","templated":true}]}}