{"id":1861,"date":"2024-08-18T13:53:52","date_gmt":"2024-08-18T05:53:52","guid":{"rendered":"https:\/\/aiviouvapes.com\/?post_type=product&#038;p=1861"},"modified":"2025-12-08T17:37:03","modified_gmt":"2025-12-08T09:37:03","slug":"mrvi-18000-puffs","status":"publish","type":"product","link":"https:\/\/aiviouvapes.com\/cs\/product\/mrvi-18000-puffs\/","title":{"rendered":"MRVI 18000 Puffs | 2%-5% nikotin, 26 ml, dvojit\u00e1 s\u00ed\u0165ka, nastaviteln\u00e9 zah\u0159\u00edv\u00e1n\u00ed, hromadn\u00e9 vapov\u00e1n\u00ed"},"content":{"rendered":"<p><iframe title=\"VideoPress Video p\u0159ehr\u00e1va\u010d\" aria-label='VideoPress Video p\u0159ehr\u00e1va\u010d' width='562' height='1000' src='https:\/\/videopress.com\/embed\/4wiCqhDO?hd=0&amp;cover=1' frameborder='0' allowfullscreen allow='clipboard-write'><\/iframe><script src='https:\/\/v0.wordpress.com\/js\/next\/videopress-iframe.js?m=1739540970'><\/script><\/p>\n<h2>MRVI 18000 \u0161luk\u016f | 2% 5% nikotin, 26ml e-liquid, du\u00e1ln\u00ed mesh spir\u00e1lky, nastaviteln\u00e9 re\u017eimy oh\u0159evu, dob\u00edjec\u00ed typ C, velkoobchodn\u00ed prodej jednor\u00e1zov\u00fdch v\u00fdpar\u016f<\/h2>\n<h3>MRVI 18000 Puff P\u0159ehled<\/h3>\n<ul>\n<li><strong>Roz\u0161\u00ed\u0159en\u00e1 kapacita nad\u00fdch\u00e1n\u00ed<\/strong>: A\u017e 18 000 potah\u016f pro dlouhodob\u00e9 uspokojen\u00ed z vapingu.<\/li>\n<li><strong>Velkorys\u00e1 kapacita e-liquidu<\/strong>: 26ml n\u00e1dr\u017eka sni\u017euje pot\u0159ebu dopl\u0148ov\u00e1n\u00ed a zvy\u0161uje pohodl\u00ed.<\/li>\n<li><strong>Spolehliv\u00e1 baterie<\/strong>: 600mAh dob\u00edjec\u00ed baterie s nab\u00edjen\u00edm typu C pro rychl\u00e9 dob\u00edjen\u00ed.<\/li>\n<li><strong>Bohat\u00e1 produkce p\u00e1ry<\/strong>: Du\u00e1ln\u00ed 1,0\u03a9 mesh c\u00edvky poskytuj\u00ed hladkou a aromatickou p\u00e1ru.<\/li>\n<li><strong>P\u0159izp\u016fsobiteln\u00e9 vyt\u00e1p\u011bn\u00ed<\/strong>: \u010cty\u0159i nastaviteln\u00e9 re\u017eimy \u017ehaven\u00ed pro individu\u00e1ln\u00ed z\u00e1\u017eitek z vapingu.<\/li>\n<li><strong>Kompaktn\u00ed design<\/strong>: Elegantn\u00ed a p\u0159enosn\u00fd p\u0159\u00edstroj o rozm\u011brech 43 \u00d7 23,7 \u00d7 99 mm, kter\u00fd se snadno p\u0159en\u00e1\u0161\u00ed.<\/li>\n<\/ul>\n<h3>MRVI 18000 Puff Vlastnosti<\/h3>\n<ul>\n<li><strong>V\u00fdjime\u010dn\u00e1 \u017eivotnost<\/strong>: 18 000 potah\u016f na p\u0159\u00edstroj pro del\u0161\u00ed pou\u017e\u00edv\u00e1n\u00ed a skv\u011blou hodnotu.<\/li>\n<li><strong>Zv\u00fd\u0161en\u00fd v\u00fdkon<\/strong>: Dv\u011b s\u00ed\u0165ov\u00e9 spir\u00e1ly a n\u011bkolik re\u017eim\u016f \u017ehaven\u00ed pro p\u0159izp\u016fsobiteln\u00fd z\u00e1\u017eitek.<\/li>\n<li><strong>Pohodl\u00ed<\/strong>: Dob\u00edjen\u00ed pomoc\u00ed portu Type-C, co\u017e zkracuje prostoje.<\/li>\n<li><strong>P\u0159enosn\u00fd design<\/strong>: Lehk\u00fd a kompaktn\u00ed pro pou\u017eit\u00ed na cest\u00e1ch.<\/li>\n<\/ul>\n<h3>MRVI 18000 V\u00fdb\u011br p\u0159\u00edchut\u00ed Puff<\/h3>\n<p>Ostru\u017eina brusinka, citronov\u00e1 limetka, fuji led, hroznov\u00fd led, t\u0159e\u0161\u0148ov\u00fd meloun, jahodov\u00fd kiwi led, melounov\u00fd led, broskev mango, ananas jahodov\u00fd ban\u00e1n, modr\u00fd razz led<\/p>\n<h3>Pro\u010d si vybrat MRVI 18000 Puffs?<\/h3>\n<p>MRVI 18000 Puffs kombinuje vysokou kapacitu s pokro\u010dil\u00fdmi funkcemi a nab\u00edz\u00ed prvot\u0159\u00eddn\u00ed, p\u0159izp\u016fsobiteln\u00fd vapingov\u00fd z\u00e1\u017eitek. D\u00edky nastaviteln\u00fdm re\u017eim\u016fm \u017ehaven\u00ed, plynul\u00e9 produkci p\u00e1ry a rozmanit\u00e9mu v\u00fdb\u011bru p\u0159\u00edchut\u00ed je toto za\u0159\u00edzen\u00ed ur\u010deno pro nov\u00e9 i zku\u0161en\u00e9 vapery. Je k dispozici ve velkoobchodn\u00edm prodeji a p\u0159edstavuje ide\u00e1ln\u00ed volbu pro prodejce, kte\u0159\u00ed cht\u011bj\u00ed poskytovat vysoce kvalitn\u00ed a vysokokapacitn\u00ed mo\u017enosti vapov\u00e1n\u00ed. Objevte dal\u0161\u00ed \u00farove\u0148 uspokojen\u00ed z vapov\u00e1n\u00ed s MRVI 18000 potah\u016f - va\u0161\u00ed nejlep\u0161\u00ed volbou pro chu\u0165 a v\u00fdkon.<\/p>\n<div><h3>Pro\u010d zvolit AiviouVapes<\/h3>\n<p>V\u00edtejte v <a href=\"https:\/\/aiviouvapes.com\/cs\/\">AiviouVapes<\/a> - v\u00e1\u0161 d\u016fv\u011bryhodn\u00fd zdroj prvot\u0159\u00eddn\u00edch a cenov\u011b dostupn\u00fdch <a href=\"https:\/\/aiviouvapes.com\/cs\/shop\/\">velkoobchodn\u00ed jednor\u00e1zov\u00e9 vapes<\/a> za skute\u010dn\u011b n\u00edzk\u00e9 ceny. D\u00edky v\u00edce ne\u017e p\u011btilet\u00fdm zku\u0161enostem v oblasti vapingu nab\u00edz\u00edme ru\u010dn\u011b vybran\u00fd v\u00fdb\u011br p\u0159edn\u00edch zna\u010dek, v\u010detn\u011b. <a href=\"https:\/\/aiviouvapes.com\/cs\/kategorie-produktu\/waspe\/\">WASPE<\/a>, <a href=\"https:\/\/aiviouvapes.com\/cs\/kategorie-produktu\/bang\/\">Bang Vape<\/a>, <a href=\"https:\/\/aiviouvapes.com\/cs\/kategorie-produktu\/vapme-vapes\/\">Vapme<\/a>a <a href=\"https:\/\/aiviouvapes.com\/cs\/kategorie-produktu\/mrvi\/\">MRVI<\/a>.<\/p>\n<p>Od za\u0159\u00edzen\u00ed s vysok\u00fdm v\u00fddejem, jako je nap\u0159. <a href=\"https:\/\/aiviouvapes.com\/cs\/produkt\/waspe-4-in-1-100000-puffs\/\">WASPE 100K p\u0159\u00edchu\u0165 4 v 1<\/a> na obl\u00edben\u00e9 produkty, jako je nap\u0159. <a href=\"https:\/\/aiviouvapes.com\/cs\/produkt\/bang-king-triple-flavors-85000\/\">Bang 85 000 Triple Puff<\/a>a dokonce i vzru\u0161uj\u00edc\u00ed <a class=\"woocommerce-LoopProduct-link woocommerce-loop-product__link\" href=\"https:\/\/aiviouvapes.com\/cs\/produkt\/mystery-vape-blind-box\/\">Tajemn\u00e1 jednor\u00e1zov\u00e1 krabi\u010dka Vape<\/a>, ka\u017ed\u00fd v\u00fdrobek je vyb\u00edr\u00e1n s ohledem na \u0161pi\u010dkovou kvalitu a bezkonkuren\u010dn\u00ed hodnotu. V AiviouVapes si u\u017eijete skv\u011bl\u00e9 slu\u017eby, velkoobchodn\u00ed \u00faspory a kolekci navr\u017eenou tak, aby vyhovovala va\u0161im vapingov\u00fdm pot\u0159eb\u00e1m.<\/p>\n<div class=\"row row-large row-full-width align-middle\"  id=\"row-476908592\">\n\n\n\t<div id=\"col-1558812657\" class=\"col medium-3 small-6 large-3\"  >\n\t\t\t\t<div class=\"col-inner text-center\"  >\n\t\t\t\n\t\t\t\n\n\n\t\t<div class=\"icon-box featured-box icon-box-top text-left\"  >\n\t\t\t\t\t<div class=\"icon-box-img\" style=\"width: 90px\">\n\t\t\t\t<div class=\"icon\">\n\t\t\t\t\t<div class=\"icon-inner\" >\n\t\t\t\t\t\t<img loading=\"lazy\" decoding=\"async\" width=\"200\" height=\"200\" src=\"https:\/\/i0.wp.com\/aiviouvapes.com\/wp-content\/uploads\/2024\/08\/vape-1-1.png?fit=200%2C200&amp;ssl=1\" class=\"attachment-medium size-medium\" alt=\"Pro\u010d si vybrat AIVIOUVAPES\" srcset=\"https:\/\/i0.wp.com\/aiviouvapes.com\/wp-content\/uploads\/2024\/08\/vape-1-1.png?w=200&amp;ssl=1 200w, https:\/\/i0.wp.com\/aiviouvapes.com\/wp-content\/uploads\/2024\/08\/vape-1-1.png?resize=150%2C150&amp;ssl=1 150w, https:\/\/i0.wp.com\/aiviouvapes.com\/wp-content\/uploads\/2024\/08\/vape-1-1.png?resize=12%2C12&amp;ssl=1 12w, https:\/\/i0.wp.com\/aiviouvapes.com\/wp-content\/uploads\/2024\/08\/vape-1-1.png?resize=100%2C100&amp;ssl=1 100w\" sizes=\"auto, (max-width: 200px) 100vw, 200px\" title=\"\">\t\t\t\t\t<\/div>\n\t\t\t\t<\/div>\n\t\t\t<\/div>\n\t\t\t\t<div class=\"icon-box-text last-reset\">\n\t\t\t\t\t\t\t\t\t\n\n\t<div id=\"text-1255590249\" class=\"text\">\n\t\t\n\n<h3 style=\"text-align: center;\">Rozs\u00e1hl\u00e1 nab\u00eddka vape<\/h3>\n<p style=\"text-align: center;\">Objevte na\u0161i \u0161irokou \u0161k\u00e1lu produkt\u016f, vytvo\u0159en\u00fdch tak, aby vyhovovaly v\u0161em preferenc\u00edm.<\/p>\n\t\t\n<style>\n#text-1255590249 {\n  font-size: 0.9rem;\n}\n<\/style>\n\t<\/div>\n\t\n\n\t\t<\/div>\n\t<\/div>\n\t\n\t\n\n\t\t<\/div>\n\t\t\t\t\t<\/div>\n\n\t\n\n\t<div id=\"col-1805600796\" class=\"col medium-3 small-6 large-3\"  >\n\t\t\t\t<div class=\"col-inner text-center\"  >\n\t\t\t\n\t\t\t\n\n\n\t\t<div class=\"icon-box featured-box icon-box-top text-left\"  >\n\t\t\t\t\t<div class=\"icon-box-img\" style=\"width: 90px\">\n\t\t\t\t<div class=\"icon\">\n\t\t\t\t\t<div class=\"icon-inner\" >\n\t\t\t\t\t\t<img loading=\"lazy\" decoding=\"async\" width=\"200\" height=\"200\" src=\"https:\/\/i0.wp.com\/aiviouvapes.com\/wp-content\/uploads\/2024\/08\/save-money-1-1-1.png?fit=200%2C200&amp;ssl=1\" class=\"attachment-medium size-medium\" alt=\"Pro\u010d si vybrat AIVIOUVAPES\" srcset=\"https:\/\/i0.wp.com\/aiviouvapes.com\/wp-content\/uploads\/2024\/08\/save-money-1-1-1.png?w=200&amp;ssl=1 200w, https:\/\/i0.wp.com\/aiviouvapes.com\/wp-content\/uploads\/2024\/08\/save-money-1-1-1.png?resize=150%2C150&amp;ssl=1 150w, https:\/\/i0.wp.com\/aiviouvapes.com\/wp-content\/uploads\/2024\/08\/save-money-1-1-1.png?resize=12%2C12&amp;ssl=1 12w, https:\/\/i0.wp.com\/aiviouvapes.com\/wp-content\/uploads\/2024\/08\/save-money-1-1-1.png?resize=100%2C100&amp;ssl=1 100w\" sizes=\"auto, (max-width: 200px) 100vw, 200px\" title=\"\">\t\t\t\t\t<\/div>\n\t\t\t\t<\/div>\n\t\t\t<\/div>\n\t\t\t\t<div class=\"icon-box-text last-reset\">\n\t\t\t\t\t\t\t\t\t\n\n\t<div id=\"text-112671094\" class=\"text\">\n\t\t\n\n<h3 style=\"text-align: center;\">Bezkonkuren\u010dn\u00ed hodnota<\/h3>\n<p style=\"text-align: center;\">U\u017eijte si produkty nejvy\u0161\u0161\u00ed kvality za ceny, kter\u00e9 odpov\u00eddaj\u00ed va\u0161emu rozpo\u010dtu.<\/p>\n\t\t\n<style>\n#text-112671094 {\n  font-size: 0.9rem;\n}\n<\/style>\n\t<\/div>\n\t\n\n\t\t<\/div>\n\t<\/div>\n\t\n\t\n\n\t\t<\/div>\n\t\t\t\t\t<\/div>\n\n\t\n\n\t<div id=\"col-1028155645\" class=\"col medium-3 small-6 large-3\"  >\n\t\t\t\t<div class=\"col-inner text-center\"  >\n\t\t\t\n\t\t\t\n\n\n\t\t<div class=\"icon-box featured-box icon-box-top text-left\"  >\n\t\t\t\t\t<div class=\"icon-box-img\" style=\"width: 90px\">\n\t\t\t\t<div class=\"icon\">\n\t\t\t\t\t<div class=\"icon-inner\" >\n\t\t\t\t\t\t<img loading=\"lazy\" decoding=\"async\" width=\"200\" height=\"200\" src=\"https:\/\/i0.wp.com\/aiviouvapes.com\/wp-content\/uploads\/2024\/08\/delivery-truck-1-1.png?fit=200%2C200&amp;ssl=1\" class=\"attachment-medium size-medium\" alt=\"Pro\u010d si vybrat AIVIOUVAPES\" srcset=\"https:\/\/i0.wp.com\/aiviouvapes.com\/wp-content\/uploads\/2024\/08\/delivery-truck-1-1.png?w=200&amp;ssl=1 200w, https:\/\/i0.wp.com\/aiviouvapes.com\/wp-content\/uploads\/2024\/08\/delivery-truck-1-1.png?resize=150%2C150&amp;ssl=1 150w, https:\/\/i0.wp.com\/aiviouvapes.com\/wp-content\/uploads\/2024\/08\/delivery-truck-1-1.png?resize=12%2C12&amp;ssl=1 12w, https:\/\/i0.wp.com\/aiviouvapes.com\/wp-content\/uploads\/2024\/08\/delivery-truck-1-1.png?resize=100%2C100&amp;ssl=1 100w\" sizes=\"auto, (max-width: 200px) 100vw, 200px\" title=\"\">\t\t\t\t\t<\/div>\n\t\t\t\t<\/div>\n\t\t\t<\/div>\n\t\t\t\t<div class=\"icon-box-text last-reset\">\n\t\t\t\t\t\t\t\t\t\n\n\t<div id=\"text-449617688\" class=\"text\">\n\t\t\n\n<h3 style=\"text-align: center;\">Rychl\u00e1 glob\u00e1ln\u00ed doprava<\/h3>\n<p style=\"text-align: center;\">Dod\u00e1v\u00e1me po cel\u00e9m sv\u011bt\u011b se zaru\u010den\u00fdm celn\u00edm odbaven\u00edm pro bezprobl\u00e9mov\u00fd z\u00e1\u017eitek.<\/p>\n\t\t\n<style>\n#text-449617688 {\n  font-size: 0.9rem;\n}\n<\/style>\n\t<\/div>\n\t\n\n\t\t<\/div>\n\t<\/div>\n\t\n\t\n\n\t\t<\/div>\n\t\t\t\t\t<\/div>\n\n\t\n\n\t<div id=\"col-385499171\" class=\"col medium-3 small-6 large-3\"  >\n\t\t\t\t<div class=\"col-inner text-center\"  >\n\t\t\t\n\t\t\t\n\n\n\t\t<div class=\"icon-box featured-box icon-box-top text-left\"  >\n\t\t\t\t\t<div class=\"icon-box-img\" style=\"width: 90px\">\n\t\t\t\t<div class=\"icon\">\n\t\t\t\t\t<div class=\"icon-inner\" >\n\t\t\t\t\t\t<img loading=\"lazy\" decoding=\"async\" width=\"200\" height=\"200\" src=\"https:\/\/i0.wp.com\/aiviouvapes.com\/wp-content\/uploads\/2024\/08\/support-1-1.png?fit=200%2C200&amp;ssl=1\" class=\"attachment-medium size-medium\" alt=\"Pro\u010d si vybrat AIVIOUVAPES\" srcset=\"https:\/\/i0.wp.com\/aiviouvapes.com\/wp-content\/uploads\/2024\/08\/support-1-1.png?w=200&amp;ssl=1 200w, https:\/\/i0.wp.com\/aiviouvapes.com\/wp-content\/uploads\/2024\/08\/support-1-1.png?resize=150%2C150&amp;ssl=1 150w, https:\/\/i0.wp.com\/aiviouvapes.com\/wp-content\/uploads\/2024\/08\/support-1-1.png?resize=12%2C12&amp;ssl=1 12w, https:\/\/i0.wp.com\/aiviouvapes.com\/wp-content\/uploads\/2024\/08\/support-1-1.png?resize=100%2C100&amp;ssl=1 100w\" sizes=\"auto, (max-width: 200px) 100vw, 200px\" title=\"\">\t\t\t\t\t<\/div>\n\t\t\t\t<\/div>\n\t\t\t<\/div>\n\t\t\t\t<div class=\"icon-box-text last-reset\">\n\t\t\t\t\t\t\t\t\t\n\n\t<div id=\"text-2792647010\" class=\"text\">\n\t\t\n\n<h3 style=\"text-align: center;\">Nep\u0159etr\u017eit\u00e1 asistence<\/h3>\n<p style=\"text-align: center;\">Kontaktujte n\u00e1\u0161 t\u00fdm podpory kdykoli, 24\/7, p\u0159es WhatsApp nebo e-mail.<\/p>\n\t\t\n<style>\n#text-2792647010 {\n  font-size: 0.9rem;\n}\n<\/style>\n\t<\/div>\n\t\n\n\t\t<\/div>\n\t<\/div>\n\t\n\t\n\n\t\t<\/div>\n\t\t\t\t\t<\/div>\n\n\t\n\n<\/div>\n<div class=\"row row-full-width align-middle\"  id=\"row-108880075\">\n\n\n\t<div id=\"col-692930126\" class=\"col medium-6 small-12 large-6\"  >\n\t\t\t\t<div class=\"col-inner\"  >\n\t\t\t\n\t\t\t\n\n\t<div class=\"img has-hover x md-x lg-x y md-y lg-y\" id=\"image_278704224\">\n\t\t\t\t\t\t\t\t<div class=\"img-inner dark\" >\n\t\t\t<img loading=\"lazy\" decoding=\"async\" width=\"930\" height=\"1024\" src=\"https:\/\/i0.wp.com\/aiviouvapes.com\/wp-content\/uploads\/2024\/08\/%E6%8B%BC%E5%9B%BE.jpg?fit=930%2C1024&amp;ssl=1\" class=\"attachment-large size-large\" alt=\"Pro\u010d si vybrat AIVIOUVAPES\" title=\"\">\t\t\t\t\t\t\n\t\t\t\t\t<\/div>\n\t\t\t\t\t\t\t\t\n<style>\n#image_278704224 {\n  width: 100%;\n}\n<\/style>\n\t<\/div>\n\t\n\n\n\t\t<\/div>\n\t\t\t\t\t<\/div>\n\n\t\n\n\t<div id=\"col-183096542\" class=\"col medium-6 small-12 large-6\"  >\n\t\t\t\t<div class=\"col-inner\"  >\n\t\t\t\n\t\t\t\n\n<div class=\"container section-title-container\" ><h4 class=\"section-title section-title-normal\"><b aria-hidden=\"true\"><\/b><span class=\"section-title-main\" style=\"font-size:91%;\">Na\u0161e v\u00fdhody<\/span><b aria-hidden=\"true\"><\/b><\/h4><\/div>\n\n<div class=\"accordion\">\n\n\t<div id=\"accordion-338102335\" class=\"accordion-item\">\n\t\t<a id=\"accordion-338102335-label\" class=\"accordion-title plain\" href=\"#accordion-item-commitment-to-quality\" aria-expanded=\"false\" aria-controls=\"accordion-338102335-content\">\n\t\t\t<button class=\"toggle\" aria-label=\"P\u0159epnout\"><i class=\"icon-angle-down\" aria-hidden=\"true\"><\/i><\/button>\n\t\t\t<span>Z\u00e1vazek ke kvalit\u011b<\/span>\n\t\t<\/a>\n\t\t<div id=\"accordion-338102335-content\" class=\"accordion-inner\" aria-labelledby=\"accordion-338102335-label\">\n\t\t\t\n\n<p>V <a href=\"https:\/\/aiviouvapes.com\/cs\/\">AiviouVape<\/a>, kvalita \u0159\u00edd\u00ed v\u0161e, co d\u011bl\u00e1me. Na\u0161e jednor\u00e1zov\u00e9 v\u00fdpary jsou pe\u010dliv\u011b vyrobeny a p\u0159\u00edsn\u011b testov\u00e1ny, aby spl\u0148ovaly ty nejvy\u0161\u0161\u00ed standardy a v\u017edy zajistily hladk\u00fd a spolehliv\u00fd vapovac\u00ed z\u00e1\u017eitek. S na\u0161\u00edm z\u00e1vazkem k nulov\u00fdm z\u00e1vad\u00e1m a nulov\u00fdm st\u00ed\u017enostem se m\u016f\u017eete spolehnout, \u017ee dost\u00e1v\u00e1te to nejlep\u0161\u00ed.<\/p>\n\n\t\t<\/div>\n\t<\/div>\n\t\n\t<div id=\"accordion-2827162904\" class=\"accordion-item\">\n\t\t<a id=\"accordion-2827162904-label\" class=\"accordion-title plain\" href=\"#accordion-item-diverse-range-of-products\" aria-expanded=\"false\" aria-controls=\"accordion-2827162904-content\">\n\t\t\t<button class=\"toggle\" aria-label=\"P\u0159epnout\"><i class=\"icon-angle-down\" aria-hidden=\"true\"><\/i><\/button>\n\t\t\t<span>Rozmanit\u00fd sortiment v\u00fdrobk\u016f<\/span>\n\t\t<\/a>\n\t\t<div id=\"accordion-2827162904-content\" class=\"accordion-inner\" aria-labelledby=\"accordion-2827162904-label\">\n\t\t\t\n\n<p>Jsme hrd\u00ed na to, \u017ee nab\u00edz\u00edme \u0161irokou \u0161k\u00e1lu pr\u00e9miov\u00fdch jednor\u00e1zov\u00fdch vap\u016f, kter\u00e9 vyhov\u00ed ka\u017ed\u00e9mu. Od nejnov\u011bj\u0161\u00edch inovac\u00ed a\u017e po dlouholet\u00e9 obl\u00edbence fanou\u0161k\u016f - v na\u0161\u00ed nab\u00eddce najdete d\u016fv\u011bryhodn\u00e9 zna\u010dky, jako jsou Waspe, Vapme, RandM Tornado, Bang Box, ELF Box a Bang King. A\u0165 u\u017e hled\u00e1te odv\u00e1\u017en\u00e9 p\u0159\u00edchut\u011b Vapme nebo elegantn\u00ed design RandM Tornado, na\u0161e kolekce je vytvo\u0159ena tak, aby v\u00e1m pomohla objevit dokonal\u00fd vape odpov\u00eddaj\u00edc\u00ed va\u0161emu vkusu a \u017eivotn\u00edmu stylu.<\/p>\n\n\n\t\t<\/div>\n\t<\/div>\n\t\n\t<div id=\"accordion-1587965135\" class=\"accordion-item\">\n\t\t<a id=\"accordion-1587965135-label\" class=\"accordion-title plain\" href=\"#accordion-item-wholesale-and-retail-solutions\" aria-expanded=\"false\" aria-controls=\"accordion-1587965135-content\">\n\t\t\t<button class=\"toggle\" aria-label=\"P\u0159epnout\"><i class=\"icon-angle-down\" aria-hidden=\"true\"><\/i><\/button>\n\t\t\t<span>Velkoobchodn\u00ed a maloobchodn\u00ed \u0159e\u0161en\u00ed<\/span>\n\t\t<\/a>\n\t\t<div id=\"accordion-1587965135-content\" class=\"accordion-inner\" aria-labelledby=\"accordion-1587965135-label\">\n\t\t\t\n\n<p>AiviouVape spl\u0148uje po\u017eadavky maloobchodn\u00edch i velkoobchodn\u00edch klient\u016f a poka\u017ed\u00e9 dod\u00e1v\u00e1 v\u00fdjime\u010dn\u00e9 produkty a slu\u017eby. Pokud jste u n\u00e1s nov\u00ed, doporu\u010dujeme za\u010d\u00edt s malou v\u00e1rkou a vyzkou\u0161et na\u0161i kvalitu na vlastn\u00ed k\u016f\u017ei. D\u00edky konkuren\u010dn\u00edm cen\u00e1m a pr\u00e9miov\u00fdm standard\u016fm jsme d\u016fv\u011bryhodnou volbou v odv\u011btv\u00ed jednor\u00e1zov\u00fdch v\u00fdpar\u016f.\u00a0<\/p>\n\n\t\t<\/div>\n\t<\/div>\n\t\n\t<div id=\"accordion-1011112155\" class=\"accordion-item\">\n\t\t<a id=\"accordion-1011112155-label\" class=\"accordion-title plain\" href=\"#accordion-item-continuous-improvement\" aria-expanded=\"false\" aria-controls=\"accordion-1011112155-content\">\n\t\t\t<button class=\"toggle\" aria-label=\"P\u0159epnout\"><i class=\"icon-angle-down\" aria-hidden=\"true\"><\/i><\/button>\n\t\t\t<span>Neust\u00e1l\u00e9 zlep\u0161ov\u00e1n\u00ed<\/span>\n\t\t<\/a>\n\t\t<div id=\"accordion-1011112155-content\" class=\"accordion-inner\" aria-labelledby=\"accordion-1011112155-label\">\n\t\t\t\n\n<p>To, co odli\u0161uje AiviouVape, je na\u0161e oddanost v\u00fdjime\u010dn\u00fdm z\u00e1kaznick\u00fdm slu\u017eb\u00e1m. A\u0165 u\u017e pot\u0159ebujete poradit p\u0159ed n\u00e1kupem nebo pomoc s objedn\u00e1vkou, n\u00e1\u0161 t\u00fdm je v\u017edy k dispozici p\u0159es WhatsApp nebo e-mail. Sna\u017e\u00edme se budovat trval\u00e9 vztahy s na\u0161imi klienty a zajistit va\u0161i spokojenost na ka\u017ed\u00e9m kroku.<\/p>\n\n\t\t<\/div>\n\t<\/div>\n\t\n\t<div id=\"accordion-970963018\" class=\"accordion-item\">\n\t\t<a id=\"accordion-970963018-label\" class=\"accordion-title plain\" href=\"#accordion-item-quality-assurance\" aria-expanded=\"false\" aria-controls=\"accordion-970963018-content\">\n\t\t\t<button class=\"toggle\" aria-label=\"P\u0159epnout\"><i class=\"icon-angle-down\" aria-hidden=\"true\"><\/i><\/button>\n\t\t\t<span>Zaji\u0161t\u011bn\u00ed kvality<\/span>\n\t\t<\/a>\n\t\t<div id=\"accordion-970963018-content\" class=\"accordion-inner\" aria-labelledby=\"accordion-970963018-label\">\n\t\t\t\n\n<p>V \u017e\u00e1dn\u00e9 f\u00e1zi \u2013 v\u00fdvoj produktu, v\u00fdroba, marketing a distribuce \u2013 n\u00e1\u0161 z\u00e1vazek ke kvalit\u011b nikdy neochabuje. Na\u0161e jednor\u00e1zov\u00e9 v\u00fdpary proch\u00e1zej\u00ed p\u0159\u00edsn\u00fdm testov\u00e1n\u00edm, abychom se ujistili, \u017ee jsou netoxick\u00e9, \u010dist\u00e9 a poskytuj\u00ed v\u00fdjime\u010dnou chu\u0165. Tato oddanost dokonalosti tvo\u0159\u00ed p\u00e1te\u0159 na\u0161\u00ed firemn\u00ed kultury.<\/p>\n\n\t\t<\/div>\n\t<\/div>\n\t\n\t<div id=\"accordion-3340609277\" class=\"accordion-item\">\n\t\t<a id=\"accordion-3340609277-label\" class=\"accordion-title plain\" href=\"#accordion-item-efficient-logistics-and-delivery\" aria-expanded=\"false\" aria-controls=\"accordion-3340609277-content\">\n\t\t\t<button class=\"toggle\" aria-label=\"P\u0159epnout\"><i class=\"icon-angle-down\" aria-hidden=\"true\"><\/i><\/button>\n\t\t\t<span>Efektivn\u00ed logistika a doru\u010dov\u00e1n\u00ed<\/span>\n\t\t<\/a>\n\t\t<div id=\"accordion-3340609277-content\" class=\"accordion-inner\" aria-labelledby=\"accordion-3340609277-label\">\n\t\t\t\n\n<p>AiviouVape poskytuje efektivn\u00ed logistiku a dod\u00e1vky, v\u010detn\u011b slu\u017eeb DDP (Delivered Duty Paid), kter\u00e9 zaji\u0161\u0165uj\u00ed bezprobl\u00e9mov\u00e9 celn\u00ed odbaven\u00ed bez jak\u00fdchkoli poplatk\u016f nebo dan\u00ed. D\u00edky rychl\u00e9mu doru\u010den\u00ed a v\u00fdjime\u010dn\u00e9 z\u00e1kaznick\u00e9 podpo\u0159e nab\u00edz\u00edme bezprobl\u00e9mov\u00e9 a spolehliv\u00e9 zku\u0161enosti, d\u00edky nim\u017e jsme d\u016fv\u011bryhodn\u00fdm partnerem v oboru.<\/p>\n\n\t\t<\/div>\n\t<\/div>\n\t\n\t<div id=\"accordion-3894691957\" class=\"accordion-item\">\n\t\t<a id=\"accordion-3894691957-label\" class=\"accordion-title plain\" href=\"#accordion-item-odm-and-oem-services\" aria-expanded=\"false\" aria-controls=\"accordion-3894691957-content\">\n\t\t\t<button class=\"toggle\" aria-label=\"P\u0159epnout\"><i class=\"icon-angle-down\" aria-hidden=\"true\"><\/i><\/button>\n\t\t\t<span>Slu\u017eby ODM a OEM<\/span>\n\t\t<\/a>\n\t\t<div id=\"accordion-3894691957-content\" class=\"accordion-inner\" aria-labelledby=\"accordion-3894691957-label\">\n\t\t\t\n\n<p>AiviouVapes nab\u00edz\u00ed kompletn\u00ed slu\u017eby ODM (Original Design Manufacturing) a OEM (Original Equipment Manufacturing). Se dv\u011bma velk\u00fdmi za\u0159\u00edzen\u00edmi pom\u00e1h\u00e1me klient\u016fm navrhovat jedine\u010dn\u00e9 produkty a poutav\u00e1 loga pro balen\u00ed. Poskytujeme tak\u00e9 bezplatn\u00e9 poradenstv\u00ed p\u0159i navrhov\u00e1n\u00ed obal\u016f a podporujeme z\u00e1kazn\u00edky, kte\u0159\u00ed bal\u00ed sv\u00e9 vlastn\u00ed produkty, a zaji\u0161\u0165ujeme tak, \u017ee jejich zna\u010dka na trhu zaz\u00e1\u0159\u00ed.<\/p>\n\n\t\t<\/div>\n\t<\/div>\n\t\n\n<\/div>\n\n\t\t<\/div>\n\t\t\t\t\t<\/div>\n\n\t\n\n<\/div><\/div>","protected":false},"excerpt":{"rendered":"<p>MRVI 18000 potah\u016f Jednor\u00e1zov\u00e1 vape nab\u00edz\u00ed a\u017e 18 000 potah\u016f, kapacitu 26 ml e-liquidu a p\u0159izp\u016fsobiteln\u00e9 re\u017eimy \u017ehaven\u00ed. D\u00edky dv\u011bma 1,0\u03a9 s\u00ed\u0165ov\u00fdm spir\u00e1lk\u00e1m pro plynulou p\u00e1ru a nab\u00edjen\u00ed Type-C poskytuje v\u00fdjime\u010dn\u00fd, p\u0159enosn\u00fd vapingov\u00fd z\u00e1\u017eitek. K dispozici v rozmanit\u00fdch p\u0159\u00edchut\u00edch.<\/p>","protected":false},"featured_media":1869,"comment_status":"open","ping_status":"closed","template":"","meta":[],"product_brand":[229],"product_cat":[33,128,90,117,81,76,134,135,133,136,137,146,138,139,140,141,142,143,144,145,79,132,82],"product_tag":[],"class_list":{"0":"post-1861","1":"product","2":"type-product","3":"status-publish","4":"has-post-thumbnail","6":"product_brand-mrvi","7":"product_cat-mrvi","8":"product_cat-18000-puffs-disposable-vape","9":"product_cat-big-puffs-vapes","10":"product_cat-different-puffs-of-diposable-vapes","11":"product_cat-digital-box-vapes","12":"product_cat-disposable-vape-types","13":"product_cat-disposable-vapes-in-austria","14":"product_cat-disposable-vapes-in-belgium","15":"product_cat-disposable-vapes-in-europe","16":"product_cat-disposable-vapes-in-france","17":"product_cat-disposable-vapes-in-germany","18":"product_cat-disposable-vapes-in-hungary","19":"product_cat-disposable-vapes-in-ltaly","20":"product_cat-disposable-vapes-in-netherlands","21":"product_cat-disposable-vapes-in-norway","22":"product_cat-disposable-vapes-in-poland","23":"product_cat-disposable-vapes-in-portugal","24":"product_cat-disposable-vapes-in-spain","25":"product_cat-disposable-vapes-in-sweden","26":"product_cat-disposable-vapes-in-switzerland","27":"product_cat-dual-mesh-vapes","28":"product_cat-rechargeable-vapes","29":"product_cat-smart-screen-vapes","31":"first","32":"instock","33":"shipping-taxable","34":"purchasable","35":"product-type-variable","36":"has-default-attributes"},"jetpack_sharing_enabled":true,"tiered_pricing_type":"fixed","tiered_pricing_fixed_rules":[],"tiered_pricing_product_settings":{"layout":"default","base_unit_name":{"singular":null,"plural":null},"default_variation":null},"tiered_pricing_minimum_quantity":1000,"tiered_pricing_roles_data":[],"tiered_pricing_percentage_rules":[],"tiered_pricing_maximum_quantity":null,"tiered_pricing_quantity_step":"10","_links":{"self":[{"href":"https:\/\/aiviouvapes.com\/cs\/wp-json\/wp\/v2\/product\/1861","targetHints":{"allow":["GET"]}}],"collection":[{"href":"https:\/\/aiviouvapes.com\/cs\/wp-json\/wp\/v2\/product"}],"about":[{"href":"https:\/\/aiviouvapes.com\/cs\/wp-json\/wp\/v2\/types\/product"}],"replies":[{"embeddable":true,"href":"https:\/\/aiviouvapes.com\/cs\/wp-json\/wp\/v2\/comments?post=1861"}],"wp:featuredmedia":[{"embeddable":true,"href":"https:\/\/aiviouvapes.com\/cs\/wp-json\/wp\/v2\/media\/1869"}],"wp:attachment":[{"href":"https:\/\/aiviouvapes.com\/cs\/wp-json\/wp\/v2\/media?parent=1861"}],"wp:term":[{"taxonomy":"product_brand","embeddable":true,"href":"https:\/\/aiviouvapes.com\/cs\/wp-json\/wp\/v2\/product_brand?post=1861"},{"taxonomy":"product_cat","embeddable":true,"href":"https:\/\/aiviouvapes.com\/cs\/wp-json\/wp\/v2\/product_cat?post=1861"},{"taxonomy":"product_tag","embeddable":true,"href":"https:\/\/aiviouvapes.com\/cs\/wp-json\/wp\/v2\/product_tag?post=1861"}],"curies":[{"name":"wp","href":"https:\/\/api.w.org\/{rel}","templated":true}]}}