{"id":118575,"date":"2026-03-27T09:31:45","date_gmt":"2026-03-27T01:31:45","guid":{"rendered":"https:\/\/aiviouvapes.com\/?post_type=product&#038;p=118575"},"modified":"2026-04-22T09:03:50","modified_gmt":"2026-04-22T01:03:50","slug":"uzy-crystal-star-60k","status":"publish","type":"product","link":"https:\/\/aiviouvapes.com\/cs\/product\/uzy-crystal-star-60k\/","title":{"rendered":"UZY Crystal Star 60K | 60000 \u0161luk\u016f, chytr\u00fd displej, dvojit\u00e1 s\u00ed\u0165ov\u00e1 c\u00edvka, 12 p\u0159\u00edchut\u00ed, jednor\u00e1zov\u00fd vape pro hromadn\u00e9 pou\u017eit\u00ed"},"content":{"rendered":"<h2>Seznamte se s modelem UZY Crystal Star 60K \u2b50<\/h2>\n<p>Hled\u00e1te jednor\u00e1zovou vapku, kter\u00e1 bude fungovat po\u0159\u00e1d? Na <strong>UZY K\u0159i\u0161\u0165\u00e1lov\u00e1 hv\u011bzda 60000 puf\u016f<\/strong> je ur\u010den pro vapery, kte\u0159\u00ed nesn\u00e1\u0161ej\u00ed vyb\u00edjen\u00ed. S masivn\u00edm <strong>Kapacita e-liquidu 40 ml<\/strong>, <strong>technologie dual mesh coil<\/strong> pro jemnou a bohatou chu\u0165 a <strong>chytr\u00fd displej<\/strong> kter\u00e1 sleduje stav baterie a \u0161\u0165\u00e1vy v re\u00e1ln\u00e9m \u010dase, spl\u0148uje v\u0161echny po\u017eadavky. A\u0165 u\u017e vapujete cel\u00fd den, nebo z\u00e1sobujete reg\u00e1ly pro sv\u00e9 z\u00e1kazn\u00edky, Crystal Star 60K v\u00e1m to spln\u00ed.<\/p>\n<h2>Pro\u010d si vybrat UZY Crystal Star 60K? \u2705<\/h2>\n<ul>\n<li><strong>60000 obl\u00e1\u010dk\u016f<\/strong> dlouhotrvaj\u00edc\u00ed v\u00fdkon - m\u00e9n\u011b v\u00fdm\u011bn, v\u00edce radosti \ud83d\udd25<\/li>\n<li><strong>Kapacita e-liquidu 40 ml<\/strong> tak\u017ee m\u016f\u017eete vapovat cel\u00e9 t\u00fddny bez obav.<\/li>\n<li><strong>Technologie dvojit\u00e9 s\u00ed\u0165ov\u00e9 c\u00edvky<\/strong> pro jemn\u011bj\u0161\u00ed \u00fadery a v\u00fdrazn\u011bj\u0161\u00ed chu\u0165 \u2601\ufe0f<\/li>\n<li><strong>Chytr\u00e1 obrazovka<\/strong> p\u0159ehledn\u011b zobrazuje stav baterie a e-liquidu \ud83d\udc40<\/li>\n<li><strong>Nastaviteln\u00fd pr\u016ftok vzduchu<\/strong> umo\u017e\u0148uje p\u0159izp\u016fsobit si tah - t\u011bsn\u00fd nebo vzdu\u0161n\u00fd, z\u00e1le\u017e\u00ed na v\u00e1s \ud83c\udf2c\ufe0f.<\/li>\n<li><strong>Nab\u00edjec\u00ed baterie s kapacitou 650 mAh<\/strong> s rychl\u00fdm nab\u00edjen\u00edm p\u0159es USB typu C \u26a1<\/li>\n<li><strong>12 mo\u017enost\u00ed p\u0159\u00edchut\u00ed<\/strong> pokr\u00fdvaj\u00edc\u00ed ovoce, led, cukrovinky a klasick\u00e9 profily \ud83c\udf53<\/li>\n<li><strong>Skv\u011bl\u00e9 pro obchody a velkoobchod<\/strong> - vysoce \u017e\u00e1dan\u00fd design krystal\u016f, kter\u00fd se rychle st\u011bhuje z reg\u00e1l\u016f \ud83d\udce6<\/li>\n<\/ul>\n<h2>UZY Crystal Star 60K Specifikace \ud83d\udccc<\/h2>\n<table>\n<tbody>\n<tr>\n<td><strong>N\u00e1zev produktu<\/strong><\/td>\n<td>UZY Crystal Star 60000 Puffs Jednor\u00e1zov\u00e9 vape<\/td>\n<\/tr>\n<tr>\n<td><strong>Max Puffs<\/strong><\/td>\n<td>A\u017e 60000 vdech\u016f<\/td>\n<\/tr>\n<tr>\n<td><strong>Kapacita e-liquidu<\/strong><\/td>\n<td>40 ml<\/td>\n<\/tr>\n<tr>\n<td><strong>C\u00edvka<\/strong><\/td>\n<td>Dual Mesh C\u00edvka<\/td>\n<\/tr>\n<tr>\n<td><strong>S\u00edla nikotinu<\/strong><\/td>\n<td>0% \/ 2% \/ 3% \/ 5%<\/td>\n<\/tr>\n<tr>\n<td><strong>Baterie<\/strong><\/td>\n<td>Dob\u00edjec\u00ed baterie 650 mAh<\/td>\n<\/tr>\n<tr>\n<td><strong>Nab\u00edjen\u00ed<\/strong><\/td>\n<td>Rychl\u00e9 nab\u00edjen\u00ed p\u0159es USB typu C<\/td>\n<\/tr>\n<tr>\n<td><strong>Displej<\/strong><\/td>\n<td>Chytr\u00e1 obrazovka (indik\u00e1tor baterie a e-liquidu)<\/td>\n<\/tr>\n<tr>\n<td><strong>Proud\u011bn\u00ed vzduchu<\/strong><\/td>\n<td>Nastaviteln\u00fd syst\u00e9m proud\u011bn\u00ed vzduchu<\/td>\n<\/tr>\n<tr>\n<td><strong>Balen\u00ed<\/strong><\/td>\n<td>10 za\u0159\u00edzen\u00ed v krabici<\/td>\n<\/tr>\n<\/tbody>\n<\/table>\n<h2>UZY Crystal Star 60K Mo\u017enosti p\u0159\u00edchut\u00ed \ud83c\udf53\ud83c\udf49\ud83e\uddca<\/h2>\n<p>UZY Crystal Star 60000 se dod\u00e1v\u00e1 v n\u00e1sleduj\u00edc\u00edch proveden\u00edch <strong>12 lahodn\u00fdch p\u0159\u00edchut\u00ed<\/strong>, z nich\u017e ka\u017ed\u00e1 je vytvo\u0159ena pro hladk\u00fd a uspokojiv\u00fd vape. Zde je kompletn\u00ed nab\u00eddka:<\/p>\n<ul>\n<li><strong>Bor\u016fvka malina<\/strong> - \u0161\u0165avnat\u00e1 bor\u016fvka se snoub\u00ed s pikantn\u00ed malinou a vytv\u00e1\u0159\u00ed dokonal\u00e9 bobulov\u00e9 duo \ud83e\uded0<\/li>\n<li><strong>Kiwi Mu\u010denka Ovoce Guava<\/strong> - tropick\u00e9 trio, kter\u00e9 je jasn\u00e9, sladk\u00e9 a osv\u011b\u017euj\u00edc\u00ed \ud83e\udd5d\ud83c\udf48<\/li>\n<li><strong>T\u0159e\u0161e\u0148 cola led<\/strong> - klasick\u00e1 t\u0159e\u0161\u0148ov\u00e1 cola s ledovou p\u0159\u00edchut\u00ed \ud83c\udf52\ud83e\uddca<\/li>\n<li><strong>Jahodov\u00fd meloun<\/strong> - sladk\u00e9 jahody sm\u00edchan\u00e9 s \u010derstv\u00fdm melounem \ud83c\udf53\ud83c\udf49<\/li>\n<li><strong>Sm\u00ed\u0161en\u00e9 bobule<\/strong> - sm\u011bs zral\u00fdch bobul\u00ed, vyv\u00e1\u017een\u00e1 a jemn\u00e1 \ud83c\udf47<\/li>\n<li><strong>Broskvov\u00fd led<\/strong> - \u0161\u0165avnat\u00e1 broskev s chladiv\u00fdm mentolov\u00fdm z\u00e1v\u011brem \ud83c\udf51\u2744\ufe0f<\/li>\n<li><strong>Citron Limetka<\/strong> - pikantn\u00ed citrusov\u00e1 kombinace, \u010dist\u00e1 a sv\u011b\u017e\u00ed \ud83c\udf4b<\/li>\n<li><strong>Hroznov\u00fd led<\/strong> - v\u00fdrazn\u00e1 hroznov\u00e1 chu\u0165 s mraziv\u00fdm n\u00e1dechem \ud83c\udf47\ud83e\uddca<\/li>\n<li><strong>Melounov\u00fd led<\/strong> - sladk\u00fd meloun s ledov\u00fdm v\u00fddechem \ud83c\udf49\u2744\ufe0f<\/li>\n<li><strong>L\u00e1ska 66<\/strong> - sladk\u00e1 ovocn\u00e1 sm\u011bs, kterou fanou\u0161ci miluj\u00ed \ud83d\udc95<\/li>\n<li><strong>Dv\u011b jablka<\/strong> - dvojit\u00e1 jable\u010dn\u00e1 dobrota s n\u00e1dechem chladu \ud83c\udf4f\ud83c\udf4e<\/li>\n<li><strong>Bor\u016fvkov\u00fd led<\/strong> - syt\u00e1 bor\u016fvkov\u00e1 chu\u0165 s osv\u011b\u017euj\u00edc\u00edm ledov\u00fdm z\u00e1v\u011brem \ud83e\uded0\u2744\ufe0f<\/li>\n<\/ul>\n<h2>Vyrobeno pro maloobchodn\u00ed a velkoobchodn\u00ed \u00fasp\u011bch \ud83c\udfea\ud83d\udce6<\/h2>\n<p>The <strong>UZY Crystal Star 60K<\/strong> se skv\u011ble hod\u00ed pro <strong>t\u011b\u017ec\u00ed vap\u00e9\u0159i<\/strong> kte\u0159\u00ed cht\u011bj\u00ed za\u0159\u00edzen\u00ed s dlouhou \u017eivotnost\u00ed, <strong>milovn\u00edci chut\u00ed<\/strong> kte\u0159\u00ed oce\u0148uj\u00ed rozmanitost a <strong>vape obchody<\/strong> hled\u00e1te poutav\u00fd k\u0159i\u0161\u0165\u00e1lov\u00fd design, kter\u00fd se prod\u00e1v\u00e1 s\u00e1m. Pro <strong>distributo\u0159i a velkoobchodn\u00edci<\/strong>, kombinace 60000 \u0161luk\u016f, chytr\u00e9ho displeje a 12 obl\u00edben\u00fdch p\u0159\u00edchut\u00ed z n\u011bj \u010din\u00ed silnou SKU v kategorii jednor\u00e1zov\u00fdch \u0161luk\u016f s velk\u00fdm po\u010dtem \u0161luk\u016f.<\/p>\n<h2>UZY Crystal Star 60K FAQ \u2753<\/h2>\n<h3>Kolik \u0161luk\u016f d\u00e1v\u00e1 UZY Crystal Star?<\/h3>\n<p>UZY Crystal Star nab\u00edz\u00ed a\u017e <strong>60000 obl\u00e1\u010dk\u016f<\/strong>, co\u017e z n\u011bj \u010din\u00ed jeden z nejd\u00e9le trvaj\u00edc\u00edch jednor\u00e1zov\u00fdch vap\u016f.<\/p>\n<h3>Je UZY Crystal Star 60K dob\u00edjec\u00ed?<\/h3>\n<p>Ano! M\u00e1 <strong>650mAh baterie<\/strong> s <strong>Rychl\u00e9 nab\u00edjen\u00ed p\u0159es USB typu C<\/strong>, tak\u017ee ji m\u016f\u017eete rychle dob\u00edt a pokra\u010dovat ve vapov\u00e1n\u00ed. \u26a1<\/p>\n<h3>Jak\u00e1 je s\u00edla nikotinu?<\/h3>\n<p>M\u016f\u017eete si vybrat z <strong>0%<\/strong>, <strong>2%<\/strong>, <strong>3%<\/strong>a <strong>5%<\/strong> nikotinu, kter\u00e9 odpov\u00eddaj\u00ed va\u0161im preferenc\u00edm nebo po\u017eadavk\u016fm trhu.<\/p>\n<h3>Kolik e-liquidu pojme?<\/h3>\n<p>M\u00e1 velk\u00fd <strong>Kapacita e-liquidu 40 ml<\/strong>, a proto dok\u00e1\u017ee vydat tolik \u0161luk\u016f, ani\u017e by vyschl.<\/p>\n<h3>Jak\u00fd typ c\u00edvky pou\u017e\u00edv\u00e1?<\/h3>\n<p>Pou\u017e\u00edv\u00e1 <strong>technologie dual mesh coil<\/strong> pro hlad\u0161\u00ed p\u00e1ru a lep\u0161\u00ed chu\u0165 p\u0159i ka\u017ed\u00e9m \u0161luknut\u00ed. \u2601\ufe0f<\/p>\n<h3>Kolik p\u0159\u00edchut\u00ed existuje?<\/h3>\n<p>Existuj\u00ed <strong>12 mo\u017enost\u00ed p\u0159\u00edchut\u00ed<\/strong> v\u010detn\u011b ovocn\u00fdch, ledov\u00fdch, cukr\u00e1\u0159sk\u00fdch a klasick\u00fdch profil\u016f - pro ka\u017edou chu\u0165 n\u011bco.<\/p>\n<h3>Je UZY Crystal Star vhodn\u00fd pro velkoobchod?<\/h3>\n<p>Rozhodn\u011b. K\u0159i\u0161\u0165\u00e1lov\u00fd design vypad\u00e1 na reg\u00e1lech skv\u011ble, po\u010det 60 000 puf\u016f oslov\u00ed n\u00e1ro\u010dn\u00e9 u\u017eivatele a chytr\u00fd displej je prodejn\u00edm argumentem, kter\u00fd z\u00e1kazn\u00edci miluj\u00ed. Balen\u00ed <strong>10 za\u0159\u00edzen\u00ed v krabici<\/strong>. \ud83d\udce6<\/p>","protected":false},"excerpt":{"rendered":"<p>UZY Crystal Star 60K jednor\u00e1zov\u00fd vape s chytr\u00fdm displejem, dvojit\u00fdmi s\u00ed\u0165ov\u00fdmi spir\u00e1lkami a nastaviteln\u00fdm pr\u016ftokem vzduchu. Obrovsk\u00fd objem 40 ml e-liquidu + 60000 potah\u016f - ide\u00e1ln\u00ed pro maloobchodn\u00ed a velkoobchodn\u00ed odb\u011bratele. \u2728<\/p>\n<h3>\ud83d\udc49Tento produkt je skladem v na\u0161em skladu v EU!<\/h3>\n<h4>\ud83c\udf89Zkr\u00e1\u0165te \u010dek\u00e1n\u00ed: <strong>5-7denn\u00ed dod\u00e1n\u00ed z na\u0161\u00ed evropsk\u00e9 pobo\u010dky<\/strong> sklad (pro v\u00fdchoz\u00ed <strong>S\u00edla nikotinu 2%<\/strong> pouze verze).<\/h4>\n<p><span style=\"font-size: 75%;\"><em>\ud83d\udd39 V\u011bt\u0161ina objedn\u00e1vek se odes\u00edl\u00e1 z na\u0161eho evropsk\u00e9ho skladu, pokud je k dispozici. P\u0159\u00edle\u017eitostn\u011b, pokud nen\u00ed skladem, zas\u00edl\u00e1me m\u00edsto toho z \u010c\u00edny.<\/em><\/span><\/p>","protected":false},"featured_media":118664,"comment_status":"open","ping_status":"closed","template":"","meta":[],"product_brand":[254],"product_cat":[242,90,280,78,81,76,133,132,82,253],"product_tag":[556],"class_list":{"0":"post-118575","1":"product","2":"type-product","3":"status-publish","4":"has-post-thumbnail","6":"product_brand-uzy","7":"product_cat-60000-puffs-disposable-vape","8":"product_cat-big-puffs-vapes","9":"product_cat-cheap-rechargeable-disposable-vapes","10":"product_cat-crystal-vapes","11":"product_cat-digital-box-vapes","12":"product_cat-disposable-vape-types","13":"product_cat-disposable-vapes-in-europe","14":"product_cat-rechargeable-vapes","15":"product_cat-smart-screen-vapes","16":"product_cat-uzy","17":"product_tag-uzy-crystal-star-60000-disposable-vape","19":"first","20":"instock","21":"shipping-taxable","22":"purchasable","23":"product-type-variable","24":"has-default-attributes"},"jetpack_sharing_enabled":true,"tiered_pricing_type":"fixed","tiered_pricing_fixed_rules":{"30":8.519999999999999573674358543939888477325439453125,"50":7.2599999999999997868371792719699442386627197265625,"100":6.7400000000000002131628207280300557613372802734375,"200":6.46999999999999975131004248396493494510650634765625,"400":5.75},"tiered_pricing_product_settings":{"layout":"default","base_unit_name":{"singular":null,"plural":null},"default_variation":null},"tiered_pricing_minimum_quantity":10,"tiered_pricing_roles_data":[],"tiered_pricing_percentage_rules":[],"tiered_pricing_maximum_quantity":null,"tiered_pricing_quantity_step":"10","_links":{"self":[{"href":"https:\/\/aiviouvapes.com\/cs\/wp-json\/wp\/v2\/product\/118575","targetHints":{"allow":["GET"]}}],"collection":[{"href":"https:\/\/aiviouvapes.com\/cs\/wp-json\/wp\/v2\/product"}],"about":[{"href":"https:\/\/aiviouvapes.com\/cs\/wp-json\/wp\/v2\/types\/product"}],"replies":[{"embeddable":true,"href":"https:\/\/aiviouvapes.com\/cs\/wp-json\/wp\/v2\/comments?post=118575"}],"wp:featuredmedia":[{"embeddable":true,"href":"https:\/\/aiviouvapes.com\/cs\/wp-json\/wp\/v2\/media\/118664"}],"wp:attachment":[{"href":"https:\/\/aiviouvapes.com\/cs\/wp-json\/wp\/v2\/media?parent=118575"}],"wp:term":[{"taxonomy":"product_brand","embeddable":true,"href":"https:\/\/aiviouvapes.com\/cs\/wp-json\/wp\/v2\/product_brand?post=118575"},{"taxonomy":"product_cat","embeddable":true,"href":"https:\/\/aiviouvapes.com\/cs\/wp-json\/wp\/v2\/product_cat?post=118575"},{"taxonomy":"product_tag","embeddable":true,"href":"https:\/\/aiviouvapes.com\/cs\/wp-json\/wp\/v2\/product_tag?post=118575"}],"curies":[{"name":"wp","href":"https:\/\/api.w.org\/{rel}","templated":true}]}}