{"id":117910,"date":"2026-03-26T18:53:15","date_gmt":"2026-03-26T10:53:15","guid":{"rendered":"https:\/\/aiviouvapes.com\/?post_type=product&#038;p=117910"},"modified":"2026-04-15T09:06:08","modified_gmt":"2026-04-15T01:06:08","slug":"qq-bang-180000","status":"publish","type":"product","link":"https:\/\/aiviouvapes.com\/cs\/product\/qq-bang-180000\/","title":{"rendered":"QQ BANG 180000 | 4 v 1 quad p\u0159\u00edchu\u0165, 180000 \u0161luk\u016f, opi\u010d\u00ed design, hromadn\u00e9 jednor\u00e1zov\u00e9 vapov\u00e1n\u00ed"},"content":{"rendered":"<p><img data-recalc-dims=\"1\" loading=\"lazy\" decoding=\"async\" class=\"alignnone size-full wp-image-117916\" src=\"https:\/\/i0.wp.com\/aiviouvapes.com\/wp-content\/uploads\/2026\/03\/QQ-BANG-180000-60ml-180k-puff-6.jpg?resize=800%2C1860&#038;ssl=1\" alt=\"QQ BANG 180000 60ml 180k puff 14\" width=\"800\" height=\"1860\" title=\"\" srcset=\"https:\/\/i0.wp.com\/aiviouvapes.com\/wp-content\/uploads\/2026\/03\/QQ-BANG-180000-60ml-180k-puff-6.jpg?w=800&amp;ssl=1 800w, https:\/\/i0.wp.com\/aiviouvapes.com\/wp-content\/uploads\/2026\/03\/QQ-BANG-180000-60ml-180k-puff-6.jpg?resize=129%2C300&amp;ssl=1 129w, https:\/\/i0.wp.com\/aiviouvapes.com\/wp-content\/uploads\/2026\/03\/QQ-BANG-180000-60ml-180k-puff-6.jpg?resize=440%2C1024&amp;ssl=1 440w, https:\/\/i0.wp.com\/aiviouvapes.com\/wp-content\/uploads\/2026\/03\/QQ-BANG-180000-60ml-180k-puff-6.jpg?resize=768%2C1786&amp;ssl=1 768w, https:\/\/i0.wp.com\/aiviouvapes.com\/wp-content\/uploads\/2026\/03\/QQ-BANG-180000-60ml-180k-puff-6.jpg?resize=661%2C1536&amp;ssl=1 661w, https:\/\/i0.wp.com\/aiviouvapes.com\/wp-content\/uploads\/2026\/03\/QQ-BANG-180000-60ml-180k-puff-6.jpg?resize=5%2C12&amp;ssl=1 5w\" sizes=\"auto, (max-width: 800px) 100vw, 800px\" \/><\/p>\n<h2>Seznamte se s QQ BANG 180000 \ud83d\udc35<\/h2>\n<p>Hled\u00e1te jednor\u00e1zov\u00fd produkt s vysok\u00fdm objemem a osobitost\u00ed? Na <strong>QQ BANG 180000<\/strong> p\u0159in\u00e1\u0161\u00ed z\u00e1bavu d\u00edky roztomil\u00e9mu designu opi\u010dky a po\u0159\u00e1dn\u00e9mu vapovac\u00edmu v\u00fdkonu. S <strong>a\u017e 180000 vdech\u016f<\/strong>, masivn\u00ed <strong>Kapacita 60 ml e-liquidu<\/strong> (15 ml x 4 p\u0159ihr\u00e1dky) a skute\u010dn\u00fd <strong>Syst\u00e9m p\u0159ep\u00edn\u00e1n\u00ed p\u0159\u00edchut\u00ed 4 v 1<\/strong>, je ur\u010den pro vapery, kte\u0159\u00ed cht\u011bj\u00ed rozmanitost a dlouhou \u017eivotnost v jednom za\u0159\u00edzen\u00ed. Chytr\u00e1 volba pro obchody a velkoobchody, kter\u00e9 hledaj\u00ed produkt, kter\u00fd vynikne v reg\u00e1lu.<\/p>\n<h2>Pro\u010d si vybrat QQ BANG 180000? \u2705<\/h2>\n<ul>\n<li><strong>P\u0159ep\u00edn\u00e1n\u00ed p\u0159\u00edchut\u00ed 4 v 1<\/strong>-\u010dty\u0159i p\u0159\u00edchut\u011b v jednom za\u0159\u00edzen\u00ed, p\u0159ep\u00ednejte kdykoli chcete \ud83d\ude0b<\/li>\n<li><strong>A\u017e 180000 vdech\u016f<\/strong> pro mimo\u0159\u00e1dn\u011b dlouh\u00e9 pou\u017e\u00edv\u00e1n\u00ed a m\u00e9n\u011b v\u00fdm\u011bn \ud83d\udd25<\/li>\n<li><strong>60ml e-liquid<\/strong> kapacita (15 ml x 4 p\u0159ihr\u00e1dky) pro del\u0161\u00ed sezen\u00ed<\/li>\n<li><strong>C\u00edvka se \u010dty\u0159mi oky<\/strong> (1,0\u03a9 x 4) pro bohatou chu\u0165 a hladkou p\u00e1ru \u2601\ufe0f.<\/li>\n<li><strong>Z\u00e1bavn\u00fd design opice<\/strong>-poutav\u00e9, sb\u011bratelsk\u00e9 a skv\u011bl\u00e9 pro soci\u00e1ln\u00ed m\u00e9dia \ud83d\udc35<\/li>\n<li><strong>Rychl\u00e9 nab\u00edjen\u00ed typu C<\/strong> s dob\u00edjec\u00ed bateri\u00ed 650 mAh \u26a1<\/li>\n<li><strong>V\u00edce mo\u017enost\u00ed nikotinu<\/strong> (2% \/ 5%) pro r\u016fzn\u00e9 trhy<\/li>\n<li><strong>Ide\u00e1ln\u00ed pro obchody a velkoobchody<\/strong>-z\u00e1bavn\u00fd design + vysok\u00fd po\u010det puf\u016f = rychle se pohybuj\u00edc\u00ed SKU \ud83d\udce6<\/li>\n<\/ul>\n<h2>QQ BANG 180000 Specifikace \ud83d\udccc<\/h2>\n<table>\n<tbody>\n<tr>\n<td><strong>N\u00e1zev produktu<\/strong><\/td>\n<td>QQ BANG 180000 Jednor\u00e1zov\u00e9 vape<\/td>\n<\/tr>\n<tr>\n<td><strong>Max Puffs<\/strong><\/td>\n<td>A\u017e 180000 vdech\u016f<\/td>\n<\/tr>\n<tr>\n<td><strong>Kapacita e-liquidu<\/strong><\/td>\n<td>60 ml (15 ml x 4)<\/td>\n<\/tr>\n<tr>\n<td><strong>C\u00edvka<\/strong><\/td>\n<td>S\u00ed\u0165ov\u00e1 c\u00edvka 1,0\u03a9 x 4<\/td>\n<\/tr>\n<tr>\n<td><strong>S\u00edla nikotinu<\/strong><\/td>\n<td>2% \/ 5%<\/td>\n<\/tr>\n<tr>\n<td><strong>Baterie<\/strong><\/td>\n<td>650 mAh<\/td>\n<\/tr>\n<tr>\n<td><strong>Nab\u00edjen\u00ed<\/strong><\/td>\n<td>Rychl\u00e9 nab\u00edjen\u00ed p\u0159es USB typu C<\/td>\n<\/tr>\n<tr>\n<td><strong>P\u0159\u00edchut\u011b<\/strong><\/td>\n<td>12 kombinac\u00ed p\u0159\u00edchut\u00ed (4 v 1)<\/td>\n<\/tr>\n<tr>\n<td><strong>Hmotnost v\u00fdrobku<\/strong><\/td>\n<td>159g \/ ks<\/td>\n<\/tr>\n<tr>\n<td><strong>Balen\u00ed<\/strong><\/td>\n<td>10 ks \/ krabice, 100 ks \/ karton<\/td>\n<\/tr>\n<tr>\n<td><strong>Hmotnost kartonu<\/strong><\/td>\n<td>17 kg<\/td>\n<\/tr>\n<\/tbody>\n<\/table>\n<h2>Kombinace p\u0159\u00edchut\u00ed 4 v 1 (12 mo\u017enost\u00ed) \ud83c\udf53\ud83c\udf49\ud83e\uddca<\/h2>\n<p>Ka\u017ed\u00fd QQ BANG 180000 je vybaven <strong>4 p\u0159\u00edchut\u011b v 1 za\u0159\u00edzen\u00ed<\/strong>. Sta\u010d\u00ed p\u0159ep\u00ednat mezi p\u0159ihr\u00e1dkami, abyste si kdykoli mohli vychutnat \u010derstvou chu\u0165. Zde je v\u0161ech 12 kombinac\u00ed:<\/p>\n<table>\n<thead>\n<tr>\n<th>Ne.<\/th>\n<th>Kombinace p\u0159\u00edchut\u00ed (4 v 1)<\/th>\n<\/tr>\n<\/thead>\n<tbody>\n<tr>\n<td>1<\/td>\n<td><strong>Tropick\u00e9 ovoce<\/strong> \/ <strong>Broskvov\u00fd led<\/strong> \/ <strong>Ku\u017eelky<\/strong> \/ <strong>Jahodov\u00fd meloun<\/strong><\/td>\n<\/tr>\n<tr>\n<td>2<\/td>\n<td><strong>Mango Broskev<\/strong> \/ <strong>Hroznov\u00fd led<\/strong> \/ <strong>Sm\u00ed\u0161en\u00e9 bobule<\/strong> \/ <strong>Bor\u016fvkov\u00fd Red Bull<\/strong><\/td>\n<\/tr>\n<tr>\n<td>3<\/td>\n<td><strong>Melounov\u00fd led<\/strong> \/ <strong>Aloe Apple<\/strong> \/ <strong>Malinov\u00fd citron<\/strong> \/ <strong>Broskvov\u00fd meloun Mango<\/strong><\/td>\n<\/tr>\n<tr>\n<td>4<\/td>\n<td><strong>Trojit\u00e9 mango<\/strong> \/ <strong>Bor\u016fvkov\u00fd led<\/strong> \/ <strong>Ananasov\u00fd led s \u010dern\u00fdm ryb\u00edzem<\/strong> \/ <strong>Broskvov\u00fd hru\u0161kov\u00fd led<\/strong><\/td>\n<\/tr>\n<tr>\n<td>5<\/td>\n<td><strong>Bor\u016fvkov\u00fd meloun<\/strong> \/ <strong>T\u0159e\u0161\u0148ov\u00fd led<\/strong> \/ <strong>Kiwi Passionfruit Guava<\/strong> \/ <strong>Ledov\u00fd \u010cern\u00fd Drak<\/strong><\/td>\n<\/tr>\n<tr>\n<td>6<\/td>\n<td><strong>Ban\u00e1nov\u00fd led<\/strong> \/ <strong>Melounov\u00e1 \u017ev\u00fdka\u010dka<\/strong> \/ <strong>Bor\u016fvka Hroznov\u00e9 v\u00edno<\/strong> \/ <strong>Aloe Mango Meloun<\/strong><\/td>\n<\/tr>\n<tr>\n<td>7<\/td>\n<td><strong>Cappuccino<\/strong> \/ <strong>Ananasov\u00fd led<\/strong> \/ <strong>Bor\u016fvka brusinka t\u0159e\u0161e\u0148<\/strong> \/ <strong>Melounov\u00e9 dra\u010d\u00ed ovoce<\/strong><\/td>\n<\/tr>\n<tr>\n<td>8<\/td>\n<td><strong>Jahodov\u00e9 kiwi<\/strong> \/ <strong>Jablko Hroznov\u00e9 v\u00edno<\/strong> \/ <strong>Trojit\u00fd meloun<\/strong> \/ <strong>Citron Limetka<\/strong><\/td>\n<\/tr>\n<tr>\n<td>9<\/td>\n<td><strong>\u010cern\u00fd ryb\u00edz<\/strong> \/ <strong>L\u00e1ska 66<\/strong> \/ <strong>Bor\u016fvka Ostru\u017eina Jahoda<\/strong> \/ <strong>Jahodov\u00e9 mango<\/strong><\/td>\n<\/tr>\n<tr>\n<td>10<\/td>\n<td><strong>Ananasov\u00fd kokos<\/strong> \/ <strong>Jahodov\u00e1 zmrzlina<\/strong> \/ <strong>Bor\u016fvkov\u00e1 m\u00e1ta<\/strong> \/ <strong>Zelen\u00e9 jablko Kiwi<\/strong><\/td>\n<\/tr>\n<tr>\n<td>11<\/td>\n<td><strong>Ananasov\u00e1 broskvov\u00e1 zmrzlina s mu\u010denkou<\/strong> \/ <strong>Jable\u010dn\u00fd led<\/strong> \/ <strong>Bor\u016fvkov\u00e1 broskev<\/strong> \/ <strong>Hroznov\u00e9 v\u00edno<\/strong><\/td>\n<\/tr>\n<tr>\n<td>12<\/td>\n<td><strong>Malinov\u00fd meloun<\/strong> \/ <strong>Jahodov\u00e1 zmrzlina<\/strong> \/ <strong>Broskvov\u00e1 limon\u00e1da<\/strong> \/ <strong>Gumov\u00fd medv\u00eddek<\/strong><\/td>\n<\/tr>\n<\/tbody>\n<\/table>\n<p>\ud83c\udf00 Od ovocn\u00fdch a ledov\u00fdch p\u0159\u00edchut\u00ed a\u017e po cukrovinky a k\u00e1vu - pro ka\u017edou chu\u0165 se najde vhodn\u00e1 kombinace.<\/p>\n<h2>Jak zm\u011bnit p\u0159\u00edchu\u0165 \ud83d\udd04<\/h2>\n<p>Ka\u017ed\u00fd QQ BANG 180000 m\u00e1 <strong>4 odd\u011blen\u00e9 chu\u0165ov\u00e9 p\u0159ihr\u00e1dky<\/strong>. Jednodu\u0161e je st\u0159\u00eddejte nebo mezi nimi p\u0159ep\u00ednejte, abyste si vychutnali jinou p\u0159\u00edchu\u0165. \u017d\u00e1dn\u00e1 tla\u010d\u00edtka, \u017e\u00e1dn\u00e9 pot\u00ed\u017ee - sta\u010d\u00ed oto\u010dit a vapovat.<\/p>\n<h2>Vyrobeno pro maloobchodn\u00ed a velkoobchodn\u00ed \u00fasp\u011bch \ud83c\udfea\ud83d\udce6<\/h2>\n<p>The <strong>QQ BANG 180000<\/strong> se skv\u011ble hod\u00ed pro <strong>n\u00e1ro\u010dn\u00ed u\u017eivatel\u00e9<\/strong> kte\u0159\u00ed cht\u011bj\u00ed mimo\u0159\u00e1dn\u011b dlouhou \u017eivotnost, <strong>milovn\u00edci chut\u00ed<\/strong> kte\u0159\u00ed r\u00e1di m\u011bn\u00ed chut\u011b a <strong>vape obchody<\/strong> kte\u0159\u00ed cht\u011bj\u00ed poutav\u00fd v\u00fdrobek se z\u00e1bavn\u00fdm designem opice. Pro <strong>distributo\u0159i a velkoobchodn\u00edci<\/strong>, d\u00edky jedine\u010dn\u00e9mu vzhledu a funkci 4 v 1 se snadno prod\u00e1v\u00e1 - z\u00e1kazn\u00edci si ji zapamatuj\u00ed a vracej\u00ed se pro dal\u0161\u00ed.<\/p>\n<h2>QQ BANG 180000 FAQ \u2753<\/h2>\n<h3>Kolik \u0161luk\u016f poskytuje QQ BANG 180000?<\/h3>\n<p>A\u017e do <strong>180000 obl\u00e1\u010dk\u016f<\/strong>, a to d\u00edky velk\u00e9 kapacit\u011b 60 ml e-liquidu rozd\u011blen\u00e9 do 4 p\u0159ihr\u00e1dek.<\/p>\n<h3>Jak funguje syst\u00e9m p\u0159\u00edchut\u00ed 4 v 1?<\/h3>\n<p>Ka\u017ed\u00e9 za\u0159\u00edzen\u00ed m\u00e1 <strong>4 odd\u011blen\u00e9 chu\u0165ov\u00e9 p\u0159ihr\u00e1dky<\/strong> (po 15 ml). M\u016f\u017eete je st\u0159\u00eddat nebo mezi nimi p\u0159ep\u00ednat a kdykoli si vychutnat jinou p\u0159\u00edchu\u0165. \ud83d\udd04<\/p>\n<h3>Je toto za\u0159\u00edzen\u00ed dob\u00edjec\u00ed?<\/h3>\n<p>Ano, m\u00e1 <strong>650 mAh<\/strong> baterie s <strong>Rychl\u00e9 nab\u00edjen\u00ed p\u0159es USB typu C<\/strong>. \u26a1<\/p>\n<h3>Jak\u00e1 je s\u00edla nikotinu?<\/h3>\n<p>Dod\u00e1v\u00e1 se v <strong>2%<\/strong> a <strong>5%<\/strong> nikotinu, v z\u00e1vislosti na va\u0161ich pot\u0159eb\u00e1ch na trhu.<\/p>\n<h3>Kolik e-liquidu je uvnit\u0159?<\/h3>\n<p>Celkem <strong>60 ml<\/strong> e-liquid, rozd\u011blen\u00fd do 4 komor po 15 ml.<\/p>\n<h3>Je to dobr\u00e9 pro vape obchody a velkoobchodn\u00ed objedn\u00e1vky?<\/h3>\n<p>Rozhodn\u011b. Z\u00e1bavn\u00fd opi\u010d\u00ed design, funkce 4 v 1 a mimo\u0159\u00e1dn\u011b vysok\u00fd po\u010det puf\u016f z n\u011bj d\u011blaj\u00ed v\u00fdjime\u010dn\u00fd produkt. <strong>maloobchodn\u00ed reg\u00e1ly<\/strong> a <strong>hromadn\u00e1 distribuce<\/strong>. \ud83d\udce6<\/p>\n<h3>Jak\u00e1 je hmotnost za\u0159\u00edzen\u00ed?<\/h3>\n<p>Ka\u017ed\u00fd kus v\u00e1\u017e\u00ed <strong>159g<\/strong>. Balen\u00ed je 10 ks v krabici, 100 ks v kartonu (17 kg).<\/p>\n<p><img data-recalc-dims=\"1\" loading=\"lazy\" decoding=\"async\" class=\"alignnone size-full wp-image-117913\" src=\"https:\/\/i0.wp.com\/aiviouvapes.com\/wp-content\/uploads\/2026\/03\/QQ-BANG-180000-60ml-180k-puff-3.jpg?resize=800%2C470&#038;ssl=1\" alt=\"QQ BANG 180000 60ml 180k puff 14\" width=\"800\" height=\"470\" title=\"\" srcset=\"https:\/\/i0.wp.com\/aiviouvapes.com\/wp-content\/uploads\/2026\/03\/QQ-BANG-180000-60ml-180k-puff-3.jpg?w=800&amp;ssl=1 800w, https:\/\/i0.wp.com\/aiviouvapes.com\/wp-content\/uploads\/2026\/03\/QQ-BANG-180000-60ml-180k-puff-3.jpg?resize=300%2C176&amp;ssl=1 300w, https:\/\/i0.wp.com\/aiviouvapes.com\/wp-content\/uploads\/2026\/03\/QQ-BANG-180000-60ml-180k-puff-3.jpg?resize=768%2C451&amp;ssl=1 768w, https:\/\/i0.wp.com\/aiviouvapes.com\/wp-content\/uploads\/2026\/03\/QQ-BANG-180000-60ml-180k-puff-3.jpg?resize=18%2C12&amp;ssl=1 18w\" sizes=\"auto, (max-width: 800px) 100vw, 800px\" \/> <img data-recalc-dims=\"1\" loading=\"lazy\" decoding=\"async\" class=\"alignnone size-full wp-image-117912\" src=\"https:\/\/i0.wp.com\/aiviouvapes.com\/wp-content\/uploads\/2026\/03\/QQ-BANG-180000-60ml-180k-puff-2.jpg?resize=800%2C470&#038;ssl=1\" alt=\"QQ BANG 180000 60ml 180k puff 14\" width=\"800\" height=\"470\" title=\"\" srcset=\"https:\/\/i0.wp.com\/aiviouvapes.com\/wp-content\/uploads\/2026\/03\/QQ-BANG-180000-60ml-180k-puff-2.jpg?w=800&amp;ssl=1 800w, https:\/\/i0.wp.com\/aiviouvapes.com\/wp-content\/uploads\/2026\/03\/QQ-BANG-180000-60ml-180k-puff-2.jpg?resize=300%2C176&amp;ssl=1 300w, https:\/\/i0.wp.com\/aiviouvapes.com\/wp-content\/uploads\/2026\/03\/QQ-BANG-180000-60ml-180k-puff-2.jpg?resize=768%2C451&amp;ssl=1 768w, https:\/\/i0.wp.com\/aiviouvapes.com\/wp-content\/uploads\/2026\/03\/QQ-BANG-180000-60ml-180k-puff-2.jpg?resize=18%2C12&amp;ssl=1 18w\" sizes=\"auto, (max-width: 800px) 100vw, 800px\" \/> <img data-recalc-dims=\"1\" loading=\"lazy\" decoding=\"async\" class=\"alignnone size-full wp-image-117911\" src=\"https:\/\/i0.wp.com\/aiviouvapes.com\/wp-content\/uploads\/2026\/03\/QQ-BANG-180000-60ml-180k-puff-1.jpg?resize=800%2C470&#038;ssl=1\" alt=\"QQ BANG 180000 60ml 180k puff 14\" width=\"800\" height=\"470\" title=\"\" srcset=\"https:\/\/i0.wp.com\/aiviouvapes.com\/wp-content\/uploads\/2026\/03\/QQ-BANG-180000-60ml-180k-puff-1.jpg?w=800&amp;ssl=1 800w, https:\/\/i0.wp.com\/aiviouvapes.com\/wp-content\/uploads\/2026\/03\/QQ-BANG-180000-60ml-180k-puff-1.jpg?resize=300%2C176&amp;ssl=1 300w, https:\/\/i0.wp.com\/aiviouvapes.com\/wp-content\/uploads\/2026\/03\/QQ-BANG-180000-60ml-180k-puff-1.jpg?resize=768%2C451&amp;ssl=1 768w, https:\/\/i0.wp.com\/aiviouvapes.com\/wp-content\/uploads\/2026\/03\/QQ-BANG-180000-60ml-180k-puff-1.jpg?resize=18%2C12&amp;ssl=1 18w\" sizes=\"auto, (max-width: 800px) 100vw, 800px\" \/><\/p>","protected":false},"excerpt":{"rendered":"<p>QQ BANG 180000 Jednor\u00e1zov\u00fd vape 4 v 1 se z\u00e1bavn\u00fdm designem opice, s\u00ed\u0165ovou spir\u00e1lkou x4, dob\u00edjen\u00edm Type-C a 12 kombinacemi p\u0159\u00edchut\u00ed. Obrovsk\u00fd objem 60 ml e-liquidu + 180000 potah\u016f - ide\u00e1ln\u00ed pro maloobchodn\u00ed a velkoobchodn\u00ed odb\u011bratele. \u2728<\/p>\n<h3>\ud83d\udc49Tento produkt je skladem v na\u0161em skladu v EU!<\/h3>\n<h4>\ud83c\udf89Zkr\u00e1\u0165te \u010dek\u00e1n\u00ed: <strong>5-7denn\u00ed dod\u00e1n\u00ed z na\u0161\u00ed evropsk\u00e9 pobo\u010dky<\/strong> sklad (pro v\u00fdchoz\u00ed <strong>S\u00edla nikotinu 2%<\/strong> pouze verze).<\/h4>\n<p><span style=\"font-size: 75%;\"><em>\ud83d\udd39 V\u011bt\u0161ina objedn\u00e1vek se odes\u00edl\u00e1 z na\u0161eho evropsk\u00e9ho skladu, pokud je k dispozici. P\u0159\u00edle\u017eitostn\u011b, pokud nen\u00ed skladem, zas\u00edl\u00e1me m\u00edsto toho z \u010c\u00edny.<\/em><\/span><\/p>","protected":false},"featured_media":117923,"comment_status":"open","ping_status":"closed","template":"","meta":[],"product_brand":[239],"product_cat":[336,37,320,90,280,76,133,136,137,138,139,141,143,132],"product_tag":[499,408,351,349,478,543,541,542],"class_list":{"0":"post-117910","1":"product","2":"type-product","3":"status-publish","4":"has-post-thumbnail","6":"product_brand-bang","7":"product_cat-100k-puffs-disposable-vape","8":"product_cat-bang","9":"product_cat-best-disposable-vapes","10":"product_cat-big-puffs-vapes","11":"product_cat-cheap-rechargeable-disposable-vapes","12":"product_cat-disposable-vape-types","13":"product_cat-disposable-vapes-in-europe","14":"product_cat-disposable-vapes-in-france","15":"product_cat-disposable-vapes-in-germany","16":"product_cat-disposable-vapes-in-ltaly","17":"product_cat-disposable-vapes-in-netherlands","18":"product_cat-disposable-vapes-in-poland","19":"product_cat-disposable-vapes-in-spain","20":"product_cat-rechargeable-vapes","21":"product_tag-180000-puffs-vape","22":"product_tag-4-in-1-disposable-vape","23":"product_tag-4-in-1-flavor-vape","24":"product_tag-bulk-disposable-vape","25":"product_tag-high-puff-disposable-vape","26":"product_tag-monkey-design-vape","27":"product_tag-qq-bang","28":"product_tag-qq-bang-180000","30":"first","31":"instock","32":"shipping-taxable","33":"purchasable","34":"product-type-variable","35":"has-default-attributes"},"jetpack_sharing_enabled":true,"tiered_pricing_type":"fixed","tiered_pricing_fixed_rules":{"30":9.3800000000000007815970093361102044582366943359375,"50":7.79000000000000003552713678800500929355621337890625,"100":7.2599999999999997868371792719699442386627197265625,"200":6.5999999999999996447286321199499070644378662109375,"400":5.9900000000000002131628207280300557613372802734375},"tiered_pricing_product_settings":{"layout":"default","base_unit_name":{"singular":null,"plural":null},"default_variation":null},"tiered_pricing_minimum_quantity":10,"tiered_pricing_roles_data":[],"tiered_pricing_percentage_rules":[],"tiered_pricing_maximum_quantity":null,"tiered_pricing_quantity_step":"10","_links":{"self":[{"href":"https:\/\/aiviouvapes.com\/cs\/wp-json\/wp\/v2\/product\/117910","targetHints":{"allow":["GET"]}}],"collection":[{"href":"https:\/\/aiviouvapes.com\/cs\/wp-json\/wp\/v2\/product"}],"about":[{"href":"https:\/\/aiviouvapes.com\/cs\/wp-json\/wp\/v2\/types\/product"}],"replies":[{"embeddable":true,"href":"https:\/\/aiviouvapes.com\/cs\/wp-json\/wp\/v2\/comments?post=117910"}],"wp:featuredmedia":[{"embeddable":true,"href":"https:\/\/aiviouvapes.com\/cs\/wp-json\/wp\/v2\/media\/117923"}],"wp:attachment":[{"href":"https:\/\/aiviouvapes.com\/cs\/wp-json\/wp\/v2\/media?parent=117910"}],"wp:term":[{"taxonomy":"product_brand","embeddable":true,"href":"https:\/\/aiviouvapes.com\/cs\/wp-json\/wp\/v2\/product_brand?post=117910"},{"taxonomy":"product_cat","embeddable":true,"href":"https:\/\/aiviouvapes.com\/cs\/wp-json\/wp\/v2\/product_cat?post=117910"},{"taxonomy":"product_tag","embeddable":true,"href":"https:\/\/aiviouvapes.com\/cs\/wp-json\/wp\/v2\/product_tag?post=117910"}],"curies":[{"name":"wp","href":"https:\/\/api.w.org\/{rel}","templated":true}]}}