{"id":117908,"date":"2026-03-26T18:57:59","date_gmt":"2026-03-26T10:57:59","guid":{"rendered":"https:\/\/aiviouvapes.com\/?post_type=product&#038;p=117908"},"modified":"2026-04-17T10:32:59","modified_gmt":"2026-04-17T02:32:59","slug":"bang-legend-geek-300k","status":"publish","type":"product","link":"https:\/\/aiviouvapes.com\/cs\/product\/bang-legend-geek-300k\/","title":{"rendered":"Bang Legend Geek 300K | P\u0159ep\u00edna\u010d p\u0159\u00edchut\u00ed 8 v 1, 300000 \u0161luk\u016f, dob\u00edjec\u00ed, jednor\u00e1zov\u00fd vaping"},"content":{"rendered":"<h2>Seznamte se s Bang Legend Geek 300K \u26a1<\/h2>\n<p>Jste p\u0159ipraveni na dal\u0161\u00ed \u00farove\u0148 jednor\u00e1zov\u00e9ho vapingu? Na <strong>Bang Legend Geek 300K<\/strong> je balen\u00ed pro zv\u00ed\u0159ata <strong>a\u017e 300000 vdech\u016f<\/strong> a inovativn\u00ed <strong>Syst\u00e9m p\u0159ep\u00edn\u00e1n\u00ed p\u0159\u00edchut\u00ed 8 v 1<\/strong> do jednoho futuristick\u00e9ho za\u0159\u00edzen\u00ed. D\u00edky odv\u00e1\u017en\u00e9mu designu inspirovan\u00e9mu geekovsk\u00fdm stylem, v\u00fdkonn\u00e9 mesh spir\u00e1lce a dob\u00edjec\u00ed baterii typu C je ur\u010den pro vapery, kte\u0159\u00ed cht\u011bj\u00ed maxim\u00e1ln\u00ed v\u00fdkon a rozmanitost. Pro obchody a velkoobchody se jedn\u00e1 o velmi \u017e\u00e1dan\u00fd SKU v kategorii mega-puff\u016f.<\/p>\n<h2>Pro\u010d si vybrat Bang Legend Geek 300K? \u2705<\/h2>\n<ul>\n<li><strong>P\u0159ep\u00edna\u010d p\u0159\u00edchut\u00ed 8 v 1<\/strong>-osm chu\u0165ov\u00fdch re\u017eim\u016f v jednom za\u0159\u00edzen\u00ed pro maxim\u00e1ln\u00ed rozmanitost \ud83d\ude0b<\/li>\n<li><strong>A\u017e 300 000 vdech\u016f<\/strong> pro mimo\u0159\u00e1dn\u011b dlouh\u00e9 pou\u017e\u00edv\u00e1n\u00ed a m\u00e9n\u011b v\u00fdm\u011bn za\u0159\u00edzen\u00ed \ud83d\udd25<\/li>\n<li><strong>Technologie s\u00ed\u0165ov\u00e9 c\u00edvky<\/strong> pro v\u00fdraznou, jemnou chu\u0165 a hustou p\u00e1ru \u2601\ufe0f<\/li>\n<li><strong>Dob\u00edjec\u00ed baterie typu C<\/strong> pro pohodln\u00e9 ka\u017edodenn\u00ed pou\u017eit\u00ed \u26a1<\/li>\n<li><strong>Futuristick\u00fd design v geekovsk\u00e9m stylu<\/strong>-odv\u00e1\u017en\u00fd vzhled inspirovan\u00fd technologiemi, kter\u00fd vynikne \ud83c\udfae<\/li>\n<li><strong>Inteligentn\u00ed syst\u00e9m proud\u011bn\u00ed vzduchu<\/strong> pro v\u017edy hladk\u00e9 a uspokojiv\u00e9 ta\u017een\u00ed<\/li>\n<li><strong>Aktivace kreslen\u00edm<\/strong>-\u017e\u00e1dn\u00e1 tla\u010d\u00edtka, jen se nadechn\u011bte a vychutnejte si to<\/li>\n<li><strong>Skv\u011bl\u00e9 pro obchody a velkoobchod<\/strong>-mega po\u010det puf\u016f + funkce 8 v 1 = rychl\u00fd prodej \ud83d\udce6<\/li>\n<\/ul>\n<h2>Bang Legend Geek 300K Specifikace \ud83d\udccc<\/h2>\n<table>\n<tbody>\n<tr>\n<td><strong>N\u00e1zev produktu<\/strong><\/td>\n<td>Bang Legend Geek 300K Jednor\u00e1zov\u00e9 vape<\/td>\n<\/tr>\n<tr>\n<td><strong>Max Puffs<\/strong><\/td>\n<td>A\u017e 300 000 vdech\u016f<\/td>\n<\/tr>\n<tr>\n<td><strong>Syst\u00e9m p\u0159\u00edchut\u00ed<\/strong><\/td>\n<td>Chu\u0165ov\u00e1 komora 8 v 1<\/td>\n<\/tr>\n<tr>\n<td><strong>C\u00edvka<\/strong><\/td>\n<td>S\u00ed\u0165ov\u00e1 c\u00edvka<\/td>\n<\/tr>\n<tr>\n<td><strong>S\u00edla nikotinu<\/strong><\/td>\n<td>0% \/ 2% \/ 3% \/ 5%<\/td>\n<\/tr>\n<tr>\n<td><strong>Baterie<\/strong><\/td>\n<td>Dob\u00edjec\u00ed<\/td>\n<\/tr>\n<tr>\n<td><strong>Nab\u00edjen\u00ed<\/strong><\/td>\n<td>USB Type-C<\/td>\n<\/tr>\n<tr>\n<td><strong>Design<\/strong><\/td>\n<td>Futuristick\u00fd geekovsk\u00fd styl<\/td>\n<\/tr>\n<tr>\n<td><strong>Aktivace<\/strong><\/td>\n<td>Aktivace kreslen\u00ed (bez tla\u010d\u00edtek)<\/td>\n<\/tr>\n<\/tbody>\n<\/table>\n<h2>Kombinace p\u0159\u00edchut\u00ed 8 v 1 (13 mo\u017enost\u00ed) \ud83c\udf53\ud83c\udf49\ud83e\uddca<\/h2>\n<p>Ka\u017ed\u00fd Bang Legend Geek 300K je vybaven inovativn\u00edm <strong>Syst\u00e9m p\u0159ep\u00edn\u00e1n\u00ed p\u0159\u00edchut\u00ed 8 v 1<\/strong>. Ka\u017ed\u00e9 za\u0159\u00edzen\u00ed obsahuje \u010dty\u0159i z\u00e1kladn\u00ed p\u0159\u00edchut\u011b a \u010dty\u0159i automatick\u00e9 kombinace (1+2, 2+3, 3+4, 4+1), tak\u017ee v jednom vapu m\u016f\u017eete m\u00edt jak \u010dist\u00e9 p\u0159\u00edchut\u011b, tak sm\u00ed\u0161en\u00e9 chut\u011b.<\/p>\n<table>\n<thead>\n<tr>\n<th>Ne.<\/th>\n<th>Kombinace p\u0159\u00edchut\u00ed (4 z\u00e1kladn\u00ed p\u0159\u00edchut\u011b)<\/th>\n<\/tr>\n<\/thead>\n<tbody>\n<tr>\n<td>1<\/td>\n<td><strong>Mamba<\/strong> \/ <strong>Broskvov\u00fd meloun Mango<\/strong> \/ <strong>Energetick\u00fd n\u00e1poj<\/strong> \/ <strong>Hroznov\u00fd led<\/strong><\/td>\n<\/tr>\n<tr>\n<td>2<\/td>\n<td><strong>Ovocn\u00e1 mu\u010denka Mango<\/strong> \/ <strong>Broskvov\u00fd ananas<\/strong> \/ <strong>Bor\u016fvka malina<\/strong> \/ <strong>Melounov\u00fd led<\/strong><\/td>\n<\/tr>\n<tr>\n<td>3<\/td>\n<td><strong>Citr\u00f3n Kysel\u00fd pomeran\u010d<\/strong> \/ <strong>Mango Broskev<\/strong> \/ <strong>Melounov\u00fd led<\/strong> \/ <strong>Berry Ice<\/strong><\/td>\n<\/tr>\n<tr>\n<td>4<\/td>\n<td><strong>Jablko hru\u0161ka<\/strong> \/ <strong>Jahodov\u00e9 mango<\/strong> \/ <strong>Jahodov\u00fd meloun<\/strong> \/ <strong>Bor\u016fvkov\u00fd led<\/strong><\/td>\n<\/tr>\n<tr>\n<td>5<\/td>\n<td><strong>Vodn\u00ed meloun Berry<\/strong> \/ <strong>Mango Broskev Meru\u0148ka<\/strong> \/ <strong>Jahodov\u00e9 kiwi<\/strong> \/ <strong>Broskvov\u00fd meloun Mango<\/strong><\/td>\n<\/tr>\n<tr>\n<td>6<\/td>\n<td><strong>Letn\u00ed \u010das<\/strong> \/ <strong>Mango Ice<\/strong> \/ <strong>L\u00e1ska 66<\/strong> \/ <strong>Kysel\u00e9 mango ananas<\/strong><\/td>\n<\/tr>\n<tr>\n<td>7<\/td>\n<td><strong>Kiwi Mu\u010denka Ovoce Guava<\/strong> \/ <strong>Hroznov\u00fd led<\/strong> \/ <strong>V\u00e1\u0161niv\u00fd polibek<\/strong> \/ <strong>Vodn\u00ed meloun s kyselou broskv\u00ed<\/strong><\/td>\n<\/tr>\n<tr>\n<td>8<\/td>\n<td><strong>Melounov\u00e9 dra\u010d\u00ed ovoce<\/strong> \/ <strong>Jablko hru\u0161ka<\/strong> \/ <strong>Mu\u010denka Kiwi Lime<\/strong> \/ <strong>Bor\u016fvkov\u00e1 broskev<\/strong><\/td>\n<\/tr>\n<tr>\n<td>9<\/td>\n<td><strong>Jahodov\u00fd ban\u00e1n<\/strong> \/ <strong>Vodn\u00ed meloun Berry<\/strong> \/ <strong>Bor\u016fvkov\u00fd led<\/strong> \/ <strong>Fuji Ice<\/strong><\/td>\n<\/tr>\n<tr>\n<td>10<\/td>\n<td><strong>Gumov\u00fd medv\u00eddek<\/strong> \/ <strong>Sm\u00ed\u0161en\u00e9 bobule<\/strong> \/ <strong>Jahodov\u00fd meloun<\/strong> \/ <strong>Lime Romance<\/strong><\/td>\n<\/tr>\n<tr>\n<td>11<\/td>\n<td><strong>Melounov\u00e1 \u017ev\u00fdka\u010dka<\/strong> \/ <strong>Bor\u016fvkov\u00fd broskvov\u00fd led<\/strong> \/ <strong>Cantaloupe Apple<\/strong> \/ <strong>Jahodov\u00fd ban\u00e1n<\/strong><\/td>\n<\/tr>\n<tr>\n<td>12<\/td>\n<td><strong>Vodn\u00ed meloun s kyselou broskv\u00ed<\/strong> \/ <strong>Bor\u016fvkov\u00fd led<\/strong> \/ <strong>Kalifornsk\u00e1 t\u0159e\u0161e\u0148<\/strong> \/ <strong>Jahodov\u00e9 mango<\/strong><\/td>\n<\/tr>\n<\/tbody>\n<\/table>\n<p>\ud83c\udf00 Od ovocn\u00fdch a ledov\u00fdch po cukrovinky a energetick\u00e9 n\u00e1poje - pro ka\u017edou chu\u0165 se najde kombinace.<\/p>\n<h2>Jak funguje syst\u00e9m p\u0159\u00edchut\u00ed 8 v 1 \ud83d\udd04<\/h2>\n<p>Bang Legend Geek 300K pou\u017e\u00edv\u00e1 <strong>Chu\u0165ov\u00e1 komora 8 v 1<\/strong> se 4 j\u00e1dry na za\u0159\u00edzen\u00ed. Krom\u011b 4 \u010dist\u00fdch p\u0159\u00edchut\u00ed p\u0159\u00edstroj automaticky vytv\u00e1\u0159\u00ed 4 sm\u00ed\u0161en\u00e9 kombinace (1+2, 2+3, 3+4, 4+1), kter\u00e9 v\u00e1m poskytnou <strong>8 jedine\u010dn\u00fdch chu\u0165ov\u00fdch z\u00e1\u017eitk\u016f<\/strong> z jednoho za\u0159\u00edzen\u00ed. Jednoduch\u00e9, z\u00e1bavn\u00e9 a ide\u00e1ln\u00ed pro vapery, kte\u0159\u00ed se snadno nud\u00ed.<\/p>\n<h2>Vyrobeno pro maloobchodn\u00ed a velkoobchodn\u00ed \u00fasp\u011bch \ud83c\udfea\ud83d\udce6<\/h2>\n<p>The <strong>Bang Legend Geek 300K<\/strong> je ide\u00e1ln\u00ed pro <strong>n\u00e1ro\u010dn\u00ed u\u017eivatel\u00e9<\/strong> kte\u0159\u00ed cht\u011bj\u00ed dos\u00e1hnout maxim\u00e1ln\u00edho v\u00fdkonu, <strong>lovci chut\u00ed<\/strong> kte\u0159\u00ed r\u00e1di st\u0159\u00eddaj\u00ed chut\u011b, a <strong>vape obchody<\/strong> kte\u0159\u00ed cht\u011bj\u00ed pr\u00e9miov\u00fd produkt s odv\u00e1\u017en\u00fdm futuristick\u00fdm vzhledem. Pro <strong>distributo\u0159i a velkoobchodn\u00edci<\/strong>, po\u010det 300 000 puf\u016f a funkce 8 v 1 z n\u011bj d\u011blaj\u00ed l\u00eddra v kategorii - vysok\u00e1 popt\u00e1vka, velk\u00e9 mar\u017ee a siln\u00e9 opakovan\u00e9 n\u00e1kupy.<\/p>\n<h2>Bang Legend Geek 300K FAQ \u2753<\/h2>\n<h3>Kolik puf\u016f nab\u00edz\u00ed Bang Legend Geek 300K?<\/h3>\n<p>A\u017e do <strong>300000 obl\u00e1\u010dk\u016f<\/strong>, co\u017e z n\u011bj \u010din\u00ed jeden z nejkapacitn\u011bj\u0161\u00edch jednor\u00e1zov\u00fdch vap\u016f.<\/p>\n<h3>Jak funguje syst\u00e9m p\u0159\u00edchut\u00ed 8 v 1?<\/h3>\n<p>Ka\u017ed\u00e9 za\u0159\u00edzen\u00ed m\u00e1 <strong>4 z\u00e1kladn\u00ed p\u0159\u00edchut\u011b<\/strong>. Syst\u00e9m tak\u00e9 vytv\u00e1\u0159\u00ed 4 automatick\u00e9 sm\u00ed\u0161en\u00e9 kombinace (1+2, 2+3, 3+4, 4+1), kter\u00e9 celkem tvo\u0159\u00ed <strong>8 jedine\u010dn\u00fdch re\u017eim\u016f chuti<\/strong>. \ud83d\udd04<\/p>\n<h3>Je toto za\u0159\u00edzen\u00ed dob\u00edjec\u00ed?<\/h3>\n<p>Ano, je vybaven dob\u00edjec\u00ed bateri\u00ed a <strong>USB Type-C<\/strong> nab\u00edjec\u00ed port. \u26a1<\/p>\n<h3>Jak\u00e1 je s\u00edla nikotinu?<\/h3>\n<p>Podporuje <strong>0%<\/strong>, <strong>2%<\/strong>, <strong>3%<\/strong>a <strong>5%<\/strong> nikotinov\u00e9 varianty pro r\u016fzn\u00e9 trhy.<\/p>\n<h3>Jak\u00fd typ c\u00edvky pou\u017e\u00edv\u00e1?<\/h3>\n<p>Pou\u017e\u00edv\u00e1 <strong>s\u00ed\u0165ov\u00e1 c\u00edvka<\/strong> pro hladk\u00e9 \u00fadery a bohatou chu\u0165. \u2601\ufe0f<\/p>\n<h3>Je to dobr\u00e9 pro vape obchody a velkoobchodn\u00ed objedn\u00e1vky?<\/h3>\n<p>Ano. Funkce 8 v 1, mega po\u010det obl\u00e1\u010dk\u016f a futuristick\u00fd design z n\u011bj d\u011blaj\u00ed silnou volbu. <strong>maloobchodn\u00ed reg\u00e1ly<\/strong> a <strong>hromadn\u00e1 distribuce<\/strong>. \ud83d\udce6<\/p>\n<h3>Kolik kombinac\u00ed chut\u00ed je k dispozici?<\/h3>\n<p>Existuj\u00ed <strong>13 kombinac\u00ed chut\u00ed<\/strong> z \u010deho vyb\u00edrat (12 pojmenovan\u00fdch kombinac\u00ed + 1 n\u00e1hodn\u00e1 sm\u00ed\u0161en\u00e1 varianta pro rychl\u00e9 dod\u00e1n\u00ed).<\/p>","protected":false},"excerpt":{"rendered":"<p>Bang Legend Geek 300K jednor\u00e1zov\u00fd vape 8 v 1 s 300 000 \u0161luky, s\u00ed\u0165ovou spir\u00e1lkou, dob\u00edjen\u00edm Type-C a 13 kombinacemi p\u0159\u00edchut\u00ed. Futuristick\u00fd design v geekovsk\u00e9m stylu s p\u0159ep\u00edn\u00e1n\u00edm v\u00edce p\u0159\u00edchut\u00ed - ide\u00e1ln\u00ed pro maloobchodn\u00ed a velkoobchodn\u00ed odb\u011bratele. \u2728<\/p>\n<h3>\ud83d\udc49Tento produkt je skladem v na\u0161em skladu v EU!<\/h3>\n<h4>\ud83c\udf89Zkr\u00e1\u0165te \u010dek\u00e1n\u00ed: <strong>5-7denn\u00ed dod\u00e1n\u00ed z na\u0161\u00ed evropsk\u00e9 pobo\u010dky<\/strong> sklad (pro v\u00fdchoz\u00ed <strong>S\u00edla nikotinu 2%<\/strong> pouze verze).<\/h4>\n<p><span style=\"font-size: 75%;\"><em>\ud83d\udd39 V\u011bt\u0161ina objedn\u00e1vek se odes\u00edl\u00e1 z na\u0161eho evropsk\u00e9ho skladu, pokud je k dispozici. P\u0159\u00edle\u017eitostn\u011b, pokud nen\u00ed skladem, zas\u00edl\u00e1me m\u00edsto toho z \u010c\u00edny.<\/em><\/span><\/p>","protected":false},"featured_media":117909,"comment_status":"open","ping_status":"closed","template":"","meta":[],"product_brand":[239],"product_cat":[37,336,320,90,280,76,133,136,137,138,139,141,143,132],"product_tag":[493,547,544,545,546,349,478],"class_list":{"0":"post-117908","1":"product","2":"type-product","3":"status-publish","4":"has-post-thumbnail","6":"product_brand-bang","7":"product_cat-bang","8":"product_cat-100k-puffs-disposable-vape","9":"product_cat-best-disposable-vapes","10":"product_cat-big-puffs-vapes","11":"product_cat-cheap-rechargeable-disposable-vapes","12":"product_cat-disposable-vape-types","13":"product_cat-disposable-vapes-in-europe","14":"product_cat-disposable-vapes-in-france","15":"product_cat-disposable-vapes-in-germany","16":"product_cat-disposable-vapes-in-ltaly","17":"product_cat-disposable-vapes-in-netherlands","18":"product_cat-disposable-vapes-in-poland","19":"product_cat-disposable-vapes-in-spain","20":"product_cat-rechargeable-vapes","21":"product_tag-300000-puffs-vape","22":"product_tag-300k-disposable-vape","23":"product_tag-8-in-1-flavor-vape","24":"product_tag-bang-legend-geek","25":"product_tag-bang-legend-geek-300k","26":"product_tag-bulk-disposable-vape","27":"product_tag-high-puff-disposable-vape","29":"first","30":"instock","31":"shipping-taxable","32":"purchasable","33":"product-type-variable","34":"has-default-attributes"},"jetpack_sharing_enabled":true,"tiered_pricing_type":"fixed","tiered_pricing_fixed_rules":{"30":9.9000000000000003552713678800500929355621337890625,"50":8.5800000000000000710542735760100185871124267578125,"100":7.79000000000000003552713678800500929355621337890625,"200":7.4000000000000003552713678800500929355621337890625,"400":6.8499999999999996447286321199499070644378662109375},"tiered_pricing_product_settings":{"layout":"default","base_unit_name":{"singular":null,"plural":null},"default_variation":null},"tiered_pricing_minimum_quantity":10,"tiered_pricing_roles_data":[],"tiered_pricing_percentage_rules":[],"tiered_pricing_maximum_quantity":null,"tiered_pricing_quantity_step":"10","_links":{"self":[{"href":"https:\/\/aiviouvapes.com\/cs\/wp-json\/wp\/v2\/product\/117908","targetHints":{"allow":["GET"]}}],"collection":[{"href":"https:\/\/aiviouvapes.com\/cs\/wp-json\/wp\/v2\/product"}],"about":[{"href":"https:\/\/aiviouvapes.com\/cs\/wp-json\/wp\/v2\/types\/product"}],"replies":[{"embeddable":true,"href":"https:\/\/aiviouvapes.com\/cs\/wp-json\/wp\/v2\/comments?post=117908"}],"wp:featuredmedia":[{"embeddable":true,"href":"https:\/\/aiviouvapes.com\/cs\/wp-json\/wp\/v2\/media\/117909"}],"wp:attachment":[{"href":"https:\/\/aiviouvapes.com\/cs\/wp-json\/wp\/v2\/media?parent=117908"}],"wp:term":[{"taxonomy":"product_brand","embeddable":true,"href":"https:\/\/aiviouvapes.com\/cs\/wp-json\/wp\/v2\/product_brand?post=117908"},{"taxonomy":"product_cat","embeddable":true,"href":"https:\/\/aiviouvapes.com\/cs\/wp-json\/wp\/v2\/product_cat?post=117908"},{"taxonomy":"product_tag","embeddable":true,"href":"https:\/\/aiviouvapes.com\/cs\/wp-json\/wp\/v2\/product_tag?post=117908"}],"curies":[{"name":"wp","href":"https:\/\/api.w.org\/{rel}","templated":true}]}}